{"id":14497,"date":"2025-12-19T01:59:23","date_gmt":"2025-12-19T00:59:23","guid":{"rendered":"https:\/\/www.leaplytics.de\/?page_id=14497"},"modified":"2025-12-19T01:59:23","modified_gmt":"2025-12-19T00:59:23","slug":"nacrtovanje-virov-nacrtovanje-ai","status":"publish","type":"page","link":"https:\/\/www.leaplytics.de\/sl\/nacrtovanje-virov-nacrtovanje-ai\/","title":{"rendered":"Na\u010drtovanje in razporejanje virov AI"},"content":{"rendered":"<h2>AI za na\u010drtovanje in razporejanje virov<\/h2>\n\n<p>Na\u010drtovanje je uganka. Ljudje. Oprema. Naloge. Roki. Spretnosti. Zmogljivost. Omejitve. Vsak del se mora prilegati.<\/p>\n<p>Sestavljanka se nenehno spreminja. Nekdo pokli\u010de bolni\u0161ko. Oprema se pokvari. Pride hitro naro\u010dilo. Stranka spremeni zahteve. Za\u010dne se znova.<\/p>\n<p>Va\u0161i na\u010drtovalci ur pre\u017eivijo ure in ure, da sestavijo urnike, ki delujejo. Potem pa jih \u0161e ve\u010d ur popravljajo, ko se realnost ne odzove.<\/p>\n<p>Nekatere ekipe so preobremenjene, druge pa imajo dovolj zmogljivosti. V enem oddelku se kopi\u010dijo nadure, medtem ko drugi miruje. Uporaba opreme je neenakomerna. Roki dobave se zamikajo.<\/p>\n<p>Umetna inteligenca lahko to optimizira. Ne popolnoma - nih\u010de ne obvladuje resni\u010dnosti popolnoma. Toda bolje kot ro\u010dno na\u010drtovanje. Hitrej\u0161e prilagoditve. Bolj\u0161a izkori\u0161\u010denost. Bolj realisti\u010dni na\u010drti.<\/p>\n\n\n<hr class=\"wp-block-separator has-alpha-channel-opacity\"\/>\n\n\n\n<h3 class=\"wp-block-heading\">Zakaj ro\u010dno na\u010drtovanje ne deluje na skali<\/h3>\n\n\n<p>Manj\u0161e operacije lahko na\u010drtujete ro\u010dno. Na\u010drtovalec pozna vse. Pozna opremo. pozna delo. Vse to ima v glavi ali v preglednici.<\/p>\n<p>Ko rastete, se to razbije:<\/p>\n<ul>\n<li>Preve\u010d spremenljivk za ro\u010dno sledenje<\/li>\n<li>Preve\u010d omejitev, ki jih je treba hkrati uravnote\u017eiti<\/li>\n<li>Kaskadne spremembe - popravljanje enega urnika povzro\u010di prekinitev drugega.<\/li>\n<li>Nimate \u010dasa za optimizacijo - preprosto dobite nekaj, kar deluje<\/li>\n<li>Gasilsko re\u0161evanje izjem, namesto da bi jih prepre\u010devali.<\/li>\n<\/ul>\n\n<p>Va\u0161i na\u010drtovalci so pametni in izku\u0161eni. Vendar delajo nemogo\u010do matematiko. Uravnote\u017eijo na stotine omejitev na desetinah virov.<\/p>\n<p>Rezultat? Urniki, ki \"delujejo\", vendar niso optimalni. Izkori\u0161\u010denost je ni\u017eja, kot bi lahko bila. Nadurno delo je ve\u010dje, kot je potrebno. Izvedba dobave je slab\u0161a, kot bi jo morale dovoljevati va\u0161e zmogljivosti.<\/p>\n<p>Ne zato, ker na\u010drtovalci ne bi bili dobri pri svojem delu. Ker je problem preve\u010d zapleten za ro\u010dno optimizacijo.<\/p>\n\n\n<hr class=\"wp-block-separator has-alpha-channel-opacity\"\/>\n\n\n\n<h3 class=\"wp-block-heading\">Kaj AI naredi za na\u010drtovanje in razporejanje virov<\/h3>\n\n\n<p>Umetna inteligenca poskrbi za matemati\u010dno optimizacijo. Hkrati upo\u0161teva vse omejitve. Re\u0161itve najde hitreje kot ljudje. Ko se stvari spremenijo, se prilagodi.<\/p>\n<p>Va\u0161i na\u010drtovalci zagotavljajo presojo. UI poskrbi za izra\u010dun.<\/p>\n\n\n<h4 class=\"wp-block-heading\">Optimizirano oblikovanje urnika<\/h4>\n\n\n<p>Umetna inteligenca sestavlja urnike, ki uravnote\u017eijo vse va\u0161e omejitve hkrati:<\/p>\n<ul>\n<li><strong>Povpra\u0161evanje:<\/strong> Katera dela je treba opraviti in kdaj<\/li>\n<li><strong>Zmogljivost:<\/strong> Kdo je na voljo, katera oprema je na voljo<\/li>\n<li><strong>Spretnosti:<\/strong> Kdo je usposobljen za katere naloge<\/li>\n<li><strong>Omejitve:<\/strong> vzorci izmen, zahteve po odmorih, omejitve opreme<\/li>\n<li><strong>Prednostne naloge:<\/strong> Hitra naro\u010dila, prednostne stranke, strate\u0161ki pomen<\/li>\n<li><strong>Stro\u0161ki:<\/strong> Redni delovni \u010das v primerjavi z nadurami, obraba opreme, stro\u0161ki namestitve<\/li>\n<\/ul>\n\n<p>Ne samo, da najde ustrezen urnik. Najde dober urnik - tak\u0161en, ki optimizira izkori\u0161\u010denost, zmanj\u0161uje stro\u0161ke in izpolnjuje roke.<\/p>\n<p>Na\u010drtovalec pregleda predlog umetne inteligence. Prilagodi ga za stvari, ki jih umetna inteligenca ne pozna (odnosi s strankami, dinamika ekipe, strate\u0161ke prednostne naloge). Vendar za\u010dne z optimiziranim izhodi\u0161\u010dem in ne s praznim listom.<\/p>\n<p>Ure dela so strnjene v minute.<\/p>\n\n\n<h4 class=\"wp-block-heading\">Inteligentno uravnote\u017eenje delovne obremenitve<\/h4>\n\n\n<p>Neuravnote\u017eene delovne obremenitve so drage. Ena ekipa dela nadure, medtem ko je druga v zati\u0161ju. En stroj deluje 24 ur na dan, 7 dni v tednu, medtem ko drugi miruje.<\/p>\n<p>Umetna inteligenca razdeli delo na podlagi:<\/p>\n<ul>\n<li>Trenutna delovna obremenitev po skupinah in posameznikih<\/li>\n<li>Zmogljivost in zmogljivost vsakega vira<\/li>\n<li>razlike v u\u010dinkovitosti (nekateri ljudje so pri dolo\u010denih nalogah hitrej\u0161i).<\/li>\n<li>Geografske ali lokacijske omejitve<\/li>\n<li>Cilji usposabljanja in razvoja (razporeditev raznolikega dela za u\u010denje)<\/li>\n<\/ul>\n\n<p>Rezultat? Bolj enakomerne delovne obremenitve. Manj nadur. Bolj\u0161a izkori\u0161\u010denost virov. Manj ozkih grl.<\/p>\n<p>Ljudje delajo s trajnostnim tempom, namesto da bi izmeni\u010dno delali v prazno.<\/p>\n\n\n<h4 class=\"wp-block-heading\">Prilagajanje urnika v realnem \u010dasu<\/h4>\n\n\n<p>Urniki ne pre\u017eivijo stika z resni\u010dnostjo. Nekdo je bolan. Oprema se pokvari. Pride hitro naro\u010dilo. Stranka odpove naro\u010dilo.<\/p>\n<p>Ro\u010dno spreminjanje urnika traja ve\u010d ur. Ko kon\u010date, se \u0161e kaj spremeni.<\/p>\n<p>Umetna inteligenca se prilagaja v realnem \u010dasu:<\/p>\n<ul>\n<li>Poro\u010danje o odsotnosti? Ponovno uravnote\u017eite delo v preostali ekipi.<\/li>\n<li>Oprema odpovedala? Naloge prenesite na druge stroje.<\/li>\n<li>Prispeva hitro naro\u010dilo? Vstavite ga in prilagodite vse drugo.<\/li>\n<li>Delo traja dolgo? Prilagoditve z valovanjem naprej.<\/li>\n<\/ul>\n\n<p>Na\u010drtovalec pregleda prilagoditve, ki jih je predlagala umetna inteligenca. Odobri ali spremeni glede na kontekst. Vendar ga ne obnovi od za\u010detka.<\/p>\n<p>Hitrej\u0161e odzivanje na motnje. Manj kaosa. Realnej\u0161e obljube strankam.<\/p>\n\n\n<h4 class=\"wp-block-heading\">Napovedovanje zmogljivosti<\/h4>\n\n\n<p>Ali boste imeli naslednji mesec dovolj zmogljivosti? V naslednjem \u010detrtletju? Ali morate zaposliti? Dodati opremo? Pove\u010dati \u0161tevilo izmen?<\/p>\n<p>Umetna inteligenca napoveduje potrebe po zmogljivosti na podlagi:<\/p>\n<ul>\n<li>Napoved povpra\u0161evanja (na podlagi prodaje ali preteklih vzorcev)<\/li>\n<li>Trenutne zmogljivosti (ljudje, oprema, \u010das)<\/li>\n<li>Znane omejitve (na\u010drtovano vzdr\u017eevanje, prazniki, usposabljanje)<\/li>\n<li>Zgodovinske stopnje produktivnosti<\/li>\n<li>Trendi rasti<\/li>\n<\/ul>\n\n<p>Prikazuje, kdaj boste dosegli omejitve zmogljivosti. Koliko vam bo zmanjkalo. Katere vrste virov potrebujete.<\/p>\n<p>Pove\u010danje zmogljivosti lahko na\u010drtujete, \u0161e preden obupate. Zaposlujte pred potrebami in ne v paniki. Na\u010drtujte vzdr\u017eevanje v obdobjih nizkega povpra\u0161evanja in ne takrat, ko morate zaradi tega izpustiti dobave.<\/p>\n<p>Odlo\u010ditve glede zmogljivosti temeljijo na podatkih in ne na ob\u010dutku.<\/p>\n\n\n<h4 class=\"wp-block-heading\">Ujemanje spretnosti<\/h4>\n\n\n<p>Vsakdo ne more opravljati vseh del. Certifikati so pomembni. Izku\u0161nje so pomembne. Pomembna je trenutna raven znanja in spretnosti.<\/p>\n<p>Sledi umetne inteligence:<\/p>\n<ul>\n<li>Kdo ima katere certifikate in kvalifikacije<\/li>\n<li>Kdo ima izku\u0161nje s katerimi izdelki ali postopki.<\/li>\n<li>Kdo se usposablja in kdo je popolnoma usposobljen<\/li>\n<li>Kdo je pri katerih nalogah uspe\u0161nej\u0161i.<\/li>\n<\/ul>\n\n<p>Pri razporejanju dela upo\u0161teva zahteve glede znanja in spretnosti. Usposobljene ljudi prilagaja nalogam. Ozna\u010di delovna mesta, ki zahtevajo pomanjkanje znanja in spretnosti.<\/p>\n<p>Pomaga tudi pri na\u010drtovanju usposabljanja. Poka\u017ee vrzeli v spretnostih. Predlaga, kdo bi se moral navzkri\u017eno usposabljati za kaj.<\/p>\n<p>Prava oseba na pravem delovnem mestu. Bolj\u0161a kakovost. Manj napak. Hitrej\u0161i zaklju\u010dek.<\/p>\n\n\n<h4 class=\"wp-block-heading\">Upravljanje omejitev<\/h4>\n\n\n<p>Vsaka operacija ima omejitve. Omejena oprema. Vzorci izmen. Zahteve po odmorih. Razpolo\u017eljivost materiala. \u010casovna okna strank.<\/p>\n<p>Umetna inteligenca upravlja vse omejitve hkrati:<\/p>\n<ul>\n<li>Zagotavlja, da nih\u010de ne prese\u017ee na\u010drtovanih zmogljivosti.<\/li>\n<li>Upo\u0161tevanje vzorcev izmen in zahtev po odmorih.<\/li>\n<li>Upo\u0161teva \u010das nastavitve med razli\u010dnimi delovnimi mesti.<\/li>\n<li>Upo\u0161teva razpolo\u017eljivost materiala (\u010de materiala ni, ne more na\u010drtovati).<\/li>\n<li>Upo\u0161teva okenca za dostavo strankam<\/li>\n<li>Uravnove\u0161anje nasprotujo\u010dih si prednostnih nalog (stro\u0161ki proti hitrosti proti kakovosti).<\/li>\n<\/ul>\n\n<p>Urniki, ki dejansko delujejo v realnosti, ne le na papirju.<\/p>\n\n\n<h4 class=\"wp-block-heading\">Analitika uspe\u0161nosti urnika<\/h4>\n\n\n<p>Kako natan\u010dni so va\u0161i urniki? Kje se zalomi? Kaj povzro\u010da zamude?<\/p>\n<p>Umetna inteligenca spremlja uspe\u0161nost urnika:<\/p>\n<ul>\n<li>Kako pogosto se naloge kon\u010dajo pravo\u010dasno in kako pogosto pred\u010dasno\/pozno.<\/li>\n<li>Katere vrste opravil se stalno izvajajo ve\u010d kot<\/li>\n<li>Kje nastajajo ozka grla<\/li>\n<li>Kolikokrat se zgodi prestavitev (znak slabega za\u010detnega na\u010drtovanja)<\/li>\n<li>Stopnje uporabe glede na vrsto vira<\/li>\n<\/ul>\n\n<p>Vidite, kje so ocene napa\u010dne. Kje so procesi po\u010dasnej\u0161i od na\u010drtovanih. Kje so zmogljivosti dejansko omejene.<\/p>\n<p>Nenehno izbolj\u0161evanje natan\u010dnosti na\u010drtovanja. Bolj\u0161e obljube. Zanesljivej\u0161a dobava.<\/p>\n\n\n<hr class=\"wp-block-separator has-alpha-channel-opacity\"\/>\n\n\n\n<h3 class=\"wp-block-heading\">Kaj to pomeni za vas<\/h3>\n\n\n\n<h4 class=\"wp-block-heading\">Za operativne direktorje in vodje operacij<\/h4>\n\n\n<p><strong>Ve\u010dja izkori\u0161\u010denost virov.<\/strong> Manj \u010dasa mirovanja. Manj neenakomernih delovnih obremenitev. Ve\u010d proizvodnje iz istih virov.<\/p>\n\n<p><strong>Ni\u017eji stro\u0161ki nadurnega dela.<\/strong> Bolj\u0161a porazdelitev delovne obremenitve pomeni manj\u0161o odvisnost od nadur, da bi se lahko dr\u017eali rokov.<\/p>\n\n<p><strong>Bolj\u0161a pravo\u010dasna dostava.<\/strong> urniki, ki upo\u0161tevajo vse omejitve in se prilagajajo spremembam. Manj zamujenih rokov.<\/p>\n\n<p><strong>Predvidljivo na\u010drtovanje zmogljivosti.<\/strong> Veste, kdaj boste potrebovali ve\u010d sredstev, preden jih zmanjka. Proaktivno na\u010drtujte zaposlovanje in nakupe opreme.<\/p>\n\n<p><strong>Skalabilno razporejanje.<\/strong> Obvladovanje rasti brez dodajanja na\u010drtovalcev. Matematika se raz\u0161iri, ro\u010dno razporejanje pa ne.<\/p>\n\n\n<h4 class=\"wp-block-heading\">Za operativne in proizvodne vodje<\/h4>\n\n\n<p><strong>Prenehajte porabljati ure in ure za pripravo urnikov.<\/strong> Umetna inteligenca opravi matemati\u010dno optimizacijo. Vi opravite presojo in kon\u010dne prilagoditve.<\/p>\n\n<p><strong>Hitro se prilagodite spremembam.<\/strong> Zgodijo se motnje. Prestavite urnik v nekaj minutah in ne urah.<\/p>\n\n<p><strong>Realisti\u010dne obljube strankam.<\/strong> Veste, kaj lahko dejansko zagotovite glede na dejanske zmogljivosti in omejitve.<\/p>\n\n<p><strong>Vidnost omejitev.<\/strong> Preverite, kje so va\u0161e zmogljivosti omejene. Sprejemajte premi\u0161ljene odlo\u010ditve o nalo\u017ebah.<\/p>\n\n<p><strong>pravi\u010dna porazdelitev delovne obremenitve.<\/strong> Ni\u010d ve\u010d, da bi bili nekateri ljudje udarjeni, drugi pa bi imeli proste roke. Bolj\u0161a morala v ekipi.<\/p>\n\n\n<h4 class=\"wp-block-heading\">Za ekipe<\/h4>\n\n\n<p><strong>Predvidljivi urniki.<\/strong> Vedite, kaj in kdaj delate. Manj presene\u010denj v zadnjem trenutku.<\/p>\n\n<p><strong>po\u0161tene delovne obremenitve.<\/strong> Delo je razdeljeno glede na zmogljivosti in ne glede na to, na koga je na\u010drtovalec najprej pomislil.<\/p>\n\n<p><strong>Prava znanja in spretnosti za delo.<\/strong> Na\u010drtovano delo, za katero ste usposobljeni, ne pa da vas me\u010dejo v situacije, na katere niste pripravljeni.<\/p>\n\n<p><strong>Trajnostni tempo.<\/strong> Manj praznikov ali lakote. Bolj dosledna delovna obremenitev.<\/p>\n\n\n<hr class=\"wp-block-separator has-alpha-channel-opacity\"\/>\n\n\n\n<h3 class=\"wp-block-heading\">\u010cesa umetna inteligenca ne more storiti<\/h3>\n\n\n<p>Umetna inteligenca optimizira na podlagi omejitev in prednostnih nalog, ki ji jih dolo\u010dite. Vendar ne nadome\u0161\u010da presoje na\u010drtovalca:<\/p>\n\n<p><strong>Razumevanje odnosov s strankami.<\/strong> Ta stranka je strate\u0161ka in jo je vredno obravnavati prednostno, tudi \u010de ni pogodbeno zahtevana. Umetna inteligenca tega ne ve, \u010de ji tega ne poveste.<\/p>\n\n<p><strong>Dinamika bralne skupine.<\/strong> Ti dve osebi slabo sodelujeta. Ta oseba se ukvarja z osebnimi te\u017eavami in potrebuje manj\u0161o obremenitev. \u010clove\u0161ko znanje, ne podatki.<\/p>\n\n<p><strong>Sprejemanje strate\u0161kih kompromisov.<\/strong> Sprejemate pozno dostavo, da bi zmanj\u0161ali \u0161tevilo nadur? Pospe\u0161iti to delo na ra\u010dun drugega? Odlo\u010ditve, odvisne od konteksta.<\/p>\n\n<p><strong>Obvladovanje situacij brez primere.<\/strong> Velika motnja, ki je druga\u010dna od vseh v preteklosti? Potrebujete \u010dlove\u0161ko re\u0161evanje problemov in ne optimizacijske matematike.<\/p>\n\n<p><strong>Opredelitev prednostnih nalog.<\/strong> AI na\u010drte glede na prednostne naloge, ki jih dolo\u010dite (stro\u0161ki, hitrost, kakovost itd.). Dolo\u010danje teh prednostnih nalog? To je poslovna odlo\u010ditev.<\/p>\n\n<p>Predstavljajte si umetno inteligenco kot zelo dobrega na\u010drtovalca, ki dela v sekundah in nikoli ne dela matemati\u010dnih napak. Vendar \u0161e vedno potrebuje navodila glede prednostnih nalog in konteksta.<\/p>\n\n\n<hr class=\"wp-block-separator has-alpha-channel-opacity\"\/>\n\n\n\n<h3 class=\"wp-block-heading\">Za\u010detek na\u010drtovanja z umetno inteligenco<\/h3>\n\n\n<p>Za\u010dnite tam, kjer je na\u010drtovanje najbolj bole\u010de:<\/p>\n\n<p><strong>Kompleksno na\u010drtovanje s \u0161tevilnimi omejitvami?<\/strong> Umetna inteligenca bolje obvladuje kompleksnost kot ljudje. Velike zmage pri optimizaciji.<\/p>\n\n<p><strong>Pogosto prestavljanje urnika zaradi motenj?<\/strong> Prilagajanje v realnem \u010dasu najbolj pomaga, kadar se na\u010drti nenehno spreminjajo.<\/p>\n\n<p><strong>Neenakomerna uporaba virov?<\/strong> Izravnava delovne obremenitve z umetno inteligenco hitro izbolj\u0161a izkori\u0161\u010denost.<\/p>\n\n<p><strong>Negotovost pri na\u010drtovanju zmogljivosti?<\/strong> Napovedovanje zmogljivosti vam pomaga zanesljivo na\u010drtovati nalo\u017ebe.<\/p>\n\n<p>Ni treba avtomatizirati vseh na\u010drtovanj naenkrat. Za\u010dnite z enim oddelkom, eno vrsto dela ali eno glavno bole\u010do to\u010dko. Doka\u017eite vrednost. Nato se raz\u0161irite.<\/p>\n\n\n<hr class=\"wp-block-separator has-alpha-channel-opacity\"\/>\n\n\n\n<h3 class=\"wp-block-heading\">Spodnja linija<\/h3>\n\n\n<p>Na\u010drtovanje je optimizacijska matematika. Bolj ko je operacija zapletena, te\u017eja je matematika. Ro\u010dno na\u010drtovanje urnika z rastjo naleti na svoje meje.<\/p>\n\n<p>Umetna inteligenca poskrbi za matemati\u010dno zapletenost. Hkrati upo\u0161teva vse omejitve. Hitro najde optimizirane re\u0161itve. Prilagaja se, ko se realnost spremeni.<\/p>\n\n<p>Va\u0161i na\u010drtovalci se osredoto\u010dajo na presojo, prednostne naloge in izjeme. Umetna inteligenca poskrbi za izra\u010dun.<\/p>\n\n<p>Rezultat? Bolj\u0161a izkori\u0161\u010denost virov. Ni\u017eji stro\u0161ki. Zanesljivej\u0161a dobava. Na\u010drtovalci pa strate\u0161ko razmi\u0161ljajo, namesto da bi se ukvarjali s preglednicami.<\/p>\n\n<p>To je tisto, kar umetna inteligenca za na\u010drtovanje in razporejanje virov dejansko zagotavlja. Ne nadome\u0161\u010da strokovnega znanja o na\u010drtovanju, temve\u010d ga naredi u\u010dinkovitej\u0161ega.<\/p>\n\n\n<hr class=\"wp-block-separator has-alpha-channel-opacity\"\/>\n\n\n\n<h3 class=\"wp-block-heading\">Ste pripravljeni optimizirati na\u010drtovanje?<\/h3>\n\n\n<p>Vsako delo ima razli\u010dne izzive pri na\u010drtovanju. Va\u0161e omejitve, viri in prednostne naloge so edinstveni za va\u0161e podjetje.<\/p>\n\n<p>Ne vsiljujemo univerzalnih orodij za na\u010drtovanje. Upo\u0161tevamo va\u0161e posebne razmere. Kaj vam ote\u017euje na\u010drtovanje? Katere omejitve so najpomembnej\u0161e? Kaj je realno glede na va\u0161e trenutne sisteme?<\/p>\n\n<p>Nato pripravimo optimizacijo na\u010drtovanja, ki ustreza va\u0161emu delovanju. Ne vsiljujemo vam delovnega procesa nekoga drugega. Re\u0161itve, ki delujejo v skladu z va\u0161im dejanskim delovanjem.<\/p>\n\n<p><a href=\"https:\/\/www.leaplytics.de\/sl\/kontakt\/\">Pogovorimo se o va\u0161ih izzivih pri na\u010drtovanju<\/a><\/p>\n\n<p><a href=\"https:\/\/www.leaplytics.de\/sl\/operacije-ai\/\">Nazaj na Operacije AI<\/a><\/p>","protected":false},"excerpt":{"rendered":"<p>UI za na\u010drtovanje in razporejanje virov Razporeditev je uganka. Ljudje. Oprema. Naloge. Roki. Spretnosti. Zmogljivost. Omejitve. Vsak del se mora prilegati. In sestavljanka se nenehno spreminja. Nekdo pokli\u010de na bolni\u0161ko. Oprema se pokvari. Pride hitro naro\u010dilo. Stranka spremeni zahteve. Za\u010dne se znova. Va\u0161i na\u010drtovalci porabijo ve\u010d ur za izdelavo delovnih razporedov. Nato porabijo \u0161e ve\u010d \u010dasa za pripravo ... <\/p>","protected":false},"author":2,"featured_media":0,"parent":0,"menu_order":0,"comment_status":"closed","ping_status":"closed","template":"","meta":{"footnotes":""},"class_list":["post-14497","page","type-page","status-publish","hentry","latest_post"],"_links":{"self":[{"href":"https:\/\/www.leaplytics.de\/sl\/wp-json\/wp\/v2\/pages\/14497","targetHints":{"allow":["GET"]}}],"collection":[{"href":"https:\/\/www.leaplytics.de\/sl\/wp-json\/wp\/v2\/pages"}],"about":[{"href":"https:\/\/www.leaplytics.de\/sl\/wp-json\/wp\/v2\/types\/page"}],"author":[{"embeddable":true,"href":"https:\/\/www.leaplytics.de\/sl\/wp-json\/wp\/v2\/users\/2"}],"replies":[{"embeddable":true,"href":"https:\/\/www.leaplytics.de\/sl\/wp-json\/wp\/v2\/comments?post=14497"}],"version-history":[{"count":1,"href":"https:\/\/www.leaplytics.de\/sl\/wp-json\/wp\/v2\/pages\/14497\/revisions"}],"predecessor-version":[{"id":14505,"href":"https:\/\/www.leaplytics.de\/sl\/wp-json\/wp\/v2\/pages\/14497\/revisions\/14505"}],"wp:attachment":[{"href":"https:\/\/www.leaplytics.de\/sl\/wp-json\/wp\/v2\/media?parent=14497"}],"curies":[{"name":"wp","href":"https:\/\/api.w.org\/{rel}","templated":true}]}}