{"id":14514,"date":"2025-12-19T02:03:17","date_gmt":"2025-12-19T01:03:17","guid":{"rendered":"https:\/\/www.leaplytics.de\/?page_id=14514"},"modified":"2025-12-19T02:03:17","modified_gmt":"2025-12-19T01:03:17","slug":"upravljanje-tveganj-v-zvezi-z-uspesnostjo-dobaviteljev-ai","status":"publish","type":"page","link":"https:\/\/www.leaplytics.de\/sl\/upravljanje-tveganj-v-zvezi-z-uspesnostjo-dobaviteljev-ai\/","title":{"rendered":"Upravljanje uspe\u0161nosti in tveganj dobaviteljev AI"},"content":{"rendered":"<h2>Umetna inteligenca za upravljanje uspe\u0161nosti in tveganj dobaviteljev: Spoznajte svoje dobavitelje, preden povzro\u010dijo te\u017eave<\/h2>\n\n<p>Va\u0161e poslovanje je odvisno od dobaviteljev. Dobavljajo vam materiale, ki jih potrebujete. sestavne dele, iz katerih gradite. Storitve, ki zagotavljajo delovanje podjetja.<\/p>\n<p>Ko dobavitelji dobro delajo, o njih ne razmi\u0161ljate. Ko jim spodleti, se vse ustavi.<\/p>\n<p>Zamude pri dobavi povzro\u010dajo zamude pri proizvodnji. Te\u017eave s kakovostjo povzro\u010dajo predelave in prito\u017ebe strank. Finan\u010dne te\u017eave povzro\u010dajo motnje v dobavi. Kr\u0161itve skladnosti povzro\u010dajo pravno izpostavljenost. Majhne te\u017eave dobaviteljev postanejo velike poslovne te\u017eave.<\/p>\n<p>Vendar ve\u010dina podjetij ne spremlja uspe\u0161nosti dobaviteljev sistemati\u010dno. Ne zato, ker jim je to vseeno. Ker je ro\u010dno spremljanje ve\u010d sto dobaviteljev nemogo\u010de.<\/p>\n<p>Te\u017eave opazite \u0161ele, ko vas prizadenejo. Zamuda pri dobavi, ki ustavi proizvodnjo. Te\u017eava s kakovostjo, ki se dotakne strank. Ste\u010daj dobavitelja, zaradi katerega ste v stiski pri iskanju nadomestnih re\u0161itev.<\/p>\n<p>Umetna inteligenca to spremeni. Nenehno spremlja uspe\u0161nost dobaviteljev. Spremlja signale tveganja iz ve\u010d virov. Opozarja vas na te\u017eave, preden te vplivajo na poslovanje. Reaktivno ga\u0161enje po\u017earov spremeni v proaktivno upravljanje tveganj.<\/p>\n\n\n<hr class=\"wp-block-separator has-alpha-channel-opacity\"\/>\n\n\n\n<h3 class=\"wp-block-heading\">Zakaj je upravljanje uspe\u0161nosti dobaviteljev neuspe\u0161no<\/h3>\n\n\n<p>Ve\u010dina podjetij ima dolo\u010deno obliko spremljanja uspe\u0161nosti dobaviteljev. Preglednice. \u010cetrtletni pregledi poslovanja. letne ocene.<\/p>\n<p>Vendar so ti podatki usmerjeni v preteklost in so periodi\u010dni. Povedo vam, kaj se je zgodilo v zadnjem \u010detrtletju. Ne povedo vam, kaj se dogaja zdaj ali kak\u0161ne te\u017eave se obetajo.<\/p>\n<p>V \u010detrtletnem pregledu je dobaviteljeva uspe\u0161nost dobave videti dobra. Toda v zadnjih treh tednih je zamudil polovico dobav. Nih\u010de tega ne opazi, dokler to ne vpliva na proizvodnjo.<\/p>\n<p>Finan\u010dni podatki dobavitelja so bili ob letnem pregledu v redu. Toda pravkar je izgubil najve\u010djo stranko. Ko to ugotovite, je \u017ee v te\u017eavah, s tem pa tudi va\u0161a dobavna veriga.<\/p>\n<p>To velja za kriti\u010dne dobavitelje, pri katerih opravljate uradne preglede. Za druge 80% va\u0161e baze dobaviteljev? Ti se spremljajo le, ko te\u017eave postanejo o\u010ditne.<\/p>\n<p>Ro\u010dnega spremljanja ni mogo\u010de raz\u0161iriti. Ne morete spremljati uspe\u0161nosti dostave za 300 dobaviteljev. Ne morete spremljati finan\u010dnih novic za vsako podjetje, od katerega kupujete. Ne morete nenehno preverjati stanja skladnosti.<\/p>\n<p>Zato spremljate velike dobavitelje in upate, da drugi ne bodo povzro\u010dali te\u017eav. Upanje ni strategija obvladovanja tveganja.<\/p>\n\n\n<hr class=\"wp-block-separator has-alpha-channel-opacity\"\/>\n\n\n\n<h3 class=\"wp-block-heading\">Kaj umetna inteligenca naredi za uspe\u0161nost dobaviteljev in upravljanje tveganj<\/h3>\n\n\n<p>Umetna inteligenca ne spremlja le uspe\u0161nosti dobaviteljev. Napoveduje tudi te\u017eave. Tukaj je opisano, kako.<\/p>\n\n\n<h4 class=\"wp-block-heading\">Stalno spremljanje uspe\u0161nosti dobaviteljev<\/h4>\n\n\n<p>Umetna inteligenca spremlja podatke o uspe\u0161nosti dobaviteljev v realnem \u010dasu. Ne \u010detrtletnih pregledov. Nenehno spremljanje vsake transakcije.<\/p>\n\n<p><strong>Sledenje pravo\u010dasni dostavi:<\/strong><\/p>\n<ul>\n<li>Vsako naro\u010dilo. Vsaka dostava. Je bila pravo\u010dasna? Zgodnja? Pozno? Za koliko?<\/li>\n<li>Uspe\u0161nost dostave po dobaviteljih, kategorijah in \u010dasovnih obdobjih.<\/li>\n<li>Trendi: Ali se uspe\u0161nost izbolj\u0161uje ali zmanj\u0161uje?<\/li>\n<li>Variabilnost: Dosledna ali nepredvidljiva?<\/li>\n<li>Obveznosti: Dejanska uspe\u0161nost v primerjavi s pogodbenimi ravnmi storitev.<\/li>\n<\/ul>\n<p>Splo\u0161na uspe\u0161nost dobavitelja je lahko sprejemljiva, vendar je njegova uspe\u0161nost pri kriti\u010dnih postavkah slaba. UI to vidi. Povpre\u010dje dobavitelja ka\u017ee 95% pravo\u010dasno, vendar se je njegova uspe\u0161nost nedavno zmanj\u0161ala na 80%. Umetna inteligenca ujame ta trend.<\/p>\n\n<p><strong>Merila kakovosti:<\/strong><\/p>\n<ul>\n<li>Dele\u017e napak. Stopnje vra\u010dil. Zahteve za predelavo.<\/li>\n<li>Incidenti kakovosti po resnosti in pogostosti.<\/li>\n<li>skladnost s specifikacijami in standardi.<\/li>\n<li>Prito\u017ebe strank, ki so posledica te\u017eav z dobavitelji.<\/li>\n<li>Stro\u0161ki kakovosti: pregledi, predelave, vra\u010dila, garancijski zahtevki.<\/li>\n<\/ul>\n<p>Te\u017eave s kakovostjo pogosto ka\u017eejo vzorce, \u0161e preden postanejo o\u010ditne. Dele\u017e napak se po\u010dasi pove\u010duje. Dolo\u010dene linije izdelkov, ki imajo te\u017eave. UI te vzorce prepozna zgodaj.<\/p>\n\n<p><strong>Odzivnost in storitve:<\/strong><\/p>\n<ul>\n<li>Odzivni \u010das na poizvedbe in vpra\u0161anja.<\/li>\n<li>Hitrost in u\u010dinkovitost re\u0161evanja te\u017eav.<\/li>\n<li>Prilagodljivost pri obravnavanju sprememb ali nujnih zahtev.<\/li>\n<li>Kakovost komunikacije in proaktivnost.<\/li>\n<li>Tehni\u010dna podpora in strokovno znanje.<\/li>\n<\/ul>\n\n<p><strong>Komercialna u\u010dinkovitost:<\/strong><\/p>\n<ul>\n<li>Natan\u010dnost ra\u010dunov. Vpra\u0161anja in napake pri izdajanju ra\u010dunov.<\/li>\n<li>Skladnost cen s pogodbami.<\/li>\n<li>Spo\u0161tovanje pla\u010dilnih pogojev.<\/li>\n<li>\u010cas objave ponudbe in konkuren\u010dnost.<\/li>\n<\/ul>\n<p>Umetna inteligenca ne zbira le podatkov. Analizira jih. Prikazuje trende. Primerja dobavitelje. Opozarja na slab\u0161e delovanje, preden postane kriti\u010dno.<\/p>\n\n\n<h4 class=\"wp-block-heading\">Rezultati Odnosi z dobavitelji<\/h4>\n\n\n<p>Imate na stotine dobaviteljev. Kateri si zaslu\u017eijo pozornost? Kateri so uspe\u0161ni? Kateri potrebujejo razprave o izbolj\u0161avah?<\/p>\n<p>Umetna inteligenca ocenjuje vsakega dobavitelja po ve\u010d razse\u017enostih:<\/p>\n\n<p><strong>Ocena uspe\u0161nosti:<\/strong><\/p>\n<ul>\n<li>Tehtana kombinacija kazalnikov dostave, kakovosti, odzivnosti in komercialnih kazalnikov.<\/li>\n<li>Prilagojeno glede na pomembnost: Kriti\u010dni dobavitelji so bili ocenjeni stro\u017eje.<\/li>\n<li>V primerjavi s pogodbenimi obveznostmi in primerljivo uspe\u0161nostjo.<\/li>\n<\/ul>\n\n<p><strong>Ocena tveganja:<\/strong><\/p>\n<ul>\n<li>Finan\u010dno tveganje. Tveganje skladnosti. Operativno tveganje. geografsko tveganje.<\/li>\n<li>Odvisnosti enega vira. Tveganje koncentracije.<\/li>\n<li>Zunanji dejavniki: geopoliti\u010dni, regulativni in tr\u017eni pogoji.<\/li>\n<\/ul>\n\n<p><strong>Ocena vrednosti:<\/strong><\/p>\n<ul>\n<li>stro\u0161kovna konkuren\u010dnost. Prispevek k inovacijam. Strate\u0161ka vrednost.<\/li>\n<li>Enostavnost poslovanja. Prilagodljivost in partnerski pristop.<\/li>\n<li>Skupna vrednost, ki presega ceno.<\/li>\n<\/ul>\n\n<p><strong>Splo\u0161na ocena dobavitelja:<\/strong><\/p>\n<ul>\n<li>Kombiniran pogled na uspe\u0161nost, tveganje in vrednost.<\/li>\n<li>Segmentacija: strate\u0161ki partnerji, prednostni dobavitelji, sprejemljivi dobavitelji, tvegani dobavitelji.<\/li>\n<li>Priporo\u010dila za ukrepanje na podlagi ocene in trendov.<\/li>\n<\/ul>\n<p>Pridobite prednostni seznam dobaviteljev. Kdo potrebuje razpravo o uspe\u0161nosti? Kdo si zaslu\u017ei ve\u010d poslov? Kdo potrebuje na\u010drt prehoda?<\/p>\n<p>Ne na podlagi ob\u010dutka ali tistega, ki se je najglasneje prito\u017eeval. Temelji na iz\u010drpnih in objektivnih podatkih.<\/p>\n\n\n<h4 class=\"wp-block-heading\">Zgodnje odkrivanje signalov tveganja<\/h4>\n\n\n<p>Te\u017eave dobaviteljev se ne pojavijo nenadoma. Obstajajo opozorilni znaki. UI jih opazuje.<\/p>\n\n<p><strong>Signali finan\u010dnega tveganja:<\/strong><\/p>\n<ul>\n<li>Zni\u017eanje bonitetnih ocen. Poslab\u0161anje finan\u010dnih izkazov.<\/li>\n<li>te\u017eave s pla\u010dili: zamude pri pla\u010dilih dobaviteljem, dav\u010dne zaplembe, sodne odlo\u010dbe.<\/li>\n<li>Ve\u010dje izgube strank. Koncentracija ali upad prihodkov.<\/li>\n<li>Odpu\u0161\u010danja, zapiranje obratov, napovedi prestrukturiranja.<\/li>\n<li>Spremembe lastni\u0161tva, menjava vodstva, prijava ste\u010daja.<\/li>\n<\/ul>\n\n<p><strong>Signali operativnega tveganja:<\/strong><\/p>\n<ul>\n<li>Poslab\u0161anje u\u010dinkovitosti dostave. Podalj\u0161anje dobavnih rokov.<\/li>\n<li>Pogostost ali resnost te\u017eav s kakovostjo se pove\u010duje.<\/li>\n<li>Omejitve zmogljivosti. Proizvodni problemi.<\/li>\n<li>Odhodi klju\u010dnega osebja. te\u017eave z delom ali stavke.<\/li>\n<li>vpra\u0161anja dobavne verige, ki vplivajo na njihove dobavitelje.<\/li>\n<\/ul>\n\n<p><strong>tveganje skladnosti in ugleda:<\/strong><\/p>\n<ul>\n<li>Kr\u0161itve predpisov. Varnostni incidenti. okoljska vpra\u0161anja.<\/li>\n<li>Pravne te\u017eave: to\u017ebe, preiskave, globe.<\/li>\n<li>Negativno poro\u010danje o novicah. Spremembe razpolo\u017eenja v dru\u017eabnih medijih.<\/li>\n<li>Prito\u017ebe strank. Spremembe ugleda v panogi.<\/li>\n<li>Potrdilo preneha veljati. te\u017eave z zavarovanjem ali licenco.<\/li>\n<\/ul>\n\n<p><strong>Tr\u017eno in zunanje tveganje:<\/strong><\/p>\n<ul>\n<li>Geopoliti\u010dna vpra\u0161anja, ki vplivajo na lokacijo dobavitelja.<\/li>\n<li>Naravne nesre\u010de, vremenski pojavi, te\u017eave z infrastrukturo.<\/li>\n<li>regulativne spremembe, ki vplivajo na poslovanje dobaviteljev.<\/li>\n<li>Motnje na trgu v dobaviteljevi panogi.<\/li>\n<li>nestanovitnost cen blaga, ki vpliva na stro\u0161ke dobaviteljev.<\/li>\n<\/ul>\n<p>UI spremlja novice, finan\u010dne podatkovne zbirke, regulativne prijave, industrijska poro\u010dila in interne podatke o uspe\u0161nosti. Povezuje signale, ki bi jih lo\u010deno spregledali.<\/p>\n<p>Dobavitelj ima manj\u0161e zamude pri dobavi. To je en signal. Isti dobavitelj je pravkar odpustil 10% osebja. To je drugi signal. Vsi skupaj ka\u017eejo na pojav ve\u010dje te\u017eave.<\/p>\n<p>Zgodnje opozarjanje. \u010cas je za raznolikost virov. Ustvarite zaloge. Pripravite nadomestne mo\u017enosti. Tveganje upravljate proaktivno, namesto da se odzivate na krize.<\/p>\n\n\n<h4 class=\"wp-block-heading\">Napovedi motenj v oskrbi<\/h4>\n\n\n<p>Nekatere te\u017eave dobaviteljev so predvidljive. Umetna inteligenca prepozna vzorce, ki se pojavijo pred motnjami.<\/p>\n\n<p><strong>Vzorci poslab\u0161anja zmogljivosti:<\/strong><\/p>\n<p>Upadanje u\u010dinkovitosti dostave. Slab\u0161a kakovost. Podalj\u0161evanje dobavnih rokov. Ti vzorci so pogosto predhodniki ve\u010djih te\u017eav.<\/p>\n<p>Umetna inteligenca se nau\u010di, kateri vzorci so povezani z motnjami. Preden pride do motnje, ozna\u010di dobavitelje, ki ka\u017eejo te vzorce.<\/p>\n\n<p><strong>Kopi\u010denje dejavnikov tveganja:<\/strong><\/p>\n<p>Ve\u010d signalov tveganja, ki se pojavijo skupaj, pove\u010da verjetnost motenj.<\/p>\n<p>Finan\u010dni stres + operativni problemi + padec v panogi = velika verjetnost propada dobavitelja. UI koli\u010dinsko opredeli to tveganje.<\/p>\n\n<p><strong>Spremljanje zunanjih dejavnikov:<\/strong><\/p>\n<p>Vremenski vzorci, ki vplivajo na pridelek kmetijskih dobaviteljev. Regulativni roki, ki povzro\u010dajo omejitve zmogljivosti. Zastoji v pristani\u0161\u010dih, ki vplivajo na urnike dostave.<\/p>\n<p>UI spremlja zunanje dejavnike, ki napovedujejo motnje v dobavni verigi. Ne popolnoma, vendar dovolj zgodaj, da se lahko pripravi.<\/p>\n\n<p><strong>Analiza zmogljivosti in povpra\u0161evanja:<\/strong><\/p>\n<p>Dobavitelj z zmogljivostjo 90%. Povpra\u0161evanje industrije se pove\u010duje. Va\u0161a koli\u010dina se pove\u010duje. Matematika napoveduje te\u017eave z zmogljivostjo.<\/p>\n<p>UI modelira zmogljivosti dobaviteljev glede na povpra\u0161evanje. Ozna\u010di situacije, v katerih bo dobava verjetno omejena.<\/p>\n<p>Napovedovanje motenj ni popolno. Vendar je tudi natan\u010dnost 70% z zgodnjim opozarjanjem dragocena. Vseh motenj ne morete prepre\u010diti. Lahko pa se pripravite na tiste, za katere vidite, da prihajajo.<\/p>\n\n\n<h4 class=\"wp-block-heading\">Spremlja stanje skladnosti<\/h4>\n\n\n<p>Dobavitelji imajo zahteve glede skladnosti. Certifikati. Zavarovanje. Dokumentacija. Varnostne evidence. Okoljska dovoljenja.<\/p>\n<p>Te pote\u010dejo. Dobavitelji jih pozabijo obnoviti. Ali pa vas ne obvestijo o te\u017eavah.<\/p>\n<p>UI spremlja stanje skladnosti:<\/p>\n\n<p><strong>Zahtevana dokumentacija:<\/strong><\/p>\n<ul>\n<li>Potrdila o zavarovanju. Zneski kritja in datumi izteka veljavnosti.<\/li>\n<li>certifikati kakovosti (ISO, specifi\u010dni za posamezno panogo). Trenutni status in datumi obnovitve.<\/li>\n<li>varnostna spri\u010devala in rezultati revizij.<\/li>\n<li>Finan\u010dni izpiski in kreditne informacije.<\/li>\n<li>Licence, dovoljenja, registracije.<\/li>\n<\/ul>\n\n<p><strong>Skladnost s predpisi:<\/strong><\/p>\n<ul>\n<li>upo\u0161tevanje industrijskih predpisov. Rezultati in\u0161pekcijskih pregledov.<\/li>\n<li>Okoljska skladnost. Emisije, odpadki, poro\u010danje.<\/li>\n<li>Delovni in varnostni predpisi. Revizijske ugotovitve.<\/li>\n<li>Usklajenost z uvozom\/izvozom. Trgovinske omejitve.<\/li>\n<li>Skladnost zasebnosti in varnosti podatkov za dobavitelje IT.<\/li>\n<\/ul>\n\n<p><strong>Pogodbena skladnost:<\/strong><\/p>\n<ul>\n<li>Zahtevana potrdila v skladu s pogodbenimi pogoji.<\/li>\n<li>Zahteve za poro\u010danje. Revizijske pravice.<\/li>\n<li>Raznolikost in trajnostne zaveze.<\/li>\n<li>Priznavanje in upo\u0161tevanje kodeksa ravnanja.<\/li>\n<\/ul>\n<p>Umetna inteligenca sledi zahtevam. Spremlja stanje. Opozarja pred iztekom veljavnosti. opozarja na te\u017eave s skladnostjo.<\/p>\n<p>Zavarovanje je poteklo pred tremi meseci in nih\u010de tega ni opazil? Umetna inteligenca ga ujame. Certifikat ni bil obnovljen? Opozorilo je poslano, preden to postane te\u017eava.<\/p>\n<p>Spremljanje skladnosti ni razburljivo. Toda neskladnost je draga. Pravna izpostavljenost. Revizijske ugotovitve. Kr\u0161itve pogodb s strankami. Umetna inteligenca prepre\u010duje te te\u017eave.<\/p>\n\n\n<hr class=\"wp-block-separator has-alpha-channel-opacity\"\/>\n\n\n\n<h3 class=\"wp-block-heading\">Kaj to pomeni za vas<\/h3>\n\n\n\n<h4 class=\"wp-block-heading\">Za CPO in vodje nabave<\/h4>\n\n\n<p>Prehajate od reaktivnega k proaktivnemu upravljanju tveganj dobaviteljev.<\/p>\n<ul>\n<li><strong>Proaktivno upravljanje tveganj:<\/strong> Te\u017eave so ozna\u010dene, \u0161e preden ovirajo delovanje. \u010cas za pripravo, namesto da bi se bali.<\/li>\n<li><strong>Odgovornost dobavitelja s podatki:<\/strong> Razprave o uspe\u0161nosti, podprte z objektivnimi kazalniki. Jasna pri\u010dakovanja in merjenje.<\/li>\n<li><strong>Za\u0161\u010ditena dobavna veriga:<\/strong> Sistem zgodnjega opozarjanja na te\u017eave z dobavitelji. Manj\u0161i vpliv motenj.<\/li>\n<li><strong>Stalno izbolj\u0161evanje:<\/strong> Sistemati\u010dno sledenje uspe\u0161nosti spodbuja izbolj\u0161ave dobavitelja skozi \u010das.<\/li>\n<li><strong>Strate\u0161ko upravljanje dobaviteljev:<\/strong> Spoznajte, kateri dobavitelji si zaslu\u017eijo nalo\u017ebe in partnerstvo. Kateri morajo izbolj\u0161ati uspe\u0161nost. Katere je treba zamenjati.<\/li>\n<\/ul>\n\n\n<h4 class=\"wp-block-heading\">Za vodje nabave in kupce<\/h4>\n\n\n<p>Veste, katere ponudnike je treba spremljati, in imate dokaze za te\u017eke pogovore.<\/p>\n<ul>\n<li><strong>Spoznajte, katere dobavitelje morate spremljati:<\/strong> prednostni seznam na podlagi uspe\u0161nosti in tveganja. Usmerite pozornost tja, kjer je pomembna.<\/li>\n<li><strong>Dokazi za pogovore z dobavitelji:<\/strong> Razprave o uspe\u0161nosti, podprte s podatki. Specifi\u010dna vpra\u0161anja z jasnimi kazalniki.<\/li>\n<li><strong>Zgodnje opozarjanje na te\u017eave:<\/strong> Odpravite te\u017eave, preden postanejo kriti\u010dne. Proaktivno upravljanje.<\/li>\n<li><strong>Poenostavljeno sledenje uspe\u0161nosti:<\/strong> Ni\u010d ve\u010d ro\u010dnih preglednic rezultatov. Avtomatizirano zbiranje in analiza podatkov.<\/li>\n<li><strong>Preverjanje skladnosti:<\/strong> Spoznajte stanje skladnosti dobavitelja, ne da bi ro\u010dno sledili dokumentom.<\/li>\n<\/ul>\n\n\n<h4 class=\"wp-block-heading\">Za operacije in oskrbovalno verigo<\/h4>\n\n\n<p>Zagotovite si zanesljivo oskrbo z manj motnjami.<\/p>\n<ul>\n<li><strong>Manj motenj v oskrbi:<\/strong> Zgodnje opozarjanje omogo\u010da pripravo. Popis varovalnih zalog, alternativni viri, na\u010drti za nepredvidljive razmere.<\/li>\n<li><strong>Bolj\u0161a kakovost dobaviteljev:<\/strong> Stalno spremljanje in povratne informacije spodbujajo izbolj\u0161ave. Te\u017eave se odkrivajo zgodaj.<\/li>\n<li><strong>Manj\u0161a izpostavljenost tveganju:<\/strong> Finan\u010dni neuspehi, kr\u0161itve skladnosti in te\u017eave pri poslovanju se ujamejo, \u0161e preden vplivajo na vas.<\/li>\n<li><strong>Predvidljiva ponudba:<\/strong> Bolj\u0161i pregled nad zmogljivostjo in tveganjem dobaviteljev. Manj presene\u010denj.<\/li>\n<li><strong>Hitrej\u0161e re\u0161evanje te\u017eav:<\/strong> Te\u017eave so prepoznane in takoj odpravljene. Manj \u010dasa za odkrivanje te\u017eav.<\/li>\n<\/ul>\n\n\n<hr class=\"wp-block-separator has-alpha-channel-opacity\"\/>\n\n\n\n<h3 class=\"wp-block-heading\">\u010cesa umetna inteligenca ne bo naredila<\/h3>\n\n\n<p>Jasno povejmo, kak\u0161ne so omejitve.<\/p>\n<p>Umetna inteligenca zagotavlja vidnost in zgodnje opozarjanje. Ne upravlja odnosov z dobavitelji. To je \u0161e vedno \u010dlove\u0161ko delo.<\/p>\n<p>Umetna inteligenca ne more predvideti vseh motenj. Nekatere te\u017eave se pojavijo nenadoma in brez opozorilnih signalov. Nekateri dejavniki tveganja se ne pojavijo v virih podatkov, ki jih umetna inteligenca spremlja.<\/p>\n<p>Umetna inteligenca ne more sprejemati strate\u0161kih odlo\u010ditev o odnosih z dobavitelji. Odlo\u010ditev, ali sodelovati z dobaviteljem, da bi izbolj\u0161ali njegovo uspe\u0161nost, ali ga zamenjati, je odvisna od dejavnikov, ki presegajo podatke: strate\u0161kega pomena, zgodovine odnosov, razpolo\u017eljivih alternativ, poslovne strategije.<\/p>\n<p>Umetna inteligenca poskrbi, da so te\u017eave vidne zgodaj. Zagotavlja objektivne podatke o uspe\u0161nosti. Spremljajte signale tveganja iz ve\u010d virov. Ustvarite \u010das in informacije za bolj\u0161e odlo\u010ditve.<\/p>\n<p>Va\u0161a ekipa za nabavo \u0161e vedno upravlja odnose z dobavitelji. \u0160e vedno sprejemajo strate\u0161ke odlo\u010ditve. Le z bolj\u0161imi informacijami in zgodnjim opozarjanjem namesto naknadnega odziva.<\/p>\n\n\n<hr class=\"wp-block-separator has-alpha-channel-opacity\"\/>\n\n\n\n<h3 class=\"wp-block-heading\">Resni\u010dni rezultati umetne inteligence za upravljanje uspe\u0161nosti in tveganj dobaviteljev<\/h3>\n\n\n<p>Kako je to videti v praksi:<\/p>\n\n<p><strong>Prepre\u010devanje motenj:<\/strong> Zgodnje opozarjanje omogo\u010da pripravo. Motnje, ki bi ustavile proizvodnjo, namesto tega povzro\u010dijo manj\u0161e zamude, saj so bile pripravljene nadomestne re\u0161itve.<\/p>\n\n<p><strong>Izbolj\u0161anje u\u010dinkovitosti:<\/strong> Stalno spremljanje in razprave, podprte s podatki, spodbujajo izbolj\u0161ave dobaviteljev. Obi\u010dajno se uspe\u0161nost dobave izbolj\u0161a za 5-10 odstotnih to\u010dk.<\/p>\n\n<p><strong>Izogibanje tveganju:<\/strong> Zgodnje odkrivanje finan\u010dnih neuspehov, kr\u0161itev skladnosti in kriz kakovosti. Te\u017eave se odpravijo, \u0161e preden postanejo kriti\u010dne.<\/p>\n\n<p><strong>Prihranek \u010dasa:<\/strong> Avtomatizirano sledenje uspe\u0161nosti nadome\u0161\u010da ro\u010dne preglednice. Kupci porabijo \u010das za upravljanje izjem in ne za zbiranje podatkov.<\/p>\n\n<p><strong>Bolj\u0161i odnosi z dobavitelji:<\/strong> Objektivni podatki odstranijo \u010dustva iz razprav o uspe\u0161nosti. Dobavitelji spo\u0161tujejo meritve in se odzivajo na dejstva.<\/p>\n\n<p>Pri tem ne gre za odpravo vseh tveganj dobaviteljev. Tveganje obstaja. Vendar se obvladovano tveganje razlikuje od neobvladanega tveganja. Vidnost in zgodnje opozarjanje spremenita upravljanje tveganj iz reaktivnega v proaktivno.<\/p>\n\n\n<hr class=\"wp-block-separator has-alpha-channel-opacity\"\/>\n\n\n\n<h3 class=\"wp-block-heading\">Ste pripravljeni na obvladovanje tveganja dobaviteljev?<\/h3>\n\n\n<p>Vsako podjetje ima druga\u010dno bazo dobaviteljev. Razli\u010dni dobavitelji. Razli\u010dna tveganja. Razli\u010dne metrike uspe\u0161nosti, ki so pomembne za va\u0161e poslovanje.<\/p>\n<p>Ne prodajamo splo\u0161nih sistemov za upravljanje dobaviteljev. Upo\u0161tevamo va\u0161o specifi\u010dno bazo dobaviteljev in dejavnike tveganja. Ugotavljamo, kateri kazalniki uspe\u0161nosti so pomembni za va\u0161e podjetje. Vzpostavimo spremljanje in opozarjanje, ki ustreza va\u0161i toleranci do tveganja in operativnim potrebam.<\/p>\n<p>Ne obljubljajte, da bo umetna inteligenca predvidela vse te\u017eave. Samo prakti\u010dna orodja, ki omogo\u010dajo, da je uspe\u0161nost dobaviteljev vidna, in zgodnje opozarjanje na tveganja, \u0161e preden postanejo kriza.<\/p>\n\n<p><a href=\"https:\/\/www.leaplytics.de\/sl\/kontakt\/\">Pogovorimo se o upravljanju tveganj pri dobaviteljih<\/a><\/p>\n\n<p><a href=\"https:\/\/www.leaplytics.de\/sl\/pridobivanje-virov-javno-narocanje-ai\/\">Nazaj na umetno inteligenco pri nabavi in naro\u010danju<\/a><\/p>","protected":false},"excerpt":{"rendered":"<p>AI for Supplier Performance &#038; Risk Management: Know Your Suppliers Before They Cause Problems Your business depends on suppliers. They deliver the materials you need. The components you build with. The services that keep operations running. When suppliers perform well, you don&#8217;t think about them. When they fail, everything stops. Late deliveries delay production. Quality &hellip; <\/p>","protected":false},"author":2,"featured_media":0,"parent":0,"menu_order":0,"comment_status":"closed","ping_status":"closed","template":"","meta":{"footnotes":""},"class_list":["post-14514","page","type-page","status-publish","hentry","latest_post"],"_links":{"self":[{"href":"https:\/\/www.leaplytics.de\/sl\/wp-json\/wp\/v2\/pages\/14514","targetHints":{"allow":["GET"]}}],"collection":[{"href":"https:\/\/www.leaplytics.de\/sl\/wp-json\/wp\/v2\/pages"}],"about":[{"href":"https:\/\/www.leaplytics.de\/sl\/wp-json\/wp\/v2\/types\/page"}],"author":[{"embeddable":true,"href":"https:\/\/www.leaplytics.de\/sl\/wp-json\/wp\/v2\/users\/2"}],"replies":[{"embeddable":true,"href":"https:\/\/www.leaplytics.de\/sl\/wp-json\/wp\/v2\/comments?post=14514"}],"version-history":[{"count":1,"href":"https:\/\/www.leaplytics.de\/sl\/wp-json\/wp\/v2\/pages\/14514\/revisions"}],"predecessor-version":[{"id":14523,"href":"https:\/\/www.leaplytics.de\/sl\/wp-json\/wp\/v2\/pages\/14514\/revisions\/14523"}],"wp:attachment":[{"href":"https:\/\/www.leaplytics.de\/sl\/wp-json\/wp\/v2\/media?parent=14514"}],"curies":[{"name":"wp","href":"https:\/\/api.w.org\/{rel}","templated":true}]}}