{"id":1785,"date":"2021-04-30T00:16:19","date_gmt":"2021-04-29T22:16:19","guid":{"rendered":"https:\/\/www.leaplytics.de\/?page_id=1785"},"modified":"2024-10-29T13:47:21","modified_gmt":"2024-10-29T12:47:21","slug":"paket-za-vodenje-projektov-za-qliksense","status":"publish","type":"page","link":"https:\/\/www.leaplytics.de\/sl\/naslovna-stran\/razsiritve-qlik-sense\/paket-za-vodenje-projektov-za-qliksense\/","title":{"rendered":"Komplet za upravljanje projektov za Qlik Sense"},"content":{"rendered":"<p>Z LeapLytics Project Management Suite se znebite nezadostnih in nezrelih re\u0161itev za upravljanje projektov v Qlik Sense!<\/p>\n\n\n\n<p>Komplet za upravljanje projektov za Qlik Sense vklju\u010duje vse, kar potrebujete za ustvarjanje celovitega poro\u010danja o stanju upravljanja projektov. Vklju\u010duje 3 edinstvene vizualizacije: Semafor, matriko tveganj in \u010dasovnico. Poleg tega dobite potrebne dodatke za oblikovanje nadzorne plo\u0161\u010de za upravljanje projektov. Raz\u0161iritve ka\u017eejo visoko zmogljivost, visoko stopnjo zrelosti in uporabnosti ter prilagodljivost, da se prilagodijo va\u0161im individualnim potrebam.<\/p>\n\n\n\n<p>Paket vklju\u010duje ustrezne dodatke, ki resni\u010dno izbolj\u0161ajo ustvarjanje nadzorne plo\u0161\u010de za upravljanje projektov. Razdelilniki lahko strukturirajo nadzorno plo\u0161\u010do na podro\u010djih, ki uporabnika vodijo z najve\u010djo u\u010dinkovitostjo. Pregledovalnik zrelosti (Maturity Viewer) prina\u0161a ve\u010d jasnosti o stopnjah ali fazah projekta. Raz\u0161iritev Company Logo Extension prenese logotip va\u0161ega posameznega podjetja v uporaben objekt QlikSense. Pretvorba va\u0161ega logotipa je brezpla\u010dna.<\/p>\n\n\n\n<p>Paketu je prilo\u017eena tudi enostavna uporaba integracije za povezovanje, ki omogo\u010da pregled nad raz\u0161iritvami za vodenje projektov na prvi pogled. Raz\u0161iritve prikazujejo usklajeno vodenje uporabnika skozi nastavitve ter intuitivno upravljanje brez izku\u0161enj s kodiranjem. Enostavnost uporabe dopolnjuje obse\u017ena dokumentacija s primeri uporabe, povezanimi s poslovanjem. Pogoste in zanesljive izdaje poskrbijo, da je va\u0161 primer uporabe posodobljen.<\/p>\n\n\n\n<h3 class=\"wp-block-heading\">Paket za upravljanje projektov za vsebino Qlik Sense<\/h3>\n\n\n\n<p>S klikom na sliko odprite uradno dokumentacijo. <\/p>\n\n\n\n<div class=\"wp-block-columns is-layout-flex wp-container-core-columns-is-layout-1 wp-block-columns-is-layout-flex\">\n<div class=\"wp-block-column is-layout-flow wp-block-column-is-layout-flow\">\n<h4 class=\"wp-block-heading\"><strong>Semafor<\/strong><\/h4>\n<\/div>\n\n\n\n<div class=\"wp-block-column is-layout-flow wp-block-column-is-layout-flow\">\n<h4 class=\"wp-block-heading\"><strong>Toplotna karta tveganja<\/strong><\/h4>\n<\/div>\n\n\n\n<div class=\"wp-block-column is-layout-flow wp-block-column-is-layout-flow\">\n<h4 class=\"wp-block-heading\"><strong>\u010casovna os<\/strong><\/h4>\n<\/div>\n\n\n\n<div class=\"wp-block-column is-layout-flow wp-block-column-is-layout-flow\">\n<h4 class=\"wp-block-heading\"><strong>Pospe\u0161evalniki<\/strong><\/h4>\n<\/div>\n<\/div>\n\n\n\n<div class=\"wp-block-columns is-layout-flex wp-container-core-columns-is-layout-2 wp-block-columns-is-layout-flex\">\n<div class=\"wp-block-column is-layout-flow wp-block-column-is-layout-flow\">\n<figure class=\"wp-block-image size-full\"><img loading=\"lazy\" decoding=\"async\" width=\"287\" height=\"300\" src=\"https:\/\/www.leaplytics.de\/wp-content\/uploads\/2021\/11\/TrafficLight300pixel.png\" alt=\"\" class=\"wp-image-2361\" title=\"Upravljanje projektov Suite Traffic Light\" srcset=\"https:\/\/www.leaplytics.de\/wp-content\/uploads\/2021\/11\/TrafficLight300pixel.png 287w, https:\/\/www.leaplytics.de\/wp-content\/uploads\/2021\/11\/TrafficLight300pixel-57x60.png 57w\" sizes=\"auto, (max-width: 287px) 100vw, 287px\" \/><\/figure>\n<\/div>\n\n\n\n<div class=\"wp-block-column is-layout-flow wp-block-column-is-layout-flow\">\n<figure class=\"wp-block-image size-full\"><img loading=\"lazy\" decoding=\"async\" width=\"287\" height=\"300\" src=\"https:\/\/www.leaplytics.de\/wp-content\/uploads\/2021\/11\/RiskHeatmap-Kasten-Blau_300pixel.png\" alt=\"\" class=\"wp-image-2363\" title=\"Heatmap tveganj za projektno vodenje Suite\" srcset=\"https:\/\/www.leaplytics.de\/wp-content\/uploads\/2021\/11\/RiskHeatmap-Kasten-Blau_300pixel.png 287w, https:\/\/www.leaplytics.de\/wp-content\/uploads\/2021\/11\/RiskHeatmap-Kasten-Blau_300pixel-57x60.png 57w\" sizes=\"auto, (max-width: 287px) 100vw, 287px\" \/><\/figure>\n<\/div>\n\n\n\n<div class=\"wp-block-column is-vertically-aligned-center is-layout-flow wp-block-column-is-layout-flow\"><div class=\"wp-block-image\">\n<figure class=\"aligncenter size-full\"><img loading=\"lazy\" decoding=\"async\" width=\"287\" height=\"300\" src=\"https:\/\/www.leaplytics.de\/wp-content\/uploads\/2021\/11\/TIMELINE_300pixel.png\" alt=\"\" class=\"wp-image-2364\" title=\"Pogled na mejnike v paketu Project Management Suite\" srcset=\"https:\/\/www.leaplytics.de\/wp-content\/uploads\/2021\/11\/TIMELINE_300pixel.png 287w, https:\/\/www.leaplytics.de\/wp-content\/uploads\/2021\/11\/TIMELINE_300pixel-57x60.png 57w\" sizes=\"auto, (max-width: 287px) 100vw, 287px\" \/><\/figure><\/div><\/div>\n\n\n\n<div class=\"wp-block-column is-layout-flow wp-block-column-is-layout-flow\">\n<figure class=\"wp-block-image size-full\"><img loading=\"lazy\" decoding=\"async\" width=\"567\" height=\"593\" src=\"https:\/\/www.leaplytics.de\/wp-content\/uploads\/2021\/11\/Accelerators_1_300pixel.png\" alt=\"\" class=\"wp-image-2365\" title=\"Pospe\u0161evalnik za upravljanje projektov\" srcset=\"https:\/\/www.leaplytics.de\/wp-content\/uploads\/2021\/11\/Accelerators_1_300pixel.png 567w, https:\/\/www.leaplytics.de\/wp-content\/uploads\/2021\/11\/Accelerators_1_300pixel-287x300.png 287w, https:\/\/www.leaplytics.de\/wp-content\/uploads\/2021\/11\/Accelerators_1_300pixel-57x60.png 57w\" sizes=\"auto, (max-width: 567px) 100vw, 567px\" \/><\/figure>\n<\/div>\n<\/div>\n\n\n\n<div class=\"wp-block-columns is-layout-flex wp-container-core-columns-is-layout-3 wp-block-columns-is-layout-flex\">\n<div class=\"wp-block-column is-layout-flow wp-block-column-is-layout-flow\">\n<h6 class=\"wp-block-heading\">Izbri\u0161i prikaz stanja<\/h6>\n\n\n\n<h6 class=\"wp-block-heading\">Prilagodljiva obmo\u010dja za vse vrste enot<\/h6>\n\n\n\n<h6 class=\"wp-block-heading\">Individualen videz in ob\u010dutek ter enostavna uporaba<\/h6>\n<\/div>\n\n\n\n<div class=\"wp-block-column is-layout-flow wp-block-column-is-layout-flow\">\n<h6 class=\"wp-block-heading\">Popolni profili tveganja<\/h6>\n\n\n\n<h6 class=\"wp-block-heading\">Stabilna in preprosta mre\u017ea za 2 kategoriji<\/h6>\n\n\n\n<h6 class=\"wp-block-heading\">Razli\u010dni sklopi polj in barvno kodiranje<\/h6>\n<\/div>\n\n\n\n<div class=\"wp-block-column is-layout-flow wp-block-column-is-layout-flow\">\n<h6 class=\"wp-block-heading\">Prikaz mejnikov s \u010dasovno lestvico<\/h6>\n\n\n\n<h6 class=\"wp-block-heading\">Samodejno skaliranje \u010dasovnice z za\u010detkom in koncem<\/h6>\n\n\n\n<h6 class=\"wp-block-heading\">Prilagodljivi opisi in barve odstopanj<\/h6>\n<\/div>\n\n\n\n<div class=\"wp-block-column is-layout-flow wp-block-column-is-layout-flow\">\n<h6 class=\"wp-block-heading\">Dodatki Performant<\/h6>\n\n\n\n<h6 class=\"wp-block-heading\">Logotip posameznega podjetja<\/h6>\n\n\n\n<h6 class=\"wp-block-heading\">Pogled zrelosti za \u0161tevilne primere uporabe<\/h6>\n<\/div>\n<\/div>\n\n\n\n<hr class=\"wp-block-separator has-css-opacity\"\/>\n\n\n\n<p>Naro\u010dite se tukaj in prejemajte ekskluzivne posodobitve in izdaje: <a href=\"https:\/\/www.leaplytics.de\/sl\/narocite_izdelek\/\"><strong>Naro\u010dnina<\/strong><\/a><\/p>\n\n\n\n<div class=\"wp-block-columns are-vertically-aligned-center is-layout-flex wp-container-core-columns-is-layout-4 wp-block-columns-is-layout-flex\">\n<div class=\"wp-block-column is-vertically-aligned-center is-layout-flow wp-block-column-is-layout-flow\" style=\"flex-basis:100%\">\n<p><\/p>\n<\/div>\n<\/div>\n\n\n\n<p><\/p>","protected":false},"excerpt":{"rendered":"<p>S toplotno karto tveganj za QilkSense si lahko vizualno ogledate svoje profile tveganj! Raz\u0161iritev je namenjena vizualizaciji profilov, ki se merijo v matriki dveh klju\u010dnih kazalnikov uspe\u0161nosti in razli\u010dnih kategorij. Vizualizira lahko ve\u010d kazalnikov (do 4 v brezpla\u010dni razli\u010dici) na polje. Razli\u010dne nastavitve, kot so enostavno preklapljanje med matriko s 3 \u00d7 3 in 5 \u00d7 5 polji, nastavitve robov in besedila, prilagodijo to raz\u0161iritev va\u0161im potrebam poro\u010danja. <\/p>\n<p>To raz\u0161iritev lahko uporabite tudi za spremljanje in dolo\u010danje mejnih vrednosti za vse vrste fizikalnih meril, kazalnikov kakovosti in razhajanj na splo\u0161no. S tem jo je mogo\u010de uporabiti za \u0161tevilne primere uporabe, ki se pojavljajo v razli\u010dnih podjetjih.<\/p>","protected":false},"author":1,"featured_media":0,"parent":227,"menu_order":1,"comment_status":"closed","ping_status":"closed","template":"","meta":{"footnotes":""},"class_list":["post-1785","page","type-page","status-publish","hentry","latest_post"],"_links":{"self":[{"href":"https:\/\/www.leaplytics.de\/sl\/wp-json\/wp\/v2\/pages\/1785","targetHints":{"allow":["GET"]}}],"collection":[{"href":"https:\/\/www.leaplytics.de\/sl\/wp-json\/wp\/v2\/pages"}],"about":[{"href":"https:\/\/www.leaplytics.de\/sl\/wp-json\/wp\/v2\/types\/page"}],"author":[{"embeddable":true,"href":"https:\/\/www.leaplytics.de\/sl\/wp-json\/wp\/v2\/users\/1"}],"replies":[{"embeddable":true,"href":"https:\/\/www.leaplytics.de\/sl\/wp-json\/wp\/v2\/comments?post=1785"}],"version-history":[{"count":3,"href":"https:\/\/www.leaplytics.de\/sl\/wp-json\/wp\/v2\/pages\/1785\/revisions"}],"predecessor-version":[{"id":13665,"href":"https:\/\/www.leaplytics.de\/sl\/wp-json\/wp\/v2\/pages\/1785\/revisions\/13665"}],"up":[{"embeddable":true,"href":"https:\/\/www.leaplytics.de\/sl\/wp-json\/wp\/v2\/pages\/227"}],"wp:attachment":[{"href":"https:\/\/www.leaplytics.de\/sl\/wp-json\/wp\/v2\/media?parent=1785"}],"curies":[{"name":"wp","href":"https:\/\/api.w.org\/{rel}","templated":true}]}}