{"id":2301,"date":"2021-09-10T23:49:33","date_gmt":"2021-09-10T21:49:33","guid":{"rendered":"https:\/\/www.leaplytics.de\/?page_id=2301"},"modified":"2022-05-08T00:34:51","modified_gmt":"2022-05-07T22:34:51","slug":"upravljanje-projektov-po-meri-microsoft-powerbi","status":"publish","type":"page","link":"https:\/\/www.leaplytics.de\/sl\/naslovna-stran\/upravljanje-projektov-po-meri-microsoft-powerbi\/","title":{"rendered":"Vizuali po meri za upravljanje projektov za Microsoft Power BI"},"content":{"rendered":"<p><strong>U\u010dinkovito in poslovno povezano<\/strong> je blagovna znamka podjetja LeapLytics in dodana vrednost na\u0161ih re\u0161itev.<\/p>\n<p>Na\u0161e vizualizacije po meri za upravljanje projektov za Microsoft Power BI so uradno odobrene s strani Microsofta in vklju\u010dujejo va\u0161e individualne re\u0161itve. Uporabite razli\u010dne mo\u017enosti za izbolj\u0161anje nadzorne plo\u0161\u010de in uresni\u010ditev svojih zamisli. Raz\u0161iritve imajo jasno strukturo in so izdelane s poudarkom na uporabniku, da bi bile \u010dim bolj intuitivne, ne da bi se pri tem odpovedali pomembnim funkcionalnostim.<\/p>\n<p>Zato celovita dokumentacija s podrobnim opisom mo\u017enih primerov uporabe pospe\u0161i uporabo in izvajanje.<\/p>\n<p>Spodaj so na voljo vizualne slike, s klikom na slike pa lahko razi\u0161\u010dete njihovo funkcionalnost.<\/p>\n<p>\u00a0<\/p>\n\n\n<div class=\"wp-block-media-text alignwide is-stacked-on-mobile\" style=\"grid-template-columns:43% auto\"><figure class=\"wp-block-media-text__media\"><a href=\"https:\/\/www.leaplytics.de\/sl\/naslovna-stran\/project-management-visuals-ms-powerbi\/semafor-za-prikazovanje-moci-bi\/\"><img loading=\"lazy\" decoding=\"async\" width=\"287\" height=\"300\" src=\"https:\/\/www.leaplytics.de\/wp-content\/uploads\/2021\/11\/TrafficLight300pixel.png\" alt=\"\" class=\"wp-image-2361 size-full\" srcset=\"https:\/\/www.leaplytics.de\/wp-content\/uploads\/2021\/11\/TrafficLight300pixel.png 287w, https:\/\/www.leaplytics.de\/wp-content\/uploads\/2021\/11\/TrafficLight300pixel-57x60.png 57w\" sizes=\"auto, (max-width: 287px) 100vw, 287px\" \/><\/a><\/figure><div class=\"wp-block-media-text__content\">\n<p class=\"has-large-font-size\">Semafor po meri Vizualno<\/p>\n<\/div><\/div>\n\n\n\n<p><\/p>","protected":false},"excerpt":{"rendered":"<p>U\u010dinkovitost in povezanost s poslovanjem je za\u0161\u010ditni znak LeapLytics in dodana vrednost na\u0161ih re\u0161itev.\u00a0<\/p>","protected":false},"author":1,"featured_media":0,"parent":111,"menu_order":0,"comment_status":"closed","ping_status":"closed","template":"","meta":{"footnotes":""},"class_list":["post-2301","page","type-page","status-publish","hentry","latest_post"],"_links":{"self":[{"href":"https:\/\/www.leaplytics.de\/sl\/wp-json\/wp\/v2\/pages\/2301","targetHints":{"allow":["GET"]}}],"collection":[{"href":"https:\/\/www.leaplytics.de\/sl\/wp-json\/wp\/v2\/pages"}],"about":[{"href":"https:\/\/www.leaplytics.de\/sl\/wp-json\/wp\/v2\/types\/page"}],"author":[{"embeddable":true,"href":"https:\/\/www.leaplytics.de\/sl\/wp-json\/wp\/v2\/users\/1"}],"replies":[{"embeddable":true,"href":"https:\/\/www.leaplytics.de\/sl\/wp-json\/wp\/v2\/comments?post=2301"}],"version-history":[{"count":0,"href":"https:\/\/www.leaplytics.de\/sl\/wp-json\/wp\/v2\/pages\/2301\/revisions"}],"up":[{"embeddable":true,"href":"https:\/\/www.leaplytics.de\/sl\/wp-json\/wp\/v2\/pages\/111"}],"wp:attachment":[{"href":"https:\/\/www.leaplytics.de\/sl\/wp-json\/wp\/v2\/media?parent=2301"}],"curies":[{"name":"wp","href":"https:\/\/api.w.org\/{rel}","templated":true}]}}