{"id":2436,"date":"2021-12-13T21:22:53","date_gmt":"2021-12-13T20:22:53","guid":{"rendered":"https:\/\/www.leaplytics.de\/?page_id=2436"},"modified":"2022-06-15T15:05:33","modified_gmt":"2022-06-15T13:05:33","slug":"semafor-moci-bi-ponudba","status":"publish","type":"page","link":"https:\/\/www.leaplytics.de\/sl\/semafor-moci-bi-ponudba\/","title":{"rendered":"Ponudba Traffic Light Power BI"},"content":{"rendered":"<div class=\"wp-block-image\">\n<figure class=\"aligncenter size-full is-resized\"><img loading=\"lazy\" decoding=\"async\" src=\"https:\/\/www.leaplytics.de\/wp-content\/uploads\/2020\/10\/Three-Traffic-Lights-e1644325953391.png\" alt=\"\" class=\"wp-image-411\" width=\"175\" height=\"183\"\/><\/figure><\/div>\n\n\n<div style=\"height:50px\" aria-hidden=\"true\" class=\"wp-block-spacer\"><\/div>\n\n\n\n<div class=\"wp-block-columns alignwide is-layout-flex wp-container-core-columns-is-layout-1 wp-block-columns-is-layout-flex\">\n<div class=\"wp-block-column has-text-color has-background has-link-color wp-elements-50e564fd3b335201ec964f140d74ba12 is-layout-flow wp-block-column-is-layout-flow\" style=\"background-color:#eeeeee;color:#000000;padding-top:2em;padding-right:2em;padding-bottom:2em;padding-left:2em\">\n<h2 class=\"wp-block-heading\" id=\"single\" style=\"font-size:40px\"><strong>Brezpla\u010dna razli\u010dica<\/strong><\/h2>\n\n\n\n<div style=\"height:10px\" aria-hidden=\"true\" class=\"wp-block-spacer\"><\/div>\n\n\n\n<p class=\"has-normal-font-size\" style=\"line-height:1.5\">Brezpla\u010dna razli\u010dica programa LeapLytics - Traffic Light je brezpla\u010dna za uporabo z vodnim znakom in omejeno funkcionalnostjo.<\/p>\n\n\n\n<div style=\"height:10px\" aria-hidden=\"true\" class=\"wp-block-spacer\"><\/div>\n\n\n\n<hr class=\"wp-block-separator has-text-color has-css-opacity has-background is-style-wide\" style=\"background-color:#000000;color:#000000\"\/>\n\n\n\n<div style=\"height:10px\" aria-hidden=\"true\" class=\"wp-block-spacer\"><\/div>\n\n\n\n<p><i class=\"fas fa-times\"><\/i> Odstranjen vodni znak<\/p>\n\n\n\n<p><i class=\"fas fa-check\"><\/i> Sistem treh lu\u010di<\/p>\n\n\n\n<p><i class=\"fas fa-times\"><\/i>  Sistem dveh lu\u010di<\/p>\n\n\n\n<p><i class=\"fas fa-times\"><\/i> Sistem ene lu\u010di<\/p>\n\n\n\n<p><i class=\"fas fa-check\"><\/i> Navpi\u010dna poravnava<\/p>\n\n\n\n<p><i class=\"fas fa-times\"><\/i> Vodoravna poravnava<\/p>\n\n\n\n<p><i class=\"fas fa-times\"><\/i> Nastavitve meje<\/p>\n\n\n\n<p><i class=\"fas fa-times\"><\/i> Nastavitve besedila<\/p>\n\n\n\n<p><i class=\"fas fa-times\"><\/i> Nastavitve barv<\/p>\n\n\n\n<div class=\"wp-block-buttons alignfull is-horizontal is-content-justification-center is-layout-flex wp-container-core-buttons-is-layout-1 wp-block-buttons-is-layout-flex\">\n<div class=\"wp-block-button\"><a class=\"wp-block-button__link\" href=\"https:\/\/appsource.microsoft.com\/en-en\/product\/power-bi-visuals\/leaplyticsgmbh1633373694058.leaplytics_traffic_light?tab=overview\" target=\"_blank\" rel=\"noreferrer noopener\">Pridobite brezpla\u010dno razli\u010dico<\/a><\/div>\n<\/div>\n\n\n\n<div style=\"height:30px\" aria-hidden=\"true\" class=\"wp-block-spacer\"><\/div>\n\n\n\n<p class=\"has-text-align-center has-text-color\" style=\"color:#98bd00\"><strong><em>\u017de uporabljate BREZPLA\u010cNO razli\u010dico tega vizualnega programa.<\/em><\/strong><\/p>\n<\/div>\n\n\n\n<div class=\"wp-block-column has-text-color has-background has-link-color wp-elements-27bc483104e077d24b05df2e0f3ad857 is-layout-flow wp-block-column-is-layout-flow\" style=\"background-color:#f2c80f;color:#000000;padding-top:2em;padding-right:2em;padding-bottom:2em;padding-left:2em\">\n<h2 class=\"wp-block-heading\" id=\"family\" style=\"font-size:40px\"><strong>Razli\u010dica PRO<\/strong><\/h2>\n\n\n\n<div style=\"height:10px\" aria-hidden=\"true\" class=\"wp-block-spacer\"><\/div>\n\n\n\n<p class=\"has-normal-font-size\" style=\"line-height:1.5\">Razli\u010dica PRO programa LeapLytics - Traffic Light odstrani vodni \u017eig in vse omejitve, da sprostite vso mo\u010d tega vizualnega programa.<\/p>\n\n\n\n<div style=\"height:10px\" aria-hidden=\"true\" class=\"wp-block-spacer\"><\/div>\n\n\n\n<hr class=\"wp-block-separator has-text-color has-black-color has-css-opacity has-black-background-color has-background is-style-wide\"\/>\n\n\n\n<div style=\"height:10px\" aria-hidden=\"true\" class=\"wp-block-spacer\"><\/div>\n\n\n\n<p><i class=\"fas fa-check\"><\/i>  Odstranjen vodni znak<\/p>\n\n\n\n<p><i class=\"fas fa-check\"><\/i>   Sistem treh lu\u010di<\/p>\n\n\n\n<p><i class=\"fas fa-check\"><\/i>   Sistem dveh lu\u010di<\/p>\n\n\n\n<p><i class=\"fas fa-check\"><\/i> Sistem ene lu\u010di<\/p>\n\n\n\n<p><i class=\"fas fa-check\"><\/i> Navpi\u010dna poravnava<\/p>\n\n\n\n<p><i class=\"fas fa-check\"><\/i> Vodoravna poravnava<\/p>\n\n\n\n<p><i class=\"fas fa-check\"><\/i> Nastavitve meje<\/p>\n\n\n\n<p><i class=\"fas fa-check\"><\/i> Nastavitve besedila<\/p>\n\n\n\n<p><i class=\"fas fa-check\"><\/i> Nastavitve barv<\/p>\n\n\n\n<div class=\"wp-block-buttons is-content-justification-center is-layout-flex wp-container-core-buttons-is-layout-2 wp-block-buttons-is-layout-flex\">\n<div class=\"wp-block-button\"><a class=\"wp-block-button__link\" href=\"https:\/\/shop.leaplytics.de\/product\/power-bi-traffic-light\/\">Nakup razli\u010dice PRO<\/a><\/div>\n<\/div>\n\n\n\n<div style=\"height:10px\" aria-hidden=\"true\" class=\"wp-block-spacer\"><\/div>\n\n\n\n<div class=\"wp-block-buttons alignfull is-horizontal is-content-justification-center is-layout-flex wp-container-core-buttons-is-layout-3 wp-block-buttons-is-layout-flex\">\n<div class=\"wp-block-button\"><a class=\"wp-block-button__link\" href=\"https:\/\/www.leaplytics.de\/sl\/semafor-moci-bi-ponudba\/#contact\">Preizkusite razli\u010dico PRO<\/a><\/div>\n<\/div>\n<\/div>\n<\/div>\n\n\n\n<div style=\"height:50px\" aria-hidden=\"true\" class=\"wp-block-spacer\"><\/div>\n\n\n\n<hr class=\"wp-block-separator has-text-color has-cyan-bluish-gray-color has-css-opacity has-cyan-bluish-gray-background-color has-background\"\/>\n\n\n\n<div style=\"height:50px\" aria-hidden=\"true\" class=\"wp-block-spacer\"><\/div>\n\n\n\n<h2 class=\"wp-block-heading\" id=\"contact\">Preizkusite pred nakupom! <\/h2>\n\n\n\n<div style=\"height:10px\" aria-hidden=\"true\" class=\"wp-block-spacer\"><\/div>\n\n\n\n<h4 class=\"wp-block-heading\" id=\"contact\">Zahtevajte svojo osebno dvotedensko preizkusno licenco zdaj!<\/h4>\n\n\n\n<div style=\"height:50px\" aria-hidden=\"true\" class=\"wp-block-spacer\"><\/div>\n\n\n\n<div class=\"wpcf7 no-js\" id=\"wpcf7-f8633-o1\" lang=\"de-DE\" dir=\"ltr\" data-wpcf7-id=\"8633\">\n<div class=\"screen-reader-response\"><p role=\"status\" aria-live=\"polite\" aria-atomic=\"true\"><\/p> <ul><\/ul><\/div>\n<form action=\"\/sl\/wp-json\/wp\/v2\/pages\/2436#wpcf7-f8633-o1\" method=\"post\" class=\"wpcf7-form init\" aria-label=\"Kontaktformular\" novalidate=\"novalidate\" data-status=\"init\" data-trp-original-action=\"\/sl\/wp-json\/wp\/v2\/pages\/2436#wpcf7-f8633-o1\">\n<fieldset class=\"hidden-fields-container\"><input type=\"hidden\" name=\"_wpcf7\" value=\"8633\" \/><input type=\"hidden\" name=\"_wpcf7_version\" value=\"6.1.1\" \/><input type=\"hidden\" name=\"_wpcf7_locale\" value=\"de_DE\" \/><input type=\"hidden\" name=\"_wpcf7_unit_tag\" value=\"wpcf7-f8633-o1\" \/><input type=\"hidden\" name=\"_wpcf7_container_post\" value=\"0\" \/><input type=\"hidden\" name=\"_wpcf7_posted_data_hash\" value=\"\" \/><input type=\"hidden\" name=\"_wpcf7_recaptcha_response\" value=\"\" \/>\n<\/fieldset>\n<p><label> Ime (*)<br \/>\n<span class=\"wpcf7-form-control-wrap\" data-name=\"first-name\"><input size=\"40\" maxlength=\"400\" class=\"wpcf7-form-control wpcf7-text wpcf7-validates-as-required\" aria-required=\"true\" aria-invalid=\"false\" value=\"\" type=\"text\" name=\"first-name\" \/><\/span><\/label>\n<\/p>\n<p><label> Priimek (*)<br \/>\n<span class=\"wpcf7-form-control-wrap\" data-name=\"your-name\"><input size=\"40\" maxlength=\"400\" class=\"wpcf7-form-control wpcf7-text wpcf7-validates-as-required\" aria-required=\"true\" aria-invalid=\"false\" value=\"\" type=\"text\" name=\"your-name\" \/><\/span> <\/label>\n<\/p>\n<p><label> Poslovna e-po\u0161ta (*)<br \/>\n<span class=\"wpcf7-form-control-wrap\" data-name=\"your-email\"><input size=\"40\" maxlength=\"400\" class=\"wpcf7-form-control wpcf7-email wpcf7-validates-as-required wpcf7-text wpcf7-validates-as-email\" aria-required=\"true\" aria-invalid=\"false\" value=\"\" type=\"email\" name=\"your-email\" \/><\/span> <\/label>\n<\/p>\n<p><label> Podjetje (*)<br \/>\n<span class=\"wpcf7-form-control-wrap\" data-name=\"Company\"><input size=\"40\" maxlength=\"400\" class=\"wpcf7-form-control wpcf7-text wpcf7-validates-as-required\" aria-required=\"true\" aria-invalid=\"false\" value=\"\" type=\"text\" name=\"Company\" \/><\/span> <\/label>\n<\/p>\n<p><b>Upo\u0161tevajte:<\/b> \u010ce to storite <u>ne vidijo<\/u> \"Po\u0161lji\" spodaj, ste <u>ni sprejeto<\/u> na\u0161 pravilnik o zasebnosti. Zato va\u0161ih podatkov ne smemo zbirati v tej obliki. Pi\u0161ite nam v klepetu na desni strani ali nam po\u0161ljite e-po\u0161to na naslov <a href=\"\/sl\/&\/#109;&#x61;&#105;&#x6c;&#116;&#x6f;&#58;&#x69;&#110;&#x66;&#111;&#x40;l&#x65;a&#x70;l&#x79;t&#x69;c&#x73;&#46;&#100;&#x65;\"><i class=\"fa fa-envelope\" aria-hidden=\"true\"><\/i>info@leaplytics.de<\/a> ali izbri\u0161ite pi\u0161kotke v brskalniku (Ctrl + Shift + Delete) in po ponovnem nalaganju strani sprejmite politiko zasebnosti.\n<\/p><div class=\"wpcf7-response-output\" aria-hidden=\"true\"><\/div>\n<input type=\"hidden\" name=\"trp-form-language\" value=\"sl\"\/><\/form>\n<\/div>\n\n\n\n\n<p><\/p>","protected":false},"excerpt":{"rendered":"<p>FREE Version The FREE Version of LeapLytics &#8211; Traffic Light is free to use with watermark and limited functionality. Watermark removed Three Light System Two Light System One Light System Vertical Alignment Horizontal Alignment Border Settings Text Settings Color Settings You are already using the FREE version of this visual. PRO Version The PRO Version &hellip; <\/p>","protected":false},"author":2,"featured_media":0,"parent":0,"menu_order":0,"comment_status":"closed","ping_status":"closed","template":"","meta":{"footnotes":""},"class_list":["post-2436","page","type-page","status-publish","hentry","latest_post"],"_links":{"self":[{"href":"https:\/\/www.leaplytics.de\/sl\/wp-json\/wp\/v2\/pages\/2436","targetHints":{"allow":["GET"]}}],"collection":[{"href":"https:\/\/www.leaplytics.de\/sl\/wp-json\/wp\/v2\/pages"}],"about":[{"href":"https:\/\/www.leaplytics.de\/sl\/wp-json\/wp\/v2\/types\/page"}],"author":[{"embeddable":true,"href":"https:\/\/www.leaplytics.de\/sl\/wp-json\/wp\/v2\/users\/2"}],"replies":[{"embeddable":true,"href":"https:\/\/www.leaplytics.de\/sl\/wp-json\/wp\/v2\/comments?post=2436"}],"version-history":[{"count":0,"href":"https:\/\/www.leaplytics.de\/sl\/wp-json\/wp\/v2\/pages\/2436\/revisions"}],"wp:attachment":[{"href":"https:\/\/www.leaplytics.de\/sl\/wp-json\/wp\/v2\/media?parent=2436"}],"curies":[{"name":"wp","href":"https:\/\/api.w.org\/{rel}","templated":true}]}}