{"id":6466,"date":"2022-04-25T20:37:23","date_gmt":"2022-04-25T18:37:23","guid":{"rendered":"https:\/\/www.leaplytics.de\/?page_id=6466"},"modified":"2024-10-29T13:14:46","modified_gmt":"2024-10-29T12:14:46","slug":"vizualne-aplikacije-power-bi","status":"publish","type":"page","link":"https:\/\/www.leaplytics.de\/sl\/vizualne-aplikacije-power-bi\/","title":{"rendered":"Aplikacije in vizualije Power BI"},"content":{"rendered":"<p style=\"font-size:18px\">Na\u0161e vizualne re\u0161itve za Power BI so certificirane s strani Microsofta in jih lahko prilagodite tako, da vklju\u010dujejo va\u0161e individualne re\u0161itve. Z jasno strukturo in oblikovanjem, osredoto\u010denim na uporabnika, na\u0161e vizualizacije izbolj\u0161ajo va\u0161o nadzorno plo\u0161\u010do in olaj\u0161ajo izvajanje va\u0161ih zamisli, ne da bi pri tem \u017ertvovali pomembno funkcionalnost!<\/p>\n\n\n\n<figure class=\"wp-block-image size-full\"><img loading=\"lazy\" decoding=\"async\" width=\"1510\" height=\"785\" src=\"https:\/\/www.leaplytics.de\/wp-content\/uploads\/2022\/04\/Dashboard_PowerBI.png\" alt=\"\" class=\"wp-image-6494\" srcset=\"https:\/\/www.leaplytics.de\/wp-content\/uploads\/2022\/04\/Dashboard_PowerBI.png 1510w, https:\/\/www.leaplytics.de\/wp-content\/uploads\/2022\/04\/Dashboard_PowerBI-300x156.png 300w, https:\/\/www.leaplytics.de\/wp-content\/uploads\/2022\/04\/Dashboard_PowerBI-1024x532.png 1024w, https:\/\/www.leaplytics.de\/wp-content\/uploads\/2022\/04\/Dashboard_PowerBI-768x399.png 768w, https:\/\/www.leaplytics.de\/wp-content\/uploads\/2022\/04\/Dashboard_PowerBI-115x60.png 115w\" sizes=\"auto, (max-width: 1510px) 100vw, 1510px\" \/><\/figure>\n\n\n\n<div style=\"height:85px\" aria-hidden=\"true\" class=\"wp-block-spacer\"><\/div>\n\n\n\n<div class=\"wp-block-media-text alignwide is-stacked-on-mobile\" style=\"grid-template-columns:60% auto\"><figure class=\"wp-block-media-text__media\"><img loading=\"lazy\" decoding=\"async\" width=\"1024\" height=\"576\" src=\"https:\/\/www.leaplytics.de\/wp-content\/uploads\/2022\/04\/First_Slice_Traffic_Light_PowerBI-1024x576.png\" alt=\"\" class=\"wp-image-6582 size-full\" srcset=\"https:\/\/www.leaplytics.de\/wp-content\/uploads\/2022\/04\/First_Slice_Traffic_Light_PowerBI-1024x576.png 1024w, https:\/\/www.leaplytics.de\/wp-content\/uploads\/2022\/04\/First_Slice_Traffic_Light_PowerBI-300x169.png 300w, https:\/\/www.leaplytics.de\/wp-content\/uploads\/2022\/04\/First_Slice_Traffic_Light_PowerBI-768x432.png 768w, https:\/\/www.leaplytics.de\/wp-content\/uploads\/2022\/04\/First_Slice_Traffic_Light_PowerBI-107x60.png 107w, https:\/\/www.leaplytics.de\/wp-content\/uploads\/2022\/04\/First_Slice_Traffic_Light_PowerBI.png 1140w\" sizes=\"auto, (max-width: 1024px) 100vw, 1024px\" \/><\/figure><div class=\"wp-block-media-text__content\">\n<p style=\"font-size:30px\"><strong>Semafor<\/strong> <em>Power BI Visual<\/em><\/p>\n\n\n\n<p><img loading=\"lazy\" decoding=\"async\" width=\"130\" height=\"32\" class=\"wp-image-8358\" style=\"width: 130px;\" src=\"https:\/\/www.leaplytics.de\/wp-content\/uploads\/2022\/05\/PBI-Certified.png\" alt=\"\" srcset=\"https:\/\/www.leaplytics.de\/wp-content\/uploads\/2022\/05\/PBI-Certified.png 152w, https:\/\/www.leaplytics.de\/wp-content\/uploads\/2022\/05\/PBI-Certified-150x37.png 150w\" sizes=\"auto, (max-width: 130px) 100vw, 130px\" \/><\/p>\n\n\n\n<p style=\"font-size:18px\">Ta re\u0161itev semaforja vam omogo\u010da enostavno spremljanje stanja projekta in morebitnih mejnih vrednosti, zato je dragocen pripomo\u010dek Power BI Visual za spremljanje klju\u010dnih kazalnikov uspe\u0161nosti. S svojo visoko stopnjo prilagajanja je \"semafor\" idealno orodje za spremljanje klju\u010dnih kazalnikov uspe\u0161nosti.<\/p>\n<\/div><\/div>\n\n\n\n<div class=\"wp-block-media-text alignwide has-media-on-the-right is-stacked-on-mobile\" style=\"grid-template-columns:auto 40%\"><div class=\"wp-block-media-text__content\">\n<p style=\"font-size:18px\">\"Semafor\" je vsestranski vizualni program Power BI, ki se lahko uporablja za spremljanje in ozna\u010devanje mejnih vrednosti za vse vrste fizi\u010dnih meril, kazalnikov kakovosti in razhajanj. Zaradi \u0161irokega nabora aplikacij je ta vizualni prikaz u\u010dinkovito orodje za podjetja v vseh panogah.<\/p>\n\n\n\n<div class=\"wp-block-buttons is-layout-flex wp-block-buttons-is-layout-flex\">\n<div class=\"wp-block-button\"><a class=\"wp-block-button__link has-very-light-gray-to-cyan-bluish-gray-gradient-background has-background wp-element-button\" href=\"https:\/\/www.leaplytics.de\/sl\/naslovna-stran\/upravljanje-projektov-po-meri-microsoft-powerbi\/semafor-za-prikazovanje-moci-bi\/\">Preberite ve\u010d<\/a><\/div>\n<\/div>\n<\/div><figure class=\"wp-block-media-text__media\"><img loading=\"lazy\" decoding=\"async\" width=\"1024\" height=\"576\" src=\"https:\/\/www.leaplytics.de\/wp-content\/uploads\/2022\/04\/Second_Slice_Traffic_light_QlikSense_yellow-1024x576.png\" alt=\"\" class=\"wp-image-6479 size-full\" srcset=\"https:\/\/www.leaplytics.de\/wp-content\/uploads\/2022\/04\/Second_Slice_Traffic_light_QlikSense_yellow-1024x576.png 1024w, https:\/\/www.leaplytics.de\/wp-content\/uploads\/2022\/04\/Second_Slice_Traffic_light_QlikSense_yellow-300x169.png 300w, https:\/\/www.leaplytics.de\/wp-content\/uploads\/2022\/04\/Second_Slice_Traffic_light_QlikSense_yellow-768x432.png 768w, https:\/\/www.leaplytics.de\/wp-content\/uploads\/2022\/04\/Second_Slice_Traffic_light_QlikSense_yellow-107x60.png 107w, https:\/\/www.leaplytics.de\/wp-content\/uploads\/2022\/04\/Second_Slice_Traffic_light_QlikSense_yellow.png 1140w\" sizes=\"auto, (max-width: 1024px) 100vw, 1024px\" \/><\/figure><\/div>\n\n\n\n<div style=\"height:100px\" aria-hidden=\"true\" class=\"wp-block-spacer\"><\/div>\n\n\n\n<div style=\"height:100px\" aria-hidden=\"true\" class=\"wp-block-spacer\"><\/div>\n\n\n\n<div class=\"wp-block-media-text alignwide is-stacked-on-mobile\" style=\"grid-template-columns:60% auto\"><figure class=\"wp-block-media-text__media\"><img loading=\"lazy\" decoding=\"async\" width=\"1024\" height=\"576\" src=\"https:\/\/www.leaplytics.de\/wp-content\/uploads\/2022\/04\/First_Slice_Risk_Map_PowerBI-1024x576.png\" alt=\"\" class=\"wp-image-6585 size-full\" srcset=\"https:\/\/www.leaplytics.de\/wp-content\/uploads\/2022\/04\/First_Slice_Risk_Map_PowerBI-1024x576.png 1024w, https:\/\/www.leaplytics.de\/wp-content\/uploads\/2022\/04\/First_Slice_Risk_Map_PowerBI-300x169.png 300w, https:\/\/www.leaplytics.de\/wp-content\/uploads\/2022\/04\/First_Slice_Risk_Map_PowerBI-768x432.png 768w, https:\/\/www.leaplytics.de\/wp-content\/uploads\/2022\/04\/First_Slice_Risk_Map_PowerBI-107x60.png 107w, https:\/\/www.leaplytics.de\/wp-content\/uploads\/2022\/04\/First_Slice_Risk_Map_PowerBI.png 1140w\" sizes=\"auto, (max-width: 1024px) 100vw, 1024px\" \/><\/figure><div class=\"wp-block-media-text__content\">\n<p style=\"font-size:30px\"><strong>Matrika tveganj <\/strong><em>Power BI Visual<\/em><\/p>\n\n\n\n<p><img loading=\"lazy\" decoding=\"async\" width=\"130\" height=\"32\" class=\"wp-image-8358\" style=\"width: 130px;\" src=\"https:\/\/www.leaplytics.de\/wp-content\/uploads\/2022\/05\/PBI-Certified.png\" alt=\"\" srcset=\"https:\/\/www.leaplytics.de\/wp-content\/uploads\/2022\/05\/PBI-Certified.png 152w, https:\/\/www.leaplytics.de\/wp-content\/uploads\/2022\/05\/PBI-Certified-150x37.png 150w\" sizes=\"auto, (max-width: 130px) 100vw, 130px\" \/><\/p>\n\n\n\n<p style=\"font-size:18px\">Matrika tveganj za Power BI ponuja jasen, vizualen prikaz profilov tveganj, s katerim lahko la\u017eje spremljate in bolje razumete svoja tveganja. Z mo\u017enostjo vizualizacije ve\u010d kazalnikov na posamezno polje je ta vizualni prikaz dragoceno orodje za pridobivanje vpogleda v va\u0161e profile tveganj.<\/p>\n<\/div><\/div>\n\n\n\n<div class=\"wp-block-media-text alignwide has-media-on-the-right is-stacked-on-mobile\" style=\"grid-template-columns:auto 40%\"><div class=\"wp-block-media-text__content\">\n<p style=\"font-size:18px\">Matrika tveganj je u\u010dinkovito orodje za prevzem nadzora nad ocenjevanjem tveganj. Z jasnim, vizualnim prikazom profilov tveganj omogo\u010da jasno razumevanje va\u0161ih tveganj.<\/p>\n\n\n\n<div class=\"wp-block-buttons is-layout-flex wp-block-buttons-is-layout-flex\">\n<div class=\"wp-block-button\"><a class=\"wp-block-button__link has-background wp-element-button\" href=\"https:\/\/www.leaplytics.de\/sl\/naslovna-stran\/upravljanje-projektov-po-meri-microsoft-powerbi\/toplotna-karta-tveganja-po-meri-za-power-bi\/\" style=\"background:linear-gradient(135deg,rgb(252,185,0) 0%,rgb(242,200,17) 100%)\">Preberite ve\u010d<\/a><\/div>\n<\/div>\n<\/div><figure class=\"wp-block-media-text__media\"><img loading=\"lazy\" decoding=\"async\" width=\"1024\" height=\"576\" src=\"https:\/\/www.leaplytics.de\/wp-content\/uploads\/2022\/04\/Second_Slice_Risk_Map_QlikSense_stone-1-1024x576.png\" alt=\"\" class=\"wp-image-6480 size-full\" srcset=\"https:\/\/www.leaplytics.de\/wp-content\/uploads\/2022\/04\/Second_Slice_Risk_Map_QlikSense_stone-1-1024x576.png 1024w, https:\/\/www.leaplytics.de\/wp-content\/uploads\/2022\/04\/Second_Slice_Risk_Map_QlikSense_stone-1-300x169.png 300w, https:\/\/www.leaplytics.de\/wp-content\/uploads\/2022\/04\/Second_Slice_Risk_Map_QlikSense_stone-1-768x432.png 768w, https:\/\/www.leaplytics.de\/wp-content\/uploads\/2022\/04\/Second_Slice_Risk_Map_QlikSense_stone-1-107x60.png 107w, https:\/\/www.leaplytics.de\/wp-content\/uploads\/2022\/04\/Second_Slice_Risk_Map_QlikSense_stone-1.png 1140w\" sizes=\"auto, (max-width: 1024px) 100vw, 1024px\" \/><\/figure><\/div>","protected":false},"excerpt":{"rendered":"<p>Na\u0161e vizualne re\u0161itve za Power BI so certificirane s strani Microsofta in jih lahko prilagodite tako, da vklju\u010dujejo va\u0161e individualne re\u0161itve. Z jasno strukturo in oblikovanjem, osredoto\u010denim na uporabnika, na\u0161e vizualizacije izbolj\u0161ajo va\u0161o nadzorno plo\u0161\u010do in olaj\u0161ajo izvajanje va\u0161ih zamisli, ne da bi pri tem \u017ertvovali pomembno funkcionalnost! Vizualna re\u0161itev Power BI s semaforjem Ta re\u0161itev s semaforjem vam omogo\u010da enostavno ... <\/p>","protected":false},"author":3,"featured_media":0,"parent":0,"menu_order":0,"comment_status":"closed","ping_status":"closed","template":"","meta":{"footnotes":""},"class_list":["post-6466","page","type-page","status-publish","hentry","latest_post"],"_links":{"self":[{"href":"https:\/\/www.leaplytics.de\/sl\/wp-json\/wp\/v2\/pages\/6466","targetHints":{"allow":["GET"]}}],"collection":[{"href":"https:\/\/www.leaplytics.de\/sl\/wp-json\/wp\/v2\/pages"}],"about":[{"href":"https:\/\/www.leaplytics.de\/sl\/wp-json\/wp\/v2\/types\/page"}],"author":[{"embeddable":true,"href":"https:\/\/www.leaplytics.de\/sl\/wp-json\/wp\/v2\/users\/3"}],"replies":[{"embeddable":true,"href":"https:\/\/www.leaplytics.de\/sl\/wp-json\/wp\/v2\/comments?post=6466"}],"version-history":[{"count":1,"href":"https:\/\/www.leaplytics.de\/sl\/wp-json\/wp\/v2\/pages\/6466\/revisions"}],"predecessor-version":[{"id":13658,"href":"https:\/\/www.leaplytics.de\/sl\/wp-json\/wp\/v2\/pages\/6466\/revisions\/13658"}],"wp:attachment":[{"href":"https:\/\/www.leaplytics.de\/sl\/wp-json\/wp\/v2\/media?parent=6466"}],"curies":[{"name":"wp","href":"https:\/\/api.w.org\/{rel}","templated":true}]}}