{"id":699,"date":"2020-12-07T20:33:50","date_gmt":"2020-12-07T19:33:50","guid":{"rendered":"https:\/\/www.leaplytics.de\/?page_id=699"},"modified":"2024-11-04T10:02:48","modified_gmt":"2024-11-04T09:02:48","slug":"razsiritev-matrike-tveganja-za-qliksense","status":"publish","type":"page","link":"https:\/\/www.leaplytics.de\/sl\/naslovna-stran\/razsiritve-qlik-sense\/razsiritev-matrike-tveganja-za-qliksense\/","title":{"rendered":"Raz\u0161iritev matrike tveganj za Qlik Sense"},"content":{"rendered":"<p>Z matriko tveganj \/ toplotno karto za Qlik Sense pridobite jasen vizualni pogled na profile tveganj! Ta raz\u0161iritev je zasnovana za vizualizacijo profilov, ki se merijo v matriki dveh klju\u010dnih kazalnikov uspe\u0161nosti in razli\u010dnih kategorij. Vizualizira lahko ve\u010d kazalnikov na polje. Vse izraze lahko poljubno in dinami\u010dno izbirate med matriko 3\u00d73 in 5\u00d75. Razli\u010dne nastavitve, kot so barve po meri, prilagodljive nastavitve robov in besedila, prilagodijo to raz\u0161iritev va\u0161im potrebam poro\u010danja.<\/p>\n\n\n\n<div style=\"height:10px\" aria-hidden=\"true\" class=\"wp-block-spacer\"><\/div>\n\n\n<div class=\"wp-block-image\">\n<figure class=\"aligncenter size-large\"><img loading=\"lazy\" decoding=\"async\" width=\"1024\" height=\"576\" src=\"https:\/\/www.leaplytics.de\/wp-content\/uploads\/2022\/04\/First_Slice_Risk_Map_QlikSense_stone-1024x576.png\" alt=\"\" class=\"wp-image-6471\" srcset=\"https:\/\/www.leaplytics.de\/wp-content\/uploads\/2022\/04\/First_Slice_Risk_Map_QlikSense_stone-1024x576.png 1024w, https:\/\/www.leaplytics.de\/wp-content\/uploads\/2022\/04\/First_Slice_Risk_Map_QlikSense_stone-300x169.png 300w, https:\/\/www.leaplytics.de\/wp-content\/uploads\/2022\/04\/First_Slice_Risk_Map_QlikSense_stone-768x432.png 768w, https:\/\/www.leaplytics.de\/wp-content\/uploads\/2022\/04\/First_Slice_Risk_Map_QlikSense_stone-107x60.png 107w, https:\/\/www.leaplytics.de\/wp-content\/uploads\/2022\/04\/First_Slice_Risk_Map_QlikSense_stone.png 1140w\" sizes=\"auto, (max-width: 1024px) 100vw, 1024px\" \/><\/figure><\/div>\n\n\n<div style=\"height:100px\" aria-hidden=\"true\" class=\"wp-block-spacer\"><\/div>\n\n\n\n<h3 class=\"wp-block-heading has-text-align-center\">Pridobite ga zdaj!<\/h3>\n\n\n\n<div style=\"height:50px\" aria-hidden=\"true\" class=\"wp-block-spacer\"><\/div>\n\n\n\n<div class=\"wp-block-columns alignwide is-layout-flex wp-container-core-columns-is-layout-1 wp-block-columns-is-layout-flex\">\n<div class=\"wp-block-column has-text-color has-background has-link-color wp-elements-dfea0d1df7d7210c16180380cb297c35 is-layout-flow wp-block-column-is-layout-flow\" style=\"color:#000000;background-color:#eeeeee;padding-top:2em;padding-right:2em;padding-bottom:2em;padding-left:2em\">\n<h2 class=\"wp-block-heading\" id=\"single\" style=\"font-size:40px\"><strong>Brezpla\u010dna razli\u010dica<\/strong><\/h2>\n\n\n\n<div style=\"height:10px\" aria-hidden=\"true\" class=\"wp-block-spacer\"><\/div>\n\n\n\n<p class=\"has-normal-font-size\" style=\"line-height:1.5\">Brezpla\u010dno razli\u010dico LeapLytics - Risk Matrix lahko \u0161tiri tedne brezpla\u010dno uporabljate na katerem koli stre\u017eniku in v katerem koli podjetju. Preverite, ali na\u0161a re\u0161itev izpolnjuje va\u0161e zahteve.<\/p>\n\n\n\n<div style=\"height:10px\" aria-hidden=\"true\" class=\"wp-block-spacer\"><\/div>\n\n\n\n<hr class=\"wp-block-separator has-text-color has-css-opacity has-background is-style-wide\" style=\"background-color:#000000;color:#000000\"\/>\n\n\n\n<div style=\"height:10px\" aria-hidden=\"true\" class=\"wp-block-spacer\"><\/div>\n\n\n\n<p><i class=\"fas fa-check\"><\/i> Odstranjen vodni znak<\/p>\n\n\n\n<p><i class=\"fas fa-check\"><\/i> Velikost posamezne mre\u017ee<\/p>\n\n\n\n<p><i class=\"fas fa-check\"><\/i> Uporabni\u0161ko dolo\u010dena barvna shema<\/p>\n\n\n\n<p><i class=\"fas fa-check\"><\/i> Pretvornik barv<\/p>\n\n\n\n<p><i class=\"fas fa-check\"><\/i> Nastavitve meje<\/p>\n\n\n\n<p><i class=\"fas fa-check\"><\/i> Nastavitve osi<\/p>\n\n\n\n<p><i class=\"fas fa-check\"><\/i> Nastavitve indikatorja<\/p>\n\n\n\n<p><i class=\"fas fa-check\"><\/i> Nastavitve besedila<\/p>\n\n\n\n<p><i class=\"fas fa-check\"><\/i> Nastavitve barv<\/p>\n\n\n\n<p><i class=\"fas fa-check\"><\/i> Navigacije in dejanja<\/p>\n\n\n\n<p><i class=\"fas fa-check\"><\/i> Natisljivo*<\/p>\n\n\n\n<div class=\"wp-block-buttons alignfull is-horizontal is-content-justification-center is-layout-flex wp-container-core-buttons-is-layout-1 wp-block-buttons-is-layout-flex\">\n<div class=\"wp-block-button\"><a class=\"wp-block-button__link has-white-color has-text-color wp-element-button\" href=\"https:\/\/developer.qlik.com\/garden\/5fd6531adae7960011eb30ec\" target=\"_blank\" rel=\"noreferrer noopener\">Pridobite BREZPLA\u010cNO razli\u010dico<\/a><\/div>\n<\/div>\n<\/div>\n\n\n\n<div class=\"wp-block-column has-text-color has-background has-link-color wp-elements-6ae2b82b5852519cfb4d42d032a83f17 is-layout-flow wp-block-column-is-layout-flow\" style=\"color:#000000;background-color:#98bd00;padding-top:2em;padding-right:2em;padding-bottom:2em;padding-left:2em\">\n<h2 class=\"wp-block-heading\" id=\"family\" style=\"font-size:40px\"><strong>Razli\u010dica PRO<\/strong><\/h2>\n\n\n\n<div style=\"height:10px\" aria-hidden=\"true\" class=\"wp-block-spacer\"><\/div>\n\n\n\n<p class=\"has-normal-font-size\" style=\"line-height:1.5\">Razli\u010dica PRO programa LeapLytics - Matrika tveganj sprosti vso mo\u010d tega vizualnega orodja. Ena licenca na stre\u017enik in podjetje - ena cena na leto.<\/p>\n\n\n\n<div style=\"height:10px\" aria-hidden=\"true\" class=\"wp-block-spacer\"><\/div>\n\n\n\n<hr class=\"wp-block-separator has-text-color has-black-color has-css-opacity has-black-background-color has-background is-style-wide\"\/>\n\n\n\n<div style=\"height:10px\" aria-hidden=\"true\" class=\"wp-block-spacer\"><\/div>\n\n\n\n<p><i class=\"fas fa-check\"><\/i>  Odstranjen vodni znak<\/p>\n\n\n\n<p><i class=\"fas fa-check\"><\/i>  Velikost posamezne mre\u017ee<\/p>\n\n\n\n<p><i class=\"fas fa-check\"><\/i>  Uporabni\u0161ko dolo\u010dena barvna shema<\/p>\n\n\n\n<p><i class=\"fas fa-check\"><\/i>  Pretvornik barv<\/p>\n\n\n\n<p><i class=\"fas fa-check\"><\/i>  Nastavitve meje<\/p>\n\n\n\n<p><i class=\"fas fa-check\"><\/i>  Nastavitve osi<\/p>\n\n\n\n<p><i class=\"fas fa-check\"><\/i>  Nastavitve indikatorja<\/p>\n\n\n\n<p><i class=\"fas fa-check\"><\/i>  Nastavitve besedila<\/p>\n\n\n\n<p><i class=\"fas fa-check\"><\/i>  Nastavitve barv<\/p>\n\n\n\n<p><i class=\"fas fa-check\"><\/i>  Navigacije in dejanja<\/p>\n\n\n\n<p><i class=\"fas fa-check\"><\/i>  Natisljivo*<\/p>\n\n\n\n<div class=\"wp-block-buttons alignfull is-horizontal is-content-justification-center is-layout-flex wp-container-core-buttons-is-layout-2 wp-block-buttons-is-layout-flex\">\n<div class=\"wp-block-button\"><a class=\"wp-block-button__link has-white-color has-text-color wp-element-button\" href=\"https:\/\/shop.leaplytics.de\/product\/power-bi-risk-heatmap\/\">Pridobite razli\u010dico PRO<\/a><\/div>\n<\/div>\n<\/div>\n<\/div>\n\n\n\n<p>* glej <a href=\"https:\/\/community.qlik.com\/t5\/Knowledge\/Qlik-Sense-Enterprise-SaaS-Third-party-extensions-cannot-be\/ta-p\/1755264\">Omejitve QlikSense <\/a><\/p>\n\n\n\n<div style=\"height:100px\" aria-hidden=\"true\" class=\"wp-block-spacer\"><\/div>\n\n\n\n<h3 class=\"wp-block-heading has-text-align-center\">Dokumentacija<\/h3>\n\n\n\n<div style=\"height:50px\" aria-hidden=\"true\" class=\"wp-block-spacer\"><\/div>\n\n\n<div class=\"_df_book df-lite\" id=\"df_726\"  _slug=\"risk-heatmap\" data-title=\"risk-heatmap\" wpoptions=\"true\" thumb=\"https:\/\/www.leaplytics.de\/wp-content\/uploads\/2020\/12\/Risk-Map-picture.jpg\" thumbtype=\"\" ><\/div><script class=\"df-shortcode-script\" nowprocket type=\"application\/javascript\">window.option_df_726 = {\"outline\":[],\"autoEnableOutline\":\"false\",\"autoEnableThumbnail\":\"false\",\"overwritePDFOutline\":\"false\",\"backgroundImage\":\"https:\\\/\\\/www.leaplytics.de\\\/wp-content\\\/uploads\\\/2020\\\/10\\\/mathew-schwartz-sb7RUrRMaC4-unsplash-scaled.jpg\",\"direction\":\"1\",\"pageSize\":\"0\",\"source\":\"https:\\\/\\\/www.leaplytics.de\\\/wp-content\\\/uploads\\\/2022\\\/02\\\/Risk-Heatmap-Qlik-Sense-User-Documentation_Pro_1.4.0.0.pdf\",\"wpOptions\":\"true\"}; if(window.DFLIP && window.DFLIP.parseBooks){window.DFLIP.parseBooks();}<\/script>\n\n\n\n<div style=\"height:50px\" aria-hidden=\"true\" class=\"wp-block-spacer\"><\/div>\n\n\n\n<div class=\"wp-block-buttons is-content-justification-center is-layout-flex wp-container-core-buttons-is-layout-3 wp-block-buttons-is-layout-flex\">\n<div class=\"wp-block-button\"><a class=\"wp-block-button__link wp-element-button\" href=\"https:\/\/www.leaplytics.de\/wp-content\/uploads\/2022\/02\/Risk-Heatmap-Qlik-Sense-User-Documentation_Pro_1.4.0.0.pdf\" target=\"_blank\" rel=\"noreferrer noopener\">Prenos dokumentacije<\/a><\/div>\n<\/div>\n\n\n\n<div style=\"height:50px\" aria-hidden=\"true\" class=\"wp-block-spacer\"><\/div>\n\n\n\n<p>Naro\u010dite se tukaj in prejemajte ekskluzivne posodobitve in izdaje: <a href=\"https:\/\/www.leaplytics.de\/sl\/narocite_izdelek\/\">Naro\u010dnina<\/a><\/p>\n\n\n\n<hr class=\"wp-block-separator has-css-opacity is-style-default\"\/>\n\n\n\n<h2 class=\"wp-block-heading\" id=\"introduction-risk-heatmap-extension-for-qlik-sense\">Uvod Raz\u0161iritev matrike tveganja za Qlik Sense<\/h2>\n\n\n\n<p>Z matriko tveganj za Qlik Sense pridobite jasen vizualni pogled na profile tveganj! Raz\u0161iritev je zasnovana za vizualizacijo profilov, ki se merijo v matriki dveh klju\u010dnih kazalnikov uspe\u0161nosti in razli\u010dnih kategorij. Vizualizira lahko ve\u010d kazalnikov na polje. Vse izraze lahko poljubno in dinami\u010dno izbirate med matriko 3\u00d73 in 5\u00d75. Razli\u010dne nastavitve, kot so barve po meri, prilagodljive nastavitve robov in besedila, prilagodijo to raz\u0161iritev va\u0161im potrebam poro\u010danja.<\/p>\n\n\n<div class=\"wp-block-image is-style-default\">\n<figure class=\"alignright size-full\"><img loading=\"lazy\" decoding=\"async\" width=\"912\" height=\"775\" src=\"https:\/\/www.leaplytics.de\/wp-content\/uploads\/2022\/02\/settings.gif\" alt=\"Toplotna karta tveganja za Qlik Sense\" class=\"wp-image-3060\"\/><figcaption class=\"wp-element-caption\">\u0160iroka paleta mo\u017enosti nastavitev<\/figcaption><\/figure><\/div>\n\n\n<p>To raz\u0161iritev lahko uporabite tudi za spremljanje in dolo\u010danje mejnih vrednosti za vse vrste fizikalnih meril, kazalnikov kakovosti in razhajanj na splo\u0161no. S tem jo je mogo\u010de uporabiti za \u0161tevilne primere uporabe, ki se pojavljajo v razli\u010dnih podjetjih. Naslednji seznam prikazuje izbor mo\u017enih primerov uporabe, ki so bili \u017ee izvedeni:<\/p>\n\n\n\n<p><strong>Upravljanje projektov<\/strong>: Vizualizacija profilov tveganj in prilo\u017enosti za projekt, program ali portfelj<\/p>\n\n\n\n<p><strong>IT<\/strong>: Navedite aplikacije, ki so v zelenem, rumenem ali rde\u010dem obmo\u010dju stanja (zmogljivost, zdravje).<\/p>\n\n\n\n<hr class=\"wp-block-separator has-css-opacity\"\/>\n\n\n\n<h3 class=\"wp-block-heading\" id=\"getting-started-with-our-risk-heatmap-for-qlik-sense\">Za\u010detek dela z na\u0161o matriko tveganj za Qlik Sense<\/h3>\n\n\n<p>Odpri <a href=\"https:\/\/www.qlik.com\/de-de\/products\/qlik-sense\" target=\"_blank\" rel=\"noopener\">Qlik Sense<\/a> in ustrezno aplikacijo, v kateri \u017eelite uporabiti raz\u0161iritev \"Risk Matrix\". Odprite delovni list v na\u010dinu urejanja in raz\u0161iritev boste na\u0161li v razdelku \"Predmeti po meri\". Podalj\u0161ek povlecite in spustite na poljubno obmo\u010dje na nadzorni plo\u0161\u010di (<em>Videz raz\u0161iritve lahko kasneje spremenite v naprednih nastavitvah).<\/em><\/p>\n\n<div class=\"wp-block-image\">\n<figure class=\"alignright size-full\"><img decoding=\"async\" src=\"https:\/\/www.leaplytics.de\/wp-content\/uploads\/2022\/02\/drag-drop.gif\" alt=\"Za\u010detne nastavitve in konfiguracija za Risk Heatmap Qlik Sense\" class=\"wp-image-3060\"\/><figcaption class=\"wp-element-caption\">\u0160iroka paleta mo\u017enosti nastavitev<\/figcaption><\/figure><\/div>\n\n<p>Ko namestite primerek raz\u0161iritve na nadzorno plo\u0161\u010do, se na desni strani prika\u017ee naslednja plo\u0161\u010da z lastnostmi. Plo\u0161\u010da z lastnostmi je razdeljena na naslednje dele:\u00a0 \u00a0 \u00a0 \u00a0 \u00a0 \u00a0 \u00a0 \u00a0 \u00a0 \u00a0 \u00a0 \u00a0 \u00a0 \u00a0 \u00a0 \u00a0 \u00a0 \u00a0 \u00a0 \u00a0 \u00a0 \u00a0 \u00a0 \u00a0 \u00a0 \u00a0 \u00a0 \u00a0 \u00a0 \u00a0 \u00a0 \u00a0 \u00a0 \u00a0 \u00a0 \u00a0 \u00a0 \u00a0 \u00a0 \u00a0 \u00a0 \u00a0 \u00a0 \u00a0 \u00a0 \u00a0 \u00a0\u00a0<\/p>\n<ul>\n<li>Ukrepi<\/li>\n<li>Dimenzije<\/li>\n<li>Razponi (splo\u0161na postavitev matrike)<\/li>\n<li>Nastavitve mre\u017ee (vse znotraj matrike)<\/li>\n<li>Nastavitve osi (vse okoli matrike)<\/li>\n<li>Nastavitve indikatorja (vse, kar se nana\u0161a na vsebino matrike)<\/li>\n<li>O \u00a0\u00a0\u00a0\u00a0\u00a0\u00a0\u00a0\u00a0\u00a0\u00a0\u00a0\u00a0\u00a0\u00a0 \u00a0\u00a0\u00a0\u00a0\u00a0\u00a0\u00a0\u00a0\u00a0\u00a0\u00a0\u00a0\u00a0\u00a0\u00a0\u00a0\u00a0\u00a0\u00a0\u00a0\u00a0\u00a0\u00a0\u00a0\u00a0\u00a0\u00a0\u00a0\u00a0<\/li>\n<\/ul>\n<p>V nadaljevanju boste izvedeli, kako uporabljati raz\u0161iritev LeapLytics \"Risk Matrix\" in kako jo s pravilno uporabo lastnosti prilagoditi svojim potrebam.\u00a0 \u00a0<\/p>\n\n\n<hr class=\"wp-block-separator has-css-opacity\"\/>\n\n\n\n<h3 class=\"wp-block-heading\" id=\"measures\">Ukrepi<\/h3>\n\n\n<div class=\"wp-block-image\">\n<figure class=\"alignright size-large is-resized\"><img loading=\"lazy\" decoding=\"async\" width=\"245\" height=\"329\" src=\"https:\/\/www.leaplytics.de\/wp-content\/uploads\/2020\/11\/measures.png\" alt=\"Opis ukrepa za Heatmap tveganja Qlik Sense\" class=\"wp-image-512\" style=\"width:236px;height:317px\" srcset=\"https:\/\/www.leaplytics.de\/wp-content\/uploads\/2020\/11\/measures.png 245w, https:\/\/www.leaplytics.de\/wp-content\/uploads\/2020\/11\/measures-223x300.png 223w, https:\/\/www.leaplytics.de\/wp-content\/uploads\/2020\/11\/measures-45x60.png 45w\" sizes=\"auto, (max-width: 245px) 100vw, 245px\" \/><\/figure><\/div>\n\n<p>Ukrep dolo\u010da vrednost za ustrezna dva klju\u010dna kazalnika uspe\u0161nosti v matriki. Prvi KPI opredeljuje KPI na osi X, drugi KPI pa KPI na osi Y. Preklapljate ju lahko posami\u010dno. Matrika pri\u010dakuje vrednosti v razponu med 1 in 5 (matrika s petimi polji) ali 1 in 3 (matrika s tremi polji). \u010ce je to koristno, so mo\u017ene tudi decimalke. Vrednosti se lahko vzamejo neposredno iz podatkovnega modela, \u010de predhodni sistem \u017ee zajame in izra\u010duna obmo\u010dje. \u010ce podatkovni model vklju\u010duje kakr\u0161ne koli enote, se lahko kategorije v obrazcu ustvarijo posami\u010dno.<\/p>\n<p>Ukrep lahko dodate na naslednji na\u010din:<\/p>\n<ul>\n<li>Kliknite gumb \"Dodaj ukrep\" na plo\u0161\u010di z lastnostmi v razdelku \"Ukrep\" ali kliknite gumb \"Dodaj ukrep\" v oknu raz\u0161iritve na nadzorni plo\u0161\u010di.<\/li>\n<li>Iz spustnega seznama izberite merilo in kliknite nanj.<\/li>\n<li>(Neobvezno): Izberite pravo agregacijo za svoje potrebe (Sum, Avg, Min, Max itd.) ali dolo\u010dite posamezno formulo.<\/li>\n<\/ul>\n<p>Pri uporabi posameznih formul lahko kot vodilo uporabite naslednje primere:<\/p>\n\n\n<figure class=\"wp-block-image size-large\"><img loading=\"lazy\" decoding=\"async\" width=\"744\" height=\"255\" src=\"https:\/\/www.leaplytics.de\/wp-content\/uploads\/2020\/12\/heatmap_use_cases.png\" alt=\"\" class=\"wp-image-749\" srcset=\"https:\/\/www.leaplytics.de\/wp-content\/uploads\/2020\/12\/heatmap_use_cases.png 744w, https:\/\/www.leaplytics.de\/wp-content\/uploads\/2020\/12\/heatmap_use_cases-600x206.png 600w, https:\/\/www.leaplytics.de\/wp-content\/uploads\/2020\/12\/heatmap_use_cases-300x103.png 300w, https:\/\/www.leaplytics.de\/wp-content\/uploads\/2020\/12\/heatmap_use_cases-175x60.png 175w\" sizes=\"auto, (max-width: 744px) 100vw, 744px\" \/><\/figure>\n\n\n\n<hr class=\"wp-block-separator has-css-opacity\"\/>\n\n\n\n<h3 class=\"wp-block-heading\" id=\"dimensions\">Dimenzije<\/h3>\n\n\n<p>Uporabite dimenzijo, da bi kazalnikom dali presenetljivo ime. To je lahko npr. ID ali kratko ime (1-2 besedi). Dalj\u0161a imena ali opisi niso priporo\u010dljivi, saj je prostor v sami matriki omejen.<\/p>\n\n\n<hr class=\"wp-block-separator has-css-opacity\"\/>\n\n\n\n<h3 class=\"wp-block-heading\" id=\"advanced-settings\">Napredne nastavitve<\/h3>\n\n\n\n<p>V nastavitvah matrike lahko izberete ve\u010d mo\u017enosti.<\/p>\n\n\n\n<p><strong>Nastavitve matrike: <\/strong>Najprej lahko popravite razmerje stranic. Tako bo vizualizacija ostala v kvadratnem stanju. Poleg tega lahko z drsnikom posami\u010dno nastavite velikost smeri x in y. \u010ce so va\u0161i podatki zunaj teh razponov, boste v raz\u0161iritvi dobili vizualni namig! Poleg tega lahko z enim klikom obrnete barve. Nazadnje lahko dolo\u010dite \u0161irino obrobe ali jo popolnoma onemogo\u010dite.<\/p>\n\n\n\n<p><strong>Nastavitve mre\u017ee<\/strong>: Z nastavitvami mre\u017ee lahko nastavite samo matriko, npr. velikost ali konfiguracijo robov. Barvno kodiranje lahko tudi obrnete, tako da ima vi\u0161ja kategorija \"zeleno\" barvo, ni\u017eja kategorija pa se spremeni v rde\u010do. Prav tako je mogo\u010de izklopiti tabelo s podrobnimi vrednostmi.<\/p>\n\n\n\n<p><strong>Nastavitve osi:<\/strong> Z nastavitvami osi lahko okvir nastavite po svojih potrebah. Odlo\u010dite se lahko za izklop besedil, osi ali visoke\/nizke indikacije.<\/p>\n\n\n\n<p><strong>Nastavitve indikatorja:<\/strong> Z nastavitvami kazalnikov lahko spremenite velikost in videz kazalnikov v mre\u017ei.<\/p>\n\n\n<div class=\"wp-block-image\">\n<figure class=\"aligncenter size-full\"><img loading=\"lazy\" decoding=\"async\" width=\"912\" height=\"775\" src=\"https:\/\/www.leaplytics.de\/wp-content\/uploads\/2022\/02\/settings.gif\" alt=\"Razli\u010dne nastavitve za toplotno karto tveganja Qlik Sense\" class=\"wp-image-3060\"\/><\/figure><\/div>\n\n\n<hr class=\"wp-block-separator has-css-opacity\"\/>\n\n\n\n<h3 class=\"wp-block-heading\" id=\"navigation-action\">Navigacija in ukrepanje<\/h3>\n\n\n\n<p>Za navigacijo po listih Qlik Sense, spletnih mestih itd. lahko v raz\u0161iritvi uporabite Navigacijo in dejanja. \"Akcije\" lahko aktivirate z ustreznim gumbom. \"Risk Matrix\" podpira dve razli\u010dni vrsti navigacije:<\/p>\n\n\n\n<ul class=\"wp-block-list\">\n<li><strong>Gumb:<\/strong> \u010ce \u017eelite pod ikono semaforja dodati gumb, izberite \"gumb\". Gumb lahko preimenujete v polju \"Besedilo gumba\". Vnesite URL za spletno mesto ali list Qlik Sense, na katerega \u017eelite krmariti*. Naslov URL lahko odprete v istem oknu ali v lo\u010denem zavihku z uporabo potrditvenega polja \"Odpri v istem oknu\".<\/li>\n<\/ul>\n\n\n\n<ul class=\"wp-block-list\">\n<li><strong>Predmet:<\/strong> Kot drugo mo\u017enost lahko izberete \"Objekt\", da lahko kliknete na celoten objekt (<em>polje \"Besedilo gumba\" bo skrito<\/em>). Vnesite URL spletnega mesta ali liste Qlik Sense Sheet, na katero \u017eelite krmariti*. URL lahko odprete v istem oknu ali v lo\u010denem zavihku z uporabo potrditvenega polja \"Odpri v istem oknu\".<\/li>\n<\/ul>\n\n\n\n<p>*URL se morajo vedno za\u010deti s \"http:\/\/www.\" ali \"https:\/\/www.\"<\/p>\n\n\n<div class=\"wp-block-image\">\n<figure class=\"aligncenter size-large\"><img loading=\"lazy\" decoding=\"async\" width=\"246\" height=\"464\" src=\"https:\/\/www.leaplytics.de\/wp-content\/uploads\/2021\/04\/Milestone_navigation-1.jpg\" alt=\"Nastavitve navigacije in dejanj za toplotno karto tveganja Qlik Sense\" class=\"wp-image-1739\" srcset=\"https:\/\/www.leaplytics.de\/wp-content\/uploads\/2021\/04\/Milestone_navigation-1.jpg 246w, https:\/\/www.leaplytics.de\/wp-content\/uploads\/2021\/04\/Milestone_navigation-1-159x300.jpg 159w, https:\/\/www.leaplytics.de\/wp-content\/uploads\/2021\/04\/Milestone_navigation-1-32x60.jpg 32w\" sizes=\"auto, (max-width: 246px) 100vw, 246px\" \/><\/figure><\/div>\n\n\n<hr class=\"wp-block-separator has-css-opacity\"\/>\n\n\n<h3>O na\u0161i matriki tveganj za Qlik Sense<\/h3>\n\n\n<\/p>\n<p>To raz\u0161iritev Qlik Sense je razvil <a href=\"https:\/\/www.leaplytics.de\/sl\/\">LeapLytics<\/a>. V razdelku O tem so prikazane informacije o tej raz\u0161iritvi.<\/p>\n<p>\n\n\n\n<\/p>\n<p><strong>Razli\u010dica:<\/strong> Prikazuje name\u0161\u010deno razli\u010dico te raz\u0161iritve<\/p>\n<p>\n\n\n\n<\/p>\n<p><strong>Licenca velja do:<\/strong> Prikazuje datum izteka licence<\/p>\n<p>\n\n\n\n<\/p>\n<p><strong>Licenca velja v stre\u017eniku:<\/strong> Poka\u017ee, v katerem stre\u017eniku ID se lahko uporablja ta raz\u0161iritev.\n\n\n\n<hr class=\"wp-block-separator has-css-opacity\"\/>\n\n\n<h3>Zgodovina razli\u010dic<\/h3>\n\n\n<figure class=\"wp-block-table is-style-stripes\"><table><tbody><tr><td class=\"has-text-align-center\" data-align=\"center\"><strong>Razli\u010dica<\/strong><\/td><td class=\"has-text-align-center\" data-align=\"center\"><strong>Datum<\/strong><\/td><td class=\"has-text-align-left\" data-align=\"left\"><strong>Vsebina<\/strong><\/td><\/tr><tr><td class=\"has-text-align-center\" data-align=\"center\">1.4<\/td><td class=\"has-text-align-center\" data-align=\"center\">14.02.2022<\/td><td class=\"has-text-align-left\" data-align=\"left\">Nova uporaba API<\/td><\/tr><tr><td class=\"has-text-align-center\" data-align=\"center\">1.3<\/td><td class=\"has-text-align-center\" data-align=\"center\">13.12.2021<\/td><td class=\"has-text-align-left\" data-align=\"left\">Nadgradnja matrike tveganj<\/td><\/tr><tr><td class=\"has-text-align-center\" data-align=\"center\">1.2<\/td><td class=\"has-text-align-center\" data-align=\"center\">26.04.2021<\/td><td class=\"has-text-align-left\" data-align=\"left\">Dodana je navigacija in dejanja,<br>Podpora za ve\u010d kot 9 tveganj<br>tabela indikatorjev z mo\u017enostjo pomikanja<\/td><\/tr><tr><td class=\"has-text-align-center\" data-align=\"center\">1.1<\/td><td class=\"has-text-align-center\" data-align=\"center\">28.01.2021<\/td><td class=\"has-text-align-left\" data-align=\"left\">Naro\u010dnina<br>funkcionalnost za<br>nadgradnje izdaje &amp;<br>panel z izbolj\u0161animi lastnostmi<\/td><\/tr><tr><td class=\"has-text-align-center\" data-align=\"center\">1.0<\/td><td class=\"has-text-align-center\" data-align=\"center\">13.11.2020<\/td><td class=\"has-text-align-left\" data-align=\"left\">Za\u010detna razli\u010dica<\/td><\/tr><\/tbody><\/table><\/figure>\n\n\n\n<hr class=\"wp-block-separator has-css-opacity\"\/>\n\n\n\n<p><\/p>\n\n\n\n<div class=\"wp-block-columns are-vertically-aligned-center is-layout-flex wp-container-core-columns-is-layout-2 wp-block-columns-is-layout-flex\">\n<div class=\"wp-block-column is-vertically-aligned-center is-layout-flow wp-block-column-is-layout-flow\" style=\"flex-basis:100%\">\n<p><\/p>\n<\/div>\n<\/div>\n\n\n\n<p><\/p>","protected":false},"excerpt":{"rendered":"<p>S toplotno karto tveganj za QilkSense si lahko vizualno ogledate svoje profile tveganj! Raz\u0161iritev je namenjena vizualizaciji profilov, ki se merijo v matriki dveh klju\u010dnih kazalnikov uspe\u0161nosti in razli\u010dnih kategorij. Vizualizira lahko ve\u010d kazalnikov (do 4 v brezpla\u010dni razli\u010dici) na polje. Razli\u010dne nastavitve, kot so enostavno preklapljanje med matriko s 3 \u00d7 3 in 5 \u00d7 5 polji, nastavitve robov in besedila, prilagodijo to raz\u0161iritev va\u0161im potrebam poro\u010danja. <\/p>\n<p>To raz\u0161iritev lahko uporabite tudi za spremljanje in dolo\u010danje mejnih vrednosti za vse vrste fizikalnih meril, kazalnikov kakovosti in razhajanj na splo\u0161no. S tem jo je mogo\u010de uporabiti za \u0161tevilne primere uporabe, ki se pojavljajo v razli\u010dnih podjetjih.<\/p>","protected":false},"author":1,"featured_media":0,"parent":227,"menu_order":1,"comment_status":"closed","ping_status":"closed","template":"","meta":{"footnotes":""},"class_list":["post-699","page","type-page","status-publish","hentry","latest_post"],"_links":{"self":[{"href":"https:\/\/www.leaplytics.de\/sl\/wp-json\/wp\/v2\/pages\/699","targetHints":{"allow":["GET"]}}],"collection":[{"href":"https:\/\/www.leaplytics.de\/sl\/wp-json\/wp\/v2\/pages"}],"about":[{"href":"https:\/\/www.leaplytics.de\/sl\/wp-json\/wp\/v2\/types\/page"}],"author":[{"embeddable":true,"href":"https:\/\/www.leaplytics.de\/sl\/wp-json\/wp\/v2\/users\/1"}],"replies":[{"embeddable":true,"href":"https:\/\/www.leaplytics.de\/sl\/wp-json\/wp\/v2\/comments?post=699"}],"version-history":[{"count":5,"href":"https:\/\/www.leaplytics.de\/sl\/wp-json\/wp\/v2\/pages\/699\/revisions"}],"predecessor-version":[{"id":13676,"href":"https:\/\/www.leaplytics.de\/sl\/wp-json\/wp\/v2\/pages\/699\/revisions\/13676"}],"up":[{"embeddable":true,"href":"https:\/\/www.leaplytics.de\/sl\/wp-json\/wp\/v2\/pages\/227"}],"wp:attachment":[{"href":"https:\/\/www.leaplytics.de\/sl\/wp-json\/wp\/v2\/media?parent=699"}],"curies":[{"name":"wp","href":"https:\/\/api.w.org\/{rel}","templated":true}]}}