{"id":799,"date":"2021-01-04T21:52:31","date_gmt":"2021-01-04T20:52:31","guid":{"rendered":"https:\/\/www.leaplytics.de\/?page_id=799"},"modified":"2024-11-04T09:23:33","modified_gmt":"2024-11-04T08:23:33","slug":"nadzorna-plosca-za-vodenje-projektov-qlik-sense","status":"publish","type":"page","link":"https:\/\/www.leaplytics.de\/sl\/naslovna-stran\/nadzorna-plosca-za-vodenje-projektov-qlik-sense\/","title":{"rendered":"Nadzorna plo\u0161\u010da za upravljanje projektov Qlik Sense"},"content":{"rendered":"<h2 class=\"wp-block-heading\" id=\"dashboard\">Nadzorna plo\u0161\u010da<\/h2>\n\n\n\n<p>Nadzorna plo\u0161\u010da za upravljanje projektov Qlik Sense sledi preprostemu pravilu: <strong>odgovornim osebam z enim samim pogledom prika\u017eite prave informacije o projektu v pravi agregaciji, kar jim omogo\u010da sprejemanje pravih odlo\u010ditev.<\/strong>. <\/p>\n\n\n\n<p>V projektnem okolju obstajajo razli\u010dne zainteresirane strani, ki imajo razli\u010dne zahteve po informacijah, vsaka pa ima druga\u010dno raven podrobnosti. Naslednji primeri prikazujejo dve najpogostej\u0161i nasprotji.  <\/p>\n\n\n\n<p><strong>Raven portfelja:<\/strong> Vodje portfeljev morajo poskrbeti, da se pravim projektom dodelijo ustrezna sredstva. Ugotoviti je treba, da je pri\u0161lo do \"vrzeli v sistemu\", in upravljati projektne linije.<\/p>\n\n\n\n<p><strong>Raven projekta: <\/strong>Vodje projektov morajo pridobiti najni\u017ejo raven informacij, da imajo na voljo vse krmilne spremenljivke. Na drugi strani pa morajo sponzorji, \u010dlani nadzornega odbora in izvr\u0161ni direktorji prejeti ustrezno bistvo informacij, da bi lahko sprejeli prave odlo\u010ditve pri krovnem vodenju projekta.<\/p>\n\n\n\n<p>Napredno poro\u010danje o upravljanju projektov LeapLytics poskrbi, da so vse zahteve za poro\u010danje mogo\u010de, ne glede na vrsto dele\u017enikov ali raven zdru\u017eevanja. S celovitim informacijskim procesom se vse informacije zberejo na najni\u017eji ravni in se agregirajo za potrebe vseh mo\u017enih prejemnikov.<\/p>\n\n\n\n<p>Tukaj sta dva primera poro\u010danja o stanju projekta, ki ju lahko izvedete z na\u0161im paketom raz\u0161iritev LeapLytics za QlikSense. Nadzorni plo\u0161\u010di uporabljata osnovni podatkovni model, ki sledi standardnim pravilom PMI za vodenje projektov. S tem je mogo\u010de poro\u010dati o projektih v celotnem podjetju na usklajen, u\u010dinkovit in uporabniku prijazen na\u010din.<\/p>\n\n\n\n<h2 class=\"wp-block-heading\" id=\"project-status-report-qlik-sense\">Poro\u010dilo o stanju projekta Qlik Sense<\/h2>\n\n\n\n<p>Osnovno poro\u010dilo o stanju projekta je primer nadzorne plo\u0161\u010de za upravljanje projektov Qlik Sense in uporabniku omogo\u010da, da izbere namenski projekt in datum poro\u010danja. Dobi vse potrebne informacije, predstavljene v postavitvi treh stolpcev z ustreznimi glavnimi podatki v glavi. Glavne zna\u010dilnosti so <a href=\"https:\/\/www.leaplytics.de\/sl\/extensions\/traffic-light\/\">Semafor<\/a> in <a href=\"https:\/\/www.leaplytics.de\/sl\/extensions\/risk-heatmap-extension-for-qliksense\/\">Matrika tveganj<\/a>.<\/p>\n\n\n\n<figure class=\"wp-block-image size-large\"><img loading=\"lazy\" decoding=\"async\" width=\"1024\" height=\"600\" src=\"https:\/\/www.leaplytics.de\/wp-content\/uploads\/2021\/11\/Laptop-with-Dashboard-Page2-1024x600.png\" alt=\"\" class=\"wp-image-2407\" srcset=\"https:\/\/www.leaplytics.de\/wp-content\/uploads\/2021\/11\/Laptop-with-Dashboard-Page2-1024x600.png 1024w, https:\/\/www.leaplytics.de\/wp-content\/uploads\/2021\/11\/Laptop-with-Dashboard-Page2-300x176.png 300w, https:\/\/www.leaplytics.de\/wp-content\/uploads\/2021\/11\/Laptop-with-Dashboard-Page2-768x450.png 768w, https:\/\/www.leaplytics.de\/wp-content\/uploads\/2021\/11\/Laptop-with-Dashboard-Page2-1536x901.png 1536w, https:\/\/www.leaplytics.de\/wp-content\/uploads\/2021\/11\/Laptop-with-Dashboard-Page2-2048x1201.png 2048w, https:\/\/www.leaplytics.de\/wp-content\/uploads\/2021\/11\/Laptop-with-Dashboard-Page2-102x60.png 102w\" sizes=\"auto, (max-width: 1024px) 100vw, 1024px\" \/><figcaption class=\"wp-element-caption\">Nadzorna plo\u0161\u010da za upravljanje projektov Qlik Sense<\/figcaption><\/figure>\n\n\n\n<p>Razli\u010dica osnovnega poro\u010dila o stanju projekta spremeni postavitev v vodoravni pogled in doda pogled mejnikov kot glavno funkcijo za pregled nad pomembnimi mejniki in njihovimi ciljnimi dose\u017eki.<\/p>\n\n\n\n<figure class=\"wp-block-image size-large\"><img loading=\"lazy\" decoding=\"async\" width=\"1024\" height=\"602\" src=\"https:\/\/www.leaplytics.de\/wp-content\/uploads\/2021\/11\/Laptop-with-Dashboard-Page3-1024x602.png\" alt=\"\" class=\"wp-image-2408\" srcset=\"https:\/\/www.leaplytics.de\/wp-content\/uploads\/2021\/11\/Laptop-with-Dashboard-Page3-1024x602.png 1024w, https:\/\/www.leaplytics.de\/wp-content\/uploads\/2021\/11\/Laptop-with-Dashboard-Page3-300x176.png 300w, https:\/\/www.leaplytics.de\/wp-content\/uploads\/2021\/11\/Laptop-with-Dashboard-Page3-768x451.png 768w, https:\/\/www.leaplytics.de\/wp-content\/uploads\/2021\/11\/Laptop-with-Dashboard-Page3-1536x903.png 1536w, https:\/\/www.leaplytics.de\/wp-content\/uploads\/2021\/11\/Laptop-with-Dashboard-Page3-2048x1204.png 2048w, https:\/\/www.leaplytics.de\/wp-content\/uploads\/2021\/11\/Laptop-with-Dashboard-Page3-102x60.png 102w\" sizes=\"auto, (max-width: 1024px) 100vw, 1024px\" \/><figcaption class=\"wp-element-caption\">Nadzorna plo\u0161\u010da za upravljanje projektov Qlik Sense<\/figcaption><\/figure>\n\n\n\n<p>Na\u0161a raz\u0161iritev se lahko uporablja tudi v krovnih portfeljskih nadzornih plo\u0161\u010dah.<\/p>\n\n\n\n<figure class=\"wp-block-image size-large\"><img loading=\"lazy\" decoding=\"async\" width=\"1024\" height=\"599\" src=\"https:\/\/www.leaplytics.de\/wp-content\/uploads\/2021\/11\/Laptop-with-Dashboard-Page1-1024x599.png\" alt=\"\" class=\"wp-image-2406\" srcset=\"https:\/\/www.leaplytics.de\/wp-content\/uploads\/2021\/11\/Laptop-with-Dashboard-Page1-1024x599.png 1024w, https:\/\/www.leaplytics.de\/wp-content\/uploads\/2021\/11\/Laptop-with-Dashboard-Page1-300x175.png 300w, https:\/\/www.leaplytics.de\/wp-content\/uploads\/2021\/11\/Laptop-with-Dashboard-Page1-768x449.png 768w, https:\/\/www.leaplytics.de\/wp-content\/uploads\/2021\/11\/Laptop-with-Dashboard-Page1-1536x898.png 1536w, https:\/\/www.leaplytics.de\/wp-content\/uploads\/2021\/11\/Laptop-with-Dashboard-Page1-2048x1198.png 2048w, https:\/\/www.leaplytics.de\/wp-content\/uploads\/2021\/11\/Laptop-with-Dashboard-Page1-103x60.png 103w\" sizes=\"auto, (max-width: 1024px) 100vw, 1024px\" \/><figcaption class=\"wp-element-caption\">Nadzorna plo\u0161\u010da portfelja projekta Qlik Sense<\/figcaption><\/figure>\n\n\n\n<p>\u010ce vas zanima, kaj bi to pomenilo za va\u0161e okolje za upravljanje projektov, se bomo z veseljem dogovorili za pogovor z vami. V tem primeru ali \u010de imate vpra\u0161anja v zvezi s podrobnostmi, izvajanjem in informacijami o cenah, nam sporo\u010dite, da vas bomo kontaktirali v kratkem \u010dasu:<\/p>\n\n\n<div class=\"wpforms-container wpforms-container-full\" id=\"wpforms-10645\"><form id=\"wpforms-form-10645\" class=\"wpforms-validate wpforms-form wpforms-ajax-form\" data-formid=\"10645\" method=\"post\" enctype=\"multipart\/form-data\" action=\"\/sl\/wp-json\/wp\/v2\/pages\/799\" data-token=\"abaa5d9f7d4ac2c0b7ccf4f82fd4ef03\" data-token-time=\"1776207801\" data-trp-original-action=\"\/sl\/wp-json\/wp\/v2\/pages\/799\"><noscript class=\"wpforms-error-noscript\">\u010ce \u017eelite izpolniti ta obrazec, v brskalniku omogo\u010dite JavaScript.<\/noscript><div class=\"wpforms-field-container\"><div id=\"wpforms-10645-field_0-container\" class=\"wpforms-field wpforms-field-name\" data-field-id=\"0\"><label class=\"wpforms-field-label\">Ime <span class=\"wpforms-required-label\">*<\/span><\/label><div class=\"wpforms-field-row wpforms-field-medium\"><div class=\"wpforms-field-row-block wpforms-first wpforms-one-half\"><input type=\"text\" id=\"wpforms-10645-field_0\" class=\"wpforms-field-name-first wpforms-field-required\" name=\"wpforms[fields][0][first]\" required><label for=\"wpforms-10645-field_0\" class=\"wpforms-field-sublabel after\">Prvi<\/label><\/div><div class=\"wpforms-field-row-block wpforms-one-half\"><input type=\"text\" id=\"wpforms-10645-field_0-last\" class=\"wpforms-field-name-last wpforms-field-required\" name=\"wpforms[fields][0][last]\" required><label for=\"wpforms-10645-field_0-last\" class=\"wpforms-field-sublabel after\">Nazadnje<\/label><\/div><\/div><\/div><div id=\"wpforms-10645-field_1-container\" class=\"wpforms-field wpforms-field-email\" data-field-id=\"1\"><label class=\"wpforms-field-label\" for=\"wpforms-10645-field_1\">E-po\u0161ta <span class=\"wpforms-required-label\">*<\/span><\/label><input type=\"email\" id=\"wpforms-10645-field_1\" class=\"wpforms-field-medium wpforms-field-required\" data-rule-restricted-email=\"1\" name=\"wpforms[fields][1]\" spellcheck=\"false\" required><\/div><div id=\"wpforms-10645-field_3-container\" class=\"wpforms-field wpforms-field-text\" data-field-id=\"3\"><label class=\"wpforms-field-label\" for=\"wpforms-10645-field_3\">Podjetje <span class=\"wpforms-required-label\">*<\/span><\/label><input type=\"text\" id=\"wpforms-10645-field_3\" class=\"wpforms-field-medium wpforms-field-required\" name=\"wpforms[fields][3]\" required><\/div><div id=\"wpforms-10645-field_2-container\" class=\"wpforms-field wpforms-field-textarea\" data-field-id=\"2\"><label class=\"wpforms-field-label\" for=\"wpforms-10645-field_2\">Komentar ali sporo\u010dilo<\/label><textarea id=\"wpforms-10645-field_2\" class=\"wpforms-field-medium\" name=\"wpforms[fields][2]\" ><\/textarea><\/div><div id=\"wpforms-10645-field_4-container\" class=\"wpforms-field wpforms-field-gdpr-checkbox\" data-field-id=\"4\"><label class=\"wpforms-field-label\">Sporazum GDPR <span class=\"wpforms-required-label\">*<\/span><\/label><ul id=\"wpforms-10645-field_4\" class=\"wpforms-field-required\"><li class=\"choice-1\"><input type=\"checkbox\" id=\"wpforms-10645-field_4_1\" name=\"wpforms[fields][4][]\" value=\"I consent to having this website store my submitted information so they can respond to my inquiry.\" required><label class=\"wpforms-field-label-inline\" for=\"wpforms-10645-field_4_1\">Sogla\u0161am, da to spletno mesto shrani moje posredovane podatke, da se lahko odzove na moje povpra\u0161evanje.<\/label><\/li><\/ul><\/div><\/div><!-- .wpforms-field-container --><div class=\"wpforms-recaptcha-container wpforms-is-recaptcha wpforms-is-recaptcha-type-v3\" ><input type=\"hidden\" name=\"wpforms[recaptcha]\" value=\"\"><\/div><div class=\"wpforms-submit-container\" ><input type=\"hidden\" name=\"wpforms[id]\" value=\"10645\"><input type=\"hidden\" name=\"page_title\" value=\"\"><input type=\"hidden\" name=\"page_url\" value=\"https:\/\/www.leaplytics.de\/sl\/wp-json\/wp\/v2\/pages\/799\"><input type=\"hidden\" name=\"url_referer\" value=\"\"><button type=\"submit\" name=\"wpforms[submit]\" id=\"wpforms-submit-10645\" class=\"wpforms-submit\" data-alt-text=\"Sending...\" data-submit-text=\"Submit\" aria-live=\"assertive\" value=\"wpforms-submit\">Po\u0161lji<\/button><img loading=\"lazy\" decoding=\"async\" src=\"https:\/\/www.leaplytics.de\/wp-content\/plugins\/wpforms-lite\/assets\/images\/submit-spin.svg\" class=\"wpforms-submit-spinner\" style=\"display: none;\" width=\"26\" height=\"26\" alt=\"Nalaganje\"><\/div><input type=\"hidden\" name=\"trp-form-language\" value=\"sl\"\/><\/form><\/div>  <!-- .wpforms-container -->","protected":false},"excerpt":{"rendered":"<p>Nadzorna plo\u0161\u010da Nadzorna plo\u0161\u010da za upravljanje projektov Qlik Sense sledi preprostemu pravilu: odgovornim osebam z enim samim pogledom prika\u017eite prave informacije o projektu v pravi agregaciji in jim omogo\u010dite sprejemanje pravih odlo\u010ditev. V projektnem okolju so razli\u010dne zainteresirane strani, ki imajo razli\u010dne zahteve po informacijah in vsaka z razli\u010dno stopnjo podrobnosti. Zato je potrebno, da se v okviru projekta ... <\/p>","protected":false},"author":1,"featured_media":0,"parent":111,"menu_order":0,"comment_status":"closed","ping_status":"closed","template":"","meta":{"footnotes":""},"class_list":["post-799","page","type-page","status-publish","hentry","latest_post"],"_links":{"self":[{"href":"https:\/\/www.leaplytics.de\/sl\/wp-json\/wp\/v2\/pages\/799","targetHints":{"allow":["GET"]}}],"collection":[{"href":"https:\/\/www.leaplytics.de\/sl\/wp-json\/wp\/v2\/pages"}],"about":[{"href":"https:\/\/www.leaplytics.de\/sl\/wp-json\/wp\/v2\/types\/page"}],"author":[{"embeddable":true,"href":"https:\/\/www.leaplytics.de\/sl\/wp-json\/wp\/v2\/users\/1"}],"replies":[{"embeddable":true,"href":"https:\/\/www.leaplytics.de\/sl\/wp-json\/wp\/v2\/comments?post=799"}],"version-history":[{"count":3,"href":"https:\/\/www.leaplytics.de\/sl\/wp-json\/wp\/v2\/pages\/799\/revisions"}],"predecessor-version":[{"id":13668,"href":"https:\/\/www.leaplytics.de\/sl\/wp-json\/wp\/v2\/pages\/799\/revisions\/13668"}],"up":[{"embeddable":true,"href":"https:\/\/www.leaplytics.de\/sl\/wp-json\/wp\/v2\/pages\/111"}],"wp:attachment":[{"href":"https:\/\/www.leaplytics.de\/sl\/wp-json\/wp\/v2\/media?parent=799"}],"curies":[{"name":"wp","href":"https:\/\/api.w.org\/{rel}","templated":true}]}}