{"id":9298,"date":"2022-08-01T18:12:55","date_gmt":"2022-08-01T16:12:55","guid":{"rendered":"https:\/\/www.leaplytics.de\/?page_id=9298"},"modified":"2024-10-29T10:26:15","modified_gmt":"2024-10-29T09:26:15","slug":"zacetek-delovanja-svetlobni-signal-bi","status":"publish","type":"page","link":"https:\/\/www.leaplytics.de\/sl\/zacetek-delovanja-svetlobni-signal-bi\/","title":{"rendered":"Za\u010detek - semafor"},"content":{"rendered":"<p>Ste pravkar izvedeli za vizualno funkcijo semafor v Power BI in se spra\u0161ujete, kak\u0161ni so naslednji koraki?<\/p>\n\n\n\n<p>Potem ste pri\u0161li na pravo mesto! V na\u0161em vodniku po korakih, ki ga podpirajo videoposnetki, vas bomo vodili skozi namestitev in prilagajanje na\u0161ega vizualnega.<\/p>\n\n\n\n<div style=\"height:40px\" aria-hidden=\"true\" class=\"wp-block-spacer\"><\/div>\n\n\n\n<h3 class=\"wp-block-heading\">1. Prenesite vizualni<\/h3>\n\n\n\n<figure class=\"wp-block-embed is-type-video is-provider-youtube wp-block-embed-youtube wp-embed-aspect-16-9 wp-has-aspect-ratio\"><div class=\"wp-block-embed__wrapper\">\n<iframe loading=\"lazy\" title=\"Prenos vaje - LeapLytics Traffic Light za Power BI\" width=\"770\" height=\"433\" src=\"https:\/\/www.youtube.com\/embed\/_u8gc4RcyO0?feature=oembed\" frameborder=\"0\" allow=\"accelerometer; autoplay; clipboard-write; encrypted-media; gyroscope; picture-in-picture; web-share\" referrerpolicy=\"strict-origin-when-cross-origin\" allowfullscreen><\/iframe>\n<\/div><figcaption class=\"wp-element-caption\">Prvi korak je seveda prenos vizualnega programa Traffic Light z Microsoftovega vira aplikacij. V na\u0161em videoposnetku razlo\u017eimo celoten postopek prenosa v eni minuti.<\/figcaption><\/figure>\n\n\n\n<div style=\"height:40px\" aria-hidden=\"true\" class=\"wp-block-spacer\"><\/div>\n\n\n\n<h3 class=\"wp-block-heading\">2. Pripravite svoje podatke<\/h3>\n\n\n\n<div class=\"wp-block-columns is-layout-flex wp-container-core-columns-is-layout-1 wp-block-columns-is-layout-flex\">\n<div class=\"wp-block-column is-layout-flow wp-block-column-is-layout-flow\"><div class=\"wp-block-image\">\n<figure class=\"alignleft size-full is-resized\"><img loading=\"lazy\" decoding=\"async\" width=\"2285\" height=\"1538\" src=\"https:\/\/www.leaplytics.de\/wp-content\/uploads\/2024\/08\/data-preparation.png\" alt=\"\" class=\"wp-image-13550\" style=\"width:389px;height:auto\" srcset=\"https:\/\/www.leaplytics.de\/wp-content\/uploads\/2024\/08\/data-preparation.png 2285w, https:\/\/www.leaplytics.de\/wp-content\/uploads\/2024\/08\/data-preparation-300x202.png 300w, https:\/\/www.leaplytics.de\/wp-content\/uploads\/2024\/08\/data-preparation-1024x689.png 1024w, https:\/\/www.leaplytics.de\/wp-content\/uploads\/2024\/08\/data-preparation-768x517.png 768w, https:\/\/www.leaplytics.de\/wp-content\/uploads\/2024\/08\/data-preparation-1536x1034.png 1536w, https:\/\/www.leaplytics.de\/wp-content\/uploads\/2024\/08\/data-preparation-2048x1378.png 2048w, https:\/\/www.leaplytics.de\/wp-content\/uploads\/2024\/08\/data-preparation-89x60.png 89w\" sizes=\"auto, (max-width: 2285px) 100vw, 2285px\" \/><\/figure><\/div><\/div>\n\n\n\n<div class=\"wp-block-column is-layout-flow wp-block-column-is-layout-flow\">\n<p>Na\u0161 semafor zahteva \u0161tevil\u010dne, odstotne ali \u010dasovne vrednosti (npr. datum) za dolo\u010ditev razponov za vsako barvo lu\u010di.<\/p>\n\n\n\n<p>Zagotovite, da boste podatke, ki vas zanimajo, prilagodili enemu od podprtih podatkovnih formatov.<\/p>\n<\/div>\n<\/div>\n\n\n\n<div style=\"height:40px\" aria-hidden=\"true\" class=\"wp-block-spacer\"><\/div>\n\n\n\n<h3 class=\"wp-block-heading\">3. Uvoz podatkov in licenc<\/h3>\n\n\n\n<figure class=\"wp-block-embed is-type-video is-provider-youtube wp-block-embed-youtube wp-embed-aspect-16-9 wp-has-aspect-ratio\"><div class=\"wp-block-embed__wrapper\">\n<iframe loading=\"lazy\" title=\"Uvoz podatkov in aktivacija licence - LeapLytics Traffic Light za Power BI\" width=\"770\" height=\"433\" src=\"https:\/\/www.youtube.com\/embed\/S1HhF9H03K0?feature=oembed\" frameborder=\"0\" allow=\"accelerometer; autoplay; clipboard-write; encrypted-media; gyroscope; picture-in-picture; web-share\" referrerpolicy=\"strict-origin-when-cross-origin\" allowfullscreen><\/iframe>\n<\/div><figcaption class=\"wp-element-caption\">Ko smo pripravili podatke, jih je treba uvoziti v program Power BI. V tem videoposnetku vam pomagamo uvoziti podatke in aktivirati licen\u010dno kodo.<\/figcaption><\/figure>\n\n\n<div class=\"wp-block-image\">\n<figure class=\"alignleft size-full is-resized\"><img loading=\"lazy\" decoding=\"async\" width=\"964\" height=\"1875\" src=\"https:\/\/www.leaplytics.de\/wp-content\/uploads\/2024\/08\/datalicense.png\" alt=\"\" class=\"wp-image-13551\" style=\"width:204px;height:auto\" srcset=\"https:\/\/www.leaplytics.de\/wp-content\/uploads\/2024\/08\/datalicense.png 964w, https:\/\/www.leaplytics.de\/wp-content\/uploads\/2024\/08\/datalicense-154x300.png 154w, https:\/\/www.leaplytics.de\/wp-content\/uploads\/2024\/08\/datalicense-526x1024.png 526w, https:\/\/www.leaplytics.de\/wp-content\/uploads\/2024\/08\/datalicense-768x1494.png 768w, https:\/\/www.leaplytics.de\/wp-content\/uploads\/2024\/08\/datalicense-790x1536.png 790w, https:\/\/www.leaplytics.de\/wp-content\/uploads\/2024\/08\/datalicense-31x60.png 31w\" sizes=\"auto, (max-width: 964px) 100vw, 964px\" \/><\/figure><\/div>\n\n\n<p>\u010ce \u017eelite uvoziti podatke, v podoknu s podatki kliknite \"Get data\" in izberite ustrezen vir podatkov, na primer delovni zvezek Excel.<\/p>\n\n\n\n<p><\/p>\n\n\n\n<p>V naslednjem koraku izberite vizualno podobo s seznama vizualnih podob in jo dodajte v poro\u010dilo Power BI. Zdaj v razdelku vizualizacij kliknite na \"Format your visual\" (Oblikujte svojo vizualizacijo) in izberite razdelek \"license\" (Licenca).<\/p>\n\n\n\n<p>Tu lahko preprosto vstavite licen\u010dno kodo s kombinacijo tipk CTRL + V.<\/p>\n\n\n\n<div style=\"height:40px\" aria-hidden=\"true\" class=\"wp-block-spacer\"><\/div>\n\n\n\n<h3 class=\"wp-block-heading\">4. Vizualna postavitev<\/h3>\n\n\n\n<figure class=\"wp-block-embed is-type-video is-provider-youtube wp-block-embed-youtube wp-embed-aspect-16-9 wp-has-aspect-ratio\"><div class=\"wp-block-embed__wrapper\">\n<iframe loading=\"lazy\" title=\"Vizualna nastavitev - semafor LeapLytics za Power BI\" width=\"770\" height=\"433\" src=\"https:\/\/www.youtube.com\/embed\/rY4INTDBFAA?feature=oembed\" frameborder=\"0\" allow=\"accelerometer; autoplay; clipboard-write; encrypted-media; gyroscope; picture-in-picture; web-share\" referrerpolicy=\"strict-origin-when-cross-origin\" allowfullscreen><\/iframe>\n<\/div><figcaption class=\"wp-element-caption\">Nato moramo dodati svoje podatke v vizualni prikaz. Tukaj vas bomo po korakih vodili, kako dodati podatke v vizualizacijo in kako ustrezno opredeliti podatkovna obmo\u010dja.<\/figcaption><\/figure>\n\n\n\n<div class=\"wp-block-columns is-layout-flex wp-container-core-columns-is-layout-2 wp-block-columns-is-layout-flex\">\n<div class=\"wp-block-column is-layout-flow wp-block-column-is-layout-flow\" style=\"flex-basis:33.33%\"><div class=\"wp-block-image\">\n<figure class=\"alignleft size-full is-resized\"><img loading=\"lazy\" decoding=\"async\" width=\"1019\" height=\"1675\" src=\"https:\/\/www.leaplytics.de\/wp-content\/uploads\/2024\/08\/measure.png\" alt=\"\" class=\"wp-image-13554\" style=\"width:204px;height:auto\" srcset=\"https:\/\/www.leaplytics.de\/wp-content\/uploads\/2024\/08\/measure.png 1019w, https:\/\/www.leaplytics.de\/wp-content\/uploads\/2024\/08\/measure-183x300.png 183w, https:\/\/www.leaplytics.de\/wp-content\/uploads\/2024\/08\/measure-623x1024.png 623w, https:\/\/www.leaplytics.de\/wp-content\/uploads\/2024\/08\/measure-768x1262.png 768w, https:\/\/www.leaplytics.de\/wp-content\/uploads\/2024\/08\/measure-934x1536.png 934w, https:\/\/www.leaplytics.de\/wp-content\/uploads\/2024\/08\/measure-37x60.png 37w\" sizes=\"auto, (max-width: 1019px) 100vw, 1019px\" \/><\/figure><\/div><\/div>\n\n\n\n<div class=\"wp-block-column is-layout-flow wp-block-column-is-layout-flow\" style=\"flex-basis:66.66%\">\n<p>Izberite merilo, ki vas zanima, v razdelku \"Podatki\" tako, da kliknete nanj ali ga povle\u010dete v polje \"Merilo\" v prikazu.<\/p>\n\n\n\n<p><strong>Po \u017eelji: <\/strong>S klikom na spustno okno lahko izberete pravo agregacijo za svoje potrebe (vsota, povpre\u010dje itd.).<\/p>\n\n\n\n<p>Pri uporabi \u010dasovnih formatov je treba paziti, da je format nastavljen v skladu s formatom izbranega ukrepa.<\/p>\n<\/div>\n<\/div>\n\n\n\n<div style=\"height:40px\" aria-hidden=\"true\" class=\"wp-block-spacer\"><\/div>\n\n\n\n<h3 class=\"wp-block-heading\">5. Nastavitev razponov<\/h3>\n\n\n<div class=\"wp-block-image\">\n<figure class=\"alignleft size-full\"><img loading=\"lazy\" decoding=\"async\" width=\"185\" height=\"377\" src=\"https:\/\/www.leaplytics.de\/wp-content\/uploads\/2024\/08\/ranges.png\" alt=\"\" class=\"wp-image-13553\" srcset=\"https:\/\/www.leaplytics.de\/wp-content\/uploads\/2024\/08\/ranges.png 185w, https:\/\/www.leaplytics.de\/wp-content\/uploads\/2024\/08\/ranges-147x300.png 147w, https:\/\/www.leaplytics.de\/wp-content\/uploads\/2024\/08\/ranges-29x60.png 29w\" sizes=\"auto, (max-width: 185px) 100vw, 185px\" \/><\/figure><\/div>\n\n\n<p>\u010ce \u017eelite, da bo vizualni semafor pravilno deloval, morate dolo\u010diti obmo\u010dja za prikazovanje svetlobnih barv. V razdelku \"Razponi\" v razdelku \"Oblikujte svoj vizualni prikaz\" lahko dolo\u010dite najmanj\u0161e in najve\u010dje vrednosti za ustrezno barvo*.<\/p>\n\n\n\n<p>Ko je v razdelku meritev izbran datum ali intervalna meritev, morate v razdelku \u010dasovni format dolo\u010diti obmo\u010dja v skladu z izbranim \u010dasovnim formatom.<\/p>\n\n\n\n<p><em>* \u010ce je izbran \"sistem dveh lu\u010di\", sta rumena minimalna in rumena maksimalna vrednost deaktivirana.<\/em><\/p>\n\n\n\n<div style=\"height:40px\" aria-hidden=\"true\" class=\"wp-block-spacer\"><\/div>\n\n\n\n<h3 class=\"wp-block-heading\">6. Prilagodite svoj najljub\u0161i dizajn<\/h3>\n\n\n\n<figure class=\"wp-block-embed is-type-video is-provider-youtube wp-block-embed-youtube wp-embed-aspect-16-9 wp-has-aspect-ratio\"><div class=\"wp-block-embed__wrapper\">\n<iframe loading=\"lazy\" title=\"Nastavitve oblikovanja po meri - LeapLytics Traffic Light za Power BI\" width=\"770\" height=\"433\" src=\"https:\/\/www.youtube.com\/embed\/GpFtfzbQ_OE?feature=oembed\" frameborder=\"0\" allow=\"accelerometer; autoplay; clipboard-write; encrypted-media; gyroscope; picture-in-picture; web-share\" referrerpolicy=\"strict-origin-when-cross-origin\" allowfullscreen><\/iframe>\n<\/div><figcaption class=\"wp-element-caption\">Na\u0161 vizualni sistem vam ponuja \u0161irok nabor mo\u017enosti prilagajanja. Oglejte si na\u0161 zgornji videoposnetek in se nau\u010dite, kako prilagoditi semafor svojim \u017eeljam.<\/figcaption><\/figure>\n\n\n<div class=\"wp-block-image\">\n<figure class=\"alignleft size-full is-resized\"><img loading=\"lazy\" decoding=\"async\" width=\"538\" height=\"1697\" src=\"https:\/\/www.leaplytics.de\/wp-content\/uploads\/2024\/08\/formats.png\" alt=\"\" class=\"wp-image-13552\" style=\"width:198px;height:auto\" srcset=\"https:\/\/www.leaplytics.de\/wp-content\/uploads\/2024\/08\/formats.png 538w, https:\/\/www.leaplytics.de\/wp-content\/uploads\/2024\/08\/formats-95x300.png 95w, https:\/\/www.leaplytics.de\/wp-content\/uploads\/2024\/08\/formats-325x1024.png 325w, https:\/\/www.leaplytics.de\/wp-content\/uploads\/2024\/08\/formats-487x1536.png 487w, https:\/\/www.leaplytics.de\/wp-content\/uploads\/2024\/08\/formats-19x60.png 19w\" sizes=\"auto, (max-width: 538px) 100vw, 538px\" \/><\/figure><\/div>\n\n\n<p>V zadnjem koraku lahko vizualno podobo prilagodimo individualni zasnovi. S klikom na \"Format your visual\" (Oblikujte svoj vizualni prikaz) v razdelku vizualizacije se prika\u017ee naslednja plo\u0161\u010da.<\/p>\n\n\n\n<p>Tu lahko prilagodite vse mo\u017enosti oblikovanja in izberete najljub\u0161o obliko. <\/p>\n\n\n\n<p>Navodila za vsako mo\u017enost oblikovanja najdete v na\u0161em zgornjem videoposnetku.<\/p>\n\n\n\n<div style=\"height:40px\" aria-hidden=\"true\" class=\"wp-block-spacer\"><\/div>\n\n\n\n<p>Odli\u010dno, zdaj ste pripravljeni za uporabo na\u0161ega semaforja in izbolj\u0161anje poro\u010danja!<\/p>\n\n\n\n<div style=\"height:40px\" aria-hidden=\"true\" class=\"wp-block-spacer\"><\/div>\n\n\n\n<div class=\"wp-block-buttons is-layout-flex wp-block-buttons-is-layout-flex\">\n<div class=\"wp-block-button\"><a class=\"wp-block-button__link has-background wp-element-button\" href=\"https:\/\/www.leaplytics.de\/sl\/naslovna-stran\/upravljanje-projektov-po-meri-microsoft-powerbi\/toplotna-karta-tveganja-po-meri-za-power-bi\/\" style=\"background-color:#44546a\">\u017delite \u0161e izbolj\u0161ati svoje poro\u010danje? Oglejte si na\u0161o matriko tveganj za Power BI!<\/a><\/div>\n<\/div>","protected":false},"excerpt":{"rendered":"<p>Ste pravkar izvedeli za vizualni prikaz semaforja v Power BI in se spra\u0161ujete, kak\u0161ni so naslednji koraki? Potem ste pri\u0161li na pravo mesto! V na\u0161em vodniku po korakih, ki ga podpirajo na\u0161a video navodila, vas bomo popeljali skozi nastavitev in prilagajanje na\u0161ega vizualnega sistema. 1. Prenesite vizualizacijo 2. Pripravite ... <\/p>","protected":false},"author":2,"featured_media":0,"parent":0,"menu_order":0,"comment_status":"closed","ping_status":"closed","template":"","meta":{"footnotes":""},"class_list":["post-9298","page","type-page","status-publish","hentry","latest_post"],"_links":{"self":[{"href":"https:\/\/www.leaplytics.de\/sl\/wp-json\/wp\/v2\/pages\/9298","targetHints":{"allow":["GET"]}}],"collection":[{"href":"https:\/\/www.leaplytics.de\/sl\/wp-json\/wp\/v2\/pages"}],"about":[{"href":"https:\/\/www.leaplytics.de\/sl\/wp-json\/wp\/v2\/types\/page"}],"author":[{"embeddable":true,"href":"https:\/\/www.leaplytics.de\/sl\/wp-json\/wp\/v2\/users\/2"}],"replies":[{"embeddable":true,"href":"https:\/\/www.leaplytics.de\/sl\/wp-json\/wp\/v2\/comments?post=9298"}],"version-history":[{"count":11,"href":"https:\/\/www.leaplytics.de\/sl\/wp-json\/wp\/v2\/pages\/9298\/revisions"}],"predecessor-version":[{"id":13635,"href":"https:\/\/www.leaplytics.de\/sl\/wp-json\/wp\/v2\/pages\/9298\/revisions\/13635"}],"wp:attachment":[{"href":"https:\/\/www.leaplytics.de\/sl\/wp-json\/wp\/v2\/media?parent=9298"}],"curies":[{"name":"wp","href":"https:\/\/api.w.org\/{rel}","templated":true}]}}