{"id":9336,"date":"2022-08-01T20:19:06","date_gmt":"2022-08-01T18:19:06","guid":{"rendered":"https:\/\/www.leaplytics.de\/?page_id=9336"},"modified":"2022-08-01T20:19:06","modified_gmt":"2022-08-01T18:19:06","slug":"moznosti-formata-semafor-moci-bi","status":"publish","type":"page","link":"https:\/\/www.leaplytics.de\/sl\/moznosti-formata-semafor-moci-bi\/","title":{"rendered":"Mo\u017enosti formata - semafor"},"content":{"rendered":"<h3 class=\"wp-block-heading\">1. \u010casovni format<\/h3>\n\n\n<div class=\"wp-block-image\">\n<figure class=\"alignleft size-full\"><img loading=\"lazy\" decoding=\"async\" width=\"197\" height=\"238\" src=\"https:\/\/www.leaplytics.de\/wp-content\/uploads\/2022\/08\/grafik-7.png\" alt=\"\" class=\"wp-image-9337\" srcset=\"https:\/\/www.leaplytics.de\/wp-content\/uploads\/2022\/08\/grafik-7.png 197w, https:\/\/www.leaplytics.de\/wp-content\/uploads\/2022\/08\/grafik-7-50x60.png 50w\" sizes=\"auto, (max-width: 197px) 100vw, 197px\" \/><\/figure><\/div>\n\n\n<p>Razdelek \"Oblika \u010dasa\" je neobvezen. V tem razdelku lahko izberete \u010dasovno ali intervalno obliko, ki se uporablja za izra\u010dun razponov in izhodnega besedila ob simbolu semaforja. Prepri\u010dajte se, da ste izbrali \u010dasovno obliko v skladu z vnosnimi polji za obmo\u010dja.<\/p>\n\n\n\n<div style=\"height:16px\" aria-hidden=\"true\" class=\"wp-block-spacer\"><\/div>\n\n\n\n<h3 class=\"wp-block-heading\">2. Svetlobni sistem<\/h3>\n\n\n<div class=\"wp-block-image\">\n<figure class=\"alignleft size-full\"><img loading=\"lazy\" decoding=\"async\" width=\"199\" height=\"187\" src=\"https:\/\/www.leaplytics.de\/wp-content\/uploads\/2022\/08\/grafik-8.png\" alt=\"\" class=\"wp-image-9338\" srcset=\"https:\/\/www.leaplytics.de\/wp-content\/uploads\/2022\/08\/grafik-8.png 199w, https:\/\/www.leaplytics.de\/wp-content\/uploads\/2022\/08\/grafik-8-64x60.png 64w\" sizes=\"auto, (max-width: 199px) 100vw, 199px\" \/><\/figure><\/div>\n\n\n<p>V razdelku \"Svetlobni sistem\" lahko izbirate med sistemom z eno, dvema ali tremi lu\u010dmi.<\/p>\n\n\n\n<p><strong>Sistem treh lu\u010di:<\/strong> Zelena, rumena in rde\u010da barva imajo vsaka svoj krog.<\/p>\n\n\n\n<p><strong>Sistem dveh lu\u010di:<\/strong> Zelena in rde\u010da barva imata vsaka svoj krog. Rumena lu\u010d ni podprta.<\/p>\n\n\n\n<p><strong>Sistem z eno lu\u010djo:<\/strong> Zelena, rumena in rde\u010da barva imajo enak krog.<\/p>\n\n\n\n<div style=\"height:0px\" aria-hidden=\"true\" class=\"wp-block-spacer\"><\/div>\n\n\n\n<h3 class=\"wp-block-heading\">3. Izravnava<\/h3>\n\n\n<div class=\"wp-block-image\">\n<figure class=\"alignleft size-full\"><img loading=\"lazy\" decoding=\"async\" width=\"198\" height=\"167\" src=\"https:\/\/www.leaplytics.de\/wp-content\/uploads\/2022\/08\/grafik-9.png\" alt=\"\" class=\"wp-image-9339\" srcset=\"https:\/\/www.leaplytics.de\/wp-content\/uploads\/2022\/08\/grafik-9.png 198w, https:\/\/www.leaplytics.de\/wp-content\/uploads\/2022\/08\/grafik-9-71x60.png 71w\" sizes=\"auto, (max-width: 198px) 100vw, 198px\" \/><\/figure><\/div>\n\n\n<p>V razdelku \"Poravnava\" lahko izbirate med navpi\u010dno in vodoravno poravnavo za vizualni semafor. Vse obstoje\u010de nastavitve so na voljo za obe poravnavi.<\/p>\n\n\n\n<div style=\"height:0px\" aria-hidden=\"true\" class=\"wp-block-spacer\"><\/div>\n\n\n\n<h3 class=\"wp-block-heading\">4. Nastavitve meje<\/h3>\n\n\n<div class=\"wp-block-image\">\n<figure class=\"alignleft size-full\"><img loading=\"lazy\" decoding=\"async\" width=\"198\" height=\"211\" src=\"https:\/\/www.leaplytics.de\/wp-content\/uploads\/2022\/08\/grafik-10.png\" alt=\"\" class=\"wp-image-9344\" srcset=\"https:\/\/www.leaplytics.de\/wp-content\/uploads\/2022\/08\/grafik-10.png 198w, https:\/\/www.leaplytics.de\/wp-content\/uploads\/2022\/08\/grafik-10-56x60.png 56w\" sizes=\"auto, (max-width: 198px) 100vw, 198px\" \/><\/figure><\/div>\n\n\n<p>V razdelku \"Nastavitve meje\" lahko spremenite vidnost zunanje meje semaforja in notranjih svetlobnih odtenkov.<\/p>\n\n\n\n<div style=\"height:0px\" aria-hidden=\"true\" class=\"wp-block-spacer\"><\/div>\n\n\n\n<h3 class=\"wp-block-heading\">5. Nastavitve besedila<\/h3>\n\n\n<div class=\"wp-block-image\">\n<figure class=\"alignleft size-full\"><img loading=\"lazy\" decoding=\"async\" width=\"196\" height=\"403\" src=\"https:\/\/www.leaplytics.de\/wp-content\/uploads\/2022\/08\/grafik-11.png\" alt=\"\" class=\"wp-image-9346\" srcset=\"https:\/\/www.leaplytics.de\/wp-content\/uploads\/2022\/08\/grafik-11.png 196w, https:\/\/www.leaplytics.de\/wp-content\/uploads\/2022\/08\/grafik-11-146x300.png 146w, https:\/\/www.leaplytics.de\/wp-content\/uploads\/2022\/08\/grafik-11-29x60.png 29w\" sizes=\"auto, (max-width: 196px) 100vw, 196px\" \/><\/figure><\/div>\n\n\n<p>Ta vizualni semafor ponuja \u0161irok nabor nastavitev besedila. Vklopite in izklopite lahko besedilni element, ki je prikazan v istem oknu kot semafor. Ko je besedilo vidno, lahko spremenite slog besedila, velikost besedila, polo\u017eaj besedila in dru\u017eino pisave po svojih individualnih potrebah.<\/p>\n\n\n\n<div style=\"height:0px\" aria-hidden=\"true\" class=\"wp-block-spacer\"><\/div>\n\n\n\n<h3 class=\"wp-block-heading\">6. Nastavitve barv<\/h3>\n\n\n<div class=\"wp-block-image\">\n<figure class=\"alignleft size-full\"><img loading=\"lazy\" decoding=\"async\" width=\"198\" height=\"482\" src=\"https:\/\/www.leaplytics.de\/wp-content\/uploads\/2022\/08\/grafik-12.png\" alt=\"\" class=\"wp-image-9349\" srcset=\"https:\/\/www.leaplytics.de\/wp-content\/uploads\/2022\/08\/grafik-12.png 198w, https:\/\/www.leaplytics.de\/wp-content\/uploads\/2022\/08\/grafik-12-123x300.png 123w, https:\/\/www.leaplytics.de\/wp-content\/uploads\/2022\/08\/grafik-12-25x60.png 25w\" sizes=\"auto, (max-width: 198px) 100vw, 198px\" \/><\/figure><\/div>\n\n\n<p>V razdelku \"Nastavitev barve\" lahko spremenite barvo vsakega dela tega vizualnega elementa. Preprosto kliknite na spustno okno in izberite barvo med vnaprej dolo\u010denimi barvami teme ali pa uporabite rgb- in heksakodne kode, da barvo dolo\u010dite sami.<\/p>","protected":false},"excerpt":{"rendered":"<p>1. Time format The \u201cTime Format\u201d section is an optional section. Within this section, you can select a time or interval format, which is used to calculate the ranges and the output text next to the traffic light symbol. Please make sure, to select the time format accordingly to the range input fields. 2. Light &hellip; <\/p>","protected":false},"author":2,"featured_media":0,"parent":0,"menu_order":0,"comment_status":"closed","ping_status":"closed","template":"","meta":{"footnotes":""},"class_list":["post-9336","page","type-page","status-publish","hentry","latest_post"],"_links":{"self":[{"href":"https:\/\/www.leaplytics.de\/sl\/wp-json\/wp\/v2\/pages\/9336","targetHints":{"allow":["GET"]}}],"collection":[{"href":"https:\/\/www.leaplytics.de\/sl\/wp-json\/wp\/v2\/pages"}],"about":[{"href":"https:\/\/www.leaplytics.de\/sl\/wp-json\/wp\/v2\/types\/page"}],"author":[{"embeddable":true,"href":"https:\/\/www.leaplytics.de\/sl\/wp-json\/wp\/v2\/users\/2"}],"replies":[{"embeddable":true,"href":"https:\/\/www.leaplytics.de\/sl\/wp-json\/wp\/v2\/comments?post=9336"}],"version-history":[{"count":0,"href":"https:\/\/www.leaplytics.de\/sl\/wp-json\/wp\/v2\/pages\/9336\/revisions"}],"wp:attachment":[{"href":"https:\/\/www.leaplytics.de\/sl\/wp-json\/wp\/v2\/media?parent=9336"}],"curies":[{"name":"wp","href":"https:\/\/api.w.org\/{rel}","templated":true}]}}