{"id":11871,"date":"2023-06-17T21:49:52","date_gmt":"2023-06-17T19:49:52","guid":{"rendered":"https:\/\/www.leaplytics.de\/?page_id=11871"},"modified":"2023-11-03T11:27:35","modified_gmt":"2023-11-03T10:27:35","slug":"komma-igang-markdown-viewer-power-bi","status":"publish","type":"page","link":"https:\/\/www.leaplytics.de\/sv\/komma-igang-markdown-viewer-power-bi\/","title":{"rendered":"Komma ig\u00e5ng - Markdown Viewer"},"content":{"rendered":"<p>N\u00e4r du har laddat v\u00e5r visualisering fr\u00e5gar du dig s\u00e4kert vad du ska g\u00f6ra nu. Det \u00e4r det vi ska f\u00f6rklara f\u00f6r dig h\u00e4r i den h\u00e4r handledningen.<\/p>\n\n\n\n<h3 class=\"wp-block-heading\">1. Dra Visual till kalkylbladet<\/h3>\n\n\n<div class=\"wp-block-image\">\n<figure class=\"alignleft size-full\"><img loading=\"lazy\" decoding=\"async\" width=\"281\" height=\"350\" src=\"https:\/\/www.leaplytics.de\/wp-content\/uploads\/2023\/11\/md.png\" alt=\"\" class=\"wp-image-12805\" srcset=\"https:\/\/www.leaplytics.de\/wp-content\/uploads\/2023\/11\/md.png 281w, https:\/\/www.leaplytics.de\/wp-content\/uploads\/2023\/11\/md-241x300.png 241w, https:\/\/www.leaplytics.de\/wp-content\/uploads\/2023\/11\/md-48x60.png 48w\" sizes=\"auto, (max-width: 281px) 100vw, 281px\" \/><\/figure><\/div>\n\n\n<div class=\"wp-block-columns is-layout-flex wp-container-core-columns-is-layout-1 wp-block-columns-is-layout-flex\">\n<div class=\"wp-block-column is-layout-flow wp-block-column-is-layout-flow\" style=\"flex-basis:66.66%\">\n<p>\u00d6ppna Microsoft Power BI och den relevanta rapporten eller kalkylbladet d\u00e4r du vill anv\u00e4nda \"Markdown Viewer\"-visualiseringen. \u00d6ppna ditt kalkylblad i redigeringsl\u00e4ge och du hittar \"Markdown Viewer\"-visualen samt alla andra k\u00f6pta LeapLytics-produkter i avsnittet \"Visualiseringar\". Klicka p\u00e5 bilden f\u00f6r att placera den p\u00e5 ditt kalkylblad (<em>Du kan \u00e4ndra utseendet p\u00e5 den visuella bilden senare via f\u00f6nstret \"Format\"<\/em>).<\/p>\n<\/div>\n<\/div>\n\n\n\n<div style=\"height:16px\" aria-hidden=\"true\" class=\"wp-block-spacer\"><\/div>\n\n\n\n<h3 class=\"wp-block-heading\">2. Fastighetspanel<\/h3>\n\n\n<div class=\"wp-block-image\">\n<figure class=\"alignleft size-full\"><img loading=\"lazy\" decoding=\"async\" width=\"187\" height=\"411\" src=\"https:\/\/www.leaplytics.de\/wp-content\/uploads\/2023\/11\/md2.png\" alt=\"\" class=\"wp-image-12806\" srcset=\"https:\/\/www.leaplytics.de\/wp-content\/uploads\/2023\/11\/md2.png 187w, https:\/\/www.leaplytics.de\/wp-content\/uploads\/2023\/11\/md2-136x300.png 136w, https:\/\/www.leaplytics.de\/wp-content\/uploads\/2023\/11\/md2-27x60.png 27w\" sizes=\"auto, (max-width: 187px) 100vw, 187px\" \/><\/figure><\/div>\n\n\n<div class=\"wp-block-columns is-layout-flex wp-container-core-columns-is-layout-2 wp-block-columns-is-layout-flex\">\n<div class=\"wp-block-column is-layout-flow wp-block-column-is-layout-flow\" style=\"flex-basis:33.33%\">\n<p>N\u00e4r du har placerat en eller flera instanser av visualen p\u00e5 din instrumentpanel visas egenskapspanelen till h\u00f6ger. Egenskapspanelen \u00e4r uppdelad i avsnitten \"Fields\", \"Format\" och \"Analytics\".<\/p>\n\n\n\n<p>I de f\u00f6ljande kapitlen kommer du att l\u00e4ra dig hur du anv\u00e4nder LeapLytics \"Markdown Viewer\" visuellt och hur du anpassar det till dina behov genom att anv\u00e4nda egenskaperna korrekt.<\/p>\n<\/div>\n<\/div>\n\n\n\n<div style=\"height:16px\" aria-hidden=\"true\" class=\"wp-block-spacer\"><\/div>\n\n\n\n<h3 class=\"wp-block-heading\">3. L\u00e4gg till \u00e5tg\u00e4rd<\/h3>\n\n\n<div class=\"wp-block-image\">\n<figure class=\"alignleft size-full\"><img loading=\"lazy\" decoding=\"async\" width=\"364\" height=\"409\" src=\"https:\/\/www.leaplytics.de\/wp-content\/uploads\/2023\/11\/md3.png\" alt=\"\" class=\"wp-image-12807\" srcset=\"https:\/\/www.leaplytics.de\/wp-content\/uploads\/2023\/11\/md3.png 364w, https:\/\/www.leaplytics.de\/wp-content\/uploads\/2023\/11\/md3-267x300.png 267w, https:\/\/www.leaplytics.de\/wp-content\/uploads\/2023\/11\/md3-53x60.png 53w\" sizes=\"auto, (max-width: 364px) 100vw, 364px\" \/><\/figure><\/div>\n\n\n<div class=\"wp-block-columns is-layout-flex wp-container-core-columns-is-layout-3 wp-block-columns-is-layout-flex\">\n<div class=\"wp-block-column is-layout-flow wp-block-column-is-layout-flow\" style=\"flex-basis:66.66%\">\n<p>V\u00e4lj en dimension fr\u00e5n \"Data\"-avsnittet genom att klicka p\u00e5 den eller dra den till \"Data\"-f\u00e4ltet i bilden.<\/p>\n\n\n\n<p><strong>N\u00e4r du anv\u00e4nder v\u00e5r Markdown Viewer m\u00e5ste du vara s\u00e4ker p\u00e5 att data f\u00f6r en dimension \u00e4r i Markdown-format.<\/strong><\/p>\n<\/div>\n<\/div>\n\n\n\n<div style=\"height:16px\" aria-hidden=\"true\" class=\"wp-block-spacer\"><\/div>\n\n\n\n<h3 class=\"wp-block-heading\">4. Resultat<\/h3>\n\n\n\n<figure class=\"wp-block-image size-large\"><img loading=\"lazy\" decoding=\"async\" width=\"1024\" height=\"407\" src=\"https:\/\/www.leaplytics.de\/wp-content\/uploads\/2023\/11\/grafik-2-1024x407.png\" alt=\"\" class=\"wp-image-12810\" srcset=\"https:\/\/www.leaplytics.de\/wp-content\/uploads\/2023\/11\/grafik-2-1024x407.png 1024w, https:\/\/www.leaplytics.de\/wp-content\/uploads\/2023\/11\/grafik-2-300x119.png 300w, https:\/\/www.leaplytics.de\/wp-content\/uploads\/2023\/11\/grafik-2-768x305.png 768w, https:\/\/www.leaplytics.de\/wp-content\/uploads\/2023\/11\/grafik-2-1536x610.png 1536w, https:\/\/www.leaplytics.de\/wp-content\/uploads\/2023\/11\/grafik-2-151x60.png 151w, https:\/\/www.leaplytics.de\/wp-content\/uploads\/2023\/11\/grafik-2.png 1880w\" sizes=\"auto, (max-width: 1024px) 100vw, 1024px\" \/><\/figure>","protected":false},"excerpt":{"rendered":"<p>N\u00e4r du har laddat v\u00e5r visualisering fr\u00e5gar du dig s\u00e4kert vad du ska g\u00f6ra nu. Det \u00e4r det vi ska f\u00f6rklara f\u00f6r dig h\u00e4r i den h\u00e4r handledningen. 1. Dra Visual till kalkylbladet \u00d6ppna Microsoft Power BI och den relevanta rapporten eller kalkylbladet, d\u00e4r du vill anv\u00e4nda \"Markdown Viewer\" -visualen. \u00d6ppna ditt kalkylblad i ... <\/p>","protected":false},"author":2,"featured_media":0,"parent":0,"menu_order":0,"comment_status":"closed","ping_status":"closed","template":"","meta":{"footnotes":""},"class_list":["post-11871","page","type-page","status-publish","hentry","latest_post"],"_links":{"self":[{"href":"https:\/\/www.leaplytics.de\/sv\/wp-json\/wp\/v2\/pages\/11871","targetHints":{"allow":["GET"]}}],"collection":[{"href":"https:\/\/www.leaplytics.de\/sv\/wp-json\/wp\/v2\/pages"}],"about":[{"href":"https:\/\/www.leaplytics.de\/sv\/wp-json\/wp\/v2\/types\/page"}],"author":[{"embeddable":true,"href":"https:\/\/www.leaplytics.de\/sv\/wp-json\/wp\/v2\/users\/2"}],"replies":[{"embeddable":true,"href":"https:\/\/www.leaplytics.de\/sv\/wp-json\/wp\/v2\/comments?post=11871"}],"version-history":[{"count":0,"href":"https:\/\/www.leaplytics.de\/sv\/wp-json\/wp\/v2\/pages\/11871\/revisions"}],"wp:attachment":[{"href":"https:\/\/www.leaplytics.de\/sv\/wp-json\/wp\/v2\/media?parent=11871"}],"curies":[{"name":"wp","href":"https:\/\/api.w.org\/{rel}","templated":true}]}}