{"id":11926,"date":"2023-07-18T10:22:34","date_gmt":"2023-07-18T08:22:34","guid":{"rendered":"https:\/\/www.leaplytics.de\/?page_id=11926"},"modified":"2024-10-29T12:39:50","modified_gmt":"2024-10-29T11:39:50","slug":"markdown-visningsprogram-visuellt-for-power-bi","status":"publish","type":"page","link":"https:\/\/www.leaplytics.de\/sv\/markdown-visningsprogram-visuellt-for-power-bi\/","title":{"rendered":"Markdown Viewer Visual f\u00f6r Power BI"},"content":{"rendered":"<p>Vi introducerar Markdown-to-HTML Custom Visual f\u00f6r Power BI: ber\u00e4tta din datahistoria med en fullfj\u00e4drad textredigerare i din datapanel! Lyft fram relevant information via formaterad text i din datavisualiseringsupplevelse!<\/p>\n\n\n\n<p>Vi \u00e4r glada \u00f6ver att kunna presentera en banbrytande l\u00f6sning som g\u00f6r det m\u00f6jligt f\u00f6r Power BI-anv\u00e4ndare att s\u00f6ml\u00f6st integrera vackert formaterad text i sina rapporter och instrumentpaneler.<\/p>\n\n\n\n<h3 class=\"wp-block-heading has-text-align-left\">F\u00f6rdelar<\/h3>\n\n\n\n<h5 class=\"wp-block-heading\">Sl\u00e4pp loss kraften i Markdown<\/h5>\n\n\n\n<p>Ett allm\u00e4nt vedertaget m\u00e4rkspr\u00e5k med enkla och uttrycksfulla textformateringsfunktioner g\u00f6r att du kan skapa rubriker, listor, l\u00e4nkar och andra formaterade textelement direkt bredvid dina datavisualiseringar!<\/p>\n\n\n\n<h5 class=\"wp-block-heading\">Skapa \u00f6vertygande visuella ber\u00e4ttelser<\/h5>\n\n\n\n<p>Med Markdown-to-HTML Custom Visual kan du skapa f\u00e4ngslande ber\u00e4ttelser i din databer\u00e4ttelse genom att s\u00f6ml\u00f6st blanda rikt formaterad text med dina visualiseringar. Du kan ge detaljerade f\u00f6rklaringar, insikter och st\u00f6djande dokumentation direkt vid sidan av dina data, vilket g\u00f6r ditt budskap tydligare och mer slagkraftigt.<\/p>\n\n\n\n<h5 class=\"wp-block-heading\">Effektiviserad integration<\/h5>\n\n\n\n<p>V\u00e5rt anpassade visuella program integreras s\u00f6ml\u00f6st i din Power BI-milj\u00f6, vilket s\u00e4kerst\u00e4ller en anv\u00e4ndarv\u00e4nlig upplevelse. Ange bara din Markdown-kod eller anslut till en datak\u00e4lla som inneh\u00e5ller Markdown-inneh\u00e5ll, s\u00e5 tar v\u00e5r visuella del hand om resten.<\/p>\n\n\n\n<h5 class=\"wp-block-heading\">Anpassa f\u00f6r att matcha din stil<\/h5>\n\n\n\n<p>V\u00e5r Markdown-to-HTML Custom Visual erbjuder omfattande anpassningsalternativ f\u00f6r att ta med din unika varum\u00e4rkesidentitet. Skr\u00e4ddarsy visuellens utseende, till exempel teckensnitt, f\u00e4rger och bakgrunder, s\u00e5 att de st\u00e4mmer \u00f6verens med ditt varum\u00e4rke eller rapporttema f\u00f6r att p\u00e5 ett sammanh\u00e4ngande och professionellt s\u00e4tt presentera din organisations identitet.<\/p>\n\n\n\n<h5 class=\"wp-block-heading\">Fr\u00e4mja samarbete och kunskapsutbyte<\/h5>\n\n\n\n<p>Fr\u00e4mja samarbete, kunskapsdelning och effektiviserade arbetsfl\u00f6den inom din organisation med detta popul\u00e4ra format f\u00f6r samarbete och kunskapsdelning.<\/p>\n\n\n\n<p>H\u00f6j niv\u00e5n p\u00e5 din datavisualisering med v\u00e5r Markdown-to-HTML Custom Visual f\u00f6r Power BI. Presentera dina insikter och analyser p\u00e5 ett visuellt fantastiskt och engagerande s\u00e4tt som f\u00e4ngslar din publik. Oavsett om du \u00e4r dataanalytiker, aff\u00e4rsexpert eller chef \u00e4r den h\u00e4r visualen utformad f\u00f6r att hj\u00e4lpa dig att kommunicera komplexa id\u00e9er utan anstr\u00e4ngning och g\u00f6ra ett best\u00e5ende intryck.<\/p>\n\n\n\n<p>\u00c4r du redo att f\u00f6r\u00e4ndra dina Power BI-rapporter och instrumentpaneler? Ladda ner v\u00e5r Markdown-to-HTML Custom Visual idag och \u00f6ppna upp en v\u00e4rld av dynamiska textformateringsm\u00f6jligheter.<\/p>\n\n\n\n<p><em>F\u00f6rst\u00e4rk dina datapresentationer med den perfekta blandningen av visuell estetik och informativt inneh\u00e5ll. Upplev framtiden f\u00f6r data storytelling med Markdown och Power BI.<\/em><\/p>\n\n\n\n<p><\/p>\n\n\n\n<h3 class=\"wp-block-heading\">Beg\u00e4r din provlicens<\/h3>\n\n\n<div class=\"wpforms-container wpforms-container-full\" id=\"wpforms-11888\"><form id=\"wpforms-form-11888\" class=\"wpforms-validate wpforms-form wpforms-ajax-form\" data-formid=\"11888\" method=\"post\" enctype=\"multipart\/form-data\" action=\"\/sv\/wp-json\/wp\/v2\/pages\/11926\" data-token=\"e5da1159517e09abac0c70b767cdc9bf\" data-token-time=\"1776210643\" data-trp-original-action=\"\/sv\/wp-json\/wp\/v2\/pages\/11926\"><noscript class=\"wpforms-error-noscript\">Aktivera JavaScript i din webbl\u00e4sare f\u00f6r att fylla i formul\u00e4ret.<\/noscript><div class=\"wpforms-field-container\"><div id=\"wpforms-11888-field_0-container\" class=\"wpforms-field wpforms-field-name\" data-field-id=\"0\"><label class=\"wpforms-field-label\">Namn <span class=\"wpforms-required-label\">*<\/span><\/label><div class=\"wpforms-field-row wpforms-field-medium\"><div class=\"wpforms-field-row-block wpforms-first wpforms-one-half\"><input type=\"text\" id=\"wpforms-11888-field_0\" class=\"wpforms-field-name-first wpforms-field-required\" name=\"wpforms[fields][0][first]\" required><label for=\"wpforms-11888-field_0\" class=\"wpforms-field-sublabel after\">F\u00f6rst<\/label><\/div><div class=\"wpforms-field-row-block wpforms-one-half\"><input type=\"text\" id=\"wpforms-11888-field_0-last\" class=\"wpforms-field-name-last wpforms-field-required\" name=\"wpforms[fields][0][last]\" required><label for=\"wpforms-11888-field_0-last\" class=\"wpforms-field-sublabel after\">Sist<\/label><\/div><\/div><\/div><div id=\"wpforms-11888-field_1-container\" class=\"wpforms-field wpforms-field-email\" data-field-id=\"1\"><label class=\"wpforms-field-label\" for=\"wpforms-11888-field_1\">E-postadress f\u00f6r f\u00f6retag <span class=\"wpforms-required-label\">*<\/span><\/label><input type=\"email\" id=\"wpforms-11888-field_1\" class=\"wpforms-field-medium wpforms-field-required\" data-rule-restricted-email=\"1\" name=\"wpforms[fields][1]\" spellcheck=\"false\" required><\/div><div id=\"wpforms-11888-field_4-container\" class=\"wpforms-field wpforms-field-text\" data-field-id=\"4\"><label class=\"wpforms-field-label\" for=\"wpforms-11888-field_4\">F\u00f6retag <span class=\"wpforms-required-label\">*<\/span><\/label><input type=\"text\" id=\"wpforms-11888-field_4\" class=\"wpforms-field-medium wpforms-field-required\" name=\"wpforms[fields][4]\" required><\/div><div id=\"wpforms-11888-field_3-container\" class=\"wpforms-field wpforms-field-gdpr-checkbox\" data-field-id=\"3\"><label class=\"wpforms-field-label\">GDPR-avtal <span class=\"wpforms-required-label\">*<\/span><\/label><ul id=\"wpforms-11888-field_3\" class=\"wpforms-field-required\"><li class=\"choice-1\"><input type=\"checkbox\" id=\"wpforms-11888-field_3_1\" name=\"wpforms[fields][3][]\" value=\"I consent to having this website store my submitted information so they can respond to my inquiry.\" required><label class=\"wpforms-field-label-inline\" for=\"wpforms-11888-field_3_1\">Jag samtycker till att denna webbplats lagrar min inl\u00e4mnade information s\u00e5 att de kan svara p\u00e5 min f\u00f6rfr\u00e5gan.<\/label><\/li><\/ul><\/div><\/div><!-- .wpforms-field-container --><div class=\"wpforms-recaptcha-container wpforms-is-recaptcha wpforms-is-recaptcha-type-v3\" ><input type=\"hidden\" name=\"wpforms[recaptcha]\" value=\"\"><\/div><div class=\"wpforms-submit-container\" ><input type=\"hidden\" name=\"wpforms[id]\" value=\"11888\"><input type=\"hidden\" name=\"page_title\" value=\"\"><input type=\"hidden\" name=\"page_url\" value=\"https:\/\/www.leaplytics.de\/sv\/wp-json\/wp\/v2\/pages\/11926\"><input type=\"hidden\" name=\"url_referer\" value=\"\"><button type=\"submit\" name=\"wpforms[submit]\" id=\"wpforms-submit-11888\" class=\"wpforms-submit\" data-alt-text=\"Sending...\" data-submit-text=\"Submit\" aria-live=\"assertive\" value=\"wpforms-submit\">Skicka in<\/button><img loading=\"lazy\" decoding=\"async\" src=\"https:\/\/www.leaplytics.de\/wp-content\/plugins\/wpforms-lite\/assets\/images\/submit-spin.svg\" class=\"wpforms-submit-spinner\" style=\"display: none;\" width=\"26\" height=\"26\" alt=\"Laddar\"><\/div><input type=\"hidden\" name=\"trp-form-language\" value=\"sv\"\/><\/form><\/div>  <!-- .wpforms-container -->\n\n\n\n<div style=\"height:50px\" aria-hidden=\"true\" class=\"wp-block-spacer\"><\/div>\n\n\n\n<h3 class=\"wp-block-heading has-text-align-left\" id=\"tutorial\">Komma ig\u00e5ng<\/h3>\n\n\n\n<p><em>Hur kan jag b\u00f6rja?<\/em> Beg\u00e4r en testlicens ovan. Och n\u00e4r du fick en licenskod? Klicka bara nedan f\u00f6r att starta v\u00e5r handledning.<\/p>\n\n\n\n<figure class=\"wp-block-embed is-type-wp-embed is-provider-leaplytics wp-block-embed-leaplytics\"><div class=\"wp-block-embed__wrapper\">\n<blockquote class=\"wp-embedded-content\" data-secret=\"IL8vEweSWi\"><a href=\"https:\/\/www.leaplytics.de\/sv\/komma-igang-markdown-viewer-power-bi\/\">Komma ig\u00e5ng - Markdown Viewer<\/a><\/blockquote><iframe loading=\"lazy\" class=\"wp-embedded-content\" sandbox=\"allow-scripts\" security=\"restricted\" style=\"position: absolute; clip: rect(1px, 1px, 1px, 1px);\" title=\"&quot;Komma ig\u00e5ng - Markdown Viewer&quot; - LeapLytics\" src=\"https:\/\/www.leaplytics.de\/getting-started-markdown-viewer-power-bi\/embed\/#?secret=huMdA44Ho4#?secret=IL8vEweSWi\" data-secret=\"IL8vEweSWi\" width=\"600\" height=\"338\" frameborder=\"0\" marginwidth=\"0\" marginheight=\"0\" scrolling=\"no\"><\/iframe>\n<\/div><\/figure>","protected":false},"excerpt":{"rendered":"<p>Vi introducerar Markdown-to-HTML Custom Visual f\u00f6r Power BI: ber\u00e4tta din datahistoria med en fullfj\u00e4drad textredigerare i din datapanel! Lyft fram relevant information via formaterad text i din datavisualiseringsupplevelse! Vi \u00e4r glada \u00f6ver att kunna presentera en banbrytande l\u00f6sning som ger Power BI-anv\u00e4ndare m\u00f6jlighet att s\u00f6ml\u00f6st integrera vackert formaterad text i sina rapporter och ... <\/p>","protected":false},"author":2,"featured_media":0,"parent":0,"menu_order":0,"comment_status":"closed","ping_status":"closed","template":"","meta":{"footnotes":""},"class_list":["post-11926","page","type-page","status-publish","hentry","latest_post"],"_links":{"self":[{"href":"https:\/\/www.leaplytics.de\/sv\/wp-json\/wp\/v2\/pages\/11926","targetHints":{"allow":["GET"]}}],"collection":[{"href":"https:\/\/www.leaplytics.de\/sv\/wp-json\/wp\/v2\/pages"}],"about":[{"href":"https:\/\/www.leaplytics.de\/sv\/wp-json\/wp\/v2\/types\/page"}],"author":[{"embeddable":true,"href":"https:\/\/www.leaplytics.de\/sv\/wp-json\/wp\/v2\/users\/2"}],"replies":[{"embeddable":true,"href":"https:\/\/www.leaplytics.de\/sv\/wp-json\/wp\/v2\/comments?post=11926"}],"version-history":[{"count":3,"href":"https:\/\/www.leaplytics.de\/sv\/wp-json\/wp\/v2\/pages\/11926\/revisions"}],"predecessor-version":[{"id":13652,"href":"https:\/\/www.leaplytics.de\/sv\/wp-json\/wp\/v2\/pages\/11926\/revisions\/13652"}],"wp:attachment":[{"href":"https:\/\/www.leaplytics.de\/sv\/wp-json\/wp\/v2\/media?parent=11926"}],"curies":[{"name":"wp","href":"https:\/\/api.w.org\/{rel}","templated":true}]}}