{"id":12086,"date":"2023-08-02T17:05:19","date_gmt":"2023-08-02T15:05:19","guid":{"rendered":"https:\/\/www.leaplytics.de\/?page_id=12086"},"modified":"2023-08-06T14:32:15","modified_gmt":"2023-08-06T12:32:15","slug":"qlikview-migrering-till-power-bi","status":"publish","type":"page","link":"https:\/\/www.leaplytics.de\/sv\/qlikview-migrering-till-power-bi\/","title":{"rendered":"QlikView-migrering till Power BI - v\u00e5rt tillv\u00e4gag\u00e5ngss\u00e4tt"},"content":{"rendered":"<p>Anv\u00e4nder du f\u00f6r n\u00e4rvarande QlikView men funderar p\u00e5 att byta till Power BI?  P\u00e5 LeapLytics \u00e4r vi specialiserade p\u00e5 att tillhandah\u00e5lla expertmigreringstj\u00e4nster som hj\u00e4lper dig att s\u00f6ml\u00f6st \u00f6verg\u00e5 fr\u00e5n QlikView till Power BI. V\u00e5rt team av skickliga yrkesverksamma har l\u00e5ng erfarenhet av att hantera s\u00e5dana migreringar, vilket s\u00e4kerst\u00e4ller en smidig och effektiv process f\u00f6r din organisation.<\/p>\n\n\n\n<h3 class=\"wp-block-heading\"><strong>Varf\u00f6r migrera fr\u00e5n QlikView till Power BI?<\/strong><\/h3>\n\n\n\n<p>I takt med att tekniken f\u00f6r business intelligence forts\u00e4tter att utvecklas ser organisationer ofta f\u00f6rdelar med att uppgradera till mer moderna och robusta plattformar som Power BI. H\u00e4r \u00e4r n\u00e5gra \u00f6vertygande sk\u00e4l till att \u00f6verv\u00e4ga att migrera fr\u00e5n QlikView till Power BI:<\/p>\n\n\n\n<ol class=\"wp-block-list\">\n<li><strong>F\u00f6rb\u00e4ttrad datavisualisering:<\/strong> Power BI erbjuder ett brett utbud av visualiseringsalternativ som g\u00f6r att du kan presentera data p\u00e5 mer insiktsfulla och interaktiva s\u00e4tt, vilket ger dina beslutsfattare b\u00e4ttre insikter.<\/li>\n\n\n\n<li><strong>Integration med Microsofts ekosystem:<\/strong> Om din organisation redan anv\u00e4nder Microsoft-verktyg som Excel, SharePoint eller Office 365 integreras Power BI s\u00f6ml\u00f6st med dessa plattformar, vilket effektiviserar ditt arbetsfl\u00f6de.<\/li>\n\n\n\n<li><strong>Skalbarhet och prestanda:<\/strong> N\u00e4r dina databehov v\u00e4xer kan Power BI hantera stora datam\u00e4ngder och komplexa fr\u00e5gor med anm\u00e4rkningsv\u00e4rd effektivitet och hastighet.<\/li>\n\n\n\n<li><strong>Funktioner i molnet:<\/strong> Med Power BI:s molnfunktioner kan du enkelt dela rapporter och samarbeta med kollegor, vilket s\u00e4kerst\u00e4ller tillg\u00e5ng till kritisk information i realtid.<\/li>\n\n\n\n<li><strong>Regelbundna uppdateringar och support:<\/strong> Power BI f\u00e5r ofta uppdateringar och f\u00f6rb\u00e4ttringar fr\u00e5n Microsoft, vilket s\u00e4kerst\u00e4ller att du har tillg\u00e5ng till de senaste funktionerna och f\u00f6rb\u00e4ttringarna.<\/li>\n<\/ol>\n\n\n\n<h3 class=\"wp-block-heading\"><strong>\u00d6verv\u00e4ganden f\u00f6r en framg\u00e5ngsrik migrering fr\u00e5n QlikView till Power BI<\/strong><\/h3>\n\n\n\n<p>Att migrera fr\u00e5n en business intelligence-plattform till en annan kan vara en komplex uppgift. F\u00f6r att s\u00e4kerst\u00e4lla en framg\u00e5ngsrik migrering \u00e4r det viktigt att ta itu med f\u00f6ljande viktiga \u00f6verv\u00e4ganden:<\/p>\n\n\n\n<ol class=\"wp-block-list\">\n<li><strong>Bed\u00f6mning av data:<\/strong> Analysera dina befintliga QlikView-data f\u00f6r att fastst\u00e4lla struktur, kvalitet och relevans f\u00f6r migrering. Identifiera potentiella krav p\u00e5 rensning och omvandling av data.<\/li>\n\n\n\n<li><strong>Mapping Repositories, Rapporter och Dashboards:<\/strong> F\u00f6rst\u00e5 dina nuvarande QlikView-arkiv, rapporter och instrumentpaneler noggrant. Skapa en kartl\u00e4ggningsplan f\u00f6r att replikera dessa visualiseringar i Power BI och samtidigt utnyttja dess unika funktioner.<\/li>\n\n\n\n<li><strong>Datamodellering i Power BI:<\/strong> Utforma en effektiv datamodell i Power BI som \u00e4r anpassad till dina aff\u00e4rskrav och optimerar prestandan.<\/li>\n\n\n\n<li><strong>S\u00e4kerhet och beh\u00f6righeter:<\/strong> Definiera s\u00e4kerhetsroller och beh\u00f6righeter i Power BI f\u00f6r att s\u00e4kerst\u00e4lla att data\u00e5tkomst hanteras och begr\u00e4nsas p\u00e5 l\u00e4mpligt s\u00e4tt.<\/li>\n\n\n\n<li><strong>Utbildning av anv\u00e4ndare och inf\u00f6rande:<\/strong> F\u00f6rbered ditt team f\u00f6r migreringen genom att tillhandah\u00e5lla omfattande utbildning i Power BI:s funktioner och egenskaper.<\/li>\n\n\n\n<li><strong>Testning och kvalitetss\u00e4kring:<\/strong> Genomf\u00f6r rigor\u00f6sa tester f\u00f6r att identifiera och l\u00f6sa eventuella problem innan l\u00f6sningen tas i drift.<\/li>\n\n\n\n<li><strong>St\u00f6d efter migrering:<\/strong> Erbjud l\u00f6pande support f\u00f6r att hantera eventuella utmaningar efter migreringen och hj\u00e4lpa anv\u00e4ndarna att fullt ut utnyttja Power BI:s m\u00f6jligheter.<\/li>\n<\/ol>\n\n\n\n<h3 class=\"wp-block-heading\"><strong>Varf\u00f6r LeapLytics f\u00f6r din QlikView till Power BI-migrering?<\/strong><\/h3>\n\n\n\n<p>P\u00e5 LeapLytics \u00e4r vi stolta \u00f6ver v\u00e5rt kundcentrerade arbetss\u00e4tt och v\u00e5r djupa f\u00f6rst\u00e5else f\u00f6r b\u00e5de QlikView och Power BI. V\u00e5rt team av experter har de f\u00e4rdigheter och kunskaper som kr\u00e4vs f\u00f6r att navigera i migrationsprocessen s\u00f6ml\u00f6st och s\u00e4kerst\u00e4lla minimala st\u00f6rningar i din aff\u00e4rsverksamhet. N\u00e4r du v\u00e4ljer oss drar du nytta av:<\/p>\n\n\n\n<ul class=\"wp-block-list\">\n<li><strong>Erfarenhet och kompetens:<\/strong> V\u00e5ra erfarna medarbetare har framg\u00e5ngsrikt genomf\u00f6rt m\u00e5nga migreringar fr\u00e5n QlikView till Power BI, vilket g\u00f6r dem skickliga p\u00e5 att hantera alla komplexa problem som kan uppst\u00e5.<\/li>\n\n\n\n<li><strong>Skr\u00e4ddarsydda l\u00f6sningar:<\/strong> Vi f\u00f6rst\u00e5r att varje organisations behov \u00e4r unika. D\u00e4rf\u00f6r erbjuder vi personliga migreringsstrategier som \u00e4r anpassade till dina specifika krav.<\/li>\n\n\n\n<li><strong>Datas\u00e4kerhet:<\/strong> Vi prioriterar s\u00e4kerheten f\u00f6r din k\u00e4nsliga information och f\u00f6ljer branschens b\u00e4sta praxis f\u00f6r att skydda dina data under och efter migreringen.<\/li>\n\n\n\n<li><strong>Kontinuerligt st\u00f6d:<\/strong> V\u00e5rt engagemang f\u00f6r din framg\u00e5ng str\u00e4cker sig bortom migreringsprocessen. Vi tillhandah\u00e5ller l\u00f6pande support f\u00f6r att ta itu med eventuella problem och hj\u00e4lpa till med inf\u00f6randet av Power BI.<\/li>\n<\/ul>\n\n\n\n<p>LeapLytics \u00e4r din p\u00e5litliga partner n\u00e4r det g\u00e4ller att g\u00f6ra \u00f6verg\u00e5ngen fr\u00e5n QlikView till Power BI s\u00e5 smidig som m\u00f6jligt. Kontakta oss idag f\u00f6r att l\u00e4ra dig mer om v\u00e5ra migrationstj\u00e4nster och ta det f\u00f6rsta steget mot att frig\u00f6ra den verkliga potentialen i dina data.<\/p>\n\n\n\n<h4 class=\"wp-block-heading\"><strong>Kontakta oss idag<\/strong><\/h4>\n\n\n\n<p>Har du n\u00e5gra fr\u00e5gor om migrering fr\u00e5n QlikView till Power BI eller \u00e4r du intresserad av v\u00e5ra tj\u00e4nster? Tveka inte att kontakta oss f\u00f6r en konsultation. Vi finns h\u00e4r f\u00f6r att hj\u00e4lpa dig att g\u00f6ra en smidig och framg\u00e5ngsrik \u00f6verg\u00e5ng till Power BI. Ta kontakt med v\u00e5ra experter och <a href=\"https:\/\/www.leaplytics.de\/sv\/kontakt\/\"><strong>skicka ett meddelande till oss<\/strong><\/a>.<\/p>\n\n\n\n<p>(<em>Kontakta oss g\u00e4rna \u00e4ven om du beh\u00f6ver v\u00e4gledning om en annan aspekt av business intelligence, dataanalys eller visualisering. V\u00e5rt team \u00e4r v\u00e4l rustat f\u00f6r att hj\u00e4lpa dig i olika datarelaterade sammanhang.<\/em>)<\/p>","protected":false},"excerpt":{"rendered":"<p>Anv\u00e4nder du f\u00f6r n\u00e4rvarande QlikView men funderar p\u00e5 att byta till Power BI? P\u00e5 LeapLytics \u00e4r vi specialiserade p\u00e5 att tillhandah\u00e5lla expertmigreringstj\u00e4nster som hj\u00e4lper dig att s\u00f6ml\u00f6st \u00f6verg\u00e5 fr\u00e5n QlikView till Power BI. V\u00e5rt team av skickliga yrkesverksamma har l\u00e5ng erfarenhet av att hantera s\u00e5dana migreringar, vilket s\u00e4kerst\u00e4ller en smidig och effektiv process f\u00f6r din organisation. Varf\u00f6r migrera fr\u00e5n ... <\/p>","protected":false},"author":2,"featured_media":0,"parent":0,"menu_order":0,"comment_status":"closed","ping_status":"closed","template":"","meta":{"footnotes":""},"class_list":["post-12086","page","type-page","status-publish","hentry","latest_post"],"_links":{"self":[{"href":"https:\/\/www.leaplytics.de\/sv\/wp-json\/wp\/v2\/pages\/12086","targetHints":{"allow":["GET"]}}],"collection":[{"href":"https:\/\/www.leaplytics.de\/sv\/wp-json\/wp\/v2\/pages"}],"about":[{"href":"https:\/\/www.leaplytics.de\/sv\/wp-json\/wp\/v2\/types\/page"}],"author":[{"embeddable":true,"href":"https:\/\/www.leaplytics.de\/sv\/wp-json\/wp\/v2\/users\/2"}],"replies":[{"embeddable":true,"href":"https:\/\/www.leaplytics.de\/sv\/wp-json\/wp\/v2\/comments?post=12086"}],"version-history":[{"count":0,"href":"https:\/\/www.leaplytics.de\/sv\/wp-json\/wp\/v2\/pages\/12086\/revisions"}],"wp:attachment":[{"href":"https:\/\/www.leaplytics.de\/sv\/wp-json\/wp\/v2\/media?parent=12086"}],"curies":[{"name":"wp","href":"https:\/\/api.w.org\/{rel}","templated":true}]}}