{"id":12944,"date":"2023-12-18T23:03:40","date_gmt":"2023-12-18T22:03:40","guid":{"rendered":"https:\/\/www.leaplytics.de\/?page_id=12944"},"modified":"2023-12-18T23:03:40","modified_gmt":"2023-12-18T22:03:40","slug":"ehs-riskhantering-power-bi-for-gruv-och-petroleumindustrin","status":"publish","type":"page","link":"https:\/\/www.leaplytics.de\/sv\/ehs-riskhantering-power-bi-for-gruv-och-petroleumindustrin\/","title":{"rendered":"EHS Risk Management Power BI f\u00f6r gruv- och petroleumindustrin"},"content":{"rendered":"<h3 class=\"wp-block-heading\">Inledning<\/h3>\n\n\n\n<p>Industrier som gruvdrift och petroleum \u00e4r avg\u00f6rande f\u00f6r den globala ekonomin och levererar resurser och energi. Men de st\u00e5r inf\u00f6r utmaningar n\u00e4r det g\u00e4ller milj\u00f6-, h\u00e4lso- och s\u00e4kerhetsrisker (EHS). F\u00f6retag ser nu en solid hantering av EHS-risker som grundl\u00e4ggande f\u00f6r framg\u00e5ng. Den h\u00e4r artikeln handlar om hur v\u00e5r Power BI Risk Matrix kan f\u00f6rb\u00e4ttra hanteringen av EHS-risker.<\/p>\n\n\n\n<h3 class=\"wp-block-heading\"><strong>F\u00f6rst\u00e5else av EHS riskhantering<\/strong><\/h3>\n\n\n\n<p>Inom gruv- och oljeindustrin \u00e4r milj\u00f6-, h\u00e4lso- och s\u00e4kerhetsrisker de viktigaste fr\u00e5gorna. Dessa inkluderar st\u00f6rningar av livsmilj\u00f6er, f\u00f6roreningar, olyckor och juridiska fr\u00e5gor. Strikt riskhantering inom EHS \u00e4r avg\u00f6rande f\u00f6r en h\u00e5llbar och framg\u00e5ngsrik verksamhet.<\/p>\n\n\n\n<h3 class=\"wp-block-heading\"><strong>Power BI Riskmatris<\/strong><\/h3>\n\n\n\n<p>Riskmatrisen \u00e4r ett starkt verktyg f\u00f6r att hantera EHS-risker med Power BI. H\u00e4r \u00e4r hur den hj\u00e4lper till:<\/p>\n\n\n\n<ol class=\"wp-block-list\">\n<li><strong>Identifiering av risker:<\/strong> Samlar in data f\u00f6r att uppt\u00e4cka s\u00e4kerhets-, efterlevnads- eller h\u00e4lsorisker.<\/li>\n\n\n\n<li><strong>Visualisering:<\/strong> Kategoriserar risker och hj\u00e4lper beslutsfattare att se angel\u00e4gna fr\u00e5gor.<\/li>\n\n\n\n<li><strong>\u00d6vervakning av prestanda:<\/strong> H\u00e5ller EHS-data uppdaterade f\u00f6r proaktiv riskhantering.<\/li>\n\n\n\n<li><strong>Interaktiva instrumentpaneler: <\/strong>Visa riskm\u00e5tt, incidenter och trender i realtid f\u00f6r enklare resultatuppf\u00f6ljning.<\/li>\n<\/ol>\n\n\n\n<div class=\"wp-block-buttons is-layout-flex wp-block-buttons-is-layout-flex\" id=\"https:\/\/www.leaplytics.de\/frontpage\/project-management-custom-visuals-microsoft-powerbi\/risk-heatmap-custom-visual-for-power-bi\/\">\n<div class=\"wp-block-button has-custom-width wp-block-button__width-75 has-custom-font-size is-style-fill\" style=\"font-size:18px\"><a class=\"wp-block-button__link has-background wp-element-button\" href=\"https:\/\/www.leaplytics.de\/sv\/forstasida\/projektledning-anpassade-visualiseringar-microsoft-powerbi\/risk-heatmap-anpassad-visuell-bild-for-power-bi\/\" style=\"background-color:#22316d\" rel=\"https:\/\/www.leaplytics.de\/frontpage\/project-management-custom-visuals-microsoft-powerbi\/risk-heatmap-custom-visual-for-power-bi\/\">Kolla in v\u00e5r anpassade visuella \"riskmatris\" f\u00f6r Power BI h\u00e4r!<\/a><\/div>\n<\/div>\n\n\n\n<p><\/p>\n\n\n\n<h3 class=\"wp-block-heading\"><strong>\u00d6kad prestanda genom riskhantering inom EHS<\/strong><\/h3>\n\n\n\n<p>Effektiv riskhantering inom EHS f\u00f6rb\u00e4ttrar resultatet:<\/p>\n\n\n\n<ul class=\"wp-block-list\">\n<li><strong>Operativ effektivitet:<\/strong> Minskar antalet olyckor, utrustningsfel och milj\u00f6incidenter. Detta f\u00f6rb\u00e4ttrar effektiviteten och minskar stillest\u00e5ndstiden.<\/li>\n\n\n\n<li><strong>Kostnadsbesparingar:<\/strong> Minimerar antalet incidenter, vilket minskar b\u00f6ter, juridiska avgifter och saneringskostnader.<\/li>\n\n\n\n<li><strong>H\u00e5llbarhet och anseende:<\/strong> Visar engagemang f\u00f6r h\u00e5llbarhet. Detta f\u00f6rb\u00e4ttrar ryktet och attraktionskraften hos investerare och kunder.<\/li>\n\n\n\n<li><strong>Efterlevnad:<\/strong> F\u00f6ljer EHS-reglerna, uppr\u00e4tth\u00e5ller en god relation med tillsynsmyndigheter och undviker p\u00e5f\u00f6ljder.<\/li>\n\n\n\n<li><strong>Medarbetarnas v\u00e4lbefinnande:<\/strong> Prioriterar arbetsgivarens s\u00e4kerhet och h\u00e4lsa. P\u00e5 s\u00e5 s\u00e4tt f\u00f6rb\u00e4ttras motivationen och produktiviteten, vilket minskar personaloms\u00e4ttningen och fr\u00e5nvaron.<\/li>\n<\/ul>\n\n\n\n<h3 class=\"wp-block-heading\"><strong>Slutsats<\/strong><\/h3>\n\n\n\n<p>EHS riskhantering \u00e4r avg\u00f6rande f\u00f6r en utm\u00e4rkt verksamhet. V\u00e5r riskmatris i Power BI \u00e4r ett utm\u00e4rkt verktyg f\u00f6r att hantera risker p\u00e5 ett effektivt s\u00e4tt. EHS riskhantering hj\u00e4lper f\u00f6retag att prestera b\u00e4ttre och s\u00e4nka kostnaderna. Det hj\u00e4lper dem ocks\u00e5 att uppfylla regler och bygga upp en kultur av h\u00e5llbarhet och s\u00e4kerhet. F\u00f6r att m\u00f6ta dagens utmaningar \u00e4r EHS riskhantering genom Power BI nyckeln till framg\u00e5ng.<\/p>","protected":false},"excerpt":{"rendered":"<p>Introduction Industries such as mining and petroleum are crucial for the global economy, supplying resources and energy. But, they face challenges in environmental, health, and safety (EHS) risks. Companies now view solid EHS risk management,fundamental for success. This article looks at how our Power BI Risk Matrix can enhance EHS risk management. Understanding EHS Risk &hellip; <\/p>","protected":false},"author":55,"featured_media":12952,"parent":0,"menu_order":0,"comment_status":"closed","ping_status":"closed","template":"","meta":{"footnotes":""},"class_list":["post-12944","page","type-page","status-publish","has-post-thumbnail","hentry","latest_post"],"_links":{"self":[{"href":"https:\/\/www.leaplytics.de\/sv\/wp-json\/wp\/v2\/pages\/12944","targetHints":{"allow":["GET"]}}],"collection":[{"href":"https:\/\/www.leaplytics.de\/sv\/wp-json\/wp\/v2\/pages"}],"about":[{"href":"https:\/\/www.leaplytics.de\/sv\/wp-json\/wp\/v2\/types\/page"}],"author":[{"embeddable":true,"href":"https:\/\/www.leaplytics.de\/sv\/wp-json\/wp\/v2\/users\/55"}],"replies":[{"embeddable":true,"href":"https:\/\/www.leaplytics.de\/sv\/wp-json\/wp\/v2\/comments?post=12944"}],"version-history":[{"count":0,"href":"https:\/\/www.leaplytics.de\/sv\/wp-json\/wp\/v2\/pages\/12944\/revisions"}],"wp:featuredmedia":[{"embeddable":true,"href":"https:\/\/www.leaplytics.de\/sv\/wp-json\/wp\/v2\/media\/12952"}],"wp:attachment":[{"href":"https:\/\/www.leaplytics.de\/sv\/wp-json\/wp\/v2\/media?parent=12944"}],"curies":[{"name":"wp","href":"https:\/\/api.w.org\/{rel}","templated":true}]}}