{"id":13092,"date":"2024-01-22T11:56:36","date_gmt":"2024-01-22T10:56:36","guid":{"rendered":"https:\/\/www.leaplytics.de\/?page_id=13092"},"modified":"2024-01-22T11:59:33","modified_gmt":"2024-01-22T10:59:33","slug":"finansiell-riskhantering-for-power-bi","status":"publish","type":"page","link":"https:\/\/www.leaplytics.de\/sv\/finansiell-riskhantering-for-power-bi\/","title":{"rendered":"Power BI: Finansiell riskhantering inom finanssektorn"},"content":{"rendered":"<h2 class=\"wp-block-heading has-medium-font-size\">Inledning<\/h2>\n\n\n\n<p>Riskhantering \u00e4r avg\u00f6rande inom finans p\u00e5 grund av den st\u00e4ndiga os\u00e4kerheten. Experter m\u00e5ste identifiera och ta itu med kritiska faktorer f\u00f6r stabilitet, efterlevnad och tillv\u00e4xt. Den h\u00e4r artikeln handlar om riskhantering inom finans och betonar datavisualisering med hj\u00e4lp av Power BI:s riskmatris f\u00f6r b\u00e4ttre beslutsfattande.<\/p>\n\n\n\n<h2 class=\"wp-block-heading has-medium-font-size\">Viktiga faktorer i riskhanteringen f\u00f6r finansiella tj\u00e4nster<\/h2>\n\n\n\n<p style=\"font-size:18px\">1.&nbsp;&nbsp;&nbsp;&nbsp;&nbsp; <strong>Regulatorisk efterlevnad<\/strong>:<\/p>\n\n\n\n<p>Att f\u00f6lja regelverk \u00e4r en h\u00f6rnsten i riskhanteringen inom finansiella tj\u00e4nster. Regleringar som Basel III, Dodd-Frank och MiFID II inneb\u00e4r strikta riktlinjer f\u00f6r att s\u00e4kerst\u00e4lla stabilitet och skydda intressenter. Finansiella institutioner m\u00e5ste h\u00e5lla sig uppdaterade om nya regleringar och implementera robusta efterlevnads\u00e5tg\u00e4rder.<\/p>\n\n\n\n<ul class=\"wp-block-list\">\n<li><strong>KPI:<\/strong> Po\u00e4ng f\u00f6r efterlevnad<\/li>\n<\/ul>\n\n\n\n<ul class=\"wp-block-list\">\n<li><strong>F\u00f6rklaring:<\/strong> Detta nyckeltal m\u00e4ter institutets efterlevnad av lagstadgade krav. En h\u00f6gre po\u00e4ng inneb\u00e4r b\u00e4ttre efterlevnad.<\/li>\n<\/ul>\n\n\n\n<p style=\"font-size:18px\">2.&nbsp;&nbsp;&nbsp;&nbsp;&nbsp; <strong>Kreditrisk<\/strong>:<\/p>\n\n\n\n<p>Kreditrisken \u00e4r en naturlig del av finanssektorn och det \u00e4r viktigt att hantera den. Att analysera l\u00e5ntagarens kreditv\u00e4rdighet, \u00f6vervaka kreditexponeringar och till\u00e4mpa f\u00f6rsiktiga utl\u00e5ningsmetoder \u00e4r avg\u00f6rande f\u00f6r att minska kreditrisken.<\/p>\n\n\n\n<ul class=\"wp-block-list\">\n<li><strong>KPI:<\/strong> Standard sannolikhet Betyg\/Index<\/li>\n<\/ul>\n\n\n\n<ul class=\"wp-block-list\">\n<li><strong>F\u00f6rklaring:<\/strong> Rating\/index f\u00f6r sannolikhet f\u00f6r fallissemang \u00e5terspeglar sannolikheten f\u00f6r att l\u00e5ntagare inte kommer att betala sina l\u00e5n. Ett l\u00e4gre betyg\/index \u00e4r \u00f6nskv\u00e4rt, vilket indikerar l\u00e4gre kreditrisk.<\/li>\n<\/ul>\n\n\n\n<p style=\"font-size:18px\">3.&nbsp;&nbsp;&nbsp;&nbsp;&nbsp; <strong>Marknadsrisk<\/strong>:<\/p>\n\n\n\n<p>Fluktuationer i r\u00e4ntor, valutakurser och r\u00e5varupriser inneb\u00e4r utmaningar f\u00f6r finansinstituten. Det \u00e4r viktigt att implementera riskmodeller som bed\u00f6mer marknadsriskexponeringen. Stresstestscenarier kan hj\u00e4lpa till att identifiera potentiella s\u00e5rbarheter.<\/p>\n\n\n\n<ul class=\"wp-block-list\">\n<li><strong>KPI:<\/strong> Volatilitetsindex f\u00f6r marknaden<\/li>\n<\/ul>\n\n\n\n<ul class=\"wp-block-list\">\n<li><strong>F\u00f6rklaring:<\/strong> Market Volatility Index anger graden av of\u00f6ruts\u00e4gbarhet p\u00e5 de finansiella marknaderna. Ett h\u00f6gre index tyder p\u00e5 h\u00f6gre marknadsrisk.<\/li>\n<\/ul>\n\n\n\n<p style=\"font-size:18px\">4.&nbsp;&nbsp;&nbsp;&nbsp;&nbsp; <strong>Operativ risk<\/strong>:<\/p>\n\n\n\n<p>Driftst\u00f6rningar, hot mot cybers\u00e4kerheten <a href=\"https:\/\/www.leaplytics.de\/sv\/hantering-av-cybersakerhetsrisker-i-power-bi\/\"><mark style=\"background-color:rgba(0, 0, 0, 0)\" class=\"has-inline-color has-vivid-cyan-blue-color\">(klicka h\u00e4r f\u00f6r att l\u00e4sa v\u00e5r artikel om riskhantering inom cybers\u00e4kerhet)<\/mark><\/a>och interna processfel kan p\u00e5verka finansiella tj\u00e4nster. Att utveckla omfattande riskramverk, genomf\u00f6ra regelbundna revisioner och sp\u00e5ra cybers\u00e4kerhets\u00e5tg\u00e4rder \u00e4r avg\u00f6rande. Dessa \u00e5tg\u00e4rder bidrar till att hantera operativ risk.<\/p>\n\n\n\n<ul class=\"wp-block-list\">\n<li><strong>KPI:<\/strong> Po\u00e4ng f\u00f6r operationell motst\u00e5ndskraft<\/li>\n<\/ul>\n\n\n\n<ul class=\"wp-block-list\">\n<li><strong>F\u00f6rklaring:<\/strong> Operational Resilience Score bed\u00f6mer institutets f\u00f6rm\u00e5ga att motst\u00e5 och \u00e5terh\u00e4mta sig fr\u00e5n operativa st\u00f6rningar. En h\u00f6gre po\u00e4ng indikerar st\u00f6rre operativ motst\u00e5ndskraft.<\/li>\n<\/ul>\n\n\n\n<p style=\"font-size:18px\">5.&nbsp;&nbsp;&nbsp;&nbsp;&nbsp; <strong>Likviditetsrisk<\/strong>:<\/p>\n\n\n\n<p>Att s\u00e4kerst\u00e4lla tillr\u00e4cklig likviditet f\u00f6r att uppfylla kortfristiga \u00e5taganden \u00e4r grundl\u00e4ggande. Instituten m\u00e5ste ha beredskapsplaner, stresstesta likviditetspositioner och uppr\u00e4tth\u00e5lla en balans mellan kortfristiga och l\u00e5ngfristiga tillg\u00e5ngar.<\/p>\n\n\n\n<ul class=\"wp-block-list\">\n<li><strong>KPI:<\/strong> Likviditetst\u00e4ckningsgrad<\/li>\n<\/ul>\n\n\n\n<ul class=\"wp-block-list\">\n<li><strong>F\u00f6rklaring:<\/strong> Likviditetst\u00e4ckningsgraden m\u00e4ter institutets f\u00f6rm\u00e5ga att t\u00e4cka kortfristiga \u00e5taganden med likvida medel. En h\u00f6gre kvot indikerar en sundare likviditetsposition.<\/li>\n<\/ul>\n\n\n\n<h2 class=\"wp-block-heading has-medium-font-size\">Datavisualisering med riskmatrisen f\u00f6r Power BI<\/h2>\n\n\n\n<p>Riskmatrisen f\u00f6r Power BI \u00e4r ett kraftfullt visuellt verktyg f\u00f6r riskhanterare f\u00f6r att bed\u00f6ma, prioritera och kommunicera risker. Matrisen m\u00f6jligg\u00f6r kategorisering av risker baserat p\u00e5 deras sannolikhet och p\u00e5verkan. Med sina omfattande funktioner ger riskmatrisen en helt\u00e4ckande och flerdimensionell bild av risklandskapet.<\/p>\n\n\n\n<figure class=\"wp-block-image size-full\"><img loading=\"lazy\" decoding=\"async\" width=\"1024\" height=\"576\" src=\"https:\/\/www.leaplytics.de\/wp-content\/uploads\/2024\/01\/Risk-Matrix.jpg\" alt=\"\" class=\"wp-image-13066\" srcset=\"https:\/\/www.leaplytics.de\/wp-content\/uploads\/2024\/01\/Risk-Matrix.jpg 1024w, https:\/\/www.leaplytics.de\/wp-content\/uploads\/2024\/01\/Risk-Matrix-300x169.jpg 300w, https:\/\/www.leaplytics.de\/wp-content\/uploads\/2024\/01\/Risk-Matrix-768x432.jpg 768w, https:\/\/www.leaplytics.de\/wp-content\/uploads\/2024\/01\/Risk-Matrix-107x60.jpg 107w\" sizes=\"auto, (max-width: 1024px) 100vw, 1024px\" \/><\/figure>\n\n\n\n<div class=\"wp-block-buttons is-content-justification-center is-layout-flex wp-container-core-buttons-is-layout-1 wp-block-buttons-is-layout-flex\">\n<div class=\"wp-block-button has-custom-font-size\" style=\"font-size:18px\"><a class=\"wp-block-button__link has-background wp-element-button\" href=\"https:\/\/www.leaplytics.de\/sv\/forstasida\/projektledning-anpassade-visualiseringar-microsoft-powerbi\/risk-heatmap-anpassad-visuell-bild-for-power-bi\/\" style=\"background-color:#22316d\">Kolla in v\u00e5r anpassade visuella \"riskmatris\" f\u00f6r Power BI h\u00e4r!<\/a><\/div>\n<\/div>\n\n\n\n<p><\/p>\n\n\n\n<h2 class=\"wp-block-heading has-medium-font-size\">Utmaningar och m\u00f6jligheter<\/h2>\n\n\n\n<p><strong>Utmaningar<\/strong>:<\/p>\n\n\n\n<ul class=\"wp-block-list\">\n<li><strong>Datakvalitet och integration<\/strong>: Det kan vara en utmaning att s\u00e4kerst\u00e4lla att data fr\u00e5n olika k\u00e4llor \u00e4r korrekta och tillf\u00f6rlitliga. Att integrera data i Power BI kr\u00e4ver noggrann uppm\u00e4rksamhet f\u00f6r att uppr\u00e4tth\u00e5lla dataintegriteten.<\/li>\n\n\n\n<li><strong>Kommunikation med intressenter<\/strong>: Att f\u00f6rmedla riskinformation till intressenter \u00e4r avg\u00f6rande. Utmaningen ligger i att presentera komplexa data i ett begripligt format.<\/li>\n<\/ul>\n\n\n\n<p><strong>M\u00f6jligheter<\/strong>:<\/p>\n\n\n\n<ul class=\"wp-block-list\">\n<li><strong>Prediktiv analys<\/strong>: Med hj\u00e4lp av prediktiv analys i Power BI identifieras m\u00f6jliga risker innan de intr\u00e4ffar. Detta hj\u00e4lper till att hantera risker i f\u00f6rv\u00e4g.<\/li>\n\n\n\n<li><strong>\u00d6vervakning i realtid<\/strong>: Power BI m\u00f6jligg\u00f6r \u00f6vervakning i realtid av viktiga riskindikatorer. Detta m\u00f6jligg\u00f6r flexibla svar p\u00e5 framv\u00e4xande risker.<\/li>\n<\/ul>\n\n\n\n<p><strong>Hantera utmaningar genom riskhantering<\/strong><\/p>\n\n\n\n<ul class=\"wp-block-list\">\n<li><strong>Etablera datastyrning<\/strong>: Genom att inf\u00f6ra robusta metoder f\u00f6r datastyrning s\u00e4kerst\u00e4lls datakvalitet och dataintegritet. Detta \u00f6kar tillf\u00f6rlitligheten i riskbed\u00f6mningarna.<\/li>\n\n\n\n<li><strong>Utbildning av intressenter<\/strong>: Ge utbildning i tolkning av riskdata och anv\u00e4ndning av Power BI-verktyg f\u00f6r v\u00e4lgrundat beslutsfattande.<\/li>\n<\/ul>\n\n\n\n<h2 class=\"wp-block-heading has-medium-font-size\">Slutsats<\/h2>\n\n\n\n<p>I den dynamiska finansbranschen \u00e4r effektiv riskhantering en nyckelfr\u00e5ga. Genom att utnyttja verktyg som riskmatrisen f\u00f6r Power BI f\u00f6rb\u00e4ttras beslutsfattandet. Det hj\u00e4lper till att hantera utmaningar och ta vara p\u00e5 m\u00f6jligheter. Att hantera datakvalitet, f\u00f6rb\u00e4ttra kommunikationen med intressenter och anv\u00e4nda avancerad analys \u00e4r avg\u00f6rande steg. Genom att anta dessa strategier kan finansinstituten bygga upp motst\u00e5ndskraft och s\u00e4kerst\u00e4lla h\u00e5llbar tillv\u00e4xt.<\/p>","protected":false},"excerpt":{"rendered":"<p>Introduction Risk management is crucial in finance due to constant uncertainty. Experts need to identify and address critical factors for stability, compliance, and growth. This article explores risk management in finance, emphasizing data visualization using Power BI&#8217;s risk matrix for better decision-making. Crucial Factors in Financial Services Risk Management 1.&nbsp;&nbsp;&nbsp;&nbsp;&nbsp; Regulatory Compliance: Adherence to regulatory &hellip; <\/p>","protected":false},"author":55,"featured_media":13094,"parent":0,"menu_order":0,"comment_status":"closed","ping_status":"closed","template":"","meta":{"footnotes":""},"class_list":["post-13092","page","type-page","status-publish","has-post-thumbnail","hentry","latest_post"],"_links":{"self":[{"href":"https:\/\/www.leaplytics.de\/sv\/wp-json\/wp\/v2\/pages\/13092","targetHints":{"allow":["GET"]}}],"collection":[{"href":"https:\/\/www.leaplytics.de\/sv\/wp-json\/wp\/v2\/pages"}],"about":[{"href":"https:\/\/www.leaplytics.de\/sv\/wp-json\/wp\/v2\/types\/page"}],"author":[{"embeddable":true,"href":"https:\/\/www.leaplytics.de\/sv\/wp-json\/wp\/v2\/users\/55"}],"replies":[{"embeddable":true,"href":"https:\/\/www.leaplytics.de\/sv\/wp-json\/wp\/v2\/comments?post=13092"}],"version-history":[{"count":6,"href":"https:\/\/www.leaplytics.de\/sv\/wp-json\/wp\/v2\/pages\/13092\/revisions"}],"predecessor-version":[{"id":13102,"href":"https:\/\/www.leaplytics.de\/sv\/wp-json\/wp\/v2\/pages\/13092\/revisions\/13102"}],"wp:featuredmedia":[{"embeddable":true,"href":"https:\/\/www.leaplytics.de\/sv\/wp-json\/wp\/v2\/media\/13094"}],"wp:attachment":[{"href":"https:\/\/www.leaplytics.de\/sv\/wp-json\/wp\/v2\/media?parent=13092"}],"curies":[{"name":"wp","href":"https:\/\/api.w.org\/{rel}","templated":true}]}}