{"id":13103,"date":"2024-01-22T16:06:43","date_gmt":"2024-01-22T15:06:43","guid":{"rendered":"https:\/\/www.leaplytics.de\/?page_id=13103"},"modified":"2024-01-22T16:06:43","modified_gmt":"2024-01-22T15:06:43","slug":"changelog-power-bi-riskmatris","status":"publish","type":"page","link":"https:\/\/www.leaplytics.de\/sv\/changelog-power-bi-riskmatris\/","title":{"rendered":"Changelog - Power BI riskmatris"},"content":{"rendered":"<p>09\/23 - Anpassade f\u00e4rger p\u00e5 kakelplattor: Webbgr\u00e4nssnittet \u00e4r nu tillg\u00e4ngligt online p\u00e5 <a href=\"https:\/\/www.leaplytics.de\/sv\/custom-colors\/\" target=\"_blank\" rel=\"noreferrer noopener\">https:\/\/www.leaplytics.de\/custom-colors\/<\/a>.<\/p>\n\n\n\n<p>07\/23 - Villkorlig formatering: Anpassa f\u00e4rgen p\u00e5 risker baserat p\u00e5 vissa villkor (t.ex. avdelning, prioritet eller status)<\/p>\n\n\n\n<p>06\/23 - Etiketter f\u00f6r axlar: St\u00f6d f\u00f6r specialtecken har lagts till.<\/p>\n\n\n\n<p>05\/23 - Maximalt antal risker per bricka: \u00d6kat till 100.<\/p>\n\n\n\n<p>05\/23 - Flera olika urval av risker tillg\u00e4ngliga.<\/p>\n\n\n\n<p>03\/23 - Drill-through till riskoptimering: H\u00f6gerklicka p\u00e5 en risk f\u00f6r att navigera till en specifik sida.<\/p>","protected":false},"excerpt":{"rendered":"<p>09\/23 &#8211; Custom Tile Colors: The web interface is now available online at https:\/\/www.leaplytics.de\/custom-colors\/. 07\/23 &#8211; Conditional formatting: Customize the color of risks based on certain conditions (e.g. department, priority or status) 06\/23 &#8211; Axis Labels: Support for special characters has been added. 05\/23 &#8211; Maximum Number of Risks per Tile: Increased to 100. 05\/23 &hellip; <\/p>","protected":false},"author":2,"featured_media":0,"parent":0,"menu_order":0,"comment_status":"closed","ping_status":"closed","template":"","meta":{"footnotes":""},"class_list":["post-13103","page","type-page","status-publish","hentry","latest_post"],"_links":{"self":[{"href":"https:\/\/www.leaplytics.de\/sv\/wp-json\/wp\/v2\/pages\/13103","targetHints":{"allow":["GET"]}}],"collection":[{"href":"https:\/\/www.leaplytics.de\/sv\/wp-json\/wp\/v2\/pages"}],"about":[{"href":"https:\/\/www.leaplytics.de\/sv\/wp-json\/wp\/v2\/types\/page"}],"author":[{"embeddable":true,"href":"https:\/\/www.leaplytics.de\/sv\/wp-json\/wp\/v2\/users\/2"}],"replies":[{"embeddable":true,"href":"https:\/\/www.leaplytics.de\/sv\/wp-json\/wp\/v2\/comments?post=13103"}],"version-history":[{"count":2,"href":"https:\/\/www.leaplytics.de\/sv\/wp-json\/wp\/v2\/pages\/13103\/revisions"}],"predecessor-version":[{"id":13441,"href":"https:\/\/www.leaplytics.de\/sv\/wp-json\/wp\/v2\/pages\/13103\/revisions\/13441"}],"wp:attachment":[{"href":"https:\/\/www.leaplytics.de\/sv\/wp-json\/wp\/v2\/media?parent=13103"}],"curies":[{"name":"wp","href":"https:\/\/api.w.org\/{rel}","templated":true}]}}