{"id":13130,"date":"2024-02-19T14:11:39","date_gmt":"2024-02-19T13:11:39","guid":{"rendered":"https:\/\/www.leaplytics.de\/?page_id=13130"},"modified":"2024-02-20T10:03:59","modified_gmt":"2024-02-20T09:03:59","slug":"lat-power-bi-forbattra-din-projektledning","status":"publish","type":"page","link":"https:\/\/www.leaplytics.de\/sv\/lat-power-bi-forbattra-din-projektledning\/","title":{"rendered":"L\u00e5t Power BI ge din projektledning en skjuts fram\u00e5t"},"content":{"rendered":"<p>I projektledningens dynamiska landskap, d\u00e4r precision och framf\u00f6rh\u00e5llning \u00e4r av yttersta vikt, \u00e4r det avg\u00f6rande att utnyttja tekniken. Microsoft Power BI har visat sig vara en \"game-changer\". Power BI erbjuder projektledare en dynamisk plattform f\u00f6r att f\u00f6rb\u00e4ttra deras beslutsprocesser.<\/p>\n\n\n\n<p>I denna omfattande guide kommer vi att utforska hur Power BI kan f\u00f6rb\u00e4ttra varje fas<sup>1 <\/sup>av projektledning. Vi talar om de grundl\u00e4ggande aspekterna av en kraftfull instrumentpanel f\u00f6r projektledning.<\/p>\n\n\n\n<h3 class=\"wp-block-heading\" style=\"font-size:30px\">Projektplaneringsfas<\/h3>\n\n\n\n<p class=\"has-medium-font-size\">1. <strong>Definiera det verkliga problemet:<\/strong><\/p>\n\n\n\n<p>Innan du dyker in i projektet \u00e4r det viktigt att fastst\u00e4lla det problem du f\u00f6rs\u00f6ker l\u00f6sa. Power BI hj\u00e4lper dig med detta genom att analysera historiska data, identifiera m\u00f6nster och avsl\u00f6ja underliggande problem. Visualisera tidigare projekts framg\u00e5ngs- och misslyckandefaktorer f\u00f6r att fatta v\u00e4lgrundade beslut.<\/p>\n\n\n\n<p class=\"has-medium-font-size\">2. <strong>Identifiera intressenter:<\/strong><\/p>\n\n\n\n<p>Power BI:s m\u00f6jligheter str\u00e4cker sig till hantering av intressenter. Skapa visuella bilder som belyser de olika funktioner eller individer som p\u00e5verkas av projektet. Anv\u00e4nd interaktiva organisationsscheman f\u00f6r att visa deras bidrag och f\u00f6rv\u00e4ntningar. P\u00e5 s\u00e5 s\u00e4tt s\u00e4kerst\u00e4ller vi samsyn fr\u00e5n b\u00f6rjan.<\/p>\n\n\n\n<p class=\"has-medium-font-size\">3. <strong>Definiera projektm\u00e5len:<\/strong><\/p>\n\n\n\n<p>Att utforma tydliga och hanterbara m\u00e5l \u00e4r en utmaning. Intressenternas f\u00f6rv\u00e4ntningar och m\u00e5l kan ocks\u00e5 f\u00f6r\u00e4ndras under projektets g\u00e5ng. Power BI:s flexibilitet g\u00f6r att du kan anpassa m\u00e5len allteftersom du samlar in mer information. Du kan till exempel skapa visualiseringar som uppdaterar m\u00e5len baserat p\u00e5 realtidsdata.<\/p>\n\n\n\n<p class=\"has-medium-font-size\">4. <strong>Best\u00e4m omfattning, resurser och viktiga uppgifter:<\/strong><\/p>\n\n\n\n<p>Visualisera projektets omfattning och uppgifter, uppskatta tidsramar och kostnader. Detta bidrar till att s\u00e4kerst\u00e4lla att du har en tydlig f\u00f6rst\u00e5else f\u00f6r resurskraven. Anv\u00e4nd Power BI f\u00f6r att bryta ner komplexa aktiviteter med en WBS (Work Breakdown Structure).<\/p>\n\n\n\n<p class=\"has-medium-font-size\">5. <strong>F\u00f6rbered dig p\u00e5 kompromisser:<\/strong><\/p>\n\n\n\n<p>Power BI hj\u00e4lper till att skapa en balans mellan tid, kostnad och kvalitet. Integrera dina data f\u00f6r att skapa visualiseringar som visar hur variationer i dessa variabler p\u00e5verkar projektresultaten. Denna transparens underl\u00e4ttar informerat beslutsfattande och anpassning till intressenterna.<\/p>\n\n\n\n<h3 class=\"wp-block-heading\" style=\"font-size:30px\">Projektets uppbyggnadsfas<\/h3>\n\n\n\n<p class=\"has-medium-font-size\">6. <strong>S\u00e4tt ihop ditt team:<\/strong><\/p>\n\n\n\n<p>Utnyttja Power BI f\u00f6r att bed\u00f6ma vilka f\u00e4rdigheter som kr\u00e4vs och visualisera teamets sammans\u00e4ttning. Anv\u00e4nd visualiseringar f\u00f6r att identifiera kompetensluckor, planera f\u00f6r utbildning och rusta ditt team f\u00f6r framg\u00e5ng.<\/p>\n\n\n\n<p class=\"has-medium-font-size\">7. <strong>Planera uppdrag:<\/strong><\/p>\n\n\n\n<p>Skapa visualiseringar som underl\u00e4ttar transparent kommunikation inom teamet. Visualisera uppgifter, n\u00f6dv\u00e4ndiga f\u00e4rdigheter och individuella kompetensupps\u00e4ttningar, vilket s\u00e4kerst\u00e4ller en sammanh\u00e5llen teamdynamik.<\/p>\n\n\n\n<p class=\"has-medium-font-size\">8. <strong>Skapa ett schema:<\/strong><\/p>\n\n\n\n<p>Power BI:s funktioner omfattar \u00e4ven projektplanering med hj\u00e4lp av Gantt-diagram. Utveckla visuella bilder som illustrerar tidslinjer, identifierar kritiska v\u00e4gar och anpassar sig till fasta deadlines. Uppr\u00e4tth\u00e5ll ett realistiskt schema inom ramarna f\u00f6r begr\u00e4nsningarna.<\/p>\n\n\n\n<p class=\"has-medium-font-size\">9. <strong>H\u00e5ll ett kickoff-m\u00f6te:<\/strong><\/p>\n\n\n\n<p>De flesta Power BI-bilder kan exporteras till MS PowerPoint. Under kickoff-m\u00f6tet kan du anv\u00e4nda Power BI-bilder f\u00f6r att f\u00f6rklara projektplanen, m\u00e5len och tidsramen. Uppmuntra teammedlemmarna att komma med synpunkter f\u00f6r att fr\u00e4mja samarbete och gemensam f\u00f6rst\u00e5else.<\/p>\n\n\n\n<p class=\"has-medium-font-size\">10. <strong>Ta fram en budget:<\/strong><\/p>\n\n\n\n<p>Anv\u00e4nd Power BI f\u00f6r att skapa en helt\u00e4ckande budget. Visualisera kostnader f\u00f6r olika kategorier, inh\u00e4mta synpunkter fr\u00e5n intressenter och beh\u00e5ll flexibiliteten inom budgetbegr\u00e4nsningarna.<\/p>\n\n\n\n<h3 class=\"wp-block-heading\" style=\"font-size:30px\">Projektets genomf\u00f6randefas<\/h3>\n\n\n\n<p class=\"has-medium-font-size\">11. <strong>\u00d6vervaka och kontrollera process och budget:<\/strong><\/p>\n\n\n\n<p>Installera visuella projekt\u00f6vervakningsverktyg i Power BI som v\u00e5r Power BI Risk Matrix. Genom att visualisera risker tillsammans med projektets framsteg f\u00e5r du en helhetsbild av potentiella utmaningar. S\u00e5 h\u00e4r g\u00f6r du:<\/p>\n\n\n\n<p><strong>Risk-, konsekvens- och sannolikhetsbed\u00f6mning:<\/strong> Riskmatrisen f\u00f6r Power BI hj\u00e4lper till att bed\u00f6ma varje risks p\u00e5verkan och sannolikhet. Anv\u00e4nd f\u00e4rgkodade celler f\u00f6r att representera riskernas allvarlighetsgrad. Detta g\u00f6r det m\u00f6jligt att snabbt identifiera omr\u00e5den med h\u00f6g p\u00e5verkan.<\/p>\n\n\n\n<p><strong>Budgetuppf\u00f6ljning i realtid:<\/strong> Kombinera visualiseringar av budgetuppf\u00f6ljning med riskmatrisen. Tilldela budgetkonsekvenser till varje identifierad risk, vilket ger en omfattande \u00f6versikt \u00f6ver potentiella finansiella effekter. I takt med att riskerna utvecklas uppdateras budgetbilderna i realtid, vilket s\u00e4kerst\u00e4ller en korrekt finansiell \u00f6vervakning.<\/p>\n\n\n\n<p><strong>Genomborrning f\u00f6r detaljerad analys:<\/strong> F\u00f6rb\u00e4ttra riskmatrisen med hj\u00e4lp av genomg\u00e5ngsfunktioner. Djupdykning i en specifik risk kan inkludera en detaljerad analys som visar relevanta finansiella konsekvenser och n\u00f6dv\u00e4ndiga strategier f\u00f6r att minska risken.<\/p>\n\n\n\n<div class=\"wp-block-buttons is-layout-flex wp-block-buttons-is-layout-flex\">\n<div class=\"wp-block-button has-custom-font-size\" style=\"font-size:18px\"><a class=\"wp-block-button__link has-background wp-element-button\" href=\"https:\/\/www.leaplytics.de\/sv\/forstasida\/projektledning-anpassade-visualiseringar-microsoft-powerbi\/risk-heatmap-anpassad-visuell-bild-for-power-bi\/\" style=\"background-color:#22316d\">Kolla in v\u00e5r anpassade visuella \"riskmatris\" f\u00f6r Power BI h\u00e4r!<\/a><\/div>\n<\/div>\n\n\n\n<p><\/p>\n\n\n\n<p class=\"has-medium-font-size\">12. <strong>Flexibel respons p\u00e5 f\u00f6r\u00e4ndringar:<\/strong><\/p>\n\n\n\n<p>Power BI:s funktioner f\u00f6r realtidsdata ger dig m\u00f6jlighet att reagera snabbt p\u00e5 f\u00f6r\u00e4ndringar. Visualisera data f\u00f6r att identifiera potentiella problem, vilket m\u00f6jligg\u00f6r proaktivt beslutsfattande och korrigeringar av kursen.<\/p>\n\n\n\n<p class=\"has-medium-font-size\">13. <strong>Rapportera framsteg:<\/strong><\/p>\n\n\n\n<p>Skapa visuella bilder f\u00f6r intressenter f\u00f6r att ge regelbundna uppdateringar och statusrapporter. Genom att exportera visualiseringar till PowerPoint blir regelbundna statusm\u00f6ten en barnlek. Med Power BI kan du anpassa rapporter utifr\u00e5n intressenternas \u00f6nskem\u00e5l, vilket fr\u00e4mjar transparens och f\u00f6rtroende.<\/p>\n\n\n\n<p class=\"has-medium-font-size\">14. <strong>H\u00e5ll team-m\u00f6ten varje vecka:<\/strong><\/p>\n\n\n\n<p>Anv\u00e4nd Power BI f\u00f6r att strukturera teamm\u00f6ten kring viktiga m\u00e4tetal. Visualisera resultatdata, diskutera missade m\u00e5l och fira framg\u00e5ngar. Verktyget hj\u00e4lper till att beh\u00e5lla fokus p\u00e5 viktiga aktiviteter och h\u00e5ller teamet samspelt.<\/p>\n\n\n\n<p class=\"has-medium-font-size\">15. <strong>Hantera problem:<\/strong><\/p>\n\n\n\n<p>Power BI-bilder kan hj\u00e4lpa till att identifiera och hantera problem som uppst\u00e5r. H\u00e5ll koll p\u00e5 gruppdynamik och projektm\u00e5tt f\u00f6r att ta itu med problem innan de eskalerar. H\u00e4r hj\u00e4lper riskmatrisen till att sp\u00e5ra och hantera risker f\u00f6r att f\u00f6rhindra negativa resultat.<\/p>\n\n\n\n<h3 class=\"wp-block-heading\" style=\"font-size:30px\">Projektets avslutande fas<\/h3>\n\n\n\n<p class=\"has-medium-font-size\">16. <strong>Utv\u00e4rdera projektets prestanda:<\/strong><\/p>\n\n\n\n<p>Anv\u00e4nd Power BI f\u00f6r att j\u00e4mf\u00f6ra projektets framsteg med den ursprungligen definierade omfattningen. Visualisera resultatm\u00e5tt f\u00f6r att inleda diskussioner med intressenter om projektets slutf\u00f6rande och framg\u00e5ng. J\u00e4mf\u00f6r ocks\u00e5 projektm\u00e5tt med tidigare projektframg\u00e5ngar eller -misslyckanden.<\/p>\n\n\n\n<p class=\"has-medium-font-size\">17. <strong>Avsluta projektet:<\/strong><\/p>\n\n\n\n<p>Visualisera de steg som ing\u00e5r i att avsluta projektet. Power BI hj\u00e4lper till att dokumentera och kommunicera processer f\u00f6r projektavslut. P\u00e5 s\u00e5 s\u00e4tt s\u00e4kerst\u00e4ller vi en smidig \u00f6verg\u00e5ng av leveranser.<\/p>\n\n\n\n<h3 class=\"wp-block-heading\" style=\"font-size:30px\">Avrapportering<\/h3>\n\n\n\n<p>Integrera Power BI i varje projektfas f\u00f6r att skapa en omfattande och dynamisk instrumentpanel f\u00f6r projektet. Alla visuella element \u00e4r inte ett m\u00e5ste, men genom att anv\u00e4nda Power BI kan du h\u00e5lla koll p\u00e5 ditt projekt i varje fas. St\u00e4rk ditt team med anv\u00e4ndbara insikter, fr\u00e4mja samarbete och navigera i projektledningens komplexitet. Projektframg\u00e5ng \u00e4r inte l\u00e4ngre bara ett m\u00e5l, med Power BI \u00e4r det en visualiserad resa.<\/p>\n\n\n\n<p><\/p>\n\n\n\n<hr class=\"wp-block-separator has-alpha-channel-opacity\"\/>\n\n\n\n<p class=\"has-small-font-size\"><sup>1<\/sup> Projektfaserna i den h\u00e4r artikeln baseras p\u00e5 f\u00f6ljande artikel: <a href=\"https:\/\/hbr.org\/2016\/11\/the-four-phases-of-project-management\">Harvard Business Review. (2016, 3 november). <em>De fyra faserna i projektledning<\/em>.<\/a><\/p>","protected":false},"excerpt":{"rendered":"<p>In the dynamic landscape of project management, where precision and foresight are paramount, leveraging technology is crucial. Microsoft Power BI has emerged as a game-changer. Power BI offers project managers a dynamic platform to enhance their decision-making processes. In this comprehensive guide, we will explore how Power BI can level up each phase1 of project &hellip; <\/p>","protected":false},"author":55,"featured_media":13133,"parent":0,"menu_order":0,"comment_status":"closed","ping_status":"closed","template":"","meta":{"footnotes":"[]"},"class_list":["post-13130","page","type-page","status-publish","has-post-thumbnail","hentry","latest_post"],"_links":{"self":[{"href":"https:\/\/www.leaplytics.de\/sv\/wp-json\/wp\/v2\/pages\/13130","targetHints":{"allow":["GET"]}}],"collection":[{"href":"https:\/\/www.leaplytics.de\/sv\/wp-json\/wp\/v2\/pages"}],"about":[{"href":"https:\/\/www.leaplytics.de\/sv\/wp-json\/wp\/v2\/types\/page"}],"author":[{"embeddable":true,"href":"https:\/\/www.leaplytics.de\/sv\/wp-json\/wp\/v2\/users\/55"}],"replies":[{"embeddable":true,"href":"https:\/\/www.leaplytics.de\/sv\/wp-json\/wp\/v2\/comments?post=13130"}],"version-history":[{"count":7,"href":"https:\/\/www.leaplytics.de\/sv\/wp-json\/wp\/v2\/pages\/13130\/revisions"}],"predecessor-version":[{"id":13144,"href":"https:\/\/www.leaplytics.de\/sv\/wp-json\/wp\/v2\/pages\/13130\/revisions\/13144"}],"wp:featuredmedia":[{"embeddable":true,"href":"https:\/\/www.leaplytics.de\/sv\/wp-json\/wp\/v2\/media\/13133"}],"wp:attachment":[{"href":"https:\/\/www.leaplytics.de\/sv\/wp-json\/wp\/v2\/media?parent=13130"}],"curies":[{"name":"wp","href":"https:\/\/api.w.org\/{rel}","templated":true}]}}