{"id":13321,"date":"2024-04-09T20:47:19","date_gmt":"2024-04-09T18:47:19","guid":{"rendered":"https:\/\/www.leaplytics.de\/?page_id=13321"},"modified":"2024-04-17T15:17:27","modified_gmt":"2024-04-17T13:17:27","slug":"mojlighetsmatris-for-power-bi","status":"publish","type":"page","link":"https:\/\/www.leaplytics.de\/sv\/mojlighetsmatris-for-power-bi\/","title":{"rendered":"M\u00f6jlighetsmatris f\u00f6r Power BI - utnyttja f\u00f6r att l\u00e5sa upp din konkurrensf\u00f6rdel"},"content":{"rendered":"<p>F\u00f6r projekt- och riskhanterare \u00e4r det lika viktigt att ta vara p\u00e5 m\u00f6jligheter som att minska riskerna. Genom att anpassa v\u00e5r riskmatris till Power BI kan vi omvandla den till en m\u00f6jlighetsmatris. Detta tillv\u00e4gag\u00e5ngss\u00e4tt g\u00f6r det m\u00f6jligt att identifiera och dra nytta av m\u00f6jligheter som ger konkurrensf\u00f6rdelar.<\/p>\n\n\n\n<figure class=\"wp-block-embed is-type-video is-provider-youtube wp-block-embed-youtube wp-embed-aspect-16-9 wp-has-aspect-ratio\"><div class=\"wp-block-embed__wrapper\">\n<iframe loading=\"lazy\" title=\"M\u00f6jlighetsmatris f\u00f6r Power BI - LeapLytics\" width=\"770\" height=\"433\" src=\"https:\/\/www.youtube.com\/embed\/VzEAOzIjrZY?feature=oembed\" frameborder=\"0\" allow=\"accelerometer; autoplay; clipboard-write; encrypted-media; gyroscope; picture-in-picture; web-share\" referrerpolicy=\"strict-origin-when-cross-origin\" allowfullscreen><\/iframe>\n<\/div><figcaption class=\"wp-element-caption\">I v\u00e5r YouTube-video visar vi hur man skapar en Opportunity Matrix i Power BI.<\/figcaption><\/figure>\n\n\n\n<h3 class=\"wp-block-heading has-medium-font-size\"><strong>Varf\u00f6r \u00e4r det viktigt att hantera m\u00f6jligheter?<\/strong><\/h3>\n\n\n\n<p>Opportunity management \u00e4r avg\u00f6rande f\u00f6r f\u00f6retag som str\u00e4var efter h\u00e5llbar tillv\u00e4xt och konkurrensf\u00f6rdelar. Det handlar om att identifiera och ta vara p\u00e5 m\u00f6jligheter. Organisationer kan dra nytta av marknadstrender, innovation och ny teknik. Det m\u00f6jligg\u00f6r ocks\u00e5 en kontinuerlig f\u00f6rb\u00e4ttring av produkt- och servicekvaliteten. Dessutom g\u00f6r effektiv hantering av m\u00f6jligheter det m\u00f6jligt f\u00f6r f\u00f6retag att ligga steget f\u00f6re konkurrenterna. Att anpassa sig till kundernas f\u00f6r\u00e4ndrade behov och preferenser \u00e4r avg\u00f6rande.<\/p>\n\n\n\n<h3 class=\"wp-block-heading has-medium-font-size\"><strong>Identifiera m\u00f6jligheter fr\u00e5n olika k\u00e4llor<\/strong><\/h3>\n\n\n\n<p>F\u00f6r att identifiera m\u00f6jligheter m\u00e5ste vi utnyttja alla de k\u00e4llor vi k\u00e4nner till.<\/p>\n\n\n\n<div class=\"wp-block-columns is-layout-flex wp-container-core-columns-is-layout-1 wp-block-columns-is-layout-flex\">\n<div class=\"wp-block-column is-layout-flow wp-block-column-is-layout-flow\" style=\"flex-basis:2%\">\n<p><strong>1.<\/strong><\/p>\n<\/div>\n\n\n\n<div class=\"wp-block-column is-layout-flow wp-block-column-is-layout-flow\" style=\"flex-basis:98%\">\n<p><strong>Utv\u00e4rdera din konkurrenssituation:<\/strong> Att bed\u00f6ma aff\u00e4rsmilj\u00f6n handlar om att analysera konkurrenternas styrkor, svagheter, marknadspositionering och strategier. Benchmarking eller en SWOT-analys kan vara kraftfulla verktyg. Genom att f\u00e5 insikt i konkurrenternas b\u00e4sta praxis kan man uppt\u00e4cka potentiella m\u00f6jligheter.<\/p>\n<\/div>\n<\/div>\n\n\n\n<div class=\"wp-block-columns is-layout-flex wp-container-core-columns-is-layout-2 wp-block-columns-is-layout-flex\">\n<div class=\"wp-block-column is-layout-flow wp-block-column-is-layout-flow\" style=\"flex-basis:2%\">\n<p><strong>2.<\/strong><\/p>\n<\/div>\n\n\n\n<div class=\"wp-block-column is-layout-flow wp-block-column-is-layout-flow\" style=\"flex-basis:98%\">\n<p><strong>F\u00f6rst\u00e5 kundernas behov i f\u00f6rv\u00e4g: <\/strong>H\u00e5ll dig uppdaterad om marknadstrender, konsumentbeteende och nya preferenser. Marknadsunders\u00f6kningar, kundfeedback och analys av k\u00f6pm\u00f6nster hj\u00e4lper till att f\u00f6rutse kundernas behov.<\/p>\n<\/div>\n<\/div>\n\n\n\n<div class=\"wp-block-columns is-layout-flex wp-container-core-columns-is-layout-3 wp-block-columns-is-layout-flex\">\n<div class=\"wp-block-column is-layout-flow wp-block-column-is-layout-flow\" style=\"flex-basis:2%\">\n<p><strong>3.<\/strong><\/p>\n<\/div>\n\n\n\n<div class=\"wp-block-column is-layout-flow wp-block-column-is-layout-flow\" style=\"flex-basis:98%\">\n<p><strong>Uppmuntra innovation och inf\u00f6ra rutiner f\u00f6r kunskapsdelning:<\/strong> Fr\u00e4mja en kultur som pr\u00e4glas av innovation och kreativitet. Att f\u00f6ra samman m\u00e4nniskor fr\u00e5n olika segment kan vara en viktig drivkraft f\u00f6r kunskapsutbyte. Detta kan leda till mer innovativa id\u00e9er genom att man t\u00e4nker utanf\u00f6r boxen.<\/p>\n<\/div>\n<\/div>\n\n\n\n<div class=\"wp-block-columns is-layout-flex wp-container-core-columns-is-layout-4 wp-block-columns-is-layout-flex\">\n<div class=\"wp-block-column is-layout-flow wp-block-column-is-layout-flow\" style=\"flex-basis:2%\">\n<p><strong>4.<\/strong><\/p>\n<\/div>\n\n\n\n<div class=\"wp-block-column is-layout-flow wp-block-column-is-layout-flow\" style=\"flex-basis:98%\">\n<p><strong>Identifiera slack och hitta grundorsaker:<\/strong> Med slack avses underutnyttjade resurser, processer eller f\u00f6rm\u00e5gor inom en organisation. M\u00e5let \u00e4r att identifiera omr\u00e5den med slack och unders\u00f6ka grundorsakerna bakom dem. P\u00e5 s\u00e5 s\u00e4tt kan du uppt\u00e4cka dolda m\u00f6jligheter till optimering och f\u00f6rb\u00e4ttring. Processrevisioner och feedback fr\u00e5n medarbetarna kan anv\u00e4ndas som identifieringsstrategier.<\/p>\n<\/div>\n<\/div>\n\n\n\n<div class=\"wp-block-columns is-layout-flex wp-container-core-columns-is-layout-5 wp-block-columns-is-layout-flex\">\n<div class=\"wp-block-column is-layout-flow wp-block-column-is-layout-flow\" style=\"flex-basis:2%\">\n<p><strong>5.<\/strong><\/p>\n<\/div>\n\n\n\n<div class=\"wp-block-column is-layout-flow wp-block-column-is-layout-flow\" style=\"flex-basis:98%\">\n<p><strong>Gl\u00f6m inte bort dina risker, de kan t\u00e4cka \u00f6ver m\u00f6jligheter: <\/strong>Risker ses vanligtvis som potentiella hot mot aff\u00e4rsverksamheten. Men de kan ocks\u00e5 avsl\u00f6ja dolda m\u00f6jligheter. Genom att analysera och hantera risker kan du t\u00e4nka p\u00e5 att du kan v\u00e4nda vissa till m\u00f6jligheter. Till exempel kan ett undanr\u00f6jt cyberhot leda till att kunderna k\u00e4nner st\u00f6rre f\u00f6rtroende och lojalitet.<\/p>\n<\/div>\n<\/div>\n\n\n\n<div class=\"wp-block-columns is-layout-flex wp-container-core-columns-is-layout-6 wp-block-columns-is-layout-flex\">\n<div class=\"wp-block-column is-layout-flow wp-block-column-is-layout-flow\" style=\"flex-basis:2%\">\n<p><strong>6.<\/strong><\/p>\n<\/div>\n\n\n\n<div class=\"wp-block-column is-layout-flow wp-block-column-is-layout-flow\" style=\"flex-basis:98%\">\n<p><strong>Bli din branschs h\u00e5llbara f\u00f6reg\u00e5ngare:<\/strong> H\u00e5llbarhet kan \u00f6ppna upp f\u00f6r nya m\u00f6jligheter till innovation, kostnadsbesparingar och differentiering. Identifiera s\u00e4tt att minska dina utsl\u00e4pp och optimera resursanv\u00e4ndningen. Resultatet blir kostnadsbesparingar, kundlojalitet och ett b\u00e4ttre rykte f\u00f6r varum\u00e4rket.<\/p>\n<\/div>\n<\/div>\n\n\n\n<h3 class=\"wp-block-heading has-medium-font-size\"><strong>F\u00f6rdelar med Opportunity Management<\/strong><\/h3>\n\n\n\n<p>Effektiv hantering av m\u00f6jligheter ger m\u00e5nga f\u00f6rdelar. Bland annat \u00f6kad l\u00f6nsamhet, f\u00f6rb\u00e4ttrad marknadspositionering, st\u00f6rre kundn\u00f6jdhet och h\u00e5llbar f\u00f6retagstillv\u00e4xt. Genom att proaktivt identifiera och utnyttja m\u00f6jligheter kan organisationer driva innovation. De fr\u00e4mjar en kultur av st\u00e4ndiga f\u00f6rb\u00e4ttringar och maximerar sina konkurrensf\u00f6rdelar.<\/p>\n\n\n\n<h3 class=\"wp-block-heading has-medium-font-size\"><strong>F\u00f6rst\u00e5else av m\u00f6jlighetsmatrisen<\/strong><\/h3>\n\n\n\n<p>I grunden \u00e4r m\u00f6jlighetsmatrisen en spegelbild av den v\u00e4lk\u00e4nda riskmatrisen. Bed\u00f6mning av potentiella m\u00f6jligheter med avseende p\u00e5 deras sannolikhet och p\u00e5verkan. Matrisen underl\u00e4ttar uppt\u00e4ckt, bed\u00f6mning och hantering av m\u00f6jligheter. Att v\u00e4gleda organisationer mot f\u00f6rb\u00e4ttrad prestanda och tillv\u00e4xt \u00e4r h\u00f6gsta prioritet.<\/p>\n\n\n\n<div class=\"wp-block-columns is-layout-flex wp-container-core-columns-is-layout-7 wp-block-columns-is-layout-flex\">\n<div class=\"wp-block-column is-vertically-aligned-center is-layout-flow wp-block-column-is-layout-flow\" style=\"flex-basis:150px\">\n<figure class=\"wp-block-image size-full is-resized\"><img loading=\"lazy\" decoding=\"async\" width=\"255\" height=\"259\" src=\"https:\/\/www.leaplytics.de\/wp-content\/uploads\/2024\/04\/Bild3.jpg\" alt=\"\" class=\"wp-image-13324\" style=\"width:100px\" srcset=\"https:\/\/www.leaplytics.de\/wp-content\/uploads\/2024\/04\/Bild3.jpg 255w, https:\/\/www.leaplytics.de\/wp-content\/uploads\/2024\/04\/Bild3-59x60.jpg 59w\" sizes=\"auto, (max-width: 255px) 100vw, 255px\" \/><\/figure>\n<\/div>\n\n\n\n<div class=\"wp-block-column is-layout-flow wp-block-column-is-layout-flow\" style=\"flex-basis:66.66%\">\n<p><strong>Alternativ f\u00f6r verktygstips via muspekare<\/strong><\/p>\n\n\n\n<p>N\u00e4r du h\u00e5ller muspekaren \u00f6ver datapunkterna visas detaljerad information. Det g\u00f6r det m\u00f6jligt f\u00f6r anv\u00e4ndarna att f\u00f6rdjupa sig i specifika m\u00f6jligheter. Den h\u00e4r funktionen f\u00f6rb\u00e4ttrar beslutsfattandet genom att ge omfattande insikter p\u00e5 ett \u00f6gonblick.<\/p>\n<\/div>\n<\/div>\n\n\n\n<div class=\"wp-block-columns is-layout-flex wp-container-core-columns-is-layout-8 wp-block-columns-is-layout-flex\">\n<div class=\"wp-block-column is-vertically-aligned-center is-layout-flow wp-block-column-is-layout-flow\" style=\"flex-basis:150px\">\n<figure class=\"wp-block-image size-large is-resized\"><img loading=\"lazy\" decoding=\"async\" width=\"1024\" height=\"1024\" src=\"https:\/\/www.leaplytics.de\/wp-content\/uploads\/2022\/06\/Indicator-Settings-1024x1024.png\" alt=\"\" class=\"wp-image-8461\" style=\"width:128px;height:auto\" srcset=\"https:\/\/www.leaplytics.de\/wp-content\/uploads\/2022\/06\/Indicator-Settings-1024x1024.png 1024w, https:\/\/www.leaplytics.de\/wp-content\/uploads\/2022\/06\/Indicator-Settings-300x300.png 300w, https:\/\/www.leaplytics.de\/wp-content\/uploads\/2022\/06\/Indicator-Settings-150x150.png 150w, https:\/\/www.leaplytics.de\/wp-content\/uploads\/2022\/06\/Indicator-Settings-768x768.png 768w, https:\/\/www.leaplytics.de\/wp-content\/uploads\/2022\/06\/Indicator-Settings-1536x1536.png 1536w, https:\/\/www.leaplytics.de\/wp-content\/uploads\/2022\/06\/Indicator-Settings-370x370.png 370w, https:\/\/www.leaplytics.de\/wp-content\/uploads\/2022\/06\/Indicator-Settings-60x60.png 60w, https:\/\/www.leaplytics.de\/wp-content\/uploads\/2022\/06\/Indicator-Settings.png 1854w\" sizes=\"auto, (max-width: 1024px) 100vw, 1024px\" \/><\/figure>\n<\/div>\n\n\n\n<div class=\"wp-block-column is-layout-flow wp-block-column-is-layout-flow\">\n<p class=\"has-medium-font-size\"><strong>Villkorlig formatering<\/strong><\/p>\n\n\n\n<p>Anv\u00e4nd villkorliga formateringsregler f\u00f6r att lyfta fram viktiga m\u00f6jligheter baserat p\u00e5 f\u00f6rdefinierade kriterier. Den h\u00e4r funktionen f\u00f6rb\u00e4ttrar synligheten och prioriterar handlingsbara insikter f\u00f6r strategisk planering och genomf\u00f6rande. Dessutom kan villkorlig formatering ut\u00f6ka matrisen med en annan dimension. Till exempel genom att bed\u00f6ma genomf\u00f6rbarheten f\u00f6r varje m\u00f6jlighet med hj\u00e4lp av f\u00e4rgkoder. Olika nyanser av f\u00e4rg kan representera varierande niv\u00e5er av genomf\u00f6rbarhet. Det ger intressenterna v\u00e4rdefulla insikter i hur genomf\u00f6rbar varje m\u00f6jlighet \u00e4r.<\/p>\n<\/div>\n<\/div>\n\n\n\n<div class=\"wp-block-columns is-layout-flex wp-container-core-columns-is-layout-9 wp-block-columns-is-layout-flex\">\n<div class=\"wp-block-column is-vertically-aligned-center is-layout-flow wp-block-column-is-layout-flow\" style=\"flex-basis:150px\">\n<figure class=\"wp-block-image size-full is-resized\"><img loading=\"lazy\" decoding=\"async\" width=\"355\" height=\"218\" src=\"https:\/\/www.leaplytics.de\/wp-content\/uploads\/2024\/04\/Bild2.jpg\" alt=\"\" class=\"wp-image-13323\" style=\"width:128px\" srcset=\"https:\/\/www.leaplytics.de\/wp-content\/uploads\/2024\/04\/Bild2.jpg 355w, https:\/\/www.leaplytics.de\/wp-content\/uploads\/2024\/04\/Bild2-300x184.jpg 300w, https:\/\/www.leaplytics.de\/wp-content\/uploads\/2024\/04\/Bild2-98x60.jpg 98w\" sizes=\"auto, (max-width: 355px) 100vw, 355px\" \/><\/figure>\n<\/div>\n\n\n\n<div class=\"wp-block-column is-layout-flow wp-block-column-is-layout-flow\" style=\"flex-basis:66.66%\">\n<p><strong>Genomborrningsalternativ f\u00f6r mer insikt<\/strong><\/p>\n\n\n\n<p>Navigera genom datalager med hj\u00e4lp av funktionen \"drill-through\". Den g\u00f6r det m\u00f6jligt f\u00f6r anv\u00e4ndare att utforska underliggande faktorer som p\u00e5verkar varje m\u00f6jlighet. Denna djupdykningsfunktion fr\u00e4mjar en grundlig f\u00f6rst\u00e5else av potentiella drivkrafter och konsekvenser.<\/p>\n<\/div>\n<\/div>\n\n\n\n<div class=\"wp-block-columns is-layout-flex wp-container-core-columns-is-layout-10 wp-block-columns-is-layout-flex\">\n<div class=\"wp-block-column is-vertically-aligned-center is-layout-flow wp-block-column-is-layout-flow\" style=\"flex-basis:150px\">\n<figure class=\"wp-block-image size-large is-resized\"><img loading=\"lazy\" decoding=\"async\" width=\"1024\" height=\"1024\" src=\"https:\/\/www.leaplytics.de\/wp-content\/uploads\/2022\/05\/Color-Settings-1024x1024.png\" alt=\"\" class=\"wp-image-7710\" style=\"width:128px\" srcset=\"https:\/\/www.leaplytics.de\/wp-content\/uploads\/2022\/05\/Color-Settings-1024x1024.png 1024w, https:\/\/www.leaplytics.de\/wp-content\/uploads\/2022\/05\/Color-Settings-300x300.png 300w, https:\/\/www.leaplytics.de\/wp-content\/uploads\/2022\/05\/Color-Settings-150x150.png 150w, https:\/\/www.leaplytics.de\/wp-content\/uploads\/2022\/05\/Color-Settings-768x768.png 768w, https:\/\/www.leaplytics.de\/wp-content\/uploads\/2022\/05\/Color-Settings-1536x1536.png 1536w, https:\/\/www.leaplytics.de\/wp-content\/uploads\/2022\/05\/Color-Settings-2048x2048.png 2048w, https:\/\/www.leaplytics.de\/wp-content\/uploads\/2022\/05\/Color-Settings-370x370.png 370w, https:\/\/www.leaplytics.de\/wp-content\/uploads\/2022\/05\/Color-Settings-60x60.png 60w, https:\/\/www.leaplytics.de\/wp-content\/uploads\/2022\/05\/Color-Settings-600x600.png 600w, https:\/\/www.leaplytics.de\/wp-content\/uploads\/2022\/05\/Color-Settings-100x100.png 100w\" sizes=\"auto, (max-width: 1024px) 100vw, 1024px\" \/><\/figure>\n<\/div>\n\n\n\n<div class=\"wp-block-column is-layout-flow wp-block-column-is-layout-flow\" style=\"flex-basis:66.66%\">\n<p><strong>Anpassad f\u00e4rgdesign<\/strong><\/p>\n\n\n\n<p>Anpassa matrisen med egna f\u00e4rgscheman. Detta bidrar till tydlighet och m\u00f6jligg\u00f6r anpassning till individuella krav.<\/p>\n<\/div>\n<\/div>\n\n\n\n<div class=\"wp-block-columns is-layout-flex wp-container-core-columns-is-layout-11 wp-block-columns-is-layout-flex\">\n<div class=\"wp-block-column is-vertically-aligned-center is-layout-flow wp-block-column-is-layout-flow\" style=\"flex-basis:150px\">\n<figure class=\"wp-block-image size-large\"><img loading=\"lazy\" decoding=\"async\" width=\"1024\" height=\"1018\" src=\"https:\/\/www.leaplytics.de\/wp-content\/uploads\/2022\/06\/Axis-Settings-1024x1018.png\" alt=\"\" class=\"wp-image-8460\" srcset=\"https:\/\/www.leaplytics.de\/wp-content\/uploads\/2022\/06\/Axis-Settings-1024x1018.png 1024w, https:\/\/www.leaplytics.de\/wp-content\/uploads\/2022\/06\/Axis-Settings-300x298.png 300w, https:\/\/www.leaplytics.de\/wp-content\/uploads\/2022\/06\/Axis-Settings-150x150.png 150w, https:\/\/www.leaplytics.de\/wp-content\/uploads\/2022\/06\/Axis-Settings-768x763.png 768w, https:\/\/www.leaplytics.de\/wp-content\/uploads\/2022\/06\/Axis-Settings-1536x1527.png 1536w, https:\/\/www.leaplytics.de\/wp-content\/uploads\/2022\/06\/Axis-Settings-60x60.png 60w, https:\/\/www.leaplytics.de\/wp-content\/uploads\/2022\/06\/Axis-Settings.png 1827w\" sizes=\"auto, (max-width: 1024px) 100vw, 1024px\" \/><\/figure>\n<\/div>\n\n\n\n<div class=\"wp-block-column is-layout-flow wp-block-column-is-layout-flow\" style=\"flex-basis:66.66%\">\n<p><strong>Anpassningsbara inst\u00e4llningar f\u00f6r rutn\u00e4t, axlar och indikatorer<\/strong><\/p>\n\n\n\n<p>Anpassa matrislayouten s\u00e5 att den passar organisationens preferenser och specifika projektkrav. Justera rutn\u00e4t, axeletiketter och indikatormark\u00f6rer f\u00f6r att optimera l\u00e4sbarheten och tydligheten.<\/p>\n<\/div>\n<\/div>\n\n\n\n<div class=\"wp-block-buttons is-layout-flex wp-block-buttons-is-layout-flex\">\n<div class=\"wp-block-button has-custom-font-size\" style=\"font-size:18px\"><a class=\"wp-block-button__link has-background wp-element-button\" href=\"https:\/\/www.leaplytics.de\/sv\/forstasida\/projektledning-anpassade-visualiseringar-microsoft-powerbi\/risk-heatmap-anpassad-visuell-bild-for-power-bi\/\" style=\"background-color:#22316d\">Klicka h\u00e4r f\u00f6r att komma till v\u00e5r anpassade visuella \"riskmatris\" f\u00f6r Power BI h\u00e4r!<\/a><\/div>\n<\/div>\n\n\n\n<figure class=\"wp-block-image size-full\"><img loading=\"lazy\" decoding=\"async\" width=\"152\" height=\"37\" src=\"https:\/\/www.leaplytics.de\/wp-content\/uploads\/2022\/05\/PBI-Certified.png\" alt=\"\" class=\"wp-image-8358\" srcset=\"https:\/\/www.leaplytics.de\/wp-content\/uploads\/2022\/05\/PBI-Certified.png 152w, https:\/\/www.leaplytics.de\/wp-content\/uploads\/2022\/05\/PBI-Certified-150x37.png 150w\" sizes=\"auto, (max-width: 152px) 100vw, 152px\" \/><\/figure>\n\n\n\n<p><\/p>\n\n\n\n<h3 class=\"wp-block-heading has-medium-font-size\"><strong>Frig\u00f6rande av konkurrensf\u00f6rdelar<\/strong><\/h3>\n\n\n\n<p>F\u00f6retag f\u00e5r en strategisk f\u00f6rdel p\u00e5 dagens marknad genom att anv\u00e4nda Opportunity Matrix. Proaktiv identifiering och hantering av m\u00f6jligheter driver innovation, tillv\u00e4xt och h\u00e5llbara f\u00f6rdelar. Power BI:s Opportunity Matrix g\u00f6r det m\u00f6jligt f\u00f6r f\u00f6retag att hantera m\u00f6jligheter med intuitiva funktioner.<\/p>\n\n\n\n<h3 class=\"wp-block-heading has-medium-font-size\"><strong>Slutsats<\/strong><\/h3>\n\n\n\n<p>Opportunity Matrix \u00e4r ett kraftfullt verktyg f\u00f6r strategiskt beslutsfattande. Den hj\u00e4lper organisationer att uppn\u00e5 h\u00e5llbara konkurrensf\u00f6rdelar. Med sina robusta funktioner rustar den organisationerna f\u00f6r att frodas p\u00e5 en konkurrensutsatt marknad. Anv\u00e4nd den f\u00f6r tillv\u00e4xt och innovation och frig\u00f6r dold potential.<\/p>","protected":false},"excerpt":{"rendered":"<p>For project and risk managers, harnessing opportunities is just as crucial as mitigating risks. By adapting our Risk Matrix visual for Power BI, we can convert it into an Opportunity Matrix. This approach empowers to identify and capitalize on opportunities that drive competitive advantage. Why Opportunity Management Matters Opportunity management is essential for businesses seeking &hellip; <\/p>","protected":false},"author":55,"featured_media":13426,"parent":0,"menu_order":0,"comment_status":"closed","ping_status":"closed","template":"","meta":{"footnotes":""},"class_list":["post-13321","page","type-page","status-publish","has-post-thumbnail","hentry","latest_post"],"_links":{"self":[{"href":"https:\/\/www.leaplytics.de\/sv\/wp-json\/wp\/v2\/pages\/13321","targetHints":{"allow":["GET"]}}],"collection":[{"href":"https:\/\/www.leaplytics.de\/sv\/wp-json\/wp\/v2\/pages"}],"about":[{"href":"https:\/\/www.leaplytics.de\/sv\/wp-json\/wp\/v2\/types\/page"}],"author":[{"embeddable":true,"href":"https:\/\/www.leaplytics.de\/sv\/wp-json\/wp\/v2\/users\/55"}],"replies":[{"embeddable":true,"href":"https:\/\/www.leaplytics.de\/sv\/wp-json\/wp\/v2\/comments?post=13321"}],"version-history":[{"count":11,"href":"https:\/\/www.leaplytics.de\/sv\/wp-json\/wp\/v2\/pages\/13321\/revisions"}],"predecessor-version":[{"id":13424,"href":"https:\/\/www.leaplytics.de\/sv\/wp-json\/wp\/v2\/pages\/13321\/revisions\/13424"}],"wp:featuredmedia":[{"embeddable":true,"href":"https:\/\/www.leaplytics.de\/sv\/wp-json\/wp\/v2\/media\/13426"}],"wp:attachment":[{"href":"https:\/\/www.leaplytics.de\/sv\/wp-json\/wp\/v2\/media?parent=13321"}],"curies":[{"name":"wp","href":"https:\/\/api.w.org\/{rel}","templated":true}]}}