{"id":13717,"date":"2025-05-12T15:34:59","date_gmt":"2025-05-12T13:34:59","guid":{"rendered":"https:\/\/www.leaplytics.de\/?page_id=13717"},"modified":"2025-05-12T15:35:01","modified_gmt":"2025-05-12T13:35:01","slug":"vittnesmal","status":"publish","type":"page","link":"https:\/\/www.leaplytics.de\/sv\/vittnesmal\/","title":{"rendered":"Vittnesm\u00e5l"},"content":{"rendered":"<p><em>&#8220;<strong>Vi har anv\u00e4nt LeapLytics Risk Matrix \/ Heatmap visual i Power BI i \u00f6ver ett \u00e5r nu.<\/strong><br>Det har blivit ett oumb\u00e4rligt verktyg f\u00f6r v\u00e5rt team. Dess intuitiva design och anpassningsbara funktioner g\u00f6r att vi effektivt kan visualisera och prioritera risker, vilket g\u00f6r att vi kan fokusera p\u00e5 de mest kritiska omr\u00e5dena. M\u00f6jligheten att skr\u00e4ddarsy matrisen efter v\u00e5ra specifika behov har f\u00f6rb\u00e4ttrat v\u00e5ra riskbed\u00f6mningsprocesser avsev\u00e4rt. Rekommenderar starkt detta plugin till alla team som vill f\u00f6rb\u00e4ttra sin riskhanteringsf\u00f6rm\u00e5ga inom Power BI.\"<\/em> (Anonym)<\/p>\n\n\n\n<p><em>&#8220;<strong>Spelf\u00f6r\u00e4ndrare<\/strong> - Den h\u00e4r appen har sparat hundratals utvecklingstimmar, fels\u00f6kningstimmar och all annan huvudv\u00e4rk som f\u00f6ljer med att bygga en app fr\u00e5n grunden. Den h\u00e4r appen var superl\u00e4tt att ansluta till en applikation som vi byggde och \u00e4r ocks\u00e5 visuellt tilltalande och l\u00e4tt att anv\u00e4nda. Rekommenderar starkt till alla andra som vill spara utvecklingstimmar och tid f\u00f6r att f\u00e5 n\u00e5got som redan \u00e4r slagtestat!\"<\/em> (Anonym)<\/p>\n\n\n\n<p><em>\"Den visuella riskmatrisen i Power BI-plattformen har anv\u00e4nts som ett <strong>strategiskt verktyg<\/strong> f\u00f6r hantering av kritiska underh\u00e5llsaktiviteter, vilket ger en snabb och effektiv visualisering av de risker som \u00e4r f\u00f6rknippade med varje tillg\u00e5ng. Matrisen kartl\u00e4gger visuellt tillg\u00e5ngens kritikalitet baserat p\u00e5 dess p\u00e5verkansniv\u00e5 och sannolikhet f\u00f6r fel, vilket direkt st\u00f6der prioriteringen av korrigerande och f\u00f6rebyggande \u00e5tg\u00e4rder. <br>Denna funktion hj\u00e4lper till att identifiera underh\u00e5llsobjekt med h\u00f6gst operativ relevans, vilket bidrar till en mer best\u00e4md hantering av resurser, team och deadlines, s\u00e4rskilt i komplexa scenarier som driftstopp eller akuta insatser. Dessutom m\u00f6jligg\u00f6r det interaktiva och anpassningsbara gr\u00e4nssnittet uppdateringar och simuleringar i realtid, vilket g\u00f6r beslutsprocessen snabbare och mer datadriven.<br>Anv\u00e4ndningen av denna visuella metod st\u00e4rker ocks\u00e5 den riskbaserade styrningen av underh\u00e5llet och anpassar de tekniska insatserna till organisationens strategiska m\u00e5l f\u00f6r tillg\u00e5ngarnas tillf\u00f6rlitlighet och tillg\u00e4nglighet.\"<\/em> (CENIBRA)<\/p>\n\n\n\n<p><em>&#8220;<strong>Fantastiskt visuellt<\/strong> - Jag har testat den h\u00e4r visuella bilden f\u00f6r flera rapporter och den \u00e4r s\u00e5 enkel att anv\u00e4nda, men \u00e4nd\u00e5 s\u00e5 kraftfull. Den visuella representationen av risker inom denna matris har sparat mig otaliga timmar eftersom jag kan rikta min uppm\u00e4rksamhet mot de avsnitt som \u00e4r flaggade som h\u00f6g p\u00e5verkan. Leaplytics \u00e4r ocks\u00e5 mycket lyh\u00f6rd per e-post. Jag rekommenderar starkt denna plug-in fr\u00e5n Leaplytics.\"<\/em> (Anonym)<\/p>\n\n\n\n<p><em>&#8220;<strong>Jag brukade gilla v\u00e4rmekartor, nu \u00e4lskar jag dem<\/strong> - Jag hade ofta problem n\u00e4r jag f\u00f6rs\u00f6kte komma p\u00e5 en v\u00e4rmekarta. Den h\u00e4r har en stark ber\u00e4ttarkraft och \u00e4r verkligen enkel att anv\u00e4nda.\"<\/em> (Raphael de Taranto)<\/p>\n\n\n\n<p><em>&#8220;<strong>Utm\u00e4rkt app<\/strong> - Det h\u00e4r \u00e4r en app som man m\u00e5ste ha om man arbetar med risker. Den \u00e4r enkel att installera och mycket konfigurerbar f\u00f6r att passa dina behov.\"<\/em> (Roy Varghese)<\/p>\n\n\n\n<p><em>&#8220;<strong>Bra instrumentpanel f\u00f6r riskrapportering<\/strong> - Instrumentpanelen ger en utm\u00e4rkt visuell bild av risker och vi har inf\u00f6rlivat den i m\u00e5nga instrumentpaneler f\u00f6r riskrapportering f\u00f6r f\u00f6retag. LeapLytics forts\u00e4tter att f\u00f6rb\u00e4ttra funktionerna i instrumentpanelen, inklusive en m\u00f6jlighet att f\u00e4rgkoda punktpunkterna. Rekommenderar starkt denna risk heatmap app plug-in f\u00f6r att f\u00f6rb\u00e4ttra Power BI dashboards. Reaktionsf\u00f6rm\u00e5ga p\u00e5 fr\u00e5gor och support \u00e4r ocks\u00e5 ett plus.\"<\/em> (Becky Sterrett)<\/p>\n\n\n\n<p><em>&#8220;<strong>V\u00e4rdekarta \u00f6ver stora risker<\/strong> - Verktyget med riskv\u00e4rmekartan har varit mycket anv\u00e4ndbart f\u00f6r att kommunicera f\u00f6retagets risker och riskniv\u00e5er till intressenter. L\u00e4tt att anv\u00e4nda och bra visuellt.\"<\/em> (Anonym)<\/p>\n\n\n\n<p class=\"has-text-align-left\"><em>&#8220;<strong>Detta verktyg \u00e4r anv\u00e4ndarv\u00e4nligt<\/strong> och effektivt presenterar riskpo\u00e4ng i ett tydligt och l\u00e4ttf\u00f6rst\u00e5eligt format.\"<\/em> (Scott Nicol)<\/p>\n\n\n\n<p><em>&#8220;<strong>Bra verktyg<\/strong> - Det h\u00e4r verktyget har varit avg\u00f6rande i v\u00e5rt kontinuerliga arbete med att effektivisera v\u00e5r riskbed\u00f6mningsprocess. Det ger en bra visuell bild f\u00f6r att snabbt bed\u00f6ma riskprofilen.\"<\/em> (Anonym)<\/p>\n\n\n\n<p><em>&#8220;<strong>Riskmatris<\/strong> - Jag var verkligen glad \u00f6ver att hitta det h\u00e4r verktyget och hur det har fungerat ur ett riskhanterings-\/rapporteringsperspektiv - det \u00e4r ett utm\u00e4rkt s\u00e4tt att visualisera och g\u00e5 igenom riskregister med fokus p\u00e5 de viktigaste\/f\u00f6rh\u00f6jda riskerna. Teamet har ocks\u00e5 varit fantastiskt att ha att g\u00f6ra med, de har gett mig st\u00f6d och diskuterat med mig om hur jag anv\u00e4nder det och hur jag kan f\u00f6rb\u00e4ttra det.\"<\/em> (Anonym)<\/p>\n\n\n\n<p><em>&#8220;<strong>Den fungerar precis som f\u00f6rv\u00e4ntat och annonserat.<\/strong> - K\u00f6pte en licens f\u00f6r den h\u00e4r appen f\u00f6r n\u00e4stan 9 m\u00e5nader sedan, installerade den i flera rapporter som anv\u00e4nds av hundratals m\u00e4nniskor runt om i v\u00e4rlden och har bara f\u00e5tt positiv feedback fr\u00e5n anv\u00e4ndare.\"<\/em> (Small, Roy)<\/p>\n\n\n\n<p><em>&#8220;<strong>Ett bra verktyg f\u00f6r att se din riskmatrishistorik<\/strong> - Ett av de b\u00e4sta specialverktygen f\u00f6r att hantera riskmatrisposten och visa den p\u00e5 ett professionellt s\u00e4tt Jag designade det h\u00e4r verktyget och presenterade det f\u00f6r ledningen 1- Bra design 2- Flexibilitet 3- L\u00e4tt att anv\u00e4nda 4- Jag rekommenderar att du utnyttjar det Faktiskt, det h\u00e4r \u00e4r vad jag letade efter Tack, Stefan Preusler Tack, LeapLytics GmbH-teamet\"<\/em> (\u0645\u062d\u064a\u064a \u0627\u0644\u062f\u064a\u0646)<\/p>\n\n\n\n<p><em>&#8220;<strong>Absolut v\u00e4rt det<\/strong> - Allt vi ville uppn\u00e5 med en riskmatris kunde vi genomf\u00f6ra med den h\u00e4r visualiseringen. Absolut v\u00e4rt det.\"<\/em> (Anonym)<\/p>\n\n\n\n<p><em>&#8220;<strong>Bra l\u00f6sning f\u00f6r revisorer!<\/strong> - Det visuella objektet uppfyller perfekt de krav och \u00f6nskem\u00e5l som st\u00e4lls p\u00e5 en riskmatris f\u00f6r revisorer\" (David L\u00f3pez Morales)<\/em><\/p>\n\n\n\n<p><em>&#8220;<strong>Bra visuell<\/strong> f\u00f6r att st\u00f6dja risksamtal.\"<\/em> (Elleke Bosworth)<\/p>\n\n\n\n<p><em>&#8220;<strong>Bra visuell<\/strong> - Jag letade efter en fungerande l\u00f6sning f\u00f6r att visualisera mina risker. Den h\u00e4r visuella l\u00f6sningen fungerar utm\u00e4rkt f\u00f6r mig och \u00e4r klar att anv\u00e4nda inom n\u00e5gra minuter. Interaktiviteten fungerar bra och k\u00e4nns som \"the real deal\".\"<\/em> (Anonym)<\/p>\n\n\n\n<p><em>&#8220;<strong>Bra visuellt verktyg f\u00f6r riskhantering<\/strong> - Fantastiskt verktyg f\u00f6r att visualisera riskv\u00e4rmekarta, mycket effektivt och l\u00e4tt att komma \u00e5t\"<\/em> (Anonym)<\/p>\n\n\n\n<p><em>&#8220;<strong>M\u00e5ste ha verktyg f\u00f6r Risk Mgmt<\/strong> - Verktyget \u00e4r anv\u00e4ndarv\u00e4nligt och presenterar riskpo\u00e4ngen i ett tydligt och l\u00e4ttf\u00f6rst\u00e5eligt format.\"<\/em> (Anonym)<\/p>\n\n\n\n<p><em>&#8220;<strong>Mycket anv\u00e4ndbart riskhanteringsverktyg<\/strong> - Jag tycker att Risk Heatmap \u00e4r till stor hj\u00e4lp i v\u00e5r riskhanteringsprocess. Den hj\u00e4lper till att visualisera riskerna p\u00e5 ett enkelt och begripligt s\u00e4tt f\u00f6r b\u00e5de styrelsen och resten av f\u00f6retaget. Det \u00e4r ocks\u00e5 l\u00e4tt att anv\u00e4nda och man f\u00e5r snabbt grepp om hur inst\u00e4llningarna fungerar.\"<\/em> (Anonym)<\/p>\n\n\n\n<p><em>&#8220;<strong>Bra litet till\u00e4gg!<\/strong> - Vi har anv\u00e4nt LeapLytics v\u00e4rmekarta under det senaste \u00e5ret. Det \u00e4r l\u00e4tt att anv\u00e4nda, bra valuta f\u00f6r pengarna och det visuella ser bra ut i v\u00e5r riskinstrumentpanel.\"<\/em> (Anonym)<\/p>\n\n\n\n<p><em>&#8220;<strong>Perfekt<\/strong> - Det \u00e4r mycket bra, m\u00e5ngsidigt och praktiskt.\"<\/em> (Cynthia Mercedes Anaya Manrique)<\/p>\n\n\n\n<p><em>&#8220;<strong>Bra bild och svar<\/strong> - Ger oss den visuella bild vi beh\u00f6vde och svaret p\u00e5 v\u00e5ra fr\u00e5gor var snabbt och hj\u00e4lpsamt.\"<\/em> (Anonym)<\/p>\n\n\n\n<p><em>&#8220;<strong>Solid <\/strong>- Solid visuell\"<\/em> (Anonym)<\/p>","protected":false},"excerpt":{"rendered":"<p>\"Vi har anv\u00e4nt LeapLytics Risk Matrix \/ Heatmap visual i Power BI i \u00f6ver ett \u00e5r nu. Det har blivit ett oumb\u00e4rligt verktyg f\u00f6r v\u00e5rt team. Dess intuitiva design och anpassningsbara funktioner g\u00f6r det m\u00f6jligt f\u00f6r oss att effektivt visualisera och prioritera risker, s\u00e5 att vi kan fokusera p\u00e5 de mest kritiska omr\u00e5dena. M\u00f6jligheten att skr\u00e4ddarsy matrisen ... <\/p>","protected":false},"author":2,"featured_media":0,"parent":0,"menu_order":0,"comment_status":"closed","ping_status":"closed","template":"","meta":{"footnotes":""},"class_list":["post-13717","page","type-page","status-publish","hentry","latest_post"],"_links":{"self":[{"href":"https:\/\/www.leaplytics.de\/sv\/wp-json\/wp\/v2\/pages\/13717","targetHints":{"allow":["GET"]}}],"collection":[{"href":"https:\/\/www.leaplytics.de\/sv\/wp-json\/wp\/v2\/pages"}],"about":[{"href":"https:\/\/www.leaplytics.de\/sv\/wp-json\/wp\/v2\/types\/page"}],"author":[{"embeddable":true,"href":"https:\/\/www.leaplytics.de\/sv\/wp-json\/wp\/v2\/users\/2"}],"replies":[{"embeddable":true,"href":"https:\/\/www.leaplytics.de\/sv\/wp-json\/wp\/v2\/comments?post=13717"}],"version-history":[{"count":5,"href":"https:\/\/www.leaplytics.de\/sv\/wp-json\/wp\/v2\/pages\/13717\/revisions"}],"predecessor-version":[{"id":13725,"href":"https:\/\/www.leaplytics.de\/sv\/wp-json\/wp\/v2\/pages\/13717\/revisions\/13725"}],"wp:attachment":[{"href":"https:\/\/www.leaplytics.de\/sv\/wp-json\/wp\/v2\/media?parent=13717"}],"curies":[{"name":"wp","href":"https:\/\/api.w.org\/{rel}","templated":true}]}}