{"id":13808,"date":"2025-07-14T10:32:30","date_gmt":"2025-07-14T08:32:30","guid":{"rendered":"https:\/\/www.leaplytics.de\/?page_id=13808"},"modified":"2025-07-14T10:32:31","modified_gmt":"2025-07-14T08:32:31","slug":"gantt-leaplytics-power-bi","status":"publish","type":"page","link":"https:\/\/www.leaplytics.de\/sv\/gantt-leaplytics-power-bi\/","title":{"rendered":"Gantt LeapLytics - Power BI"},"content":{"rendered":"<p>Det \u00e4r enkelt. Vi ger dig m\u00f6jlighet att v\u00e4cka liv i dina projekttidslinjer och scheman direkt i Power BI. V\u00e5r Leaplytics Gantt Chart-visual omvandlar komplexa projektdata till professionella, interaktiva och omfattande tidslinjevisualiseringar. Visa projektscheman fr\u00e5n Microsoft Project, Primavera P6, Jira, Asana och Azure DevOps exakt som det \u00e4r t\u00e4nkt.<\/p>\n<blockquote>\n<p>\"\u00c4ntligen ett Gantt-diagram som faktiskt fungerar i Power BI! Att kunna visa v\u00e5ra projekttidslinjer med beroenden och framstegssp\u00e5rning direkt i v\u00e5ra instrumentpaneler f\u00f6r chefer i st\u00e4llet f\u00f6r statiska sk\u00e4rmdumpar har f\u00f6r\u00e4ndrat v\u00e5ra projektpresentationer.\"<br \/>- <strong>Johnson M., Business Intelligence Manager<\/strong> <em>(Byggsektorn)<\/em><\/p>\n<\/blockquote>\n<h2 id=\"what-s-in-it-for-you-\">Vad tj\u00e4nar du p\u00e5 det?<\/h2>\n<p>L\u00e5s upp professionell projektvisualisering f\u00f6r dina Power BI-instrumentpaneler:<\/p>\n<p><strong>Visualisera projekt p\u00e5 ett vackert s\u00e4tt:<\/strong> Omvandla r\u00e5 projektdata fr\u00e5n Microsoft Project, Primavera P6, Jira, Asana och Azure DevOps till professionellt \u00e5tergivna Gantt-diagram.<\/p>\n<p><strong>Eliminera manuellt arbete:<\/strong> Du beh\u00f6ver inte l\u00e4ngre exportera sk\u00e4rmdumpar eller skapa tidslinjediagram manuellt. Dina befintliga projektdata visas som interaktiva Gantt-diagram.<\/p>\n<p><strong>Imponera p\u00e5 intressenter:<\/strong> Presentera professionella projektinstrumentpaneler som uppr\u00e4tth\u00e5ller trov\u00e4rdigheten vid chefsm\u00f6ten och presentationer f\u00f6r intressenter.<\/p>\n<p><strong>Spara tid:<\/strong> Sluta spendera timmar p\u00e5 att skapa manuella tidslinjer. Anslut dina projektdata och se hur uppgiftslistorna omvandlas till omfattande Gantt-visualiseringar.<\/p>\n<blockquote>\n<p>\"Vi brukade l\u00e4gga 12 timmar i veckan p\u00e5 att skapa tidslinjerapporter fr\u00e5n v\u00e5ra projekthanteringsverktyg. Nu visas allt automatiskt som vackra interaktiva Gantt-diagram. V\u00e5ra projektstatusrapporter ser professionella ut igen.\"<br \/>- <strong>Rodriguez A., chef f\u00f6r analysavdelningen<\/strong> <em>(H\u00e4lso- och sjukv\u00e5rdsteknik)<\/em><\/p>\n<\/blockquote>\n<h2 id=\"how-you-can-benefit\">Hur du kan dra nytta av det<\/h2>\n<p>Anv\u00e4ndare som anv\u00e4nde v\u00e5r Leaplytics Gantt Chart visuella rapport:<\/p>\n<p><strong>Eliminerade mardr\u00f6mmar om tidslinjen:<\/strong> Inget mer manuellt skapande av diagram eller statiska sk\u00e4rmdumpar av tidslinjer i presentationer.<\/p>\n<p><strong>\u00d6kad anv\u00e4ndning av instrumentpaneler:<\/strong> Intressenter engagerar sig mer med interaktiva Gantt-diagram som de kan utforska och f\u00f6rst\u00e5.<\/p>\n<p><strong>F\u00f6rb\u00e4ttrad professionell trov\u00e4rdighet:<\/strong> Exekutiva presentationer ser polerade ut och uppr\u00e4tth\u00e5ller ditt rykte som dataproffs.<\/p>\n<p><strong>Enhetliga projektvyer:<\/strong> Visa projektdata fr\u00e5n flera f\u00f6retagsplattformar i ett sammanh\u00e4ngande, interaktivt Power BI Gantt-diagram.<\/p>\n<h2 id=\"key-features\">Viktiga funktioner<\/h2>\n<p><strong>St\u00f6d f\u00f6r flera plattformar:<\/strong> St\u00f6der Microsoft Project, Primavera P6, Jira, Asana, Azure DevOps och alla typer av projektdata i tabellform.<\/p>\n<p><strong>Avancerad tidslinjemotor:<\/strong><\/p>\n<ul>\n<li>Intelligent uppgiftspositionering och datumskalning<\/li>\n<li>Smart hierarkisk uppgiftshantering f\u00f6r komplexa projekt<\/li>\n<\/ul>\n<p><strong>Professionell projektvisualisering:<\/strong> <\/p>\n<ul>\n<li>Renderar korrekta uppgiftsf\u00e4lt, beroenden, milstolpar och framstegssp\u00e5rning som respekterar Power BI-teman<\/li>\n<li>Interaktiv navigering p\u00e5 tidslinjen med zoom- och panoreringsfunktioner<\/li>\n<\/ul>\n<p><strong>Funktioner f\u00f6r f\u00f6retagsprojekt:<\/strong><\/p>\n<ul>\n<li>Uppgiftsberoenden med relationspilar<\/li>\n<li>Uppf\u00f6ljning av framsteg och status f\u00f6r slutf\u00f6randet<\/li>\n<li>Visualisering av resurstilldelning<\/li>\n<li>Analys av kritisk v\u00e4g<\/li>\n<\/ul>\n<p><strong>Prestandaoptimerad:<\/strong> Effektiv rendering f\u00f6r stora projektdataset med 1000+ uppgifter och komplexa beroendef\u00f6rh\u00e5llanden.<\/p>\n<p><strong>S\u00f6ml\u00f6s integrering av Power BI:<\/strong> Fungerar som vilken annan Power BI-visuell som helst, med respekt f\u00f6r filter, slicers och korsfiltrering.<\/p>\n<p><strong>Intuitiv konfiguration:<\/strong> Enkel formatpanel med rullgardinsval f\u00f6r uppgiftsf\u00e4lt, datum och visualiseringsalternativ.<\/p>\n<p><strong>Redo f\u00f6r f\u00f6retag:<\/strong> Robust licenssystem utformat f\u00f6r f\u00f6retagsdrift med avancerade funktioner f\u00f6r projekthantering.<\/p>\n<h2 id=\"your-team-will-thank-you\">Ditt team kommer att tacka dig<\/h2>\n<p><em>\u00c4r du tr\u00f6tt p\u00e5 statiska sk\u00e4rmdumpar fr\u00e5n projekt i presentationer f\u00f6r chefer?<\/em> Har du n\u00e5gonsin k\u00e4mpat med att f\u00f6rklara projektstatus med hj\u00e4lp av tr\u00e5kiga tabellrapporter n\u00e4r dina intressenter beh\u00f6ver se tidslinjer? V\u00e5r Leaplytics Gantt Chart-visual ger den l\u00f6sning du har v\u00e4ntat p\u00e5. Det \u00e4r den visuella bild som vi som arbetar med projektledning alltid \u00f6nskat fanns n\u00e4r vi f\u00f6rs\u00f6kte kommunicera projektstatus p\u00e5 ett effektivt s\u00e4tt.<\/p>\n<blockquote>\n<p>\"Att kunna visa v\u00e5ra Azure DevOps-sprintar och projektberoenden med korrekt Gantt-visualisering har revolutionerat hur vi presenterar projektstatus f\u00f6r chefer. Tidslinjen \u00e4r interaktiv och installationen var otroligt enkel.\"<br \/>- <strong>Chen L., ledande dataanalytiker<\/strong> <em>(Programvaruutveckling)<\/em><\/p>\n<\/blockquote>\n<h2 id=\"letter-from-the-ceo\">Brev fr\u00e5n verkst\u00e4llande direkt\u00f6ren<\/h2>\n<p>Hej, allihop.<\/p>\n<p>Jag heter Stefan och \u00e4r VD h\u00e4r p\u00e5 LeapLytics.<\/p>\n<p>Visualisering av projekt i Power BI har varit ett problem i flera \u00e5r. Organisationer investerar kraftigt i plattformar som Microsoft Project, Primavera P6, Jira och Azure DevOps f\u00f6r att hantera komplexa projektscheman och beroenden. Men n\u00e4r dessa projektdata kommer in i Power BI blir de ol\u00e4sliga tabeller eller kr\u00e4ver manuell skapande av diagram.<\/p>\n<p>Den h\u00e4r kopplingen mellan sofistikerade projekthanteringsverktyg och grundl\u00e4ggande Power BI-projektrapportering har frustrerat otaliga projektledare i presentationer f\u00f6r f\u00f6retagsledningar. Det undergr\u00e4ver trov\u00e4rdigheten och g\u00f6r v\u00e4rdefulla projektinsikter praktiskt taget osynliga i instrumentpaneler.<\/p>\n<p>Traditionella BI-bilder var helt enkelt inte utformade f\u00f6r den komplexa verkligheten i modern projektledning d\u00e4r uppgifter har beroenden, framstegsuppf\u00f6ljning, resurstilldelning och tidsbegr\u00e4nsningar. Det \u00e4r d\u00e4r frustrationen b\u00f6rjar.<\/p>\n<p>V\u00e5r Leaplytics Gantt Chart visual f\u00f6r Power BI l\u00f6ser detta grundl\u00e4ggande problem. Vi anser att dina projektdata b\u00f6r kommuniceras tydligt och professionellt \u00f6verallt, inklusive dina Power BI-instrumentpaneler.<\/p>\n<p>Det handlar om att bevara den investering du har gjort i sofistikerad projektplanering och presentera den med den visuella tydlighet som dina intressenter f\u00f6rv\u00e4ntar sig. Vi har utformat detta visuella verktyg f\u00f6r att hantera komplexiteten i verkliga projektdata samtidigt som installationen \u00e4r enkel.<\/p>\n<p>Detta \u00e4r v\u00e5rt bidrag till att eliminera mardr\u00f6mmen med projektvisualisering som har pl\u00e5gat Power BI-anv\u00e4ndare alltf\u00f6r l\u00e4nge.<\/p>\n<p>B\u00e4sta h\u00e4lsningar,<br \/><strong>Stefan Preusler<\/strong><br \/>Medgrundare och VD, LeapLytics GmbH<\/p>\n<hr>\n<h2 id=\"ready-to-transform-your-project-visualization-\">\u00c4r du redo att f\u00f6r\u00e4ndra din projektvisualisering?<\/h2>\n<p><a href=\"https:\/\/www.leaplytics.de\/sv\/\"><strong>Beg\u00e4r en provlicens<\/strong><\/a><\/p>\n<h2 id=\"getting-started\">Komma ig\u00e5ng<\/h2>\n<p>Har du f\u00e5tt din licens eller vill du bara l\u00e4ra dig mer?<br \/>Klicka nedan f\u00f6r att f\u00e5 tillg\u00e5ng till v\u00e5r omfattande guide:<\/p>\n<p><a href=\"https:\/\/www.leaplytics.de\/sv\/getting-started-gantt-chart-power-bi\/?utm_source=extension&amp;utm_medium=power-bi&amp;utm_campaign=gantt-chart\"><strong>Komma ig\u00e5ng - Leaplytics Gantt Chart Visual f\u00f6r Power BI<\/strong><\/a><\/p>\n<hr>\n<p><em>Omvandla dina projektdata till professionella tidslinjevisualiseringar som intressenter faktiskt f\u00f6rst\u00e5r.<\/em> <\/p>","protected":false},"excerpt":{"rendered":"<p>It&#39;s straightforward. We empower you to bring your project timelines and schedules to life directly within Power BI. Our Leaplytics Gantt Chart visual transforms complex project data into professional, interactive, and comprehensive timeline visualizations. Display project schedules from Microsoft Project, Primavera P6, Jira, Asana, and Azure DevOps exactly as intended. &quot;Finally, a Gantt chart that &hellip; <\/p>","protected":false},"author":2,"featured_media":0,"parent":0,"menu_order":0,"comment_status":"closed","ping_status":"closed","template":"","meta":{"footnotes":""},"class_list":["post-13808","page","type-page","status-publish","hentry","latest_post"],"_links":{"self":[{"href":"https:\/\/www.leaplytics.de\/sv\/wp-json\/wp\/v2\/pages\/13808","targetHints":{"allow":["GET"]}}],"collection":[{"href":"https:\/\/www.leaplytics.de\/sv\/wp-json\/wp\/v2\/pages"}],"about":[{"href":"https:\/\/www.leaplytics.de\/sv\/wp-json\/wp\/v2\/types\/page"}],"author":[{"embeddable":true,"href":"https:\/\/www.leaplytics.de\/sv\/wp-json\/wp\/v2\/users\/2"}],"replies":[{"embeddable":true,"href":"https:\/\/www.leaplytics.de\/sv\/wp-json\/wp\/v2\/comments?post=13808"}],"version-history":[{"count":1,"href":"https:\/\/www.leaplytics.de\/sv\/wp-json\/wp\/v2\/pages\/13808\/revisions"}],"predecessor-version":[{"id":13809,"href":"https:\/\/www.leaplytics.de\/sv\/wp-json\/wp\/v2\/pages\/13808\/revisions\/13809"}],"wp:attachment":[{"href":"https:\/\/www.leaplytics.de\/sv\/wp-json\/wp\/v2\/media?parent=13808"}],"curies":[{"name":"wp","href":"https:\/\/api.w.org\/{rel}","templated":true}]}}