{"id":13813,"date":"2025-07-14T10:52:57","date_gmt":"2025-07-14T08:52:57","guid":{"rendered":"https:\/\/www.leaplytics.de\/?page_id=13813"},"modified":"2025-11-08T21:23:14","modified_gmt":"2025-11-08T20:23:14","slug":"komma-igang-gantt","status":"publish","type":"page","link":"https:\/\/www.leaplytics.de\/sv\/komma-igang-gantt\/","title":{"rendered":"Komma ig\u00e5ng - Gantt"},"content":{"rendered":"<p><a href=\"#minimum-requirement\">Minimikrav<\/a> | <a href=\"#license\">Licens<\/a> |\u00a0<a href=\"#features\">Funktioner<\/a> | <a href=\"#zoom-pan\">Zoom och panorering<\/a> | <a href=\"#filter\">Filter<\/a> | <a href=\"#troubleshooting\">Fels\u00f6kning<\/a><\/p>\n\n<p>Team i olika branscher anv\u00e4nder LeapLytics Gantt Chart f\u00f6r att visualisera projekttidslinjer, beroenden, milstolpar, hierarkier och resursallokeringar direkt i Power BI. Visualiseringen \u00e4r snabb och byggd f\u00f6r rapportering i f\u00f6retagsklass. Med funktioner som dynamisk zoomning, visning av kritisk v\u00e4g, anpassningsbar tidslinjestil, beroendepilar, milstolpstyper, baslinjer och fullt hierarkist\u00f6d f\u00e5r anv\u00e4ndarna en omedelbar och tillf\u00f6rlitlig \u00f6versikt \u00f6ver varje projekt.<\/p>\n\n<p><div class=\"wp-block-image\">\n<figure class=\"aligncenter size-large\"><img loading=\"lazy\" decoding=\"async\" width=\"1024\" height=\"466\" src=\"https:\/\/www.leaplytics.de\/wp-content\/uploads\/2025\/11\/resource-1024x466.png\" alt=\"\" class=\"wp-image-14108\" srcset=\"https:\/\/www.leaplytics.de\/wp-content\/uploads\/2025\/11\/resource-1024x466.png 1024w, https:\/\/www.leaplytics.de\/wp-content\/uploads\/2025\/11\/resource-300x137.png 300w, https:\/\/www.leaplytics.de\/wp-content\/uploads\/2025\/11\/resource-768x350.png 768w, https:\/\/www.leaplytics.de\/wp-content\/uploads\/2025\/11\/resource-18x8.png 18w, https:\/\/www.leaplytics.de\/wp-content\/uploads\/2025\/11\/resource-132x60.png 132w, https:\/\/www.leaplytics.de\/wp-content\/uploads\/2025\/11\/resource.png 1463w\" sizes=\"auto, (max-width: 1024px) 100vw, 1024px\" \/><\/figure><\/div><\/p>\n\n<p>Om dina projektdata \u00e4r tillg\u00e4ngliga kan du konfigurera och anv\u00e4nda LeapLytics Gantt Chart fullt ut i <strong>under 5 minuter<\/strong>. Du kommer att ha en fungerande Gantt med uppgifter, datum, beroenden, milstolpar och formatering - redo f\u00f6r presentation, analys och rapportering till intressenter.<\/p>\n\n\n\n<h3 class=\"wp-block-heading\" id=\"enhanced-data-model-structure\">Minimikrav<\/h3>\n\n\n<p><div class=\"wp-block-image\">\n<figure class=\"aligncenter size-large\"><img decoding=\"async\" src=\"https:\/\/www.leaplytics.de\/wp-content\/uploads\/2025\/11\/minimum-requirement-arrows.png\" alt=\"\" class=\"wp-image-14108\"\/><\/figure><\/div><\/p>\n\n\n<blockquote class=\"wp-block-quote is-layout-flow wp-block-quote-is-layout-flow\">\n<p><strong>\u26a0\ufe0f Viktigt:<\/strong> Dina data b\u00f6r f\u00f6lja en tabellstruktur d\u00e4r varje rad representerar en uppgift och kolumnerna inneh\u00e5ller uppgifternas egenskaper.<\/p>\n<\/blockquote>\n\n\n<p>Den visuella bilden kr\u00e4ver endast ett minimum av f\u00e4lt f\u00f6r att producera en fullt fungerande tidslinje.  Varje uppgift m\u00e5ste inneh\u00e5lla en unik <strong>Uppgifts-ID<\/strong>, en l\u00e4sbar <strong>Uppgiftens namn<\/strong>och ett par datum som definierar dess varaktighet.\nDessa datum kan vara <strong>Planerad<\/strong>, <strong>Faktiskt<\/strong>, eller <strong>Uppskattad<\/strong>-det visuella programmet k\u00e4nner automatiskt av vilken typ av data du tillhandah\u00e5ller och justerar tidslinjen d\u00e4refter. Med denna flexibilitet kan Gantt representera enkla scheman som endast inneh\u00e5ller en plan, fullst\u00e4ndiga <strong>plan-versus-verklighet<\/strong> j\u00e4mf\u00f6relser, eller avancerade scenarier som kombinerar <strong>planerad<\/strong>, <strong>faktiska<\/strong>, och <strong>uppskattad<\/strong> tidslinjer parallellt.<\/p>\n\n<p><div class=\"wp-block-image\">\n<figure class=\"aligncenter size-large\"><img decoding=\"async\" src=\"https:\/\/www.leaplytics.de\/wp-content\/uploads\/2025\/11\/minimum-requirement-data-fields.png\" alt=\"\" class=\"wp-image-14108\"\/><\/figure><\/div><\/p>\n\n<p>Eftersom visualiseringsprogrammet tolkar datumtyperna p\u00e5 egen hand kan du ange de f\u00e4lt som redan finns i dina projektdata. Om du inkluderar alla tre (<strong>Planerad<\/strong>, <strong>Faktiskt<\/strong>, <strong>Uppskattad<\/strong>), visar Gantt alla motsvarande staplar. Om du bara anger en enda upps\u00e4ttning datum visas en enda tidslinjestolpe. \n<strong>Varaktighetsf\u00e4lt<\/strong> kan ocks\u00e5 anv\u00e4ndas ist\u00e4llet f\u00f6r slutdatum; n\u00e4r b\u00e5de varaktighet och slutdatum finns,\nhar v\u00e4rdet f\u00f6r varaktighet f\u00f6retr\u00e4de. Alla datumf\u00e4lt m\u00e5ste vara i en <strong>Power BI-kompatibelt datetime-format<\/strong> \nf\u00f6r att s\u00e4kerst\u00e4lla korrekt \u00e5tergivning.\n<\/p>\n\n\n<pre class=\"wp-block-code\"><code>\n  -- =====================================================\n  -- N\u00d6DV\u00c4NDIGA F\u00c4LTER (Minimidata som beh\u00f6vs)\n  -- =====================================================\n  'TASK-001' AS Task ID, -- Unik identifierare\n  'Requirements Analysis' AS Task Name, -- Visningsnamn\n  '2025-01-01' AS Planerat\/uppskattat\/verkligt startdatum, -- Startdatum\n  '2025-01-15' AS Planerat\/uppskattat\/aktuellt slutdatum, -- Slutdatum\n\n  -- ===== DATASCENARIER ST\u00d6DS =====\n  -- Visualiseringen uppt\u00e4cker automatiskt vilka data du tillhandah\u00e5ller:\n  --\n  -- 1. Endast plan (baslinje):        Endast planerat startdatum + planerat slutdatum\n  -- 2. Endast faktiska data (som byggt):      Endast faktiskt startdatum + faktiskt slutdatum\n  -- 3. Plan vs Actual: B\u00e5de planerat och faktiskt datum (visar b\u00e5da staplarna)\n  -- 4. Plan + uppskattat:            Planerade + uppskattade datum (visar planerad stapel + tunn uppskattning)\n  -- 5. Faktiskt + Uppskattat:          Faktiska + uppskattade datum (visar faktisk stapel + tunn uppskattning)\n  -- 6. Plan + Verkligt + Uppskattat:   Alla tre datatyper (visar alla tre tidslinjestolparna)\n  -- 7. Endast uppskattat:              Endast ber\u00e4knat startdatum + ber\u00e4knat slutdatum\n  --\n  -- ===== NOTER =====\n  -- - Varaktighetsf\u00e4lt \u00e4r valfria och \u00e5sidos\u00e4tter motsvarande EndDate-f\u00e4lt n\u00e4r b\u00e5da anges\n  -- - Datumf\u00e4lt m\u00e5ste vara i datetime-format som k\u00e4nns igen av PowerBI\n<\/code><\/pre>\n\n\n<figure class=\"wp-block-image size-large is-resized\"><\/figure>\n\n\n<hr class=\"wp-block-separator has-alpha-channel-opacity\"\/>\n\n\n\n<h3 class=\"wp-block-heading\" id=\"license\">Licens<\/h3>\n\n\n\n<figure class=\"wp-block-image size-large\"><img loading=\"lazy\" decoding=\"async\" width=\"1024\" height=\"453\" src=\"https:\/\/www.leaplytics.de\/wp-content\/uploads\/2025\/11\/license-1024x453.png\" alt=\"Licens\" class=\"wp-image-14175\" srcset=\"https:\/\/www.leaplytics.de\/wp-content\/uploads\/2025\/11\/license-1024x453.png 1024w, https:\/\/www.leaplytics.de\/wp-content\/uploads\/2025\/11\/license-300x133.png 300w, https:\/\/www.leaplytics.de\/wp-content\/uploads\/2025\/11\/license-768x340.png 768w, https:\/\/www.leaplytics.de\/wp-content\/uploads\/2025\/11\/license-1536x680.png 1536w, https:\/\/www.leaplytics.de\/wp-content\/uploads\/2025\/11\/license-18x8.png 18w, https:\/\/www.leaplytics.de\/wp-content\/uploads\/2025\/11\/license-136x60.png 136w, https:\/\/www.leaplytics.de\/wp-content\/uploads\/2025\/11\/license.png 1687w\" sizes=\"auto, (max-width: 1024px) 100vw, 1024px\" \/><\/figure>\n\n\n<p>Kopiera din licenskod och klistra in den i f\u00e4ltet Licens genom att trycka p\u00e5 CTRL+V. Om du \u00e4nnu inte har en testlicens kan du beg\u00e4ra en \n<a href=\"https:\/\/www.leaplytics.de\/sv\/power-bi-gantt-forsok-nu\/\" style=\"text-decoration: underline;\">h\u00e4r<\/a>.<\/p>\n\n\n<hr class=\"wp-block-separator has-alpha-channel-opacity\"\/>\n\n\n\n<h3 class=\"wp-block-heading\" id=\"features\">Funktioner<\/h3>\n\n\n<p>LeapLytics Gantt Chart ger projektvisualisering i f\u00f6retagsklass med funktioner som <strong>uppgiftshierarkier<\/strong>, <strong>sp\u00e5rning av framsteg<\/strong>, <strong>resurstilldelningar<\/strong>, <strong>Beroenden<\/strong>, <strong>milstolpar<\/strong>, och <strong>flexibel navigering p\u00e5 tidslinjen<\/strong> allt fr\u00e5n detaljer p\u00e5 minutniv\u00e5 till \u00f6versikter \u00f6ver ett decennium. Den tolkar automatiskt <strong>Planerad<\/strong>, <strong>Faktiskt<\/strong>, och <strong>Uppskattad<\/strong> datum, visar matchande tidslinjebalkar och erbjuder fullst\u00e4ndig <strong>styling<\/strong> och <strong>baslinje<\/strong> alternativ - vilket garanterar professionell rapportering av h\u00f6g kvalitet direkt i Power BI.<\/p>\n\n<p> Om dina data \u00e4r tillg\u00e4ngliga kan du skapa en fullt fungerande Gantt - inklusive uppgifter, datum, beroenden, milstolpar, formatering och navigering - under <strong>5 minuter<\/strong>. Den visuella bilden anpassas omedelbart till de f\u00e4lt du anger, vilket m\u00f6jligg\u00f6r snabb konfiguration med minimal anstr\u00e4ngning och ger en tidslinje som \u00e4r klar att anv\u00e4nda f\u00f6r team, chefer och intressenter.<\/p>\n\n\n<h4 class=\"wp-block-heading\">Hierarki<\/h4>\n\n\n<p><div class=\"wp-block-image\">\n<figure class=\"aligncenter size-large\"><img decoding=\"async\" src=\"https:\/\/www.leaplytics.de\/wp-content\/uploads\/2025\/11\/hierarchy-arrow.png\" alt=\"\" class=\"wp-image-14095\"\/><\/figure><\/div><\/p>\n\n<p>Den <strong>Hierarki<\/strong> kan du strukturera ditt projekt i \u00f6verordnade och underordnade uppgifter, vilket skapar en tydlig och intuitiv uppdelning av arbetet. Genom att tilldela varje uppgift en <strong>ID f\u00f6r f\u00f6r\u00e4ldrauppgift<\/strong>Gantt-diagrammet bygger automatiskt upp n\u00e4stlade niv\u00e5er som \u00e5terspeglar projektets verkliga struktur.  Detta m\u00f6jligg\u00f6r upprullningsbar synlighet, hopf\u00e4llbara grupper och en tydlig \u00f6versikt \u00f6ver komplexa projekt, vilket hj\u00e4lper teamen att f\u00f6rst\u00e5 faser, arbetspaket och detaljerade underuppgifter med en blick.<\/p>\n\n\n<pre class=\"wp-block-code\"><code>\n    'PROJ-001' AS ParentTaskID, -- \u00d6verordnad uppgift f\u00f6r hierarki\n  -- ===== NOTES =====\n  -- - Hierarki: Uppgifts-ID f\u00f6r \u00f6verordnad uppgift\n<\/code><\/pre>\n\n\n<div class=\"wp-block-image\">\n<figure class=\"aligncenter size-large\"><img decoding=\"async\" src=\"https:\/\/www.leaplytics.de\/wp-content\/uploads\/2025\/11\/hiearchy-table.png\" alt=\"\" class=\"wp-image-14095\"\/><\/figure><\/div>\n\n\n<hr class=\"wp-block-separator has-alpha-channel-opacity\"\/>\n\n\n\n<h4 class=\"wp-block-heading\">Framsteg<\/h4>\n\n\n<p><div class=\"wp-block-image\">\n<figure class=\"aligncenter size-large\"><img decoding=\"async\" src=\"https:\/\/www.leaplytics.de\/wp-content\/uploads\/2025\/11\/progress-arrows.png\" alt=\"\" class=\"wp-image-14100\"\/><\/figure><\/div><\/p>\n\n<p>Den <strong>Framsteg<\/strong> f\u00e4ltet kan du sp\u00e5ra slutf\u00f6randet av en uppgift direkt i Gantt-schemat. Genom att ange ett procentuellt v\u00e4rde mellan <strong>0<\/strong> och <strong>100<\/strong>N\u00e4r en uppgift har p\u00e5b\u00f6rjats eller slutf\u00f6rts visar bilden tydligt hur l\u00e5ngt varje uppgift har kommit, vilket ger en omedelbar inblick i projektets status. Oavsett om en uppgift inte har p\u00e5b\u00f6rjats, \u00e4r delvis slutf\u00f6rd eller helt slutf\u00f6rd hj\u00e4lper framstegsindikatorerna team och intressenter att \u00f6vervaka genomf\u00f6randet och identifiera omr\u00e5den som kan beh\u00f6va uppm\u00e4rksammas.\n<\/p>\n\n\n<pre class=\"wp-block-code\"><code>\n  -- =====================================================\n  -- PROGRESS\n  -- =====================================================\n  65 AS Framsteg, -- F\u00e4rdigst\u00e4llande % (0-100)\n  -- ===== NOTER =====\n  -- - Framsteg: 0 = ej p\u00e5b\u00f6rjat, 100 = slutf\u00f6rt\n<\/code><\/pre>\n\n\n<p><div class=\"wp-block-image\">\n<figure class=\"aligncenter size-large\"><img decoding=\"async\" src=\"https:\/\/www.leaplytics.de\/wp-content\/uploads\/2025\/11\/progress-data-fields.png\" alt=\"\" class=\"wp-image-14100\"\/><\/figure><\/div><\/p>\n\n\n<hr class=\"wp-block-separator has-alpha-channel-opacity\"\/>\n\n\n\n<h4 class=\"wp-block-heading\" id=\"enhanced-data-model-structure\">Resurs<\/h4>\n\n\n<p><div class=\"wp-block-image\">\n<figure class=\"aligncenter size-large\"><img decoding=\"async\" src=\"https:\/\/www.leaplytics.de\/wp-content\/uploads\/2025\/11\/resource-overview.png\" alt=\"\" class=\"wp-image-14108\"\/><\/figure><\/div><\/p>\n\n<p>Den <strong>Resurs<\/strong> kan du tilldela en eller flera personer, team eller roller till en uppgift. Genom att ange ett namn - eller en <strong>kommaseparerad lista<\/strong> f\u00f6r flera resurser - Gantt-schemat visar tydligt vem som \u00e4r ansvarig f\u00f6r varje aktivitet. Detta hj\u00e4lper teamen att f\u00f6rst\u00e5 f\u00f6rdelningen av arbetsbelastningen, identifiera potentiella flaskhalsar och f\u00f6rb\u00e4ttra samordningen mellan parallella uppgifter. Resurstilldelningar visas direkt bredvid tidslinjen f\u00f6r omedelbar tydlighet.\n<\/p>\n\n\n<pre class=\"wp-block-code\"><code>\n    'John Smith, Jane Doe' AS Resource, -- Kommaseparerad f\u00f6r flera\n  -- ===== NOTER =====\n  -- - Flera resurser: kommaseparerade v\u00e4rden i ett enda f\u00e4lt\n<\/code><\/pre>\n\n\n<p><div class=\"wp-block-image\">\n<figure class=\"aligncenter size-large\"><img decoding=\"async\" src=\"https:\/\/www.leaplytics.de\/wp-content\/uploads\/2025\/11\/resource-arrows.png\" alt=\"\" class=\"wp-image-14108\"\/><\/figure><\/div><\/p>\n\n\n<hr class=\"wp-block-separator has-alpha-channel-opacity\"\/>\n\n\n\n<h4 class=\"wp-block-heading\" id=\"enhanced-data-model-structure\">F\u00f6reg\u00e5ngare<\/h4>\n\n\n<p><div class=\"wp-block-image\">\n<figure class=\"aligncenter size-large\"><img decoding=\"async\" src=\"https:\/\/www.leaplytics.de\/wp-content\/uploads\/2025\/11\/predecessors-arrows.png\" alt=\"\" class=\"wp-image-14116\"\/><\/figure><\/div><\/p>\n\n<p>Den <strong>F\u00f6reg\u00e5ngare<\/strong> f\u00e4ltet definierar uppgiftsberoenden genom att lista ett eller flera f\u00f6reg\u00e5ende uppgifts-ID. Genom att tillhandah\u00e5lla en <strong>kommaseparerad lista<\/strong> Gantt-schemat ritar automatiskt beroenden mellan avslutade och p\u00e5b\u00f6rjade uppgifter, vilket g\u00f6r det logiska fl\u00f6det i projektet tydligt. Detta hj\u00e4lper teamen att f\u00f6rst\u00e5 ordningsf\u00f6ljden, identifiera f\u00f6rseningar och uppr\u00e4tth\u00e5lla ett realistiskt, sammanh\u00e4ngande projektschema.\n<\/p>\n\n\n<pre class=\"wp-block-code\"><code>\n    \"TASK-005, TASK-007\" AS Predecessors -- Kommaseparerade ID:n f\u00f6r f\u00f6reg\u00e5ngare\n  -- ===== NOTER =====\n  -- - F\u00f6reg\u00e5ngare: kommaseparerade uppgifts-ID:n f\u00f6r slut-till-start-beroenden\n<\/code><\/pre>\n\n\n<p><div class=\"wp-block-image\">\n<figure class=\"aligncenter size-large\"><img decoding=\"async\" src=\"https:\/\/www.leaplytics.de\/wp-content\/uploads\/2025\/11\/predecessors-data-fields.png\" alt=\"\" class=\"wp-image-14116\"\/><\/figure><\/div><\/p>\n\n\n<hr class=\"wp-block-separator has-alpha-channel-opacity\"\/>\n\n\n\n<h3 class=\"wp-block-heading\" id=\"zoom-pan\">Zoom och panorering<\/h3>\n\n<p><div class=\"wp-block-image\">\n<figure class=\"aligncenter size-large\"><img decoding=\"async\" src=\"https:\/\/www.leaplytics.de\/wp-content\/uploads\/2025\/11\/zoom.gif\" alt=\"\" class=\"wp-image-14116\"\/><\/figure><\/div><\/p>\n\n<p>Du kan enkelt navigera i tidslinjen med hj\u00e4lp av inbyggda zoom- och panoreringskontroller. H\u00e5ll <strong>ALT<\/strong> och anv\u00e4nda <strong>mushjul<\/strong> f\u00f6r att zooma in eller ut, eller anv\u00e4nd en <strong>gest f\u00f6r att nypa med tv\u00e5 fingrar<\/strong> p\u00e5 mobila enheter. F\u00f6r att panorera h\u00e5ller du <strong>v\u00e4nster musknapp<\/strong> och dra diagrammet \u00e5t v\u00e4nster eller h\u00f6ger, eller placera helt enkelt fingret p\u00e5 sk\u00e4rmen och flytta det f\u00f6r att utforska tidslinjen p\u00e5 mobilen. Det visuella st\u00f6der allt fr\u00e5n en <strong>minut-f\u00f6r-minut-vy \u00f6ver en enskild dag<\/strong> till en <strong>projekt\u00f6versikt p\u00e5 h\u00f6g niv\u00e5 som str\u00e4cker sig \u00f6ver 10 \u00e5r<\/strong>.\n<\/p>\n\n\n<h3 class=\"wp-block-heading\" id=\"troubleshooting\">Fels\u00f6kning<\/h3>\n\n\n\n<h4 class=\"wp-block-heading\" id=\"-cross-filtering-problems-\">Problem med korsfiltrering<\/h4>\n\n\n\n<p><strong>Valet fungerar inte med andra visuella element:<\/strong><\/p>\n\n\n\n<ul class=\"wp-block-list\">\n<li>\u2705 Verifiera att mappningen av kategoriska data \u00e4r korrekt konfigurerad<\/li>\n\n\n\n<li>\u2705 Kontrollera PowerBI korsfiltreringsinst\u00e4llningar f\u00f6r det visuella<\/li>\n\n\n\n<li>\u2705 Se till att TaskID-f\u00e4ltet anv\u00e4nds konsekvent i alla bilder<\/li>\n\n\n\n<li>\u2705 Testvalsfunktion med f\u00f6renklad rapport<\/li>\n<\/ul>\n\n\n\n<p><strong>Markerar inte svarar:<\/strong><\/p>\n\n\n\n<ul class=\"wp-block-list\">\n<li>\u2705 Kontrollera markera datastruktur i kategorisk mappning<\/li>\n\n\n\n<li>\u2705 Verifiera integrationen av PowerBI-urvalshanteraren<\/li>\n\n\n\n<li>\u2705 Test med PowerBI table visual f\u00f6r att bekr\u00e4fta att korsfiltrering fungerar<\/li>\n\n\n\n<li>\u2705 Granskning av urval ID-generering f\u00f6r uppgiftsdata<\/li>\n<\/ul>\n\n\n\n<h4 class=\"wp-block-heading\" id=\"-data-mapping-problems-\">Problem med datamappning<\/h4>\n\n\n\n<p><strong>F\u00e4lt som inte k\u00e4nns igen:<\/strong><\/p>\n\n\n\n<ul class=\"wp-block-list\">\n<li>\u2705 Kontrollera att f\u00e4ltdatatyperna matchar f\u00f6rv\u00e4ntade format (datum, siffror, text)<\/li>\n\n\n\n<li>\u2705 Kontrollera att f\u00e4ltmappningen i dataf\u00f6nstret matchar kolumnnamnen<\/li>\n\n\n\n<li>\u2705 Se till att ber\u00e4knade kolumner \u00e4r korrekt definierade i datamodellen<\/li>\n\n\n\n<li>\u2705 Testa med enkla dataset f\u00f6r att isolera problem med f\u00e4ltkartl\u00e4ggning<\/li>\n<\/ul>\n\n\n\n<p><strong>Framsteg\/status visas inte:<\/strong><\/p>\n\n\n\n<ul class=\"wp-block-list\">\n<li>\u2705 Verify Progress-f\u00e4ltet inneh\u00e5ller numeriska v\u00e4rden mellan 0-100<\/li>\n\n\n\n<li>\u2705 F\u00e4ltet Check Status inneh\u00e5ller f\u00f6rv\u00e4ntade statusv\u00e4rden<\/li>\n\n\n\n<li>\u2705 Se till att f\u00f6rloppsf\u00e4lt \u00e4r aktiverade i formatpanelen<\/li>\n\n\n\n<li>\u2705 Test med exempeldata som inneh\u00e5ller olika f\u00f6rloppsv\u00e4rden<\/li>\n<\/ul>\n\n\n\n<h4 class=\"wp-block-heading\" id=\"-hierarchical-structure-issues-\">Problem med hierarkisk struktur<\/h4>\n\n\n\n<p><strong>Relationen mellan f\u00f6r\u00e4ldrar och barn fungerar inte:<\/strong><\/p>\n\n\n\n<ul class=\"wp-block-list\">\n<li>\u2705 Kontrollera att f\u00e4ltet ParentTask inneh\u00e5ller giltiga uppgiftsID f\u00f6r \u00f6verordnade uppgifter<\/li>\n\n\n\n<li>\u2705 Kontrollera om det finns cirkul\u00e4ra referenser mellan f\u00f6r\u00e4lder och barn<\/li>\n\n\n\n<li>\u2705 Se till att hierarkiniv\u00e5erna inte \u00f6verskrider rimliga gr\u00e4nser<\/li>\n\n\n\n<li>\u2705 Testa expandera\/f\u00e4lla-funktionalitet med enkel hierarki<\/li>\n<\/ul>\n\n\n\n<p><strong>Rollup-ber\u00e4kningar felaktiga:<\/strong><\/p>\n\n\n\n<ul class=\"wp-block-list\">\n<li>\u2705 Kontrollera rollup-konfigurationen i formatpanelens inst\u00e4llningar<\/li>\n\n\n\n<li>\u2705 Kontrollera att uppgifterna om barnets uppgifter \u00e4r fullst\u00e4ndiga och korrekta<\/li>\n\n\n\n<li>\u2705 Testa rollup-logiken med k\u00e4nda testfall<\/li>\n\n\n\n<li>\u2705 Granska logiken f\u00f6r ber\u00e4kning av datum f\u00f6r \u00f6verordnade uppgiftsomr\u00e5den<\/li>\n<\/ul>\n\n\n\n<hr class=\"wp-block-separator has-alpha-channel-opacity\"\/>\n\n\n\n<h3 class=\"wp-block-heading\" id=\"-advanced-best-practices\">Avancerade b\u00e4sta metoder<\/h3>\n\n\n\n<ul class=\"wp-block-list\">\n<li><strong>Datakvalitet<\/strong>: Validera alla datum, se till att TaskID \u00e4r unika, kontrollera referenserna till beroenden<\/li>\n\n\n\n<li><strong>Optimering av prestanda<\/strong>: Begr\u00e4nsa storleken p\u00e5 dataset, anv\u00e4nd l\u00e4mpliga datatyper, optimera DAX-ber\u00e4kningar<\/li>\n\n\n\n<li><strong>Hierarki Design<\/strong>: Planera logiska f\u00f6r\u00e4lder-barn-relationer, undvik djupa kapslingar, beh\u00e5ll en tydlig struktur<\/li>\n\n\n\n<li><strong>Modellering av beroenden<\/strong>: Kartl\u00e4gg realistiska beroenden, undvik cirkul\u00e4ra referenser, anv\u00e4nd l\u00e4mpliga f\u00f6rdr\u00f6jningstider<\/li>\n\n\n\n<li><strong>Strategi f\u00f6r testning<\/strong>: Test med exempeldata, validering av alla funktioner, prestandatest med stora datam\u00e4ngder<\/li>\n<\/ul>\n\n\n\n<h4 class=\"wp-block-heading\" id=\"-visual-configuration-best-practices-\"><strong>B\u00e4sta praxis f\u00f6r visuell konfiguration<\/strong> \u2728<\/h4>\n\n\n\n<ul class=\"wp-block-list\">\n<li><strong>Skalning av tidslinjen<\/strong>: V\u00e4lj l\u00e4mplig standardzoomniv\u00e5, konfigurera rimliga datumintervall, aktivera adaptiv skalning<\/li>\n\n\n\n<li><strong>F\u00e4rgstrategi<\/strong>: Anv\u00e4nd konsekventa f\u00e4rgscheman, koppla f\u00e4rger till meningsfulla dataattribut, se till att tillg\u00e4nglighetskraven uppfylls<\/li>\n\n\n\n<li><strong>Optimering av layouten<\/strong>: Konfigurera l\u00e4mpliga h\u00f6jder f\u00f6r aktivitetsf\u00e4lt, optimera textpositionering, balansera informationst\u00e4thet<\/li>\n\n\n\n<li><strong>Interaktiv design<\/strong>: M\u00f6jligg\u00f6r intuitiv navigering, ger tydlig visuell feedback, st\u00f6der b\u00e5de mus- och pekinteraktion<\/li>\n<\/ul>\n\n\n\n\n<h4 class=\"wp-block-heading\" id=\"supported-data-sources-reference\">Datak\u00e4llor som st\u00f6ds Referens<\/h4>\n\n\n\n<figure class=\"wp-block-table\"><table class=\"has-fixed-layout\"><thead><tr><th><strong>Datak\u00e4lla<\/strong><\/th><th><strong>Plattform<\/strong><\/th><th><strong>Status<\/strong><\/th><th><strong>Viktiga f\u00e4lt<\/strong><\/th><th><strong>Anteckningar om integration<\/strong><\/th><\/tr><\/thead><tbody><tr><td><strong>Microsoft Projekt<\/strong><\/td><td>MS Projekt<\/td><td>\u2705 Prim\u00e4r<\/td><td>Uppgifts-ID, namn, start, slut, beroenden<\/td><td>Exportera som Excel eller anslut via Project Online<\/td><\/tr><tr><td><strong>Primavera P6<\/strong><\/td><td>Oracle<\/td><td>\u2705 Prim\u00e4r<\/td><td>Aktivitets-ID, Namn, Start, Slut, F\u00f6reg\u00e5ngare<\/td><td>Export som Excel eller XML-import<\/td><\/tr><tr><td><strong>Azure DevOps<\/strong><\/td><td>Microsoft<\/td><td>\u2705 Prim\u00e4r<\/td><td>Arbetsobjektets ID, Titel, Startdatum, M\u00e5ldatum<\/td><td>Direkt API-anslutning eller export<\/td><\/tr><tr><td><strong>Jira<\/strong><\/td><td>Atlassian<\/td><td>\u2705 Prim\u00e4r<\/td><td>Problemnyckel, sammanfattning, f\u00f6rfallodag, l\u00e4nkar<\/td><td>Export eller API-integration<\/td><\/tr><tr><td><strong>Excel\/CSV<\/strong><\/td><td>Allm\u00e4nt<\/td><td>\u2705 Prim\u00e4r<\/td><td>Anpassade f\u00e4lt som mappas till Gantt-krav<\/td><td>Direkt import fr\u00e5n PowerBI<\/td><\/tr><tr><td><strong>Asana<\/strong><\/td><td>Asana<\/td><td>\u2705 Sekund\u00e4r<\/td><td>Uppgifts-ID, namn, startdatum, f\u00f6rfallodatum<\/td><td>Exportera som CSV<\/td><\/tr><tr><td><strong>Anpassade bord<\/strong><\/td><td>Databas<\/td><td>\u2705 Sekund\u00e4r<\/td><td>Anv\u00e4ndardefinierat schema som matchar Gantt-modellen<\/td><td>Direkt databasanslutning<\/td><\/tr><\/tbody><\/table><\/figure>\n\n\n\n<p>Denna omfattande visuella omvandlar komplexa projektdata till vackra, interaktiva Gantt-diagram som uppr\u00e4tth\u00e5ller professionell kvalitet och st\u00f6der sofistikerade arbetsfl\u00f6den f\u00f6r projektledning direkt i PowerBI-instrumentpaneler. Dina intressenter kommer \u00e4ntligen att se projektets tidslinjer p\u00e5 det s\u00e4tt som de ska visas - tydliga, interaktiva och professionellt formaterade.<\/p>","protected":false},"excerpt":{"rendered":"<p>Minimum Requirements | License |\u00a0Features | Zoom &amp; Pan | Filter | Troubleshooting Teams across industries use the LeapLytics Gantt Chart to visualize project timelines, dependencies, milestones, hierarchies, and resource allocations directly inside Power BI. The visual is fast, and built for enterprise-grade reporting. With features such as dynamic zooming, critical path display, customizable timeline &hellip; <\/p>","protected":false},"author":2,"featured_media":0,"parent":0,"menu_order":0,"comment_status":"closed","ping_status":"closed","template":"","meta":{"footnotes":""},"class_list":["post-13813","page","type-page","status-publish","hentry","latest_post"],"_links":{"self":[{"href":"https:\/\/www.leaplytics.de\/sv\/wp-json\/wp\/v2\/pages\/13813","targetHints":{"allow":["GET"]}}],"collection":[{"href":"https:\/\/www.leaplytics.de\/sv\/wp-json\/wp\/v2\/pages"}],"about":[{"href":"https:\/\/www.leaplytics.de\/sv\/wp-json\/wp\/v2\/types\/page"}],"author":[{"embeddable":true,"href":"https:\/\/www.leaplytics.de\/sv\/wp-json\/wp\/v2\/users\/2"}],"replies":[{"embeddable":true,"href":"https:\/\/www.leaplytics.de\/sv\/wp-json\/wp\/v2\/comments?post=13813"}],"version-history":[{"count":124,"href":"https:\/\/www.leaplytics.de\/sv\/wp-json\/wp\/v2\/pages\/13813\/revisions"}],"predecessor-version":[{"id":14246,"href":"https:\/\/www.leaplytics.de\/sv\/wp-json\/wp\/v2\/pages\/13813\/revisions\/14246"}],"wp:attachment":[{"href":"https:\/\/www.leaplytics.de\/sv\/wp-json\/wp\/v2\/media?parent=13813"}],"curies":[{"name":"wp","href":"https:\/\/api.w.org\/{rel}","templated":true}]}}