{"id":14402,"date":"2025-12-18T23:52:33","date_gmt":"2025-12-18T22:52:33","guid":{"rendered":"https:\/\/www.leaplytics.de\/?page_id=14402"},"modified":"2025-12-19T01:57:41","modified_gmt":"2025-12-19T00:57:41","slug":"marknadsforing-forsaljning-ai","status":"publish","type":"page","link":"https:\/\/www.leaplytics.de\/sv\/marknadsforing-forsaljning-ai\/","title":{"rendered":"Marknadsf\u00f6ring \/ F\u00f6rs\u00e4ljning AI"},"content":{"rendered":"<h2>Ditt marknads- och s\u00e4ljteam har f\u00f6r mycket att g\u00f6ra. AI kan hj\u00e4lpa till.<\/h2>\n\n<p>Marknads- och f\u00f6rs\u00e4ljningsarbete \u00e4r arbete med m\u00e4nniskor. Ledtr\u00e5dar. Prospects. Kunder. Kampanjer. Meddelanden. En st\u00e4ndig str\u00e4van att hitta, \u00f6vertyga och beh\u00e5lla k\u00f6pare.<\/p>\n<p>Det mesta f\u00f6ljer m\u00f6nster. G\u00f6r en lead. Skriv e-postmeddelandet. Segmentera listan. Uppdatera CRM-systemet. F\u00f6lj upp igen.<\/p>\n<p>AI \u00e4r byggt f\u00f6r detta. Den analyserar snabbare \u00e4n n\u00e5gon m\u00e4nniska. Den gl\u00f6mmer aldrig att f\u00f6lja upp. Den skickar aldrig fel meddelande till fel segment.<\/p>\n<p>Det h\u00e4r ers\u00e4tter inte ditt marknads- och s\u00e4ljteam. Det g\u00f6r dem snabbare. Det hanterar rutinen s\u00e5 att din personal kan fokusera p\u00e5 relationer och strategi.<\/p>\n\n\n<hr class=\"wp-block-separator has-alpha-channel-opacity\"\/>\n\n\n\n<h3 class=\"wp-block-heading\">Verkligheten bakom dagens marknads- och f\u00f6rs\u00e4ljningsarbete<\/h3>\n\n\n<p>Marknadsf\u00f6rings- och s\u00e4ljteam \u00e4r utspridda. Fler kanaler. Mer konkurrens. H\u00f6gre f\u00f6rv\u00e4ntningar. Stramare budgetar.<\/p>\n<p>Marknadsf\u00f6rare l\u00e4gger ner timmar p\u00e5 inneh\u00e5ll som kanske inte ger resultat. S\u00e4ljare jagar leads som inte leder n\u00e5gonstans. Data lagras i system men ingen har tid att analysera dem.<\/p>\n<p>Bra leads blir kalla eftersom uppf\u00f6ljningen tog f\u00f6r l\u00e5ng tid. Kampanjer genomf\u00f6rs utan tydlig ROI. Alla \u00e4r upptagna, men resultaten motsvarar inte anstr\u00e4ngningarna.<\/p>\n<p>Inte f\u00f6r att folk inte \u00e4r bra p\u00e5 sina jobb. Utan f\u00f6r att det helt enkelt finns f\u00f6r mycket att g\u00f6ra och f\u00f6r f\u00e5 timmar.<\/p>\n\n\n<hr class=\"wp-block-separator has-alpha-channel-opacity\"\/>\n\n\n\n<h3 class=\"wp-block-heading\">D\u00e4r AI g\u00f6r verklig skillnad<\/h3>\n\n\n<p>AI fungerar b\u00e4st d\u00e4r det finns data och m\u00f6nster. Marknadsf\u00f6ring och f\u00f6rs\u00e4ljning har b\u00e5de och.<\/p>\n<p>H\u00e4r \u00e4r fem omr\u00e5den d\u00e4r AI ger verkliga resultat - inte hype, utan faktisk int\u00e4ktsp\u00e5verkan och tidsbesparingar.<\/p>\n\n\n<hr class=\"wp-block-separator has-alpha-channel-opacity\"\/>\n\n\n\n<h4 class=\"wp-block-heading\">1. Generering och kvalificering av leads<\/h4>\n\n\n<p>Alla leads \u00e4r inte lika. Vissa kommer att k\u00f6pa. De flesta kommer inte att g\u00f6ra det. Att r\u00e4kna ut vilka som \u00e4r vilka tar tid - tid som kan l\u00e4ggas p\u00e5 att s\u00e4lja.<\/p>\n<p>Under tiden f\u00f6rsvinner bra leads eftersom de inte uppm\u00e4rksammades tillr\u00e4ckligt snabbt.<\/p>\n\n\n<h5 class=\"wp-block-heading\">Vad AI g\u00f6r<\/h5>\n\n\n<p><strong>Scorar leads automatiskt.<\/strong><br \/>\nBaserat p\u00e5 beteende, demografi och historiska m\u00f6nster rangordnar AI vilka leads som \u00e4r mest ben\u00e4gna att k\u00f6pa. Heta leads dyker upp omedelbart.<\/p>\n\n<p><strong>Identifierar k\u00f6psignaler.<\/strong><br \/>\nBes\u00f6k p\u00e5 webbplatsen. Nedladdningar av inneh\u00e5ll. Engagemang via e-post. AI:n m\u00e4rker n\u00e4r n\u00e5gons beteende s\u00e4ger \"redo att k\u00f6pa\".<\/p>\n\n<p><strong>Kvalificerar leads med fr\u00e5gor.<\/strong><br \/>\nChatbots och formul\u00e4r som st\u00e4ller r\u00e4tt fr\u00e5gor. AI:n samlar in information om kvalifikationer innan en m\u00e4nniska blir inblandad.<\/p>\n\n<p><strong>Berikar blydata.<\/strong><br \/>\nF\u00f6retagets storlek. Bransch. Roll. AI fyller i information som saknas s\u00e5 att du vet vem du pratar med.<\/p>\n\n<p><strong>Dirigerar leads till r\u00e4tt person.<\/strong><br \/>\nEnterprise lead? G\u00e5r till f\u00f6retagsf\u00f6rs\u00e4ljning. Sm\u00e5f\u00f6retag? Ett annat team. AI:n matchar leads till s\u00e4ljare automatiskt.<\/p>\n\n\n<h5 class=\"wp-block-heading\">Vad detta inneb\u00e4r f\u00f6r dig<\/h5>\n\n\n<ul>\n<li><strong>F\u00f6r f\u00f6rs\u00e4ljningschefer:<\/strong> Representanterna \u00e4gnar tid \u00e5t leads som konverterar. H\u00f6gre vinstprocent. Kortare s\u00e4ljcykler.<\/li>\n<li><strong>F\u00f6r s\u00e4ljrepresentanter:<\/strong> Sluta gissa vem du ska ringa. Arbeta med de leads som har st\u00f6rst sannolikhet att avslutas. Mindre tid p\u00e5 \u00e5terv\u00e4ndsgr\u00e4nder.<\/li>\n<li><strong>F\u00f6r verksamheten:<\/strong> Snabbare respons p\u00e5 heta leads. B\u00e4ttre konverteringsgrad. L\u00e4gre kostnad per f\u00f6rv\u00e4rv.<\/li>\n<\/ul>\n\n<p><a href=\"https:\/\/www.leaplytics.de\/sv\/leadgenerering-kvalificering-ai\/\">L\u00e4s mer om AI f\u00f6r leadgenerering och kvalificering \u2192.<\/a><\/p>\n\n\n<hr class=\"wp-block-separator has-alpha-channel-opacity\"\/>\n\n\n\n<h4 class=\"wp-block-heading\">2. Skapande av inneh\u00e5ll och personalisering<\/h4>\n\n\n<p>Inneh\u00e5llet matar maskinen. E-postmeddelanden. Annonser. Sociala inl\u00e4gg. Landningssidor. Produktbeskrivningar. Alla beh\u00f6ver mer inneh\u00e5ll, snabbare.<\/p>\n<p>Och generiskt inneh\u00e5ll fungerar inte l\u00e4ngre. M\u00e4nniskor f\u00f6rv\u00e4ntar sig budskap som k\u00e4nns relevanta f\u00f6r dem.<\/p>\n\n\n<h5 class=\"wp-block-heading\">Vad AI g\u00f6r<\/h5>\n\n\n<p><strong>Utarbetar inneh\u00e5ll snabbt.<\/strong><br \/>\nE-postkopia. Annonsvariationer. Sociala inl\u00e4gg. Produktbeskrivningar. AI:n skriver f\u00f6rsta utkast p\u00e5 n\u00e5gra sekunder. Du redigerar och f\u00f6rfinar.<\/p>\n\n<p><strong>Skapar variationer i stor skala.<\/strong><br \/>\nBeh\u00f6ver du 10 versioner f\u00f6r A\/B-testning? Olika vinklar f\u00f6r olika segment? AI genererar alternativ snabbt.<\/p>\n\n<p><strong>Anpassar meddelanden.<\/strong><br \/>\nOlika kopior f\u00f6r olika branscher. Olika sm\u00e4rtpunkter f\u00f6r olika roller. AI skr\u00e4ddarsyr automatiskt budskap till olika segment.<\/p>\n\n<p><strong>Optimerar \u00e4mnesrader och rubriker.<\/strong><br \/>\nBaserat p\u00e5 vad som har fungerat tidigare f\u00f6resl\u00e5r AI:n kopior som \u00e4r mer ben\u00e4gna att f\u00e5 \u00f6ppningar och klick.<\/p>\n\n<p><strong>Uppr\u00e4tth\u00e5ller varum\u00e4rkets r\u00f6st.<\/strong><br \/>\nTr\u00e4na AI:n p\u00e5 din stil. Den l\u00e4r sig din ton och h\u00e5ller inneh\u00e5llet konsekvent.<\/p>\n\n\n<h5 class=\"wp-block-heading\">Vad detta inneb\u00e4r f\u00f6r dig<\/h5>\n\n\n<ul>\n<li><strong>F\u00f6r CMO:er:<\/strong> Mer inneh\u00e5ll utan fler anst\u00e4llda. Snabbare kampanjer. Konsekvent varum\u00e4rkesr\u00f6st i stor skala.<\/li>\n<li><strong>F\u00f6r marknadsf\u00f6rare:<\/strong> B\u00f6rja med utkast ist\u00e4llet f\u00f6r tomma sidor. \u00c4gna tid \u00e5t strategi, inte \u00e5t att skriva den 50:e e-postvarianten.<\/li>\n<li><strong>F\u00f6r verksamheten:<\/strong> Budskap som n\u00e5r fram. H\u00f6gre engagemang. B\u00e4ttre konvertering.<\/li>\n<\/ul>\n\n<p><em>Viktigt: AI utarbetar inneh\u00e5ll, men det \u00e4r fortfarande m\u00e4nniskor som \u00e4ger budskapet. Granska allt innan det skickas ut.<\/em><\/p>\n\n<p><a href=\"https:\/\/www.leaplytics.de\/sv\/innehallsskapande-personalisering-ai\/\">L\u00e4s mer om AI f\u00f6r skapande och personalisering av inneh\u00e5ll \u2192.<\/a><\/p>\n\n\n<hr class=\"wp-block-separator has-alpha-channel-opacity\"\/>\n\n\n\n<h4 class=\"wp-block-heading\">3. Kundinsikter och segmentering<\/h4>\n\n\n<p>Du har kunddata. Massor av dem. K\u00f6phistorik. Beteende. Demografi. Interaktioner.<\/p>\n<p>Men att omvandla data till insikter? Det kr\u00e4ver analys. Och smart segmentering? Det kr\u00e4ver \u00e4nnu mer.<\/p>\n\n\n<h5 class=\"wp-block-heading\">Vad AI g\u00f6r<\/h5>\n\n\n<p><strong>Analyserar kundbeteende.<\/strong><br \/>\nVad g\u00f6r kunderna innan de k\u00f6per? Innan de s\u00e4ger upp sig? AI hittar m\u00f6nster i beteendedata.<\/p>\n\n<p><strong>Skapar smarta segment.<\/strong><br \/>\nInte bara demografiska segment utan \u00e4ven beteendesegment. Kunder med h\u00f6gt v\u00e4rde. Kunder i riskzonen. K\u00f6pklara prospekt. AI:n grupperar m\u00e4nniskor efter vad de faktiskt g\u00f6r.<\/p>\n\n<p><strong>F\u00f6rutsp\u00e5r kundbortfall.<\/strong><br \/>\nVilka kunder kommer sannolikt att l\u00e4mna? AI:n uppt\u00e4cker varningssignaler s\u00e5 att du kan agera innan de \u00e4r borta.<\/p>\n\n<p><strong>Ber\u00e4knar livstidsv\u00e4rde.<\/strong><br \/>\nVilka kunder \u00e4r v\u00e4rda mest \u00f6ver tid? AI:n po\u00e4ngs\u00e4tter v\u00e4rdet s\u00e5 att du vet var du ska investera.<\/p>\n\n<p><strong>Identifierar m\u00f6jligheter till korsf\u00f6rs\u00e4ljning.<\/strong><br \/>\nBaserat p\u00e5 k\u00f6pm\u00f6nster f\u00f6resl\u00e5r AI vilka produkter som ska rekommenderas till vilka kunder.<\/p>\n\n\n<h5 class=\"wp-block-heading\">Vad detta inneb\u00e4r f\u00f6r dig<\/h5>\n\n\n<ul>\n<li><strong>F\u00f6r CMO:er:<\/strong> Marknadsf\u00f6ringsutgifterna g\u00e5r till r\u00e4tt personer. B\u00e4ttre avkastning p\u00e5 investerat kapital. Datadrivna beslut ist\u00e4llet f\u00f6r gissningar.<\/li>\n<li><strong>F\u00f6r marknadsf\u00f6rare:<\/strong> Segment som faktiskt betyder n\u00e5got. Kampanjer som \u00e4r inriktade p\u00e5 beteende, inte bara demografi.<\/li>\n<li><strong>F\u00f6r verksamheten:<\/strong> Beh\u00e5ll fler kunder. S\u00e4lj mer till befintliga kunder. F\u00f6rst\u00e5 vad som driver int\u00e4kterna.<\/li>\n<\/ul>\n\n<p><a href=\"https:\/\/www.leaplytics.de\/sv\/kundinsikter-segmentering-ai\/\">L\u00e4s mer om AI f\u00f6r kundinsikter och segmentering \u2192.<\/a><\/p>\n\n\n<hr class=\"wp-block-separator has-alpha-channel-opacity\"\/>\n\n\n\n<h4 class=\"wp-block-heading\">4. F\u00f6rs\u00e4ljningspipeline och prognoser<\/h4>\n\n\n<p>F\u00f6rs\u00e4ljningsprognoser \u00e4r delvis vetenskap, delvis \u00f6nsket\u00e4nkande. S\u00e4ljare \u00e4r optimistiska. Aff\u00e4rer glider iv\u00e4g. Prognosen \u00e4ndras varje vecka.<\/p>\n<p>Under tiden tillbringar cheferna timmar i CRM f\u00f6r att f\u00f6rs\u00f6ka ta reda p\u00e5 vad som verkligen kommer att h\u00e4nda.<\/p>\n\n\n<h5 class=\"wp-block-heading\">Vad AI g\u00f6r<\/h5>\n\n\n<p><strong>Scores deal sannolikhet.<\/strong><br \/>\nBaserat p\u00e5 aff\u00e4rens egenskaper och historiska m\u00f6nster f\u00f6rutsp\u00e5r AI vilka aff\u00e4rer som faktiskt kommer att slutf\u00f6ras. Inte magk\u00e4nsla och data.<\/p>\n\n<p><strong>Identifierar riskfyllda aff\u00e4rer.<\/strong><br \/>\nIngen aktivitet p\u00e5 tv\u00e5 veckor? Har intressenten tystnat? AI:n flaggar f\u00f6r aff\u00e4rer som beh\u00f6ver uppm\u00e4rksammas innan de d\u00f6r.<\/p>\n\n<p><strong>F\u00f6rb\u00e4ttrar prognosprecisionen.<\/strong><br \/>\nAI:n tittar p\u00e5 pipeline-data och historiska avslutsfrekvenser. Den ger dig en prognos baserad p\u00e5 m\u00f6nster, inte p\u00e5 l\u00f6ften.<\/p>\n\n<p><strong>F\u00f6resl\u00e5r n\u00e4sta b\u00e4sta \u00e5tg\u00e4rd.<\/strong><br \/>\nVem ska representanten ringa idag? Vilken aff\u00e4r beh\u00f6ver f\u00f6ljas upp? AI:n prioriterar aktiviteter som driver aff\u00e4rerna fram\u00e5t.<\/p>\n\n<p><strong>Analyserar m\u00f6nster f\u00f6r vinst\/f\u00f6rlust.<\/strong><br \/>\nVarf\u00f6r avslutas aff\u00e4rer? Varf\u00f6r f\u00f6rlorar de? AI:n hittar m\u00f6nster i dina vinster och f\u00f6rluster s\u00e5 att du kan upprepa det som fungerar.<\/p>\n\n\n<h5 class=\"wp-block-heading\">Vad detta inneb\u00e4r f\u00f6r dig<\/h5>\n\n\n<ul>\n<li><strong>F\u00f6r f\u00f6rs\u00e4ljningschefer:<\/strong> Prognoser du kan lita p\u00e5. Insyn i pipelines h\u00e4lsa. Coachning baserad p\u00e5 data.<\/li>\n<li><strong>F\u00f6r s\u00e4ljrepresentanter:<\/strong> Vet vilka aff\u00e4rer du ska fokusera p\u00e5. Tydliga prioriteringar. Mindre tid p\u00e5 att uppdatera CRM, mer tid p\u00e5 att s\u00e4lja.<\/li>\n<li><strong>F\u00f6r verksamheten:<\/strong> F\u00f6ruts\u00e4gbara int\u00e4kter. B\u00e4ttre planering. F\u00e4rre \u00f6verraskningar i slutet av kvartalet.<\/li>\n<\/ul>\n\n<p><a href=\"https:\/\/www.leaplytics.de\/sv\/prognostisering-av-forsaljningspipeline-ai\/\">L\u00e4s mer om AI f\u00f6r f\u00f6rs\u00e4ljningspipeline och prognoser \u2192.<\/a><\/p>\n\n\n<hr class=\"wp-block-separator has-alpha-channel-opacity\"\/>\n\n\n\n<h4 class=\"wp-block-heading\">5. Kampanjhantering och optimering<\/h4>\n\n\n<p>Kampanjerna k\u00f6rs \u00f6ver flera kanaler. E-post. Sociala. Betalda annonser. Inneh\u00e5ll. Evenemang. Alla har m\u00e4tv\u00e4rden. Alla beh\u00f6ver optimeras.<\/p>\n<p>Att ta reda p\u00e5 vad som fungerar - och varf\u00f6r - tar tid som ingen har.<\/p>\n\n\n<h5 class=\"wp-block-heading\">Vad AI g\u00f6r<\/h5>\n\n\n<p><strong>Sp\u00e5rar prestanda \u00f6ver olika kanaler.<\/strong><br \/>\nAlla dina kampanjer. Alla dina m\u00e4tv\u00e4rden. En enda vy. AI konsoliderar data s\u00e5 att du ser hela bilden.<\/p>\n\n<p><strong>Identifierar vad som fungerar.<\/strong><br \/>\nVilka kampanjer driver int\u00e4kter? Vilka kanaler presterar b\u00e4st f\u00f6r vilka segment? AI kopplar samman marknadsf\u00f6ringsaktiviteter med resultat.<\/p>\n\n<p><strong>Optimerar budgetallokeringen.<\/strong><br \/>\nSpendera mer d\u00e4r det fungerar. Mindre d\u00e4r det inte g\u00f6r det. AI:n f\u00f6resl\u00e5r hur budgeten kan flyttas f\u00f6r b\u00e4ttre ROI.<\/p>\n\n<p><strong>F\u00f6rutsp\u00e5r kampanjens resultat.<\/strong><br \/>\nInnan du startar ber\u00e4knar AI resultaten baserat p\u00e5 liknande tidigare kampanjer. F\u00e4rre \u00f6verraskningar.<\/p>\n\n<p><strong>Automatiserar rutinm\u00e4ssiga optimeringar.<\/strong><br \/>\nPausa underpresterande annonser. Justera bud. Flytta budget. AI:t hanterar taktiska justeringar automatiskt.<\/p>\n\n\n<h5 class=\"wp-block-heading\">Vad detta inneb\u00e4r f\u00f6r dig<\/h5>\n\n\n<ul>\n<li><strong>F\u00f6r CMO:er:<\/strong> Tydlig ROI p\u00e5 marknadsf\u00f6ringsutgifterna. Budgetbeslut baserade p\u00e5 data. Motivera investeringar med siffror.<\/li>\n<li><strong>F\u00f6r marknadsf\u00f6rare:<\/strong> Sluta gissa vad som fungerar. Optimera snabbare. L\u00e4gg tid p\u00e5 strategi, inte p\u00e5 kalkylblad.<\/li>\n<li><strong>F\u00f6r verksamheten:<\/strong> Mer int\u00e4kter per marknadsf\u00f6ringsdollar. Effektiv tillv\u00e4xt. Kampanjer som faktiskt ger resultat.<\/li>\n<\/ul>\n\n<p><em>Viktigt: AI optimerar baserat p\u00e5 data, men marknadsf\u00f6ringens omd\u00f6me \u00e4r fortfarande viktigt. AI:n k\u00e4nner inte till din varum\u00e4rkesstrategi - det g\u00f6r du.<\/em><\/p>\n\n<p><a href=\"https:\/\/www.leaplytics.de\/sv\/kampanjhantering-optimering-ai\/\">L\u00e4s mer om AI f\u00f6r kampanjhantering och kampanjoptimering \u2192.<\/a><\/p>\n\n\n<hr class=\"wp-block-separator has-alpha-channel-opacity\"\/>\n\n\n\n<h3 class=\"wp-block-heading\">Vad AI inte kommer att g\u00f6ra<\/h3>\n\n\n<p>L\u00e5t oss vara tydliga med gr\u00e4nserna.<\/p>\n<p>AI ers\u00e4tter inte marknadsf\u00f6rings- och f\u00f6rs\u00e4ljningspersonal. Den bygger inte upp relationer. Den f\u00f6rhandlar inte om komplexa avtal. Den skapar inte din varum\u00e4rkesstrategi eller hanterar den uppr\u00f6rda kunden som beh\u00f6ver en m\u00e4nsklig touch.<\/p>\n<p>Den sk\u00f6ter rutinerna. Po\u00e4ngs\u00e4ttningen. Utarbetandet. Analysen. Optimeringen.<\/p>\n<p>Ditt team t\u00e4nker fortfarande. De g\u00f6r det bara snabbare eftersom datan \u00e4r klar och grovjobbet \u00e4r gjort.<\/p>\n\n\n<hr class=\"wp-block-separator has-alpha-channel-opacity\"\/>\n\n\n\n<h3 class=\"wp-block-heading\">Slutsatsen<\/h3>\n\n\n<p>Marknads- och s\u00e4ljteam som anv\u00e4nder AI p\u00e5 ett bra s\u00e4tt arbetar inte mindre. De arbetar p\u00e5 ett annat s\u00e4tt.<\/p>\n<p>Ist\u00e4llet f\u00f6r att gissa vilka leads som ska ringas, bearbetar de de b\u00e4sta. Ist\u00e4llet f\u00f6r att skriva varje e-postmeddelande fr\u00e5n grunden, f\u00f6rfinar de utkasten. Ist\u00e4llet f\u00f6r att undra vad som fungerar, ser de det i datan.<\/p>\n<p>Resultatet blev..:<\/p>\n<ul>\n<li>H\u00f6gre konverteringsgrad<\/li>\n<li>Kortare s\u00e4ljcykler<\/li>\n<li>B\u00e4ttre ROI f\u00f6r marknadsf\u00f6ring<\/li>\n<li>S\u00e4lj- och marknadsf\u00f6ringspersonal som utf\u00f6r arbete som faktiskt kr\u00e4ver deras expertis<\/li>\n<li>Int\u00e4kts\u00f6kning utan proportionell \u00f6kning av antalet anst\u00e4llda<\/li>\n<\/ul>\n<p>Det handlar inte om att byta ut ditt team. Det handlar om att g\u00f6ra dem mer effektiva.<\/p>\n\n\n<hr class=\"wp-block-separator has-alpha-channel-opacity\"\/>\n\n\n\n<h3 class=\"wp-block-heading\">\u00c4r du redo att se vad som \u00e4r m\u00f6jligt?<\/h3>\n\n\n<p>Alla marknadsf\u00f6rings- och s\u00e4ljteam \u00e4r olika. Din tratt \u00e4r inte som alla andras. Dina kunder har sina egna m\u00f6nster. Dina prioriteringar beror p\u00e5 ditt f\u00f6retag.<\/p>\n<p>Vi s\u00e4ljer inte l\u00f6sningar som passar alla i samma storlek. Vi tittar p\u00e5 dina specifika utmaningar. Vi identifierar var AI faktiskt kan hj\u00e4lpa till. Vi bygger system som passar din process.<\/p>\n<p>Ingen hype. Inga l\u00f6ften vi inte kan h\u00e5lla. Bara praktisk AI som hj\u00e4lper dig att v\u00e4xa.<\/p>\n\n<p><a href=\"https:\/\/www.leaplytics.de\/sv\/kontakt\/\">L\u00e5t oss prata om din marknadsf\u00f6ring och f\u00f6rs\u00e4ljning<\/a><\/p>\n\n<p><a href=\"https:\/\/www.leaplytics.de\/sv\/artificiell-intelligens\/\">Se alla AI-tj\u00e4nster<\/a><\/p>","protected":false},"excerpt":{"rendered":"<p>Ditt marknads- och s\u00e4ljteam har f\u00f6r mycket att g\u00f6ra. AI kan hj\u00e4lpa till. Marknads- och f\u00f6rs\u00e4ljningsarbete \u00e4r m\u00e4nniskors arbete. Ledtr\u00e5dar. Prospects. Kunder. Kampanjer. Meddelanden. En st\u00e4ndig str\u00e4van efter att hitta, \u00f6vertyga och beh\u00e5lla k\u00f6pare. Det mesta av det f\u00f6ljer m\u00f6nster. G\u00f6r po\u00e4ng p\u00e5 leadet. Skriv e-postmeddelandet. Segmentera listan. Uppdatera CRM-systemet. F\u00f6lj upp igen. AI \u00e4r ... <\/p>","protected":false},"author":2,"featured_media":0,"parent":0,"menu_order":0,"comment_status":"closed","ping_status":"closed","template":"","meta":{"footnotes":""},"class_list":["post-14402","page","type-page","status-publish","hentry","latest_post"],"_links":{"self":[{"href":"https:\/\/www.leaplytics.de\/sv\/wp-json\/wp\/v2\/pages\/14402","targetHints":{"allow":["GET"]}}],"collection":[{"href":"https:\/\/www.leaplytics.de\/sv\/wp-json\/wp\/v2\/pages"}],"about":[{"href":"https:\/\/www.leaplytics.de\/sv\/wp-json\/wp\/v2\/types\/page"}],"author":[{"embeddable":true,"href":"https:\/\/www.leaplytics.de\/sv\/wp-json\/wp\/v2\/users\/2"}],"replies":[{"embeddable":true,"href":"https:\/\/www.leaplytics.de\/sv\/wp-json\/wp\/v2\/comments?post=14402"}],"version-history":[{"count":3,"href":"https:\/\/www.leaplytics.de\/sv\/wp-json\/wp\/v2\/pages\/14402\/revisions"}],"predecessor-version":[{"id":14492,"href":"https:\/\/www.leaplytics.de\/sv\/wp-json\/wp\/v2\/pages\/14402\/revisions\/14492"}],"wp:attachment":[{"href":"https:\/\/www.leaplytics.de\/sv\/wp-json\/wp\/v2\/media?parent=14402"}],"curies":[{"name":"wp","href":"https:\/\/api.w.org\/{rel}","templated":true}]}}