{"id":14425,"date":"2025-12-19T01:29:43","date_gmt":"2025-12-19T00:29:43","guid":{"rendered":"https:\/\/www.leaplytics.de\/?page_id=14425"},"modified":"2025-12-19T01:29:44","modified_gmt":"2025-12-19T00:29:44","slug":"revision-efterlevnad-ai","status":"publish","type":"page","link":"https:\/\/www.leaplytics.de\/sv\/revision-efterlevnad-ai\/","title":{"rendered":"Revision &amp; efterlevnad AI"},"content":{"rendered":"<h2>AI f\u00f6r revision och efterlevnad: Kontinuerlig \u00f6vervakning i st\u00e4llet f\u00f6r panik vid en viss tidpunkt<\/h2>\n\n<p>Revisioner \u00e4r stressande. Revisorerna kommer. Du m\u00e5ste hitta styrkande dokumentation f\u00f6r tusentals transaktioner. Testa kontroller. Bevisa att processer har f\u00f6ljts. F\u00f6rklara undantag.<\/p>\n<p>Du f\u00f6rs\u00f6ker samla bevis. Ta prover. Bygga upp revisionsfiler. Svara p\u00e5 fr\u00e5gor. Hoppas att inget viktigt hittas.<\/p>\n<p>Intern kontroll kr\u00e4ver st\u00e4ndig \u00f6vervakning. \u00c5tskillnad av arbetsuppgifter. Arbetsfl\u00f6den f\u00f6r godk\u00e4nnande. \u00c5tkomstr\u00e4ttigheter. Granskning av journalposter. De flesta f\u00f6retag kontrollerar en g\u00e5ng om \u00e5ret under revisionen. Problem f\u00f6rblir ouppt\u00e4ckta i flera m\u00e5nader.<\/p>\n<p>Regelverken \u00e4ndras hela tiden. Nya redovisningsstandarder. Uppdaterade skatteregler. Branschkrav. N\u00e5gon m\u00e5ste h\u00e5lla reda p\u00e5 vad som g\u00e4ller f\u00f6r dig och se till att det efterlevs.<\/p>\n<p>Det h\u00e4r \u00e4r kontrollarbete. Uppt\u00e4ckt av m\u00f6nster. Identifiering av undantag. \u00d6vervakning av regler. AI \u00e4r byggt f\u00f6r just detta.<\/p>\n<p>AI ers\u00e4tter inte revisorer eller bed\u00f6mningar. Den \u00f6vervakar transaktioner kontinuerligt. Flaggar f\u00f6r undantag n\u00e4r de intr\u00e4ffar. F\u00f6rbereder dokumentation automatiskt. L\u00e5ter dig hitta problem tidigt ist\u00e4llet f\u00f6r att uppt\u00e4cka dem under revisionen.<\/p>\n\n\n<hr class=\"wp-block-separator has-alpha-channel-opacity\"\/>\n\n\n\n<h3 class=\"wp-block-heading\">Utmaningen f\u00f6r revision och efterlevnad<\/h3>\n\n\n<p>Traditionell revision och efterlevnad sker vid en viss tidpunkt:<\/p>\n\n<p><strong>\u00c5rlig revision:<\/strong><br \/>\nRevisorerna dyker upp. Testa ett urval av transaktioner. Titta p\u00e5 saldon vid m\u00e5nadsslut eller \u00e5rsslut. Kontrollera att processer f\u00f6ljdes. Alla problem de hittar h\u00e4nde f\u00f6r flera m\u00e5nader sedan. F\u00f6r sent att \u00e5tg\u00e4rda enkelt.<\/p>\n\n<p><strong>Kvartals\u00f6versikter:<\/strong><br \/>\nN\u00e5got mer frekvent, men fortfarande en punkt i tiden. Att titta bak\u00e5t. Att hitta problem efter att de redan har p\u00e5verkat dina finanser.<\/p>\n\n<p><strong>Kontrolltestning:<\/strong><br \/>\nTesta ett urval av 25 eller 50 transaktioner. Hoppas att urvalet representerar hela populationen. Hoppas att inget har slunkit igenom bland de andra tusentals transaktionerna.<\/p>\n\n<p><strong>Manuell \u00f6vervakning:<\/strong><br \/>\nControllers och redovisningschefer g\u00f6r stickprovskontroller. Granska journalposter. Letar efter ovanliga transaktioner. Men de kan inte kontrollera allt. De f\u00f6rlitar sig p\u00e5 stickprov och bed\u00f6mningar.<\/p>\n\n<p><strong>Sp\u00e5rning av efterlevnad:<\/strong><br \/>\nN\u00e5gon m\u00e5ste h\u00e5lla koll p\u00e5 f\u00f6r\u00e4ndringar i regelverket. Fastst\u00e4lla p\u00e5verkan. Uppdatera processer. Utbilda personal. Det \u00e4r mycket att h\u00e5lla reda p\u00e5.<\/p>\n\n<p>Resultatet: Problemen d\u00f6ljs fram till revisionen. Kontrollerna kanske inte fungerar som avsett under flera m\u00e5nader innan n\u00e5gon m\u00e4rker det. Problem med efterlevnad ackumuleras.<\/p>\n\n<p>AI \u00e4ndrar detta fr\u00e5n periodisk kontroll till kontinuerlig \u00f6vervakning.<\/p>\n\n\n<hr class=\"wp-block-separator has-alpha-channel-opacity\"\/>\n\n\n\n<h3 class=\"wp-block-heading\">Vad AI g\u00f6r f\u00f6r Audit &amp; Compliance<\/h3>\n\n\n\n<h4 class=\"wp-block-heading\">\u00d6vervakar transaktioner kontinuerligt<\/h4>\n\n\n<p>Ist\u00e4llet f\u00f6r stickprov kontrollerar AI:n varje transaktion. Inte varje m\u00e5nad. Inte kvartalsvis. Kontinuerligt.<\/p>\n\n<p><strong>Regelbaserad \u00f6vervakning:<\/strong><br \/>\nDu definierar regler. AI:t kontrollerar varje transaktion mot dem:<\/p>\n<ul>\n<li>Journalposter \u00f6ver $50K beh\u00f6ver godk\u00e4nnande<\/li>\n<li>Utgiftsrapporter som \u00f6verstiger policyns gr\u00e4nser m\u00e5ste godk\u00e4nnas av chefen<\/li>\n<li>Leverant\u00f6rsbetalningar utan PO beh\u00f6ver f\u00f6rklaras<\/li>\n<li>Transaktioner mellan koncernbolag m\u00e5ste balansera<\/li>\n<li>Int\u00e4ktsredovisning m\u00e5ste f\u00f6lja kriterierna<\/li>\n<\/ul>\n\n<p>Regel\u00f6vertr\u00e4delse? AI:n flaggar f\u00f6r det omedelbart. Inte under n\u00e4sta m\u00e5nads granskning. Just nu.<\/p>\n\n<p><strong>100% testning, inte provtagning:<\/strong><br \/>\nRevisorer testar stickprov eftersom det \u00e4r om\u00f6jligt att testa allt manuellt. AI:n testar allt. Varje enskild transaktion. Varje dag.<\/p>\n\n<p>Om det finns ett problem uppt\u00e4cker man det omedelbart. Om det inte finns n\u00e5got problem har du bevis f\u00f6r att kontrollerna fungerar f\u00f6r hela populationen, inte bara f\u00f6r ett urval.<\/p>\n\n<p><strong>Varningar i realtid:<\/strong><br \/>\nProblem uppt\u00e4ckt? Meddelandet skickas ut omedelbart. E-post, Slack, Teams, mobil push. Vad som \u00e4n fungerar f\u00f6r ditt team. Problem \u00e5tg\u00e4rdas medan de \u00e4r f\u00e4rska och m\u00f6jliga att \u00e5tg\u00e4rda.<\/p>\n\n\n<h4 class=\"wp-block-heading\">Uppt\u00e4cker avvikelser automatiskt<\/h4>\n\n\n<p>Vissa problem bryter inte mot specifika regler. De \u00e4r bara ovanliga. AI:n l\u00e4gger m\u00e4rke till det.<\/p>\n\n<p><strong>Statistiska anomalier:<\/strong><br \/>\nTransaktionsbeloppet \u00e4r 3 standardavvikelser fr\u00e5n medelv\u00e4rdet f\u00f6r detta konto. Kan vara legitimt. Kan vara ett fel. V\u00e4rt att kontrollera.<\/p>\n\n<p><strong>M\u00f6nster bryts:<\/strong><br \/>\nDenna s\u00e4ljare f\u00e5r normalt betalt $5 000-$7 000 varje m\u00e5nad. Den h\u00e4r m\u00e5naden \u00e4r det $25,000. Vad har f\u00f6r\u00e4ndrats?<\/p>\n\n<p><strong>Tidsm\u00e4ssiga avvikelser:<\/strong><br \/>\nStor dagboksanteckning publicerad kl. 23.47 p\u00e5 kvartalets sista dag. Kan vara bra. Kan vara vinsthantering. Flagga f\u00f6r granskning.<\/p>\n\n<p><strong>Anomalier i relationen:<\/strong><br \/>\nInt\u00e4kterna \u00f6kade 20% men fraktkostnaderna var of\u00f6r\u00e4ndrade. Normalt r\u00f6r de sig tillsammans. Varf\u00f6r inte den h\u00e4r g\u00e5ngen?<\/p>\n\n<p><strong>Avvikelser i anv\u00e4ndarbeteende:<\/strong><br \/>\nDenna anv\u00e4ndare publicerar vanligtvis 5-10 dagboksinl\u00e4gg per m\u00e5nad. De postade 47 den h\u00e4r m\u00e5naden. Vad \u00e4r det som h\u00e4nder?<\/p>\n\n<p>AI:n anklagar inte. Den flaggar. \"Det h\u00e4r ser ovanligt ut. N\u00e5gon borde kolla upp det.\" Ditt team unders\u00f6ker och bekr\u00e4ftar antingen att allt \u00e4r bra eller uppt\u00e4cker ett problem.<\/p>\n\n\n<h4 class=\"wp-block-heading\">Testar kontroller automatiskt<\/h4>\n\n\n<p>Interna kontroller beh\u00f6ver testas. Vanligtvis g\u00f6rs detta \u00e5rligen eller kvartalsvis genom stickprov. AI testar kontinuerligt.<\/p>\n\n<p><strong>\u00c5tskillnad av arbetsuppgifter:<\/strong><br \/>\nAI kontrollerar: Var det samma person som skapade och godk\u00e4nde? \u00c4r det samma person som best\u00e4ller och tar emot? Var det samma person som bokf\u00f6rde och bokf\u00f6rde? \u00d6vertr\u00e4delser flaggas omedelbart.<\/p>\n\n<p><strong>Arbetsfl\u00f6den f\u00f6r godk\u00e4nnande:<\/strong><br \/>\nHar godk\u00e4nnande erh\u00e5llits f\u00f6re bearbetning? Kom godk\u00e4nnandet fr\u00e5n en beh\u00f6rig person? Var beloppet f\u00f6r godk\u00e4nnandet tillr\u00e4ckligt f\u00f6r transaktionens storlek? Varje transaktion har kontrollerats.<\/p>\n\n<p><strong>\u00c5tkomstkontroll:<\/strong><br \/>\nVem har tillg\u00e5ng till vad? Har n\u00e5gons \u00e5tkomst ut\u00f6kats ut\u00f6ver dennes roll? \u00c4r uppsagda medarbetare fortfarande aktiva i systemen? AI \u00f6vervakar kontinuerligt.<\/p>\n\n<p><strong>\u00d6verensst\u00e4mmelse med avst\u00e4mningsreglerna:<\/strong><br \/>\nG\u00f6rs kontoavst\u00e4mningar i tid? Granskas avst\u00e4mningarna? Rensas avst\u00e4mningsposter omedelbart? AI sp\u00e5rar allt detta.<\/p>\n\n<p><strong>Efterlevnad av policy:<\/strong><br \/>\nUtl\u00e4ggspolicyn s\u00e4ger m\u00e5ltider under $75. N\u00e5gon skickar in $120. Enligt policyn m\u00e5ste internationella resor godk\u00e4nnas av VP. N\u00e5gon bokade utan det. AI uppt\u00e4cker \u00f6vertr\u00e4delser av policyn.<\/p>\n\n<p>Resultat: Du vet att kontrollerna fungerar, eller s\u00e5 vet du exakt vilka som inte g\u00f6r det och kan \u00e5tg\u00e4rda dem omedelbart.<\/p>\n\n\n<h4 class=\"wp-block-heading\">F\u00f6rbereder revisionsdokumentation<\/h4>\n\n\n<p>N\u00e4r revisorerna kommer ber de om dokumentation. AI:n har den redo.<\/p>\n\n<p><strong>Automatiska verifieringskedjor:<\/strong><br \/>\nF\u00f6r varje transaktion dokumenterar AI:<\/p>\n<ul>\n<li>Vem skapade den och n\u00e4r<\/li>\n<li>Vem godk\u00e4nde det och n\u00e4r?<\/li>\n<li>Vilken st\u00f6djande dokumentation finns<\/li>\n<li>Vilka kontroller som testades och resultaten<\/li>\n<li>Eventuella undantag och hur de l\u00f6stes<\/li>\n<\/ul>\n\n<p>Komplett sp\u00e5r. Ingen manuell loggning beh\u00f6vs.<\/p>\n\n<p><strong>Organiserad bevisning:<\/strong><br \/>\nRevisorer vill se transaktioner per typ? Per belopp? Efter datum? AI organiserar allt p\u00e5 det s\u00e4tt som de vill. Du beh\u00f6ver inte leta igenom filer.<\/p>\n\n<p><strong>Undantagsrapporter:<\/strong><br \/>\nH\u00e4r \u00e4r alla transaktioner som br\u00f6t mot kontrollerna. H\u00e4r \u00e4r hur var och en l\u00f6stes. H\u00e4r \u00e4r godk\u00e4nnandet f\u00f6r att \u00e5sidos\u00e4tta policyn. Allt dokumenterat och organiserat.<\/p>\n\n<p><strong>Kontrollera testresultaten:<\/strong><br \/>\nDu testade varje transaktion, inte ett urval. H\u00e4r \u00e4r testmetodiken. H\u00e4r \u00e4r resultaten. H\u00e4r \u00e4r bevisen f\u00f6r att kontrollerna fungerar. Ingen extrapolering fr\u00e5n stickprov beh\u00f6vs.<\/p>\n\n<p><strong>St\u00f6djande dokument:<\/strong><br \/>\nBeh\u00f6vs faktura f\u00f6r den h\u00e4r transaktionen? AI har den l\u00e4nkad. PO? L\u00e4nkad. E-postmeddelande om godk\u00e4nnande? L\u00e4nkad. Kvitto? L\u00e4nkat. Allt p\u00e5 ett st\u00e4lle.<\/p>\n\n<p>I st\u00e4llet f\u00f6r att \u00e4gna tv\u00e5 veckor \u00e5t att samla in revisionsdokumentation \u00e4gnar du tv\u00e5 timmar \u00e5t att granska det som AI redan har sammanst\u00e4llt.<\/p>\n\n\n<h4 class=\"wp-block-heading\">F\u00f6ljer f\u00f6r\u00e4ndringar i lagstiftningen<\/h4>\n\n\n<p>Best\u00e4mmelserna \u00e4ndras st\u00e4ndigt. AI hj\u00e4lper dig att h\u00e5lla j\u00e4mna steg.<\/p>\n\n<p><strong>\u00d6vervakar relevanta k\u00e4llor:<\/strong><br \/>\nFASB-uttalanden. Uppdateringar fr\u00e5n IRS. Tillk\u00e4nnagivanden fr\u00e5n branschreglerande myndigheter. F\u00f6r\u00e4ndringar i statliga skatter. AI \u00f6vervakar k\u00e4llor som \u00e4r relevanta f\u00f6r din verksamhet.<\/p>\n\n<p><strong>Filter f\u00f6r det som \u00e4r viktigt:<\/strong><br \/>\nAlla f\u00f6r\u00e4ndringar p\u00e5verkar inte dig. AI:n identifierar vad som \u00e4r relevant utifr\u00e5n din bransch, struktur och verksamhet.<\/p>\n\n<p><strong>Sammanfattar effekten:<\/strong><br \/>\nNy standard f\u00f6r redovisning av leasingavtal? AI sammanfattar vad som f\u00f6r\u00e4ndrats och hur det kan p\u00e5verka din ekonomi. Ingen juridisk r\u00e5dgivning, men en v\u00e4linformerad sammanfattning.<\/p>\n\n<p><strong>Flaggor deadlines:<\/strong><br \/>\nDatum f\u00f6r ikrafttr\u00e4dande. Tidsfrister f\u00f6r efterlevnad. Krav p\u00e5 arkivering. AI sp\u00e5rar viktiga datum s\u00e5 att inget missas.<\/p>\n\n<p><strong>F\u00f6resl\u00e5r processf\u00f6r\u00e4ndringar:<\/strong><br \/>\nBaserat p\u00e5 regel\u00e4ndringen f\u00f6resl\u00e5r AI vilka processer som kan beh\u00f6va uppdateras. Utg\u00e5ngspunkt f\u00f6r ditt teams planering av efterlevnad.<\/p>\n\n<p>Du beh\u00f6ver fortfarande expertis f\u00f6r att tolka och implementera. Men AI:n ser till att du f\u00e5r reda p\u00e5 f\u00f6r\u00e4ndringar tidigt och inte missar n\u00e5got.<\/p>\n\n\n<h4 class=\"wp-block-heading\">Identifierar riskindikatorer f\u00f6r bedr\u00e4gerier<\/h4>\n\n\n<p>AI kan inte bevisa bedr\u00e4geri. Men den kan flagga f\u00f6r m\u00f6nster som kr\u00e4ver utredning.<\/p>\n\n<p><strong>Ovanliga transaktionsm\u00f6nster:<\/strong><br \/>\nLeverant\u00f6rsfakturor strax under tr\u00f6skelv\u00e4rden f\u00f6r godk\u00e4nnande. Upprepade belopp i runda dollar. Transaktioner p\u00e5 helger eller helgdagar. Sekventiella fakturanummer fr\u00e5n olika leverant\u00f6rer.<\/p>\n\n<p><strong>Beteendem\u00e4ssiga varningsflaggor:<\/strong><br \/>\nAnv\u00e4ndare har tillg\u00e5ng till system vid ovanliga tidpunkter. Ovanlig volym av manuella journalposter. \u00c5sidos\u00e4ttande av kontroller. \u00c5tkomst till system ut\u00f6ver normal roll.<\/p>\n\n<p><strong>Leverant\u00f6rens r\u00f6da flaggor:<\/strong><br \/>\nNy leverant\u00f6r utan anbudsf\u00f6rfarande. Leverant\u00f6rens adress matchar de anst\u00e4lldas adress. Flera leverant\u00f6rer med samma bankkonto. Leverant\u00f6r som bara fakturerar, men aldrig levererar.<\/p>\n\n<p><strong>Finansiella varningsflaggor:<\/strong><br \/>\nLagerjusteringar skrivs alltid ned, aldrig upp. F\u00f6rs\u00e4ljningsreturer direkt efter kvartalsslutet. Omklassificeringar mellan konton n\u00e4ra periodens slut.<\/p>\n\n<p>De h\u00e4r bevisar ingenting. Men de \u00e4r v\u00e4rda att unders\u00f6ka. AI:n uppm\u00e4rksammar dem s\u00e5 att de inte g\u00f6mmer sig bland tusentals normala transaktioner.<\/p>\n\n\n<hr class=\"wp-block-separator has-alpha-channel-opacity\"\/>\n\n\n\n<h3 class=\"wp-block-heading\">Vad detta inneb\u00e4r f\u00f6r dig<\/h3>\n\n\n\n<h4 class=\"wp-block-heading\">F\u00f6r CFO:er och finanschefer<\/h4>\n\n\n<p><strong>Sov b\u00e4ttre f\u00f6re vinstsamtal:<\/strong><br \/>\nN\u00e4r kontrollerna \u00f6vervakas kontinuerligt och problem uppt\u00e4cks tidigt blir det f\u00e4rre \u00f6verraskningar. Mindre \"vi hittade ett problem under revisionsf\u00f6rberedelserna\"-panik.<\/p>\n\n<p><strong>L\u00e4gre revisionskostnader:<\/strong><br \/>\nN\u00e4r dokumentationen \u00e4r organiserad och kontrollerna testas kontinuerligt g\u00e5r revisionerna snabbare. Snabbare revisioner kostar mindre. Vissa f\u00f6retag sparar 30-50% p\u00e5 revisionsavgifter.<\/p>\n\n<p><strong>B\u00e4ttre intern kontroll:<\/strong><br \/>\nTestning vid en viss tidpunkt visar bara att kontrollerna fungerade f\u00f6r urvalet. Kontinuerlig \u00f6vervakning visar att de fungerar f\u00f6r allt. B\u00e4ttre bevis. H\u00f6gre f\u00f6rtroende.<\/p>\n\n<p><strong>Tidig uppt\u00e4ckt av problem:<\/strong><br \/>\nHitta problem p\u00e5 dagar, inte m\u00e5nader. \u00c5tg\u00e4rda dem medan de \u00e4r sm\u00e5. Undvik v\u00e4sentliga svagheter som kr\u00e4ver offentligg\u00f6rande.<\/p>\n\n<p><strong>F\u00f6rtroende f\u00f6r regelefterlevnad:<\/strong><br \/>\nDu vet att du \u00e4r medveten om relevanta f\u00f6r\u00e4ndringar. Du vet att deadlines f\u00f6ljs. Du vet att processer uppdateras. Mindre oro f\u00f6r att missa n\u00e5got viktigt.<\/p>\n\n\n<h4 class=\"wp-block-heading\">F\u00f6r controllers och redovisningschefer<\/h4>\n\n\n<p><strong>Sluta kryptera under revisionen:<\/strong><br \/>\nDokumentationen \u00e4r klar. Kontrolltestning \u00e4r utf\u00f6rd. Avvikelserapporter finns. Du granskar ist\u00e4llet f\u00f6r att sammanst\u00e4lla.<\/p>\n\n<p><strong>F\u00e5nga upp fel tidigt:<\/strong><br \/>\nFel GL-kod? Uppt\u00e4cks omedelbart. Saknas godk\u00e4nnande? Uppt\u00e4cks omedelbart. \u00c5tg\u00e4rda det nu ist\u00e4llet f\u00f6r att f\u00f6rklara det f\u00f6r revisorerna senare.<\/p>\n\n<p><strong>Bevis f\u00f6r att kontrollerna fungerar:<\/strong><br \/>\nInte \"vi testade 25 transaktioner och de klarade sig\". Ist\u00e4llet \"vi testade alla 15.000 transaktionerna kontinuerligt och h\u00e4r \u00e4r resultaten\".<\/p>\n\n<p><strong>Fokusera p\u00e5 f\u00f6rb\u00e4ttringar, inte brandbek\u00e4mpning:<\/strong><br \/>\nN\u00e4r problem flaggas omedelbart \u00e5tg\u00e4rdar du grundorsakerna i st\u00e4llet f\u00f6r att st\u00e4ndigt uppt\u00e4cka nya problem.<\/p>\n\n<p><strong>B\u00e4ttre ledningsrapportering:<\/strong><br \/>\nRapportera till CFO och revisionskommitt\u00e9n om kontrollens effektivitet med faktiska data, inte uppskattningar fr\u00e5n stickprov.<\/p>\n\n\n<h4 class=\"wp-block-heading\">F\u00f6r revisorer (interna och externa)<\/h4>\n\n\n<p><strong>B\u00e4ttre revisionsbevis:<\/strong><br \/>\nPopulationstestning ist\u00e4llet f\u00f6r stickprov. Fullst\u00e4ndiga verifieringskedjor. Organiserad dokumentation. Detta \u00e4r b\u00e4ttre bevis f\u00f6r revisionsuttalanden.<\/p>\n\n<p><strong>Snabbare revisioner:<\/strong><br \/>\nMindre tid f\u00f6r att samla in information. Mer tid p\u00e5 bed\u00f6mning och riskomr\u00e5den. Revisioner slutf\u00f6rs snabbare.<\/p>\n\n<p><strong>Fokusera p\u00e5 bed\u00f6mningsomr\u00e5den:<\/strong><br \/>\nRutinm\u00e4ssiga kontrolltester g\u00f6rs. \u00c4gna tid \u00e5t uppskattningar, v\u00e4rderingar och omr\u00e5den som omfattas av ledningens bed\u00f6mning. G\u00f6r revisionsarbete med h\u00f6gre v\u00e4rde.<\/p>\n\n<p><strong>M\u00f6jligheter till fortl\u00f6pande kvalitetss\u00e4kring:<\/strong><br \/>\nF\u00f6r internrevisionen m\u00f6jligg\u00f6r detta kontinuerliga kontrollprogram. \u00d6vervakning under hela \u00e5ret i st\u00e4llet f\u00f6r periodiska revisioner.<\/p>\n\n\n<hr class=\"wp-block-separator has-alpha-channel-opacity\"\/>\n\n\n\n<h3 class=\"wp-block-heading\">Vanliga scenarier f\u00f6r revision och efterlevnad<\/h3>\n\n\n\n<h4 class=\"wp-block-heading\">Uppdelning av arbetsuppgifter \u00d6vervakning<\/h4>\n\n\n<p>Din policy: Samma person kan inte skapa och godk\u00e4nna fakturor.<\/p>\n\n<p>AI:n \u00f6vervakar varje faktura:<\/p>\n<ol>\n<li>Faktura skapad av anv\u00e4ndare A<\/li>\n<li>Faktura godk\u00e4nd av anv\u00e4ndare A<\/li>\n<li>\u00d6vertr\u00e4delse av ansvarsf\u00f6rdelning uppt\u00e4ckt<\/li>\n<li>Meddelande skickat till redovisningschef<\/li>\n<li>Chefen unders\u00f6ker saken: Anv\u00e4ndare A ersatte n\u00e5gon som var p\u00e5 semester och gl\u00f6mde att skicka vidare till ett annat godk\u00e4nnande<\/li>\n<li>Fakturan omdirigeras till l\u00e4mplig godk\u00e4nnare<\/li>\n<li>Incident loggas f\u00f6r diskussion om kontrollsvaghet<\/li>\n<\/ol>\n\n<p>Problemet uppt\u00e4cktes och \u00e5tg\u00e4rdades omedelbart. Uppt\u00e4cktes inte under revisionen vid \u00e5rets slut.<\/p>\n\n\n<h4 class=\"wp-block-heading\">Uppt\u00e4ckt av ovanlig journalpost<\/h4>\n\n\n<p>AI \u00f6vervakar journalanteckningar:<\/p>\n<ol>\n<li>Stor manuell journalpost bokf\u00f6rd sista dagen i kvartalet<\/li>\n<li>Bokf\u00f6ringen v\u00e4nds f\u00f6rsta dagen i n\u00e4sta kvartal<\/li>\n<li>Ing\u00e5ng har minimal dokumentation<\/li>\n<li>M\u00f6nster matchar riskindikatorer f\u00f6r resultatstyrning<\/li>\n<li>Flaggad f\u00f6r granskning av controller<\/li>\n<li>Controller unders\u00f6ker: Legitim periodisering f\u00f6r k\u00e4nd kostnad, otillr\u00e4cklig dokumentation<\/li>\n<li>Ytterligare dokumentation har erh\u00e5llits och bifogats<\/li>\n<li>Registrering granskas och godk\u00e4nns retroaktivt<\/li>\n<\/ol>\n\n<p>Legitim inresa, men AI uppt\u00e4ckte svagheter i dokumentationen innan revisionen gjorde det.<\/p>\n\n\n<h4 class=\"wp-block-heading\">Vendor Master bedr\u00e4geribek\u00e4mpning<\/h4>\n\n\n<p>Ny leverant\u00f6r har lagts till i systemet:<\/p>\n<ol>\n<li>AI kontrollerar leverant\u00f6rers adresser mot anst\u00e4lldas adresser<\/li>\n<li>Matchning hittades: leverant\u00f6rens adress matchar AP-handl\u00e4ggarens hemadress<\/li>\n<li>Omedelbar varning till controller och CFO<\/li>\n<li>Utredning inledd<\/li>\n<li>Det visade sig att en anst\u00e4lld skapat en skalleverant\u00f6r f\u00f6r att skicka falska fakturor<\/li>\n<li>Bedr\u00e4gerier stoppade innan f\u00f6rsta betalningen behandlades<\/li>\n<\/ol>\n\n<p>Utan AI-\u00f6vervakning hade detta kunnat f\u00f6rbli ouppt\u00e4ckt i m\u00e5nader eller \u00e5r.<\/p>\n\n\n<h4 class=\"wp-block-heading\">F\u00f6rberedelse av revision<\/h4>\n\n\n<p>Revisorerna anl\u00e4nder f\u00f6r den \u00e5rliga revisionen:<\/p>\n<ol>\n<li>Beg\u00e4r PBC-lista (tillhandah\u00e5lls av kunden)<\/li>\n<li>AI genererar det mesta av PBC automatiskt:<\/li>\n<li>Trialbalans? Genererad.<\/li>\n<li>Lead-scheman? Genererad.<\/li>\n<li>Exempel p\u00e5 transaktioner per kategori? Genererad.<\/li>\n<li>Kontroll av testresultat? Redan gjort f\u00f6r 100% av befolkningen.<\/li>\n<li>Undantagsrapporter? Klart.<\/li>\n<li>St\u00f6djande dokumentation? Organiserad och l\u00e4nkad.<\/li>\n<\/ol>\n\n<p>Det som tidigare tog tv\u00e5 veckor av f\u00f6rberedelsetid tar nu tv\u00e5 dagar att granska och slutf\u00f6ra.<\/p>\n\n\n<hr class=\"wp-block-separator has-alpha-channel-opacity\"\/>\n\n\n\n<h3 class=\"wp-block-heading\">Vad AI inte kan g\u00f6ra<\/h3>\n\n\n<p>AI \u00e4r kraftfullt f\u00f6r \u00f6vervakning och dokumentation. Men det har tydliga gr\u00e4nser:<\/p>\n\n<p><strong>Den kan inte g\u00f6ra juridiska bed\u00f6mningar:<\/strong><br \/>\n\u00c4r denna redovisning f\u00f6renlig med god redovisningssed? B\u00f6r vi l\u00e4mna upplysningar om detta? Dessa fr\u00e5gor kr\u00e4ver redovisningsexpertis och omd\u00f6me.<\/p>\n\n<p><strong>Det kan inte utforma kontroller:<\/strong><br \/>\nAI kan testa om kontrollerna fungerar. Den kan inte utforma vilka kontroller du b\u00f6r ha. Det kr\u00e4ver att du f\u00f6rst\u00e5r din verksamhet och dina risker.<\/p>\n\n<p><strong>Den kan inte l\u00e4mna revisionsutl\u00e5tanden:<\/strong><br \/>\nRevisorer l\u00e4mnar yttranden baserade p\u00e5 professionell bed\u00f6mning. AI tillhandah\u00e5ller bevis och testresultat. Yttrandet kr\u00e4ver m\u00e4nsklig expertis.<\/p>\n\n<p><strong>Den kan inte tolka komplexa regelverk:<\/strong><br \/>\nAI kan flagga f\u00f6r regel\u00e4ndringar och sammanfatta dem. Att avg\u00f6ra exakt hur de g\u00e4ller f\u00f6r din specifika situation kr\u00e4ver expertis.<\/p>\n\n<p><strong>Det kan inte bevisa bedr\u00e4geri:<\/strong><br \/>\nAI flaggar f\u00f6r misst\u00e4nkta m\u00f6nster. Utredning och bevis kr\u00e4ver m\u00e4nsklig analys, intervjuer och bed\u00f6mning.<\/p>\n\n<p><strong>Det kan inte ers\u00e4tta styrning:<\/strong><br \/>\nRevisionskommitt\u00e9er. Styrelsens tillsyn. Ledningens ansvar. Dessa funktioner \u00e4r fortfarande m\u00e4nskliga. AI st\u00f6der dem, men ers\u00e4tter dem inte.<\/p>\n\n<p>AI sk\u00f6ter kontroll, \u00f6vervakning och dokumentation p\u00e5 ett utm\u00e4rkt s\u00e4tt. Expertisen, omd\u00f6met och ansvarstagandet ligger kvar hos m\u00e4nniskorna.<\/p>\n\n\n<hr class=\"wp-block-separator has-alpha-channel-opacity\"\/>\n\n\n\n<h3 class=\"wp-block-heading\">Komma ig\u00e5ng<\/h3>\n\n\n<p>B\u00f6rja med det omr\u00e5de som inneb\u00e4r st\u00f6rst risk eller mest anstr\u00e4ngning:<\/p>\n\n<p><strong>V\u00e4lj en kontroll som ska \u00f6vervakas f\u00f6rst:<\/strong><br \/>\n\u00c5tskillnad av arbetsuppgifter? Arbetsfl\u00f6den f\u00f6r godk\u00e4nnande? Efterlevnad av policyer? V\u00e4lj en som \u00e4r viktig och tydligt definierad. Bevisa att AI-\u00f6vervakning fungerar.<\/p>\n\n<p><strong>Definiera tydliga regler:<\/strong><br \/>\nAI beh\u00f6ver tydliga regler f\u00f6r att \u00f6vervaka. \"Utgifter ska vara rimliga\" \u00e4r f\u00f6r vagt. \"M\u00e5ltidskostnader \u00f6ver $75 kr\u00e4ver godk\u00e4nnande av chefen\" \u00e4r tydligt.<\/p>\n\n<p><strong>B\u00f6rja med att anm\u00e4la dig till en liten grupp:<\/strong><br \/>\n\u00d6versv\u00e4m inte alla med varningar inledningsvis. Vidarebefordra till controller eller ett litet team. Justera reglerna. Minska falska positiva resultat. Expandera sedan.<\/p>\n\n<p><strong>Dokumentera f\u00f6rdelarna:<\/strong><br \/>\nSp\u00e5ra hur m\u00e5nga problem som f\u00e5ngades upp. Hur tidigt de uppt\u00e4cktes. Hur mycket revisionstid som sparades. Bygg upp ett aff\u00e4rscase f\u00f6r expansion.<\/p>\n\n<p><strong>Expandera gradvis:<\/strong><br \/>\nL\u00e4gg till fler kontroller att \u00f6vervaka. L\u00e4gg till fler regler. L\u00e4gg till fler personer som tar emot varningar. Bygg upp en omfattande \u00f6vervakning \u00f6ver tid.<\/p>\n\n<p><strong>Arbeta med revisorer:<\/strong><br \/>\nVisa dem vad du g\u00f6r. F\u00e5 deras input. De kommer att v\u00e4rdes\u00e4tta populationstestning framf\u00f6r stickprov. Detta kan minska revisionens omfattning och kostnad.<\/p>\n\n<p>Kontinuerlig \u00f6vervakning \u00e4r inget som sker \u00f6ver en natt. Men du kan b\u00f6rja i liten skala och bygga p\u00e5 med tiden.<\/p>\n\n\n<hr class=\"wp-block-separator has-alpha-channel-opacity\"\/>\n\n\n\n<h3 class=\"wp-block-heading\">\u00c4r du redo f\u00f6r kontinuerlig \u00f6vervakning ist\u00e4llet f\u00f6r panik vid en viss tidpunkt?<\/h3>\n\n\n<p>Varje f\u00f6retag har olika risker. Olika kontroller. Olika revisionskrav. Olika regelverk.<\/p>\n<p>Vi s\u00e4ljer inte generiska checklistor f\u00f6r regelefterlevnad. Vi tittar p\u00e5 dina specifika kontroller. Dina risker. Dina revisionskrav.<\/p>\n<p>Sedan bygger vi AI-\u00f6vervakning som passar din milj\u00f6. Samma kontroller som du har nu. Men de \u00f6vervakas kontinuerligt ist\u00e4llet f\u00f6r periodiskt.<\/p>\n<p>Vi b\u00f6rjar med ett omr\u00e5de. Bevisa att kontinuerlig \u00f6vervakning fungerar. Sedan ut\u00f6kar vi. Praktisk automatisering av efterlevnad som minskar risken och sparar tid.<\/p>\n\n<p><strong><a href=\"https:\/\/www.leaplytics.de\/sv\/kontakt\/\">Prata med oss om dina behov inom revision och regelefterlevnad<\/a><\/strong><\/p>\n\n<p><a href=\"https:\/\/www.leaplytics.de\/sv\/finans-ai\/\">Tillbaka till Finance AI \u00d6versikt<\/a><\/p>","protected":false},"excerpt":{"rendered":"<p>AI f\u00f6r revision och regelefterlevnad: Kontinuerlig \u00f6vervakning i st\u00e4llet f\u00f6r panik vid en viss tidpunkt Revisioner \u00e4r stressiga. Revisorerna kommer. Du m\u00e5ste hitta styrkande dokumentation f\u00f6r tusentals transaktioner. Testa kontroller. Bevisa att processer har f\u00f6ljts. F\u00f6rklara undantag. Du skyndar dig f\u00f6r att samla bevis. Ta ut prover. Bygga upp revisionsfiler. Svara p\u00e5 fr\u00e5gor. Hoppas att inget st\u00f6rre uppt\u00e4cks. Intern kontroll ... <\/p>","protected":false},"author":2,"featured_media":0,"parent":0,"menu_order":0,"comment_status":"closed","ping_status":"closed","template":"","meta":{"footnotes":""},"class_list":["post-14425","page","type-page","status-publish","hentry","latest_post"],"_links":{"self":[{"href":"https:\/\/www.leaplytics.de\/sv\/wp-json\/wp\/v2\/pages\/14425","targetHints":{"allow":["GET"]}}],"collection":[{"href":"https:\/\/www.leaplytics.de\/sv\/wp-json\/wp\/v2\/pages"}],"about":[{"href":"https:\/\/www.leaplytics.de\/sv\/wp-json\/wp\/v2\/types\/page"}],"author":[{"embeddable":true,"href":"https:\/\/www.leaplytics.de\/sv\/wp-json\/wp\/v2\/users\/2"}],"replies":[{"embeddable":true,"href":"https:\/\/www.leaplytics.de\/sv\/wp-json\/wp\/v2\/comments?post=14425"}],"version-history":[{"count":1,"href":"https:\/\/www.leaplytics.de\/sv\/wp-json\/wp\/v2\/pages\/14425\/revisions"}],"predecessor-version":[{"id":14426,"href":"https:\/\/www.leaplytics.de\/sv\/wp-json\/wp\/v2\/pages\/14425\/revisions\/14426"}],"wp:attachment":[{"href":"https:\/\/www.leaplytics.de\/sv\/wp-json\/wp\/v2\/media?parent=14425"}],"curies":[{"name":"wp","href":"https:\/\/api.w.org\/{rel}","templated":true}]}}