{"id":14497,"date":"2025-12-19T01:59:23","date_gmt":"2025-12-19T00:59:23","guid":{"rendered":"https:\/\/www.leaplytics.de\/?page_id=14497"},"modified":"2025-12-19T01:59:23","modified_gmt":"2025-12-19T00:59:23","slug":"resursplanering-schemalaggning-ai","status":"publish","type":"page","link":"https:\/\/www.leaplytics.de\/sv\/resursplanering-schemalaggning-ai\/","title":{"rendered":"Resursplanering &amp; schemal\u00e4ggning AI"},"content":{"rendered":"<h2>AI f\u00f6r resursplanering och schemal\u00e4ggning<\/h2>\n\n<p>Schemal\u00e4ggning \u00e4r ett pussel. M\u00e4nniskor. Utrustning. Uppgifter. Deadlines. F\u00e4rdigheter. Kapacitet. Begr\u00e4nsningar. Varje bit m\u00e5ste passa.<\/p>\n<p>Och pusslet f\u00f6r\u00e4ndras hela tiden. N\u00e5gon sjukanm\u00e4ler sig. Utrustning g\u00e5r s\u00f6nder. En br\u00e5dskande order kommer in. Kunden \u00e4ndrar sina krav. B\u00f6rja om fr\u00e5n b\u00f6rjan.<\/p>\n<p>Dina schemal\u00e4ggare \u00e4gnar timmar \u00e5t att bygga scheman som fungerar. Sedan tillbringar de \u00e4nnu fler timmar med att justera dem n\u00e4r verkligheten inte samarbetar.<\/p>\n<p>Samtidigt \u00e4r vissa team \u00f6verbelastade medan andra har kapacitet. \u00d6vertiden hopar sig p\u00e5 en avdelning medan en annan \u00e4r sysslol\u00f6s. Utrustningen utnyttjas oj\u00e4mnt. Leveransdatum f\u00f6rskjuts.<\/p>\n<p>AI kan optimera detta. Inte perfekt - inget hanterar verkligheten perfekt. Men b\u00e4ttre \u00e4n manuell schemal\u00e4ggning. Snabbare justeringar. B\u00e4ttre utnyttjande. Mer realistiska planer.<\/p>\n\n\n<hr class=\"wp-block-separator has-alpha-channel-opacity\"\/>\n\n\n\n<h3 class=\"wp-block-heading\">Varf\u00f6r manuell schemal\u00e4ggning inte fungerar<\/h3>\n\n\n<p>Sm\u00e5 verksamheter kan schemal\u00e4gga manuellt. Schemal\u00e4ggaren k\u00e4nner alla. K\u00e4nner till utrustningen. K\u00e4nner till arbetet. Jonglerar med allt i sitt huvud eller i ett kalkylblad.<\/p>\n<p>N\u00e4r du v\u00e4xer bryts detta:<\/p>\n<ul>\n<li>F\u00f6r m\u00e5nga variabler att sp\u00e5ra manuellt<\/li>\n<li>F\u00f6r m\u00e5nga begr\u00e4nsningar att balansera samtidigt<\/li>\n<li>F\u00f6r\u00e4ndringar i kaskad - n\u00e4r ett schema fixas bryts ett annat<\/li>\n<li>Ingen tid att optimera - bara f\u00e5 n\u00e5got som fungerar<\/li>\n<li>Brandbek\u00e4mpning av undantag i st\u00e4llet f\u00f6r att f\u00f6rebygga dem<\/li>\n<\/ul>\n\n<p>Dina schemal\u00e4ggare \u00e4r smarta och erfarna. Men de g\u00f6r om\u00f6jliga ber\u00e4kningar. Balansera hundratals begr\u00e4nsningar \u00f6ver dussintals resurser.<\/p>\n<p>Resultatet? Scheman som \"fungerar\" men som inte \u00e4r optimala. Utnyttjandegraden \u00e4r l\u00e4gre \u00e4n den skulle kunna vara. Mer \u00f6vertid \u00e4n n\u00f6dv\u00e4ndigt. Leveransprestanda som \u00e4r s\u00e4mre \u00e4n vad din kapacitet borde till\u00e5ta.<\/p>\n<p>Inte f\u00f6r att schemal\u00e4ggare inte \u00e4r bra p\u00e5 sitt jobb. F\u00f6r att problemet \u00e4r f\u00f6r komplext f\u00f6r manuell optimering.<\/p>\n\n\n<hr class=\"wp-block-separator has-alpha-channel-opacity\"\/>\n\n\n\n<h3 class=\"wp-block-heading\">Vad AI g\u00f6r f\u00f6r resursplanering och schemal\u00e4ggning<\/h3>\n\n\n<p>AI hanterar den matematiska optimeringen. Den tar h\u00e4nsyn till alla begr\u00e4nsningar samtidigt. Den hittar l\u00f6sningar snabbare \u00e4n vad m\u00e4nniskor kan. Den anpassar sig n\u00e4r saker och ting f\u00f6r\u00e4ndras.<\/p>\n<p>Dina schemal\u00e4ggare g\u00f6r bed\u00f6mningen. AI:n st\u00e5r f\u00f6r ber\u00e4kningen.<\/p>\n\n\n<h4 class=\"wp-block-heading\">Optimerad schemagenerering<\/h4>\n\n\n<p>AI bygger scheman som balanserar alla dina begr\u00e4nsningar p\u00e5 en och samma g\u00e5ng:<\/p>\n<ul>\n<li><strong>Efterfr\u00e5gan:<\/strong> Vilket arbete som beh\u00f6ver utf\u00f6ras och n\u00e4r<\/li>\n<li><strong>Kapacitet:<\/strong> Vem \u00e4r tillg\u00e4nglig, vilken utrustning finns tillg\u00e4nglig<\/li>\n<li><strong>F\u00e4rdigheter:<\/strong> Vem \u00e4r kvalificerad f\u00f6r vilka uppgifter?<\/li>\n<li><strong>Begr\u00e4nsningar:<\/strong> Skiftscheman, krav p\u00e5 raster, begr\u00e4nsningar i utrustning<\/li>\n<li><strong>Prioriteringar:<\/strong> Br\u00e5dskande best\u00e4llningar, prioriterade kunder, strategisk betydelse<\/li>\n<li><strong>Kostnader:<\/strong> Ordinarie tid kontra \u00f6vertid, slitage p\u00e5 utrustning, installationskostnader<\/li>\n<\/ul>\n\n<p>Det handlar inte bara om att hitta ett schema som fungerar. Den hittar ett bra schema - ett schema som optimerar utnyttjandet, minimerar kostnaderna och h\u00e5ller tidsfristerna.<\/p>\n<p>Din schemal\u00e4ggare granskar AI:s f\u00f6rslag. Justerar f\u00f6r s\u00e5dant som AI:n inte vet (kundrelationer, teamdynamik, strategiska prioriteringar). Men du utg\u00e5r fr\u00e5n en optimerad baslinje, inte fr\u00e5n ett oskrivet blad.<\/p>\n<p>Timmar av arbete komprimeras till minuter.<\/p>\n\n\n<h4 class=\"wp-block-heading\">Intelligent balansering av arbetsbelastning<\/h4>\n\n\n<p>Obalanserade arbetsbelastningar \u00e4r dyra. Ett team arbetar \u00f6vertid medan ett annat har slack. En maskin k\u00f6rs 24\/7 medan en annan st\u00e5r stilla.<\/p>\n<p>AI f\u00f6rdelar arbetet baserat p\u00e5:<\/p>\n<ul>\n<li>Aktuell arbetsbelastning per team och individ<\/li>\n<li>Kapacitet och f\u00f6rm\u00e5ga f\u00f6r varje resurs<\/li>\n<li>Skillnader i effektivitet (vissa personer \u00e4r snabbare p\u00e5 vissa uppgifter)<\/li>\n<li>Geografiska begr\u00e4nsningar eller platsbegr\u00e4nsningar<\/li>\n<li>Utbildnings- och utvecklingsm\u00e5l (f\u00f6rdela varierat arbete f\u00f6r l\u00e4rande)<\/li>\n<\/ul>\n\n<p>Resultat? J\u00e4mnare arbetsbelastning. Mindre \u00f6vertid. B\u00e4ttre resursutnyttjande. F\u00e4rre flaskhalsar.<\/p>\n<p>M\u00e4nniskor arbetar i en h\u00e5llbar takt ist\u00e4llet f\u00f6r att v\u00e4xla mellan att ha fullt upp och att g\u00e5 p\u00e5 tomg\u00e5ng.<\/p>\n\n\n<h4 class=\"wp-block-heading\">Anpassning av schema i realtid<\/h4>\n\n\n<p>Scheman \u00f6verlever inte kontakt med verkligheten. N\u00e5gon \u00e4r sjuk. Utrustning g\u00e5r s\u00f6nder. En akutorder anl\u00e4nder. Kunden avbokar.<\/p>\n<p>Manuell omplanering tar timmar. N\u00e4r du v\u00e4l \u00e4r klar har n\u00e5got annat \u00e4ndrats.<\/p>\n<p>AI anpassar sig i realtid:<\/p>\n<ul>\n<li>Fr\u00e5nvaro rapporterad? Omf\u00f6rdela arbetet mellan kvarvarande team.<\/li>\n<li>Utrustning ur funktion? Flytta uppgifter till alternativa maskiner.<\/li>\n<li>Rush-order anl\u00e4nder? L\u00e4gg in den och justera allt annat.<\/li>\n<li>Jobbet drar ut p\u00e5 tiden? Ripple-justeringar fram\u00e5t.<\/li>\n<\/ul>\n\n<p>Din schemal\u00e4ggare granskar AI:s f\u00f6reslagna justeringar. Godk\u00e4nner eller \u00e4ndrar baserat p\u00e5 sammanhanget. Men bygger inte om fr\u00e5n b\u00f6rjan.<\/p>\n<p>Snabbare reaktion p\u00e5 st\u00f6rningar. Mindre kaos. Mer realistiska l\u00f6ften till kunderna.<\/p>\n\n\n<h4 class=\"wp-block-heading\">Kapacitetsprognoser<\/h4>\n\n\n<p>Kommer ni att ha tillr\u00e4cklig kapacitet n\u00e4sta m\u00e5nad? N\u00e4sta kvartal? Beh\u00f6ver du anst\u00e4lla? L\u00e4gga till utrustning? \u00d6ka antalet skift?<\/p>\n<p>AI prognostiserar kapacitetsbehov baserat p\u00e5:<\/p>\n<ul>\n<li>Efterfr\u00e5geprognos (fr\u00e5n f\u00f6rs\u00e4ljning eller historiska m\u00f6nster)<\/li>\n<li>Nuvarande kapacitet (personal, utrustning, tid)<\/li>\n<li>K\u00e4nda begr\u00e4nsningar (planerat underh\u00e5ll, semester, utbildning)<\/li>\n<li>Historiska produktivitetsniv\u00e5er<\/li>\n<li>Tillv\u00e4xttrender<\/li>\n<\/ul>\n\n<p>Den visar n\u00e4r du kommer att n\u00e5 kapacitetsgr\u00e4nser. Hur mycket du kommer att sakna. Vilka typer av resurser du beh\u00f6ver.<\/p>\n<p>Du kan planera kapacitetstillskott innan du \u00e4r desperat. Anst\u00e4ll inf\u00f6r behovet, inte i panikl\u00e4ge. Schemal\u00e4gg underh\u00e5ll under perioder med l\u00e5g efterfr\u00e5gan, inte n\u00e4r det tvingar dig att missa leveranser.<\/p>\n<p>Kapacitetsbeslut baserade p\u00e5 data, inte magk\u00e4nsla.<\/p>\n\n\n<h4 class=\"wp-block-heading\">Matchning av kompetenser<\/h4>\n\n\n<p>Alla kan inte utf\u00f6ra alla jobb. Certifieringar spelar roll. Erfarenhet spelar roll. Aktuell kompetensniv\u00e5 spelar roll.<\/p>\n<p>AI-sp\u00e5r:<\/p>\n<ul>\n<li>Vem som har vilka certifieringar och kvalifikationer<\/li>\n<li>Vem har erfarenhet av vilka produkter eller processer?<\/li>\n<li>Vem \u00e4r under utbildning kontra fullt kvalificerad<\/li>\n<li>Vem presterar b\u00e4ttre p\u00e5 vilka uppgifter<\/li>\n<\/ul>\n\n<p>N\u00e4r arbetet schemal\u00e4ggs tar man h\u00e4nsyn till kompetenskrav. Matchar kvalificerade personer med uppgifter. Flaggar f\u00f6r jobb som kr\u00e4ver kompetens som det r\u00e5der brist p\u00e5.<\/p>\n<p>Hj\u00e4lper ocks\u00e5 till med utbildningsplanering. Visar kompetensluckor. F\u00f6resl\u00e5r vem som b\u00f6r korsutbilda sig i vad.<\/p>\n<p>R\u00e4tt person p\u00e5 r\u00e4tt jobb. B\u00e4ttre kvalitet. F\u00e4rre fel. Snabbare slutf\u00f6rande.<\/p>\n\n\n<h4 class=\"wp-block-heading\">Hantering av begr\u00e4nsningar<\/h4>\n\n\n<p>Varje verksamhet har begr\u00e4nsningar. Begr\u00e4nsad utrustning. Skiftm\u00f6nster. Krav p\u00e5 raster. Materialtillg\u00e4nglighet. Tidsf\u00f6nster f\u00f6r kunder.<\/p>\n<p>AI hanterar alla begr\u00e4nsningar samtidigt:<\/p>\n<ul>\n<li>S\u00e4kerst\u00e4ller att ingen schemal\u00e4ggs ut\u00f6ver kapacitet<\/li>\n<li>Respekterar skiftm\u00f6nster och rastkrav<\/li>\n<li>Tar h\u00e4nsyn till inst\u00e4llningstider mellan olika jobb<\/li>\n<li>Tar h\u00e4nsyn till materialets tillg\u00e4nglighet (kan inte schemal\u00e4gga om materialet inte finns h\u00e4r)<\/li>\n<li>Uppfyller kundernas leveranstider<\/li>\n<li>Balanserar motstridiga prioriteringar (kostnad vs. hastighet vs. kvalitet)<\/li>\n<\/ul>\n\n<p>Scheman som faktiskt fungerar i verkligheten, inte bara p\u00e5 papperet.<\/p>\n\n\n<h4 class=\"wp-block-heading\">Analys av schemaprestanda<\/h4>\n\n\n<p>Hur exakta \u00e4r dina scheman? Var g\u00e5r de s\u00f6nder? Vad orsakar f\u00f6rseningar?<\/p>\n<p>AI f\u00f6ljer upp hur tidsplanen uppfylls:<\/p>\n<ul>\n<li>Hur ofta uppgifter avslutas i tid kontra tidigt\/f\u00f6r sent<\/li>\n<li>Vilka typer av uppgifter som konsekvent g\u00e5r \u00f6ver<\/li>\n<li>D\u00e4r flaskhalsar uppst\u00e5r<\/li>\n<li>Hur ofta omplaneringar sker (tecken p\u00e5 d\u00e5lig initial planering)<\/li>\n<li>Utnyttjandegrad per resurstyp<\/li>\n<\/ul>\n\n<p>Du ser var uppskattningarna \u00e4r felaktiga. D\u00e4r processerna \u00e4r l\u00e5ngsammare \u00e4n planerat. D\u00e4r kapaciteten faktiskt \u00e4r begr\u00e4nsad.<\/p>\n<p>Kontinuerlig f\u00f6rb\u00e4ttring av schemal\u00e4ggningens precision. B\u00e4ttre l\u00f6ften. Mer tillf\u00f6rlitlig leverans.<\/p>\n\n\n<hr class=\"wp-block-separator has-alpha-channel-opacity\"\/>\n\n\n\n<h3 class=\"wp-block-heading\">Vad detta inneb\u00e4r f\u00f6r dig<\/h3>\n\n\n\n<h4 class=\"wp-block-heading\">F\u00f6r COO:er och operativa chefer<\/h4>\n\n\n<p><strong>H\u00f6gre resursutnyttjande.<\/strong> Mindre tomg\u00e5ngstid. Mindre oj\u00e4mn arbetsbelastning. Mer produktion fr\u00e5n samma resurser.<\/p>\n\n<p><strong>L\u00e4gre kostnader f\u00f6r \u00f6vertid.<\/strong> B\u00e4ttre f\u00f6rdelning av arbetsbelastningen inneb\u00e4r mindre behov av \u00f6vertid f\u00f6r att klara deadlines.<\/p>\n\n<p><strong>B\u00e4ttre leverans i tid.<\/strong> Scheman som tar h\u00e4nsyn till alla begr\u00e4nsningar och anpassar sig till f\u00f6r\u00e4ndringar. F\u00e4rre missade deadlines.<\/p>\n\n<p><strong>F\u00f6ruts\u00e4gbar kapacitetsplanering.<\/strong> Vet n\u00e4r du beh\u00f6ver mer resurser innan du har f\u00f6r lite. Planera anst\u00e4llningar och ink\u00f6p av utrustning proaktivt.<\/p>\n\n<p><strong>Skalbar schemal\u00e4ggning.<\/strong> Hantera tillv\u00e4xt utan att l\u00e4gga till schemal\u00e4ggare. Matematiken \u00e4r skalbar; det \u00e4r inte manuell schemal\u00e4ggning.<\/p>\n\n\n<h4 class=\"wp-block-heading\">F\u00f6r drift- och produktionschefer<\/h4>\n\n\n<p><strong>Sluta \u00e4gna timmar \u00e5t scheman.<\/strong> AI g\u00f6r optimeringsmatematiken. Du g\u00f6r bed\u00f6mningen och de slutliga justeringarna.<\/p>\n\n<p><strong>Anpassa dig snabbt till f\u00f6r\u00e4ndringar.<\/strong> St\u00f6rningar intr\u00e4ffar. Planera om p\u00e5 n\u00e5gra minuter, inte timmar.<\/p>\n\n<p><strong>Realistiska l\u00f6ften till kunderna.<\/strong> Vet vad du faktiskt kan leverera baserat p\u00e5 verklig kapacitet och begr\u00e4nsningar.<\/p>\n\n<p><strong>Insyn i begr\u00e4nsningar.<\/strong> Se var din kapacitet \u00e4r begr\u00e4nsad. Fatta v\u00e4lgrundade beslut om investeringar.<\/p>\n\n<p><strong>R\u00e4ttvis f\u00f6rdelning av arbetsbelastningen.<\/strong> Det \u00e4r slut med att vissa personer f\u00e5r ta sm\u00e4llen medan andra har det lugnt. B\u00e4ttre moral i teamet.<\/p>\n\n\n<h4 class=\"wp-block-heading\">F\u00f6r lag<\/h4>\n\n\n<p><strong>F\u00f6ruts\u00e4gbara tidsplaner.<\/strong> Vet vad du arbetar med och n\u00e4r. F\u00e4rre \u00f6verraskningar i sista minuten.<\/p>\n\n<p><strong>R\u00e4ttvisa arbetsbelastningar.<\/strong> Arbetet f\u00f6rdelas utifr\u00e5n kapacitet, inte utifr\u00e5n vem schemal\u00e4ggaren t\u00e4nkte p\u00e5 f\u00f6rst.<\/p>\n\n<p><strong>R\u00e4tt kompetens f\u00f6r jobbet.<\/strong> Schemal\u00e4ggs f\u00f6r arbete som du \u00e4r kvalificerad f\u00f6r, inte kastas in i situationer som du inte \u00e4r redo f\u00f6r.<\/p>\n\n<p><strong>H\u00e5llbar takt.<\/strong> Mindre fest-eller-sv\u00e4lt. Mer konsekvent arbetsbelastning.<\/p>\n\n\n<hr class=\"wp-block-separator has-alpha-channel-opacity\"\/>\n\n\n\n<h3 class=\"wp-block-heading\">Vad AI inte kan g\u00f6ra<\/h3>\n\n\n<p>AI optimerar utifr\u00e5n de begr\u00e4nsningar och prioriteringar som du ger den. Men det ers\u00e4tter inte schemal\u00e4ggarens bed\u00f6mning:<\/p>\n\n<p><strong>F\u00f6rst\u00e5else f\u00f6r kundrelationer.<\/strong> Den h\u00e4r kunden \u00e4r strategisk och v\u00e4rd att prioritera \u00e4ven om det inte kr\u00e4vs enligt avtal. Det vet inte AI om du inte ber\u00e4ttar det f\u00f6r den.<\/p>\n\n<p><strong>Dynamik i l\u00e4steamet.<\/strong> Dessa tv\u00e5 personer fungerar d\u00e5ligt tillsammans. Den personen har personliga problem och beh\u00f6ver en l\u00e4ttare arbetsb\u00f6rda. M\u00e4nsklig kunskap, inte data.<\/p>\n\n<p><strong>G\u00f6ra strategiska avv\u00e4gningar.<\/strong> Acceptera sen leverans f\u00f6r att minska \u00f6vertiden? Att skynda p\u00e5 det h\u00e4r jobbet p\u00e5 bekostnad av det andra? Kontextberoende beslut.<\/p>\n\n<p><strong>Hantering av situationer utan tidigare motstycke.<\/strong> En stor st\u00f6rning som inte liknar n\u00e5got annat i historiska data? Du beh\u00f6ver m\u00e4nsklig probleml\u00f6sning, inte optimeringsmatematik.<\/p>\n\n<p><strong>Fastst\u00e4llande av prioriteringar.<\/strong> AI schemal\u00e4gger enligt de prioriteringar du definierar (kostnad, hastighet, kvalitet etc.). Att fastst\u00e4lla dessa prioriteringar? Det \u00e4r ett aff\u00e4rsm\u00e4ssigt beslut.<\/p>\n\n<p>T\u00e4nk p\u00e5 AI som en riktigt bra schemal\u00e4ggare som arbetar p\u00e5 sekunder och aldrig g\u00f6r mattefel. Men som fortfarande beh\u00f6ver v\u00e4gledning n\u00e4r det g\u00e4ller prioriteringar och sammanhang.<\/p>\n\n\n<hr class=\"wp-block-separator has-alpha-channel-opacity\"\/>\n\n\n\n<h3 class=\"wp-block-heading\">Kom ig\u00e5ng med AI-schemal\u00e4ggning<\/h3>\n\n\n<p>B\u00f6rja d\u00e4r schemal\u00e4ggningen \u00e4r som mest sm\u00e4rtsam:<\/p>\n\n<p><strong>Komplex schemal\u00e4ggning med m\u00e5nga begr\u00e4nsningar?<\/strong> AI hanterar komplexitet b\u00e4ttre \u00e4n m\u00e4nniskor. Stora vinster p\u00e5 optimering.<\/p>\n\n<p><strong>Frekventa omplaneringar p\u00e5 grund av st\u00f6rningar?<\/strong> Anpassning i realtid \u00e4r till st\u00f6rst hj\u00e4lp n\u00e4r planerna st\u00e4ndigt \u00e4ndras.<\/p>\n\n<p><strong>Oj\u00e4mnt resursutnyttjande?<\/strong> AI:s balansering av arbetsbelastningen f\u00f6rb\u00e4ttrar utnyttjandegraden snabbt.<\/p>\n\n<p><strong>Os\u00e4kerhet i kapacitetsplaneringen?<\/strong> Kapacitetsprognoser hj\u00e4lper dig att planera investeringar med tillf\u00f6rsikt.<\/p>\n\n<p>Du beh\u00f6ver inte automatisera all schemal\u00e4ggning p\u00e5 en g\u00e5ng. B\u00f6rja med en avdelning, en typ av arbete eller en viktig sm\u00e4rtpunkt. Bevisa v\u00e4rdet. Expandera sedan.<\/p>\n\n\n<hr class=\"wp-block-separator has-alpha-channel-opacity\"\/>\n\n\n\n<h3 class=\"wp-block-heading\">Slutsatsen<\/h3>\n\n\n<p>Schemal\u00e4ggning \u00e4r optimeringsmatematik. Ju mer komplex din verksamhet \u00e4r, desto sv\u00e5rare blir matematiken. Manuell schemal\u00e4ggning n\u00e5r sina gr\u00e4nser i takt med att du v\u00e4xer.<\/p>\n\n<p>AI hanterar den matematiska komplexiteten. Den tar h\u00e4nsyn till alla begr\u00e4nsningar samtidigt. Den hittar optimerade l\u00f6sningar snabbt. Den anpassar sig n\u00e4r verkligheten f\u00f6r\u00e4ndras.<\/p>\n\n<p>Dina schemal\u00e4ggare fokuserar p\u00e5 bed\u00f6mning, prioriteringar och undantag. AI:n hanterar ber\u00e4kningarna.<\/p>\n\n<p>Resultat? B\u00e4ttre resursutnyttjande. L\u00e4gre kostnader. Mer tillf\u00f6rlitliga leveranser. Och schemal\u00e4ggare som t\u00e4nker strategiskt i st\u00e4llet f\u00f6r att k\u00e4mpa med kalkylblad.<\/p>\n\n<p>Det \u00e4r vad AI f\u00f6r resursplanering och schemal\u00e4ggning faktiskt levererar. Den ers\u00e4tter inte planeringsexpertis, utan g\u00f6r den mer effektiv.<\/p>\n\n\n<hr class=\"wp-block-separator has-alpha-channel-opacity\"\/>\n\n\n\n<h3 class=\"wp-block-heading\">\u00c4r du redo att optimera din schemal\u00e4ggning?<\/h3>\n\n\n<p>Varje verksamhet har olika utmaningar n\u00e4r det g\u00e4ller schemal\u00e4ggning. Dina begr\u00e4nsningar, resurser och prioriteringar \u00e4r unika f\u00f6r just din verksamhet.<\/p>\n\n<p>Vi f\u00f6respr\u00e5kar inte schemal\u00e4ggningsverktyg som passar alla. Vi tittar p\u00e5 din specifika situation. Vad g\u00f6r schemal\u00e4ggningen sv\u00e5r f\u00f6r dig? Vilka begr\u00e4nsningar \u00e4r viktigast? Vad \u00e4r realistiskt med tanke p\u00e5 dina nuvarande system?<\/p>\n\n<p>Sedan bygger vi en schemal\u00e4ggningsoptimering som passar din verksamhet. Vi tvingar inte in dig i n\u00e5gon annans arbetsfl\u00f6de. L\u00f6sningar som fungerar med hur du faktiskt arbetar.<\/p>\n\n<p><a href=\"https:\/\/www.leaplytics.de\/sv\/kontakt\/\">L\u00e5t oss prata om dina utmaningar med schemal\u00e4ggning<\/a><\/p>\n\n<p><a href=\"https:\/\/www.leaplytics.de\/sv\/verksamhet-ai\/\">Tillbaka till Operations AI<\/a><\/p>","protected":false},"excerpt":{"rendered":"<p>AI for Resource Planning &#038; Scheduling Scheduling is a puzzle. People. Equipment. Tasks. Deadlines. Skills. Capacity. Constraints. Every piece has to fit. And the puzzle keeps changing. Someone calls in sick. Equipment breaks down. A rush order comes in. Customer changes requirements. Start over. Your schedulers spend hours building schedules that work. Then spend more &hellip; <\/p>","protected":false},"author":2,"featured_media":0,"parent":0,"menu_order":0,"comment_status":"closed","ping_status":"closed","template":"","meta":{"footnotes":""},"class_list":["post-14497","page","type-page","status-publish","hentry","latest_post"],"_links":{"self":[{"href":"https:\/\/www.leaplytics.de\/sv\/wp-json\/wp\/v2\/pages\/14497","targetHints":{"allow":["GET"]}}],"collection":[{"href":"https:\/\/www.leaplytics.de\/sv\/wp-json\/wp\/v2\/pages"}],"about":[{"href":"https:\/\/www.leaplytics.de\/sv\/wp-json\/wp\/v2\/types\/page"}],"author":[{"embeddable":true,"href":"https:\/\/www.leaplytics.de\/sv\/wp-json\/wp\/v2\/users\/2"}],"replies":[{"embeddable":true,"href":"https:\/\/www.leaplytics.de\/sv\/wp-json\/wp\/v2\/comments?post=14497"}],"version-history":[{"count":1,"href":"https:\/\/www.leaplytics.de\/sv\/wp-json\/wp\/v2\/pages\/14497\/revisions"}],"predecessor-version":[{"id":14505,"href":"https:\/\/www.leaplytics.de\/sv\/wp-json\/wp\/v2\/pages\/14497\/revisions\/14505"}],"wp:attachment":[{"href":"https:\/\/www.leaplytics.de\/sv\/wp-json\/wp\/v2\/media?parent=14497"}],"curies":[{"name":"wp","href":"https:\/\/api.w.org\/{rel}","templated":true}]}}