{"id":1785,"date":"2021-04-30T00:16:19","date_gmt":"2021-04-29T22:16:19","guid":{"rendered":"https:\/\/www.leaplytics.de\/?page_id=1785"},"modified":"2024-10-29T13:47:21","modified_gmt":"2024-10-29T12:47:21","slug":"projekthanteringssvit-for-qliksense","status":"publish","type":"page","link":"https:\/\/www.leaplytics.de\/sv\/forstasida\/qlik-sense-tillagg\/projekthanteringssvit-for-qliksense\/","title":{"rendered":"Projekthanteringssvit f\u00f6r Qlik Sense"},"content":{"rendered":"<p>Bli av med ett otillr\u00e4ckligt och omoget lappt\u00e4cke f\u00f6r projekthantering i Qlik Sense med LeapLytics Project Management Suite!<\/p>\n\n\n\n<p>Project Management Suite f\u00f6r Qlik Sense inneh\u00e5ller allt du beh\u00f6ver f\u00f6r att skapa en omfattande statusrapportering f\u00f6r projektledning. Den inneh\u00e5ller 3 unika visualiseringar: Trafikljus, riskmatris och tidslinje. Dessutom f\u00e5r du n\u00f6dv\u00e4ndiga till\u00e4gg f\u00f6r att utforma din instrumentpanel f\u00f6r projekthantering. Till\u00e4ggen visar h\u00f6g prestanda, h\u00f6g mognadsgrad och anv\u00e4ndbarhet samt flexibilitet f\u00f6r att passa dina individuella behov.<\/p>\n\n\n\n<p>Suite inneh\u00e5ller relevanta Add-Ons som verkligen f\u00f6rb\u00e4ttrar skapandet av en instrumentpanel f\u00f6r projekthantering. Divider Strokes kan strukturera instrumentpanelen i omr\u00e5den f\u00f6r att v\u00e4gleda anv\u00e4ndaren med maximal prestanda. Maturity Viewer ger mer klarhet om stadier eller faser i projektet. Company Logo Extension \u00f6verf\u00f6r din individuella f\u00f6retagslogotyp till ett anv\u00e4ndbart QlikSense-objekt. Konverteringen av din logotyp \u00e4r kostnadsfri.<\/p>\n\n\n\n<p>Suite levereras ocks\u00e5 med en l\u00e4ttanv\u00e4nd bundling-integration f\u00f6r att se projekthanteringstill\u00e4ggen p\u00e5 ett \u00f6gonblick. Till\u00e4ggen ger en harmoniserad anv\u00e4ndarv\u00e4gledning genom inst\u00e4llningarna samt en intuitiv hantering utan kodning. Den omfattande dokumentationen med aff\u00e4rsrelaterade anv\u00e4ndningsfall kompletterar anv\u00e4ndarv\u00e4nligheten. Frekventa och solida releaser h\u00e5ller ditt anv\u00e4ndningsfall uppdaterat.<\/p>\n\n\n\n<h3 class=\"wp-block-heading\">Inneh\u00e5ll i Project Management Suite f\u00f6r Qlik Sense<\/h3>\n\n\n\n<p>V\u00e4nligen \u00f6ppna den officiella dokumentationen genom att klicka p\u00e5 bilden. <\/p>\n\n\n\n<div class=\"wp-block-columns is-layout-flex wp-container-core-columns-is-layout-1 wp-block-columns-is-layout-flex\">\n<div class=\"wp-block-column is-layout-flow wp-block-column-is-layout-flow\">\n<h4 class=\"wp-block-heading\"><strong>Trafikljus<\/strong><\/h4>\n<\/div>\n\n\n\n<div class=\"wp-block-column is-layout-flow wp-block-column-is-layout-flow\">\n<h4 class=\"wp-block-heading\"><strong>Riskv\u00e4rmekarta<\/strong><\/h4>\n<\/div>\n\n\n\n<div class=\"wp-block-column is-layout-flow wp-block-column-is-layout-flow\">\n<h4 class=\"wp-block-heading\"><strong>Tidslinje<\/strong><\/h4>\n<\/div>\n\n\n\n<div class=\"wp-block-column is-layout-flow wp-block-column-is-layout-flow\">\n<h4 class=\"wp-block-heading\"><strong>Acceleratorer<\/strong><\/h4>\n<\/div>\n<\/div>\n\n\n\n<div class=\"wp-block-columns is-layout-flex wp-container-core-columns-is-layout-2 wp-block-columns-is-layout-flex\">\n<div class=\"wp-block-column is-layout-flow wp-block-column-is-layout-flow\">\n<figure class=\"wp-block-image size-full\"><img loading=\"lazy\" decoding=\"async\" width=\"287\" height=\"300\" src=\"https:\/\/www.leaplytics.de\/wp-content\/uploads\/2021\/11\/TrafficLight300pixel.png\" alt=\"\" class=\"wp-image-2361\" title=\"Projektledningssvit Trafikljus\" srcset=\"https:\/\/www.leaplytics.de\/wp-content\/uploads\/2021\/11\/TrafficLight300pixel.png 287w, https:\/\/www.leaplytics.de\/wp-content\/uploads\/2021\/11\/TrafficLight300pixel-57x60.png 57w\" sizes=\"auto, (max-width: 287px) 100vw, 287px\" \/><\/figure>\n<\/div>\n\n\n\n<div class=\"wp-block-column is-layout-flow wp-block-column-is-layout-flow\">\n<figure class=\"wp-block-image size-full\"><img loading=\"lazy\" decoding=\"async\" width=\"287\" height=\"300\" src=\"https:\/\/www.leaplytics.de\/wp-content\/uploads\/2021\/11\/RiskHeatmap-Kasten-Blau_300pixel.png\" alt=\"\" class=\"wp-image-2363\" title=\"Heatmap \u00f6ver risker i Project Management Suite\" srcset=\"https:\/\/www.leaplytics.de\/wp-content\/uploads\/2021\/11\/RiskHeatmap-Kasten-Blau_300pixel.png 287w, https:\/\/www.leaplytics.de\/wp-content\/uploads\/2021\/11\/RiskHeatmap-Kasten-Blau_300pixel-57x60.png 57w\" sizes=\"auto, (max-width: 287px) 100vw, 287px\" \/><\/figure>\n<\/div>\n\n\n\n<div class=\"wp-block-column is-vertically-aligned-center is-layout-flow wp-block-column-is-layout-flow\"><div class=\"wp-block-image\">\n<figure class=\"aligncenter size-full\"><img loading=\"lazy\" decoding=\"async\" width=\"287\" height=\"300\" src=\"https:\/\/www.leaplytics.de\/wp-content\/uploads\/2021\/11\/TIMELINE_300pixel.png\" alt=\"\" class=\"wp-image-2364\" title=\"Project Management Suite Milestone View\" srcset=\"https:\/\/www.leaplytics.de\/wp-content\/uploads\/2021\/11\/TIMELINE_300pixel.png 287w, https:\/\/www.leaplytics.de\/wp-content\/uploads\/2021\/11\/TIMELINE_300pixel-57x60.png 57w\" sizes=\"auto, (max-width: 287px) 100vw, 287px\" \/><\/figure><\/div><\/div>\n\n\n\n<div class=\"wp-block-column is-layout-flow wp-block-column-is-layout-flow\">\n<figure class=\"wp-block-image size-full\"><img loading=\"lazy\" decoding=\"async\" width=\"567\" height=\"593\" src=\"https:\/\/www.leaplytics.de\/wp-content\/uploads\/2021\/11\/Accelerators_1_300pixel.png\" alt=\"\" class=\"wp-image-2365\" title=\"Accelerator f\u00f6r projekthanteringssvit\" srcset=\"https:\/\/www.leaplytics.de\/wp-content\/uploads\/2021\/11\/Accelerators_1_300pixel.png 567w, https:\/\/www.leaplytics.de\/wp-content\/uploads\/2021\/11\/Accelerators_1_300pixel-287x300.png 287w, https:\/\/www.leaplytics.de\/wp-content\/uploads\/2021\/11\/Accelerators_1_300pixel-57x60.png 57w\" sizes=\"auto, (max-width: 567px) 100vw, 567px\" \/><\/figure>\n<\/div>\n<\/div>\n\n\n\n<div class=\"wp-block-columns is-layout-flex wp-container-core-columns-is-layout-3 wp-block-columns-is-layout-flex\">\n<div class=\"wp-block-column is-layout-flow wp-block-column-is-layout-flow\">\n<h6 class=\"wp-block-heading\">Rensa statusindikering<\/h6>\n\n\n\n<h6 class=\"wp-block-heading\">Flexibelt sortiment f\u00f6r alla typer av enheter<\/h6>\n\n\n\n<h6 class=\"wp-block-heading\">Individuellt utseende och k\u00e4nsla &amp; enkel anv\u00e4ndning<\/h6>\n<\/div>\n\n\n\n<div class=\"wp-block-column is-layout-flow wp-block-column-is-layout-flow\">\n<h6 class=\"wp-block-heading\">Fullst\u00e4ndiga riskprofiler<\/h6>\n\n\n\n<h6 class=\"wp-block-heading\">Stabilt och enkelt rutn\u00e4t f\u00f6r 2 kategorier<\/h6>\n\n\n\n<h6 class=\"wp-block-heading\">Olika upps\u00e4ttningar f\u00e4lt och f\u00e4rgkodning<\/h6>\n<\/div>\n\n\n\n<div class=\"wp-block-column is-layout-flow wp-block-column-is-layout-flow\">\n<h6 class=\"wp-block-heading\">Tidsskalad milstolpsvisning<\/h6>\n\n\n\n<h6 class=\"wp-block-heading\">Automatisk skalning av tidslinjen med start och slut<\/h6>\n\n\n\n<h6 class=\"wp-block-heading\">Flexibla beskrivningar och avvikande f\u00e4rger<\/h6>\n<\/div>\n\n\n\n<div class=\"wp-block-column is-layout-flow wp-block-column-is-layout-flow\">\n<h6 class=\"wp-block-heading\">Performant till\u00e4ggsprogram<\/h6>\n\n\n\n<h6 class=\"wp-block-heading\">Logotyp f\u00f6r enskilt f\u00f6retag<\/h6>\n\n\n\n<h6 class=\"wp-block-heading\">Maturitetsvy f\u00f6r m\u00e5nga anv\u00e4ndningsfall<\/h6>\n<\/div>\n<\/div>\n\n\n\n<hr class=\"wp-block-separator has-css-opacity\"\/>\n\n\n\n<p>Prenumerera h\u00e4r f\u00f6r att f\u00e5 exklusiva uppdateringar och releaser: <a href=\"https:\/\/www.leaplytics.de\/sv\/prenumerera_produkt\/\"><strong>Prenumeration<\/strong><\/a><\/p>\n\n\n\n<div class=\"wp-block-columns are-vertically-aligned-center is-layout-flex wp-container-core-columns-is-layout-4 wp-block-columns-is-layout-flex\">\n<div class=\"wp-block-column is-vertically-aligned-center is-layout-flow wp-block-column-is-layout-flow\" style=\"flex-basis:100%\">\n<p><\/p>\n<\/div>\n<\/div>\n\n\n\n<p><\/p>","protected":false},"excerpt":{"rendered":"<p>F\u00e5 en skarp visuell vy \u00f6ver dina riskprofiler med Risk Heatmap f\u00f6r QilkSense! Till\u00e4gget \u00e4r byggt f\u00f6r att visualisera profiler, som m\u00e4ts i en matris av tv\u00e5 KPI och olika kategorier. Det kan visualisera flera indikatorer (upp till 4 i gratisversionen) per f\u00e4lt. Olika inst\u00e4llningar som en enkel v\u00e4xling mellan en 3\u00d73- och 5\u00d75-f\u00e4ltmatris, kant- och textinst\u00e4llningar anpassar denna f\u00f6rl\u00e4ngning till dina rapporteringsbehov. <\/p>\n<p>Detta till\u00e4gg kan ocks\u00e5 anv\u00e4ndas f\u00f6r att \u00f6vervaka och ange tr\u00f6skelv\u00e4rden f\u00f6r alla typer av fysiska m\u00e5tt, kvalitetsindikatorer och avvikelser i allm\u00e4nhet. Med detta kan det till\u00e4mpas p\u00e5 ett stort antal anv\u00e4ndningsfall, som f\u00f6rekommer i olika f\u00f6retag.<\/p>","protected":false},"author":1,"featured_media":0,"parent":227,"menu_order":1,"comment_status":"closed","ping_status":"closed","template":"","meta":{"footnotes":""},"class_list":["post-1785","page","type-page","status-publish","hentry","latest_post"],"_links":{"self":[{"href":"https:\/\/www.leaplytics.de\/sv\/wp-json\/wp\/v2\/pages\/1785","targetHints":{"allow":["GET"]}}],"collection":[{"href":"https:\/\/www.leaplytics.de\/sv\/wp-json\/wp\/v2\/pages"}],"about":[{"href":"https:\/\/www.leaplytics.de\/sv\/wp-json\/wp\/v2\/types\/page"}],"author":[{"embeddable":true,"href":"https:\/\/www.leaplytics.de\/sv\/wp-json\/wp\/v2\/users\/1"}],"replies":[{"embeddable":true,"href":"https:\/\/www.leaplytics.de\/sv\/wp-json\/wp\/v2\/comments?post=1785"}],"version-history":[{"count":3,"href":"https:\/\/www.leaplytics.de\/sv\/wp-json\/wp\/v2\/pages\/1785\/revisions"}],"predecessor-version":[{"id":13665,"href":"https:\/\/www.leaplytics.de\/sv\/wp-json\/wp\/v2\/pages\/1785\/revisions\/13665"}],"up":[{"embeddable":true,"href":"https:\/\/www.leaplytics.de\/sv\/wp-json\/wp\/v2\/pages\/227"}],"wp:attachment":[{"href":"https:\/\/www.leaplytics.de\/sv\/wp-json\/wp\/v2\/media?parent=1785"}],"curies":[{"name":"wp","href":"https:\/\/api.w.org\/{rel}","templated":true}]}}