{"id":2170,"date":"2021-06-21T21:09:50","date_gmt":"2021-06-21T19:09:50","guid":{"rendered":"https:\/\/www.leaplytics.de\/?page_id=2170"},"modified":"2023-02-09T15:48:24","modified_gmt":"2023-02-09T14:48:24","slug":"trafikljusbilder-for-power-bi","status":"publish","type":"page","link":"https:\/\/www.leaplytics.de\/sv\/forstasida\/projektledning-anpassade-visualiseringar-microsoft-powerbi\/trafikljusbilder-for-power-bi\/","title":{"rendered":"Trafikljus Visual f\u00f6r Microsoft Power BI"},"content":{"rendered":"<p><img loading=\"lazy\" decoding=\"async\" width=\"150\" height=\"37\" class=\"wp-image-8358\" style=\"width: 150px;\" src=\"https:\/\/www.leaplytics.de\/wp-content\/uploads\/2022\/05\/PBI-Certified.png\" alt=\"\" srcset=\"https:\/\/www.leaplytics.de\/wp-content\/uploads\/2022\/05\/PBI-Certified.png 152w, https:\/\/www.leaplytics.de\/wp-content\/uploads\/2022\/05\/PBI-Certified-150x37.png 150w\" sizes=\"auto, (max-width: 150px) 100vw, 150px\" \/><\/p>\n\n\n\n<p>\"Traffic Light\" \u00e4r en anpassningsbar Microsoft Power BI-visual som erbjuder visuella varningar f\u00f6r alla dina viktiga resultatindikatorer. Med funktioner som horisontell och vertikal justering och ett system med ett, tv\u00e5 eller tre ljus kan den h\u00e4r visuella bilden skr\u00e4ddarsys efter dina rapporteringsbehov, vilket ger dig b\u00e4ttre kontroll \u00f6ver dina KPI:er!<\/p>\n\n\n\n<div style=\"height:10px\" aria-hidden=\"true\" class=\"wp-block-spacer\"><\/div>\n\n\n\n<figure class=\"wp-block-image size-full\"><img loading=\"lazy\" decoding=\"async\" width=\"1140\" height=\"641\" src=\"https:\/\/www.leaplytics.de\/wp-content\/uploads\/2022\/04\/First_Slice_Traffic_Light_PowerBI.png\" alt=\"Trafikljus Visual f\u00f6r Microsoft Power BI\" class=\"wp-image-6582\" srcset=\"https:\/\/www.leaplytics.de\/wp-content\/uploads\/2022\/04\/First_Slice_Traffic_Light_PowerBI.png 1140w, https:\/\/www.leaplytics.de\/wp-content\/uploads\/2022\/04\/First_Slice_Traffic_Light_PowerBI-300x169.png 300w, https:\/\/www.leaplytics.de\/wp-content\/uploads\/2022\/04\/First_Slice_Traffic_Light_PowerBI-1024x576.png 1024w, https:\/\/www.leaplytics.de\/wp-content\/uploads\/2022\/04\/First_Slice_Traffic_Light_PowerBI-768x432.png 768w, https:\/\/www.leaplytics.de\/wp-content\/uploads\/2022\/04\/First_Slice_Traffic_Light_PowerBI-107x60.png 107w\" sizes=\"auto, (max-width: 1140px) 100vw, 1140px\" \/><\/figure>\n\n\n\n<div style=\"height:50px\" aria-hidden=\"true\" class=\"wp-block-spacer\"><\/div>\n\n\n\n<h3 class=\"has-text-align-center wp-block-heading\" id=\"benefits\">F\u00f6rdelar<\/h3>\n\n\n\n<h5 class=\"wp-block-heading\" id=\"decision-maker\">Beslutsfattare<\/h5>\n\n\n\n<p>Som beslutsfattare beh\u00f6ver du tydlig och meningsfull rapportering som g\u00f6r att du snabbt kan se var du beh\u00f6ver l\u00e4gga din tid och uppm\u00e4rksamhet. V\u00e5r Traffic Light Visual f\u00f6r Microsoft Power BI g\u00f6r detta m\u00f6jligt och ger omedelbara varningar n\u00e4r nyckeltal ligger utanf\u00f6r tolerabla intervall.<\/p>\n\n\n\n<p class=\"has-text-align-left\"><em>Identifiera snabbt omr\u00e5den som kan kr\u00e4va uppm\u00e4rksamhet eller f\u00f6rb\u00e4ttringar, s\u00e5 att du kan fatta mer v\u00e4lgrundade beslut i r\u00e4tt tid. Detta hj\u00e4lper dig att optimera din organisations prestanda och i slut\u00e4ndan uppn\u00e5 b\u00e4ttre resultat.<\/em><\/p>\n\n\n\n<h5 class=\"wp-block-heading\" id=\"department-manager-consultant\">Avdelningschef \/ konsult<\/h5>\n\n\n\n<p>Som chef eller konsult beh\u00f6ver du inte ha n\u00e5gra programmeringskunskaper f\u00f6r att anv\u00e4nda Traffic Light Visual f\u00f6r Microsoft Power BI. Alla komplexa implementeringar \u00e4r redan gjorda \u00e5t dig, s\u00e5 du kan b\u00f6rja anv\u00e4nda den direkt. Definiera helt enkelt de kritiska v\u00e4rdeintervallen och anpassa designen s\u00e5 att den passar dina aff\u00e4rsbehov. <\/p>\n\n\n\n<p><em>V\u00e5rt till\u00e4gg integreras s\u00f6ml\u00f6st i dina instrumentpaneler, vilket sparar tid och g\u00f6r dina rapporter mer meningsfulla. Imponera p\u00e5 dina kunder eller chefer med Traffic Light visual f\u00f6r Power BI.<\/em><\/p>\n\n\n\n<h5 class=\"wp-block-heading\" id=\"engineer-developer\">Ingenj\u00f6r \/ Utvecklare<\/h5>\n\n\n\n<p>Om du bygger BI-instrumentpaneler, l\u00e5t oss hj\u00e4lpa dig att slutf\u00f6ra ditt projekt framg\u00e5ngsrikt. V\u00e5r Traffic Light-visual f\u00f6r Power BI erbjuder flexibel logik och helt anpassningsbar design, s\u00e5 att du kan imponera p\u00e5 dina kunder med imponerande, professionella instrumentpaneler. Spara tid och energi med v\u00e5r grafik och dra nytta av v\u00e5r personliga, direkta support f\u00f6r eventuella fr\u00e5gor eller problem du kan ha.<\/p>\n\n\n\n<p><em>Tydlig kommunikation och enkel hantering f\u00f6rb\u00e4ttrar din service och g\u00f6r ditt jobb enklare.<\/em><\/p>\n\n\n\n<div style=\"height:50px\" aria-hidden=\"true\" class=\"wp-block-spacer\"><\/div>\n\n\n\n<div class=\"wp-block-group alignfull has-black-color has-text-color has-background has-link-color wp-elements-d994ed8cdde441663adf95149c771378\" style=\"background-color:#eeeeee\"><div class=\"wp-block-group__inner-container is-layout-flow wp-block-group-is-layout-flow\">\n<div style=\"height:50px\" aria-hidden=\"true\" class=\"wp-block-spacer\"><\/div>\n\n\n\n<h3 class=\"has-text-align-center wp-block-heading\">Funktioner<\/h3>\n\n\n\n<div style=\"height:50px\" aria-hidden=\"true\" class=\"wp-block-spacer\"><\/div>\n\n\n\n<div class=\"wp-block-columns is-layout-flex wp-container-core-columns-is-layout-1 wp-block-columns-is-layout-flex\">\n<div class=\"wp-block-column is-layout-flow wp-block-column-is-layout-flow\">\n<div class=\"wp-block-media-text alignwide is-stacked-on-mobile\" style=\"grid-template-columns:15% auto\"><figure class=\"wp-block-media-text__media\"><img loading=\"lazy\" decoding=\"async\" width=\"1024\" height=\"1024\" src=\"https:\/\/www.leaplytics.de\/wp-content\/uploads\/2022\/05\/Light-System-1024x1024.png\" alt=\"\" class=\"wp-image-7708 size-full\" srcset=\"https:\/\/www.leaplytics.de\/wp-content\/uploads\/2022\/05\/Light-System-1024x1024.png 1024w, https:\/\/www.leaplytics.de\/wp-content\/uploads\/2022\/05\/Light-System-300x300.png 300w, https:\/\/www.leaplytics.de\/wp-content\/uploads\/2022\/05\/Light-System-150x150.png 150w, https:\/\/www.leaplytics.de\/wp-content\/uploads\/2022\/05\/Light-System-768x768.png 768w, https:\/\/www.leaplytics.de\/wp-content\/uploads\/2022\/05\/Light-System-1536x1536.png 1536w, https:\/\/www.leaplytics.de\/wp-content\/uploads\/2022\/05\/Light-System-2048x2048.png 2048w, https:\/\/www.leaplytics.de\/wp-content\/uploads\/2022\/05\/Light-System-370x370.png 370w, https:\/\/www.leaplytics.de\/wp-content\/uploads\/2022\/05\/Light-System-60x60.png 60w, https:\/\/www.leaplytics.de\/wp-content\/uploads\/2022\/05\/Light-System-600x600.png 600w, https:\/\/www.leaplytics.de\/wp-content\/uploads\/2022\/05\/Light-System-100x100.png 100w\" sizes=\"auto, (max-width: 1024px) 100vw, 1024px\" \/><\/figure><div class=\"wp-block-media-text__content\">\n<p style=\"font-size:22px\"><strong>Ljussystem<\/strong><\/p>\n\n\n\n<p>V\u00e4lj mellan ett system med en, tv\u00e5 eller tre lampor.<\/p>\n<\/div><\/div>\n<\/div>\n\n\n\n<div class=\"wp-block-column is-layout-flow wp-block-column-is-layout-flow\">\n<div class=\"wp-block-media-text alignwide is-stacked-on-mobile\" style=\"grid-template-columns:15% auto\"><figure class=\"wp-block-media-text__media\"><img loading=\"lazy\" decoding=\"async\" width=\"1024\" height=\"1024\" src=\"https:\/\/www.leaplytics.de\/wp-content\/uploads\/2022\/05\/Alignment-1024x1024.png\" alt=\"\" class=\"wp-image-7709 size-full\" srcset=\"https:\/\/www.leaplytics.de\/wp-content\/uploads\/2022\/05\/Alignment-1024x1024.png 1024w, https:\/\/www.leaplytics.de\/wp-content\/uploads\/2022\/05\/Alignment-300x300.png 300w, https:\/\/www.leaplytics.de\/wp-content\/uploads\/2022\/05\/Alignment-150x150.png 150w, https:\/\/www.leaplytics.de\/wp-content\/uploads\/2022\/05\/Alignment-768x768.png 768w, https:\/\/www.leaplytics.de\/wp-content\/uploads\/2022\/05\/Alignment-1536x1536.png 1536w, https:\/\/www.leaplytics.de\/wp-content\/uploads\/2022\/05\/Alignment-2048x2048.png 2048w, https:\/\/www.leaplytics.de\/wp-content\/uploads\/2022\/05\/Alignment-370x370.png 370w, https:\/\/www.leaplytics.de\/wp-content\/uploads\/2022\/05\/Alignment-60x60.png 60w, https:\/\/www.leaplytics.de\/wp-content\/uploads\/2022\/05\/Alignment-600x600.png 600w, https:\/\/www.leaplytics.de\/wp-content\/uploads\/2022\/05\/Alignment-100x100.png 100w\" sizes=\"auto, (max-width: 1024px) 100vw, 1024px\" \/><\/figure><div class=\"wp-block-media-text__content\">\n<p style=\"font-size:22px\"><strong>Inriktning<\/strong><\/p>\n\n\n\n<p>Anv\u00e4nd Visual i vertikal eller horisontell linjef\u00f6ring.<\/p>\n<\/div><\/div>\n<\/div>\n<\/div>\n\n\n\n<div style=\"height:50px\" aria-hidden=\"true\" class=\"wp-block-spacer\"><\/div>\n\n\n\n<div class=\"wp-block-columns is-layout-flex wp-container-core-columns-is-layout-2 wp-block-columns-is-layout-flex\">\n<div class=\"wp-block-column is-layout-flow wp-block-column-is-layout-flow\">\n<div class=\"wp-block-media-text alignwide is-stacked-on-mobile\" style=\"grid-template-columns:15% auto\"><figure class=\"wp-block-media-text__media\"><img loading=\"lazy\" decoding=\"async\" width=\"1024\" height=\"1024\" src=\"https:\/\/www.leaplytics.de\/wp-content\/uploads\/2022\/05\/Color-Settings-1024x1024.png\" alt=\"\" class=\"wp-image-7710 size-full\" srcset=\"https:\/\/www.leaplytics.de\/wp-content\/uploads\/2022\/05\/Color-Settings-1024x1024.png 1024w, https:\/\/www.leaplytics.de\/wp-content\/uploads\/2022\/05\/Color-Settings-300x300.png 300w, https:\/\/www.leaplytics.de\/wp-content\/uploads\/2022\/05\/Color-Settings-150x150.png 150w, https:\/\/www.leaplytics.de\/wp-content\/uploads\/2022\/05\/Color-Settings-768x768.png 768w, https:\/\/www.leaplytics.de\/wp-content\/uploads\/2022\/05\/Color-Settings-1536x1536.png 1536w, https:\/\/www.leaplytics.de\/wp-content\/uploads\/2022\/05\/Color-Settings-2048x2048.png 2048w, https:\/\/www.leaplytics.de\/wp-content\/uploads\/2022\/05\/Color-Settings-370x370.png 370w, https:\/\/www.leaplytics.de\/wp-content\/uploads\/2022\/05\/Color-Settings-60x60.png 60w, https:\/\/www.leaplytics.de\/wp-content\/uploads\/2022\/05\/Color-Settings-600x600.png 600w, https:\/\/www.leaplytics.de\/wp-content\/uploads\/2022\/05\/Color-Settings-100x100.png 100w\" sizes=\"auto, (max-width: 1024px) 100vw, 1024px\" \/><\/figure><div class=\"wp-block-media-text__content\">\n<p style=\"font-size:22px\"><strong>F\u00e4rginst\u00e4llningar<\/strong><\/p>\n\n\n\n<p>\u00c4ndra f\u00e4rgen p\u00e5 alla grafiska objekt s\u00e5 att de uppfyller dina CI-standarder.<\/p>\n<\/div><\/div>\n<\/div>\n\n\n\n<div class=\"wp-block-column is-layout-flow wp-block-column-is-layout-flow\">\n<div class=\"wp-block-media-text alignwide is-stacked-on-mobile\" style=\"grid-template-columns:15% auto\"><figure class=\"wp-block-media-text__media\"><img loading=\"lazy\" decoding=\"async\" width=\"1021\" height=\"1024\" src=\"https:\/\/www.leaplytics.de\/wp-content\/uploads\/2022\/05\/Text-Settings-1021x1024.png\" alt=\"\" class=\"wp-image-7711 size-full\" srcset=\"https:\/\/www.leaplytics.de\/wp-content\/uploads\/2022\/05\/Text-Settings-1021x1024.png 1021w, https:\/\/www.leaplytics.de\/wp-content\/uploads\/2022\/05\/Text-Settings-300x300.png 300w, https:\/\/www.leaplytics.de\/wp-content\/uploads\/2022\/05\/Text-Settings-150x150.png 150w, https:\/\/www.leaplytics.de\/wp-content\/uploads\/2022\/05\/Text-Settings-768x771.png 768w, https:\/\/www.leaplytics.de\/wp-content\/uploads\/2022\/05\/Text-Settings-1531x1536.png 1531w, https:\/\/www.leaplytics.de\/wp-content\/uploads\/2022\/05\/Text-Settings-2041x2048.png 2041w, https:\/\/www.leaplytics.de\/wp-content\/uploads\/2022\/05\/Text-Settings-370x370.png 370w, https:\/\/www.leaplytics.de\/wp-content\/uploads\/2022\/05\/Text-Settings-60x60.png 60w, https:\/\/www.leaplytics.de\/wp-content\/uploads\/2022\/05\/Text-Settings-600x602.png 600w, https:\/\/www.leaplytics.de\/wp-content\/uploads\/2022\/05\/Text-Settings-100x100.png 100w\" sizes=\"auto, (max-width: 1021px) 100vw, 1021px\" \/><\/figure><div class=\"wp-block-media-text__content\">\n<p style=\"font-size:22px\"><strong>Textinst\u00e4llningar<\/strong><\/p>\n\n\n\n<p>Anv\u00e4nd textinst\u00e4llningarna f\u00f6r att anpassa textens utseende till dina individuella behov. <\/p>\n<\/div><\/div>\n<\/div>\n<\/div>\n\n\n\n<div style=\"height:50px\" aria-hidden=\"true\" class=\"wp-block-spacer\"><\/div>\n\n\n\n<div class=\"wp-block-columns is-layout-flex wp-container-core-columns-is-layout-3 wp-block-columns-is-layout-flex\">\n<div class=\"wp-block-column is-layout-flow wp-block-column-is-layout-flow\">\n<div class=\"wp-block-media-text alignwide is-stacked-on-mobile\" style=\"grid-template-columns:15% auto\"><figure class=\"wp-block-media-text__media\"><img loading=\"lazy\" decoding=\"async\" width=\"1024\" height=\"1024\" src=\"https:\/\/www.leaplytics.de\/wp-content\/uploads\/2022\/06\/Certification-1-1024x1024.png\" alt=\"\" class=\"wp-image-8453 size-full\" srcset=\"https:\/\/www.leaplytics.de\/wp-content\/uploads\/2022\/06\/Certification-1-1024x1024.png 1024w, https:\/\/www.leaplytics.de\/wp-content\/uploads\/2022\/06\/Certification-1-300x300.png 300w, https:\/\/www.leaplytics.de\/wp-content\/uploads\/2022\/06\/Certification-1-150x150.png 150w, https:\/\/www.leaplytics.de\/wp-content\/uploads\/2022\/06\/Certification-1-768x768.png 768w, https:\/\/www.leaplytics.de\/wp-content\/uploads\/2022\/06\/Certification-1-1536x1536.png 1536w, https:\/\/www.leaplytics.de\/wp-content\/uploads\/2022\/06\/Certification-1-2048x2048.png 2048w, https:\/\/www.leaplytics.de\/wp-content\/uploads\/2022\/06\/Certification-1-370x370.png 370w, https:\/\/www.leaplytics.de\/wp-content\/uploads\/2022\/06\/Certification-1-60x60.png 60w\" sizes=\"auto, (max-width: 1024px) 100vw, 1024px\" \/><\/figure><div class=\"wp-block-media-text__content\">\n<p style=\"font-size:22px\"><strong>PBI-certifierad<\/strong><\/p>\n\n\n\n<p>Den h\u00e4r visualen uppfyller Microsofts h\u00f6gsta s\u00e4kerhetsstandarder och st\u00f6der export till PDF och PowerPoint.<\/p>\n<\/div><\/div>\n<\/div>\n\n\n\n<div class=\"wp-block-column is-layout-flow wp-block-column-is-layout-flow\"><\/div>\n<\/div>\n\n\n\n<div style=\"height:50px\" aria-hidden=\"true\" class=\"wp-block-spacer\"><\/div>\n<\/div><\/div>\n\n\n\n<div style=\"height:75px\" aria-hidden=\"true\" class=\"wp-block-spacer\"><\/div>\n\n\n\n<figure class=\"wp-block-embed is-type-video is-provider-youtube wp-block-embed-youtube wp-embed-aspect-16-9 wp-has-aspect-ratio\"><div class=\"wp-block-embed__wrapper\" align=\"center\">\n<iframe loading=\"lazy\" title=\"Power BI - Trafikljus KPI Visuell\" width=\"770\" height=\"433\" src=\"https:\/\/www.youtube.com\/embed\/Ss6B1O-qtnA?feature=oembed\" frameborder=\"0\" allow=\"accelerometer; autoplay; clipboard-write; encrypted-media; gyroscope; picture-in-picture; web-share\" allowfullscreen><\/iframe>\n<\/div><\/figure>\n\n\n\n<div style=\"height:45px\" aria-hidden=\"true\" class=\"wp-block-spacer\"><\/div>\n\n\n\n<h3 class=\"has-text-align-center wp-block-heading\">H\u00e4mta den nu!<\/h3>\n\n\n\n<div style=\"height:50px\" aria-hidden=\"true\" class=\"wp-block-spacer\"><\/div>\n\n\n\n<div class=\"wp-block-columns alignwide is-layout-flex wp-container-core-columns-is-layout-4 wp-block-columns-is-layout-flex\">\n<div class=\"wp-block-column has-text-color has-background has-link-color wp-elements-6226b2130b508035f3b09a7442aec556 is-layout-flow wp-block-column-is-layout-flow\" style=\"color:#000000;background-color:#eeeeee;padding-top:2em;padding-right:2em;padding-bottom:2em;padding-left:2em\">\n<h2 class=\"wp-block-heading\" id=\"single\" style=\"font-size:40px\"><strong>TRIAL-version<\/strong><\/h2>\n\n\n\n<div style=\"height:10px\" aria-hidden=\"true\" class=\"wp-block-spacer\"><\/div>\n\n\n\n<p class=\"has-normal-font-size\" style=\"line-height:1.5\">TRIAL-versionen av LeapLytics - Traffic Light \u00e4r gratis att anv\u00e4nda i fyra veckor p\u00e5 vilken server som helst och i vilket f\u00f6retag som helst. Testa nu om v\u00e5r l\u00f6sning uppfyller dina krav.<\/p>\n\n\n\n<div style=\"height:10px\" aria-hidden=\"true\" class=\"wp-block-spacer\"><\/div>\n\n\n\n<hr class=\"wp-block-separator has-text-color has-css-opacity has-background is-style-wide\" style=\"background-color:#000000;color:#000000\"\/>\n\n\n\n<div style=\"height:10px\" aria-hidden=\"true\" class=\"wp-block-spacer\"><\/div>\n\n\n\n<p><i class=\"fas fa-check\"><\/i> System med tre ljusk\u00e4llor<\/p>\n\n\n\n<p><i class=\"fas fa-check\"><\/i>  System med tv\u00e5 ljusk\u00e4llor<\/p>\n\n\n\n<p><i class=\"fas fa-check\"><\/i> One Light-system<\/p>\n\n\n\n<p><i class=\"fas fa-check\"><\/i> Vertikal inriktning<\/p>\n\n\n\n<p><i class=\"fas fa-check\"><\/i> Horisontell inriktning<\/p>\n\n\n\n<p><i class=\"fas fa-check\"><\/i> Inst\u00e4llningar f\u00f6r gr\u00e4nser<\/p>\n\n\n\n<p><i class=\"fas fa-check\"><\/i> Textinst\u00e4llningar<\/p>\n\n\n\n<p><i class=\"fas fa-check\"><\/i> F\u00e4rginst\u00e4llningar<\/p>\n\n\n\n<div class=\"wp-block-buttons alignfull is-horizontal is-content-justification-center is-layout-flex wp-container-core-buttons-is-layout-1 wp-block-buttons-is-layout-flex\">\n<div class=\"wp-block-button\"><a class=\"wp-block-button__link has-white-color has-text-color wp-element-button\" href=\"https:\/\/appsource.microsoft.com\/en-en\/product\/power-bi-visuals\/leaplyticsgmbh1633373694058.leaplytics_traffic_light\" target=\"_blank\" rel=\"noreferrer noopener\">Gratis nedladdning<\/a><\/div>\n\n\n\n<div class=\"wp-block-button\"><a class=\"wp-block-button__link has-white-color has-text-color wp-element-button\" href=\"https:\/\/www.leaplytics.de\/sv\/trafikljus-power-bi-trial\/\">Beg\u00e4r provperiod<\/a><\/div>\n<\/div>\n<\/div>\n\n\n\n<div class=\"wp-block-column has-text-color has-background has-link-color wp-elements-60bfb23c4dfc59182e0371e21c3f4f32 is-layout-flow wp-block-column-is-layout-flow\" style=\"color:#000000;background-color:#f2c80f;padding-top:2em;padding-right:2em;padding-bottom:2em;padding-left:2em\">\n<h2 class=\"wp-block-heading\" id=\"family\" style=\"font-size:40px\"><strong>PRO-version<\/strong><\/h2>\n\n\n\n<div style=\"height:10px\" aria-hidden=\"true\" class=\"wp-block-spacer\"><\/div>\n\n\n\n<p class=\"has-normal-font-size\" style=\"line-height:1.5\">PRO-versionen av LeapLytics - Traffic Light sl\u00e4pper loss den fulla kraften i denna visuella. En licens per server och f\u00f6retag - Ett pris per \u00e5r. <\/p>\n\n\n\n<div style=\"height:10px\" aria-hidden=\"true\" class=\"wp-block-spacer\"><\/div>\n\n\n\n<hr class=\"wp-block-separator has-text-color has-black-color has-css-opacity has-black-background-color has-background is-style-wide\"\/>\n\n\n\n<div style=\"height:10px\" aria-hidden=\"true\" class=\"wp-block-spacer\"><\/div>\n\n\n\n<p><i class=\"fas fa-check\"><\/i>   System med tre ljusk\u00e4llor<\/p>\n\n\n\n<p><i class=\"fas fa-check\"><\/i>   System med tv\u00e5 ljusk\u00e4llor<\/p>\n\n\n\n<p><i class=\"fas fa-check\"><\/i> One Light-system<\/p>\n\n\n\n<p><i class=\"fas fa-check\"><\/i> Vertikal inriktning<\/p>\n\n\n\n<p><i class=\"fas fa-check\"><\/i> Horisontell inriktning<\/p>\n\n\n\n<p><i class=\"fas fa-check\"><\/i> Inst\u00e4llningar f\u00f6r gr\u00e4nser<\/p>\n\n\n\n<p><i class=\"fas fa-check\"><\/i> Textinst\u00e4llningar<\/p>\n\n\n\n<p><i class=\"fas fa-check\"><\/i> F\u00e4rginst\u00e4llningar<\/p>\n\n\n\n<div class=\"wp-block-buttons alignfull is-horizontal is-content-justification-center is-layout-flex wp-container-core-buttons-is-layout-2 wp-block-buttons-is-layout-flex\">\n<div class=\"wp-block-button\"><a class=\"wp-block-button__link has-white-color has-text-color wp-element-button\" href=\"https:\/\/shop.leaplytics.de\/product\/power-bi-traffic-light\/\">Skaffa PRO-version<\/a><\/div>\n<\/div>\n<\/div>\n<\/div>\n\n\n\n<h3 class=\"has-text-align-center wp-block-heading\">Handledning<\/h3>\n\n\n\n<figure class=\"wp-block-embed is-type-wp-embed is-provider-leaplytics wp-block-embed-leaplytics\"><div class=\"wp-block-embed__wrapper\">\n<blockquote class=\"wp-embedded-content\" data-secret=\"cwg50Zk5fq\"><a href=\"https:\/\/www.leaplytics.de\/sv\/komma-igang-trafikljus-power-bi\/\">Kom ig\u00e5ng - Trafikljus<\/a><\/blockquote><iframe loading=\"lazy\" class=\"wp-embedded-content\" sandbox=\"allow-scripts\" security=\"restricted\" style=\"position: absolute; clip: rect(1px, 1px, 1px, 1px);\" title=\"&quot;Kom ig\u00e5ng - Trafikljus&quot; - LeapLytics\" src=\"https:\/\/www.leaplytics.de\/getting-started-traffic-light-power-bi\/embed\/#?secret=JIdoTDIlqE#?secret=cwg50Zk5fq\" data-secret=\"cwg50Zk5fq\" width=\"600\" height=\"338\" frameborder=\"0\" marginwidth=\"0\" marginheight=\"0\" scrolling=\"no\"><\/iframe>\n<\/div><\/figure>\n\n\n\n<figure class=\"wp-block-embed is-type-wp-embed is-provider-leaplytics wp-block-embed-leaplytics\"><div class=\"wp-block-embed__wrapper\">\n<blockquote class=\"wp-embedded-content\" data-secret=\"UYaIRF2azY\"><a href=\"https:\/\/www.leaplytics.de\/sv\/format-alternativ-trafikljus-strom-bi\/\">Formatalternativ - Trafikljus<\/a><\/blockquote><iframe loading=\"lazy\" class=\"wp-embedded-content\" sandbox=\"allow-scripts\" security=\"restricted\" style=\"position: absolute; clip: rect(1px, 1px, 1px, 1px);\" title=\"&quot;Formatalternativ - Trafikljus&quot; - LeapLytics\" src=\"https:\/\/www.leaplytics.de\/format-options-traffic-light-power-bi\/embed\/#?secret=AAuzBxTRft#?secret=UYaIRF2azY\" data-secret=\"UYaIRF2azY\" width=\"600\" height=\"338\" frameborder=\"0\" marginwidth=\"0\" marginheight=\"0\" scrolling=\"no\"><\/iframe>\n<\/div><\/figure>\n\n\n\n<div style=\"height:100px\" aria-hidden=\"true\" class=\"wp-block-spacer\"><\/div>\n\n\n\n<h3 class=\"has-text-align-center wp-block-heading\">Dokumentation:<\/h3>\n\n\n<div class=\"_df_book df-lite\" id=\"df_2352\"  _slug=\"traffic-light-power-bi\" data-title=\"traffic-light-power-bi\" wpoptions=\"true\" thumb=\"https:\/\/www.leaplytics.de\/wp-content\/uploads\/2020\/10\/Three-Traffic-Lights-e1613769321194.png\" thumbtype=\"\" ><\/div><script class=\"df-shortcode-script\" nowprocket type=\"application\/javascript\">window.option_df_2352 = {\"outline\":[],\"autoEnableOutline\":\"false\",\"autoEnableThumbnail\":\"false\",\"overwritePDFOutline\":\"false\",\"direction\":\"1\",\"pageSize\":\"0\",\"source\":\"https:\\\/\\\/www.leaplytics.de\\\/wp-content\\\/uploads\\\/2021\\\/11\\\/Traffic-Light-PowerBI-User-Documentation_1.0.pdf\",\"wpOptions\":\"true\"}; if(window.DFLIP && window.DFLIP.parseBooks){window.DFLIP.parseBooks();}<\/script>\n\n\n\n<div style=\"height:50px\" aria-hidden=\"true\" class=\"wp-block-spacer\"><\/div>\n\n\n\n<div class=\"wp-block-buttons is-content-justification-center is-layout-flex wp-container-core-buttons-is-layout-3 wp-block-buttons-is-layout-flex\">\n<div class=\"wp-block-button aligncenter has-custom-font-size\" style=\"font-size:16px\"><a class=\"wp-block-button__link wp-element-button\" href=\"https:\/\/www.leaplytics.de\/wp-content\/uploads\/2021\/11\/Traffic-Light-PowerBI-User-Documentation_1.0.pdf\" target=\"_blank\" rel=\"noreferrer noopener\">Ladda ner dokumentation<\/a><\/div>\n<\/div>\n\n\n\n<p class=\"has-text-align-right\"><a href=\"#\">Tillbaka till toppen \u25b2<\/a><\/p>","protected":false},"excerpt":{"rendered":"<p>H\u00e5ll koll p\u00e5 din projektstatus och milstolpar med denna visuella trafikljusl\u00f6sning! Detta \u00e4r det huvudsakliga m\u00e5let med detta Traffic Light Custom Visual f\u00f6r Microsoft Power BI. \"Traffic Light\" \u00e4r en mycket anpassningsbar Power BI Visual f\u00f6r \u00f6vervakning av dina KPI: er. Flera inst\u00e4llningar som horisontell och vertikal inriktning eller ett tv\u00e5\/tre-ljussystem anpassar denna visuella till dina rapporteringsbehov.<br \/>\nDen h\u00e4r visuella l\u00f6sningen kan ocks\u00e5 anv\u00e4ndas f\u00f6r att \u00f6vervaka och ange tr\u00f6skelv\u00e4rden f\u00f6r alla typer av fysiska m\u00e5tt, kvalitetsindikatorer och avvikelser i allm\u00e4nhet. D\u00e4rmed kan den till\u00e4mpas p\u00e5 ett stort antal anv\u00e4ndningsomr\u00e5den som f\u00f6rekommer i olika verksamheter.<\/p>","protected":false},"author":1,"featured_media":0,"parent":2301,"menu_order":1,"comment_status":"closed","ping_status":"closed","template":"","meta":{"footnotes":""},"class_list":["post-2170","page","type-page","status-publish","hentry","latest_post"],"_links":{"self":[{"href":"https:\/\/www.leaplytics.de\/sv\/wp-json\/wp\/v2\/pages\/2170","targetHints":{"allow":["GET"]}}],"collection":[{"href":"https:\/\/www.leaplytics.de\/sv\/wp-json\/wp\/v2\/pages"}],"about":[{"href":"https:\/\/www.leaplytics.de\/sv\/wp-json\/wp\/v2\/types\/page"}],"author":[{"embeddable":true,"href":"https:\/\/www.leaplytics.de\/sv\/wp-json\/wp\/v2\/users\/1"}],"replies":[{"embeddable":true,"href":"https:\/\/www.leaplytics.de\/sv\/wp-json\/wp\/v2\/comments?post=2170"}],"version-history":[{"count":0,"href":"https:\/\/www.leaplytics.de\/sv\/wp-json\/wp\/v2\/pages\/2170\/revisions"}],"up":[{"embeddable":true,"href":"https:\/\/www.leaplytics.de\/sv\/wp-json\/wp\/v2\/pages\/2301"}],"wp:attachment":[{"href":"https:\/\/www.leaplytics.de\/sv\/wp-json\/wp\/v2\/media?parent=2170"}],"curies":[{"name":"wp","href":"https:\/\/api.w.org\/{rel}","templated":true}]}}