{"id":2301,"date":"2021-09-10T23:49:33","date_gmt":"2021-09-10T21:49:33","guid":{"rendered":"https:\/\/www.leaplytics.de\/?page_id=2301"},"modified":"2022-05-08T00:34:51","modified_gmt":"2022-05-07T22:34:51","slug":"projektledning-anpassade-visualiseringar-microsoft-powerbi","status":"publish","type":"page","link":"https:\/\/www.leaplytics.de\/sv\/forstasida\/projektledning-anpassade-visualiseringar-microsoft-powerbi\/","title":{"rendered":"Projektledning - anpassade visualiseringar f\u00f6r Microsoft Power BI"},"content":{"rendered":"<p><strong>Effektivt och aff\u00e4rsrelaterat<\/strong> \u00e4r ett varum\u00e4rke som tillh\u00f6r LeapLytics och merv\u00e4rdet av v\u00e5ra l\u00f6sningar.<\/p>\n<p>V\u00e5ra anpassade visualiseringar f\u00f6r projektledning f\u00f6r Microsoft Power BI \u00e4r officiellt godk\u00e4nda av Microsoft och inneh\u00e5ller dina individuella l\u00f6sningar. Anv\u00e4nd de olika m\u00f6jligheterna f\u00f6r att f\u00f6rb\u00e4ttra din instrumentpanel och f\u00f6r att genomf\u00f6ra dina id\u00e9er. Till\u00e4ggen f\u00f6ljer en tydlig struktur och \u00e4r byggda med fokus p\u00e5 anv\u00e4ndaren f\u00f6r att g\u00f6ra det s\u00e5 intuitivt som m\u00f6jligt utan att ge upp viktiga funktioner.<\/p>\n<p>D\u00e4rf\u00f6r p\u00e5skyndar en omfattande dokumentation med detaljerade beskrivningar av m\u00f6jliga anv\u00e4ndningsfall anv\u00e4ndningen och implementeringen.<\/p>\n<p>Nedan hittar du de tillg\u00e4ngliga bilderna och utforska funktionaliteten genom att klicka p\u00e5 bilderna.<\/p>\n<p>\u00a0<\/p>\n\n\n<div class=\"wp-block-media-text alignwide is-stacked-on-mobile\" style=\"grid-template-columns:43% auto\"><figure class=\"wp-block-media-text__media\"><a href=\"https:\/\/www.leaplytics.de\/sv\/forstasida\/project-management-visuals-ms-powerbi\/trafikljusbilder-for-power-bi\/\"><img loading=\"lazy\" decoding=\"async\" width=\"287\" height=\"300\" src=\"https:\/\/www.leaplytics.de\/wp-content\/uploads\/2021\/11\/TrafficLight300pixel.png\" alt=\"\" class=\"wp-image-2361 size-full\" srcset=\"https:\/\/www.leaplytics.de\/wp-content\/uploads\/2021\/11\/TrafficLight300pixel.png 287w, https:\/\/www.leaplytics.de\/wp-content\/uploads\/2021\/11\/TrafficLight300pixel-57x60.png 57w\" sizes=\"auto, (max-width: 287px) 100vw, 287px\" \/><\/a><\/figure><div class=\"wp-block-media-text__content\">\n<p class=\"has-large-font-size\">Trafikljus Anpassad Visual<\/p>\n<\/div><\/div>\n\n\n\n<p><\/p>","protected":false},"excerpt":{"rendered":"<p>Effektivt och aff\u00e4rsrelaterat \u00e4r LeapLytics varum\u00e4rke och merv\u00e4rdet i v\u00e5ra l\u00f6sningar.\u00a0<\/p>","protected":false},"author":1,"featured_media":0,"parent":111,"menu_order":0,"comment_status":"closed","ping_status":"closed","template":"","meta":{"footnotes":""},"class_list":["post-2301","page","type-page","status-publish","hentry","latest_post"],"_links":{"self":[{"href":"https:\/\/www.leaplytics.de\/sv\/wp-json\/wp\/v2\/pages\/2301","targetHints":{"allow":["GET"]}}],"collection":[{"href":"https:\/\/www.leaplytics.de\/sv\/wp-json\/wp\/v2\/pages"}],"about":[{"href":"https:\/\/www.leaplytics.de\/sv\/wp-json\/wp\/v2\/types\/page"}],"author":[{"embeddable":true,"href":"https:\/\/www.leaplytics.de\/sv\/wp-json\/wp\/v2\/users\/1"}],"replies":[{"embeddable":true,"href":"https:\/\/www.leaplytics.de\/sv\/wp-json\/wp\/v2\/comments?post=2301"}],"version-history":[{"count":0,"href":"https:\/\/www.leaplytics.de\/sv\/wp-json\/wp\/v2\/pages\/2301\/revisions"}],"up":[{"embeddable":true,"href":"https:\/\/www.leaplytics.de\/sv\/wp-json\/wp\/v2\/pages\/111"}],"wp:attachment":[{"href":"https:\/\/www.leaplytics.de\/sv\/wp-json\/wp\/v2\/media?parent=2301"}],"curies":[{"name":"wp","href":"https:\/\/api.w.org\/{rel}","templated":true}]}}