{"id":368,"date":"2020-10-20T21:17:49","date_gmt":"2020-10-20T19:17:49","guid":{"rendered":"https:\/\/www.leaplytics.de\/?page_id=368"},"modified":"2020-10-20T21:32:37","modified_gmt":"2020-10-20T19:32:37","slug":"avtryck","status":"publish","type":"page","link":"https:\/\/www.leaplytics.de\/sv\/avtryck\/","title":{"rendered":"Avtryck"},"content":{"rendered":"<p>Uppgifter enligt \u00a7 5 TMG<\/p><p>LeapLytics GmbH<br \/>Stefan Preusler &amp; Dominik Galsheimer<br \/>Teutonenweg 18<br \/>63128 Dietzenbach<br \/>Tyskland<br \/><\/p><p><b>Vertreten durch:<\/b> Stefan Preusler &amp; Dominik Galsheimer<br \/><\/p><p><b>Kontakt:<\/b><br\/>E-post: <img decoding=\"async\" class=\"dsgvoaio_emailpng\" src=\"https:\/\/www.leaplytics.de\/wp-content\/dsgvo-all-in-one-wp-pro\/sserdaliame.png\"><br\/><\/p><p><b>Registereintrag:<\/b><br\/>Registergericht: Amtsgericht Offenbach am Main<br\/>Registernummer: HRB 53774<br\/><\/p><p><b>Umsatzsteuer-ID:<\/b> DE344747402<\/p><b>Haftungsavgr\u00e4nsning<\/b><br \/><b>Ansvar f\u00f6r l\u00e4nkar:<\/b><p>V\u00e5rt erbjudande inneh\u00e5ller l\u00e4nkar till externa webbplatser Dritter, p\u00e5 vars inneh\u00e5ll vi inte har n\u00e5got inflytande. D\u00e4rf\u00f6r kan vi inte heller ta \u00f6ver n\u00e5gra garantier f\u00f6r dessa inneh\u00e5ll. F\u00f6r inneh\u00e5llen p\u00e5 de avgr\u00e4nsade sidorna \u00e4r alltid respektive leverant\u00f6r eller anv\u00e4ndare av sidorna ansvarig. Die verlinkten Seiten wurden zum Zeitpunkt der Verlinkung auf m\u00f6gliche Rechtsverst\u00f6\u00dfe \u00fcberpr\u00fcft. Rechtswidrige Inhalte waren zum Zeitpunkt der Verlinkung nicht erkennbar. En permanent inhaltliche Kontrolle der verlinkten Seiten ist jedoch ohne konkrete Anhaltspunkte einer Rechtsverletzung nicht zumutbar. Vid Bekanntwerden von Rechtsverletzungen werden wir derartige Links umgehend entfernen.<\/p><b>Ansvar f\u00f6r inneh\u00e5ll:<\/b><p>Inneh\u00e5llet p\u00e5 v\u00e5ra sidor har tagits fram med st\u00f6rre noggrannhet. F\u00f6r inneh\u00e5llets riktighet, fullst\u00e4ndighet och aktualitet kan vi dock inte \u00f6verta n\u00e5got ansvar. Som tj\u00e4nsteleverant\u00f6r \u00e4r vi enligt \u00a7 7 Abs.1 TMG f\u00f6r egna inneh\u00e5ll p\u00e5 dessa sidor enligt de allm\u00e4nna best\u00e4mmelserna ansvariga. Enligt \u00a7 8 till 10 TMG \u00e4r vi som tj\u00e4nsteleverant\u00f6r dock inte skyldiga att \u00f6verf\u00f6ra \u00f6verenskommen eller specificerad framtagen information eller att ta h\u00e4nsyn till omst\u00e4ndigheter som p\u00e5verkar en rechtswidrige verksamhet. F\u00f6rpliktelser till Entfernung eller Sperrung der Nutzung von Informationen nach den allgemeinen Gesetzen bleiben hiervon unber\u00fchrt. En diesbez\u00fcgliche Haftung ist jedoch erst ab dem Zeitpunkt der Kenntnis einer konkreten Rechtsverletzung m\u00f6glich. Vid Bekanntwerden von entsprechenden Rechtsverletzungen werden wir diese Inhalte umgehend entfernen.<\/p><b>Urheberrecht<\/b><br \/><p>Die durch die Seitenbetreiber erstellten Inhalte und Werke auf diesen Seiten unterliegen dem deutschen Urheberrecht. Vervielf\u00e4ltigung, Bearbeitung, Verbreitung und jede Art der Verwertung au\u00dferhalb der Grenzen des Urheberrechtes bed\u00fcrfen der schriftlichen Zustimmung des jeweiligen Autors bzw. Erstellers. Nedladdningar och kopior p\u00e5 denna sida \u00e4r endast avsedda f\u00f6r privat, icke kommersiell anv\u00e4ndning. S\u00e5vida inneh\u00e5llet p\u00e5 denna sida inte har skapats av anv\u00e4ndaren, ska upphovsr\u00e4ttsreglerna i tredje hand beaktas. Insbesondere werden Inhalte Dritter als solche gekennzeichnet. Om du \u00e4nd\u00e5 \u00e4r uppm\u00e4rksam p\u00e5 en upphovsr\u00e4ttsf\u00f6rlust, v\u00e4nligen ge oss en motsvarande h\u00e4nvisning. Vid Bekanntwerden von Rechtsverletzungen werden wir derartige Inhalte umgehend entfernen.<\/p>","protected":false},"excerpt":{"rendered":"","protected":false},"author":1,"featured_media":0,"parent":0,"menu_order":0,"comment_status":"closed","ping_status":"closed","template":"","meta":{"footnotes":""},"class_list":["post-368","page","type-page","status-publish","hentry","latest_post"],"_links":{"self":[{"href":"https:\/\/www.leaplytics.de\/sv\/wp-json\/wp\/v2\/pages\/368","targetHints":{"allow":["GET"]}}],"collection":[{"href":"https:\/\/www.leaplytics.de\/sv\/wp-json\/wp\/v2\/pages"}],"about":[{"href":"https:\/\/www.leaplytics.de\/sv\/wp-json\/wp\/v2\/types\/page"}],"author":[{"embeddable":true,"href":"https:\/\/www.leaplytics.de\/sv\/wp-json\/wp\/v2\/users\/1"}],"replies":[{"embeddable":true,"href":"https:\/\/www.leaplytics.de\/sv\/wp-json\/wp\/v2\/comments?post=368"}],"version-history":[{"count":0,"href":"https:\/\/www.leaplytics.de\/sv\/wp-json\/wp\/v2\/pages\/368\/revisions"}],"wp:attachment":[{"href":"https:\/\/www.leaplytics.de\/sv\/wp-json\/wp\/v2\/media?parent=368"}],"curies":[{"name":"wp","href":"https:\/\/api.w.org\/{rel}","templated":true}]}}