{"id":4071,"date":"2022-03-11T12:42:51","date_gmt":"2022-03-11T11:42:51","guid":{"rendered":"https:\/\/www.leaplytics.de\/?page_id=4071"},"modified":"2022-06-15T15:07:10","modified_gmt":"2022-06-15T13:07:10","slug":"risk-heatmap-power-bi-erbjudande","status":"publish","type":"page","link":"https:\/\/www.leaplytics.de\/sv\/risk-heatmap-power-bi-erbjudande\/","title":{"rendered":"Risk Heatmap Power BI Erbjudande"},"content":{"rendered":"<div class=\"wp-block-image\">\n<figure class=\"aligncenter size-full is-resized\"><img loading=\"lazy\" decoding=\"async\" src=\"https:\/\/www.leaplytics.de\/wp-content\/uploads\/2022\/03\/risk-heatmap-power-bi.png\" alt=\"\" class=\"wp-image-4072\" width=\"283\" height=\"240\" srcset=\"https:\/\/www.leaplytics.de\/wp-content\/uploads\/2022\/03\/risk-heatmap-power-bi.png 566w, https:\/\/www.leaplytics.de\/wp-content\/uploads\/2022\/03\/risk-heatmap-power-bi-300x254.png 300w, https:\/\/www.leaplytics.de\/wp-content\/uploads\/2022\/03\/risk-heatmap-power-bi-71x60.png 71w\" sizes=\"auto, (max-width: 283px) 100vw, 283px\" \/><\/figure><\/div>\n\n\n<div style=\"height:50px\" aria-hidden=\"true\" class=\"wp-block-spacer\"><\/div>\n\n\n\n<div class=\"wp-block-columns alignwide is-layout-flex wp-container-core-columns-is-layout-1 wp-block-columns-is-layout-flex\">\n<div class=\"wp-block-column has-text-color has-background has-link-color wp-elements-4ad53a9712c68ea9ef90d9bb6ab15af0 is-layout-flow wp-block-column-is-layout-flow\" style=\"background-color:#eeeeee;color:#000000;padding-top:2em;padding-right:2em;padding-bottom:2em;padding-left:2em\">\n<h2 class=\"wp-block-heading\" id=\"single\" style=\"font-size:40px\"><strong>GRATIS version<\/strong><\/h2>\n\n\n\n<div style=\"height:10px\" aria-hidden=\"true\" class=\"wp-block-spacer\"><\/div>\n\n\n\n<p class=\"has-normal-font-size\" style=\"line-height:1.5\">Den GRATIS versionen av LeapLytics - Risk Heatmap \u00e4r gratis att anv\u00e4nda med vattenst\u00e4mpel och begr\u00e4nsad funktionalitet.<\/p>\n\n\n\n<div style=\"height:10px\" aria-hidden=\"true\" class=\"wp-block-spacer\"><\/div>\n\n\n\n<hr class=\"wp-block-separator has-text-color has-css-opacity has-background is-style-wide\" style=\"background-color:#000000;color:#000000\"\/>\n\n\n\n<div style=\"height:10px\" aria-hidden=\"true\" class=\"wp-block-spacer\"><\/div>\n\n\n\n<p><i class=\"fas fa-times\"><\/i> Vattenst\u00e4mpel borttagen<\/p>\n\n\n\n<p><i class=\"fas fa-times\"><\/i> Individuell rutn\u00e4tsstorlek<\/p>\n\n\n\n<p><i class=\"fas fa-times\"><\/i> F\u00e4rgomvandlare<\/p>\n\n\n\n<p><i class=\"fas fa-times\"><\/i> Inst\u00e4llningar f\u00f6r gr\u00e4nser<\/p>\n\n\n\n<p><i class=\"fas fa-times\"><\/i> Inst\u00e4llningar f\u00f6r axel<\/p>\n\n\n\n<p><i class=\"fas fa-times\"><\/i> Inst\u00e4llningar f\u00f6r indikator<\/p>\n\n\n\n<p><i class=\"fas fa-times\"><\/i> Textinst\u00e4llningar<\/p>\n\n\n\n<p><i class=\"fas fa-times\"><\/i> F\u00e4rginst\u00e4llningar<\/p>\n\n\n\n<div class=\"wp-block-buttons alignfull is-horizontal is-content-justification-center is-layout-flex wp-container-core-buttons-is-layout-1 wp-block-buttons-is-layout-flex\">\n<div class=\"wp-block-button\"><a class=\"wp-block-button__link\" href=\"https:\/\/appsource.microsoft.com\/en-en\/product\/power-bi-visuals\/leaplyticsgmbh1633373694058.leaplytics_risk_heatmap\" target=\"_blank\" rel=\"noreferrer noopener\">H\u00e4mta GRATIS version<\/a><\/div>\n<\/div>\n\n\n\n<div style=\"height:30px\" aria-hidden=\"true\" class=\"wp-block-spacer\"><\/div>\n\n\n\n<p class=\"has-text-align-center has-text-color\" style=\"color:#98bd00\"><strong><em>Du anv\u00e4nder redan den kostnadsfria versionen av detta visuella program.<\/em><\/strong><\/p>\n<\/div>\n\n\n\n<div class=\"wp-block-column has-text-color has-background has-link-color wp-elements-16d0e7f5a20f583a3877db068511f8aa is-layout-flow wp-block-column-is-layout-flow\" style=\"background-color:#f2c80f;color:#000000;padding-top:2em;padding-right:2em;padding-bottom:2em;padding-left:2em\">\n<h2 class=\"wp-block-heading\" id=\"family\" style=\"font-size:40px\"><strong>PRO-version<\/strong><\/h2>\n\n\n\n<div style=\"height:10px\" aria-hidden=\"true\" class=\"wp-block-spacer\"><\/div>\n\n\n\n<p class=\"has-normal-font-size\" style=\"line-height:1.5\">PRO-versionen av LeapLytics - Risk Heatmap tar bort vattenst\u00e4mpeln och alla begr\u00e4nsningar f\u00f6r att frig\u00f6ra den fulla kraften i denna visuella.<\/p>\n\n\n\n<div style=\"height:10px\" aria-hidden=\"true\" class=\"wp-block-spacer\"><\/div>\n\n\n\n<hr class=\"wp-block-separator has-text-color has-black-color has-css-opacity has-black-background-color has-background is-style-wide\"\/>\n\n\n\n<div style=\"height:10px\" aria-hidden=\"true\" class=\"wp-block-spacer\"><\/div>\n\n\n\n<p><i class=\"fas fa-check\"><\/i>  Vattenst\u00e4mpel borttagen<\/p>\n\n\n\n<p><i class=\"fas fa-check\"><\/i>  Individuell rutn\u00e4tsstorlek<\/p>\n\n\n\n<p><i class=\"fas fa-check\"><\/i>  F\u00e4rgomvandlare<\/p>\n\n\n\n<p><i class=\"fas fa-check\"><\/i>  Inst\u00e4llningar f\u00f6r gr\u00e4nser<\/p>\n\n\n\n<p><i class=\"fas fa-check\"><\/i>  Inst\u00e4llningar f\u00f6r axel<\/p>\n\n\n\n<p><i class=\"fas fa-check\"><\/i>  Inst\u00e4llningar f\u00f6r indikator<\/p>\n\n\n\n<p><i class=\"fas fa-check\"><\/i>  Textinst\u00e4llningar<\/p>\n\n\n\n<p><i class=\"fas fa-check\"><\/i>  F\u00e4rginst\u00e4llningar<\/p>\n\n\n\n<div class=\"wp-block-buttons is-content-justification-center is-layout-flex wp-container-core-buttons-is-layout-2 wp-block-buttons-is-layout-flex\">\n<div class=\"wp-block-button\"><a class=\"wp-block-button__link\" href=\"https:\/\/shop.leaplytics.de\/product\/power-bi-risk-heatmap\/\">K\u00f6p PRO-version<\/a><\/div>\n<\/div>\n\n\n\n<div style=\"height:10px\" aria-hidden=\"true\" class=\"wp-block-spacer\"><\/div>\n\n\n\n<div class=\"wp-block-buttons is-layout-flex wp-block-buttons-is-layout-flex\">\n<div class=\"wp-block-button aligncenter\"><a class=\"wp-block-button__link has-white-color has-text-color\" href=\"https:\/\/www.leaplytics.de\/sv\/risk-heatmap-power-bi-erbjudande\/#contact\">Prova PRO-versionen<\/a><\/div>\n<\/div>\n\n\n\n<div class=\"wp-block-buttons alignfull is-horizontal is-content-justification-center is-layout-flex wp-container-core-buttons-is-layout-4 wp-block-buttons-is-layout-flex\"><\/div>\n<\/div>\n<\/div>\n\n\n\n<div style=\"height:50px\" aria-hidden=\"true\" class=\"wp-block-spacer\"><\/div>\n\n\n\n<hr class=\"wp-block-separator has-text-color has-cyan-bluish-gray-color has-css-opacity has-cyan-bluish-gray-background-color has-background is-style-default\"\/>\n\n\n\n<div style=\"height:50px\" aria-hidden=\"true\" class=\"wp-block-spacer\"><\/div>\n\n\n\n<h2 class=\"wp-block-heading\" id=\"contact\">Prova innan du k\u00f6per! <\/h2>\n\n\n\n<div style=\"height:10px\" aria-hidden=\"true\" class=\"wp-block-spacer\"><\/div>\n\n\n\n<h4 class=\"wp-block-heading\" id=\"contact\">Beg\u00e4r din personliga 2-veckors testlicens nu!<\/h4>\n\n\n\n<div style=\"height:50px\" aria-hidden=\"true\" class=\"wp-block-spacer\"><\/div>\n\n\n\n<div class=\"wpcf7 no-js\" id=\"wpcf7-f8637-o1\" lang=\"de-DE\" dir=\"ltr\" data-wpcf7-id=\"8637\">\n<div class=\"screen-reader-response\"><p role=\"status\" aria-live=\"polite\" aria-atomic=\"true\"><\/p> <ul><\/ul><\/div>\n<form action=\"\/sv\/wp-json\/wp\/v2\/pages\/4071#wpcf7-f8637-o1\" method=\"post\" class=\"wpcf7-form init\" aria-label=\"Kontaktformular\" novalidate=\"novalidate\" data-status=\"init\" data-trp-original-action=\"\/sv\/wp-json\/wp\/v2\/pages\/4071#wpcf7-f8637-o1\">\n<fieldset class=\"hidden-fields-container\"><input type=\"hidden\" name=\"_wpcf7\" value=\"8637\" \/><input type=\"hidden\" name=\"_wpcf7_version\" value=\"6.1.1\" \/><input type=\"hidden\" name=\"_wpcf7_locale\" value=\"de_DE\" \/><input type=\"hidden\" name=\"_wpcf7_unit_tag\" value=\"wpcf7-f8637-o1\" \/><input type=\"hidden\" name=\"_wpcf7_container_post\" value=\"0\" \/><input type=\"hidden\" name=\"_wpcf7_posted_data_hash\" value=\"\" \/><input type=\"hidden\" name=\"_wpcf7_recaptcha_response\" value=\"\" \/>\n<\/fieldset>\n<p><label> F\u00f6rnamn (*)<br \/>\n<span class=\"wpcf7-form-control-wrap\" data-name=\"first-name\"><input size=\"40\" maxlength=\"400\" class=\"wpcf7-form-control wpcf7-text wpcf7-validates-as-required\" aria-required=\"true\" aria-invalid=\"false\" value=\"\" type=\"text\" name=\"first-name\" \/><\/span><\/label>\n<\/p>\n<p><label> Efternamn (*)<br \/>\n<span class=\"wpcf7-form-control-wrap\" data-name=\"your-name\"><input size=\"40\" maxlength=\"400\" class=\"wpcf7-form-control wpcf7-text wpcf7-validates-as-required\" aria-required=\"true\" aria-invalid=\"false\" value=\"\" type=\"text\" name=\"your-name\" \/><\/span> <\/label>\n<\/p>\n<p><label> E-post f\u00f6r f\u00f6retag (*)<br \/>\n<span class=\"wpcf7-form-control-wrap\" data-name=\"your-email\"><input size=\"40\" maxlength=\"400\" class=\"wpcf7-form-control wpcf7-email wpcf7-validates-as-required wpcf7-text wpcf7-validates-as-email\" aria-required=\"true\" aria-invalid=\"false\" value=\"\" type=\"email\" name=\"your-email\" \/><\/span> <\/label>\n<\/p>\n<p><label> F\u00f6retag (*)<br \/>\n<span class=\"wpcf7-form-control-wrap\" data-name=\"Company\"><input size=\"40\" maxlength=\"400\" class=\"wpcf7-form-control wpcf7-text wpcf7-validates-as-required\" aria-required=\"true\" aria-invalid=\"false\" value=\"\" type=\"text\" name=\"Company\" \/><\/span> <\/label>\n<\/p>\n<p><b>V\u00e4nligen notera:<\/b> Om du g\u00f6r det <u>inte se<\/u> \"Skicka\" nedan, s\u00e5 har du <u>inte accepterad<\/u> v\u00e5r integritetspolicy. D\u00e4rf\u00f6r har vi inte r\u00e4tt att samla in dina uppgifter i detta formul\u00e4r. Skriv antingen till oss i chatten till h\u00f6ger, skicka ett e-postmeddelande till <a href=\"\/sv\/m&\/#97;&#105;&#x6c;&#x74;&#x6f;&#x3a;i&#110;&#102;&#111;&#x40;&#x6c;&#x65;ap&#108;&#121;&#x74;&#x69;&#x63;s&#46;&#100;&#101;\"><i class=\"fa fa-envelope\" aria-hidden=\"true\"><\/i>info@leaplytics.de<\/a> eller radera dina cookies i webbl\u00e4saren (Ctrl + Shift + Delete) och acceptera sekretesspolicyn efter att du laddat om sidan.\n<\/p><div class=\"wpcf7-response-output\" aria-hidden=\"true\"><\/div>\n<input type=\"hidden\" name=\"trp-form-language\" value=\"sv\"\/><\/form>\n<\/div>\n\n\n\n\n<p><\/p>","protected":false},"excerpt":{"rendered":"<p>FREE Version The FREE Version of LeapLytics &#8211; Risk Heatmap is free to use with watermark and limited functionality. Watermark removed Individual Grid Size Color Inverter Border Settings Axis Settings Indicator Settings Text Settings Color Settings You are already using the FREE version of this visual. PRO Version The PRO Version of LeapLytics &#8211; Risk &hellip; <\/p>","protected":false},"author":2,"featured_media":0,"parent":0,"menu_order":0,"comment_status":"closed","ping_status":"closed","template":"","meta":{"footnotes":""},"class_list":["post-4071","page","type-page","status-publish","hentry","latest_post"],"_links":{"self":[{"href":"https:\/\/www.leaplytics.de\/sv\/wp-json\/wp\/v2\/pages\/4071","targetHints":{"allow":["GET"]}}],"collection":[{"href":"https:\/\/www.leaplytics.de\/sv\/wp-json\/wp\/v2\/pages"}],"about":[{"href":"https:\/\/www.leaplytics.de\/sv\/wp-json\/wp\/v2\/types\/page"}],"author":[{"embeddable":true,"href":"https:\/\/www.leaplytics.de\/sv\/wp-json\/wp\/v2\/users\/2"}],"replies":[{"embeddable":true,"href":"https:\/\/www.leaplytics.de\/sv\/wp-json\/wp\/v2\/comments?post=4071"}],"version-history":[{"count":0,"href":"https:\/\/www.leaplytics.de\/sv\/wp-json\/wp\/v2\/pages\/4071\/revisions"}],"wp:attachment":[{"href":"https:\/\/www.leaplytics.de\/sv\/wp-json\/wp\/v2\/media?parent=4071"}],"curies":[{"name":"wp","href":"https:\/\/api.w.org\/{rel}","templated":true}]}}