{"id":699,"date":"2020-12-07T20:33:50","date_gmt":"2020-12-07T19:33:50","guid":{"rendered":"https:\/\/www.leaplytics.de\/?page_id=699"},"modified":"2024-11-04T10:02:48","modified_gmt":"2024-11-04T09:02:48","slug":"riskmatristillagg-for-qliksense","status":"publish","type":"page","link":"https:\/\/www.leaplytics.de\/sv\/forstasida\/qlik-sense-tillagg\/riskmatristillagg-for-qliksense\/","title":{"rendered":"Risk Matrix Extension f\u00f6r Qlik Sense"},"content":{"rendered":"<p>F\u00e5 en skarp visuell bild av dina riskprofiler med Risk Matrix \/ Heatmap f\u00f6r Qlik Sense! Detta till\u00e4gg \u00e4r byggt f\u00f6r att visualisera profiler som m\u00e4ts i en matris med tv\u00e5 KPI:er och olika kategorier. Det g\u00e5r att visualisera flera indikatorer per f\u00e4lt. Du kan fritt och dynamiskt v\u00e4lja alla uttryck mellan en 3\u00d73- och 5\u00d75-matris. Olika inst\u00e4llningar som anpassade f\u00e4rger, flexibla kant- och textinst\u00e4llningar anpassar detta till\u00e4gg till dina rapporteringsbehov.<\/p>\n\n\n\n<div style=\"height:10px\" aria-hidden=\"true\" class=\"wp-block-spacer\"><\/div>\n\n\n<div class=\"wp-block-image\">\n<figure class=\"aligncenter size-large\"><img loading=\"lazy\" decoding=\"async\" width=\"1024\" height=\"576\" src=\"https:\/\/www.leaplytics.de\/wp-content\/uploads\/2022\/04\/First_Slice_Risk_Map_QlikSense_stone-1024x576.png\" alt=\"\" class=\"wp-image-6471\" srcset=\"https:\/\/www.leaplytics.de\/wp-content\/uploads\/2022\/04\/First_Slice_Risk_Map_QlikSense_stone-1024x576.png 1024w, https:\/\/www.leaplytics.de\/wp-content\/uploads\/2022\/04\/First_Slice_Risk_Map_QlikSense_stone-300x169.png 300w, https:\/\/www.leaplytics.de\/wp-content\/uploads\/2022\/04\/First_Slice_Risk_Map_QlikSense_stone-768x432.png 768w, https:\/\/www.leaplytics.de\/wp-content\/uploads\/2022\/04\/First_Slice_Risk_Map_QlikSense_stone-107x60.png 107w, https:\/\/www.leaplytics.de\/wp-content\/uploads\/2022\/04\/First_Slice_Risk_Map_QlikSense_stone.png 1140w\" sizes=\"auto, (max-width: 1024px) 100vw, 1024px\" \/><\/figure><\/div>\n\n\n<div style=\"height:100px\" aria-hidden=\"true\" class=\"wp-block-spacer\"><\/div>\n\n\n\n<h3 class=\"wp-block-heading has-text-align-center\">H\u00e4mta den nu!<\/h3>\n\n\n\n<div style=\"height:50px\" aria-hidden=\"true\" class=\"wp-block-spacer\"><\/div>\n\n\n\n<div class=\"wp-block-columns alignwide is-layout-flex wp-container-core-columns-is-layout-1 wp-block-columns-is-layout-flex\">\n<div class=\"wp-block-column has-text-color has-background has-link-color wp-elements-dfea0d1df7d7210c16180380cb297c35 is-layout-flow wp-block-column-is-layout-flow\" style=\"color:#000000;background-color:#eeeeee;padding-top:2em;padding-right:2em;padding-bottom:2em;padding-left:2em\">\n<h2 class=\"wp-block-heading\" id=\"single\" style=\"font-size:40px\"><strong>GRATIS version<\/strong><\/h2>\n\n\n\n<div style=\"height:10px\" aria-hidden=\"true\" class=\"wp-block-spacer\"><\/div>\n\n\n\n<p class=\"has-normal-font-size\" style=\"line-height:1.5\">Den GRATIS versionen av LeapLytics - Risk Matrix \u00e4r gratis att anv\u00e4nda i fyra veckor p\u00e5 vilken server som helst och i vilket f\u00f6retag som helst. Testa nu om v\u00e5r l\u00f6sning uppfyller dina krav.<\/p>\n\n\n\n<div style=\"height:10px\" aria-hidden=\"true\" class=\"wp-block-spacer\"><\/div>\n\n\n\n<hr class=\"wp-block-separator has-text-color has-css-opacity has-background is-style-wide\" style=\"background-color:#000000;color:#000000\"\/>\n\n\n\n<div style=\"height:10px\" aria-hidden=\"true\" class=\"wp-block-spacer\"><\/div>\n\n\n\n<p><i class=\"fas fa-check\"><\/i> Vattenst\u00e4mpel borttagen<\/p>\n\n\n\n<p><i class=\"fas fa-check\"><\/i> Individuell rutn\u00e4tsstorlek<\/p>\n\n\n\n<p><i class=\"fas fa-check\"><\/i> Anv\u00e4ndardefinierat f\u00e4rgschema<\/p>\n\n\n\n<p><i class=\"fas fa-check\"><\/i> F\u00e4rgomvandlare<\/p>\n\n\n\n<p><i class=\"fas fa-check\"><\/i> Inst\u00e4llningar f\u00f6r gr\u00e4nser<\/p>\n\n\n\n<p><i class=\"fas fa-check\"><\/i> Inst\u00e4llningar f\u00f6r axel<\/p>\n\n\n\n<p><i class=\"fas fa-check\"><\/i> Inst\u00e4llningar f\u00f6r indikator<\/p>\n\n\n\n<p><i class=\"fas fa-check\"><\/i> Textinst\u00e4llningar<\/p>\n\n\n\n<p><i class=\"fas fa-check\"><\/i> F\u00e4rginst\u00e4llningar<\/p>\n\n\n\n<p><i class=\"fas fa-check\"><\/i> Navigering och \u00e5tg\u00e4rder<\/p>\n\n\n\n<p><i class=\"fas fa-check\"><\/i> Utskriftsv\u00e4nlig*<\/p>\n\n\n\n<div class=\"wp-block-buttons alignfull is-horizontal is-content-justification-center is-layout-flex wp-container-core-buttons-is-layout-1 wp-block-buttons-is-layout-flex\">\n<div class=\"wp-block-button\"><a class=\"wp-block-button__link has-white-color has-text-color wp-element-button\" href=\"https:\/\/developer.qlik.com\/garden\/5fd6531adae7960011eb30ec\" target=\"_blank\" rel=\"noreferrer noopener\">H\u00e4mta GRATIS version<\/a><\/div>\n<\/div>\n<\/div>\n\n\n\n<div class=\"wp-block-column has-text-color has-background has-link-color wp-elements-6ae2b82b5852519cfb4d42d032a83f17 is-layout-flow wp-block-column-is-layout-flow\" style=\"color:#000000;background-color:#98bd00;padding-top:2em;padding-right:2em;padding-bottom:2em;padding-left:2em\">\n<h2 class=\"wp-block-heading\" id=\"family\" style=\"font-size:40px\"><strong>PRO-version<\/strong><\/h2>\n\n\n\n<div style=\"height:10px\" aria-hidden=\"true\" class=\"wp-block-spacer\"><\/div>\n\n\n\n<p class=\"has-normal-font-size\" style=\"line-height:1.5\">PRO-versionen av LeapLytics - Risk Matrix sl\u00e4pper loss den fulla kraften i denna visuella. En licens per server och f\u00f6retag - Ett pris per \u00e5r.<\/p>\n\n\n\n<div style=\"height:10px\" aria-hidden=\"true\" class=\"wp-block-spacer\"><\/div>\n\n\n\n<hr class=\"wp-block-separator has-text-color has-black-color has-css-opacity has-black-background-color has-background is-style-wide\"\/>\n\n\n\n<div style=\"height:10px\" aria-hidden=\"true\" class=\"wp-block-spacer\"><\/div>\n\n\n\n<p><i class=\"fas fa-check\"><\/i>  Vattenst\u00e4mpel borttagen<\/p>\n\n\n\n<p><i class=\"fas fa-check\"><\/i>  Individuell rutn\u00e4tsstorlek<\/p>\n\n\n\n<p><i class=\"fas fa-check\"><\/i>  Anv\u00e4ndardefinierat f\u00e4rgschema<\/p>\n\n\n\n<p><i class=\"fas fa-check\"><\/i>  F\u00e4rgomvandlare<\/p>\n\n\n\n<p><i class=\"fas fa-check\"><\/i>  Inst\u00e4llningar f\u00f6r gr\u00e4nser<\/p>\n\n\n\n<p><i class=\"fas fa-check\"><\/i>  Inst\u00e4llningar f\u00f6r axel<\/p>\n\n\n\n<p><i class=\"fas fa-check\"><\/i>  Inst\u00e4llningar f\u00f6r indikator<\/p>\n\n\n\n<p><i class=\"fas fa-check\"><\/i>  Textinst\u00e4llningar<\/p>\n\n\n\n<p><i class=\"fas fa-check\"><\/i>  F\u00e4rginst\u00e4llningar<\/p>\n\n\n\n<p><i class=\"fas fa-check\"><\/i>  Navigering och \u00e5tg\u00e4rder<\/p>\n\n\n\n<p><i class=\"fas fa-check\"><\/i>  Utskriftsv\u00e4nlig*<\/p>\n\n\n\n<div class=\"wp-block-buttons alignfull is-horizontal is-content-justification-center is-layout-flex wp-container-core-buttons-is-layout-2 wp-block-buttons-is-layout-flex\">\n<div class=\"wp-block-button\"><a class=\"wp-block-button__link has-white-color has-text-color wp-element-button\" href=\"https:\/\/shop.leaplytics.de\/product\/power-bi-risk-heatmap\/\">Skaffa PRO-version<\/a><\/div>\n<\/div>\n<\/div>\n<\/div>\n\n\n\n<p>* se <a href=\"https:\/\/community.qlik.com\/t5\/Knowledge\/Qlik-Sense-Enterprise-SaaS-Third-party-extensions-cannot-be\/ta-p\/1755264\">Begr\u00e4nsningar f\u00f6r QlikSense <\/a><\/p>\n\n\n\n<div style=\"height:100px\" aria-hidden=\"true\" class=\"wp-block-spacer\"><\/div>\n\n\n\n<h3 class=\"wp-block-heading has-text-align-center\">Dokumentation<\/h3>\n\n\n\n<div style=\"height:50px\" aria-hidden=\"true\" class=\"wp-block-spacer\"><\/div>\n\n\n<div class=\"_df_book df-lite\" id=\"df_726\"  _slug=\"risk-heatmap\" data-title=\"risk-heatmap\" wpoptions=\"true\" thumb=\"https:\/\/www.leaplytics.de\/wp-content\/uploads\/2020\/12\/Risk-Map-picture.jpg\" thumbtype=\"\" ><\/div><script class=\"df-shortcode-script\" nowprocket type=\"application\/javascript\">window.option_df_726 = {\"outline\":[],\"autoEnableOutline\":\"false\",\"autoEnableThumbnail\":\"false\",\"overwritePDFOutline\":\"false\",\"backgroundImage\":\"https:\\\/\\\/www.leaplytics.de\\\/wp-content\\\/uploads\\\/2020\\\/10\\\/mathew-schwartz-sb7RUrRMaC4-unsplash-scaled.jpg\",\"direction\":\"1\",\"pageSize\":\"0\",\"source\":\"https:\\\/\\\/www.leaplytics.de\\\/wp-content\\\/uploads\\\/2022\\\/02\\\/Risk-Heatmap-Qlik-Sense-User-Documentation_Pro_1.4.0.0.pdf\",\"wpOptions\":\"true\"}; if(window.DFLIP && window.DFLIP.parseBooks){window.DFLIP.parseBooks();}<\/script>\n\n\n\n<div style=\"height:50px\" aria-hidden=\"true\" class=\"wp-block-spacer\"><\/div>\n\n\n\n<div class=\"wp-block-buttons is-content-justification-center is-layout-flex wp-container-core-buttons-is-layout-3 wp-block-buttons-is-layout-flex\">\n<div class=\"wp-block-button\"><a class=\"wp-block-button__link wp-element-button\" href=\"https:\/\/www.leaplytics.de\/wp-content\/uploads\/2022\/02\/Risk-Heatmap-Qlik-Sense-User-Documentation_Pro_1.4.0.0.pdf\" target=\"_blank\" rel=\"noreferrer noopener\">Ladda ner dokumentation<\/a><\/div>\n<\/div>\n\n\n\n<div style=\"height:50px\" aria-hidden=\"true\" class=\"wp-block-spacer\"><\/div>\n\n\n\n<p>Prenumerera h\u00e4r f\u00f6r att f\u00e5 exklusiva uppdateringar och releaser: <a href=\"https:\/\/www.leaplytics.de\/sv\/prenumerera_produkt\/\">Prenumeration<\/a><\/p>\n\n\n\n<hr class=\"wp-block-separator has-css-opacity is-style-default\"\/>\n\n\n\n<h2 class=\"wp-block-heading\" id=\"introduction-risk-heatmap-extension-for-qlik-sense\">Introduktion Risk Matrix-till\u00e4gg f\u00f6r Qlik Sense<\/h2>\n\n\n\n<p>F\u00e5 en skarp visuell bild av dina riskprofiler med Risk Matrix f\u00f6r Qlik Sense! Till\u00e4gget \u00e4r byggt f\u00f6r att visualisera profiler som m\u00e4ts i en matris med tv\u00e5 KPI:er och olika kategorier. Det g\u00e5r att visualisera flera indikatorer per f\u00e4lt. Du kan fritt och dynamiskt v\u00e4lja alla uttryck mellan en 3\u00d73- och 5\u00d75-matris. Olika inst\u00e4llningar som anpassade f\u00e4rger, flexibla kant- och textinst\u00e4llningar anpassar detta till\u00e4gg till dina rapporteringsbehov.<\/p>\n\n\n<div class=\"wp-block-image is-style-default\">\n<figure class=\"alignright size-full\"><img loading=\"lazy\" decoding=\"async\" width=\"912\" height=\"775\" src=\"https:\/\/www.leaplytics.de\/wp-content\/uploads\/2022\/02\/settings.gif\" alt=\"Riskv\u00e4rmekarta f\u00f6r Qlik Sense\" class=\"wp-image-3060\"\/><figcaption class=\"wp-element-caption\">Stort utbud av inst\u00e4llningsm\u00f6jligheter<\/figcaption><\/figure><\/div>\n\n\n<p>Detta till\u00e4gg kan ocks\u00e5 anv\u00e4ndas f\u00f6r att \u00f6vervaka och ange tr\u00f6skelv\u00e4rden f\u00f6r alla typer av fysiska m\u00e5tt, kvalitetsindikatorer och avvikelser i allm\u00e4nhet. D\u00e4rmed kan det till\u00e4mpas p\u00e5 ett stort antal anv\u00e4ndningsfall, som f\u00f6rekommer i olika verksamheter. F\u00f6ljande lista visar ett urval av m\u00f6jliga anv\u00e4ndningsfall som redan har implementerats:<\/p>\n\n\n\n<p><strong>Projektledning<\/strong>: Visualisera risk- och m\u00f6jlighetsprofiler f\u00f6r ett projekt, ett program eller en portf\u00f6lj<\/p>\n\n\n\n<p><strong>IT<\/strong>: Ange applikationer som befinner sig i gr\u00f6nt, gult eller r\u00f6tt statusomr\u00e5de (prestanda, h\u00e4lsa)<\/p>\n\n\n\n<hr class=\"wp-block-separator has-css-opacity\"\/>\n\n\n\n<h3 class=\"wp-block-heading\" id=\"getting-started-with-our-risk-heatmap-for-qlik-sense\">S\u00e5 h\u00e4r kommer du ig\u00e5ng med v\u00e5r riskmatris f\u00f6r Qlik Sense<\/h3>\n\n\n<p>\u00d6ppna <a href=\"https:\/\/www.qlik.com\/de-de\/products\/qlik-sense\" target=\"_blank\" rel=\"noopener\">Qlik Sense<\/a> och den relevanta appen, d\u00e4r du vill anv\u00e4nda till\u00e4gget \"Riskmatris\". \u00d6ppna ditt kalkylblad i redigeringsl\u00e4ge och du hittar till\u00e4gget i avsnittet \"Anpassade objekt\". Dra och sl\u00e4pp till\u00e4gget till valfritt omr\u00e5de p\u00e5 din instrumentpanel (<em>Du kan \u00e4ndra utseendet p\u00e5 anknytningen senare i de avancerade inst\u00e4llningarna).<\/em><\/p>\n\n<div class=\"wp-block-image\">\n<figure class=\"alignright size-full\"><img decoding=\"async\" src=\"https:\/\/www.leaplytics.de\/wp-content\/uploads\/2022\/02\/drag-drop.gif\" alt=\"Inledande inst\u00e4llningar och konfiguration f\u00f6r Risk Heatmap Qlik Sense\" class=\"wp-image-3060\"\/><figcaption class=\"wp-element-caption\">Stort utbud av inst\u00e4llningsm\u00f6jligheter<\/figcaption><\/figure><\/div>\n\n<p>N\u00e4r du har placerat en instans av till\u00e4gget i instrumentpanelen visas f\u00f6ljande egenskapspanel p\u00e5 h\u00f6ger sida. Egenskapspanelen \u00e4r uppdelad i f\u00f6ljande avsnitt:\u00a0 \u00a0 \u00a0 \u00a0 \u00a0 \u00a0 \u00a0 \u00a0 \u00a0 \u00a0 \u00a0 \u00a0 \u00a0 \u00a0 \u00a0 \u00a0 \u00a0 \u00a0 \u00a0 \u00a0 \u00a0 \u00a0 \u00a0 \u00a0 \u00a0 \u00a0 \u00a0 \u00a0 \u00a0 \u00a0 \u00a0 \u00a0 \u00a0 \u00a0 \u00a0 \u00a0 \u00a0 \u00a0 \u00a0 \u00a0 \u00a0 \u00a0 \u00a0 \u00a0 \u00a0 \u00a0 \u00a0\u00a0<\/p>\n<ul>\n<li>\u00c5tg\u00e4rder<\/li>\n<li>M\u00e5tt och dimensioner<\/li>\n<li>Ranges (allm\u00e4n matrislayout)<\/li>\n<li>Grid Settings (allt inom matrisen)<\/li>\n<li>Inst\u00e4llningar f\u00f6r axlar (allt runt matrisen)<\/li>\n<li>Indikatorinst\u00e4llningar (allt som r\u00f6r matrisinneh\u00e5ll)<\/li>\n<li>Om \u00a0\u00a0\u00a0\u00a0\u00a0\u00a0\u00a0\u00a0\u00a0\u00a0\u00a0\u00a0\u00a0\u00a0 \u00a0\u00a0\u00a0\u00a0\u00a0\u00a0\u00a0\u00a0\u00a0\u00a0\u00a0\u00a0\u00a0\u00a0\u00a0\u00a0\u00a0\u00a0\u00a0\u00a0\u00a0\u00a0\u00a0\u00a0\u00a0\u00a0\u00a0\u00a0\u00a0<\/li>\n<\/ul>\n<p>I det f\u00f6ljande kommer du att l\u00e4ra dig hur du anv\u00e4nder LeapLytics \"Risk Matrix\" -till\u00e4gg och hur du anpassar det till dina behov genom att anv\u00e4nda egenskaperna korrekt.\u00a0 \u00a0<\/p>\n\n\n<hr class=\"wp-block-separator has-css-opacity\"\/>\n\n\n\n<h3 class=\"wp-block-heading\" id=\"measures\">\u00c5tg\u00e4rder<\/h3>\n\n\n<div class=\"wp-block-image\">\n<figure class=\"alignright size-large is-resized\"><img loading=\"lazy\" decoding=\"async\" width=\"245\" height=\"329\" src=\"https:\/\/www.leaplytics.de\/wp-content\/uploads\/2020\/11\/measures.png\" alt=\"M\u00e5ttbeskrivning f\u00f6r riskv\u00e4rmekarta Qlik Sense\" class=\"wp-image-512\" style=\"width:236px;height:317px\" srcset=\"https:\/\/www.leaplytics.de\/wp-content\/uploads\/2020\/11\/measures.png 245w, https:\/\/www.leaplytics.de\/wp-content\/uploads\/2020\/11\/measures-223x300.png 223w, https:\/\/www.leaplytics.de\/wp-content\/uploads\/2020\/11\/measures-45x60.png 45w\" sizes=\"auto, (max-width: 245px) 100vw, 245px\" \/><\/figure><\/div>\n\n<p>M\u00e5ttet definierar v\u00e4rdet f\u00f6r de tv\u00e5 relevanta KPI:erna i matrisen. Den f\u00f6rsta KPI:n definierar X-axel-KPI:erna och den andra KPI:n definierar Y-axel-KPI:n. De kan v\u00e4xlas individuellt. Matrisen f\u00f6rv\u00e4ntar sig v\u00e4rden i intervallet mellan 1 och 5 (5-f\u00e4ltsmatris) eller 1 och 3 (3-f\u00e4ltsmatris). \u00c4ven decimaler \u00e4r m\u00f6jliga, om det \u00e4r anv\u00e4ndbart. V\u00e4rdena kan h\u00e4mtas direkt fr\u00e5n datamodellen, om ett f\u00f6rsystem redan f\u00e5ngar upp och ber\u00e4knar intervallet. Om datamodellen inneh\u00e5ller n\u00e5gon typ av enheter kan kategorierna skapas individuellt i formul\u00e4ret.<\/p>\n<p>Du kan l\u00e4gga till en \u00e5tg\u00e4rd s\u00e5 h\u00e4r:<\/p>\n<ul>\n<li>Klicka p\u00e5 knappen \"L\u00e4gg till m\u00e4tning\" i egenskapspanelen under avsnittet \"M\u00e4tning\" eller genom att klicka p\u00e5 knappen \"L\u00e4gg till m\u00e4tning\" i till\u00e4ggsf\u00f6nstret p\u00e5 din instrumentpanel<\/li>\n<li>V\u00e4lj ett m\u00e5tt i rullgardinsmenyn och klicka p\u00e5 det<\/li>\n<li>(Valfritt): V\u00e4lj r\u00e4tt aggregering f\u00f6r dina behov (Sum, Avg, Min, Max, etc.) eller definiera en individuell formel.<\/li>\n<\/ul>\n<p>Vid anv\u00e4ndning av enskilda formler kan f\u00f6ljande exempel tj\u00e4na som v\u00e4gledning:<\/p>\n\n\n<figure class=\"wp-block-image size-large\"><img loading=\"lazy\" decoding=\"async\" width=\"744\" height=\"255\" src=\"https:\/\/www.leaplytics.de\/wp-content\/uploads\/2020\/12\/heatmap_use_cases.png\" alt=\"\" class=\"wp-image-749\" srcset=\"https:\/\/www.leaplytics.de\/wp-content\/uploads\/2020\/12\/heatmap_use_cases.png 744w, https:\/\/www.leaplytics.de\/wp-content\/uploads\/2020\/12\/heatmap_use_cases-600x206.png 600w, https:\/\/www.leaplytics.de\/wp-content\/uploads\/2020\/12\/heatmap_use_cases-300x103.png 300w, https:\/\/www.leaplytics.de\/wp-content\/uploads\/2020\/12\/heatmap_use_cases-175x60.png 175w\" sizes=\"auto, (max-width: 744px) 100vw, 744px\" \/><\/figure>\n\n\n\n<hr class=\"wp-block-separator has-css-opacity\"\/>\n\n\n\n<h3 class=\"wp-block-heading\" id=\"dimensions\">M\u00e5tt och dimensioner<\/h3>\n\n\n<p>Anv\u00e4nd dimensionen f\u00f6r att ge indikatorerna ett sl\u00e5ende namn. Det kan t.ex. vara ett ID eller ett kortnamn (1-2 ord). L\u00e4ngre namn eller beskrivningar rekommenderas inte, eftersom utrymmet i sj\u00e4lva matrisen \u00e4r begr\u00e4nsat.<\/p>\n\n\n<hr class=\"wp-block-separator has-css-opacity\"\/>\n\n\n\n<h3 class=\"wp-block-heading\" id=\"advanced-settings\">Avancerade inst\u00e4llningar<\/h3>\n\n\n\n<p>Inom Matrix Settings kan du g\u00f6ra flera val.<\/p>\n\n\n\n<p><strong>Matrisinst\u00e4llningar: <\/strong>F\u00f6rst kan du fixa bildf\u00f6rh\u00e5llandet. Detta h\u00e5ller visualiseringen i ett kvadratiskt tillst\u00e5nd. Dessutom kan du st\u00e4lla in storleken p\u00e5 x- och y-riktningen individuellt med hj\u00e4lp av skjutreglaget. Om dina data ligger utanf\u00f6r dessa intervall f\u00e5r du en visuell ledtr\u00e5d i till\u00e4gget! Dessutom kan du invertera f\u00e4rgerna med ett klick. Slutligen kan du definiera bredden p\u00e5 kanten eller inaktivera den helt.<\/p>\n\n\n\n<p><strong>Inst\u00e4llningar f\u00f6r rutn\u00e4t<\/strong>: Anv\u00e4nd Grid Settings f\u00f6r att konfigurera sj\u00e4lva matrisen, t.ex. storlek eller konfiguration av gr\u00e4nserna. Du kan ocks\u00e5 invertera f\u00e4rgkodningen, s\u00e5 att en h\u00f6gre kategori har f\u00e4rgen \"gr\u00f6n\" och en l\u00e4gre kategori blir r\u00f6d. Det \u00e4r ocks\u00e5 m\u00f6jligt att st\u00e4nga av tabellen med detaljerade v\u00e4rden.<\/p>\n\n\n\n<p><strong>Inst\u00e4llningar f\u00f6r axlar:<\/strong> Med axelinst\u00e4llningarna kan du konfigurera ramen efter dina behov. Du kan v\u00e4lja att st\u00e4nga av texter, axlar eller h\u00f6g\/l\u00e5g-indikering.<\/p>\n\n\n\n<p><strong>Inst\u00e4llningar f\u00f6r indikatorerna:<\/strong> Anv\u00e4nd indikatorinst\u00e4llningarna f\u00f6r att \u00e4ndra storlek och utseende p\u00e5 indikatorerna i Grid.<\/p>\n\n\n<div class=\"wp-block-image\">\n<figure class=\"aligncenter size-full\"><img loading=\"lazy\" decoding=\"async\" width=\"912\" height=\"775\" src=\"https:\/\/www.leaplytics.de\/wp-content\/uploads\/2022\/02\/settings.gif\" alt=\"Olika inst\u00e4llningar f\u00f6r riskv\u00e4rmekarta Qlik Sense\" class=\"wp-image-3060\"\/><\/figure><\/div>\n\n\n<hr class=\"wp-block-separator has-css-opacity\"\/>\n\n\n\n<h3 class=\"wp-block-heading\" id=\"navigation-action\">Navigering och \u00e5tg\u00e4rder<\/h3>\n\n\n\n<p>Du kan anv\u00e4nda Navigation &amp; Actions i ditt till\u00e4gg f\u00f6r att navigera till Qlik Sense Sheets, webbplatser osv. Du kan aktivera \"\u00c5tg\u00e4rder\" med motsvarande knapp. \"Risk Matrix\" st\u00f6der tv\u00e5 olika navigeringstyper:<\/p>\n\n\n\n<ul class=\"wp-block-list\">\n<li><strong>Knapp:<\/strong> V\u00e4lj \"Button\" f\u00f6r att l\u00e4gga till en knapp under din trafikljusikon. Du kan byta namn p\u00e5 knappen genom att anv\u00e4nda f\u00e4ltet \"Button Text\". Ange en URL f\u00f6r en webbplats eller ett Qlik Sense-ark som du vill navigera till*. Du kan \u00f6ppna URL:en i samma f\u00f6nster eller i en separat flik genom att anv\u00e4nda kryssrutan \"\u00d6ppna i samma f\u00f6nster\".<\/li>\n<\/ul>\n\n\n\n<ul class=\"wp-block-list\">\n<li><strong>Objekt:<\/strong> Som ett alternativ kan du v\u00e4lja \"Objekt\" f\u00f6r att g\u00f6ra hela objektet klickbart (<em>F\u00e4ltet \"Knapptext\" kommer att vara dolt<\/em>). Ange en URL f\u00f6r en webbplats eller ett Qlik Sense-ark som du vill navigera till*. Du kan \u00f6ppna URL:en i samma f\u00f6nster eller i en separat flik genom att anv\u00e4nda kryssrutan \"\u00d6ppna i samma f\u00f6nster\".<\/li>\n<\/ul>\n\n\n\n<p>*URL:er m\u00e5ste alltid b\u00f6rja med \"http:\/\/www.\" eller \"https:\/\/www.\"<\/p>\n\n\n<div class=\"wp-block-image\">\n<figure class=\"aligncenter size-large\"><img loading=\"lazy\" decoding=\"async\" width=\"246\" height=\"464\" src=\"https:\/\/www.leaplytics.de\/wp-content\/uploads\/2021\/04\/Milestone_navigation-1.jpg\" alt=\"Inst\u00e4llningar f\u00f6r navigering och \u00e5tg\u00e4rder f\u00f6r riskv\u00e4rmekarta Qlik Sense\" class=\"wp-image-1739\" srcset=\"https:\/\/www.leaplytics.de\/wp-content\/uploads\/2021\/04\/Milestone_navigation-1.jpg 246w, https:\/\/www.leaplytics.de\/wp-content\/uploads\/2021\/04\/Milestone_navigation-1-159x300.jpg 159w, https:\/\/www.leaplytics.de\/wp-content\/uploads\/2021\/04\/Milestone_navigation-1-32x60.jpg 32w\" sizes=\"auto, (max-width: 246px) 100vw, 246px\" \/><\/figure><\/div>\n\n\n<hr class=\"wp-block-separator has-css-opacity\"\/>\n\n\n<h3>Om v\u00e5r riskmatris f\u00f6r Qlik Sense<\/h3>\n\n\n<\/p>\n<p>Detta Qlik Sense-till\u00e4gg \u00e4r utvecklat av <a href=\"https:\/\/www.leaplytics.de\/sv\/\">LeapLytics<\/a>. About-avsnittet visar information om denna f\u00f6rl\u00e4ngning.<\/p>\n<p>\n\n\n\n<\/p>\n<p><strong>Version:<\/strong> Visar den installerade versionen av detta till\u00e4gg<\/p>\n<p>\n\n\n\n<\/p>\n<p><strong>Licens giltig till och med:<\/strong> Visar licensens utg\u00e5ngsdatum<\/p>\n<p>\n\n\n\n<\/p>\n<p><strong>Licensen \u00e4r giltig p\u00e5 servern:<\/strong> Visar p\u00e5 vilket server-ID detta till\u00e4gg kan anv\u00e4ndas\n\n\n\n<hr class=\"wp-block-separator has-css-opacity\"\/>\n\n\n<h3>Versionshistorik<\/h3>\n\n\n<figure class=\"wp-block-table is-style-stripes\"><table><tbody><tr><td class=\"has-text-align-center\" data-align=\"center\"><strong>Version<\/strong><\/td><td class=\"has-text-align-center\" data-align=\"center\"><strong>Datum<\/strong><\/td><td class=\"has-text-align-left\" data-align=\"left\"><strong>Inneh\u00e5ll<\/strong><\/td><\/tr><tr><td class=\"has-text-align-center\" data-align=\"center\">1.4<\/td><td class=\"has-text-align-center\" data-align=\"center\">14.02.2022<\/td><td class=\"has-text-align-left\" data-align=\"left\">Ny API-anv\u00e4ndning<\/td><\/tr><tr><td class=\"has-text-align-center\" data-align=\"center\">1.3<\/td><td class=\"has-text-align-center\" data-align=\"center\">13.12.2021<\/td><td class=\"has-text-align-left\" data-align=\"left\">Uppgradering av riskmatris<\/td><\/tr><tr><td class=\"has-text-align-center\" data-align=\"center\">1.2<\/td><td class=\"has-text-align-center\" data-align=\"center\">26.04.2021<\/td><td class=\"has-text-align-left\" data-align=\"left\">Navigation och \u00e5tg\u00e4rder har lagts till,<br>St\u00f6d f\u00f6r mer \u00e4n 9 risker<br>rullningsbar indikatortabell<\/td><\/tr><tr><td class=\"has-text-align-center\" data-align=\"center\">1.1<\/td><td class=\"has-text-align-center\" data-align=\"center\">28.01.2021<\/td><td class=\"has-text-align-left\" data-align=\"left\">Prenumeration<br>funktionalitet f\u00f6r<br>release uppgraderingar &amp;<br>panel f\u00f6r f\u00f6rb\u00e4ttrade egenskaper<\/td><\/tr><tr><td class=\"has-text-align-center\" data-align=\"center\">1.0<\/td><td class=\"has-text-align-center\" data-align=\"center\">13.11.2020<\/td><td class=\"has-text-align-left\" data-align=\"left\">F\u00f6rsta versionen<\/td><\/tr><\/tbody><\/table><\/figure>\n\n\n\n<hr class=\"wp-block-separator has-css-opacity\"\/>\n\n\n\n<p><\/p>\n\n\n\n<div class=\"wp-block-columns are-vertically-aligned-center is-layout-flex wp-container-core-columns-is-layout-2 wp-block-columns-is-layout-flex\">\n<div class=\"wp-block-column is-vertically-aligned-center is-layout-flow wp-block-column-is-layout-flow\" style=\"flex-basis:100%\">\n<p><\/p>\n<\/div>\n<\/div>\n\n\n\n<p><\/p>","protected":false},"excerpt":{"rendered":"<p>F\u00e5 en skarp visuell vy \u00f6ver dina riskprofiler med Risk Heatmap f\u00f6r QilkSense! Till\u00e4gget \u00e4r byggt f\u00f6r att visualisera profiler, som m\u00e4ts i en matris av tv\u00e5 KPI och olika kategorier. Det kan visualisera flera indikatorer (upp till 4 i gratisversionen) per f\u00e4lt. Olika inst\u00e4llningar som en enkel v\u00e4xling mellan en 3\u00d73- och 5\u00d75-f\u00e4ltmatris, kant- och textinst\u00e4llningar anpassar denna f\u00f6rl\u00e4ngning till dina rapporteringsbehov. <\/p>\n<p>Detta till\u00e4gg kan ocks\u00e5 anv\u00e4ndas f\u00f6r att \u00f6vervaka och ange tr\u00f6skelv\u00e4rden f\u00f6r alla typer av fysiska m\u00e5tt, kvalitetsindikatorer och avvikelser i allm\u00e4nhet. Med detta kan det till\u00e4mpas p\u00e5 ett stort antal anv\u00e4ndningsfall, som f\u00f6rekommer i olika f\u00f6retag.<\/p>","protected":false},"author":1,"featured_media":0,"parent":227,"menu_order":1,"comment_status":"closed","ping_status":"closed","template":"","meta":{"footnotes":""},"class_list":["post-699","page","type-page","status-publish","hentry","latest_post"],"_links":{"self":[{"href":"https:\/\/www.leaplytics.de\/sv\/wp-json\/wp\/v2\/pages\/699","targetHints":{"allow":["GET"]}}],"collection":[{"href":"https:\/\/www.leaplytics.de\/sv\/wp-json\/wp\/v2\/pages"}],"about":[{"href":"https:\/\/www.leaplytics.de\/sv\/wp-json\/wp\/v2\/types\/page"}],"author":[{"embeddable":true,"href":"https:\/\/www.leaplytics.de\/sv\/wp-json\/wp\/v2\/users\/1"}],"replies":[{"embeddable":true,"href":"https:\/\/www.leaplytics.de\/sv\/wp-json\/wp\/v2\/comments?post=699"}],"version-history":[{"count":5,"href":"https:\/\/www.leaplytics.de\/sv\/wp-json\/wp\/v2\/pages\/699\/revisions"}],"predecessor-version":[{"id":13676,"href":"https:\/\/www.leaplytics.de\/sv\/wp-json\/wp\/v2\/pages\/699\/revisions\/13676"}],"up":[{"embeddable":true,"href":"https:\/\/www.leaplytics.de\/sv\/wp-json\/wp\/v2\/pages\/227"}],"wp:attachment":[{"href":"https:\/\/www.leaplytics.de\/sv\/wp-json\/wp\/v2\/media?parent=699"}],"curies":[{"name":"wp","href":"https:\/\/api.w.org\/{rel}","templated":true}]}}