{"id":799,"date":"2021-01-04T21:52:31","date_gmt":"2021-01-04T20:52:31","guid":{"rendered":"https:\/\/www.leaplytics.de\/?page_id=799"},"modified":"2024-11-04T09:23:33","modified_gmt":"2024-11-04T08:23:33","slug":"instrumentpanel-for-projektledning-qlik-sense","status":"publish","type":"page","link":"https:\/\/www.leaplytics.de\/sv\/forstasida\/instrumentpanel-for-projektledning-qlik-sense\/","title":{"rendered":"Instrumentpanel f\u00f6r projektledning Qlik Sense"},"content":{"rendered":"<h2 class=\"wp-block-heading\" id=\"dashboard\">Instrumentpanel<\/h2>\n\n\n\n<p>Project Management Dashboard Qlik Sense f\u00f6ljer en enkel regel: <strong>visa r\u00e4tt projektinformation i r\u00e4tt sammanst\u00e4llning f\u00f6r de ansvariga personerna med en enda blick s\u00e5 att de kan fatta r\u00e4tt beslut<\/strong>. <\/p>\n\n\n\n<p>I projektmilj\u00f6n finns det olika intressenter, som har olika informationskrav och var och en med olika detaljniv\u00e5. F\u00f6ljande exempel visar de vanligaste tv\u00e5 motsatserna.  <\/p>\n\n\n\n<p><strong>Portf\u00f6ljniv\u00e5:<\/strong> Det finns portf\u00f6ljhanterare som m\u00e5ste se till att r\u00e4tt projekt prioriteras med r\u00e4tt resurser. Flaskhalsar m\u00e5ste identifieras och projekt-pipelines m\u00e5ste hanteras.<\/p>\n\n\n\n<p><strong>Projektniv\u00e5: <\/strong>Projektledarna m\u00e5ste f\u00e5 information p\u00e5 l\u00e4gsta niv\u00e5 f\u00f6r att ha tillg\u00e5ng till alla styrvariabler. \u00c5 andra sidan beh\u00f6ver sponsorer, ledam\u00f6ter i granskningsn\u00e4mnden och VD:ar f\u00e5 den relevanta k\u00e4rnan av informationen f\u00f6r att kunna fatta r\u00e4tt beslut i den \u00f6vergripande projektstyrningen.<\/p>\n\n\n\n<p>LeapLytics Advanced Project Management Reporting ser till att alla rapporteringskrav \u00e4r m\u00f6jliga, oavsett vilken typ av intressent eller aggregeringsniv\u00e5. Genom den integrerade informationsprocessen samlas all information in p\u00e5 l\u00e4gsta niv\u00e5 och aggregeras f\u00f6r att tillgodose alla m\u00f6jliga mottagares behov.<\/p>\n\n\n\n<p>H\u00e4r \u00e4r tv\u00e5 exempel p\u00e5 rapportering av projektstatus som kan realiseras med v\u00e5r LeapLytics Extension Suite f\u00f6r QlikSense. Instrumentpanelerna anv\u00e4nder en underliggande datamodell som f\u00f6ljer PMI:s standardregler f\u00f6r projektledning. P\u00e5 s\u00e5 s\u00e4tt kan projekt i hela f\u00f6retaget rapporteras p\u00e5 ett harmoniserat, effektivt och anv\u00e4ndarv\u00e4nligt s\u00e4tt.<\/p>\n\n\n\n<h2 class=\"wp-block-heading\" id=\"project-status-report-qlik-sense\">Projektstatusrapport Qlik Sense<\/h2>\n\n\n\n<p>Den grundl\u00e4ggande projektstatusrapporten \u00e4r ett exempel p\u00e5 Project Management Dashboard Qlik Sense och l\u00e5ter anv\u00e4ndaren v\u00e4lja ett s\u00e4rskilt projekt samt ett rapporteringsdatum. Han f\u00e5r all n\u00f6dv\u00e4ndig information presenterad i en layout med tre kolumner och relevanta masterdata i rubriken. De viktigaste funktionerna \u00e4r <a href=\"https:\/\/www.leaplytics.de\/sv\/extensions\/traffic-light\/\">Trafikljus<\/a> och <a href=\"https:\/\/www.leaplytics.de\/sv\/extensions\/risk-heatmap-extension-for-qliksense\/\">Riskmatris<\/a>.<\/p>\n\n\n\n<figure class=\"wp-block-image size-large\"><img loading=\"lazy\" decoding=\"async\" width=\"1024\" height=\"600\" src=\"https:\/\/www.leaplytics.de\/wp-content\/uploads\/2021\/11\/Laptop-with-Dashboard-Page2-1024x600.png\" alt=\"\" class=\"wp-image-2407\" srcset=\"https:\/\/www.leaplytics.de\/wp-content\/uploads\/2021\/11\/Laptop-with-Dashboard-Page2-1024x600.png 1024w, https:\/\/www.leaplytics.de\/wp-content\/uploads\/2021\/11\/Laptop-with-Dashboard-Page2-300x176.png 300w, https:\/\/www.leaplytics.de\/wp-content\/uploads\/2021\/11\/Laptop-with-Dashboard-Page2-768x450.png 768w, https:\/\/www.leaplytics.de\/wp-content\/uploads\/2021\/11\/Laptop-with-Dashboard-Page2-1536x901.png 1536w, https:\/\/www.leaplytics.de\/wp-content\/uploads\/2021\/11\/Laptop-with-Dashboard-Page2-2048x1201.png 2048w, https:\/\/www.leaplytics.de\/wp-content\/uploads\/2021\/11\/Laptop-with-Dashboard-Page2-102x60.png 102w\" sizes=\"auto, (max-width: 1024px) 100vw, 1024px\" \/><figcaption class=\"wp-element-caption\">Instrumentpanel f\u00f6r projektledning Qlik Sense<\/figcaption><\/figure>\n\n\n\n<p>En variant av den grundl\u00e4ggande projektstatusrapporten \u00e4ndrar layouten till en horisontell vy och l\u00e4gger till Milestone View som en huvudfunktion f\u00f6r att f\u00e5 en \u00f6versikt \u00f6ver relevanta milstolpar och deras m\u00e5luppfyllelse.<\/p>\n\n\n\n<figure class=\"wp-block-image size-large\"><img loading=\"lazy\" decoding=\"async\" width=\"1024\" height=\"602\" src=\"https:\/\/www.leaplytics.de\/wp-content\/uploads\/2021\/11\/Laptop-with-Dashboard-Page3-1024x602.png\" alt=\"\" class=\"wp-image-2408\" srcset=\"https:\/\/www.leaplytics.de\/wp-content\/uploads\/2021\/11\/Laptop-with-Dashboard-Page3-1024x602.png 1024w, https:\/\/www.leaplytics.de\/wp-content\/uploads\/2021\/11\/Laptop-with-Dashboard-Page3-300x176.png 300w, https:\/\/www.leaplytics.de\/wp-content\/uploads\/2021\/11\/Laptop-with-Dashboard-Page3-768x451.png 768w, https:\/\/www.leaplytics.de\/wp-content\/uploads\/2021\/11\/Laptop-with-Dashboard-Page3-1536x903.png 1536w, https:\/\/www.leaplytics.de\/wp-content\/uploads\/2021\/11\/Laptop-with-Dashboard-Page3-2048x1204.png 2048w, https:\/\/www.leaplytics.de\/wp-content\/uploads\/2021\/11\/Laptop-with-Dashboard-Page3-102x60.png 102w\" sizes=\"auto, (max-width: 1024px) 100vw, 1024px\" \/><figcaption class=\"wp-element-caption\">Instrumentpanel f\u00f6r projektledning Qlik Sense<\/figcaption><\/figure>\n\n\n\n<p>V\u00e5rt till\u00e4gg kan ocks\u00e5 anv\u00e4ndas i \u00f6vergripande Portfolio-Dashboards.<\/p>\n\n\n\n<figure class=\"wp-block-image size-large\"><img loading=\"lazy\" decoding=\"async\" width=\"1024\" height=\"599\" src=\"https:\/\/www.leaplytics.de\/wp-content\/uploads\/2021\/11\/Laptop-with-Dashboard-Page1-1024x599.png\" alt=\"\" class=\"wp-image-2406\" srcset=\"https:\/\/www.leaplytics.de\/wp-content\/uploads\/2021\/11\/Laptop-with-Dashboard-Page1-1024x599.png 1024w, https:\/\/www.leaplytics.de\/wp-content\/uploads\/2021\/11\/Laptop-with-Dashboard-Page1-300x175.png 300w, https:\/\/www.leaplytics.de\/wp-content\/uploads\/2021\/11\/Laptop-with-Dashboard-Page1-768x449.png 768w, https:\/\/www.leaplytics.de\/wp-content\/uploads\/2021\/11\/Laptop-with-Dashboard-Page1-1536x898.png 1536w, https:\/\/www.leaplytics.de\/wp-content\/uploads\/2021\/11\/Laptop-with-Dashboard-Page1-2048x1198.png 2048w, https:\/\/www.leaplytics.de\/wp-content\/uploads\/2021\/11\/Laptop-with-Dashboard-Page1-103x60.png 103w\" sizes=\"auto, (max-width: 1024px) 100vw, 1024px\" \/><figcaption class=\"wp-element-caption\">Dashboard f\u00f6r projektportf\u00f6lj Qlik Sense<\/figcaption><\/figure>\n\n\n\n<p>Om du \u00e4r nyfiken p\u00e5 vad det h\u00e4r skulle inneb\u00e4ra f\u00f6r din projektledningsmilj\u00f6, bokar vi g\u00e4rna ett samtal med dig. I s\u00e5 fall eller om du har fr\u00e5gor om detaljer, implementering och prisinformation, v\u00e4nligen meddela oss s\u00e5 kontaktar vi dig med kort varsel:<\/p>\n\n\n<div class=\"wpforms-container wpforms-container-full\" id=\"wpforms-10645\"><form id=\"wpforms-form-10645\" class=\"wpforms-validate wpforms-form wpforms-ajax-form\" data-formid=\"10645\" method=\"post\" enctype=\"multipart\/form-data\" action=\"\/sv\/wp-json\/wp\/v2\/pages\/799\" data-token=\"28f3ef07fd5c71083e51fe95017e2f15\" data-token-time=\"1775895649\" data-trp-original-action=\"\/sv\/wp-json\/wp\/v2\/pages\/799\"><noscript class=\"wpforms-error-noscript\">Aktivera JavaScript i din webbl\u00e4sare f\u00f6r att fylla i formul\u00e4ret.<\/noscript><div class=\"wpforms-field-container\"><div id=\"wpforms-10645-field_0-container\" class=\"wpforms-field wpforms-field-name\" data-field-id=\"0\"><label class=\"wpforms-field-label\">Namn <span class=\"wpforms-required-label\">*<\/span><\/label><div class=\"wpforms-field-row wpforms-field-medium\"><div class=\"wpforms-field-row-block wpforms-first wpforms-one-half\"><input type=\"text\" id=\"wpforms-10645-field_0\" class=\"wpforms-field-name-first wpforms-field-required\" name=\"wpforms[fields][0][first]\" required><label for=\"wpforms-10645-field_0\" class=\"wpforms-field-sublabel after\">F\u00f6rst<\/label><\/div><div class=\"wpforms-field-row-block wpforms-one-half\"><input type=\"text\" id=\"wpforms-10645-field_0-last\" class=\"wpforms-field-name-last wpforms-field-required\" name=\"wpforms[fields][0][last]\" required><label for=\"wpforms-10645-field_0-last\" class=\"wpforms-field-sublabel after\">Sist<\/label><\/div><\/div><\/div><div id=\"wpforms-10645-field_1-container\" class=\"wpforms-field wpforms-field-email\" data-field-id=\"1\"><label class=\"wpforms-field-label\" for=\"wpforms-10645-field_1\">E-post <span class=\"wpforms-required-label\">*<\/span><\/label><input type=\"email\" id=\"wpforms-10645-field_1\" class=\"wpforms-field-medium wpforms-field-required\" data-rule-restricted-email=\"1\" name=\"wpforms[fields][1]\" spellcheck=\"false\" required><\/div><div id=\"wpforms-10645-field_3-container\" class=\"wpforms-field wpforms-field-text\" data-field-id=\"3\"><label class=\"wpforms-field-label\" for=\"wpforms-10645-field_3\">F\u00f6retag <span class=\"wpforms-required-label\">*<\/span><\/label><input type=\"text\" id=\"wpforms-10645-field_3\" class=\"wpforms-field-medium wpforms-field-required\" name=\"wpforms[fields][3]\" required><\/div><div id=\"wpforms-10645-field_2-container\" class=\"wpforms-field wpforms-field-textarea\" data-field-id=\"2\"><label class=\"wpforms-field-label\" for=\"wpforms-10645-field_2\">Kommentar eller meddelande<\/label><textarea id=\"wpforms-10645-field_2\" class=\"wpforms-field-medium\" name=\"wpforms[fields][2]\" ><\/textarea><\/div><div id=\"wpforms-10645-field_4-container\" class=\"wpforms-field wpforms-field-gdpr-checkbox\" data-field-id=\"4\"><label class=\"wpforms-field-label\">GDPR-avtal <span class=\"wpforms-required-label\">*<\/span><\/label><ul id=\"wpforms-10645-field_4\" class=\"wpforms-field-required\"><li class=\"choice-1\"><input type=\"checkbox\" id=\"wpforms-10645-field_4_1\" name=\"wpforms[fields][4][]\" value=\"I consent to having this website store my submitted information so they can respond to my inquiry.\" required><label class=\"wpforms-field-label-inline\" for=\"wpforms-10645-field_4_1\">Jag samtycker till att denna webbplats lagrar min inl\u00e4mnade information s\u00e5 att de kan svara p\u00e5 min f\u00f6rfr\u00e5gan.<\/label><\/li><\/ul><\/div><\/div><!-- .wpforms-field-container --><div class=\"wpforms-recaptcha-container wpforms-is-recaptcha wpforms-is-recaptcha-type-v3\" ><input type=\"hidden\" name=\"wpforms[recaptcha]\" value=\"\"><\/div><div class=\"wpforms-submit-container\" ><input type=\"hidden\" name=\"wpforms[id]\" value=\"10645\"><input type=\"hidden\" name=\"page_title\" value=\"\"><input type=\"hidden\" name=\"page_url\" value=\"https:\/\/www.leaplytics.de\/sv\/wp-json\/wp\/v2\/pages\/799\"><input type=\"hidden\" name=\"url_referer\" value=\"\"><button type=\"submit\" name=\"wpforms[submit]\" id=\"wpforms-submit-10645\" class=\"wpforms-submit\" data-alt-text=\"Sending...\" data-submit-text=\"Submit\" aria-live=\"assertive\" value=\"wpforms-submit\">Skicka in<\/button><img loading=\"lazy\" decoding=\"async\" src=\"https:\/\/www.leaplytics.de\/wp-content\/plugins\/wpforms-lite\/assets\/images\/submit-spin.svg\" class=\"wpforms-submit-spinner\" style=\"display: none;\" width=\"26\" height=\"26\" alt=\"Laddar\"><\/div><input type=\"hidden\" name=\"trp-form-language\" value=\"sv\"\/><\/form><\/div>  <!-- .wpforms-container -->","protected":false},"excerpt":{"rendered":"<p>Dashboard Project Management Dashboard Qlik Sense f\u00f6ljer en enkel regel: visa r\u00e4tt projektinformation i r\u00e4tt aggregering f\u00f6r de ansvariga personerna med en enda blick s\u00e5 att de kan fatta r\u00e4tt beslut. I projektmilj\u00f6n finns det olika intressenter, som har olika informationskrav och var och en med olika detaljniv\u00e5. Den ... <\/p>","protected":false},"author":1,"featured_media":0,"parent":111,"menu_order":0,"comment_status":"closed","ping_status":"closed","template":"","meta":{"footnotes":""},"class_list":["post-799","page","type-page","status-publish","hentry","latest_post"],"_links":{"self":[{"href":"https:\/\/www.leaplytics.de\/sv\/wp-json\/wp\/v2\/pages\/799","targetHints":{"allow":["GET"]}}],"collection":[{"href":"https:\/\/www.leaplytics.de\/sv\/wp-json\/wp\/v2\/pages"}],"about":[{"href":"https:\/\/www.leaplytics.de\/sv\/wp-json\/wp\/v2\/types\/page"}],"author":[{"embeddable":true,"href":"https:\/\/www.leaplytics.de\/sv\/wp-json\/wp\/v2\/users\/1"}],"replies":[{"embeddable":true,"href":"https:\/\/www.leaplytics.de\/sv\/wp-json\/wp\/v2\/comments?post=799"}],"version-history":[{"count":3,"href":"https:\/\/www.leaplytics.de\/sv\/wp-json\/wp\/v2\/pages\/799\/revisions"}],"predecessor-version":[{"id":13668,"href":"https:\/\/www.leaplytics.de\/sv\/wp-json\/wp\/v2\/pages\/799\/revisions\/13668"}],"up":[{"embeddable":true,"href":"https:\/\/www.leaplytics.de\/sv\/wp-json\/wp\/v2\/pages\/111"}],"wp:attachment":[{"href":"https:\/\/www.leaplytics.de\/sv\/wp-json\/wp\/v2\/media?parent=799"}],"curies":[{"name":"wp","href":"https:\/\/api.w.org\/{rel}","templated":true}]}}