{"id":8471,"date":"2022-06-07T22:47:30","date_gmt":"2022-06-07T20:47:30","guid":{"rendered":"https:\/\/www.leaplytics.de\/?page_id=8471"},"modified":"2022-06-08T11:19:35","modified_gmt":"2022-06-08T09:19:35","slug":"hur-man-aktiverar-licens-microsoft-power-bi","status":"publish","type":"page","link":"https:\/\/www.leaplytics.de\/sv\/hur-man-aktiverar-licens-microsoft-power-bi\/","title":{"rendered":"S\u00e5 h\u00e4r aktiverar du en licens i Microsoft Power BI"},"content":{"rendered":"<p>Du har f\u00e5tt din licensnyckel och vill b\u00f6rja. Men var ska du s\u00e4tta in den? Det f\u00f6rklarar vi f\u00f6r dig h\u00e4r.<\/p>\n\n\n\n<h2 class=\"wp-block-heading\">Power BI Webb<\/h2>\n\n\n\n<div class=\"wp-block-columns is-layout-flex wp-container-core-columns-is-layout-1 wp-block-columns-is-layout-flex\">\n<div class=\"wp-block-column is-layout-flow wp-block-column-is-layout-flow\">\n<p>I redigeringsl\u00e4get klickar du f\u00f6rst p\u00e5 v\u00e5r visualisering. Inst\u00e4llningsalternativen f\u00f6r v\u00e5r visualisering \u00f6ppnas d\u00e5 i sidof\u00e4ltet. Du klickar p\u00e5 \"Format\". Det h\u00e4r \u00e4r den andra ikonen fr\u00e5n v\u00e4nster. Den ser ut som en rullande pensel.<\/p>\n<\/div>\n\n\n\n<div class=\"wp-block-column is-layout-flow wp-block-column-is-layout-flow\">\n<figure class=\"wp-block-gallery has-nested-images columns-default is-cropped wp-block-gallery-1 is-layout-flex wp-block-gallery-is-layout-flex\">\n<figure class=\"wp-block-image size-large\"><img loading=\"lazy\" decoding=\"async\" width=\"322\" height=\"357\" src=\"https:\/\/www.leaplytics.de\/wp-content\/uploads\/2022\/06\/grafik.png\" alt=\"\" class=\"wp-image-8472\" srcset=\"https:\/\/www.leaplytics.de\/wp-content\/uploads\/2022\/06\/grafik.png 322w, https:\/\/www.leaplytics.de\/wp-content\/uploads\/2022\/06\/grafik-271x300.png 271w, https:\/\/www.leaplytics.de\/wp-content\/uploads\/2022\/06\/grafik-54x60.png 54w\" sizes=\"auto, (max-width: 322px) 100vw, 322px\" \/><\/figure>\n<\/figure>\n<\/div>\n<\/div>\n\n\n\n<div class=\"wp-block-columns is-layout-flex wp-container-core-columns-is-layout-2 wp-block-columns-is-layout-flex\">\n<div class=\"wp-block-column is-layout-flow wp-block-column-is-layout-flow\">\n<figure class=\"wp-block-image size-full\"><img loading=\"lazy\" decoding=\"async\" width=\"314\" height=\"636\" src=\"https:\/\/www.leaplytics.de\/wp-content\/uploads\/2022\/06\/grafik-1.png\" alt=\"\" class=\"wp-image-8476\" srcset=\"https:\/\/www.leaplytics.de\/wp-content\/uploads\/2022\/06\/grafik-1.png 314w, https:\/\/www.leaplytics.de\/wp-content\/uploads\/2022\/06\/grafik-1-148x300.png 148w, https:\/\/www.leaplytics.de\/wp-content\/uploads\/2022\/06\/grafik-1-30x60.png 30w\" sizes=\"auto, (max-width: 314px) 100vw, 314px\" \/><\/figure>\n<\/div>\n\n\n\n<div class=\"wp-block-column is-layout-flow wp-block-column-is-layout-flow\">\n<p>Du kommer nu att se flera rullgardinsmenyer. En av dem har etiketten \"License\". Klicka p\u00e5 den s\u00e5 visas textf\u00e4ltet nedanf\u00f6r d\u00e4r du kan ange din licens.<\/p>\n\n\n\n<p>Klart! Licensen \u00e4r aktiverad och alla begr\u00e4nsningar \u00e4r borta. Du kan b\u00f6rja nu!<\/p>\n<\/div>\n<\/div>\n\n\n\n<h2 class=\"wp-block-heading\">Power BI skrivbord<\/h2>\n\n\n\n<div class=\"wp-block-columns is-layout-flex wp-container-core-columns-is-layout-3 wp-block-columns-is-layout-flex\">\n<div class=\"wp-block-column is-layout-flow wp-block-column-is-layout-flow\">\n<p>I redigeringsl\u00e4get klickar du f\u00f6rst p\u00e5 v\u00e5r visualisering. Inst\u00e4llningsalternativen f\u00f6r v\u00e5r visualisering \u00f6ppnas d\u00e5 i sidof\u00e4ltet. Du klickar p\u00e5 \"Formatera din visualisering\". Det h\u00e4r \u00e4r den andra ikonen fr\u00e5n v\u00e4nster. Den ser ut som ett stapeldiagram med en pensel.<\/p>\n<\/div>\n\n\n\n<div class=\"wp-block-column is-layout-flow wp-block-column-is-layout-flow\">\n<figure class=\"wp-block-image size-full\"><img loading=\"lazy\" decoding=\"async\" width=\"301\" height=\"348\" src=\"https:\/\/www.leaplytics.de\/wp-content\/uploads\/2022\/06\/grafik-2.png\" alt=\"\" class=\"wp-image-8477\" srcset=\"https:\/\/www.leaplytics.de\/wp-content\/uploads\/2022\/06\/grafik-2.png 301w, https:\/\/www.leaplytics.de\/wp-content\/uploads\/2022\/06\/grafik-2-259x300.png 259w, https:\/\/www.leaplytics.de\/wp-content\/uploads\/2022\/06\/grafik-2-52x60.png 52w\" sizes=\"auto, (max-width: 301px) 100vw, 301px\" \/><\/figure>\n<\/div>\n<\/div>\n\n\n\n<div class=\"wp-block-columns is-layout-flex wp-container-core-columns-is-layout-4 wp-block-columns-is-layout-flex\">\n<div class=\"wp-block-column is-layout-flow wp-block-column-is-layout-flow\">\n<figure class=\"wp-block-image size-full\"><img loading=\"lazy\" decoding=\"async\" width=\"252\" height=\"410\" src=\"https:\/\/www.leaplytics.de\/wp-content\/uploads\/2022\/06\/grafik-3.png\" alt=\"\" class=\"wp-image-8478\" srcset=\"https:\/\/www.leaplytics.de\/wp-content\/uploads\/2022\/06\/grafik-3.png 252w, https:\/\/www.leaplytics.de\/wp-content\/uploads\/2022\/06\/grafik-3-184x300.png 184w, https:\/\/www.leaplytics.de\/wp-content\/uploads\/2022\/06\/grafik-3-37x60.png 37w\" sizes=\"auto, (max-width: 252px) 100vw, 252px\" \/><\/figure>\n<\/div>\n\n\n\n<div class=\"wp-block-column is-layout-flow wp-block-column-is-layout-flow\">\n<p>Du kommer nu att se flera rullgardinsmenyer. En av dem har etiketten \"License\". Klicka p\u00e5 den s\u00e5 visas textf\u00e4ltet nedanf\u00f6r d\u00e4r du kan ange din licens.<\/p>\n\n\n\n<p>Klart! Licensen \u00e4r aktiverad och alla begr\u00e4nsningar \u00e4r borta.<\/p>\n<\/div>\n<\/div>","protected":false},"excerpt":{"rendered":"<p>Du har f\u00e5tt din licensnyckel och vill b\u00f6rja. Men var ska du s\u00e4tta in den? Det f\u00f6rklarar vi f\u00f6r dig h\u00e4r. Power BI Web I redigeringsl\u00e4get klickar du f\u00f6rst p\u00e5 v\u00e5r visualisering. Inst\u00e4llningsalternativen f\u00f6r v\u00e5r visualisering \u00f6ppnas d\u00e5 i sidof\u00e4ltet. Du klickar p\u00e5 \"Format\". Detta \u00e4r den andra ... <\/p>","protected":false},"author":2,"featured_media":0,"parent":0,"menu_order":0,"comment_status":"closed","ping_status":"closed","template":"","meta":{"footnotes":""},"class_list":["post-8471","page","type-page","status-publish","hentry","latest_post"],"_links":{"self":[{"href":"https:\/\/www.leaplytics.de\/sv\/wp-json\/wp\/v2\/pages\/8471","targetHints":{"allow":["GET"]}}],"collection":[{"href":"https:\/\/www.leaplytics.de\/sv\/wp-json\/wp\/v2\/pages"}],"about":[{"href":"https:\/\/www.leaplytics.de\/sv\/wp-json\/wp\/v2\/types\/page"}],"author":[{"embeddable":true,"href":"https:\/\/www.leaplytics.de\/sv\/wp-json\/wp\/v2\/users\/2"}],"replies":[{"embeddable":true,"href":"https:\/\/www.leaplytics.de\/sv\/wp-json\/wp\/v2\/comments?post=8471"}],"version-history":[{"count":0,"href":"https:\/\/www.leaplytics.de\/sv\/wp-json\/wp\/v2\/pages\/8471\/revisions"}],"wp:attachment":[{"href":"https:\/\/www.leaplytics.de\/sv\/wp-json\/wp\/v2\/media?parent=8471"}],"curies":[{"name":"wp","href":"https:\/\/api.w.org\/{rel}","templated":true}]}}