{"id":8499,"date":"2022-06-13T21:38:40","date_gmt":"2022-06-13T19:38:40","guid":{"rendered":"https:\/\/www.leaplytics.de\/?page_id=8499"},"modified":"2024-10-29T11:53:22","modified_gmt":"2024-10-29T10:53:22","slug":"diskretisering-for-risk-heatmap-matris-power-bi","status":"publish","type":"page","link":"https:\/\/www.leaplytics.de\/sv\/diskretisering-for-risk-heatmap-matris-power-bi\/","title":{"rendered":"Diskretisering och transformation"},"content":{"rendered":"<p>V\u00e5r Risk Heatmap \/ Matrix kr\u00e4ver 1 till 10 som v\u00e4rden, men vad g\u00f6r du om dina data \u00e4r kontinuerliga och inte ligger i detta intervall? Eller om uttrycken f\u00f6r dina risker best\u00e5r av ord? Nedan finns fyra l\u00f6sningar med binning, kvintiler, anpassade tr\u00f6skelv\u00e4rden och mappning av ord till siffror.<\/p>\n\n\n\n<h2 class=\"wp-block-heading\" id=\"binning\">Binning<\/h2>\n\n\n\n<p>I den h\u00e4r l\u00f6sningsmetoden delas alla kontinuerliga v\u00e4rden i din dataupps\u00e4ttning in i fem fack. Observera att storleken p\u00e5 facket alltid \u00e4r densamma.<\/p>\n\n\n\n<p><em>Exempel: Dina v\u00e4rden ligger mellan 0 och 100: F\u00f6ljande bins skapas:<\/em><\/p>\n\n\n\n<ul class=\"wp-block-list\">\n<li><em>0 till 20<\/em><\/li>\n\n\n\n<li><em>21 till 40 \u00e5r<\/em><\/li>\n\n\n\n<li><em>41 till 60 \u00e5r<\/em><\/li>\n\n\n\n<li><em>61 till 80<\/em><\/li>\n\n\n\n<li><em>81 till 100<\/em><\/li>\n<\/ul>\n\n\n\n<p><em><strong>Detta tar d\u00e4rf\u00f6r inte h\u00e4nsyn till m\u00e4ngden risker i de enskilda soptunnorna.<\/strong> Dataintervallen \u00e4r bara j\u00e4mnt f\u00f6rdelade.<\/em><\/p>\n\n\n\n<div class=\"wp-block-columns is-layout-flex wp-container-core-columns-is-layout-1 wp-block-columns-is-layout-flex\">\n<div class=\"wp-block-column is-layout-flow wp-block-column-is-layout-flow\" style=\"flex-basis:66.66%\">\n<figure class=\"wp-block-image size-full\"><img loading=\"lazy\" decoding=\"async\" width=\"400\" height=\"606\" src=\"https:\/\/www.leaplytics.de\/wp-content\/uploads\/2022\/06\/grafik-4.png\" alt=\"\" class=\"wp-image-8500\" srcset=\"https:\/\/www.leaplytics.de\/wp-content\/uploads\/2022\/06\/grafik-4.png 400w, https:\/\/www.leaplytics.de\/wp-content\/uploads\/2022\/06\/grafik-4-198x300.png 198w, https:\/\/www.leaplytics.de\/wp-content\/uploads\/2022\/06\/grafik-4-40x60.png 40w\" sizes=\"auto, (max-width: 400px) 100vw, 400px\" \/><\/figure>\n<\/div>\n\n\n\n<div class=\"wp-block-column is-layout-flow wp-block-column-is-layout-flow\" style=\"flex-basis:33.33%\">\n<p>I sidof\u00e4ltet h\u00f6gerklickar du f\u00f6rst p\u00e5 det f\u00e4lt som du vill omvandla. I v\u00e5rt exempel \u00e4r det f\u00e4ltet \"Impact Example\".<\/p>\n\n\n\n<p>V\u00e4lj sedan \"Ny grupp\" med ett v\u00e4nsterklick. F\u00f6nstret \"Grupper\" \u00f6ppnas.<\/p>\n<\/div>\n<\/div>\n\n\n\n<div class=\"wp-block-columns is-layout-flex wp-container-core-columns-is-layout-2 wp-block-columns-is-layout-flex\">\n<div class=\"wp-block-column is-layout-flow wp-block-column-is-layout-flow\" style=\"flex-basis:33.33%\">\n<p>H\u00e4r v\u00e4ljer du alternativet \"Antal fack\" f\u00f6r \"Typ av fack\". L\u00e4ngst ned till v\u00e4nster anger du v\u00e4rdet \"10\" som \"Antal fack\". D\u00e4refter ber\u00e4knas fackens bredd automatiskt under \"Fackstorlek\".<\/p>\n\n\n\n<p>Klicka slutligen p\u00e5 \"OK\".<\/p>\n<\/div>\n\n\n\n<div class=\"wp-block-column is-layout-flow wp-block-column-is-layout-flow\" style=\"flex-basis:66.66%\">\n<figure class=\"wp-block-image size-full\"><img loading=\"lazy\" decoding=\"async\" width=\"806\" height=\"635\" src=\"https:\/\/www.leaplytics.de\/wp-content\/uploads\/2022\/06\/grafik-5.png\" alt=\"\" class=\"wp-image-8501\" srcset=\"https:\/\/www.leaplytics.de\/wp-content\/uploads\/2022\/06\/grafik-5.png 806w, https:\/\/www.leaplytics.de\/wp-content\/uploads\/2022\/06\/grafik-5-300x236.png 300w, https:\/\/www.leaplytics.de\/wp-content\/uploads\/2022\/06\/grafik-5-768x605.png 768w, https:\/\/www.leaplytics.de\/wp-content\/uploads\/2022\/06\/grafik-5-76x60.png 76w\" sizes=\"auto, (max-width: 806px) 100vw, 806px\" \/><\/figure>\n<\/div>\n<\/div>\n\n\n\n<div class=\"wp-block-columns is-layout-flex wp-container-core-columns-is-layout-3 wp-block-columns-is-layout-flex\">\n<div class=\"wp-block-column is-layout-flow wp-block-column-is-layout-flow\" style=\"flex-basis:66.66%\">\n<figure class=\"wp-block-image size-full\"><img loading=\"lazy\" decoding=\"async\" width=\"402\" height=\"664\" src=\"https:\/\/www.leaplytics.de\/wp-content\/uploads\/2022\/06\/grafik-6.png\" alt=\"\" class=\"wp-image-8503\" srcset=\"https:\/\/www.leaplytics.de\/wp-content\/uploads\/2022\/06\/grafik-6.png 402w, https:\/\/www.leaplytics.de\/wp-content\/uploads\/2022\/06\/grafik-6-182x300.png 182w, https:\/\/www.leaplytics.de\/wp-content\/uploads\/2022\/06\/grafik-6-36x60.png 36w\" sizes=\"auto, (max-width: 402px) 100vw, 402px\" \/><\/figure>\n<\/div>\n\n\n\n<div class=\"wp-block-column is-layout-flow wp-block-column-is-layout-flow\" style=\"flex-basis:33.33%\">\n<p>I det sista steget klickar du p\u00e5 det nyskapade f\u00e4ltet i sidof\u00e4ltet igen.<\/p>\n\n\n\n<p>Nu visas f\u00f6nstret \"Grupper\" igen.<\/p>\n<\/div>\n<\/div>\n\n\n\n<div class=\"wp-block-columns is-layout-flex wp-container-core-columns-is-layout-4 wp-block-columns-is-layout-flex\">\n<div class=\"wp-block-column is-layout-flow wp-block-column-is-layout-flow\" style=\"flex-basis:33.33%\">\n<p>H\u00e4r v\u00e4ljer du grupptypen \"List\" i st\u00e4llet f\u00f6r \"Bin\". De ogrupperade v\u00e4rdena visas i den v\u00e4nstra rutan.<\/p>\n\n\n\n<p>Du b\u00f6rjar nu med att markera varje v\u00e4rde och flytta det till den h\u00f6gra kolumnen med hj\u00e4lp av knappen \"Gruppera\".<\/p>\n<\/div>\n\n\n\n<div class=\"wp-block-column is-layout-flow wp-block-column-is-layout-flow\" style=\"flex-basis:66.66%\">\n<figure class=\"wp-block-image size-full\"><img loading=\"lazy\" decoding=\"async\" width=\"796\" height=\"631\" src=\"https:\/\/www.leaplytics.de\/wp-content\/uploads\/2022\/06\/grafik-7.png\" alt=\"\" class=\"wp-image-8504\" srcset=\"https:\/\/www.leaplytics.de\/wp-content\/uploads\/2022\/06\/grafik-7.png 796w, https:\/\/www.leaplytics.de\/wp-content\/uploads\/2022\/06\/grafik-7-300x238.png 300w, https:\/\/www.leaplytics.de\/wp-content\/uploads\/2022\/06\/grafik-7-768x609.png 768w, https:\/\/www.leaplytics.de\/wp-content\/uploads\/2022\/06\/grafik-7-76x60.png 76w\" sizes=\"auto, (max-width: 796px) 100vw, 796px\" \/><\/figure>\n<\/div>\n<\/div>\n\n\n\n<div class=\"wp-block-columns is-layout-flex wp-container-core-columns-is-layout-5 wp-block-columns-is-layout-flex\">\n<div class=\"wp-block-column is-layout-flow wp-block-column-is-layout-flow\" style=\"flex-basis:66.66%\">\n<figure class=\"wp-block-image size-full\"><img loading=\"lazy\" decoding=\"async\" width=\"797\" height=\"631\" src=\"https:\/\/www.leaplytics.de\/wp-content\/uploads\/2022\/06\/grafik-8.png\" alt=\"\" class=\"wp-image-8505\" srcset=\"https:\/\/www.leaplytics.de\/wp-content\/uploads\/2022\/06\/grafik-8.png 797w, https:\/\/www.leaplytics.de\/wp-content\/uploads\/2022\/06\/grafik-8-300x238.png 300w, https:\/\/www.leaplytics.de\/wp-content\/uploads\/2022\/06\/grafik-8-768x608.png 768w, https:\/\/www.leaplytics.de\/wp-content\/uploads\/2022\/06\/grafik-8-76x60.png 76w\" sizes=\"auto, (max-width: 797px) 100vw, 797px\" \/><\/figure>\n<\/div>\n\n\n\n<div class=\"wp-block-column is-layout-flow wp-block-column-is-layout-flow\" style=\"flex-basis:33.33%\">\n<p>N\u00e4stan klart! Du tilldelar nu v\u00e4rdena 1 till 10 till de tio v\u00e4rdena genom att dubbelklicka p\u00e5 varje supergrupp och infoga v\u00e4rdena. Slutligen klickar du p\u00e5 \"OK\".<\/p>\n<\/div>\n<\/div>\n\n\n\n<div class=\"wp-block-columns is-layout-flex wp-container-core-columns-is-layout-6 wp-block-columns-is-layout-flex\">\n<div class=\"wp-block-column is-layout-flow wp-block-column-is-layout-flow\" style=\"flex-basis:33.33%\">\n<p>Nu \u00e4r det klart! Du har omvandlat uppgifterna och kan nu dra dem till en axel i v\u00e5r riskmatris.<\/p>\n<\/div>\n\n\n\n<div class=\"wp-block-column is-layout-flow wp-block-column-is-layout-flow\" style=\"flex-basis:66.66%\">\n<figure class=\"wp-block-image size-full\"><img loading=\"lazy\" decoding=\"async\" width=\"416\" height=\"634\" src=\"https:\/\/www.leaplytics.de\/wp-content\/uploads\/2022\/06\/grafik-9.png\" alt=\"\" class=\"wp-image-8506\" srcset=\"https:\/\/www.leaplytics.de\/wp-content\/uploads\/2022\/06\/grafik-9.png 416w, https:\/\/www.leaplytics.de\/wp-content\/uploads\/2022\/06\/grafik-9-197x300.png 197w, https:\/\/www.leaplytics.de\/wp-content\/uploads\/2022\/06\/grafik-9-39x60.png 39w\" sizes=\"auto, (max-width: 416px) 100vw, 416px\" \/><\/figure>\n<\/div>\n<\/div>\n\n\n\n<h2 class=\"wp-block-heading\" id=\"quintiles\">Quintiles<\/h2>\n\n\n\n<div class=\"wp-block-columns is-layout-flex wp-container-core-columns-is-layout-7 wp-block-columns-is-layout-flex\">\n<div class=\"wp-block-column is-layout-flow wp-block-column-is-layout-flow\" style=\"flex-basis:66.66%\">\n<figure class=\"wp-block-image size-full\"><img loading=\"lazy\" decoding=\"async\" width=\"393\" height=\"677\" src=\"https:\/\/www.leaplytics.de\/wp-content\/uploads\/2022\/06\/grafik-11.png\" alt=\"\" class=\"wp-image-8541\" srcset=\"https:\/\/www.leaplytics.de\/wp-content\/uploads\/2022\/06\/grafik-11.png 393w, https:\/\/www.leaplytics.de\/wp-content\/uploads\/2022\/06\/grafik-11-174x300.png 174w, https:\/\/www.leaplytics.de\/wp-content\/uploads\/2022\/06\/grafik-11-35x60.png 35w\" sizes=\"auto, (max-width: 393px) 100vw, 393px\" \/><\/figure>\n<\/div>\n\n\n\n<div class=\"wp-block-column is-layout-flow wp-block-column-is-layout-flow\" style=\"flex-basis:33.33%\">\n<p>Vi h\u00f6gerklickar f\u00f6rst igen p\u00e5 det f\u00e4lt som vi vill diskretisera. I v\u00e5rt exempel \u00e4r det \"Impact Example\". Sedan v\u00e4ljer vi \"New measure\". DAX Editor \u00f6ppnas ovanf\u00f6r instrumentpanelen.<\/p>\n<\/div>\n<\/div>\n\n\n\n<p>Vi l\u00e4gger nu till f\u00f6ljande kod, anpassad till tabellen och \u00f6nskad kolumn i ditt dataset. Viktigt - detta \u00e4r ett exempel f\u00f6r kvintiler. Du kan anpassa detta till percentiler om det beh\u00f6vs:<\/p>\n\n\n\n<pre class=\"wp-block-code\"><code>Kvantil =\nvar FirstQuantile = CALCULATE(PERCENTILE.INC(Table[Column], .2), ALL(Table[Column]))\nvar SecondQuantile = CALCULATE(PERCENTILE.INC(Table[Column], .4), ALL(Table[Column]))\nvar ThirdQuantile = CALCULATE(PERCENTILE.INC(Table[Column], .6), ALL(Table[Column]))\nvar FourthQuantile = CALCULATE(PERCENTILE.INC(Table[Column], .8), ALL(Table[Column]))\nvar ThisVal = Min(Tabell[Kolumn])\nretur\nIF(HASONEVALUE(Tabell[Kolumn]),\n\t\tIF(ThisVal  FirstQuantile &amp;&amp; ThisVal  SecondQuantile &amp;&amp; ThisVal  ThirdQuantile &amp;&amp; ThisVal &lt;= FourthQuantile, 4,\n\t\t\t\t5)\n\t\t\t)\n\t\t)\n) )<\/code><\/pre>\n\n\n\n<div class=\"wp-block-columns is-layout-flex wp-container-core-columns-is-layout-8 wp-block-columns-is-layout-flex\">\n<div class=\"wp-block-column is-layout-flow wp-block-column-is-layout-flow\" style=\"flex-basis:33.33%\">\n<p>Klart! Vi har allts\u00e5 diskretiserat och f\u00e5tt v\u00e4rdena 1 till 5. Vi kan nu anv\u00e4nda detta f\u00e4lt f\u00f6r v\u00e5r riskmatris!<\/p>\n<\/div>\n\n\n\n<div class=\"wp-block-column is-layout-flow wp-block-column-is-layout-flow\" style=\"flex-basis:66.66%\">\n<figure class=\"wp-block-image size-full\"><img loading=\"lazy\" decoding=\"async\" width=\"244\" height=\"493\" src=\"https:\/\/www.leaplytics.de\/wp-content\/uploads\/2022\/06\/grafik-12.png\" alt=\"\" class=\"wp-image-8542\" srcset=\"https:\/\/www.leaplytics.de\/wp-content\/uploads\/2022\/06\/grafik-12.png 244w, https:\/\/www.leaplytics.de\/wp-content\/uploads\/2022\/06\/grafik-12-148x300.png 148w, https:\/\/www.leaplytics.de\/wp-content\/uploads\/2022\/06\/grafik-12-30x60.png 30w\" sizes=\"auto, (max-width: 244px) 100vw, 244px\" \/><\/figure>\n<\/div>\n<\/div>\n\n\n\n<h2 class=\"wp-block-heading\" id=\"custom-thresholds\">Anpassade tr\u00f6sklar<\/h2>\n\n\n\n<div class=\"wp-block-columns is-layout-flex wp-container-core-columns-is-layout-9 wp-block-columns-is-layout-flex\">\n<div class=\"wp-block-column is-layout-flow wp-block-column-is-layout-flow\" style=\"flex-basis:66.66%\">\n<figure class=\"wp-block-image size-full\"><img loading=\"lazy\" decoding=\"async\" width=\"393\" height=\"677\" src=\"https:\/\/www.leaplytics.de\/wp-content\/uploads\/2022\/06\/grafik-11.png\" alt=\"\" class=\"wp-image-8541\" srcset=\"https:\/\/www.leaplytics.de\/wp-content\/uploads\/2022\/06\/grafik-11.png 393w, https:\/\/www.leaplytics.de\/wp-content\/uploads\/2022\/06\/grafik-11-174x300.png 174w, https:\/\/www.leaplytics.de\/wp-content\/uploads\/2022\/06\/grafik-11-35x60.png 35w\" sizes=\"auto, (max-width: 393px) 100vw, 393px\" \/><\/figure>\n<\/div>\n\n\n\n<div class=\"wp-block-column is-layout-flow wp-block-column-is-layout-flow\" style=\"flex-basis:33.33%\">\n<p>Vi h\u00f6gerklickar f\u00f6rst igen p\u00e5 det f\u00e4lt som vi vill diskretisera. I v\u00e5rt exempel \u00e4r det \"Impact Example\". Sedan v\u00e4ljer vi \"New measure\". DAX Editor \u00f6ppnas ovanf\u00f6r instrumentpanelen.<\/p>\n<\/div>\n<\/div>\n\n\n\n<p>Vi l\u00e4gger nu till f\u00f6ljande kod, anpassad till tabellen och den \u00f6nskade kolumnen i din dataset:<\/p>\n\n\n\n<pre class=\"wp-block-code\"><code>Anpassade_Tr\u00f6sklar =\nvar FirstThreshold = ditt_f\u00f6rsta_tr\u00f6skelv\u00e4rde_h\u00e4r\nvar SecondThreshold = ditt_andra_tr\u00f6skelv\u00e4rde_h\u00e4r\nvar Tredje tr\u00f6skelv\u00e4rdet = ditt_tredje_tr\u00f6skelv\u00e4rdet_v\u00e4rde_h\u00e4r\nvar FourthThreshold = din_fjerde_tr\u00f6skel_v\u00e4rde_h\u00e4r\nvar ThisVal = Min(Tabell[Kolumn])\nretur\nIF(HASONEVALUE(Table[Column]),\n\t\tIF(ThisVal  FirstThreshold &amp;&amp; ThisVal  SecondThreshold &amp;&amp; ThisVal  ThirdThreshold &amp;&amp; ThisVal  ThirdThreshold &amp;&amp; ThisVal &lt;= FourthThreshold, 4,\n\t\t\t\t5)\n\t\t\t)\n\t\t)\n) )<\/code><\/pre>\n\n\n\n<h2 class=\"wp-block-heading\" id=\"words-to-numbers\">Ord till siffror<\/h2>\n\n\n\n<div class=\"wp-block-columns is-layout-flex wp-container-core-columns-is-layout-10 wp-block-columns-is-layout-flex\">\n<div class=\"wp-block-column is-layout-flow wp-block-column-is-layout-flow\" style=\"flex-basis:66.66%\">\n<figure class=\"wp-block-image size-full\"><img loading=\"lazy\" decoding=\"async\" width=\"627\" height=\"439\" src=\"https:\/\/www.leaplytics.de\/wp-content\/uploads\/2022\/06\/grafik-17.png\" alt=\"\" class=\"wp-image-8963\" srcset=\"https:\/\/www.leaplytics.de\/wp-content\/uploads\/2022\/06\/grafik-17.png 627w, https:\/\/www.leaplytics.de\/wp-content\/uploads\/2022\/06\/grafik-17-300x210.png 300w, https:\/\/www.leaplytics.de\/wp-content\/uploads\/2022\/06\/grafik-17-86x60.png 86w\" sizes=\"auto, (max-width: 627px) 100vw, 627px\" \/><\/figure>\n<\/div>\n\n\n\n<div class=\"wp-block-column is-layout-flow wp-block-column-is-layout-flow\" style=\"flex-basis:33.33%\">\n<p>F\u00f6rst klickar du p\u00e5 \"Transform data\" i menyn. D\u00e5 \u00f6ppnas Power Query Editor.<\/p>\n<\/div>\n<\/div>\n\n\n\n<div class=\"wp-block-columns is-layout-flex wp-container-core-columns-is-layout-11 wp-block-columns-is-layout-flex\">\n<div class=\"wp-block-column is-layout-flow wp-block-column-is-layout-flow\" style=\"flex-basis:33.33%\">\n<p>Du v\u00e4ljer den kolumn som du vill transformera. I det h\u00e4r exemplet \u00e4r det kolumnen \"Sannolikhetstext\". Klicka sedan p\u00e5 \"Kolumn fr\u00e5n exempel\" i det \u00f6vre v\u00e4nstra h\u00f6rnet och v\u00e4lj \"Fr\u00e5n urval\".<\/p>\n<\/div>\n\n\n\n<div class=\"wp-block-column is-layout-flow wp-block-column-is-layout-flow\" style=\"flex-basis:66.66%\">\n<figure class=\"wp-block-image size-full\"><img loading=\"lazy\" decoding=\"async\" width=\"627\" height=\"268\" src=\"https:\/\/www.leaplytics.de\/wp-content\/uploads\/2022\/06\/grafik-18.png\" alt=\"\" class=\"wp-image-8964\" srcset=\"https:\/\/www.leaplytics.de\/wp-content\/uploads\/2022\/06\/grafik-18.png 627w, https:\/\/www.leaplytics.de\/wp-content\/uploads\/2022\/06\/grafik-18-300x128.png 300w, https:\/\/www.leaplytics.de\/wp-content\/uploads\/2022\/06\/grafik-18-140x60.png 140w\" sizes=\"auto, (max-width: 627px) 100vw, 627px\" \/><\/figure>\n<\/div>\n<\/div>\n\n\n\n<div class=\"wp-block-columns is-layout-flex wp-container-core-columns-is-layout-12 wp-block-columns-is-layout-flex\">\n<div class=\"wp-block-column is-layout-flow wp-block-column-is-layout-flow\" style=\"flex-basis:66.66%\">\n<figure class=\"wp-block-image size-full\"><img loading=\"lazy\" decoding=\"async\" width=\"627\" height=\"268\" src=\"https:\/\/www.leaplytics.de\/wp-content\/uploads\/2022\/06\/grafik-19.png\" alt=\"\" class=\"wp-image-8965\" srcset=\"https:\/\/www.leaplytics.de\/wp-content\/uploads\/2022\/06\/grafik-19.png 627w, https:\/\/www.leaplytics.de\/wp-content\/uploads\/2022\/06\/grafik-19-300x128.png 300w, https:\/\/www.leaplytics.de\/wp-content\/uploads\/2022\/06\/grafik-19-140x60.png 140w\" sizes=\"auto, (max-width: 627px) 100vw, 627px\" \/><\/figure>\n<\/div>\n\n\n\n<div class=\"wp-block-column is-layout-flow wp-block-column-is-layout-flow\" style=\"flex-basis:33.33%\">\n<p>En ny kolumn l\u00e4ggs till. Du klickar p\u00e5 den f\u00f6rsta cellen i den nya kolumnen och anger \u00f6nskat numeriskt v\u00e4rde. I v\u00e5rt exempel motsvarar \"Remote\" (l\u00e4gsta uttrycket) v\u00e4rdet \"1\".&nbsp; <em><strong>Du beh\u00f6ver inte \u00e4ndra alla v\u00e4rden individuellt. Power BI k\u00e4nner igen siffrorna och mappar dem automatiskt enligt <\/strong><\/em><strong>tv\u00e5<\/strong><em><strong> exempel p\u00e5 dina.<\/strong><\/em><\/p>\n<\/div>\n<\/div>\n\n\n\n<div class=\"wp-block-columns is-layout-flex wp-container-core-columns-is-layout-13 wp-block-columns-is-layout-flex\">\n<div class=\"wp-block-column is-layout-flow wp-block-column-is-layout-flow\" style=\"flex-basis:33.33%\">\n<p>Du upprepar detta f\u00f6r varje uttryck i din dataupps\u00e4ttning ...<\/p>\n<\/div>\n\n\n\n<div class=\"wp-block-column is-layout-flow wp-block-column-is-layout-flow\" style=\"flex-basis:66.66%\">\n<figure class=\"wp-block-image size-full\"><img loading=\"lazy\" decoding=\"async\" width=\"627\" height=\"317\" src=\"https:\/\/www.leaplytics.de\/wp-content\/uploads\/2022\/06\/grafik-20.png\" alt=\"\" class=\"wp-image-8966\" srcset=\"https:\/\/www.leaplytics.de\/wp-content\/uploads\/2022\/06\/grafik-20.png 627w, https:\/\/www.leaplytics.de\/wp-content\/uploads\/2022\/06\/grafik-20-300x152.png 300w, https:\/\/www.leaplytics.de\/wp-content\/uploads\/2022\/06\/grafik-20-119x60.png 119w\" sizes=\"auto, (max-width: 627px) 100vw, 627px\" \/><\/figure>\n<\/div>\n<\/div>\n\n\n\n<div class=\"wp-block-columns is-layout-flex wp-container-core-columns-is-layout-14 wp-block-columns-is-layout-flex\">\n<div class=\"wp-block-column is-layout-flow wp-block-column-is-layout-flow\" style=\"flex-basis:66.66%\">\n<figure class=\"wp-block-image size-full\"><img loading=\"lazy\" decoding=\"async\" width=\"627\" height=\"315\" src=\"https:\/\/www.leaplytics.de\/wp-content\/uploads\/2022\/06\/grafik-21.png\" alt=\"\" class=\"wp-image-8969\" srcset=\"https:\/\/www.leaplytics.de\/wp-content\/uploads\/2022\/06\/grafik-21.png 627w, https:\/\/www.leaplytics.de\/wp-content\/uploads\/2022\/06\/grafik-21-300x151.png 300w, https:\/\/www.leaplytics.de\/wp-content\/uploads\/2022\/06\/grafik-21-119x60.png 119w\" sizes=\"auto, (max-width: 627px) 100vw, 627px\" \/><\/figure>\n<\/div>\n\n\n\n<div class=\"wp-block-column is-layout-flow wp-block-column-is-layout-flow\" style=\"flex-basis:33.33%\">\n<p>N\u00e4r du har mappat ditt sista uttryck klickar du slutligen p\u00e5 \"OK\" . Och s\u00e5 har du det: En transformerad kolumn f\u00f6r \"Probability\". Du upprepar detta med \"Impact\" och du har det dataformat som kr\u00e4vs. Vi valde den h\u00e4r 1 till 10-logiken eftersom alla har olika formuleringar f\u00f6r de fem kategorierna.<\/p>\n<\/div>\n<\/div>","protected":false},"excerpt":{"rendered":"<p>Our Risk Heatmap \/ Matrix requires 1 to 10 as values, but what to do if your data is continuous and not in this interval? Or if the expressions of your risks consist of words? Below are four solutions with binning, quintiles, custom thresholds and words to numbers mapping. Binning In this solution approach, all &hellip; <\/p>","protected":false},"author":2,"featured_media":0,"parent":0,"menu_order":0,"comment_status":"closed","ping_status":"closed","template":"","meta":{"footnotes":""},"class_list":["post-8499","page","type-page","status-publish","hentry","latest_post"],"_links":{"self":[{"href":"https:\/\/www.leaplytics.de\/sv\/wp-json\/wp\/v2\/pages\/8499","targetHints":{"allow":["GET"]}}],"collection":[{"href":"https:\/\/www.leaplytics.de\/sv\/wp-json\/wp\/v2\/pages"}],"about":[{"href":"https:\/\/www.leaplytics.de\/sv\/wp-json\/wp\/v2\/types\/page"}],"author":[{"embeddable":true,"href":"https:\/\/www.leaplytics.de\/sv\/wp-json\/wp\/v2\/users\/2"}],"replies":[{"embeddable":true,"href":"https:\/\/www.leaplytics.de\/sv\/wp-json\/wp\/v2\/comments?post=8499"}],"version-history":[{"count":2,"href":"https:\/\/www.leaplytics.de\/sv\/wp-json\/wp\/v2\/pages\/8499\/revisions"}],"predecessor-version":[{"id":13647,"href":"https:\/\/www.leaplytics.de\/sv\/wp-json\/wp\/v2\/pages\/8499\/revisions\/13647"}],"wp:attachment":[{"href":"https:\/\/www.leaplytics.de\/sv\/wp-json\/wp\/v2\/media?parent=8499"}],"curies":[{"name":"wp","href":"https:\/\/api.w.org\/{rel}","templated":true}]}}