{"id":9298,"date":"2022-08-01T18:12:55","date_gmt":"2022-08-01T16:12:55","guid":{"rendered":"https:\/\/www.leaplytics.de\/?page_id=9298"},"modified":"2024-10-29T10:26:15","modified_gmt":"2024-10-29T09:26:15","slug":"komma-igang-trafikljus-power-bi","status":"publish","type":"page","link":"https:\/\/www.leaplytics.de\/sv\/komma-igang-trafikljus-power-bi\/","title":{"rendered":"Kom ig\u00e5ng - Trafikljus"},"content":{"rendered":"<p>Har du precis f\u00e5tt reda p\u00e5 hur Traffic Light Visual fungerar i Power BI och undrar vad n\u00e4sta steg \u00e4r?<\/p>\n\n\n\n<p>D\u00e5 har du kommit till r\u00e4tt st\u00e4lle! I v\u00e5r steg-f\u00f6r-steg-guide, med st\u00f6d av v\u00e5ra videohandledningar, guidar vi dig genom installationen och anpassningen av v\u00e5r visual.<\/p>\n\n\n\n<div style=\"height:40px\" aria-hidden=\"true\" class=\"wp-block-spacer\"><\/div>\n\n\n\n<h3 class=\"wp-block-heading\">1. Ladda ner den visuella<\/h3>\n\n\n\n<figure class=\"wp-block-embed is-type-video is-provider-youtube wp-block-embed-youtube wp-embed-aspect-16-9 wp-has-aspect-ratio\"><div class=\"wp-block-embed__wrapper\">\n<iframe loading=\"lazy\" title=\"Ladda ner handledning - LeapLytics trafikljus f\u00f6r Power BI\" width=\"770\" height=\"433\" src=\"https:\/\/www.youtube.com\/embed\/_u8gc4RcyO0?feature=oembed\" frameborder=\"0\" allow=\"accelerometer; autoplay; clipboard-write; encrypted-media; gyroscope; picture-in-picture; web-share\" referrerpolicy=\"strict-origin-when-cross-origin\" allowfullscreen><\/iframe>\n<\/div><figcaption class=\"wp-element-caption\">Det f\u00f6rsta steget \u00e4r naturligtvis att ladda ner Traffic Light Visual fr\u00e5n Microsoft AppSource. I v\u00e5r video f\u00f6rklarar vi hela nedladdningsprocessen p\u00e5 1 minut.<\/figcaption><\/figure>\n\n\n\n<div style=\"height:40px\" aria-hidden=\"true\" class=\"wp-block-spacer\"><\/div>\n\n\n\n<h3 class=\"wp-block-heading\">2. F\u00f6rbered dina data<\/h3>\n\n\n\n<div class=\"wp-block-columns is-layout-flex wp-container-core-columns-is-layout-1 wp-block-columns-is-layout-flex\">\n<div class=\"wp-block-column is-layout-flow wp-block-column-is-layout-flow\"><div class=\"wp-block-image\">\n<figure class=\"alignleft size-full is-resized\"><img loading=\"lazy\" decoding=\"async\" width=\"2285\" height=\"1538\" src=\"https:\/\/www.leaplytics.de\/wp-content\/uploads\/2024\/08\/data-preparation.png\" alt=\"\" class=\"wp-image-13550\" style=\"width:389px;height:auto\" srcset=\"https:\/\/www.leaplytics.de\/wp-content\/uploads\/2024\/08\/data-preparation.png 2285w, https:\/\/www.leaplytics.de\/wp-content\/uploads\/2024\/08\/data-preparation-300x202.png 300w, https:\/\/www.leaplytics.de\/wp-content\/uploads\/2024\/08\/data-preparation-1024x689.png 1024w, https:\/\/www.leaplytics.de\/wp-content\/uploads\/2024\/08\/data-preparation-768x517.png 768w, https:\/\/www.leaplytics.de\/wp-content\/uploads\/2024\/08\/data-preparation-1536x1034.png 1536w, https:\/\/www.leaplytics.de\/wp-content\/uploads\/2024\/08\/data-preparation-2048x1378.png 2048w, https:\/\/www.leaplytics.de\/wp-content\/uploads\/2024\/08\/data-preparation-89x60.png 89w\" sizes=\"auto, (max-width: 2285px) 100vw, 2285px\" \/><\/figure><\/div><\/div>\n\n\n\n<div class=\"wp-block-column is-layout-flow wp-block-column-is-layout-flow\">\n<p>V\u00e5rt Traffic Light kr\u00e4ver antingen numeriska, procentuella eller tidsv\u00e4rden (t.ex. datum) f\u00f6r att st\u00e4lla in intervall f\u00f6r varje ljusf\u00e4rg.<\/p>\n\n\n\n<p>Se till att anpassa dina intressanta data till ett av de dataformat som st\u00f6ds.<\/p>\n<\/div>\n<\/div>\n\n\n\n<div style=\"height:40px\" aria-hidden=\"true\" class=\"wp-block-spacer\"><\/div>\n\n\n\n<h3 class=\"wp-block-heading\">3. Data- och licensimport<\/h3>\n\n\n\n<figure class=\"wp-block-embed is-type-video is-provider-youtube wp-block-embed-youtube wp-embed-aspect-16-9 wp-has-aspect-ratio\"><div class=\"wp-block-embed__wrapper\">\n<iframe loading=\"lazy\" title=\"Dataimport och licensaktivering - LeapLytics Traffic Light f\u00f6r Power BI\" width=\"770\" height=\"433\" src=\"https:\/\/www.youtube.com\/embed\/S1HhF9H03K0?feature=oembed\" frameborder=\"0\" allow=\"accelerometer; autoplay; clipboard-write; encrypted-media; gyroscope; picture-in-picture; web-share\" referrerpolicy=\"strict-origin-when-cross-origin\" allowfullscreen><\/iframe>\n<\/div><figcaption class=\"wp-element-caption\">N\u00e4r vi har f\u00f6rberett v\u00e5ra data \u00e4r det dags att importera dem till Power BI. I den h\u00e4r videon hj\u00e4lper vi dig att importera dina data och aktivera din licenskod.<\/figcaption><\/figure>\n\n\n<div class=\"wp-block-image\">\n<figure class=\"alignleft size-full is-resized\"><img loading=\"lazy\" decoding=\"async\" width=\"964\" height=\"1875\" src=\"https:\/\/www.leaplytics.de\/wp-content\/uploads\/2024\/08\/datalicense.png\" alt=\"\" class=\"wp-image-13551\" style=\"width:204px;height:auto\" srcset=\"https:\/\/www.leaplytics.de\/wp-content\/uploads\/2024\/08\/datalicense.png 964w, https:\/\/www.leaplytics.de\/wp-content\/uploads\/2024\/08\/datalicense-154x300.png 154w, https:\/\/www.leaplytics.de\/wp-content\/uploads\/2024\/08\/datalicense-526x1024.png 526w, https:\/\/www.leaplytics.de\/wp-content\/uploads\/2024\/08\/datalicense-768x1494.png 768w, https:\/\/www.leaplytics.de\/wp-content\/uploads\/2024\/08\/datalicense-790x1536.png 790w, https:\/\/www.leaplytics.de\/wp-content\/uploads\/2024\/08\/datalicense-31x60.png 31w\" sizes=\"auto, (max-width: 964px) 100vw, 964px\" \/><\/figure><\/div>\n\n\n<p>F\u00f6r att importera dina data klickar du p\u00e5 \"H\u00e4mta data\" i dataf\u00f6nstret och v\u00e4ljer respektive datak\u00e4lla, t.ex. en Excel-arbetsbok.<\/p>\n\n\n\n<p><\/p>\n\n\n\n<p>I ett n\u00e4sta steg v\u00e4ljer du den visuella bilden fr\u00e5n den visuella listan f\u00f6r att l\u00e4gga till den i din Power BI-rapport. Klicka nu p\u00e5 \"Formatera din bild\" under visualiseringar och v\u00e4lj avsnittet \"licens\".<\/p>\n\n\n\n<p>H\u00e4r kan du enkelt ange din licenskod via CTRL + V.<\/p>\n\n\n\n<div style=\"height:40px\" aria-hidden=\"true\" class=\"wp-block-spacer\"><\/div>\n\n\n\n<h3 class=\"wp-block-heading\">4. Visuell upps\u00e4ttning<\/h3>\n\n\n\n<figure class=\"wp-block-embed is-type-video is-provider-youtube wp-block-embed-youtube wp-embed-aspect-16-9 wp-has-aspect-ratio\"><div class=\"wp-block-embed__wrapper\">\n<iframe loading=\"lazy\" title=\"Visuell installation - LeapLytics Traffic Light f\u00f6r Power BI\" width=\"770\" height=\"433\" src=\"https:\/\/www.youtube.com\/embed\/rY4INTDBFAA?feature=oembed\" frameborder=\"0\" allow=\"accelerometer; autoplay; clipboard-write; encrypted-media; gyroscope; picture-in-picture; web-share\" referrerpolicy=\"strict-origin-when-cross-origin\" allowfullscreen><\/iframe>\n<\/div><figcaption class=\"wp-element-caption\">D\u00e4refter m\u00e5ste vi l\u00e4gga till v\u00e5ra data i den visuella bilden. H\u00e4r guidar vi dig steg f\u00f6r steg hur du l\u00e4gger till dina data i bilden och hur du definierar dataintervallen i enlighet med detta.<\/figcaption><\/figure>\n\n\n\n<div class=\"wp-block-columns is-layout-flex wp-container-core-columns-is-layout-2 wp-block-columns-is-layout-flex\">\n<div class=\"wp-block-column is-layout-flow wp-block-column-is-layout-flow\" style=\"flex-basis:33.33%\"><div class=\"wp-block-image\">\n<figure class=\"alignleft size-full is-resized\"><img loading=\"lazy\" decoding=\"async\" width=\"1019\" height=\"1675\" src=\"https:\/\/www.leaplytics.de\/wp-content\/uploads\/2024\/08\/measure.png\" alt=\"\" class=\"wp-image-13554\" style=\"width:204px;height:auto\" srcset=\"https:\/\/www.leaplytics.de\/wp-content\/uploads\/2024\/08\/measure.png 1019w, https:\/\/www.leaplytics.de\/wp-content\/uploads\/2024\/08\/measure-183x300.png 183w, https:\/\/www.leaplytics.de\/wp-content\/uploads\/2024\/08\/measure-623x1024.png 623w, https:\/\/www.leaplytics.de\/wp-content\/uploads\/2024\/08\/measure-768x1262.png 768w, https:\/\/www.leaplytics.de\/wp-content\/uploads\/2024\/08\/measure-934x1536.png 934w, https:\/\/www.leaplytics.de\/wp-content\/uploads\/2024\/08\/measure-37x60.png 37w\" sizes=\"auto, (max-width: 1019px) 100vw, 1019px\" \/><\/figure><\/div><\/div>\n\n\n\n<div class=\"wp-block-column is-layout-flow wp-block-column-is-layout-flow\" style=\"flex-basis:66.66%\">\n<p>V\u00e4lj det intressanta m\u00e5ttet fr\u00e5n \"Data\"-avsnittet genom att klicka p\u00e5 det eller dra det till \"Measure\"-f\u00e4ltet p\u00e5 bilden.<\/p>\n\n\n\n<p><strong>Valfritt: <\/strong>Genom att klicka p\u00e5 rullgardinsmenyn kan du v\u00e4lja r\u00e4tt aggregering f\u00f6r dina behov (Sum, Average, etc.).<\/p>\n\n\n\n<p>Vid anv\u00e4ndning av tidsformat m\u00e5ste man se till att formatet st\u00e4lls in i enlighet med formatet f\u00f6r den valda \u00e5tg\u00e4rden.<\/p>\n<\/div>\n<\/div>\n\n\n\n<div style=\"height:40px\" aria-hidden=\"true\" class=\"wp-block-spacer\"><\/div>\n\n\n\n<h3 class=\"wp-block-heading\">5. Inst\u00e4llning av intervall<\/h3>\n\n\n<div class=\"wp-block-image\">\n<figure class=\"alignleft size-full\"><img loading=\"lazy\" decoding=\"async\" width=\"185\" height=\"377\" src=\"https:\/\/www.leaplytics.de\/wp-content\/uploads\/2024\/08\/ranges.png\" alt=\"\" class=\"wp-image-13553\" srcset=\"https:\/\/www.leaplytics.de\/wp-content\/uploads\/2024\/08\/ranges.png 185w, https:\/\/www.leaplytics.de\/wp-content\/uploads\/2024\/08\/ranges-147x300.png 147w, https:\/\/www.leaplytics.de\/wp-content\/uploads\/2024\/08\/ranges-29x60.png 29w\" sizes=\"auto, (max-width: 185px) 100vw, 185px\" \/><\/figure><\/div>\n\n\n<p>F\u00f6r att din \"Traffic Light\"-bild ska fungera korrekt m\u00e5ste du sedan definiera intervallen f\u00f6r visning av de ljusa f\u00e4rgerna. I avsnittet \"Ranges\" under \"Formt your visual\" kan du definiera minimi- och maximiv\u00e4rden f\u00f6r motsvarande f\u00e4rg*.<\/p>\n\n\n\n<p>N\u00e4r ett datum- eller intervallm\u00e5tt v\u00e4ljs i m\u00e5ttsektionen m\u00e5ste du definiera intervallen i enlighet med det valda tidsformatet i tidsformatsektionen.<\/p>\n\n\n\n<p><em>*Gul Minimum och Gul Maximum \u00e4r avaktiverade om \"Two-Light System\" \u00e4r valt.<\/em><\/p>\n\n\n\n<div style=\"height:40px\" aria-hidden=\"true\" class=\"wp-block-spacer\"><\/div>\n\n\n\n<h3 class=\"wp-block-heading\">6. Anpassa din favoritdesign<\/h3>\n\n\n\n<figure class=\"wp-block-embed is-type-video is-provider-youtube wp-block-embed-youtube wp-embed-aspect-16-9 wp-has-aspect-ratio\"><div class=\"wp-block-embed__wrapper\">\n<iframe loading=\"lazy\" title=\"Inst\u00e4llningar f\u00f6r anpassad design - LeapLytics Traffic Light f\u00f6r Power BI\" width=\"770\" height=\"433\" src=\"https:\/\/www.youtube.com\/embed\/GpFtfzbQ_OE?feature=oembed\" frameborder=\"0\" allow=\"accelerometer; autoplay; clipboard-write; encrypted-media; gyroscope; picture-in-picture; web-share\" referrerpolicy=\"strict-origin-when-cross-origin\" allowfullscreen><\/iframe>\n<\/div><figcaption class=\"wp-element-caption\">V\u00e5r visual erbjuder dig ett brett utbud av anpassningsalternativ. Kolla in v\u00e5r videohandledning ovan f\u00f6r att l\u00e4ra dig hur du anpassar trafikljuset till dina individuella preferenser.<\/figcaption><\/figure>\n\n\n<div class=\"wp-block-image\">\n<figure class=\"alignleft size-full is-resized\"><img loading=\"lazy\" decoding=\"async\" width=\"538\" height=\"1697\" src=\"https:\/\/www.leaplytics.de\/wp-content\/uploads\/2024\/08\/formats.png\" alt=\"\" class=\"wp-image-13552\" style=\"width:198px;height:auto\" srcset=\"https:\/\/www.leaplytics.de\/wp-content\/uploads\/2024\/08\/formats.png 538w, https:\/\/www.leaplytics.de\/wp-content\/uploads\/2024\/08\/formats-95x300.png 95w, https:\/\/www.leaplytics.de\/wp-content\/uploads\/2024\/08\/formats-325x1024.png 325w, https:\/\/www.leaplytics.de\/wp-content\/uploads\/2024\/08\/formats-487x1536.png 487w, https:\/\/www.leaplytics.de\/wp-content\/uploads\/2024\/08\/formats-19x60.png 19w\" sizes=\"auto, (max-width: 538px) 100vw, 538px\" \/><\/figure><\/div>\n\n\n<p>I ett sista steg kan vi anpassa den visuella bilden till en individuell design. N\u00e4r du klickar p\u00e5 \"Formatera din bild\" under visualiseringar ser du f\u00f6ljande panel.<\/p>\n\n\n\n<p>H\u00e4r kan du anpassa alla formateringsalternativ genom att v\u00e4lja din favoritdesign. <\/p>\n\n\n\n<p>Instruktioner f\u00f6r varje formateringsalternativ finns i v\u00e5r videohandledning ovan.<\/p>\n\n\n\n<div style=\"height:40px\" aria-hidden=\"true\" class=\"wp-block-spacer\"><\/div>\n\n\n\n<p>Perfekt, du \u00e4r nu redo att anv\u00e4nda v\u00e5rt Traffic Light och f\u00f6rb\u00e4ttra din rapportering!<\/p>\n\n\n\n<div style=\"height:40px\" aria-hidden=\"true\" class=\"wp-block-spacer\"><\/div>\n\n\n\n<div class=\"wp-block-buttons is-layout-flex wp-block-buttons-is-layout-flex\">\n<div class=\"wp-block-button\"><a class=\"wp-block-button__link has-background wp-element-button\" href=\"https:\/\/www.leaplytics.de\/sv\/forstasida\/projektledning-anpassade-visualiseringar-microsoft-powerbi\/risk-heatmap-anpassad-visuell-bild-for-power-bi\/\" style=\"background-color:#44546a\">Vill du h\u00f6ja niv\u00e5n p\u00e5 din rapportering ytterligare? Kolla in v\u00e5r riskmatris f\u00f6r Power BI!<\/a><\/div>\n<\/div>","protected":false},"excerpt":{"rendered":"<p>Har du precis uppt\u00e4ckt Traffic Light visual i Power BI och undrar vad n\u00e4sta steg \u00e4r? D\u00e5 har du kommit till r\u00e4tt st\u00e4lle! I v\u00e5r steg-f\u00f6r-steg-guide, som st\u00f6ds av v\u00e5ra videohandledningar, guidar vi dig genom installationen och anpassningen av v\u00e5r visuella. 1. Ladda ner visualiseringsprogrammet 2. F\u00f6rbered ... <\/p>","protected":false},"author":2,"featured_media":0,"parent":0,"menu_order":0,"comment_status":"closed","ping_status":"closed","template":"","meta":{"footnotes":""},"class_list":["post-9298","page","type-page","status-publish","hentry","latest_post"],"_links":{"self":[{"href":"https:\/\/www.leaplytics.de\/sv\/wp-json\/wp\/v2\/pages\/9298","targetHints":{"allow":["GET"]}}],"collection":[{"href":"https:\/\/www.leaplytics.de\/sv\/wp-json\/wp\/v2\/pages"}],"about":[{"href":"https:\/\/www.leaplytics.de\/sv\/wp-json\/wp\/v2\/types\/page"}],"author":[{"embeddable":true,"href":"https:\/\/www.leaplytics.de\/sv\/wp-json\/wp\/v2\/users\/2"}],"replies":[{"embeddable":true,"href":"https:\/\/www.leaplytics.de\/sv\/wp-json\/wp\/v2\/comments?post=9298"}],"version-history":[{"count":11,"href":"https:\/\/www.leaplytics.de\/sv\/wp-json\/wp\/v2\/pages\/9298\/revisions"}],"predecessor-version":[{"id":13635,"href":"https:\/\/www.leaplytics.de\/sv\/wp-json\/wp\/v2\/pages\/9298\/revisions\/13635"}],"wp:attachment":[{"href":"https:\/\/www.leaplytics.de\/sv\/wp-json\/wp\/v2\/media?parent=9298"}],"curies":[{"name":"wp","href":"https:\/\/api.w.org\/{rel}","templated":true}]}}