{"id":11629,"date":"2023-05-12T23:15:22","date_gmt":"2023-05-12T21:15:22","guid":{"rendered":"https:\/\/www.leaplytics.de\/?page_id=11629"},"modified":"2024-04-12T21:40:36","modified_gmt":"2024-04-12T19:40:36","slug":"ortak-programi","status":"publish","type":"page","link":"https:\/\/www.leaplytics.de\/tr\/ortak-programi\/","title":{"rendered":"Ortak Program\u0131"},"content":{"rendered":"<h4 class=\"wp-block-heading\">Ortakl\u0131k\/Sat\u0131c\u0131 Program\u0131m\u0131z<\/h4>\n\n\n\n<p>LeapLytics'in i\u015f orta\u011f\u0131 olun. M\u00fc\u015fterilerinizin \u00f6nde gelen BI \u00e7\u00f6z\u00fcmleriyle tek bir temas noktas\u0131 olmas\u0131n\u0131 sa\u011flamak i\u00e7in lisanslar\u0131 kendi ba\u015f\u0131n\u0131za da\u011f\u0131t\u0131n. Lisanslar\u0131 kendi ba\u015f\u0131n\u0131za veya da\u011f\u0131t\u0131m kanallar\u0131m\u0131z arac\u0131l\u0131\u011f\u0131yla da\u011f\u0131t\u0131rsan\u0131z ve\/veya satarsan\u0131z ilgili indirimler ve komisyonlar sunuyoruz. Ayr\u0131ca, \u00fcr\u00fcnlerimizi bir yeniden sat\u0131\u015f se\u00e7ene\u011fi olarak hizmet teklifinize dahil etmenize de izin verilir.<\/p>\n\n\n<div class=\"wp-block-image\">\n<figure class=\"aligncenter size-large\"><img loading=\"lazy\" decoding=\"async\" width=\"1024\" height=\"683\" src=\"https:\/\/www.leaplytics.de\/wp-content\/uploads\/2020\/10\/scott-graham-OQMZwNd3ThU-unsplash-1024x683.jpg\" alt=\"\" class=\"wp-image-253\" srcset=\"https:\/\/www.leaplytics.de\/wp-content\/uploads\/2020\/10\/scott-graham-OQMZwNd3ThU-unsplash-1024x683.jpg 1024w, https:\/\/www.leaplytics.de\/wp-content\/uploads\/2020\/10\/scott-graham-OQMZwNd3ThU-unsplash-scaled-600x401.jpg 600w, https:\/\/www.leaplytics.de\/wp-content\/uploads\/2020\/10\/scott-graham-OQMZwNd3ThU-unsplash-300x200.jpg 300w, https:\/\/www.leaplytics.de\/wp-content\/uploads\/2020\/10\/scott-graham-OQMZwNd3ThU-unsplash-768x513.jpg 768w, https:\/\/www.leaplytics.de\/wp-content\/uploads\/2020\/10\/scott-graham-OQMZwNd3ThU-unsplash-1536x1025.jpg 1536w, https:\/\/www.leaplytics.de\/wp-content\/uploads\/2020\/10\/scott-graham-OQMZwNd3ThU-unsplash-2048x1367.jpg 2048w, https:\/\/www.leaplytics.de\/wp-content\/uploads\/2020\/10\/scott-graham-OQMZwNd3ThU-unsplash-90x60.jpg 90w\" sizes=\"auto, (max-width: 1024px) 100vw, 1024px\" \/><\/figure><\/div>\n\n\n<div style=\"height:19px\" aria-hidden=\"true\" class=\"wp-block-spacer\"><\/div>\n\n\n\n<p>Bir i\u015f orta\u011f\u0131 olarak, en son s\u00fcr\u00fcm bilgilerinin yan\u0131 s\u0131ra geli\u015ftirme hatt\u0131na ili\u015fkin derin i\u00e7g\u00f6r\u00fcler elde edersiniz. Bu \u015fekilde, pazar\u0131n \u00f6n\u00fcnde yer al\u0131r ve m\u00fc\u015fterilerinize ola\u011fan\u00fcst\u00fc hizmet sunabilirsiniz. Ayr\u0131ca, g\u00f6rsellerin gelece\u011fini \u015fekillendirmek i\u00e7in geli\u015ftirme s\u00fcrecimize aktif olarak kat\u0131labilirsiniz.<\/p>\n\n\n\n<h4 class=\"wp-block-heading\">Bizimle Ortak Olmaya Haz\u0131r m\u0131s\u0131n\u0131z?<\/h4>\n\n\n\n<p>A\u015fa\u011f\u0131daki formu doldurarak Ortakl\u0131k\/Sat\u0131c\u0131 Program\u0131m\u0131za bug\u00fcn kaydolun. Teklif ve avantajlar\u0131n\u0131z\u0131 g\u00f6r\u00fc\u015fmek i\u00e7in sizinle ileti\u015fime ge\u00e7ece\u011fiz. \u0130\u015finiz hakk\u0131nda daha fazla bilgi edinmek ve ba\u015far\u0131l\u0131 bir ortakl\u0131\u011f\u0131n heyecan verici olanaklar\u0131n\u0131 ke\u015ffetmek i\u00e7in sab\u0131rs\u0131zlan\u0131yoruz!<\/p>\n\n\n<div class=\"wpforms-container wpforms-container-full\" id=\"wpforms-11630\"><form id=\"wpforms-form-11630\" class=\"wpforms-validate wpforms-form wpforms-ajax-form\" data-formid=\"11630\" method=\"post\" enctype=\"multipart\/form-data\" action=\"\/tr\/wp-json\/wp\/v2\/pages\/11629\" data-token=\"83a2090e9e48df855c215049ad37212a\" data-token-time=\"1777615982\" data-trp-original-action=\"\/tr\/wp-json\/wp\/v2\/pages\/11629\"><div class=\"wpforms-head-container\"><div class=\"wpforms-title\">Ortakl\u0131k Ba\u015fvurusu<\/div><\/div><noscript class=\"wpforms-error-noscript\">Bu formu bitirebilmek i\u00e7in taray\u0131c\u0131n\u0131zda JavaScript'i etkinle\u015ftirin.<\/noscript><div class=\"wpforms-field-container\"><div id=\"wpforms-11630-field_0-container\" class=\"wpforms-field wpforms-field-name\" data-field-id=\"0\"><label class=\"wpforms-field-label\">\u0130sim <span class=\"wpforms-required-label\">*<\/span><\/label><div class=\"wpforms-field-row wpforms-field-medium\"><div class=\"wpforms-field-row-block wpforms-first wpforms-one-half\"><input type=\"text\" id=\"wpforms-11630-field_0\" class=\"wpforms-field-name-first wpforms-field-required\" name=\"wpforms[fields][0][first]\" required><label for=\"wpforms-11630-field_0\" class=\"wpforms-field-sublabel after\">Reklam<\/label><\/div><div class=\"wpforms-field-row-block wpforms-one-half\"><input type=\"text\" id=\"wpforms-11630-field_0-last\" class=\"wpforms-field-name-last wpforms-field-required\" name=\"wpforms[fields][0][last]\" required><label for=\"wpforms-11630-field_0-last\" class=\"wpforms-field-sublabel after\">Soyad<\/label><\/div><\/div><\/div><div id=\"wpforms-11630-field_1-container\" class=\"wpforms-field wpforms-field-email\" data-field-id=\"1\"><label class=\"wpforms-field-label\" for=\"wpforms-11630-field_1\">E-posta <span class=\"wpforms-required-label\">*<\/span><\/label><input type=\"email\" id=\"wpforms-11630-field_1\" class=\"wpforms-field-medium wpforms-field-required\" data-rule-restricted-email=\"1\" name=\"wpforms[fields][1]\" spellcheck=\"false\" required><\/div><div id=\"wpforms-11630-field_4-container\" class=\"wpforms-field wpforms-field-text\" data-field-id=\"4\"><label class=\"wpforms-field-label\" for=\"wpforms-11630-field_4\">\u015eirket <span class=\"wpforms-required-label\">*<\/span><\/label><input type=\"text\" id=\"wpforms-11630-field_4\" class=\"wpforms-field-medium wpforms-field-required\" name=\"wpforms[fields][4]\" required><\/div><div id=\"wpforms-11630-field_3-container\" class=\"wpforms-field wpforms-field-gdpr-checkbox\" data-field-id=\"3\"><label class=\"wpforms-field-label\">GDPR S\u00f6zle\u015fmesi <span class=\"wpforms-required-label\">*<\/span><\/label><ul id=\"wpforms-11630-field_3\" class=\"wpforms-field-required\"><li class=\"choice-1\"><input type=\"checkbox\" id=\"wpforms-11630-field_3_1\" name=\"wpforms[fields][3][]\" value=\"I consent to having this website store my submitted information so they can respond to my inquiry.\" required><label class=\"wpforms-field-label-inline\" for=\"wpforms-11630-field_3_1\">Bu web sitesinin, talebime yan\u0131t verebilmesi i\u00e7in g\u00f6nderdi\u011fim bilgileri saklamas\u0131na izin veriyorum.<\/label><\/li><\/ul><\/div><\/div><!-- .wpforms-field-container --><div class=\"wpforms-recaptcha-container wpforms-is-recaptcha wpforms-is-recaptcha-type-v3\" ><input type=\"hidden\" name=\"wpforms[recaptcha]\" value=\"\"><\/div><div class=\"wpforms-submit-container\" ><input type=\"hidden\" name=\"wpforms[id]\" value=\"11630\"><input type=\"hidden\" name=\"page_title\" value=\"\"><input type=\"hidden\" name=\"page_url\" value=\"https:\/\/www.leaplytics.de\/tr\/wp-json\/wp\/v2\/pages\/11629\"><input type=\"hidden\" name=\"url_referer\" value=\"\"><button type=\"submit\" name=\"wpforms[submit]\" id=\"wpforms-submit-11630\" class=\"wpforms-submit\" data-alt-text=\"Sending...\" data-submit-text=\"Submit\" aria-live=\"assertive\" value=\"wpforms-submit\">G\u00f6nder<\/button><img loading=\"lazy\" decoding=\"async\" src=\"https:\/\/www.leaplytics.de\/wp-content\/plugins\/wpforms-lite\/assets\/images\/submit-spin.svg\" class=\"wpforms-submit-spinner\" style=\"display: none;\" width=\"26\" height=\"26\" alt=\"Y\u00fckleniyor\"><\/div><input type=\"hidden\" name=\"trp-form-language\" value=\"tr\"\/><\/form><\/div>  <!-- .wpforms-container -->","protected":false},"excerpt":{"rendered":"<p>Ortakl\u0131k\/Sat\u0131c\u0131 Program\u0131m\u0131z LeapLytics'in orta\u011f\u0131 olun. M\u00fc\u015fterilerinizin \u00f6nde gelen BI \u00e7\u00f6z\u00fcmleriyle tek bir temas noktas\u0131 olmas\u0131n\u0131 sa\u011flamak i\u00e7in lisanslar\u0131 kendi ba\u015f\u0131n\u0131za da\u011f\u0131t\u0131n. Lisanslar\u0131 kendi ba\u015f\u0131n\u0131za veya da\u011f\u0131t\u0131m kanallar\u0131m\u0131z arac\u0131l\u0131\u011f\u0131yla da\u011f\u0131t\u0131rsan\u0131z ve\/veya satarsan\u0131z ilgili iadeleri ve komisyonlar\u0131 sunuyoruz. Ayr\u0131ca, size de izin verilir ... <\/p>","protected":false},"author":2,"featured_media":0,"parent":0,"menu_order":0,"comment_status":"closed","ping_status":"closed","template":"","meta":{"footnotes":""},"class_list":["post-11629","page","type-page","status-publish","hentry","latest_post"],"_links":{"self":[{"href":"https:\/\/www.leaplytics.de\/tr\/wp-json\/wp\/v2\/pages\/11629","targetHints":{"allow":["GET"]}}],"collection":[{"href":"https:\/\/www.leaplytics.de\/tr\/wp-json\/wp\/v2\/pages"}],"about":[{"href":"https:\/\/www.leaplytics.de\/tr\/wp-json\/wp\/v2\/types\/page"}],"author":[{"embeddable":true,"href":"https:\/\/www.leaplytics.de\/tr\/wp-json\/wp\/v2\/users\/2"}],"replies":[{"embeddable":true,"href":"https:\/\/www.leaplytics.de\/tr\/wp-json\/wp\/v2\/comments?post=11629"}],"version-history":[{"count":5,"href":"https:\/\/www.leaplytics.de\/tr\/wp-json\/wp\/v2\/pages\/11629\/revisions"}],"predecessor-version":[{"id":13369,"href":"https:\/\/www.leaplytics.de\/tr\/wp-json\/wp\/v2\/pages\/11629\/revisions\/13369"}],"wp:attachment":[{"href":"https:\/\/www.leaplytics.de\/tr\/wp-json\/wp\/v2\/media?parent=11629"}],"curies":[{"name":"wp","href":"https:\/\/api.w.org\/{rel}","templated":true}]}}