{"id":11871,"date":"2023-06-17T21:49:52","date_gmt":"2023-06-17T19:49:52","guid":{"rendered":"https:\/\/www.leaplytics.de\/?page_id=11871"},"modified":"2023-11-03T11:27:35","modified_gmt":"2023-11-03T10:27:35","slug":"baslarken-markdown-goruntuleyi%cc%87ci%cc%87-power-bi","status":"publish","type":"page","link":"https:\/\/www.leaplytics.de\/tr\/baslarken-markdown-goruntuleyi%cc%87ci%cc%87-power-bi\/","title":{"rendered":"Ba\u015flarken - Markdown G\u00f6r\u00fcnt\u00fcleyici"},"content":{"rendered":"<p>G\u00f6rselle\u015ftirmemizi y\u00fckledikten sonra, kendinize \u015fimdi ne yapaca\u011f\u0131n\u0131z\u0131 soruyorsunuzdur. \u0130\u015fte biz de bu e\u011fitimde size bunu a\u00e7\u0131klayaca\u011f\u0131z.<\/p>\n\n\n\n<h3 class=\"wp-block-heading\">1. G\u00f6rseli \u00e7al\u0131\u015fma sayfas\u0131na s\u00fcr\u00fckleyin<\/h3>\n\n\n<div class=\"wp-block-image\">\n<figure class=\"alignleft size-full\"><img loading=\"lazy\" decoding=\"async\" width=\"281\" height=\"350\" src=\"https:\/\/www.leaplytics.de\/wp-content\/uploads\/2023\/11\/md.png\" alt=\"\" class=\"wp-image-12805\" srcset=\"https:\/\/www.leaplytics.de\/wp-content\/uploads\/2023\/11\/md.png 281w, https:\/\/www.leaplytics.de\/wp-content\/uploads\/2023\/11\/md-241x300.png 241w, https:\/\/www.leaplytics.de\/wp-content\/uploads\/2023\/11\/md-48x60.png 48w\" sizes=\"auto, (max-width: 281px) 100vw, 281px\" \/><\/figure><\/div>\n\n\n<div class=\"wp-block-columns is-layout-flex wp-container-core-columns-is-layout-1 wp-block-columns-is-layout-flex\">\n<div class=\"wp-block-column is-layout-flow wp-block-column-is-layout-flow\" style=\"flex-basis:66.66%\">\n<p>Microsoft Power BI'\u0131 ve \"Markdown Viewer\" g\u00f6rselini kullanmak istedi\u011finiz ilgili raporu veya \u00e7al\u0131\u015fma sayfas\u0131n\u0131 a\u00e7\u0131n. \u00c7al\u0131\u015fma sayfan\u0131z\u0131 d\u00fczenleme modunda a\u00e7\u0131n ve \"Markdown Viewer\" g\u00f6rselinin yan\u0131 s\u0131ra sat\u0131n ald\u0131\u011f\u0131n\u0131z di\u011fer t\u00fcm LeapLytics \u00fcr\u00fcnlerini \"G\u00f6rselle\u015ftirmeler\" b\u00f6l\u00fcm\u00fcnde bulacaks\u0131n\u0131z. \u00c7al\u0131\u015fma sayfan\u0131za yerle\u015ftirmek i\u00e7in g\u00f6rsele t\u0131klay\u0131n (<em>G\u00f6rselin g\u00f6r\u00fcn\u00fcm\u00fcn\u00fc daha sonra \"Bi\u00e7im\" b\u00f6lmesi arac\u0131l\u0131\u011f\u0131yla de\u011fi\u015ftirebilirsiniz<\/em>).<\/p>\n<\/div>\n<\/div>\n\n\n\n<div style=\"height:16px\" aria-hidden=\"true\" class=\"wp-block-spacer\"><\/div>\n\n\n\n<h3 class=\"wp-block-heading\">2. M\u00fclkiyet paneli<\/h3>\n\n\n<div class=\"wp-block-image\">\n<figure class=\"alignleft size-full\"><img loading=\"lazy\" decoding=\"async\" width=\"187\" height=\"411\" src=\"https:\/\/www.leaplytics.de\/wp-content\/uploads\/2023\/11\/md2.png\" alt=\"\" class=\"wp-image-12806\" srcset=\"https:\/\/www.leaplytics.de\/wp-content\/uploads\/2023\/11\/md2.png 187w, https:\/\/www.leaplytics.de\/wp-content\/uploads\/2023\/11\/md2-136x300.png 136w, https:\/\/www.leaplytics.de\/wp-content\/uploads\/2023\/11\/md2-27x60.png 27w\" sizes=\"auto, (max-width: 187px) 100vw, 187px\" \/><\/figure><\/div>\n\n\n<div class=\"wp-block-columns is-layout-flex wp-container-core-columns-is-layout-2 wp-block-columns-is-layout-flex\">\n<div class=\"wp-block-column is-layout-flow wp-block-column-is-layout-flow\" style=\"flex-basis:33.33%\">\n<p>G\u00f6rselin bir veya birden fazla \u00f6rne\u011fini kontrol panelinize yerle\u015ftirdikten sonra, \u00f6zellikler paneli sa\u011f tarafta g\u00f6r\u00fcnecektir. \u00d6zellikler paneli \"Alanlar\", \"Bi\u00e7im\" ve \"Analizler\" b\u00f6l\u00fcmlerine ayr\u0131lm\u0131\u015ft\u0131r.<\/p>\n\n\n\n<p>\u0130lerleyen b\u00f6l\u00fcmlerde LeapLytics \"Markdown Viewer\" g\u00f6rselini nas\u0131l kullanaca\u011f\u0131n\u0131z\u0131 ve \u00f6zellikleri do\u011fru kullanarak ihtiya\u00e7lar\u0131n\u0131za g\u00f6re nas\u0131l \u00f6zelle\u015ftirece\u011finizi \u00f6\u011freneceksiniz.<\/p>\n<\/div>\n<\/div>\n\n\n\n<div style=\"height:16px\" aria-hidden=\"true\" class=\"wp-block-spacer\"><\/div>\n\n\n\n<h3 class=\"wp-block-heading\">3. \u00d6l\u00e7\u00fc ekleyin<\/h3>\n\n\n<div class=\"wp-block-image\">\n<figure class=\"alignleft size-full\"><img loading=\"lazy\" decoding=\"async\" width=\"364\" height=\"409\" src=\"https:\/\/www.leaplytics.de\/wp-content\/uploads\/2023\/11\/md3.png\" alt=\"\" class=\"wp-image-12807\" srcset=\"https:\/\/www.leaplytics.de\/wp-content\/uploads\/2023\/11\/md3.png 364w, https:\/\/www.leaplytics.de\/wp-content\/uploads\/2023\/11\/md3-267x300.png 267w, https:\/\/www.leaplytics.de\/wp-content\/uploads\/2023\/11\/md3-53x60.png 53w\" sizes=\"auto, (max-width: 364px) 100vw, 364px\" \/><\/figure><\/div>\n\n\n<div class=\"wp-block-columns is-layout-flex wp-container-core-columns-is-layout-3 wp-block-columns-is-layout-flex\">\n<div class=\"wp-block-column is-layout-flow wp-block-column-is-layout-flow\" style=\"flex-basis:66.66%\">\n<p>\u00dczerine t\u0131klayarak veya g\u00f6rselin \"Veri\" alan\u0131na s\u00fcr\u00fckleyerek \"Veri\" b\u00f6l\u00fcm\u00fcnden bir boyut se\u00e7in.<\/p>\n\n\n\n<p><strong>Markdown G\u00f6r\u00fcnt\u00fcleyicimizi kullan\u0131rken, bir boyutun verilerinin Markdown bi\u00e7iminde oldu\u011fundan emin olunmal\u0131d\u0131r.<\/strong><\/p>\n<\/div>\n<\/div>\n\n\n\n<div style=\"height:16px\" aria-hidden=\"true\" class=\"wp-block-spacer\"><\/div>\n\n\n\n<h3 class=\"wp-block-heading\">4. Sonu\u00e7<\/h3>\n\n\n\n<figure class=\"wp-block-image size-large\"><img loading=\"lazy\" decoding=\"async\" width=\"1024\" height=\"407\" src=\"https:\/\/www.leaplytics.de\/wp-content\/uploads\/2023\/11\/grafik-2-1024x407.png\" alt=\"\" class=\"wp-image-12810\" srcset=\"https:\/\/www.leaplytics.de\/wp-content\/uploads\/2023\/11\/grafik-2-1024x407.png 1024w, https:\/\/www.leaplytics.de\/wp-content\/uploads\/2023\/11\/grafik-2-300x119.png 300w, https:\/\/www.leaplytics.de\/wp-content\/uploads\/2023\/11\/grafik-2-768x305.png 768w, https:\/\/www.leaplytics.de\/wp-content\/uploads\/2023\/11\/grafik-2-1536x610.png 1536w, https:\/\/www.leaplytics.de\/wp-content\/uploads\/2023\/11\/grafik-2-151x60.png 151w, https:\/\/www.leaplytics.de\/wp-content\/uploads\/2023\/11\/grafik-2.png 1880w\" sizes=\"auto, (max-width: 1024px) 100vw, 1024px\" \/><\/figure>","protected":false},"excerpt":{"rendered":"<p>G\u00f6rselle\u015ftirmemizi y\u00fckledikten sonra, kendinize \u015fimdi ne yapaca\u011f\u0131n\u0131z\u0131 soruyorsunuzdur. \u0130\u015fte biz de bu e\u011fitimde size bunu a\u00e7\u0131klayaca\u011f\u0131z. 1. G\u00f6rseli \u00e7al\u0131\u015fma sayfas\u0131na s\u00fcr\u00fckleyin Microsoft Power BI'\u0131 ve \"Markdown Viewer\" g\u00f6rselini kullanmak istedi\u011finiz ilgili raporu veya \u00e7al\u0131\u015fma sayfas\u0131n\u0131 a\u00e7\u0131n. \u00c7al\u0131\u015fma sayfan\u0131z\u0131 ... <\/p>","protected":false},"author":2,"featured_media":0,"parent":0,"menu_order":0,"comment_status":"closed","ping_status":"closed","template":"","meta":{"footnotes":""},"class_list":["post-11871","page","type-page","status-publish","hentry","latest_post"],"_links":{"self":[{"href":"https:\/\/www.leaplytics.de\/tr\/wp-json\/wp\/v2\/pages\/11871","targetHints":{"allow":["GET"]}}],"collection":[{"href":"https:\/\/www.leaplytics.de\/tr\/wp-json\/wp\/v2\/pages"}],"about":[{"href":"https:\/\/www.leaplytics.de\/tr\/wp-json\/wp\/v2\/types\/page"}],"author":[{"embeddable":true,"href":"https:\/\/www.leaplytics.de\/tr\/wp-json\/wp\/v2\/users\/2"}],"replies":[{"embeddable":true,"href":"https:\/\/www.leaplytics.de\/tr\/wp-json\/wp\/v2\/comments?post=11871"}],"version-history":[{"count":0,"href":"https:\/\/www.leaplytics.de\/tr\/wp-json\/wp\/v2\/pages\/11871\/revisions"}],"wp:attachment":[{"href":"https:\/\/www.leaplytics.de\/tr\/wp-json\/wp\/v2\/media?parent=11871"}],"curies":[{"name":"wp","href":"https:\/\/api.w.org\/{rel}","templated":true}]}}