{"id":11926,"date":"2023-07-18T10:22:34","date_gmt":"2023-07-18T08:22:34","guid":{"rendered":"https:\/\/www.leaplytics.de\/?page_id=11926"},"modified":"2024-10-29T12:39:50","modified_gmt":"2024-10-29T11:39:50","slug":"power-bi-icin-markdown-goruntuleyici-gorseli","status":"publish","type":"page","link":"https:\/\/www.leaplytics.de\/tr\/power-bi-icin-markdown-goruntuleyici-gorseli\/","title":{"rendered":"Power BI i\u00e7in Markdown G\u00f6r\u00fcnt\u00fcleyici G\u00f6rseli"},"content":{"rendered":"<p>Power BI i\u00e7in Markdown-to-HTML \u00d6zel G\u00f6rseli ile tan\u0131\u015f\u0131n: veri hikayenizi veri panonuzda tam te\u015fekk\u00fcll\u00fc bir metin d\u00fczenleyiciyle anlat\u0131n! Veri G\u00f6rselle\u015ftirme Deneyiminizde bi\u00e7imlendirilmi\u015f metin arac\u0131l\u0131\u011f\u0131yla ilgili bilgileri y\u00fckseltin!<\/p>\n\n\n\n<p>Power BI kullan\u0131c\u0131lar\u0131n\u0131n g\u00fczel bir \u015fekilde bi\u00e7imlendirilmi\u015f metinleri raporlar\u0131na ve g\u00f6sterge tablolar\u0131na sorunsuz bir \u015fekilde entegre etmelerini sa\u011flayan, oyunun kurallar\u0131n\u0131 de\u011fi\u015ftiren bir \u00e7\u00f6z\u00fcm sunmaktan heyecan duyuyoruz.<\/p>\n\n\n\n<h3 class=\"wp-block-heading has-text-align-left\">Avantajlar<\/h3>\n\n\n\n<h5 class=\"wp-block-heading\">Markdown'un G\u00fcc\u00fcn\u00fc Ortaya \u00c7\u0131kar\u0131n<\/h5>\n\n\n\n<p>Basit ve etkileyici metin bi\u00e7imlendirme \u00f6zellikleriyle yayg\u0131n olarak benimsenen bi\u00e7imlendirme dili, veri g\u00f6rselle\u015ftirmelerinizin hemen yan\u0131nda ba\u015fl\u0131klar, listeler, ba\u011flant\u0131lar ve di\u011fer bi\u00e7imlendirilmi\u015f metin \u00f6\u011feleri olu\u015fturman\u0131za olanak tan\u0131r!<\/p>\n\n\n\n<h5 class=\"wp-block-heading\">Etkileyici G\u00f6rsel Anlat\u0131mlar Olu\u015fturun<\/h5>\n\n\n\n<p>Markdown-to-HTML \u00d6zel G\u00f6rsel, zengin bi\u00e7imlendirilmi\u015f metinleri g\u00f6rselle\u015ftirmelerinizle sorunsuz bir \u015fekilde harmanlayarak veri hikayenizde b\u00fcy\u00fcleyici anlat\u0131lar olu\u015fturman\u0131za olanak tan\u0131r. Verilerinizin hemen yan\u0131nda ayr\u0131nt\u0131l\u0131 a\u00e7\u0131klamalar, i\u00e7g\u00f6r\u00fcler ve destekleyici belgeler sunarak mesaj\u0131n\u0131z\u0131n netli\u011fini ve etkisini art\u0131rabilirsiniz.<\/p>\n\n\n\n<h5 class=\"wp-block-heading\">Kolayla\u015ft\u0131r\u0131lm\u0131\u015f Entegrasyon<\/h5>\n\n\n\n<p>\u00d6zel g\u00f6rselimiz Power BI ortam\u0131n\u0131za sorunsuz bir \u015fekilde entegre olarak kullan\u0131c\u0131 dostu bir deneyim sa\u011flar. Markdown kodunuzu girmeniz veya Markdown i\u00e7eri\u011fi i\u00e7eren bir veri kayna\u011f\u0131na ba\u011flanman\u0131z yeterlidir; gerisini g\u00f6rselimiz halleder.<\/p>\n\n\n\n<h5 class=\"wp-block-heading\">Tarz\u0131n\u0131za Uyacak \u015eekilde \u00d6zelle\u015ftirin<\/h5>\n\n\n\n<p>Markdown-to-HTML \u00d6zel G\u00f6rselimiz, benzersiz marka kimli\u011finizi ortaya koymak i\u00e7in kapsaml\u0131 \u00f6zelle\u015ftirme se\u00e7enekleri sunar. Kurulu\u015funuzun kimli\u011fini tutarl\u0131 ve profesyonel bir \u015fekilde sunmak i\u00e7in g\u00f6rselin yaz\u0131 tipleri, renkler ve arka planlar gibi g\u00f6r\u00fcn\u00fcm\u00fcn\u00fc markan\u0131zla veya rapor teman\u0131zla uyumlu olacak \u015fekilde uyarlay\u0131n.<\/p>\n\n\n\n<h5 class=\"wp-block-heading\">\u0130\u015fbirli\u011fini ve Bilgi Payla\u015f\u0131m\u0131n\u0131 Te\u015fvik Edin<\/h5>\n\n\n\n<p>\u0130\u015fbirli\u011fi ve bilgi payla\u015f\u0131m\u0131na y\u00f6nelik bu pop\u00fcler format ile kurumunuzda i\u015fbirli\u011fini, bilgi payla\u015f\u0131m\u0131n\u0131 ve kolayla\u015ft\u0131r\u0131lm\u0131\u015f i\u015f ak\u0131\u015flar\u0131n\u0131 te\u015fvik edin.<\/p>\n\n\n\n<p>Power BI i\u00e7in Markdown-to-HTML \u00d6zel G\u00f6rselimiz ile veri g\u00f6rselle\u015ftirme oyununuzu geli\u015ftirin. \u0130\u00e7g\u00f6r\u00fclerinizi ve analizlerinizi g\u00f6rsel olarak \u00e7arp\u0131c\u0131 ve ilgi \u00e7ekici bir \u015fekilde sunarak hedef kitlenizi b\u00fcy\u00fcleyin. \u0130ster veri analisti, ister i\u015f profesyoneli veya y\u00f6netici olun, bu g\u00f6rsel karma\u015f\u0131k fikirleri zahmetsizce iletmenize ve kal\u0131c\u0131 bir etki yaratman\u0131za yard\u0131mc\u0131 olmak i\u00e7in tasarlanm\u0131\u015ft\u0131r.<\/p>\n\n\n\n<p>Power BI raporlar\u0131n\u0131z\u0131 ve panolar\u0131n\u0131z\u0131 d\u00f6n\u00fc\u015ft\u00fcrmeye haz\u0131r m\u0131s\u0131n\u0131z? Markdown-to-HTML \u00d6zel G\u00f6rselimizi bug\u00fcn indirin ve dinamik metin bi\u00e7imlendirme olanaklar\u0131 d\u00fcnyas\u0131n\u0131n kilidini a\u00e7\u0131n.<\/p>\n\n\n\n<p><em>Veri sunumlar\u0131n\u0131z\u0131 g\u00f6rsel estetik ve bilgilendirici i\u00e7eri\u011fin m\u00fckemmel kar\u0131\u015f\u0131m\u0131yla g\u00fc\u00e7lendirin. Markdown ve Power BI ile veri hikayesi anlat\u0131m\u0131n\u0131n gelece\u011fini deneyimleyin.<\/em><\/p>\n\n\n\n<p><\/p>\n\n\n\n<h3 class=\"wp-block-heading\">Deneme Lisans\u0131n\u0131z\u0131 Talep Edin<\/h3>\n\n\n<div class=\"wpforms-container wpforms-container-full\" id=\"wpforms-11888\"><form id=\"wpforms-form-11888\" class=\"wpforms-validate wpforms-form wpforms-ajax-form\" data-formid=\"11888\" method=\"post\" enctype=\"multipart\/form-data\" action=\"\/tr\/wp-json\/wp\/v2\/pages\/11926\" data-token=\"a7b6840c56f0e27e58a8eb6487a5a9ac\" data-token-time=\"1775798801\" data-trp-original-action=\"\/tr\/wp-json\/wp\/v2\/pages\/11926\"><noscript class=\"wpforms-error-noscript\">Bu formu bitirebilmek i\u00e7in taray\u0131c\u0131n\u0131zda JavaScript'i etkinle\u015ftirin.<\/noscript><div class=\"wpforms-field-container\"><div id=\"wpforms-11888-field_0-container\" class=\"wpforms-field wpforms-field-name\" data-field-id=\"0\"><label class=\"wpforms-field-label\">\u0130sim <span class=\"wpforms-required-label\">*<\/span><\/label><div class=\"wpforms-field-row wpforms-field-medium\"><div class=\"wpforms-field-row-block wpforms-first wpforms-one-half\"><input type=\"text\" id=\"wpforms-11888-field_0\" class=\"wpforms-field-name-first wpforms-field-required\" name=\"wpforms[fields][0][first]\" required><label for=\"wpforms-11888-field_0\" class=\"wpforms-field-sublabel after\">Reklam<\/label><\/div><div class=\"wpforms-field-row-block wpforms-one-half\"><input type=\"text\" id=\"wpforms-11888-field_0-last\" class=\"wpforms-field-name-last wpforms-field-required\" name=\"wpforms[fields][0][last]\" required><label for=\"wpforms-11888-field_0-last\" class=\"wpforms-field-sublabel after\">Soyad<\/label><\/div><\/div><\/div><div id=\"wpforms-11888-field_1-container\" class=\"wpforms-field wpforms-field-email\" data-field-id=\"1\"><label class=\"wpforms-field-label\" for=\"wpforms-11888-field_1\">\u0130\u015f E-postas\u0131 <span class=\"wpforms-required-label\">*<\/span><\/label><input type=\"email\" id=\"wpforms-11888-field_1\" class=\"wpforms-field-medium wpforms-field-required\" data-rule-restricted-email=\"1\" name=\"wpforms[fields][1]\" spellcheck=\"false\" required><\/div><div id=\"wpforms-11888-field_4-container\" class=\"wpforms-field wpforms-field-text\" data-field-id=\"4\"><label class=\"wpforms-field-label\" for=\"wpforms-11888-field_4\">\u015eirket <span class=\"wpforms-required-label\">*<\/span><\/label><input type=\"text\" id=\"wpforms-11888-field_4\" class=\"wpforms-field-medium wpforms-field-required\" name=\"wpforms[fields][4]\" required><\/div><div id=\"wpforms-11888-field_3-container\" class=\"wpforms-field wpforms-field-gdpr-checkbox\" data-field-id=\"3\"><label class=\"wpforms-field-label\">GDPR S\u00f6zle\u015fmesi <span class=\"wpforms-required-label\">*<\/span><\/label><ul id=\"wpforms-11888-field_3\" class=\"wpforms-field-required\"><li class=\"choice-1\"><input type=\"checkbox\" id=\"wpforms-11888-field_3_1\" name=\"wpforms[fields][3][]\" value=\"I consent to having this website store my submitted information so they can respond to my inquiry.\" required><label class=\"wpforms-field-label-inline\" for=\"wpforms-11888-field_3_1\">Bu web sitesinin, talebime yan\u0131t verebilmesi i\u00e7in g\u00f6nderdi\u011fim bilgileri saklamas\u0131na izin veriyorum.<\/label><\/li><\/ul><\/div><\/div><!-- .wpforms-field-container --><div class=\"wpforms-recaptcha-container wpforms-is-recaptcha wpforms-is-recaptcha-type-v3\" ><input type=\"hidden\" name=\"wpforms[recaptcha]\" value=\"\"><\/div><div class=\"wpforms-submit-container\" ><input type=\"hidden\" name=\"wpforms[id]\" value=\"11888\"><input type=\"hidden\" name=\"page_title\" value=\"\"><input type=\"hidden\" name=\"page_url\" value=\"https:\/\/www.leaplytics.de\/tr\/wp-json\/wp\/v2\/pages\/11926\"><input type=\"hidden\" name=\"url_referer\" value=\"\"><button type=\"submit\" name=\"wpforms[submit]\" id=\"wpforms-submit-11888\" class=\"wpforms-submit\" data-alt-text=\"Sending...\" data-submit-text=\"Submit\" aria-live=\"assertive\" value=\"wpforms-submit\">G\u00f6nder<\/button><img loading=\"lazy\" decoding=\"async\" src=\"https:\/\/www.leaplytics.de\/wp-content\/plugins\/wpforms-lite\/assets\/images\/submit-spin.svg\" class=\"wpforms-submit-spinner\" style=\"display: none;\" width=\"26\" height=\"26\" alt=\"Y\u00fckleniyor\"><\/div><input type=\"hidden\" name=\"trp-form-language\" value=\"tr\"\/><\/form><\/div>  <!-- .wpforms-container -->\n\n\n\n<div style=\"height:50px\" aria-hidden=\"true\" class=\"wp-block-spacer\"><\/div>\n\n\n\n<h3 class=\"wp-block-heading has-text-align-left\" id=\"tutorial\">Ba\u015flarken<\/h3>\n\n\n\n<p><em>Nas\u0131l ba\u015flayabilirim?<\/em> Yukar\u0131da bir deneme lisans\u0131 talep edin. Ve bir lisans kodu ald\u0131\u011f\u0131n\u0131zda? \u00d6\u011freticimizi ba\u015flatmak i\u00e7in a\u015fa\u011f\u0131ya t\u0131klay\u0131n.<\/p>\n\n\n\n<figure class=\"wp-block-embed is-type-wp-embed is-provider-leaplytics wp-block-embed-leaplytics\"><div class=\"wp-block-embed__wrapper\">\n<blockquote class=\"wp-embedded-content\" data-secret=\"IL8vEweSWi\"><a href=\"https:\/\/www.leaplytics.de\/tr\/baslarken-markdown-goruntuleyi%cc%87ci%cc%87-power-bi\/\">Ba\u015flarken - Markdown G\u00f6r\u00fcnt\u00fcleyici<\/a><\/blockquote><iframe loading=\"lazy\" class=\"wp-embedded-content\" sandbox=\"allow-scripts\" security=\"restricted\" style=\"position: absolute; clip: rect(1px, 1px, 1px, 1px);\" title=\"&quot;Ba\u015flarken - Markdown G\u00f6r\u00fcnt\u00fcleyici&quot; - LeapLytics\" src=\"https:\/\/www.leaplytics.de\/getting-started-markdown-viewer-power-bi\/embed\/#?secret=huMdA44Ho4#?secret=IL8vEweSWi\" data-secret=\"IL8vEweSWi\" width=\"600\" height=\"338\" frameborder=\"0\" marginwidth=\"0\" marginheight=\"0\" scrolling=\"no\"><\/iframe>\n<\/div><\/figure>","protected":false},"excerpt":{"rendered":"<p>Power BI i\u00e7in Markdown-to-HTML \u00d6zel G\u00f6rseli ile tan\u0131\u015f\u0131n: veri hikayenizi veri panonuzda tam te\u015fekk\u00fcll\u00fc bir metin d\u00fczenleyiciyle anlat\u0131n! Veri G\u00f6rselle\u015ftirme Deneyiminizde bi\u00e7imlendirilmi\u015f metin arac\u0131l\u0131\u011f\u0131yla ilgili bilgileri y\u00fckseltin! Power BI kullan\u0131c\u0131lar\u0131n\u0131n g\u00fczel bi\u00e7imlendirilmi\u015f metinleri raporlar\u0131na sorunsuz bir \u015fekilde entegre etmelerini sa\u011flayan ezber bozan bir \u00e7\u00f6z\u00fcm\u00fc sunmaktan heyecan duyuyoruz ... <\/p>","protected":false},"author":2,"featured_media":0,"parent":0,"menu_order":0,"comment_status":"closed","ping_status":"closed","template":"","meta":{"footnotes":""},"class_list":["post-11926","page","type-page","status-publish","hentry","latest_post"],"_links":{"self":[{"href":"https:\/\/www.leaplytics.de\/tr\/wp-json\/wp\/v2\/pages\/11926","targetHints":{"allow":["GET"]}}],"collection":[{"href":"https:\/\/www.leaplytics.de\/tr\/wp-json\/wp\/v2\/pages"}],"about":[{"href":"https:\/\/www.leaplytics.de\/tr\/wp-json\/wp\/v2\/types\/page"}],"author":[{"embeddable":true,"href":"https:\/\/www.leaplytics.de\/tr\/wp-json\/wp\/v2\/users\/2"}],"replies":[{"embeddable":true,"href":"https:\/\/www.leaplytics.de\/tr\/wp-json\/wp\/v2\/comments?post=11926"}],"version-history":[{"count":3,"href":"https:\/\/www.leaplytics.de\/tr\/wp-json\/wp\/v2\/pages\/11926\/revisions"}],"predecessor-version":[{"id":13652,"href":"https:\/\/www.leaplytics.de\/tr\/wp-json\/wp\/v2\/pages\/11926\/revisions\/13652"}],"wp:attachment":[{"href":"https:\/\/www.leaplytics.de\/tr\/wp-json\/wp\/v2\/media?parent=11926"}],"curies":[{"name":"wp","href":"https:\/\/api.w.org\/{rel}","templated":true}]}}