{"id":12086,"date":"2023-08-02T17:05:19","date_gmt":"2023-08-02T15:05:19","guid":{"rendered":"https:\/\/www.leaplytics.de\/?page_id=12086"},"modified":"2023-08-06T14:32:15","modified_gmt":"2023-08-06T12:32:15","slug":"qlikviewden-power-biye-gecis","status":"publish","type":"page","link":"https:\/\/www.leaplytics.de\/tr\/qlikviewden-power-biye-gecis\/","title":{"rendered":"Power BI'a QlikView Ge\u00e7i\u015fi - Yakla\u015f\u0131m\u0131m\u0131z"},"content":{"rendered":"<p>\u015eu anda QlikView kullan\u0131yorsunuz ancak Power BI'a ge\u00e7meyi mi d\u00fc\u015f\u00fcn\u00fcyorsunuz?  LeapLytics olarak, QlikView'den Power BI'a sorunsuz bir \u015fekilde ge\u00e7i\u015f yapman\u0131za yard\u0131mc\u0131 olmak i\u00e7in uzman ge\u00e7i\u015f hizmetleri sa\u011flama konusunda uzman\u0131z. Yetenekli profesyonellerden olu\u015fan ekibimiz, bu t\u00fcr ge\u00e7i\u015flerde geni\u015f deneyime sahiptir ve kurulu\u015funuz i\u00e7in sorunsuz ve verimli bir s\u00fcre\u00e7 sa\u011flar.<\/p>\n\n\n\n<h3 class=\"wp-block-heading\"><strong>Neden QlikView'den Power BI'a Ge\u00e7melisiniz?<\/strong><\/h3>\n\n\n\n<p>\u0130\u015f zekas\u0131 teknolojileri geli\u015fmeye devam ettik\u00e7e, kurulu\u015flar genellikle Power BI gibi daha modern ve sa\u011flam platformlara y\u00fckseltme yapmay\u0131 avantajl\u0131 buluyor. \u0130\u015fte QlikView'den Power BI'a ge\u00e7meyi d\u00fc\u015f\u00fcnmek i\u00e7in baz\u0131 ikna edici nedenler:<\/p>\n\n\n\n<ol class=\"wp-block-list\">\n<li><strong>Geli\u015ftirilmi\u015f Veri G\u00f6rselle\u015ftirme:<\/strong> Power BI, \u00e7ok \u00e7e\u015fitli g\u00f6rselle\u015ftirme se\u00e7enekleri sunarak verileri daha anlay\u0131\u015fl\u0131 ve etkile\u015fimli yollarla sunman\u0131za olanak tan\u0131r ve karar vericilerinizi daha iyi i\u00e7g\u00f6r\u00fclerle g\u00fc\u00e7lendirir.<\/li>\n\n\n\n<li><strong>Microsoft Ekosistemi ile Entegrasyon:<\/strong> Kurulu\u015funuz Excel, SharePoint veya Office 365 gibi Microsoft ara\u00e7lar\u0131n\u0131 zaten kullan\u0131yorsa, Power BI bu platformlarla sorunsuz bir \u015fekilde entegre olarak i\u015f ak\u0131\u015f\u0131n\u0131z\u0131 kolayla\u015ft\u0131r\u0131r.<\/li>\n\n\n\n<li><strong>\u00d6l\u00e7eklenebilirlik ve Performans:<\/strong> Veri ihtiya\u00e7lar\u0131n\u0131z artt\u0131k\u00e7a, Power BI b\u00fcy\u00fck veri k\u00fcmelerini ve karma\u015f\u0131k sorgular\u0131 ola\u011fan\u00fcst\u00fc verimlilik ve h\u0131zla i\u015fleyebilir.<\/li>\n\n\n\n<li><strong>Bulut Yetenekleri:<\/strong> Power BI'\u0131n bulut \u00f6zellikleri sayesinde raporlar\u0131 kolayca payla\u015fabilir ve i\u015f arkada\u015flar\u0131n\u0131zla i\u015fbirli\u011fi yaparak kritik bilgilere ger\u00e7ek zamanl\u0131 eri\u015fim sa\u011flayabilirsiniz.<\/li>\n\n\n\n<li><strong>D\u00fczenli G\u00fcncellemeler ve Destek:<\/strong> Power BI, Microsoft taraf\u0131ndan s\u0131k s\u0131k g\u00fcncelle\u015ftirmeler ve iyile\u015ftirmeler alarak en son \u00f6zelliklere ve geli\u015ftirmelere eri\u015febilmenizi sa\u011flar.<\/li>\n<\/ol>\n\n\n\n<h3 class=\"wp-block-heading\"><strong>Ba\u015far\u0131l\u0131 QlikView - Power BI Ge\u00e7i\u015fi i\u00e7in Dikkat Edilmesi Gerekenler<\/strong><\/h3>\n\n\n\n<p>Bir i\u015f zekas\u0131 platformundan di\u011ferine ge\u00e7i\u015f yapmak karma\u015f\u0131k bir \u00e7aba olabilir. Ba\u015far\u0131l\u0131 bir ge\u00e7i\u015f sa\u011flamak i\u00e7in a\u015fa\u011f\u0131daki temel hususlar\u0131 ele almak \u00e7ok \u00f6nemlidir:<\/p>\n\n\n\n<ol class=\"wp-block-list\">\n<li><strong>Veri De\u011ferlendirmesi:<\/strong> Mevcut QlikView verilerinizi analiz ederek yap\u0131s\u0131n\u0131, kalitesini ve ge\u00e7i\u015f i\u00e7in uygunlu\u011funu belirleyin. Potansiyel veri temizleme ve d\u00f6n\u00fc\u015ft\u00fcrme gereksinimlerini belirleyin.<\/li>\n\n\n\n<li><strong>Havuzlar\u0131, Raporlar\u0131 ve G\u00f6sterge Tablolar\u0131n\u0131 E\u015fleme:<\/strong> Mevcut QlikView havuzlar\u0131n\u0131z\u0131, raporlar\u0131n\u0131z\u0131 ve panolar\u0131n\u0131z\u0131 iyice anlay\u0131n. Benzersiz \u00f6zelliklerinden yararlan\u0131rken bu g\u00f6rselle\u015ftirmeleri Power BI'da \u00e7o\u011faltmak i\u00e7in bir e\u015fleme plan\u0131 olu\u015fturun.<\/li>\n\n\n\n<li><strong>Power BI'da Veri Modelleme:<\/strong> Power BI'da i\u015f gereksinimlerinizle uyumlu ve performans\u0131 optimize eden verimli bir veri modeli tasarlay\u0131n.<\/li>\n\n\n\n<li><strong>G\u00fcvenlik ve \u0130zinler:<\/strong> Veri eri\u015fiminin uygun \u015fekilde y\u00f6netilmesini ve k\u0131s\u0131tlanmas\u0131n\u0131 sa\u011flamak i\u00e7in Power BI'da g\u00fcvenlik rollerini ve izinlerini tan\u0131mlay\u0131n.<\/li>\n\n\n\n<li><strong>Kullan\u0131c\u0131 E\u011fitimi ve Benimseme:<\/strong> Power BI \u00f6zellikleri ve i\u015flevleri hakk\u0131nda kapsaml\u0131 bir e\u011fitim sa\u011flayarak ekibinizi ge\u00e7i\u015fe haz\u0131rlay\u0131n.<\/li>\n\n\n\n<li><strong>Test ve Kalite G\u00fcvencesi:<\/strong> \u00c7\u00f6z\u00fcm\u00fc canl\u0131 hale getirmeden \u00f6nce sorunlar\u0131 belirlemek ve \u00e7\u00f6zmek i\u00e7in titiz testler yap\u0131n.<\/li>\n\n\n\n<li><strong>G\u00f6\u00e7 Sonras\u0131 Destek:<\/strong> Ge\u00e7i\u015f sonras\u0131 zorluklar\u0131 ele almak ve kullan\u0131c\u0131lar\u0131n Power BI'\u0131n yeteneklerini tam olarak benimsemelerine yard\u0131mc\u0131 olmak i\u00e7in s\u00fcrekli destek sunun.<\/li>\n<\/ol>\n\n\n\n<h3 class=\"wp-block-heading\"><strong>QlikView'den Power BI'a Ge\u00e7i\u015finiz i\u00e7in Neden LeapLytics?<\/strong><\/h3>\n\n\n\n<p>LeapLytics olarak, m\u00fc\u015fteri odakl\u0131 yakla\u015f\u0131m\u0131m\u0131z ve hem QlikView hem de Power BI konusundaki derin anlay\u0131\u015f\u0131m\u0131zla gurur duyuyoruz. Uzman ekibimiz, ge\u00e7i\u015f s\u00fcrecini sorunsuz bir \u015fekilde y\u00fcr\u00fctmek ve i\u015f operasyonlar\u0131n\u0131zda minimum kesinti sa\u011flamak i\u00e7in gereken beceri ve bilgiye sahiptir. Bizi tercih etti\u011finizde \u015funlardan faydalan\u0131rs\u0131n\u0131z<\/p>\n\n\n\n<ul class=\"wp-block-list\">\n<li><strong>Deneyim ve Uzmanl\u0131k:<\/strong> Deneyimli profesyonellerimiz \u00e7ok say\u0131da QlikView'den Power BI'a ge\u00e7i\u015fi ba\u015far\u0131yla ger\u00e7ekle\u015ftirerek ortaya \u00e7\u0131kabilecek t\u00fcm karma\u015f\u0131kl\u0131klar\u0131n \u00fcstesinden gelme konusunda ustala\u015fm\u0131\u015ft\u0131r.<\/li>\n\n\n\n<li><strong>\u00d6zel \u00c7\u00f6z\u00fcmler:<\/strong> Her kurulu\u015fun ihtiya\u00e7lar\u0131n\u0131n benzersiz oldu\u011funu biliyoruz. Bu nedenle, \u00f6zel gereksinimlerinize uygun ki\u015fiselle\u015ftirilmi\u015f ge\u00e7i\u015f stratejileri sunuyoruz.<\/li>\n\n\n\n<li><strong>Veri G\u00fcvenli\u011fi:<\/strong> Hassas bilgilerinizin g\u00fcvenli\u011fine \u00f6ncelik veriyor ve ge\u00e7i\u015f s\u0131ras\u0131nda ve sonras\u0131nda verilerinizi korumak i\u00e7in sekt\u00f6rdeki en iyi uygulamalar\u0131 takip ediyoruz.<\/li>\n\n\n\n<li><strong>S\u00fcrekli Destek:<\/strong> Ba\u015far\u0131n\u0131za olan ba\u011fl\u0131l\u0131\u011f\u0131m\u0131z ge\u00e7i\u015f s\u00fcrecinin \u00f6tesine uzan\u0131yor. Her t\u00fcrl\u00fc endi\u015fenizi gidermek ve Power BI'\u0131n benimsenmesine yard\u0131mc\u0131 olmak i\u00e7in s\u00fcrekli destek sa\u011fl\u0131yoruz.<\/li>\n<\/ul>\n\n\n\n<p>LeapLytics, QlikView'den Power BI'a ge\u00e7i\u015fi m\u00fcmk\u00fcn oldu\u011funca sorunsuz hale getirme konusunda g\u00fcvenilir orta\u011f\u0131n\u0131zd\u0131r. Ge\u00e7i\u015f hizmetlerimiz hakk\u0131nda daha fazla bilgi edinmek ve verilerinizin ger\u00e7ek potansiyelini ortaya \u00e7\u0131karma yolunda ilk ad\u0131m\u0131 atmak i\u00e7in bug\u00fcn bize ula\u015f\u0131n.<\/p>\n\n\n\n<h4 class=\"wp-block-heading\"><strong>Bug\u00fcn Bize Ula\u015f\u0131n<\/strong><\/h4>\n\n\n\n<p>QlikView'den Power BI'a ge\u00e7i\u015f hakk\u0131nda sorular\u0131n\u0131z m\u0131 var veya hizmetlerimizle ilgileniyor musunuz? Dan\u0131\u015fmanl\u0131k i\u00e7in bize ula\u015fmaktan \u00e7ekinmeyin. Power BI'a sorunsuz ve ba\u015far\u0131l\u0131 bir ge\u00e7i\u015f yapman\u0131za yard\u0131mc\u0131 olmak i\u00e7in buraday\u0131z. Uzmanlar\u0131m\u0131zla ileti\u015fime ge\u00e7in ve <a href=\"https:\/\/www.leaplytics.de\/tr\/kontakt\/\"><strong>bize mesaj g\u00f6nderin<\/strong><\/a>.<\/p>\n\n\n\n<p>(<em>\u0130\u015f zekas\u0131, veri analiti\u011fi veya g\u00f6rselle\u015ftirmenin farkl\u0131 bir y\u00f6n\u00fc hakk\u0131nda rehberli\u011fe ihtiyac\u0131n\u0131z olsa bile bizimle ileti\u015fime ge\u00e7mekten \u00e7ekinmeyin. Ekibimiz, verilerle ilgili \u00e7e\u015fitli \u00e7al\u0131\u015fmalarda size yard\u0131mc\u0131 olacak donan\u0131ma sahiptir.<\/em>)<\/p>","protected":false},"excerpt":{"rendered":"<p>\u015eu anda QlikView kullan\u0131yorsunuz ancak Power BI'a ge\u00e7meyi mi d\u00fc\u015f\u00fcn\u00fcyorsunuz? LeapLytics olarak, QlikView'den Power BI'a sorunsuz bir \u015fekilde ge\u00e7i\u015f yapman\u0131za yard\u0131mc\u0131 olmak i\u00e7in uzman ge\u00e7i\u015f hizmetleri sa\u011flama konusunda uzman\u0131z. Yetenekli profesyonellerden olu\u015fan ekibimiz, bu t\u00fcr ge\u00e7i\u015flerin ger\u00e7ekle\u015ftirilmesinde geni\u015f deneyime sahiptir ve kurulu\u015funuz i\u00e7in sorunsuz ve verimli bir s\u00fcre\u00e7 sa\u011flar. Neden QlikView'den ... <\/p>","protected":false},"author":2,"featured_media":0,"parent":0,"menu_order":0,"comment_status":"closed","ping_status":"closed","template":"","meta":{"footnotes":""},"class_list":["post-12086","page","type-page","status-publish","hentry","latest_post"],"_links":{"self":[{"href":"https:\/\/www.leaplytics.de\/tr\/wp-json\/wp\/v2\/pages\/12086","targetHints":{"allow":["GET"]}}],"collection":[{"href":"https:\/\/www.leaplytics.de\/tr\/wp-json\/wp\/v2\/pages"}],"about":[{"href":"https:\/\/www.leaplytics.de\/tr\/wp-json\/wp\/v2\/types\/page"}],"author":[{"embeddable":true,"href":"https:\/\/www.leaplytics.de\/tr\/wp-json\/wp\/v2\/users\/2"}],"replies":[{"embeddable":true,"href":"https:\/\/www.leaplytics.de\/tr\/wp-json\/wp\/v2\/comments?post=12086"}],"version-history":[{"count":0,"href":"https:\/\/www.leaplytics.de\/tr\/wp-json\/wp\/v2\/pages\/12086\/revisions"}],"wp:attachment":[{"href":"https:\/\/www.leaplytics.de\/tr\/wp-json\/wp\/v2\/media?parent=12086"}],"curies":[{"name":"wp","href":"https:\/\/api.w.org\/{rel}","templated":true}]}}