{"id":12944,"date":"2023-12-18T23:03:40","date_gmt":"2023-12-18T22:03:40","guid":{"rendered":"https:\/\/www.leaplytics.de\/?page_id=12944"},"modified":"2023-12-18T23:03:40","modified_gmt":"2023-12-18T22:03:40","slug":"madenci%cc%87li%cc%87k-ve-petrol-endustri%cc%87leri%cc%87-i%cc%87ci%cc%87n-ehs-ri%cc%87sk-yoneti%cc%87mi%cc%87-guc-bi%cc%87","status":"publish","type":"page","link":"https:\/\/www.leaplytics.de\/tr\/madenci%cc%87li%cc%87k-ve-petrol-endustri%cc%87leri%cc%87-i%cc%87ci%cc%87n-ehs-ri%cc%87sk-yoneti%cc%87mi%cc%87-guc-bi%cc%87\/","title":{"rendered":"Madencilik ve Petrol End\u00fcstrileri i\u00e7in EHS Risk Y\u00f6netimi Power BI"},"content":{"rendered":"<h3 class=\"wp-block-heading\">Giri\u015f<\/h3>\n\n\n\n<p>Madencilik ve petrol gibi end\u00fcstriler, kaynak ve enerji sa\u011flayarak k\u00fcresel ekonomi i\u00e7in \u00e7ok \u00f6nemlidir. Ancak, \u00e7evre, sa\u011fl\u0131k ve g\u00fcvenlik (\u00c7SG) riskleri konusunda zorluklarla kar\u015f\u0131la\u015fmaktad\u0131rlar. \u015eirketler art\u0131k sa\u011flam EHS risk y\u00f6netimini ba\u015far\u0131 i\u00e7in temel olarak g\u00f6r\u00fcyor. Bu makale Power BI Risk Matrisimizin EHS risk y\u00f6netimini nas\u0131l geli\u015ftirebilece\u011fini incelemektedir.<\/p>\n\n\n\n<h3 class=\"wp-block-heading\"><strong>\u00c7SG Risk Y\u00f6netimini Anlamak<\/strong><\/h3>\n\n\n\n<p>Madencilik ve petrolde en \u00f6nemli kayg\u0131lar \u00e7evre, sa\u011fl\u0131k ve g\u00fcvenlik riskleridir. Bunlar aras\u0131nda habitat\u0131n bozulmas\u0131, kirlilik, kazalar ve yasal sorunlar yer al\u0131r. S\u0131k\u0131 \u00c7SG risk y\u00f6netimi, s\u00fcrd\u00fcr\u00fclebilir ve ba\u015far\u0131l\u0131 operasyonlar i\u00e7in hayati \u00f6nem ta\u015f\u0131r.<\/p>\n\n\n\n<h3 class=\"wp-block-heading\"><strong>Power BI Risk Matrisi<\/strong><\/h3>\n\n\n\n<p>Risk Matrisi, Power BI ile EHS risklerini ele almak i\u00e7in g\u00fc\u00e7l\u00fc bir ara\u00e7t\u0131r. \u0130\u015fte nas\u0131l yard\u0131mc\u0131 oldu\u011fu:<\/p>\n\n\n\n<ol class=\"wp-block-list\">\n<li><strong>Risk Tan\u0131mlamas\u0131:<\/strong> G\u00fcvenlik, uyumluluk veya sa\u011fl\u0131k risklerini tespit etmek i\u00e7in veri toplar.<\/li>\n\n\n\n<li><strong>G\u00f6rselle\u015ftirme:<\/strong> Riskleri kategorize ederek karar vericilerin acil sorunlar\u0131 g\u00f6rmelerine yard\u0131mc\u0131 olur.<\/li>\n\n\n\n<li><strong>Performans \u0130zleme:<\/strong> Proaktif risk y\u00f6netimi i\u00e7in \u00c7SG verilerini g\u00fcncel tutar.<\/li>\n\n\n\n<li><strong>\u0130nteraktif G\u00f6sterge Tablolar\u0131: <\/strong>Daha kolay performans takibi i\u00e7in ger\u00e7ek zamanl\u0131 risk \u00f6l\u00e7\u00fcmlerini, olaylar\u0131 ve e\u011filimleri g\u00f6r\u00fcnt\u00fcleyin.<\/li>\n<\/ol>\n\n\n\n<div class=\"wp-block-buttons is-layout-flex wp-block-buttons-is-layout-flex\" id=\"https:\/\/www.leaplytics.de\/frontpage\/project-management-custom-visuals-microsoft-powerbi\/risk-heatmap-custom-visual-for-power-bi\/\">\n<div class=\"wp-block-button has-custom-width wp-block-button__width-75 has-custom-font-size is-style-fill\" style=\"font-size:18px\"><a class=\"wp-block-button__link has-background wp-element-button\" href=\"https:\/\/www.leaplytics.de\/tr\/on-sayfa\/proje-yonetimi-ozel-gorseller-microsoft-powerbi\/power-bi-icin-risk-isi-haritasi-ozel-gorseli\/\" style=\"background-color:#22316d\" rel=\"https:\/\/www.leaplytics.de\/frontpage\/project-management-custom-visuals-microsoft-powerbi\/risk-heatmap-custom-visual-for-power-bi\/\">Power BI i\u00e7in \u00d6zel G\u00f6rsel 'Risk Matrisimize' buradan g\u00f6z at\u0131n!<\/a><\/div>\n<\/div>\n\n\n\n<p><\/p>\n\n\n\n<h3 class=\"wp-block-heading\"><strong>\u00c7SG Risk Y\u00f6netimi ile Performans\u0131 Art\u0131rma<\/strong><\/h3>\n\n\n\n<p>Etkili \u00c7SG risk y\u00f6netimi performans\u0131 art\u0131r\u0131r:<\/p>\n\n\n\n<ul class=\"wp-block-list\">\n<li><strong>Operasyonel Verimlilik:<\/strong> Kazalar\u0131, ekipman ar\u0131zalar\u0131n\u0131 ve \u00e7evre olaylar\u0131n\u0131 azalt\u0131r. Bu da verimlili\u011fi art\u0131r\u0131r ve duru\u015f s\u00fcrelerini azalt\u0131r.<\/li>\n\n\n\n<li><strong>Maliyet Tasarrufu:<\/strong> Olaylar\u0131 en aza indirir, para cezalar\u0131n\u0131, yasal \u00fccretleri ve temizlik maliyetlerini azalt\u0131r.<\/li>\n\n\n\n<li><strong>S\u00fcrd\u00fcr\u00fclebilirlik ve \u0130tibar:<\/strong> S\u00fcrd\u00fcr\u00fclebilirlik taahh\u00fcd\u00fcn\u00fc g\u00f6sterir. Bu, itibar\u0131 art\u0131r\u0131r ve yat\u0131r\u0131mc\u0131lar ile m\u00fc\u015fterilerin ilgisini \u00e7eker.<\/li>\n\n\n\n<li><strong>Uyumluluk:<\/strong> \u00c7SG kurallar\u0131n\u0131 takip eder, d\u00fczenleyicilerle iyi ili\u015fkiler s\u00fcrd\u00fcr\u00fcr ve cezalardan ka\u00e7\u0131n\u0131r.<\/li>\n\n\n\n<li><strong>\u00c7al\u0131\u015fan Refah\u0131:<\/strong> \u0130\u015fverenin g\u00fcvenli\u011fini ve sa\u011fl\u0131\u011f\u0131n\u0131 \u00f6n planda tutar. B\u00f6ylece motivasyonu ve \u00fcretkenli\u011fi art\u0131r\u0131r, i\u015ften ayr\u0131lmalar\u0131 ve devams\u0131zl\u0131klar\u0131 azalt\u0131r.<\/li>\n<\/ul>\n\n\n\n<h3 class=\"wp-block-heading\"><strong>Sonu\u00e7<\/strong><\/h3>\n\n\n\n<p>\u00c7SG risk y\u00f6netimi m\u00fckemmel operasyonlar i\u00e7in hayati \u00f6nem ta\u015f\u0131r. Power BI'daki Risk Matrisimiz, riskleri etkili bir \u015fekilde y\u00f6netmek i\u00e7in harika bir ara\u00e7t\u0131r. EHS risk y\u00f6netimi \u015firketlerin daha iyi performans g\u00f6stermesine ve maliyetleri d\u00fc\u015f\u00fcrmesine yard\u0131mc\u0131 olur. Ayr\u0131ca d\u00fczenlemeleri kar\u015f\u0131lamalar\u0131na ve bir s\u00fcrd\u00fcr\u00fclebilirlik ve g\u00fcvenlik k\u00fclt\u00fcr\u00fc olu\u015fturmalar\u0131na da yard\u0131mc\u0131 olur. G\u00fcn\u00fcm\u00fcz\u00fcn zorluklar\u0131yla y\u00fczle\u015firken, Power BI arac\u0131l\u0131\u011f\u0131yla EHS risk y\u00f6netimi ba\u015far\u0131n\u0131n anahtar\u0131d\u0131r.<\/p>","protected":false},"excerpt":{"rendered":"<p>Giri\u015f Madencilik ve petrol gibi end\u00fcstriler, kaynak ve enerji sa\u011flayarak k\u00fcresel ekonomi i\u00e7in hayati \u00f6nem ta\u015f\u0131maktad\u0131r. Ancak, \u00e7evre, sa\u011fl\u0131k ve g\u00fcvenlik (\u00c7SG) riskleri konusunda zorluklarla kar\u015f\u0131la\u015fmaktad\u0131rlar. \u015eirketler art\u0131k sa\u011flam EHS risk y\u00f6netimini ba\u015far\u0131 i\u00e7in temel olarak g\u00f6r\u00fcyor. Bu makale Power BI Risk Matrisimizin \u00c7SG risk y\u00f6netimini nas\u0131l geli\u015ftirebilece\u011fini incelemektedir. EHS Riskini Anlamak ... <\/p>","protected":false},"author":55,"featured_media":12952,"parent":0,"menu_order":0,"comment_status":"closed","ping_status":"closed","template":"","meta":{"footnotes":""},"class_list":["post-12944","page","type-page","status-publish","has-post-thumbnail","hentry","latest_post"],"_links":{"self":[{"href":"https:\/\/www.leaplytics.de\/tr\/wp-json\/wp\/v2\/pages\/12944","targetHints":{"allow":["GET"]}}],"collection":[{"href":"https:\/\/www.leaplytics.de\/tr\/wp-json\/wp\/v2\/pages"}],"about":[{"href":"https:\/\/www.leaplytics.de\/tr\/wp-json\/wp\/v2\/types\/page"}],"author":[{"embeddable":true,"href":"https:\/\/www.leaplytics.de\/tr\/wp-json\/wp\/v2\/users\/55"}],"replies":[{"embeddable":true,"href":"https:\/\/www.leaplytics.de\/tr\/wp-json\/wp\/v2\/comments?post=12944"}],"version-history":[{"count":0,"href":"https:\/\/www.leaplytics.de\/tr\/wp-json\/wp\/v2\/pages\/12944\/revisions"}],"wp:featuredmedia":[{"embeddable":true,"href":"https:\/\/www.leaplytics.de\/tr\/wp-json\/wp\/v2\/media\/12952"}],"wp:attachment":[{"href":"https:\/\/www.leaplytics.de\/tr\/wp-json\/wp\/v2\/media?parent=12944"}],"curies":[{"name":"wp","href":"https:\/\/api.w.org\/{rel}","templated":true}]}}