{"id":12961,"date":"2023-12-18T23:03:43","date_gmt":"2023-12-18T22:03:43","guid":{"rendered":"https:\/\/www.leaplytics.de\/?page_id=12961"},"modified":"2024-01-02T12:05:32","modified_gmt":"2024-01-02T11:05:32","slug":"havacilik-kruvazi%cc%87yer-tasimaciligi-sektorleri%cc%87nde-guc-bi%cc%87rli%cc%87gi%cc%87-tehli%cc%87keleri%cc%87ni%cc%87n-beli%cc%87rlenmesi%cc%87","status":"publish","type":"page","link":"https:\/\/www.leaplytics.de\/tr\/havacilik-kruvazi%cc%87yer-tasimaciligi-sektorleri%cc%87nde-guc-bi%cc%87rli%cc%87gi%cc%87-tehli%cc%87keleri%cc%87ni%cc%87n-beli%cc%87rlenmesi%cc%87\/","title":{"rendered":"Power BI: Havac\u0131l\u0131k, Kruvaziyer ve Ta\u015f\u0131mac\u0131l\u0131k Sekt\u00f6rlerinde Tehlike Tan\u0131mlama"},"content":{"rendered":"<h2 class=\"wp-block-heading has-medium-font-size\"><strong>Giri\u015f<\/strong><\/h2>\n\n\n\n<p>Havac\u0131l\u0131k, gemi seyahati ve ta\u015f\u0131mac\u0131l\u0131kta tehlikelerin belirlenmesi ve risk y\u00f6netimi \u00e7ok \u00f6nemlidir. Power BI'daki Risk Matrisimiz bu ama\u00e7 i\u00e7in de\u011ferli bir ara\u00e7 olarak ortaya \u00e7\u0131kmaktad\u0131r.<\/p>\n\n\n\n<p>Ara\u00e7, tehlikeleri tan\u0131mlamada ve h\u0131zl\u0131 tan\u0131ma i\u00e7in veri sunumunu basitle\u015ftirmede m\u00fckemmeldir. Bu \u00f6zellik an\u0131nda harekete ge\u00e7ilmesine olanak tan\u0131yarak operasyonlarda g\u00fcvenli\u011fi art\u0131r\u0131r.<\/p>\n\n\n\n<h2 class=\"wp-block-heading has-medium-font-size\"><strong>Havac\u0131l\u0131k Tehlikelerinde Gezinme<\/strong><\/h2>\n\n\n\n<p>Havac\u0131l\u0131kta, yayg\u0131n tehlikeler aras\u0131nda pist sorunlar\u0131 veya ku\u015f \u00e7arpmas\u0131 yer al\u0131r. KPI'lar ramak kala atlat\u0131lan kazalar\u0131n s\u0131kl\u0131\u011f\u0131n\u0131 ve g\u00fcvenlik e\u011fitiminin etkinli\u011fini i\u00e7erir. \u00d6rne\u011fin, ileti\u015fim sistemi g\u00fcvenilirli\u011fi \u00e7ok \u00f6nemlidir.<\/p>\n\n\n\n<h2 class=\"wp-block-heading has-medium-font-size\"><strong>Kruvaziyer Operasyonlar\u0131nda G\u00fcvenli\u011fin Sa\u011flanmas\u0131<\/strong><\/h2>\n\n\n\n<p>Yolculuklar i\u00e7in tehlikeler gemi \u00e7arp\u0131\u015fmalar\u0131n\u0131 veya sa\u011fl\u0131kla ilgili acil durumlar\u0131 i\u00e7erebilir. KPI'lar acil durumlara m\u00fcdahale s\u00fcrelerinin ve yeterli t\u0131bbi malzemenin takibini i\u00e7erir. Dolay\u0131s\u0131yla, yolcu g\u00fcvenli\u011finin sa\u011flanmas\u0131 kilit \u00f6neme sahiptir.<\/p>\n\n\n\n<h2 class=\"wp-block-heading has-medium-font-size\"><strong>Ula\u015ft\u0131rma Operasyonlar\u0131n\u0131n G\u00fcvence Alt\u0131na Al\u0131nmas\u0131<\/strong><\/h2>\n\n\n\n<p>Ta\u015f\u0131mac\u0131l\u0131k sekt\u00f6r\u00fcnde tehlikeler aras\u0131nda kazalar veya tedarik zinciri kesintileri yer alabilir. KPI'lar kaza oranlar\u0131, bak\u0131m program\u0131na ba\u011fl\u0131l\u0131k ve acil durum planlar\u0131n\u0131n verimlili\u011fidir. \u00d6rne\u011fin, s\u00fcr\u00fcc\u00fc e\u011fitim programlar\u0131n\u0131n etkinli\u011finin izlenmesi esast\u0131r.<\/p>\n\n\n\n<h2 class=\"wp-block-heading has-medium-font-size\"><strong>Power BI i\u00e7in Risk Matrisi<\/strong><\/h2>\n\n\n\n<p>\u0130\u015fte Risk Matrisi risk y\u00f6netiminizi nas\u0131l iyile\u015ftirir:<\/p>\n\n\n\n<p><strong>Olas\u0131l\u0131k Ekseni:<\/strong> Bu eksen, bir riskin ger\u00e7ekle\u015fme olas\u0131l\u0131\u011f\u0131n\u0131n d\u00fc\u015f\u00fckten y\u00fckse\u011fe do\u011fru ne kadar oldu\u011funa bakar. Bu sekt\u00f6rlerde potansiyel risklerin ger\u00e7ekle\u015fme olas\u0131l\u0131\u011f\u0131n\u0131 anlamaya yard\u0131mc\u0131 olur.<\/p>\n\n\n\n<p><strong>Darbe Ekseni:<\/strong> Bu eksen, d\u00fc\u015f\u00fck, orta veya y\u00fcksek olarak kategorize edilen bir riskin ne kadar ciddi olabilece\u011fine bakar. Havac\u0131l\u0131k, kruvaziyer ve ula\u015f\u0131m sekt\u00f6rlerindeki kurulu\u015flar\u0131n bir riskin ne kadar zarara yol a\u00e7abilece\u011fini analiz etmelerine yard\u0131mc\u0131 olur.<\/p>\n\n\n\n<p>Olas\u0131l\u0131k ve etkinin birle\u015ftirilmesi her bir riske bir puan verir. Bu, risklerin ne kadar ciddi olduklar\u0131na g\u00f6re s\u0131ralanmas\u0131na yard\u0131mc\u0131 olur. Y\u00fcksek \u00f6ncelikli riskleri erken y\u00f6netmek, operasyonlara y\u00f6nelik tehditleri ve aksakl\u0131klar\u0131 en aza indirir.<\/p>\n\n\n\n<p>Risk Matrisi ile bu sekt\u00f6rlerdeki kurulu\u015flar \u015funlar\u0131 yapabilir:<\/p>\n\n\n\n<ol class=\"wp-block-list\">\n<li><strong>G\u00f6sterge Tablolar\u0131 Olu\u015fturun:<\/strong> G\u00fcvenlik \u00f6l\u00e7\u00fcmlerini, olaylar\u0131 ve e\u011filimleri g\u00f6steren ger\u00e7ek zamanl\u0131 g\u00f6sterge panolar\u0131 olu\u015fturun. Bu, risk y\u00f6neticilerinin g\u00fcvenli\u011fin nas\u0131l gitti\u011fini g\u00f6rmesini kolayla\u015ft\u0131r\u0131r.<\/li>\n\n\n\n<li><strong>Risk Verilerini G\u00f6rselle\u015ftirin:<\/strong> Risk Matrisindeki risk puanlar\u0131n\u0131 g\u00f6stermek i\u00e7in \u00e7izelge ve grafikler kullan\u0131n. Bu, belirlenen risklerin ne kadar ciddi oldu\u011funu anlamaya yard\u0131mc\u0131 olur.<\/li>\n\n\n\n<li><strong>\u0130zleme:<\/strong> G\u00fcvenlik d\u00fczenlemelerine uyup uymad\u0131\u011f\u0131n\u0131z\u0131 kontrol etmek i\u00e7in Power BI kullan\u0131n. Ayr\u0131ca havac\u0131l\u0131k, gemi seyahati ve ta\u015f\u0131mac\u0131l\u0131kta daha fazla g\u00fcvenlik \u00f6nlemine ihtiya\u00e7 duyulan alanlar\u0131 bulun.<\/li>\n\n\n\n<li><strong>Trendleri Belirleyin: <\/strong>Risk verilerinize bir g\u00f6z at\u0131n. Risk Matrisi ile kazalar\u0131n nedenlerini anlayabilir ve devam eden g\u00fcvenlik sorunlar\u0131n\u0131 tan\u0131yabilirsiniz. Bu, s\u00fcrekli g\u00fcvenlik iyile\u015ftirmesi i\u00e7in bilin\u00e7li kararlar al\u0131nmas\u0131n\u0131 sa\u011flar.<\/li>\n<\/ol>\n\n\n\n<div class=\"wp-block-buttons is-layout-flex wp-block-buttons-is-layout-flex\">\n<div class=\"wp-block-button has-custom-font-size\" style=\"font-size:18px\"><a class=\"wp-block-button__link has-background wp-element-button\" href=\"https:\/\/www.leaplytics.de\/tr\/on-sayfa\/proje-yonetimi-ozel-gorseller-microsoft-powerbi\/power-bi-icin-risk-isi-haritasi-ozel-gorseli\/\" style=\"background-color:#22316d\" rel=\"https:\/\/www.leaplytics.de\/frontpage\/project-management-custom-visuals-microsoft-powerbi\/risk-heatmap-custom-visual-for-power-bi\/\">Power BI i\u00e7in \u00d6zel G\u00f6rsel 'Risk Matrisimize' buradan g\u00f6z at\u0131n!<\/a><\/div>\n<\/div>\n\n\n\n<figure class=\"wp-block-image size-full\"><img loading=\"lazy\" decoding=\"async\" width=\"1024\" height=\"576\" src=\"https:\/\/www.leaplytics.de\/wp-content\/uploads\/2023\/12\/Risk-Matrix.jpg\" alt=\"\" class=\"wp-image-12965\" srcset=\"https:\/\/www.leaplytics.de\/wp-content\/uploads\/2023\/12\/Risk-Matrix.jpg 1024w, https:\/\/www.leaplytics.de\/wp-content\/uploads\/2023\/12\/Risk-Matrix-300x169.jpg 300w, https:\/\/www.leaplytics.de\/wp-content\/uploads\/2023\/12\/Risk-Matrix-768x432.jpg 768w, https:\/\/www.leaplytics.de\/wp-content\/uploads\/2023\/12\/Risk-Matrix-107x60.jpg 107w\" sizes=\"auto, (max-width: 1024px) 100vw, 1024px\" \/><\/figure>\n\n\n\n<h2 class=\"wp-block-heading has-medium-font-size\"><strong>Sonu\u00e7<\/strong><\/h2>\n\n\n\n<p>Power BI i\u00e7in Risk Matrisi, risk manzaralar\u0131 hakk\u0131nda de\u011ferli bilgiler verir. Kaynaklara odaklanmaya ve g\u00fcvenli\u011fi art\u0131rmaya yard\u0131mc\u0131 olur. Ara\u00e7, profesyonellerin bilin\u00e7li kararlar almalar\u0131n\u0131 ve risklerini y\u00f6netmelerini sa\u011flar.<\/p>\n\n\n\n<p>Risk Matrisi havac\u0131l\u0131k, kruvaziyer ve ta\u015f\u0131mac\u0131l\u0131k sekt\u00f6rleri i\u00e7in \u00f6nemli bir de\u011ferdir. Risk tan\u0131mlama ve y\u00f6netimini daha eri\u015filebilir ve verimli hale getirir. Bu sayede \u015firketler bu hayati sekt\u00f6rlerde g\u00fcvenli ve sorunsuz operasyonlar s\u00fcrd\u00fcrebilirler.<\/p>","protected":false},"excerpt":{"rendered":"<p>Giri\u015f Havac\u0131l\u0131k, gemi seyahati ve ta\u015f\u0131mac\u0131l\u0131kta tehlikelerin belirlenmesi ve risk y\u00f6netimi \u00e7ok \u00f6nemlidir. Power BI'daki Risk Matrisimiz bu ama\u00e7 i\u00e7in de\u011ferli bir ara\u00e7 olarak ortaya \u00e7\u0131kmaktad\u0131r. Ara\u00e7, tehlikeleri tan\u0131mlamada ve h\u0131zl\u0131 tan\u0131ma i\u00e7in veri sunumunu basitle\u015ftirmede m\u00fckemmeldir. Bu kabiliyet an\u0131nda harekete ge\u00e7ilmesine olanak tan\u0131yarak operasyonlarda g\u00fcvenli\u011fi art\u0131r\u0131r. Havac\u0131l\u0131k Tehlikelerinde Gezinme Havac\u0131l\u0131kta yayg\u0131n ... <\/p>","protected":false},"author":55,"featured_media":12962,"parent":0,"menu_order":0,"comment_status":"closed","ping_status":"closed","template":"","meta":{"footnotes":""},"class_list":["post-12961","page","type-page","status-publish","has-post-thumbnail","hentry","latest_post"],"_links":{"self":[{"href":"https:\/\/www.leaplytics.de\/tr\/wp-json\/wp\/v2\/pages\/12961","targetHints":{"allow":["GET"]}}],"collection":[{"href":"https:\/\/www.leaplytics.de\/tr\/wp-json\/wp\/v2\/pages"}],"about":[{"href":"https:\/\/www.leaplytics.de\/tr\/wp-json\/wp\/v2\/types\/page"}],"author":[{"embeddable":true,"href":"https:\/\/www.leaplytics.de\/tr\/wp-json\/wp\/v2\/users\/55"}],"replies":[{"embeddable":true,"href":"https:\/\/www.leaplytics.de\/tr\/wp-json\/wp\/v2\/comments?post=12961"}],"version-history":[{"count":0,"href":"https:\/\/www.leaplytics.de\/tr\/wp-json\/wp\/v2\/pages\/12961\/revisions"}],"wp:featuredmedia":[{"embeddable":true,"href":"https:\/\/www.leaplytics.de\/tr\/wp-json\/wp\/v2\/media\/12962"}],"wp:attachment":[{"href":"https:\/\/www.leaplytics.de\/tr\/wp-json\/wp\/v2\/media?parent=12961"}],"curies":[{"name":"wp","href":"https:\/\/api.w.org\/{rel}","templated":true}]}}