{"id":13004,"date":"2023-12-18T23:06:58","date_gmt":"2023-12-18T22:06:58","guid":{"rendered":"https:\/\/www.leaplytics.de\/?page_id=13004"},"modified":"2024-04-09T20:48:32","modified_gmt":"2024-04-09T18:48:32","slug":"guc-bi%cc%87-konulari","status":"publish","type":"page","link":"https:\/\/www.leaplytics.de\/tr\/guc-bi%cc%87-konulari\/","title":{"rendered":"Power BI Konular\u0131"},"content":{"rendered":"<p><a href=\"https:\/\/www.leaplytics.de\/tr\/madenci%cc%87li%cc%87k-ve-petrol-endustri%cc%87leri%cc%87-i%cc%87ci%cc%87n-ehs-ri%cc%87sk-yoneti%cc%87mi%cc%87-guc-bi%cc%87\/\">Power BI'da EHS Risk Y\u00f6netimi<\/a><\/p>\n\n\n\n<p><a href=\"https:\/\/www.leaplytics.de\/tr\/havacilik-kruvazi%cc%87yer-tasimaciligi-sektorleri%cc%87nde-guc-bi%cc%87rli%cc%87gi%cc%87-tehli%cc%87keleri%cc%87ni%cc%87n-beli%cc%87rlenmesi%cc%87\/\">Power BI'da Havac\u0131l\u0131k, Kruvaziyer ve Ta\u015f\u0131mac\u0131l\u0131k Sekt\u00f6rlerinde Tehlike Tan\u0131mlama<\/a><\/p>\n\n\n\n<p><a href=\"https:\/\/www.leaplytics.de\/tr\/guc-bi%cc%87rli%cc%87gi%cc%87nde-osha-ri%cc%87sk-matri%cc%87si%cc%87\/\">Power BI'da OSHA Risk Matrisi<\/a><\/p>\n\n\n\n<p><a href=\"https:\/\/www.leaplytics.de\/tr\/microsoft-power-bi-i%cc%87le-esg-ri%cc%87sk-matri%cc%87si%cc%87\/\">Power BI'da ESG Risk Matrisi<\/a><\/p>\n\n\n\n<p><a href=\"https:\/\/www.leaplytics.de\/tr\/power-bi-i%cc%87le-tedari%cc%87kci%cc%87-kali%cc%87te-guvence-yoneti%cc%87mi%cc%87\/\">Power BI ile Tedarik\u00e7i Kalite G\u00fcvencesi \/ Y\u00f6netimi<\/a><\/p>\n\n\n\n<p><a href=\"https:\/\/www.leaplytics.de\/tr\/power-bi-si%cc%87ber-guvenli%cc%87k-ri%cc%87sk-yoneti%cc%87mi%cc%87\/\">Power BI: Siber G\u00fcvenlik Risk Y\u00f6netimi<\/a><\/p>\n\n\n\n<p><a href=\"https:\/\/www.leaplytics.de\/tr\/power-bi-finansal-risk-yonetimi\/\">Power BI: Finansal Hizmetler Sekt\u00f6r\u00fcnde Finansal Risk Y\u00f6netimi<\/a><\/p>\n\n\n\n<p><a href=\"https:\/\/www.leaplytics.de\/tr\/power-bi%cc%87ni%cc%87n-proje-yoneti%cc%87mi%cc%87ni%cc%87zde-sicrama-yapmasina-i%cc%87zi%cc%87n-veri%cc%87n\/\">Power BI Proje Y\u00f6netiminizde S\u0131\u00e7rama Yaps\u0131n<\/a><\/p>\n\n\n\n<p><a href=\"https:\/\/www.leaplytics.de\/tr\/power-bi-icin-metin-goruntuleyici-gorselleri\/\">Power BI i\u00e7in Metin G\u00f6r\u00fcnt\u00fcleyici G\u00f6rselleri<\/a><\/p>\n\n\n\n<p><a href=\"https:\/\/www.leaplytics.de\/tr\/guc-bi%cc%87-i%cc%87ci%cc%87n-firsat-matri%cc%87si%cc%87\/\">Power BI i\u00e7in F\u0131rsat Matrisi<\/a><\/p>","protected":false},"excerpt":{"rendered":"<p>Power BI'da \u00c7SG Risk Y\u00f6netimi Power BI'da Havac\u0131l\u0131k, Kruvaziyer ve Ta\u015f\u0131mac\u0131l\u0131k Sekt\u00f6rlerinde Tehlike Tan\u0131mlama Power BI'da OSHA Risk Matrisi Power BI'da ESG Risk Matrisi Power BI ile Tedarik\u00e7i Kalite G\u00fcvencesi \/ Y\u00f6netimi Power BI: Siber G\u00fcvenlik Risk Y\u00f6netimi Power BI: Finansal Hizmetler Sekt\u00f6r\u00fcnde Finansal Risk Y\u00f6netimi Power BI ile ... <\/p>","protected":false},"author":2,"featured_media":0,"parent":0,"menu_order":0,"comment_status":"closed","ping_status":"closed","template":"","meta":{"footnotes":""},"class_list":["post-13004","page","type-page","status-publish","hentry","latest_post"],"_links":{"self":[{"href":"https:\/\/www.leaplytics.de\/tr\/wp-json\/wp\/v2\/pages\/13004","targetHints":{"allow":["GET"]}}],"collection":[{"href":"https:\/\/www.leaplytics.de\/tr\/wp-json\/wp\/v2\/pages"}],"about":[{"href":"https:\/\/www.leaplytics.de\/tr\/wp-json\/wp\/v2\/types\/page"}],"author":[{"embeddable":true,"href":"https:\/\/www.leaplytics.de\/tr\/wp-json\/wp\/v2\/users\/2"}],"replies":[{"embeddable":true,"href":"https:\/\/www.leaplytics.de\/tr\/wp-json\/wp\/v2\/comments?post=13004"}],"version-history":[{"count":4,"href":"https:\/\/www.leaplytics.de\/tr\/wp-json\/wp\/v2\/pages\/13004\/revisions"}],"predecessor-version":[{"id":13338,"href":"https:\/\/www.leaplytics.de\/tr\/wp-json\/wp\/v2\/pages\/13004\/revisions\/13338"}],"wp:attachment":[{"href":"https:\/\/www.leaplytics.de\/tr\/wp-json\/wp\/v2\/media?parent=13004"}],"curies":[{"name":"wp","href":"https:\/\/api.w.org\/{rel}","templated":true}]}}