{"id":13065,"date":"2024-01-02T13:16:49","date_gmt":"2024-01-02T12:16:49","guid":{"rendered":"https:\/\/www.leaplytics.de\/?page_id=13065"},"modified":"2024-01-02T13:16:50","modified_gmt":"2024-01-02T12:16:50","slug":"power-bi-si%cc%87ber-guvenli%cc%87k-ri%cc%87sk-yoneti%cc%87mi%cc%87","status":"publish","type":"page","link":"https:\/\/www.leaplytics.de\/tr\/power-bi-si%cc%87ber-guvenli%cc%87k-ri%cc%87sk-yoneti%cc%87mi%cc%87\/","title":{"rendered":"Power BI: Siber G\u00fcvenlik Risk Y\u00f6netimi"},"content":{"rendered":"<h3 class=\"wp-block-heading has-medium-font-size\">Giri\u015f<\/h3>\n\n\n\n<p>G\u00fcn\u00fcm\u00fcz\u00fcn h\u0131zl\u0131 dijital d\u00fcnyas\u0131nda, siber g\u00fcvenlik risklerini y\u00f6netmek \u00e7ok \u00f6nemlidir. Bu makalede siber g\u00fcvenlik risk y\u00f6netimiyle ilgili temel bilgiler ele al\u0131nmaktad\u0131r. Kurumlar\u0131n Power BI'da risk y\u00f6netimi stratejilerini benimsemeleri gerekti\u011fini vurguluyoruz.<\/p>\n\n\n\n<h3 class=\"wp-block-heading has-medium-font-size\">Siber G\u00fcvenlik Stratejilerini Anlama ve Optimize Etme<\/h3>\n\n\n\n<p>D\u00fcnya genelinde kurulu\u015flar, veri ihlallerini ve planlanmam\u0131\u015f kesinti s\u00fcrelerini \u00f6nleyerek riskleri azaltmak ve maliyetleri d\u00fc\u015f\u00fcrmek i\u00e7in siber g\u00fcvenlik giri\u015fimlerine yat\u0131r\u0131m yapmaktad\u0131r. Temel bir husus, kar\u015f\u0131la\u015f\u0131lan risk t\u00fcrlerini anlamakt\u0131r. Bu, i\u015fletmelerin etkili risk y\u00f6netimi stratejileri olu\u015fturmas\u0131na olanak tan\u0131r.<\/p>\n\n\n\n<p><strong>Ad\u0131m 1 - Ayr\u0131nt\u0131l\u0131 Risk S\u0131n\u0131fland\u0131rmas\u0131: <\/strong><br>Etkili risk y\u00f6netimi, risklerin hassas bir \u015fekilde s\u0131n\u0131fland\u0131r\u0131lmas\u0131n\u0131 gerektirir. Bu ayr\u0131nt\u0131l\u0131 yakla\u015f\u0131m, kurulu\u015flar\u0131n potansiyel tehditleri tan\u0131mlamas\u0131n\u0131 ve s\u0131ralamas\u0131n\u0131 sa\u011flar.<\/p>\n\n\n\n<p><strong>Ad\u0131m 2 - Proaktif Risk Tespiti: <\/strong><br>Risk tespitine y\u00f6nelik proaktif bir yakla\u015f\u0131m \u00e7ok \u00f6nemlidir. Kurulu\u015flar\u0131n potansiyel tehditleri b\u00fcy\u00fcmeden \u00f6nce tespit ederek g\u00fcvenlik haz\u0131rl\u0131klar\u0131n\u0131 art\u0131rmalar\u0131 gerekir.<\/p>\n\n\n\n<p><strong>Ad\u0131m 3 - Etkin Risk Azaltma: <\/strong><br>Etkili risk azaltma, riskleri olas\u0131l\u0131k ve etkiye g\u00f6re de\u011ferlendirir. Kaynaklar\u0131n uygun \u015fekilde tahsis edilmesi risklerin ger\u00e7ekle\u015fme olas\u0131l\u0131\u011f\u0131n\u0131 en aza indirir ve risk y\u00f6netimini optimize eder.<\/p>\n\n\n\n<h3 class=\"wp-block-heading has-medium-font-size\">Siber G\u00fcvenlikte Temel Performans G\u00f6stergeleri (KPI'lar)<\/h3>\n\n\n\n<p>KPI'lar\u0131n siber g\u00fcvenlik risk y\u00f6netimine entegre edilmesi, eyleme ge\u00e7irilebilir i\u00e7g\u00f6r\u00fcler sa\u011flar:<\/p>\n\n\n\n<ul class=\"wp-block-list\">\n<li> H\u0131zl\u0131 Olay M\u00fcdahalesi: Bir sorun oldu\u011funda an\u0131nda harekete ge\u00e7mek, i\u015fleri kontrol alt\u0131nda tutman\u0131n anahtar\u0131d\u0131r. (KPI: <strong>Yan\u0131t s\u00fcresi<\/strong>)<\/li>\n<\/ul>\n\n\n\n<ul class=\"wp-block-list\">\n<li> G\u00fcvenlik A\u00e7\u0131klar\u0131n\u0131 Tespit Etme: Zay\u0131f noktalar\u0131n h\u0131zla tespit edilmesi ve \u00e7\u00f6z\u00fclmesi, dijital g\u00fcvenli\u011fin art\u0131r\u0131lmas\u0131n\u0131 sa\u011flar. (KPI: <strong>Belirlenen riskler<\/strong>\/mitigated)<\/li>\n<\/ul>\n\n\n\n<ul class=\"wp-block-list\">\n<li>Risk \u00c7\u00f6z\u00fcmlerini Kontrol Etme: Risk azaltma planlar\u0131n\u0131n etkinli\u011finin izlenmesi s\u00fcrekli iyile\u015ftirme sa\u011flar. (KPI: <strong>Olu\u015fan riskler<\/strong>, [Finansal] risk etkisi)<\/li>\n<\/ul>\n\n\n\n<h3 class=\"wp-block-heading has-medium-font-size\">Power BI i\u00e7in Risk Matrisi<\/h3>\n\n\n\n<figure class=\"wp-block-image size-full\"><img loading=\"lazy\" decoding=\"async\" width=\"1024\" height=\"576\" src=\"https:\/\/www.leaplytics.de\/wp-content\/uploads\/2024\/01\/Risk-Matrix.jpg\" alt=\"\" class=\"wp-image-13066\" srcset=\"https:\/\/www.leaplytics.de\/wp-content\/uploads\/2024\/01\/Risk-Matrix.jpg 1024w, https:\/\/www.leaplytics.de\/wp-content\/uploads\/2024\/01\/Risk-Matrix-300x169.jpg 300w, https:\/\/www.leaplytics.de\/wp-content\/uploads\/2024\/01\/Risk-Matrix-768x432.jpg 768w, https:\/\/www.leaplytics.de\/wp-content\/uploads\/2024\/01\/Risk-Matrix-107x60.jpg 107w\" sizes=\"auto, (max-width: 1024px) 100vw, 1024px\" \/><\/figure>\n\n\n\n<p>Power BI'daki Risk Matrisi riskleri nas\u0131l de\u011ferlendirir?<\/p>\n\n\n\n<p>Bir riskin olas\u0131l\u0131\u011f\u0131n\u0131 ve potansiyel etkisini anlamak bir risk puan kart\u0131 olu\u015fturmaya yard\u0131mc\u0131 olur.  Kurulu\u015flar bu boyutlar\u0131 birle\u015ftirerek ciddi risklere \u00f6ncelik verebilirler.<\/p>\n\n\n\n<p>Power BI i\u00e7in Risk Matrisi formumuzda a\u015fa\u011f\u0131daki \u00e7\u00f6z\u00fcmleri sunuyoruz:<\/p>\n\n\n\n<ul class=\"wp-block-list\">\n<li> Ger\u00e7ek Zamanl\u0131 G\u00f6sterge Tablolar\u0131: G\u00fcvenlik bilgilerini ger\u00e7ek zamanl\u0131 olarak g\u00f6steren g\u00f6sterge tablolar\u0131 olu\u015fturabiliriz. Bu, i\u015flerin her an ne kadar g\u00fcvenli oldu\u011funu bilmemize yard\u0131mc\u0131 olur.<\/li>\n<\/ul>\n\n\n\n<ul class=\"wp-block-list\">\n<li>Risk Verilerini G\u00f6rselle\u015ftirme: Matris ve entegre grafikler risk \u00f6l\u00e7\u00fcmlerini g\u00f6sterir. Bu, herkesin risklerin ne kadar ciddi oldu\u011funu anlamas\u0131n\u0131 kolayla\u015ft\u0131r\u0131r.<\/li>\n<\/ul>\n\n\n\n<ul class=\"wp-block-list\">\n<li> E\u011filimlerin \u0130zlenmesi ve Belirlenmesi: Risk Matrisini g\u00fcvenlik kurallar\u0131na uyup uymad\u0131\u011f\u0131m\u0131z\u0131 kontrol etmek i\u00e7in kullanabiliriz. Daha fazla g\u00fcvenlik \u00f6nlemine ihtiya\u00e7 duyan alanlar\u0131 bulmam\u0131za ve daha iyi g\u00fcvenlik i\u00e7in e\u011filimleri anlamam\u0131za yard\u0131mc\u0131 olur.<\/li>\n<\/ul>\n\n\n\n<div class=\"wp-block-buttons is-layout-flex wp-block-buttons-is-layout-flex\">\n<div class=\"wp-block-button has-custom-font-size\" style=\"font-size:18px\"><a class=\"wp-block-button__link has-background wp-element-button\" href=\"https:\/\/www.leaplytics.de\/tr\/on-sayfa\/proje-yonetimi-ozel-gorseller-microsoft-powerbi\/power-bi-icin-risk-isi-haritasi-ozel-gorseli\/\" style=\"background-color:#22316d\" rel=\"https:\/\/www.leaplytics.de\/frontpage\/project-management-custom-visuals-microsoft-powerbi\/risk-heatmap-custom-visual-for-power-bi\/\">Power BI i\u00e7in \u00d6zel G\u00f6rsel 'Risk Matrisimize' buradan g\u00f6z at\u0131n!<\/a><\/div>\n<\/div>\n\n\n\n<p><\/p>\n\n\n\n<h3 class=\"wp-block-heading has-medium-font-size\">Sonu\u00e7<\/h3>\n\n\n\n<p>Geli\u015fen dijital tehditler kar\u015f\u0131s\u0131nda kurumlar\u0131n en uygun risk y\u00f6netimi stratejilerine ihtiyac\u0131 vard\u0131r. Risklerin boyutlar\u0131n\u0131 anlamak \u00e7ok \u00f6nemlidir. Tehditleri azaltmak i\u00e7in proaktif bir yakla\u015f\u0131m benimsemek, i\u015fletmelerin siber g\u00fcvenli\u011fini g\u00fc\u00e7lendirir. Siber g\u00fcvenli\u011fe ak\u0131ll\u0131 ve etkili bir yakla\u015f\u0131m i\u00e7in s\u00fcre\u00e7lerin basitle\u015ftirilmesine odaklan\u0131lmaktad\u0131r.<\/p>","protected":false},"excerpt":{"rendered":"<p>Giri\u015f G\u00fcn\u00fcm\u00fcz\u00fcn h\u0131zl\u0131 dijital d\u00fcnyas\u0131nda, siber g\u00fcvenlik risklerini y\u00f6netmek \u00e7ok \u00f6nemlidir. Bu makale, siber g\u00fcvenlik risk y\u00f6netimini \u00e7evreleyen temel i\u00e7g\u00f6r\u00fcleri incelemektedir. Kurumlar\u0131n Power BI'da risk y\u00f6netimi stratejilerini benimsemeleri gerekti\u011fini vurguluyoruz. Siber G\u00fcvenlik Stratejilerini Anlamak ve Optimize Etmek K\u00fcresel olarak kurulu\u015flar, veri s\u0131z\u0131nt\u0131lar\u0131n\u0131 \u00f6nleyerek riskleri azaltmak ve maliyetleri d\u00fc\u015f\u00fcrmek i\u00e7in siber g\u00fcvenlik giri\u015fimlerine yat\u0131r\u0131m ... <\/p>","protected":false},"author":55,"featured_media":13070,"parent":0,"menu_order":0,"comment_status":"closed","ping_status":"closed","template":"","meta":{"footnotes":""},"class_list":["post-13065","page","type-page","status-publish","has-post-thumbnail","hentry","latest_post"],"_links":{"self":[{"href":"https:\/\/www.leaplytics.de\/tr\/wp-json\/wp\/v2\/pages\/13065","targetHints":{"allow":["GET"]}}],"collection":[{"href":"https:\/\/www.leaplytics.de\/tr\/wp-json\/wp\/v2\/pages"}],"about":[{"href":"https:\/\/www.leaplytics.de\/tr\/wp-json\/wp\/v2\/types\/page"}],"author":[{"embeddable":true,"href":"https:\/\/www.leaplytics.de\/tr\/wp-json\/wp\/v2\/users\/55"}],"replies":[{"embeddable":true,"href":"https:\/\/www.leaplytics.de\/tr\/wp-json\/wp\/v2\/comments?post=13065"}],"version-history":[{"count":0,"href":"https:\/\/www.leaplytics.de\/tr\/wp-json\/wp\/v2\/pages\/13065\/revisions"}],"wp:featuredmedia":[{"embeddable":true,"href":"https:\/\/www.leaplytics.de\/tr\/wp-json\/wp\/v2\/media\/13070"}],"wp:attachment":[{"href":"https:\/\/www.leaplytics.de\/tr\/wp-json\/wp\/v2\/media?parent=13065"}],"curies":[{"name":"wp","href":"https:\/\/api.w.org\/{rel}","templated":true}]}}