{"id":13092,"date":"2024-01-22T11:56:36","date_gmt":"2024-01-22T10:56:36","guid":{"rendered":"https:\/\/www.leaplytics.de\/?page_id=13092"},"modified":"2024-01-22T11:59:33","modified_gmt":"2024-01-22T10:59:33","slug":"power-bi-finansal-risk-yonetimi","status":"publish","type":"page","link":"https:\/\/www.leaplytics.de\/tr\/power-bi-finansal-risk-yonetimi\/","title":{"rendered":"Power BI: Finansal Hizmetler Sekt\u00f6r\u00fcnde Finansal Risk Y\u00f6netimi"},"content":{"rendered":"<h2 class=\"wp-block-heading has-medium-font-size\">Giri\u015f<\/h2>\n\n\n\n<p>Risk y\u00f6netimi, s\u00fcrekli belirsizlik nedeniyle finans alan\u0131nda \u00e7ok \u00f6nemlidir. Uzmanlar\u0131n istikrar, uyum ve b\u00fcy\u00fcme i\u00e7in kritik fakt\u00f6rleri belirlemesi ve ele almas\u0131 gerekir. Bu makale, daha iyi karar verme i\u00e7in Power BI'\u0131n risk matrisini kullanarak veri g\u00f6rselle\u015ftirmeyi vurgulayarak finansta risk y\u00f6netimini incelemektedir.<\/p>\n\n\n\n<h2 class=\"wp-block-heading has-medium-font-size\">Finansal Hizmetler Risk Y\u00f6netiminde \u00d6nemli Fakt\u00f6rler<\/h2>\n\n\n\n<p style=\"font-size:18px\">1.&nbsp;&nbsp;&nbsp;&nbsp;&nbsp; <strong>Mevzuata Uygunluk<\/strong>:<\/p>\n\n\n\n<p>D\u00fczenleyici gerekliliklere ba\u011fl\u0131l\u0131k, finansal hizmetlerde risk y\u00f6netiminin temel ta\u015f\u0131d\u0131r. Basel III, Dodd-Frank ve MiFID II gibi d\u00fczenlemeler, istikrar\u0131 sa\u011flamak ve payda\u015flar\u0131 korumak i\u00e7in kat\u0131 kurallar getirmektedir. Finansal kurulu\u015flar geli\u015fen d\u00fczenlemeleri takip etmeli ve sa\u011flam uyum \u00f6nlemleri uygulamal\u0131d\u0131r.<\/p>\n\n\n\n<ul class=\"wp-block-list\">\n<li><strong>KPI:<\/strong> Uyumluluk Puan\u0131<\/li>\n<\/ul>\n\n\n\n<ul class=\"wp-block-list\">\n<li><strong>A\u00e7\u0131klama:<\/strong> Bu KPI, kurumun yasal gerekliliklere ba\u011fl\u0131l\u0131\u011f\u0131n\u0131 \u00f6l\u00e7er. Daha y\u00fcksek bir puan daha iyi uyum anlam\u0131na gelir.<\/li>\n<\/ul>\n\n\n\n<p style=\"font-size:18px\">2.&nbsp;&nbsp;&nbsp;&nbsp;&nbsp; <strong>Kredi Riski<\/strong>:<\/p>\n\n\n\n<p>Kredi riski finans sekt\u00f6r\u00fcn\u00fcn do\u011fas\u0131nda vard\u0131r ve y\u00f6netilmesi esast\u0131r. Bor\u00e7lunun kredi itibar\u0131n\u0131n analiz edilmesi, kredi risklerinin izlenmesi ve dikkatli kredi verme uygulamalar\u0131n\u0131n hayata ge\u00e7irilmesi kredi riskinin azalt\u0131lmas\u0131 i\u00e7in hayati \u00f6nem ta\u015f\u0131r.<\/p>\n\n\n\n<ul class=\"wp-block-list\">\n<li><strong>KPI:<\/strong> Temerr\u00fct Olas\u0131l\u0131k Derecesi\/Endeksi<\/li>\n<\/ul>\n\n\n\n<ul class=\"wp-block-list\">\n<li><strong>A\u00e7\u0131klama:<\/strong> Temerr\u00fct Olas\u0131l\u0131\u011f\u0131 Derecesi\/Endeksi, bor\u00e7lular\u0131n kredilerde temerr\u00fcde d\u00fc\u015fme olas\u0131l\u0131\u011f\u0131n\u0131 yans\u0131t\u0131r. Daha d\u00fc\u015f\u00fck bir derecelendirme\/endeks arzu edilir ve daha d\u00fc\u015f\u00fck kredi riskine i\u015faret eder.<\/li>\n<\/ul>\n\n\n\n<p style=\"font-size:18px\">3.&nbsp;&nbsp;&nbsp;&nbsp;&nbsp; <strong>Piyasa Riski<\/strong>:<\/p>\n\n\n\n<p>Faiz oranlar\u0131, d\u00f6viz kurlar\u0131 ve emtia fiyatlar\u0131ndaki dalgalanmalar finansal kurumlar i\u00e7in zorluklar te\u015fkil etmektedir. Piyasa riskine maruziyeti de\u011ferlendiren risk modellerinin uygulanmas\u0131 esast\u0131r. Stres testi senaryolar\u0131 potansiyel k\u0131r\u0131lganl\u0131klar\u0131n belirlenmesine yard\u0131mc\u0131 olabilir.<\/p>\n\n\n\n<ul class=\"wp-block-list\">\n<li><strong>KPI:<\/strong> Piyasa Volatilite Endeksi<\/li>\n<\/ul>\n\n\n\n<ul class=\"wp-block-list\">\n<li><strong>A\u00e7\u0131klama:<\/strong> Piyasa Volatilite Endeksi, finansal piyasalardaki \u00f6ng\u00f6r\u00fclemezlik seviyesini tan\u0131mlar. Daha y\u00fcksek bir endeks daha y\u00fcksek piyasa riskine i\u015faret eder.<\/li>\n<\/ul>\n\n\n\n<p style=\"font-size:18px\">4.&nbsp;&nbsp;&nbsp;&nbsp;&nbsp; <strong>Operasyonel Risk<\/strong>:<\/p>\n\n\n\n<p>Operasyonel aksakl\u0131klar, siber g\u00fcvenlik tehditleri <a href=\"https:\/\/www.leaplytics.de\/tr\/power-bi-si%cc%87ber-guvenli%cc%87k-ri%cc%87sk-yoneti%cc%87mi%cc%87\/\"><mark style=\"background-color:rgba(0, 0, 0, 0)\" class=\"has-inline-color has-vivid-cyan-blue-color\">(siber g\u00fcvenlik risk y\u00f6netimi hakk\u0131ndaki yaz\u0131m\u0131za g\u00f6z atmak i\u00e7in buraya t\u0131klay\u0131n)<\/mark><\/a>ve dahili s\u00fcre\u00e7 hatalar\u0131 finansal hizmetleri etkileyebilir. Kapsaml\u0131 risk \u00e7er\u00e7eveleri geli\u015ftirmek, d\u00fczenli denetimler yapmak ve siber g\u00fcvenlik \u00f6nlemlerini takip etmek \u00e7ok \u00f6nemlidir. Bu eylemler operasyonel riskin y\u00f6netilmesine yard\u0131mc\u0131 olur.<\/p>\n\n\n\n<ul class=\"wp-block-list\">\n<li><strong>KPI:<\/strong> Operasyonel Dayan\u0131kl\u0131l\u0131k Puan\u0131<\/li>\n<\/ul>\n\n\n\n<ul class=\"wp-block-list\">\n<li><strong>A\u00e7\u0131klama:<\/strong> Operasyonel Dayan\u0131kl\u0131l\u0131k Puan\u0131, kurumun operasyonel aksakl\u0131klara dayanma ve bu aksakl\u0131klardan kurtulma kabiliyetini de\u011ferlendirir. Daha y\u00fcksek bir puan, daha y\u00fcksek operasyonel esnekli\u011fe i\u015faret eder.<\/li>\n<\/ul>\n\n\n\n<p style=\"font-size:18px\">5.&nbsp;&nbsp;&nbsp;&nbsp;&nbsp; <strong>Likidite Riski<\/strong>:<\/p>\n\n\n\n<p>K\u0131sa vadeli y\u00fck\u00fcml\u00fcl\u00fckleri kar\u015f\u0131lamak i\u00e7in yeterli likiditenin sa\u011flanmas\u0131 esast\u0131r. Kurumlar acil durum planlar\u0131na sahip olmal\u0131, likidite pozisyonlar\u0131n\u0131 stres testine tabi tutmal\u0131 ve k\u0131sa vadeli ve uzun vadeli varl\u0131klar aras\u0131nda bir denge sa\u011flamal\u0131d\u0131r.<\/p>\n\n\n\n<ul class=\"wp-block-list\">\n<li><strong>KPI:<\/strong> Likidite Kar\u015f\u0131lama Oran\u0131<\/li>\n<\/ul>\n\n\n\n<ul class=\"wp-block-list\">\n<li><strong>A\u00e7\u0131klama:<\/strong> Likidite Kar\u015f\u0131lama Oran\u0131, kurumun k\u0131sa vadeli y\u00fck\u00fcml\u00fcl\u00fcklerini likit varl\u0131klarla kar\u015f\u0131lama kabiliyetini \u00f6l\u00e7er. Daha y\u00fcksek bir oran daha sa\u011fl\u0131kl\u0131 bir likidite pozisyonuna i\u015faret eder.<\/li>\n<\/ul>\n\n\n\n<h2 class=\"wp-block-heading has-medium-font-size\">Power BI i\u00e7in Risk Matrisi ile Veri G\u00f6rselle\u015ftirme<\/h2>\n\n\n\n<p>Power BI i\u00e7in risk matrisi, risk y\u00f6neticilerinin riskleri de\u011ferlendirmesi, \u00f6nceliklendirmesi ve iletmesi i\u00e7in g\u00fc\u00e7l\u00fc bir g\u00f6rsel ara\u00e7t\u0131r. Matris, risklerin olas\u0131l\u0131klar\u0131na ve etkilerine g\u00f6re kategorize edilmesini sa\u011flar. Kapsaml\u0131 \u00f6zellikleriyle risk matrisi, risk ortam\u0131n\u0131n kapsaml\u0131 ve \u00e7ok boyutlu bir g\u00f6r\u00fcn\u00fcm\u00fcn\u00fc sa\u011flar.<\/p>\n\n\n\n<figure class=\"wp-block-image size-full\"><img loading=\"lazy\" decoding=\"async\" width=\"1024\" height=\"576\" src=\"https:\/\/www.leaplytics.de\/wp-content\/uploads\/2024\/01\/Risk-Matrix.jpg\" alt=\"\" class=\"wp-image-13066\" srcset=\"https:\/\/www.leaplytics.de\/wp-content\/uploads\/2024\/01\/Risk-Matrix.jpg 1024w, https:\/\/www.leaplytics.de\/wp-content\/uploads\/2024\/01\/Risk-Matrix-300x169.jpg 300w, https:\/\/www.leaplytics.de\/wp-content\/uploads\/2024\/01\/Risk-Matrix-768x432.jpg 768w, https:\/\/www.leaplytics.de\/wp-content\/uploads\/2024\/01\/Risk-Matrix-107x60.jpg 107w\" sizes=\"auto, (max-width: 1024px) 100vw, 1024px\" \/><\/figure>\n\n\n\n<div class=\"wp-block-buttons is-content-justification-center is-layout-flex wp-container-core-buttons-is-layout-1 wp-block-buttons-is-layout-flex\">\n<div class=\"wp-block-button has-custom-font-size\" style=\"font-size:18px\"><a class=\"wp-block-button__link has-background wp-element-button\" href=\"https:\/\/www.leaplytics.de\/tr\/on-sayfa\/proje-yonetimi-ozel-gorseller-microsoft-powerbi\/power-bi-icin-risk-isi-haritasi-ozel-gorseli\/\" style=\"background-color:#22316d\">Power BI i\u00e7in \u00d6zel G\u00f6rsel 'Risk Matrisimize' buradan g\u00f6z at\u0131n!<\/a><\/div>\n<\/div>\n\n\n\n<p><\/p>\n\n\n\n<h2 class=\"wp-block-heading has-medium-font-size\">Zorluklar ve F\u0131rsatlar<\/h2>\n\n\n\n<p><strong>Zorluklar<\/strong>:<\/p>\n\n\n\n<ul class=\"wp-block-list\">\n<li><strong>Veri Kalitesi ve Entegrasyonu<\/strong>: \u00c7e\u015fitli kaynaklardan gelen verilerin do\u011frulu\u011funu ve g\u00fcvenilirli\u011fini sa\u011flamak zor olabilir. Verileri Power BI'a entegre etmek, veri b\u00fct\u00fcnl\u00fc\u011f\u00fcn\u00fc korumak i\u00e7in dikkatli olunmas\u0131n\u0131 gerektirir.<\/li>\n\n\n\n<li><strong>Payda\u015f \u0130leti\u015fimi<\/strong>: Risk bilgilerinin payda\u015flara iletilmesi \u00e7ok \u00f6nemlidir. Buradaki zorluk, karma\u015f\u0131k verilerin anla\u015f\u0131labilir bir formatta sunulmas\u0131nda yatmaktad\u0131r.<\/li>\n<\/ul>\n\n\n\n<p><strong>F\u0131rsatlar<\/strong>:<\/p>\n\n\n\n<ul class=\"wp-block-list\">\n<li><strong>Tahmine Dayal\u0131 Analitik<\/strong>: Power BI'da tahmine dayal\u0131 analiti\u011fin kullan\u0131lmas\u0131, olas\u0131 riskleri ger\u00e7ekle\u015fmeden \u00f6nce tan\u0131mlar. Bu, risklerin \u00f6nceden y\u00f6netilmesine yard\u0131mc\u0131 olur.<\/li>\n\n\n\n<li><strong>Ger\u00e7ek Zamanl\u0131 \u0130zleme<\/strong>: Power BI, temel risk g\u00f6stergelerinin ger\u00e7ek zamanl\u0131 olarak izlenmesini sa\u011flar. Bu, ortaya \u00e7\u0131kan risklere esnek yan\u0131tlar verilmesini sa\u011flar.<\/li>\n<\/ul>\n\n\n\n<p><strong>Risk Y\u00f6netimi Yoluyla Zorluklar\u0131n \u00dcstesinden Gelmek<\/strong><\/p>\n\n\n\n<ul class=\"wp-block-list\">\n<li><strong>Veri Y\u00f6neti\u015fimi Olu\u015fturma<\/strong>: Sa\u011flam veri y\u00f6neti\u015fimi uygulamalar\u0131n\u0131n hayata ge\u00e7irilmesi veri kalitesi ve b\u00fct\u00fcnl\u00fc\u011f\u00fcn\u00fc sa\u011flar. Bu da risk de\u011ferlendirmelerinin g\u00fcvenilirli\u011fini art\u0131r\u0131r.<\/li>\n\n\n\n<li><strong>Payda\u015f E\u011fitimi<\/strong>: Risk verilerini yorumlama ve bilin\u00e7li karar verme i\u00e7in Power BI ara\u00e7lar\u0131n\u0131 kullanma konusunda e\u011fitim sa\u011flay\u0131n.<\/li>\n<\/ul>\n\n\n\n<h2 class=\"wp-block-heading has-medium-font-size\">Sonu\u00e7<\/h2>\n\n\n\n<p>Dinamik finansal hizmetler sekt\u00f6r\u00fcnde etkili risk y\u00f6netimi kilit \u00f6nem ta\u015f\u0131r. Power BI i\u00e7in risk matrisi gibi ara\u00e7lardan yararlanmak karar verme s\u00fcrecini iyile\u015ftirir. Zorluklar\u0131n \u00fcstesinden gelmeye ve f\u0131rsatlar\u0131 yakalamaya yard\u0131mc\u0131 olur. Veri kalitesinin ele al\u0131nmas\u0131, payda\u015f ileti\u015fiminin geli\u015ftirilmesi ve geli\u015fmi\u015f analitiklerin kullan\u0131lmas\u0131 \u00e7ok \u00f6nemli ad\u0131mlard\u0131r. Finans kurulu\u015flar\u0131 bu stratejileri benimseyerek dayan\u0131kl\u0131l\u0131k olu\u015fturabilir ve s\u00fcrd\u00fcr\u00fclebilir b\u00fcy\u00fcme sa\u011flayabilir.<\/p>","protected":false},"excerpt":{"rendered":"<p>Giri\u015f Risk y\u00f6netimi, s\u00fcrekli belirsizlik nedeniyle finans alan\u0131nda \u00e7ok \u00f6nemlidir. Uzmanlar\u0131n istikrar, uyum ve b\u00fcy\u00fcme i\u00e7in kritik fakt\u00f6rleri belirlemesi ve ele almas\u0131 gerekir. Bu makale, daha iyi karar verme i\u00e7in Power BI'\u0131n risk matrisini kullanarak veri g\u00f6rselle\u015ftirmeyi vurgulayarak finansta risk y\u00f6netimini incelemektedir. Finansal Hizmetler Risk Y\u00f6netiminde \u00d6nemli Fakt\u00f6rler 1.      Mevzuata Uygunluk: Yasal d\u00fczenlemelere ba\u011fl\u0131l\u0131k ... <\/p>","protected":false},"author":55,"featured_media":13094,"parent":0,"menu_order":0,"comment_status":"closed","ping_status":"closed","template":"","meta":{"footnotes":""},"class_list":["post-13092","page","type-page","status-publish","has-post-thumbnail","hentry","latest_post"],"_links":{"self":[{"href":"https:\/\/www.leaplytics.de\/tr\/wp-json\/wp\/v2\/pages\/13092","targetHints":{"allow":["GET"]}}],"collection":[{"href":"https:\/\/www.leaplytics.de\/tr\/wp-json\/wp\/v2\/pages"}],"about":[{"href":"https:\/\/www.leaplytics.de\/tr\/wp-json\/wp\/v2\/types\/page"}],"author":[{"embeddable":true,"href":"https:\/\/www.leaplytics.de\/tr\/wp-json\/wp\/v2\/users\/55"}],"replies":[{"embeddable":true,"href":"https:\/\/www.leaplytics.de\/tr\/wp-json\/wp\/v2\/comments?post=13092"}],"version-history":[{"count":6,"href":"https:\/\/www.leaplytics.de\/tr\/wp-json\/wp\/v2\/pages\/13092\/revisions"}],"predecessor-version":[{"id":13102,"href":"https:\/\/www.leaplytics.de\/tr\/wp-json\/wp\/v2\/pages\/13092\/revisions\/13102"}],"wp:featuredmedia":[{"embeddable":true,"href":"https:\/\/www.leaplytics.de\/tr\/wp-json\/wp\/v2\/media\/13094"}],"wp:attachment":[{"href":"https:\/\/www.leaplytics.de\/tr\/wp-json\/wp\/v2\/media?parent=13092"}],"curies":[{"name":"wp","href":"https:\/\/api.w.org\/{rel}","templated":true}]}}