{"id":13103,"date":"2024-01-22T16:06:43","date_gmt":"2024-01-22T15:06:43","guid":{"rendered":"https:\/\/www.leaplytics.de\/?page_id=13103"},"modified":"2024-01-22T16:06:43","modified_gmt":"2024-01-22T15:06:43","slug":"changelog-power-bi-risk-matrisi","status":"publish","type":"page","link":"https:\/\/www.leaplytics.de\/tr\/changelog-power-bi-risk-matrisi\/","title":{"rendered":"De\u011fi\u015fiklik G\u00fcnl\u00fc\u011f\u00fc - Power BI Risk Matrisi"},"content":{"rendered":"<p>09\/23 - \u00d6zel Karo Renkleri: Web aray\u00fcz\u00fc art\u0131k \u00e7evrimi\u00e7i olarak \u015fu adreste mevcuttur <a href=\"https:\/\/www.leaplytics.de\/tr\/custom-colors\/\" target=\"_blank\" rel=\"noreferrer noopener\">https:\/\/www.leaplytics.de\/custom-colors\/<\/a>.<\/p>\n\n\n\n<p>07\/23 - Ko\u015fullu bi\u00e7imlendirme: Risklerin rengini belirli ko\u015fullara g\u00f6re \u00f6zelle\u015ftirin (\u00f6rn. departman, \u00f6ncelik veya durum)<\/p>\n\n\n\n<p>06\/23 - Eksen Etiketleri: \u00d6zel karakterler i\u00e7in destek eklendi.<\/p>\n\n\n\n<p>05\/23 - Karo ba\u015f\u0131na Maksimum Risk Say\u0131s\u0131: 100'e y\u00fckseltildi.<\/p>\n\n\n\n<p>05\/23 - \u00c7oklu Risk Se\u00e7imi mevcuttur.<\/p>\n\n\n\n<p>03\/23 - Risk Optimizasyonu i\u00e7in Drill-Through: Belirli bir sayfaya gitmek i\u00e7in bir riske sa\u011f t\u0131klay\u0131n.<\/p>","protected":false},"excerpt":{"rendered":"<p>09\/23 &#8211; Custom Tile Colors: The web interface is now available online at https:\/\/www.leaplytics.de\/custom-colors\/. 07\/23 &#8211; Conditional formatting: Customize the color of risks based on certain conditions (e.g. department, priority or status) 06\/23 &#8211; Axis Labels: Support for special characters has been added. 05\/23 &#8211; Maximum Number of Risks per Tile: Increased to 100. 05\/23 &hellip; <\/p>","protected":false},"author":2,"featured_media":0,"parent":0,"menu_order":0,"comment_status":"closed","ping_status":"closed","template":"","meta":{"footnotes":""},"class_list":["post-13103","page","type-page","status-publish","hentry","latest_post"],"_links":{"self":[{"href":"https:\/\/www.leaplytics.de\/tr\/wp-json\/wp\/v2\/pages\/13103","targetHints":{"allow":["GET"]}}],"collection":[{"href":"https:\/\/www.leaplytics.de\/tr\/wp-json\/wp\/v2\/pages"}],"about":[{"href":"https:\/\/www.leaplytics.de\/tr\/wp-json\/wp\/v2\/types\/page"}],"author":[{"embeddable":true,"href":"https:\/\/www.leaplytics.de\/tr\/wp-json\/wp\/v2\/users\/2"}],"replies":[{"embeddable":true,"href":"https:\/\/www.leaplytics.de\/tr\/wp-json\/wp\/v2\/comments?post=13103"}],"version-history":[{"count":2,"href":"https:\/\/www.leaplytics.de\/tr\/wp-json\/wp\/v2\/pages\/13103\/revisions"}],"predecessor-version":[{"id":13441,"href":"https:\/\/www.leaplytics.de\/tr\/wp-json\/wp\/v2\/pages\/13103\/revisions\/13441"}],"wp:attachment":[{"href":"https:\/\/www.leaplytics.de\/tr\/wp-json\/wp\/v2\/media?parent=13103"}],"curies":[{"name":"wp","href":"https:\/\/api.w.org\/{rel}","templated":true}]}}