{"id":13130,"date":"2024-02-19T14:11:39","date_gmt":"2024-02-19T13:11:39","guid":{"rendered":"https:\/\/www.leaplytics.de\/?page_id=13130"},"modified":"2024-02-20T10:03:59","modified_gmt":"2024-02-20T09:03:59","slug":"power-bi%cc%87ni%cc%87n-proje-yoneti%cc%87mi%cc%87ni%cc%87zde-sicrama-yapmasina-i%cc%87zi%cc%87n-veri%cc%87n","status":"publish","type":"page","link":"https:\/\/www.leaplytics.de\/tr\/power-bi%cc%87ni%cc%87n-proje-yoneti%cc%87mi%cc%87ni%cc%87zde-sicrama-yapmasina-i%cc%87zi%cc%87n-veri%cc%87n\/","title":{"rendered":"Power BI Proje Y\u00f6netiminizde S\u0131\u00e7rama Yaps\u0131n"},"content":{"rendered":"<p>Hassasiyet ve \u00f6ng\u00f6r\u00fcn\u00fcn \u00e7ok \u00f6nemli oldu\u011fu proje y\u00f6netiminin dinamik ortam\u0131nda, teknolojiden yararlanmak \u00e7ok \u00f6nemlidir. Microsoft Power BI oyunun kurallar\u0131n\u0131 de\u011fi\u015ftiren bir ara\u00e7 olarak ortaya \u00e7\u0131km\u0131\u015ft\u0131r. Power BI, proje y\u00f6neticilerine karar verme s\u00fcre\u00e7lerini geli\u015ftirmeleri i\u00e7in dinamik bir platform sunuyor.<\/p>\n\n\n\n<p>Bu kapsaml\u0131 k\u0131lavuzda, Power BI'\u0131n her a\u015famay\u0131 nas\u0131l geli\u015ftirebilece\u011fini ke\u015ffedece\u011fiz<sup>1 <\/sup>proje y\u00f6netimi. G\u00fc\u00e7l\u00fc bir proje y\u00f6netimi panosunun temel y\u00f6nleri hakk\u0131nda konu\u015fuyoruz.<\/p>\n\n\n\n<h3 class=\"wp-block-heading\" style=\"font-size:30px\">Proje Planlama A\u015famas\u0131<\/h3>\n\n\n\n<p class=\"has-medium-font-size\">1. <strong>Ger\u00e7ek Sorunu Tan\u0131mlay\u0131n:<\/strong><\/p>\n\n\n\n<p>Projeye ba\u015flamadan \u00f6nce, \u00e7\u00f6zmeye \u00e7al\u0131\u015ft\u0131\u011f\u0131n\u0131z sorunu tam olarak belirlemek \u00e7ok \u00f6nemlidir. Power BI, ge\u00e7mi\u015f verileri analiz etmenize, kal\u0131plar\u0131 belirlemenize ve altta yatan sorunlar\u0131 ortaya \u00e7\u0131karman\u0131za yard\u0131mc\u0131 olarak bu konuda size yard\u0131mc\u0131 olur. Bilin\u00e7li kararlar almak i\u00e7in ge\u00e7mi\u015f projelerin ba\u015far\u0131 ve ba\u015far\u0131s\u0131zl\u0131k fakt\u00f6rlerini g\u00f6rselle\u015ftirin.<\/p>\n\n\n\n<p class=\"has-medium-font-size\">2. <strong>Payda\u015flar\u0131 Belirleyin:<\/strong><\/p>\n\n\n\n<p>Power BI'\u0131n yetenekleri payda\u015f y\u00f6netimine kadar uzan\u0131r. Projeden etkilenen \u00e7e\u015fitli i\u015flevleri veya bireyleri vurgulayan g\u00f6rseller olu\u015fturun. Katk\u0131lar\u0131n\u0131 ve beklentilerini sergilemek i\u00e7in etkile\u015fimli organizasyon \u015femalar\u0131 kullan\u0131n. B\u00f6ylece en ba\u015f\u0131ndan itibaren uyumu sa\u011fl\u0131yoruz.<\/p>\n\n\n\n<p class=\"has-medium-font-size\">3. <strong>Proje Hedeflerini Tan\u0131mlay\u0131n:<\/strong><\/p>\n\n\n\n<p>A\u00e7\u0131k ve y\u00f6netilebilir hedefler olu\u015fturmak zorlu bir i\u015ftir. Payda\u015f beklentileri ve hedefleri de proje i\u00e7inde de\u011fi\u015febilir. Power BI'\u0131n esnekli\u011fi, daha fazla bilgi toplad\u0131k\u00e7a hedefleri uyarlaman\u0131za olanak tan\u0131r. \u00d6rne\u011fin, ger\u00e7ek zamanl\u0131 verilere dayal\u0131 olarak hedefleri g\u00fcncelleyen g\u00f6rseller olu\u015fturun.<\/p>\n\n\n\n<p class=\"has-medium-font-size\">4. <strong>Kapsam\u0131, Kaynaklar\u0131 ve Ba\u015fl\u0131ca G\u00f6revleri Belirleyin:<\/strong><\/p>\n\n\n\n<p>Projenin kapsam\u0131n\u0131 ve g\u00f6revlerini g\u00f6rselle\u015ftirin, zaman \u00e7izelgelerini ve maliyetleri tahmin edin. Bu, kaynak gereksinimlerini net bir \u015fekilde anlaman\u0131za yard\u0131mc\u0131 olur. Karma\u015f\u0131k faaliyetleri bir \u0130\u015f Da\u011f\u0131l\u0131m Yap\u0131s\u0131 (WBS) ile par\u00e7alara ay\u0131rmak i\u00e7in Power BI kullan\u0131n.<\/p>\n\n\n\n<p class=\"has-medium-font-size\">5. <strong>\u00d6d\u00fcnle\u015fimlere Haz\u0131r Olun:<\/strong><\/p>\n\n\n\n<p>Power BI zaman, maliyet ve kalite aras\u0131nda bir denge kurulmas\u0131na yard\u0131mc\u0131 olur. Bu de\u011fi\u015fkenlerdeki de\u011fi\u015fimlerin proje sonu\u00e7lar\u0131n\u0131 nas\u0131l etkiledi\u011fini g\u00f6steren g\u00f6rseller olu\u015fturmak i\u00e7in verilerinizi entegre edin. Bu \u015feffafl\u0131k, bilin\u00e7li karar vermeyi ve payda\u015flar\u0131n uyumunu kolayla\u015ft\u0131r\u0131r.<\/p>\n\n\n\n<h3 class=\"wp-block-heading\" style=\"font-size:30px\">Proje Olu\u015fturma A\u015famas\u0131<\/h3>\n\n\n\n<p class=\"has-medium-font-size\">6. <strong>Ekibinizi Kurun:<\/strong><\/p>\n\n\n\n<p>Gerekli becerileri de\u011ferlendirmek ve ekibin yap\u0131s\u0131n\u0131 g\u00f6rselle\u015ftirmek i\u00e7in Power BI'dan yararlan\u0131n. Beceri eksikliklerini belirlemek, e\u011fitim planlamak ve ekibinizi ba\u015far\u0131 i\u00e7in donatmak i\u00e7in g\u00f6rselleri kullan\u0131n.<\/p>\n\n\n\n<p class=\"has-medium-font-size\">7. <strong>Atamalar\u0131 Planlay\u0131n:<\/strong><\/p>\n\n\n\n<p>Ekip i\u00e7inde \u015feffaf ileti\u015fimi kolayla\u015ft\u0131ran g\u00f6rseller olu\u015fturun. G\u00f6revleri, gerekli becerileri ve bireysel beceri setlerini g\u00f6rselle\u015ftirerek uyumlu bir ekip dinami\u011fi sa\u011flay\u0131n.<\/p>\n\n\n\n<p class=\"has-medium-font-size\">8. <strong>Program\u0131 Olu\u015fturun:<\/strong><\/p>\n\n\n\n<p>Power BI'\u0131n yetenekleri Gantt grafikleri arac\u0131l\u0131\u011f\u0131yla proje planlamas\u0131na kadar uzan\u0131r. Zaman \u00e7izelgelerini g\u00f6steren, kritik yollar\u0131 belirleyen ve sabit son tarihlerle uyumlu g\u00f6rseller geli\u015ftirin. K\u0131s\u0131tlamalar dahilinde ger\u00e7ek\u00e7i bir program s\u00fcrd\u00fcr\u00fcn.<\/p>\n\n\n\n<p class=\"has-medium-font-size\">9. <strong>Bir Ba\u015flang\u0131\u00e7 Toplant\u0131s\u0131 D\u00fczenleyin:<\/strong><\/p>\n\n\n\n<p>\u00c7o\u011fu Power BI g\u00f6rseli MS PowerPoint'e aktar\u0131labilir. Ba\u015flang\u0131\u00e7 toplant\u0131s\u0131 s\u0131ras\u0131nda proje plan\u0131n\u0131, hedeflerini ve zaman \u00e7er\u00e7evesini a\u00e7\u0131klamak i\u00e7in Power BI g\u00f6rsellerini kullan\u0131n. Ekip \u00fcyelerini girdi sa\u011flamaya te\u015fvik ederek i\u015fbirli\u011fini ve ortak anlay\u0131\u015f\u0131 te\u015fvik edin.<\/p>\n\n\n\n<p class=\"has-medium-font-size\">10. <strong>Bir B\u00fct\u00e7e Geli\u015ftirin:<\/strong><\/p>\n\n\n\n<p>Kapsaml\u0131 bir b\u00fct\u00e7e olu\u015fturmak i\u00e7in Power BI kullan\u0131n. Kategorilerdeki maliyetleri g\u00f6rselle\u015ftirin, payda\u015flar\u0131n g\u00f6r\u00fc\u015flerini al\u0131n ve b\u00fct\u00e7e s\u0131n\u0131rlamalar\u0131 dahilinde esnekli\u011fi koruyun.<\/p>\n\n\n\n<h3 class=\"wp-block-heading\" style=\"font-size:30px\">Proje Uygulama A\u015famas\u0131<\/h3>\n\n\n\n<p class=\"has-medium-font-size\">11. <strong>S\u00fcreci ve B\u00fct\u00e7eyi \u0130zleyin ve Kontrol Edin:<\/strong><\/p>\n\n\n\n<p>Power BI Risk Matrisimiz gibi Power BI'da proje izleme g\u00f6rselleri y\u00fckleyin. Riskleri proje ilerlemesiyle birlikte g\u00f6rselle\u015ftirmek, potansiyel zorluklar\u0131n b\u00fct\u00fcnsel bir g\u00f6r\u00fcn\u00fcm\u00fcn\u00fc sa\u011flar. \u0130\u015fte nas\u0131l yap\u0131laca\u011f\u0131:<\/p>\n\n\n\n<p><strong>Risk Etkisi ve Olas\u0131l\u0131k De\u011ferlendirmesi:<\/strong> Power BI i\u00e7in Risk Matrisi, her bir riskin etki ve olas\u0131l\u0131\u011f\u0131n\u0131 de\u011ferlendirmeye yard\u0131mc\u0131 olur. Risklerin ciddiyetini temsil etmek i\u00e7in renk kodlu h\u00fccreler kullan\u0131n. Bu, y\u00fcksek etkili alanlar\u0131n h\u0131zl\u0131 bir \u015fekilde tan\u0131mlanmas\u0131n\u0131 sa\u011flar.<\/p>\n\n\n\n<p><strong>Ger\u00e7ek Zamanl\u0131 B\u00fct\u00e7e Takibi:<\/strong> B\u00fct\u00e7e izleme g\u00f6rsellerini Risk Matrisi ile birle\u015ftirin. Belirlenen her bir riske b\u00fct\u00e7e sonu\u00e7lar\u0131 atayarak potansiyel finansal etkilere kapsaml\u0131 bir genel bak\u0131\u015f sa\u011flay\u0131n. Riskler geli\u015ftik\u00e7e, b\u00fct\u00e7e g\u00f6rselleriniz ger\u00e7ek zamanl\u0131 olarak g\u00fcncellenir ve do\u011fru finansal izleme sa\u011flar.<\/p>\n\n\n\n<p><strong>Detayl\u0131 Analiz i\u00e7in Drill-through:<\/strong> Risk Matrisini ayr\u0131nt\u0131l\u0131 inceleme i\u015flevleriyle ilerletin. Belirli bir riske derinlemesine dal\u0131\u015f, ayr\u0131nt\u0131l\u0131 bir analiz, ilgili finansal sonu\u00e7lar\u0131n g\u00f6r\u00fcnt\u00fclenmesi ve gerekli azaltma stratejilerini i\u00e7erebilir.<\/p>\n\n\n\n<div class=\"wp-block-buttons is-layout-flex wp-block-buttons-is-layout-flex\">\n<div class=\"wp-block-button has-custom-font-size\" style=\"font-size:18px\"><a class=\"wp-block-button__link has-background wp-element-button\" href=\"https:\/\/www.leaplytics.de\/tr\/on-sayfa\/proje-yonetimi-ozel-gorseller-microsoft-powerbi\/power-bi-icin-risk-isi-haritasi-ozel-gorseli\/\" style=\"background-color:#22316d\">Power BI i\u00e7in \u00d6zel G\u00f6rsel 'Risk Matrisimize' buradan g\u00f6z at\u0131n!<\/a><\/div>\n<\/div>\n\n\n\n<p><\/p>\n\n\n\n<p class=\"has-medium-font-size\">12. <strong>De\u011fi\u015fikliklere Esnek Yan\u0131t:<\/strong><\/p>\n\n\n\n<p>Power BI'\u0131n ger\u00e7ek zamanl\u0131 veri \u00f6zellikleri, de\u011fi\u015fikliklere an\u0131nda yan\u0131t vermenizi sa\u011flar. Olas\u0131 sorunlar\u0131 belirlemek i\u00e7in verileri g\u00f6rselle\u015ftirerek proaktif karar alma ve rota d\u00fczeltme s\u00fcre\u00e7lerine olanak tan\u0131y\u0131n.<\/p>\n\n\n\n<p class=\"has-medium-font-size\">13. <strong>\u0130lerleme Raporu:<\/strong><\/p>\n\n\n\n<p>D\u00fczenli g\u00fcncellemeler ve durum raporlar\u0131 sa\u011flamak i\u00e7in payda\u015flara y\u00f6nelik g\u00f6rseller olu\u015fturun. G\u00f6rselleri PowerPoint'e aktarmak, d\u00fczenli durum toplant\u0131lar\u0131n\u0131 kolayla\u015ft\u0131racakt\u0131r. Power BI, raporlar\u0131 payda\u015f tercihlerine g\u00f6re \u00f6zelle\u015ftirmenize olanak tan\u0131yarak \u015feffafl\u0131\u011f\u0131 ve g\u00fcveni te\u015fvik eder.<\/p>\n\n\n\n<p class=\"has-medium-font-size\">14. <strong>Haftal\u0131k Ekip Toplant\u0131lar\u0131 D\u00fczenleyin:<\/strong><\/p>\n\n\n\n<p>Ekip toplant\u0131lar\u0131n\u0131 temel metrikler etraf\u0131nda yap\u0131land\u0131rmak i\u00e7in Power BI kullan\u0131n. Performans verilerini g\u00f6rselle\u015ftirin, ka\u00e7\u0131r\u0131lan hedefleri tart\u0131\u015f\u0131n ve ba\u015far\u0131lar\u0131 kutlay\u0131n. Bu ara\u00e7, temel faaliyetlere odaklanmaya yard\u0131mc\u0131 olur ve ekibin uyumlu kalmas\u0131n\u0131 sa\u011flar.<\/p>\n\n\n\n<p class=\"has-medium-font-size\">15. <strong>Sorunlar\u0131 Y\u00f6netin:<\/strong><\/p>\n\n\n\n<p>Power BI g\u00f6rselleri, ortaya \u00e7\u0131kan sorunlar\u0131n belirlenmesine ve y\u00f6netilmesine yard\u0131mc\u0131 olabilir. Sorunlar\u0131 b\u00fcy\u00fcmeden \u00f6nce ele almak i\u00e7in ekip dinamiklerini ve proje metriklerini izleyin. Burada Risk Matrisi, olumsuz sonu\u00e7lar\u0131 \u00f6nlemek i\u00e7in risklerin izlenmesine ve ele al\u0131nmas\u0131na yard\u0131mc\u0131 olur.<\/p>\n\n\n\n<h3 class=\"wp-block-heading\" style=\"font-size:30px\">Proje Kapan\u0131\u015f A\u015famas\u0131<\/h3>\n\n\n\n<p class=\"has-medium-font-size\">16. <strong>Proje Performans\u0131n\u0131 De\u011ferlendirin:<\/strong><\/p>\n\n\n\n<p>Proje ilerlemesini ba\u015flang\u0131\u00e7ta tan\u0131mlanan kapsamla kar\u015f\u0131la\u015ft\u0131rmak i\u00e7in Power BI kullan\u0131n. Projenin tamamlanmas\u0131 ve ba\u015far\u0131s\u0131 konusunda payda\u015flarla tart\u0131\u015fmalar ba\u015flatmak i\u00e7in performans metriklerini g\u00f6rselle\u015ftirin. Ayr\u0131ca, proje metriklerini \u00f6nceki proje ba\u015far\u0131lar\u0131 veya ba\u015far\u0131s\u0131zl\u0131klar\u0131yla kar\u015f\u0131la\u015ft\u0131r\u0131n.<\/p>\n\n\n\n<p class=\"has-medium-font-size\">17. <strong>Projeyi Kapat\u0131n:<\/strong><\/p>\n\n\n\n<p>Projenin tamamlanmas\u0131yla ilgili ad\u0131mlar\u0131 g\u00f6rselle\u015ftirin. Power BI, proje kapatma s\u00fcre\u00e7lerinin belgelenmesine ve iletilmesine yard\u0131mc\u0131 olur. B\u00f6ylece, \u00e7\u0131kt\u0131lar\u0131n sorunsuz bir \u015fekilde ge\u00e7i\u015fini sa\u011fl\u0131yoruz.<\/p>\n\n\n\n<h3 class=\"wp-block-heading\" style=\"font-size:30px\">Bilgilendirme<\/h3>\n\n\n\n<p>Kapsaml\u0131 ve dinamik bir proje panosu olu\u015fturmak i\u00e7in Power BI'\u0131 her proje a\u015famas\u0131na entegre edin. Her g\u00f6rsel bir zorunluluk de\u011fildir, ancak Power BI'\u0131 uygulamak her a\u015famada projenizin zirvesinde kalman\u0131za yard\u0131mc\u0131 olacakt\u0131r. Ekibinizi eyleme ge\u00e7irilebilir i\u00e7g\u00f6r\u00fclerle g\u00fc\u00e7lendirin, i\u015fbirli\u011fini te\u015fvik edin ve proje y\u00f6netiminin karma\u015f\u0131kl\u0131klar\u0131n\u0131n \u00fcstesinden gelin. Proje ba\u015far\u0131s\u0131 art\u0131k sadece bir hedef de\u011fil, Power BI ile g\u00f6rselle\u015ftirilmi\u015f bir yolculuk.<\/p>\n\n\n\n<p><\/p>\n\n\n\n<hr class=\"wp-block-separator has-alpha-channel-opacity\"\/>\n\n\n\n<p class=\"has-small-font-size\"><sup>1<\/sup> Bu makalede yer alan proje a\u015famalar\u0131 a\u015fa\u011f\u0131daki makaleye dayanmaktad\u0131r: <a href=\"https:\/\/hbr.org\/2016\/11\/the-four-phases-of-project-management\">Harvard Business Review. (2016, Kas\u0131m 3). <em>Proje Y\u00f6netiminin D\u00f6rt A\u015famas\u0131<\/em>.<\/a><\/p>","protected":false},"excerpt":{"rendered":"<p>Hassasiyet ve \u00f6ng\u00f6r\u00fcn\u00fcn \u00e7ok \u00f6nemli oldu\u011fu proje y\u00f6netiminin dinamik ortam\u0131nda, teknolojiden yararlanmak \u00e7ok \u00f6nemlidir. Microsoft Power BI, oyunun kurallar\u0131n\u0131 de\u011fi\u015ftiren bir ara\u00e7 olarak ortaya \u00e7\u0131km\u0131\u015ft\u0131r. Power BI, proje y\u00f6neticilerine karar verme s\u00fcre\u00e7lerini geli\u015ftirmeleri i\u00e7in dinamik bir platform sunar. Bu kapsaml\u0131 k\u0131lavuzda, Power BI'\u0131n projenin her a\u015famas\u0131n\u01311 nas\u0131l geli\u015ftirebilece\u011fini ke\u015ffedece\u011fiz ... <\/p>","protected":false},"author":55,"featured_media":13133,"parent":0,"menu_order":0,"comment_status":"closed","ping_status":"closed","template":"","meta":{"footnotes":"[]"},"class_list":["post-13130","page","type-page","status-publish","has-post-thumbnail","hentry","latest_post"],"_links":{"self":[{"href":"https:\/\/www.leaplytics.de\/tr\/wp-json\/wp\/v2\/pages\/13130","targetHints":{"allow":["GET"]}}],"collection":[{"href":"https:\/\/www.leaplytics.de\/tr\/wp-json\/wp\/v2\/pages"}],"about":[{"href":"https:\/\/www.leaplytics.de\/tr\/wp-json\/wp\/v2\/types\/page"}],"author":[{"embeddable":true,"href":"https:\/\/www.leaplytics.de\/tr\/wp-json\/wp\/v2\/users\/55"}],"replies":[{"embeddable":true,"href":"https:\/\/www.leaplytics.de\/tr\/wp-json\/wp\/v2\/comments?post=13130"}],"version-history":[{"count":7,"href":"https:\/\/www.leaplytics.de\/tr\/wp-json\/wp\/v2\/pages\/13130\/revisions"}],"predecessor-version":[{"id":13144,"href":"https:\/\/www.leaplytics.de\/tr\/wp-json\/wp\/v2\/pages\/13130\/revisions\/13144"}],"wp:featuredmedia":[{"embeddable":true,"href":"https:\/\/www.leaplytics.de\/tr\/wp-json\/wp\/v2\/media\/13133"}],"wp:attachment":[{"href":"https:\/\/www.leaplytics.de\/tr\/wp-json\/wp\/v2\/media?parent=13130"}],"curies":[{"name":"wp","href":"https:\/\/api.w.org\/{rel}","templated":true}]}}