{"id":13184,"date":"2024-03-05T14:07:02","date_gmt":"2024-03-05T13:07:02","guid":{"rendered":"https:\/\/www.leaplytics.de\/?page_id=13184"},"modified":"2024-03-05T14:07:02","modified_gmt":"2024-03-05T13:07:02","slug":"power-bi-icin-primavera-metin-goruntuleyici-gorseli","status":"publish","type":"page","link":"https:\/\/www.leaplytics.de\/tr\/power-bi-icin-primavera-metin-goruntuleyici-gorseli\/","title":{"rendered":"Power BI i\u00e7in Primavera Metin G\u00f6r\u00fcnt\u00fcleyici G\u00f6rseli"},"content":{"rendered":"<p>Primavera dosyan\u0131z\u0131 g\u00fczel bi\u00e7imlendirilmi\u015f metne d\u00f6n\u00fc\u015ft\u00fcren bir veri g\u00f6rseli mi ar\u0131yorsunuz? Kontrol panelinize sorunsuz bir \u015fekilde entegre edilebilen tam te\u015fekk\u00fcll\u00fc bir metin edit\u00f6r\u00fc.<\/p>\n\n\n\n<p>Power BI i\u00e7in m\u00fc\u015fterilerimizin sorunlu noktalar\u0131na y\u00f6nelik g\u00f6rseller geli\u015ftiriyoruz. MS sertifikal\u0131 Power BI g\u00f6rsellerimiz ile m\u00fc\u015fterilerimizin hayatlar\u0131n\u0131 daha kolay ve verimli hale getirmenin pe\u015findeyiz!<\/p>\n\n\n\n<p>\u015eu anda Primavera verilerini g\u00fczel bi\u00e7imlendirilmi\u015f metne d\u00f6n\u00fc\u015ft\u00fcren bir Metin G\u00f6r\u00fcnt\u00fcleyici \u00fczerinde \u00e7al\u0131\u015f\u0131yoruz.<\/p>\n\n\n\n<p>\u0130leti\u015fim bilgilerinizi a\u015fa\u011f\u0131ya g\u00f6nderin ve Primavera Metin G\u00f6r\u00fcnt\u00fcleyici g\u00f6rseli kullan\u0131ma haz\u0131r oldu\u011funda bildirim almak i\u00e7in bekleme listemize \u015fimdi kat\u0131l\u0131n!<\/p>\n\n\n\n<div class=\"wpforms-container wpforms-container-full\" id=\"wpforms-13195\"><form id=\"wpforms-form-13195\" class=\"wpforms-validate wpforms-form wpforms-ajax-form\" data-formid=\"13195\" method=\"post\" enctype=\"multipart\/form-data\" action=\"\/tr\/wp-json\/wp\/v2\/pages\/13184\" data-token=\"f9ff104fd44ad46dcbd70a21bb7ea9cb\" data-token-time=\"1775827473\" data-trp-original-action=\"\/tr\/wp-json\/wp\/v2\/pages\/13184\"><noscript class=\"wpforms-error-noscript\">Bu formu bitirebilmek i\u00e7in taray\u0131c\u0131n\u0131zda JavaScript'i etkinle\u015ftirin.<\/noscript><div class=\"wpforms-field-container\"><div id=\"wpforms-13195-field_0-container\" class=\"wpforms-field wpforms-field-name\" data-field-id=\"0\"><label class=\"wpforms-field-label\">\u0130sim <span class=\"wpforms-required-label\">*<\/span><\/label><div class=\"wpforms-field-row wpforms-field-medium\"><div class=\"wpforms-field-row-block wpforms-first wpforms-one-half\"><input type=\"text\" id=\"wpforms-13195-field_0\" class=\"wpforms-field-name-first wpforms-field-required\" name=\"wpforms[fields][0][first]\" required><label for=\"wpforms-13195-field_0\" class=\"wpforms-field-sublabel after\">Reklam<\/label><\/div><div class=\"wpforms-field-row-block wpforms-one-half\"><input type=\"text\" id=\"wpforms-13195-field_0-last\" class=\"wpforms-field-name-last wpforms-field-required\" name=\"wpforms[fields][0][last]\" required><label for=\"wpforms-13195-field_0-last\" class=\"wpforms-field-sublabel after\">Soyad<\/label><\/div><\/div><\/div><div id=\"wpforms-13195-field_1-container\" class=\"wpforms-field wpforms-field-email\" data-field-id=\"1\"><label class=\"wpforms-field-label\" for=\"wpforms-13195-field_1\">\u0130\u015f E-postas\u0131 <span class=\"wpforms-required-label\">*<\/span><\/label><input type=\"email\" id=\"wpforms-13195-field_1\" class=\"wpforms-field-medium wpforms-field-required\" data-rule-restricted-email=\"1\" name=\"wpforms[fields][1]\" spellcheck=\"false\" required><\/div><div id=\"wpforms-13195-field_4-container\" class=\"wpforms-field wpforms-field-text\" data-field-id=\"4\"><label class=\"wpforms-field-label\" for=\"wpforms-13195-field_4\">\u015eirket <span class=\"wpforms-required-label\">*<\/span><\/label><input type=\"text\" id=\"wpforms-13195-field_4\" class=\"wpforms-field-medium wpforms-field-required\" name=\"wpforms[fields][4]\" required><\/div><div id=\"wpforms-13195-field_3-container\" class=\"wpforms-field wpforms-field-gdpr-checkbox\" data-field-id=\"3\"><label class=\"wpforms-field-label\">GDPR S\u00f6zle\u015fmesi <span class=\"wpforms-required-label\">*<\/span><\/label><ul id=\"wpforms-13195-field_3\" class=\"wpforms-field-required\"><li class=\"choice-1\"><input type=\"checkbox\" id=\"wpforms-13195-field_3_1\" name=\"wpforms[fields][3][]\" value=\"I consent to having this website store my submitted information so they can respond to my inquiry.\" required><label class=\"wpforms-field-label-inline\" for=\"wpforms-13195-field_3_1\">Bu web sitesinin, talebime yan\u0131t verebilmesi i\u00e7in g\u00f6nderdi\u011fim bilgileri saklamas\u0131na izin veriyorum.<\/label><\/li><\/ul><\/div><\/div><!-- .wpforms-field-container --><div class=\"wpforms-recaptcha-container wpforms-is-recaptcha wpforms-is-recaptcha-type-v3\" ><input type=\"hidden\" name=\"wpforms[recaptcha]\" value=\"\"><\/div><div class=\"wpforms-submit-container\" ><input type=\"hidden\" name=\"wpforms[id]\" value=\"13195\"><input type=\"hidden\" name=\"page_title\" value=\"\"><input type=\"hidden\" name=\"page_url\" value=\"https:\/\/www.leaplytics.de\/tr\/wp-json\/wp\/v2\/pages\/13184\"><input type=\"hidden\" name=\"url_referer\" value=\"\"><button type=\"submit\" name=\"wpforms[submit]\" id=\"wpforms-submit-13195\" class=\"wpforms-submit\" data-alt-text=\"Sending...\" data-submit-text=\"Submit\" aria-live=\"assertive\" value=\"wpforms-submit\">G\u00f6nder<\/button><img loading=\"lazy\" decoding=\"async\" src=\"https:\/\/www.leaplytics.de\/wp-content\/plugins\/wpforms-lite\/assets\/images\/submit-spin.svg\" class=\"wpforms-submit-spinner\" style=\"display: none;\" width=\"26\" height=\"26\" alt=\"Y\u00fckleniyor\"><\/div><input type=\"hidden\" name=\"trp-form-language\" value=\"tr\"\/><\/form><\/div>  <!-- .wpforms-container -->","protected":false},"excerpt":{"rendered":"<p>Are you looking for a data visual that converts your Primavera file into beautifully formatted text? A full-fledged text editor that can be seamlessly integrated into your dashboard. We develop visuals for Power BI addressing the pain points of our clients. With our MS-certified Power BI visuals we pursue to make the lifes of our &hellip; <\/p>","protected":false},"author":55,"featured_media":0,"parent":0,"menu_order":0,"comment_status":"closed","ping_status":"closed","template":"","meta":{"footnotes":""},"class_list":["post-13184","page","type-page","status-publish","hentry","latest_post"],"_links":{"self":[{"href":"https:\/\/www.leaplytics.de\/tr\/wp-json\/wp\/v2\/pages\/13184","targetHints":{"allow":["GET"]}}],"collection":[{"href":"https:\/\/www.leaplytics.de\/tr\/wp-json\/wp\/v2\/pages"}],"about":[{"href":"https:\/\/www.leaplytics.de\/tr\/wp-json\/wp\/v2\/types\/page"}],"author":[{"embeddable":true,"href":"https:\/\/www.leaplytics.de\/tr\/wp-json\/wp\/v2\/users\/55"}],"replies":[{"embeddable":true,"href":"https:\/\/www.leaplytics.de\/tr\/wp-json\/wp\/v2\/comments?post=13184"}],"version-history":[{"count":3,"href":"https:\/\/www.leaplytics.de\/tr\/wp-json\/wp\/v2\/pages\/13184\/revisions"}],"predecessor-version":[{"id":13216,"href":"https:\/\/www.leaplytics.de\/tr\/wp-json\/wp\/v2\/pages\/13184\/revisions\/13216"}],"wp:attachment":[{"href":"https:\/\/www.leaplytics.de\/tr\/wp-json\/wp\/v2\/media?parent=13184"}],"curies":[{"name":"wp","href":"https:\/\/api.w.org\/{rel}","templated":true}]}}