{"id":13321,"date":"2024-04-09T20:47:19","date_gmt":"2024-04-09T18:47:19","guid":{"rendered":"https:\/\/www.leaplytics.de\/?page_id=13321"},"modified":"2024-04-17T15:17:27","modified_gmt":"2024-04-17T13:17:27","slug":"guc-bi%cc%87-i%cc%87ci%cc%87n-firsat-matri%cc%87si%cc%87","status":"publish","type":"page","link":"https:\/\/www.leaplytics.de\/tr\/guc-bi%cc%87-i%cc%87ci%cc%87n-firsat-matri%cc%87si%cc%87\/","title":{"rendered":"Power BI i\u00e7in F\u0131rsat Matrisi - Rekabet Avantaj\u0131n\u0131z\u0131 Ortaya \u00c7\u0131karmak i\u00e7in Yararlan\u0131n"},"content":{"rendered":"<p>Proje ve risk y\u00f6neticileri i\u00e7in f\u0131rsatlardan yararlanmak, riskleri azaltmak kadar \u00f6nemlidir. Risk Matrisi g\u00f6rselimizi Power BI i\u00e7in uyarlayarak bir F\u0131rsat Matrisine d\u00f6n\u00fc\u015ft\u00fcrebiliriz. Bu yakla\u015f\u0131m, rekabet avantaj\u0131 sa\u011flayan f\u0131rsatlar\u0131n belirlenmesini ve bunlardan yararlan\u0131lmas\u0131n\u0131 sa\u011flar.<\/p>\n\n\n\n<figure class=\"wp-block-embed is-type-video is-provider-youtube wp-block-embed-youtube wp-embed-aspect-16-9 wp-has-aspect-ratio\"><div class=\"wp-block-embed__wrapper\">\n<iframe loading=\"lazy\" title=\"Power BI i\u00e7in F\u0131rsat Matrisi - LeapLytics\" width=\"770\" height=\"433\" src=\"https:\/\/www.youtube.com\/embed\/VzEAOzIjrZY?feature=oembed\" frameborder=\"0\" allow=\"accelerometer; autoplay; clipboard-write; encrypted-media; gyroscope; picture-in-picture; web-share\" referrerpolicy=\"strict-origin-when-cross-origin\" allowfullscreen><\/iframe>\n<\/div><figcaption class=\"wp-element-caption\">YouTube videomuzda, Power BI'da bir F\u0131rsat Matrisinin nas\u0131l kurulaca\u011f\u0131n\u0131 g\u00f6steriyoruz.<\/figcaption><\/figure>\n\n\n\n<h3 class=\"wp-block-heading has-medium-font-size\"><strong>F\u0131rsat Y\u00f6netimi Neden \u00d6nemlidir?<\/strong><\/h3>\n\n\n\n<p>F\u0131rsat y\u00f6netimi, s\u00fcrd\u00fcr\u00fclebilir b\u00fcy\u00fcme ve rekabet avantaj\u0131 arayan i\u015fletmeler i\u00e7in \u00e7ok \u00f6nemlidir. Bu, f\u0131rsatlar\u0131 tan\u0131mlamak ve yakalamakla ilgilidir. Kurulu\u015flar pazar trendlerinden, yeniliklerden ve geli\u015fen teknolojilerden faydalanabilir. Ayr\u0131ca \u00fcr\u00fcn ve hizmet kalitesinin s\u00fcrekli iyile\u015ftirilmesine de olanak tan\u0131r. Dahas\u0131, etkili f\u0131rsat y\u00f6netimi i\u015fletmelerin rakiplerinin \u00f6n\u00fcne ge\u00e7mesini sa\u011flar. De\u011fi\u015fen m\u00fc\u015fteri ihtiya\u00e7lar\u0131na ve tercihlerine uyum sa\u011flamak \u00e7ok \u00f6nemlidir.<\/p>\n\n\n\n<h3 class=\"wp-block-heading has-medium-font-size\"><strong>\u00c7e\u015fitli Kaynaklardan Gelen F\u0131rsatlar\u0131n Belirlenmesi<\/strong><\/h3>\n\n\n\n<p>F\u0131rsatlar\u0131 belirlemek i\u00e7in bildi\u011fimiz t\u00fcm kaynaklardan yararlanmal\u0131y\u0131z.<\/p>\n\n\n\n<div class=\"wp-block-columns is-layout-flex wp-container-core-columns-is-layout-1 wp-block-columns-is-layout-flex\">\n<div class=\"wp-block-column is-layout-flow wp-block-column-is-layout-flow\" style=\"flex-basis:2%\">\n<p><strong>1.<\/strong><\/p>\n<\/div>\n\n\n\n<div class=\"wp-block-column is-layout-flow wp-block-column-is-layout-flow\" style=\"flex-basis:98%\">\n<p><strong>Rekabet Ortam\u0131n\u0131z\u0131 De\u011ferlendirin:<\/strong> \u0130\u015f ortam\u0131n\u0131 de\u011ferlendirmek, rakiplerin g\u00fc\u00e7l\u00fc ve zay\u0131f y\u00f6nlerini, pazar konumlar\u0131n\u0131 ve stratejilerini analiz etmekle ilgilidir. Benchmarking veya SWOT Analizi g\u00fc\u00e7l\u00fc ara\u00e7lar olabilir. Rakiplerin en iyi uygulamalar\u0131 hakk\u0131nda i\u00e7g\u00f6r\u00fc kazanmak potansiyel f\u0131rsatlar\u0131 ortaya \u00e7\u0131karabilir.<\/p>\n<\/div>\n<\/div>\n\n\n\n<div class=\"wp-block-columns is-layout-flex wp-container-core-columns-is-layout-2 wp-block-columns-is-layout-flex\">\n<div class=\"wp-block-column is-layout-flow wp-block-column-is-layout-flow\" style=\"flex-basis:2%\">\n<p><strong>2.<\/strong><\/p>\n<\/div>\n\n\n\n<div class=\"wp-block-column is-layout-flow wp-block-column-is-layout-flow\" style=\"flex-basis:98%\">\n<p><strong>M\u00fc\u015fteri \u0130htiya\u00e7lar\u0131n\u0131 \u00d6nceden Anlay\u0131n: <\/strong>Pazar trendlerine, t\u00fcketici davran\u0131\u015flar\u0131na ve yeni ortaya \u00e7\u0131kan tercihlere uyum sa\u011flay\u0131n. Pazar ara\u015ft\u0131rmas\u0131, m\u00fc\u015fteri geri bildirimi ve sat\u0131n alma modellerinin analizi, m\u00fc\u015fteri ihtiya\u00e7lar\u0131n\u0131 \u00f6ng\u00f6rmeye yard\u0131mc\u0131 olur.<\/p>\n<\/div>\n<\/div>\n\n\n\n<div class=\"wp-block-columns is-layout-flex wp-container-core-columns-is-layout-3 wp-block-columns-is-layout-flex\">\n<div class=\"wp-block-column is-layout-flow wp-block-column-is-layout-flow\" style=\"flex-basis:2%\">\n<p><strong>3.<\/strong><\/p>\n<\/div>\n\n\n\n<div class=\"wp-block-column is-layout-flow wp-block-column-is-layout-flow\" style=\"flex-basis:98%\">\n<p><strong>\u0130novasyonu Te\u015fvik Edin ve Bilgi Payla\u015f\u0131m\u0131 Uygulamalar\u0131 Kurun:<\/strong> Yenilik\u00e7ilik ve yarat\u0131c\u0131l\u0131k k\u00fclt\u00fcr\u00fcn\u00fc te\u015fvik edin. Farkl\u0131 kesimlerden insanlar\u0131 bir araya getirmek, bilgi payla\u015f\u0131m\u0131nda \u00f6nemli bir itici g\u00fc\u00e7 olabilir. Bu da ezber bozan d\u00fc\u015f\u00fcnme yoluyla daha yenilik\u00e7i fikirlerin ortaya \u00e7\u0131kmas\u0131n\u0131 sa\u011flayabilir.<\/p>\n<\/div>\n<\/div>\n\n\n\n<div class=\"wp-block-columns is-layout-flex wp-container-core-columns-is-layout-4 wp-block-columns-is-layout-flex\">\n<div class=\"wp-block-column is-layout-flow wp-block-column-is-layout-flow\" style=\"flex-basis:2%\">\n<p><strong>4.<\/strong><\/p>\n<\/div>\n\n\n\n<div class=\"wp-block-column is-layout-flow wp-block-column-is-layout-flow\" style=\"flex-basis:98%\">\n<p><strong>Gev\u015fekli\u011fi Belirleyin ve K\u00f6k Nedenleri Bulun:<\/strong> Gev\u015feklik, bir kurulu\u015f i\u00e7inde yeterince kullan\u0131lmayan kaynaklar\u0131, s\u00fcre\u00e7leri veya yetenekleri ifade eder. Gev\u015feklik alanlar\u0131n\u0131 belirlemek ve bunlar\u0131n arkas\u0131ndaki temel nedenleri ara\u015ft\u0131rmak hedeftir. Bu \u015fekilde, optimizasyon ve iyile\u015ftirme i\u00e7in gizli f\u0131rsatlar\u0131 ortaya \u00e7\u0131karabilirsiniz. S\u00fcre\u00e7 denetimleri ve \u00e7al\u0131\u015fan geri bildirimleri tan\u0131mlama stratejileri olarak kullan\u0131labilir.<\/p>\n<\/div>\n<\/div>\n\n\n\n<div class=\"wp-block-columns is-layout-flex wp-container-core-columns-is-layout-5 wp-block-columns-is-layout-flex\">\n<div class=\"wp-block-column is-layout-flow wp-block-column-is-layout-flow\" style=\"flex-basis:2%\">\n<p><strong>5.<\/strong><\/p>\n<\/div>\n\n\n\n<div class=\"wp-block-column is-layout-flow wp-block-column-is-layout-flow\" style=\"flex-basis:98%\">\n<p><strong>Risklerinizi Unutmay\u0131n, Onlar F\u0131rsatlar\u0131 Kapsayabilir: <\/strong>Riskler genellikle i\u015f faaliyetlerine y\u00f6nelik potansiyel tehditler olarak g\u00f6r\u00fcl\u00fcr. Ancak gizli f\u0131rsatlar\u0131 da ortaya \u00e7\u0131karabilirler. Riskleri analiz edip y\u00f6neterek baz\u0131lar\u0131n\u0131 f\u0131rsata d\u00f6n\u00fc\u015ft\u00fcrebilece\u011finizi g\u00f6z \u00f6n\u00fcnde bulundurun. \u00d6rne\u011fin, sabit siber g\u00fcvenlik tehditleri daha y\u00fcksek m\u00fc\u015fteri g\u00fcveni ve sadakati sa\u011flayabilir.<\/p>\n<\/div>\n<\/div>\n\n\n\n<div class=\"wp-block-columns is-layout-flex wp-container-core-columns-is-layout-6 wp-block-columns-is-layout-flex\">\n<div class=\"wp-block-column is-layout-flow wp-block-column-is-layout-flow\" style=\"flex-basis:2%\">\n<p><strong>6.<\/strong><\/p>\n<\/div>\n\n\n\n<div class=\"wp-block-column is-layout-flow wp-block-column-is-layout-flow\" style=\"flex-basis:98%\">\n<p><strong>Sekt\u00f6r\u00fcn\u00fcz\u00fcn S\u00fcrd\u00fcr\u00fclebilir \u00d6nc\u00fcs\u00fc Olun:<\/strong> S\u00fcrd\u00fcr\u00fclebilirli\u011fi benimsemek inovasyon, maliyet tasarrufu ve farkl\u0131la\u015fma i\u00e7in yeni f\u0131rsatlar yaratabilir. Emisyonlar\u0131n\u0131z\u0131 azaltman\u0131n ve kaynak kullan\u0131m\u0131n\u0131 optimize etmenin yollar\u0131n\u0131 belirleyin. Maliyet tasarrufu, m\u00fc\u015fteri sadakati ve geli\u015fmi\u015f marka itibar\u0131 bunun sonucu olacakt\u0131r.<\/p>\n<\/div>\n<\/div>\n\n\n\n<h3 class=\"wp-block-heading has-medium-font-size\"><strong>F\u0131rsat Y\u00f6netiminin Faydalar\u0131<\/strong><\/h3>\n\n\n\n<p>Etkili f\u0131rsat y\u00f6netimi bir\u00e7ok fayda sa\u011flar. Artan karl\u0131l\u0131k, geli\u015fmi\u015f pazar konumland\u0131rmas\u0131, daha fazla m\u00fc\u015fteri memnuniyeti ve s\u00fcrd\u00fcr\u00fclebilir i\u015f b\u00fcy\u00fcmesi de buna dahildir. Kurulu\u015flar, f\u0131rsatlar\u0131 proaktif olarak belirleyip de\u011ferlendirerek inovasyonu te\u015fvik edebilirler. S\u00fcrekli geli\u015fim k\u00fclt\u00fcr\u00fcn\u00fc te\u015fvik eder ve rekabet avantajlar\u0131n\u0131 en \u00fcst d\u00fczeye \u00e7\u0131kar\u0131rlar.<\/p>\n\n\n\n<h3 class=\"wp-block-heading has-medium-font-size\"><strong>F\u0131rsat Matrisini Anlamak<\/strong><\/h3>\n\n\n\n<p>\u00d6z\u00fcnde, F\u0131rsat Matrisi bilinen Risk Matrisini yans\u0131t\u0131r. Potansiyel f\u0131rsatlar\u0131 olas\u0131l\u0131klar\u0131 ve etkileri a\u00e7\u0131s\u0131ndan de\u011ferlendirir. Matris, f\u0131rsatlar\u0131n tespit edilmesini, de\u011ferlendirilmesini ve y\u00f6netilmesini kolayla\u015ft\u0131r\u0131r. Kurulu\u015flar\u0131 geli\u015fmi\u015f performans ve b\u00fcy\u00fcmeye y\u00f6nlendirmek en \u00f6nemli \u00f6nceliktir.<\/p>\n\n\n\n<div class=\"wp-block-columns is-layout-flex wp-container-core-columns-is-layout-7 wp-block-columns-is-layout-flex\">\n<div class=\"wp-block-column is-vertically-aligned-center is-layout-flow wp-block-column-is-layout-flow\" style=\"flex-basis:150px\">\n<figure class=\"wp-block-image size-full is-resized\"><img loading=\"lazy\" decoding=\"async\" width=\"255\" height=\"259\" src=\"https:\/\/www.leaplytics.de\/wp-content\/uploads\/2024\/04\/Bild3.jpg\" alt=\"\" class=\"wp-image-13324\" style=\"width:100px\" srcset=\"https:\/\/www.leaplytics.de\/wp-content\/uploads\/2024\/04\/Bild3.jpg 255w, https:\/\/www.leaplytics.de\/wp-content\/uploads\/2024\/04\/Bild3-59x60.jpg 59w\" sizes=\"auto, (max-width: 255px) 100vw, 255px\" \/><\/figure>\n<\/div>\n\n\n\n<div class=\"wp-block-column is-layout-flow wp-block-column-is-layout-flow\" style=\"flex-basis:66.66%\">\n<p><strong>Fare ile \u00fczerine gelme yoluyla Ara\u00e7 \u0130pucu Se\u00e7ene\u011fi<\/strong><\/p>\n\n\n\n<p>Veri noktalar\u0131n\u0131n \u00fczerine gelindi\u011finde ayr\u0131nt\u0131l\u0131 bilgiler ortaya \u00e7\u0131kar. Kullan\u0131c\u0131lar\u0131n belirli f\u0131rsatlar\u0131 daha derinlemesine incelemesine olanak tan\u0131r. Bu \u00f6zellik, bir bak\u0131\u015fta kapsaml\u0131 i\u00e7g\u00f6r\u00fcler sa\u011flayarak karar verme s\u00fcrecini geli\u015ftirir.<\/p>\n<\/div>\n<\/div>\n\n\n\n<div class=\"wp-block-columns is-layout-flex wp-container-core-columns-is-layout-8 wp-block-columns-is-layout-flex\">\n<div class=\"wp-block-column is-vertically-aligned-center is-layout-flow wp-block-column-is-layout-flow\" style=\"flex-basis:150px\">\n<figure class=\"wp-block-image size-large is-resized\"><img loading=\"lazy\" decoding=\"async\" width=\"1024\" height=\"1024\" src=\"https:\/\/www.leaplytics.de\/wp-content\/uploads\/2022\/06\/Indicator-Settings-1024x1024.png\" alt=\"\" class=\"wp-image-8461\" style=\"width:128px;height:auto\" srcset=\"https:\/\/www.leaplytics.de\/wp-content\/uploads\/2022\/06\/Indicator-Settings-1024x1024.png 1024w, https:\/\/www.leaplytics.de\/wp-content\/uploads\/2022\/06\/Indicator-Settings-300x300.png 300w, https:\/\/www.leaplytics.de\/wp-content\/uploads\/2022\/06\/Indicator-Settings-150x150.png 150w, https:\/\/www.leaplytics.de\/wp-content\/uploads\/2022\/06\/Indicator-Settings-768x768.png 768w, https:\/\/www.leaplytics.de\/wp-content\/uploads\/2022\/06\/Indicator-Settings-1536x1536.png 1536w, https:\/\/www.leaplytics.de\/wp-content\/uploads\/2022\/06\/Indicator-Settings-370x370.png 370w, https:\/\/www.leaplytics.de\/wp-content\/uploads\/2022\/06\/Indicator-Settings-60x60.png 60w, https:\/\/www.leaplytics.de\/wp-content\/uploads\/2022\/06\/Indicator-Settings.png 1854w\" sizes=\"auto, (max-width: 1024px) 100vw, 1024px\" \/><\/figure>\n<\/div>\n\n\n\n<div class=\"wp-block-column is-layout-flow wp-block-column-is-layout-flow\">\n<p class=\"has-medium-font-size\"><strong>Ko\u015fullu Bi\u00e7imlendirme<\/strong><\/p>\n\n\n\n<p>\u00d6nceden tan\u0131mlanm\u0131\u015f kriterlere g\u00f6re \u00f6nemli f\u0131rsatlar\u0131 vurgulamak i\u00e7in ko\u015fullu bi\u00e7imlendirme kurallar\u0131n\u0131 kullan\u0131n. Bu \u00f6zellik g\u00f6r\u00fcn\u00fcrl\u00fc\u011f\u00fc art\u0131r\u0131r ve stratejik planlama ve y\u00fcr\u00fctme i\u00e7in eyleme ge\u00e7irilebilir i\u00e7g\u00f6r\u00fcleri \u00f6nceliklendirir. Ek olarak, ko\u015fullu bi\u00e7imlendirme matrisi ba\u015fka bir boyutla geni\u015fletebilir. \u00d6rne\u011fin, renk kodlar\u0131 arac\u0131l\u0131\u011f\u0131yla her bir f\u0131rsat\u0131n fizibilitesini de\u011ferlendirerek. Farkl\u0131 renk tonlar\u0131 farkl\u0131 fizibilite seviyelerini temsil edebilir. Payda\u015flara her bir f\u0131rsat\u0131n uygulanabilirli\u011fi hakk\u0131nda de\u011ferli i\u00e7g\u00f6r\u00fcler sa\u011flar.<\/p>\n<\/div>\n<\/div>\n\n\n\n<div class=\"wp-block-columns is-layout-flex wp-container-core-columns-is-layout-9 wp-block-columns-is-layout-flex\">\n<div class=\"wp-block-column is-vertically-aligned-center is-layout-flow wp-block-column-is-layout-flow\" style=\"flex-basis:150px\">\n<figure class=\"wp-block-image size-full is-resized\"><img loading=\"lazy\" decoding=\"async\" width=\"355\" height=\"218\" src=\"https:\/\/www.leaplytics.de\/wp-content\/uploads\/2024\/04\/Bild2.jpg\" alt=\"\" class=\"wp-image-13323\" style=\"width:128px\" srcset=\"https:\/\/www.leaplytics.de\/wp-content\/uploads\/2024\/04\/Bild2.jpg 355w, https:\/\/www.leaplytics.de\/wp-content\/uploads\/2024\/04\/Bild2-300x184.jpg 300w, https:\/\/www.leaplytics.de\/wp-content\/uploads\/2024\/04\/Bild2-98x60.jpg 98w\" sizes=\"auto, (max-width: 355px) 100vw, 355px\" \/><\/figure>\n<\/div>\n\n\n\n<div class=\"wp-block-column is-layout-flow wp-block-column-is-layout-flow\" style=\"flex-basis:66.66%\">\n<p><strong>Daha Fazla Bilgi \u0130\u00e7in Drill-through Se\u00e7ene\u011fi<\/strong><\/p>\n\n\n\n<p>Drill-through \u00f6zelli\u011fi ile veri katmanlar\u0131 aras\u0131nda gezinin. Kullan\u0131c\u0131lar\u0131n her bir f\u0131rsat\u0131 etkileyen altta yatan fakt\u00f6rleri ke\u015ffetmelerini sa\u011flar. Bu derinlemesine inceleme \u00f6zelli\u011fi, potansiyel itici g\u00fc\u00e7lerin ve sonu\u00e7lar\u0131n kapsaml\u0131 bir \u015fekilde anla\u015f\u0131lmas\u0131n\u0131 sa\u011flar.<\/p>\n<\/div>\n<\/div>\n\n\n\n<div class=\"wp-block-columns is-layout-flex wp-container-core-columns-is-layout-10 wp-block-columns-is-layout-flex\">\n<div class=\"wp-block-column is-vertically-aligned-center is-layout-flow wp-block-column-is-layout-flow\" style=\"flex-basis:150px\">\n<figure class=\"wp-block-image size-large is-resized\"><img loading=\"lazy\" decoding=\"async\" width=\"1024\" height=\"1024\" src=\"https:\/\/www.leaplytics.de\/wp-content\/uploads\/2022\/05\/Color-Settings-1024x1024.png\" alt=\"\" class=\"wp-image-7710\" style=\"width:128px\" srcset=\"https:\/\/www.leaplytics.de\/wp-content\/uploads\/2022\/05\/Color-Settings-1024x1024.png 1024w, https:\/\/www.leaplytics.de\/wp-content\/uploads\/2022\/05\/Color-Settings-300x300.png 300w, https:\/\/www.leaplytics.de\/wp-content\/uploads\/2022\/05\/Color-Settings-150x150.png 150w, https:\/\/www.leaplytics.de\/wp-content\/uploads\/2022\/05\/Color-Settings-768x768.png 768w, https:\/\/www.leaplytics.de\/wp-content\/uploads\/2022\/05\/Color-Settings-1536x1536.png 1536w, https:\/\/www.leaplytics.de\/wp-content\/uploads\/2022\/05\/Color-Settings-2048x2048.png 2048w, https:\/\/www.leaplytics.de\/wp-content\/uploads\/2022\/05\/Color-Settings-370x370.png 370w, https:\/\/www.leaplytics.de\/wp-content\/uploads\/2022\/05\/Color-Settings-60x60.png 60w, https:\/\/www.leaplytics.de\/wp-content\/uploads\/2022\/05\/Color-Settings-600x600.png 600w, https:\/\/www.leaplytics.de\/wp-content\/uploads\/2022\/05\/Color-Settings-100x100.png 100w\" sizes=\"auto, (max-width: 1024px) 100vw, 1024px\" \/><\/figure>\n<\/div>\n\n\n\n<div class=\"wp-block-column is-layout-flow wp-block-column-is-layout-flow\" style=\"flex-basis:66.66%\">\n<p><strong>\u00d6zel Renk Tasar\u0131m\u0131<\/strong><\/p>\n\n\n\n<p>Matrisi \u00f6zel renk \u015femalar\u0131 ile ki\u015fiselle\u015ftirin. Bu, netli\u011fe yard\u0131mc\u0131 olur ve bireysel gereksinimlere g\u00f6re \u00f6zelle\u015ftirmeyi m\u00fcmk\u00fcn k\u0131lar.<\/p>\n<\/div>\n<\/div>\n\n\n\n<div class=\"wp-block-columns is-layout-flex wp-container-core-columns-is-layout-11 wp-block-columns-is-layout-flex\">\n<div class=\"wp-block-column is-vertically-aligned-center is-layout-flow wp-block-column-is-layout-flow\" style=\"flex-basis:150px\">\n<figure class=\"wp-block-image size-large\"><img loading=\"lazy\" decoding=\"async\" width=\"1024\" height=\"1018\" src=\"https:\/\/www.leaplytics.de\/wp-content\/uploads\/2022\/06\/Axis-Settings-1024x1018.png\" alt=\"\" class=\"wp-image-8460\" srcset=\"https:\/\/www.leaplytics.de\/wp-content\/uploads\/2022\/06\/Axis-Settings-1024x1018.png 1024w, https:\/\/www.leaplytics.de\/wp-content\/uploads\/2022\/06\/Axis-Settings-300x298.png 300w, https:\/\/www.leaplytics.de\/wp-content\/uploads\/2022\/06\/Axis-Settings-150x150.png 150w, https:\/\/www.leaplytics.de\/wp-content\/uploads\/2022\/06\/Axis-Settings-768x763.png 768w, https:\/\/www.leaplytics.de\/wp-content\/uploads\/2022\/06\/Axis-Settings-1536x1527.png 1536w, https:\/\/www.leaplytics.de\/wp-content\/uploads\/2022\/06\/Axis-Settings-60x60.png 60w, https:\/\/www.leaplytics.de\/wp-content\/uploads\/2022\/06\/Axis-Settings.png 1827w\" sizes=\"auto, (max-width: 1024px) 100vw, 1024px\" \/><\/figure>\n<\/div>\n\n\n\n<div class=\"wp-block-column is-layout-flow wp-block-column-is-layout-flow\" style=\"flex-basis:66.66%\">\n<p><strong>\u00d6zelle\u015ftirilebilir Izgara, Eksen ve G\u00f6sterge Ayarlar\u0131<\/strong><\/p>\n\n\n\n<p>Matris d\u00fczenini kurumsal tercihlere ve \u00f6zel proje gereksinimlerine uyacak \u015fekilde uyarlay\u0131n. Okunabilirli\u011fi ve netli\u011fi optimize etmek i\u00e7in k\u0131lavuz \u00e7izgilerini, eksen etiketlerini ve g\u00f6sterge i\u015faretlerini ayarlay\u0131n.<\/p>\n<\/div>\n<\/div>\n\n\n\n<div class=\"wp-block-buttons is-layout-flex wp-block-buttons-is-layout-flex\">\n<div class=\"wp-block-button has-custom-font-size\" style=\"font-size:18px\"><a class=\"wp-block-button__link has-background wp-element-button\" href=\"https:\/\/www.leaplytics.de\/tr\/on-sayfa\/proje-yonetimi-ozel-gorseller-microsoft-powerbi\/power-bi-icin-risk-isi-haritasi-ozel-gorseli\/\" style=\"background-color:#22316d\">Power BI i\u00e7in \u00d6zel G\u00f6rsel 'Risk Matrisimize' ula\u015fmak i\u00e7in buraya t\u0131klay\u0131n!<\/a><\/div>\n<\/div>\n\n\n\n<figure class=\"wp-block-image size-full\"><img loading=\"lazy\" decoding=\"async\" width=\"152\" height=\"37\" src=\"https:\/\/www.leaplytics.de\/wp-content\/uploads\/2022\/05\/PBI-Certified.png\" alt=\"\" class=\"wp-image-8358\" srcset=\"https:\/\/www.leaplytics.de\/wp-content\/uploads\/2022\/05\/PBI-Certified.png 152w, https:\/\/www.leaplytics.de\/wp-content\/uploads\/2022\/05\/PBI-Certified-150x37.png 150w\" sizes=\"auto, (max-width: 152px) 100vw, 152px\" \/><\/figure>\n\n\n\n<p><\/p>\n\n\n\n<h3 class=\"wp-block-heading has-medium-font-size\"><strong>Rekabet Avantaj\u0131n\u0131n Kilidini A\u00e7mak<\/strong><\/h3>\n\n\n\n<p>\u0130\u015fletmeler, F\u0131rsat Matrisini kullanarak g\u00fcn\u00fcm\u00fcz pazar\u0131nda stratejik bir avantaj elde etmektedir. F\u0131rsatlar\u0131n proaktif olarak belirlenmesi ve y\u00f6netilmesi inovasyon, b\u00fcy\u00fcme ve s\u00fcrd\u00fcr\u00fclebilir avantaj sa\u011flar. Power BI'\u0131n F\u0131rsat Matrisi, i\u015fletmelerin sezgisel \u00f6zelliklerle f\u0131rsatlar\u0131 y\u00f6netmesine olanak tan\u0131r.<\/p>\n\n\n\n<h3 class=\"wp-block-heading has-medium-font-size\"><strong>Sonu\u00e7<\/strong><\/h3>\n\n\n\n<p>F\u0131rsat Matrisi stratejik karar verme i\u00e7in g\u00fc\u00e7l\u00fc bir ara\u00e7t\u0131r. S\u00fcrd\u00fcr\u00fclebilir rekabet avantaj\u0131 elde etmek i\u00e7in kurulu\u015flar\u0131 silahland\u0131r\u0131r. G\u00fc\u00e7l\u00fc \u00f6zellikleri ile kurulu\u015flar\u0131 rekabet\u00e7i bir pazarda ba\u015far\u0131l\u0131 olmalar\u0131 i\u00e7in donat\u0131r. Gizli potansiyeli ortaya \u00e7\u0131kararak b\u00fcy\u00fcme ve inovasyon i\u00e7in onu benimseyin.<\/p>","protected":false},"excerpt":{"rendered":"<p>Proje ve risk y\u00f6neticileri i\u00e7in f\u0131rsatlardan yararlanmak, riskleri azaltmak kadar \u00f6nemlidir. Risk Matrisi g\u00f6rselimizi Power BI i\u00e7in uyarlayarak bir F\u0131rsat Matrisine d\u00f6n\u00fc\u015ft\u00fcrebiliriz. Bu yakla\u015f\u0131m, rekabet avantaj\u0131 sa\u011flayan f\u0131rsatlar\u0131n belirlenmesini ve bunlardan yararlan\u0131lmas\u0131n\u0131 sa\u011flar. F\u0131rsat Y\u00f6netimi Neden \u00d6nemlidir F\u0131rsat y\u00f6netimi, rekabet avantaj\u0131 elde etmek isteyen i\u015fletmeler i\u00e7in ... <\/p>","protected":false},"author":55,"featured_media":13426,"parent":0,"menu_order":0,"comment_status":"closed","ping_status":"closed","template":"","meta":{"footnotes":""},"class_list":["post-13321","page","type-page","status-publish","has-post-thumbnail","hentry","latest_post"],"_links":{"self":[{"href":"https:\/\/www.leaplytics.de\/tr\/wp-json\/wp\/v2\/pages\/13321","targetHints":{"allow":["GET"]}}],"collection":[{"href":"https:\/\/www.leaplytics.de\/tr\/wp-json\/wp\/v2\/pages"}],"about":[{"href":"https:\/\/www.leaplytics.de\/tr\/wp-json\/wp\/v2\/types\/page"}],"author":[{"embeddable":true,"href":"https:\/\/www.leaplytics.de\/tr\/wp-json\/wp\/v2\/users\/55"}],"replies":[{"embeddable":true,"href":"https:\/\/www.leaplytics.de\/tr\/wp-json\/wp\/v2\/comments?post=13321"}],"version-history":[{"count":11,"href":"https:\/\/www.leaplytics.de\/tr\/wp-json\/wp\/v2\/pages\/13321\/revisions"}],"predecessor-version":[{"id":13424,"href":"https:\/\/www.leaplytics.de\/tr\/wp-json\/wp\/v2\/pages\/13321\/revisions\/13424"}],"wp:featuredmedia":[{"embeddable":true,"href":"https:\/\/www.leaplytics.de\/tr\/wp-json\/wp\/v2\/media\/13426"}],"wp:attachment":[{"href":"https:\/\/www.leaplytics.de\/tr\/wp-json\/wp\/v2\/media?parent=13321"}],"curies":[{"name":"wp","href":"https:\/\/api.w.org\/{rel}","templated":true}]}}