{"id":13482,"date":"2024-06-03T18:15:40","date_gmt":"2024-06-03T16:15:40","guid":{"rendered":"https:\/\/www.leaplytics.de\/?page_id=13482"},"modified":"2024-06-03T18:15:41","modified_gmt":"2024-06-03T16:15:41","slug":"ri%cc%87sk-yoneti%cc%87mi%cc%87-araclari-2024te-her-proje-yoneti%cc%87ci%cc%87si%cc%87ni%cc%87n-bi%cc%87lmesi%cc%87-gereken-i%cc%87lk-10-arac","status":"publish","type":"page","link":"https:\/\/www.leaplytics.de\/tr\/ri%cc%87sk-yoneti%cc%87mi%cc%87-araclari-2024te-her-proje-yoneti%cc%87ci%cc%87si%cc%87ni%cc%87n-bi%cc%87lmesi%cc%87-gereken-i%cc%87lk-10-arac\/","title":{"rendered":"Risk Y\u00f6netimi Ara\u00e7lar\u0131 - 2024'te Her Proje Y\u00f6neticisinin Bilmesi Gereken \u0130lk 10 Ara\u00e7"},"content":{"rendered":"<p>Beklenmedik sorunlar veya riskler, en iyi planlanm\u0131\u015f proje planlar\u0131n\u0131 bile \u00e7o\u011fu zaman raydan \u00e7\u0131karabilir. Bu nedenle etkili risk y\u00f6netimi her proje y\u00f6neticisi i\u00e7in \u00e7ok \u00f6nemlidir. Do\u011fru ara\u00e7 ve tekniklerle riskleri erkenden belirleyebilir, de\u011ferlendirebilir ve azaltabilirsiniz. \u0130\u015fte her proje y\u00f6neticisinin bilmesi gereken en iyi 10 risk y\u00f6netimi arac\u0131 ve tekni\u011fi:<\/p>\n\n\n\n<div class=\"wp-block-columns is-layout-flex wp-container-core-columns-is-layout-1 wp-block-columns-is-layout-flex\">\n<div class=\"wp-block-column is-vertically-aligned-center is-layout-flow wp-block-column-is-layout-flow\" style=\"flex-basis:150px\"><div class=\"wp-block-image wp-duotone-rgb949494-ffffff-1\">\n<figure class=\"aligncenter size-full is-resized\"><img loading=\"lazy\" decoding=\"async\" width=\"640\" height=\"427\" src=\"https:\/\/www.leaplytics.de\/wp-content\/uploads\/2024\/05\/excel-logo-8033473_640.webp\" alt=\"\" class=\"wp-image-13483\" style=\"width:170px\" srcset=\"https:\/\/www.leaplytics.de\/wp-content\/uploads\/2024\/05\/excel-logo-8033473_640.webp 640w, https:\/\/www.leaplytics.de\/wp-content\/uploads\/2024\/05\/excel-logo-8033473_640-300x200.webp 300w, https:\/\/www.leaplytics.de\/wp-content\/uploads\/2024\/05\/excel-logo-8033473_640-90x60.webp 90w\" sizes=\"auto, (max-width: 640px) 100vw, 640px\" \/><\/figure><\/div><\/div>\n\n\n\n<div class=\"wp-block-column is-layout-flow wp-block-column-is-layout-flow\" style=\"flex-basis:66.66%\">\n<p><strong>Microsoft Excel<\/strong><\/p>\n\n\n\n<p>Microsoft Excel, risk y\u00f6netimi i\u00e7in temel bir ara\u00e7t\u0131r. Kullan\u0131c\u0131 dostudur ve yayg\u0131n olarak eri\u015filebilir. Excel, proje y\u00f6neticilerinin potansiyel risklerin ayr\u0131nt\u0131l\u0131 listelerini olu\u015fturmas\u0131na ve proje ya\u015fam d\u00f6ng\u00fcs\u00fc boyunca durumlar\u0131n\u0131 takip etmesine olanak tan\u0131r. \u00d6rne\u011fin, bir proje i\u00e7in olas\u0131 t\u00fcm riskleri listelemek ve her birini ele almak i\u00e7in stratejiler belirlemek i\u00e7in Excel'i kullanabilirsiniz. Excel, di\u011fer g\u00fc\u00e7l\u00fc ara\u00e7larla birlikte \u00e7al\u0131\u015ft\u0131\u011f\u0131nda ger\u00e7ek potansiyelini ortaya \u00e7\u0131kar\u0131r.<\/p>\n<\/div>\n<\/div>\n\n\n\n<div class=\"wp-block-columns is-layout-flex wp-container-core-columns-is-layout-2 wp-block-columns-is-layout-flex\">\n<div class=\"wp-block-column is-vertically-aligned-center is-layout-flow wp-block-column-is-layout-flow\" style=\"flex-basis:150px\"><div class=\"wp-block-image wp-duotone-grayscale\">\n<figure class=\"aligncenter size-full is-resized\"><img loading=\"lazy\" decoding=\"async\" width=\"225\" height=\"300\" src=\"https:\/\/www.leaplytics.de\/wp-content\/uploads\/2024\/05\/power-bi-icon-logo-E1B451ED39-seeklogo.com_.png\" alt=\"\" class=\"wp-image-13484\" style=\"width:76px;height:auto\" srcset=\"https:\/\/www.leaplytics.de\/wp-content\/uploads\/2024\/05\/power-bi-icon-logo-E1B451ED39-seeklogo.com_.png 225w, https:\/\/www.leaplytics.de\/wp-content\/uploads\/2024\/05\/power-bi-icon-logo-E1B451ED39-seeklogo.com_-45x60.png 45w\" sizes=\"auto, (max-width: 225px) 100vw, 225px\" \/><\/figure><\/div><\/div>\n\n\n\n<div class=\"wp-block-column is-layout-flow wp-block-column-is-layout-flow\" style=\"flex-basis:66.66%\">\n<p><strong>Microsoft Power BI<\/strong><\/p>\n\n\n\n<p>Power BI, karma\u015f\u0131k verileri ayd\u0131nlat\u0131c\u0131 g\u00f6rsellere d\u00f6n\u00fc\u015ft\u00fcren g\u00fc\u00e7l\u00fc bir veri g\u00f6rselle\u015ftirme arac\u0131d\u0131r. Excel ve Power BI m\u00fckemmel bir uyum i\u00e7indedir. Excel verilerinizi depolaman\u0131za ve y\u00f6netmenize yard\u0131mc\u0131 olurken Power BI etkile\u015fimli raporlama g\u00f6rselleriyle destek verir. Bu t\u00fcr etkile\u015fimli g\u00f6sterge panolar\u0131 risklerinizi ve etkilerinizi vurgular. En son projenizin risklerini g\u00f6stermek i\u00e7in renkli grafikler kulland\u0131\u011f\u0131n\u0131z\u0131 ve b\u00f6ylece herkesin anlamas\u0131n\u0131 ve harekete ge\u00e7mesini kolayla\u015ft\u0131rd\u0131\u011f\u0131n\u0131z\u0131 hayal edin.<\/p>\n<\/div>\n<\/div>\n\n\n\n<div class=\"wp-block-columns is-layout-flex wp-container-core-columns-is-layout-3 wp-block-columns-is-layout-flex\">\n<div class=\"wp-block-column is-vertically-aligned-center is-layout-flow wp-block-column-is-layout-flow\" style=\"flex-basis:150px\"><div class=\"wp-block-image wp-duotone-858585-ffffff-2\">\n<figure class=\"aligncenter size-full is-resized\"><img loading=\"lazy\" decoding=\"async\" width=\"96\" height=\"96\" src=\"https:\/\/www.leaplytics.de\/wp-content\/uploads\/2024\/05\/Bild1.svg_.jpg\" alt=\"\" class=\"wp-image-13485\" style=\"width:120px\" srcset=\"https:\/\/www.leaplytics.de\/wp-content\/uploads\/2024\/05\/Bild1.svg_.jpg 96w, https:\/\/www.leaplytics.de\/wp-content\/uploads\/2024\/05\/Bild1.svg_-60x60.jpg 60w\" sizes=\"auto, (max-width: 96px) 100vw, 96px\" \/><\/figure><\/div><\/div>\n\n\n\n<div class=\"wp-block-column is-layout-flow wp-block-column-is-layout-flow\" style=\"flex-basis:66.66%\">\n<p><strong>Risk Kayd\u0131<\/strong><\/p>\n\n\n\n<p>Risk kayd\u0131, risk y\u00f6netiminde hayati bir belgedir. Proje y\u00f6neticilerinin belirlenen t\u00fcm riskleri tek bir yerde tutmas\u0131na yard\u0131mc\u0131 olur. Bunu, olas\u0131 her sorunu ve ilgili hafifletme stratejilerini belgeledi\u011finiz kapsaml\u0131 bir not defteri olarak d\u00fc\u015f\u00fcn\u00fcn. Bu, risklerin g\u00f6z ard\u0131 edilmemesini ve s\u00fcrekli izlenmesini sa\u011flar.<\/p>\n<\/div>\n<\/div>\n\n\n\n<div class=\"wp-block-columns is-layout-flex wp-container-core-columns-is-layout-4 wp-block-columns-is-layout-flex\">\n<div class=\"wp-block-column is-vertically-aligned-center is-layout-flow wp-block-column-is-layout-flow\" style=\"flex-basis:150px\"><div class=\"wp-block-image wp-duotone-unset-3\">\n<figure class=\"aligncenter size-full is-resized\"><img loading=\"lazy\" decoding=\"async\" width=\"1827\" height=\"1816\" src=\"https:\/\/www.leaplytics.de\/wp-content\/uploads\/2022\/06\/Axis-Settings.png\" alt=\"\" class=\"wp-image-8460\" style=\"width:110px\" srcset=\"https:\/\/www.leaplytics.de\/wp-content\/uploads\/2022\/06\/Axis-Settings.png 1827w, https:\/\/www.leaplytics.de\/wp-content\/uploads\/2022\/06\/Axis-Settings-300x298.png 300w, https:\/\/www.leaplytics.de\/wp-content\/uploads\/2022\/06\/Axis-Settings-1024x1018.png 1024w, https:\/\/www.leaplytics.de\/wp-content\/uploads\/2022\/06\/Axis-Settings-150x150.png 150w, https:\/\/www.leaplytics.de\/wp-content\/uploads\/2022\/06\/Axis-Settings-768x763.png 768w, https:\/\/www.leaplytics.de\/wp-content\/uploads\/2022\/06\/Axis-Settings-1536x1527.png 1536w, https:\/\/www.leaplytics.de\/wp-content\/uploads\/2022\/06\/Axis-Settings-60x60.png 60w\" sizes=\"auto, (max-width: 1827px) 100vw, 1827px\" \/><\/figure><\/div><\/div>\n\n\n\n<div class=\"wp-block-column is-layout-flow wp-block-column-is-layout-flow\" style=\"flex-basis:66.66%\">\n<p><strong>Risk Matrisi<\/strong><\/p>\n\n\n\n<p>Risk Matrisi, proje y\u00f6neticilerinin riskleri olas\u0131l\u0131klar\u0131 ve etkilerine g\u00f6re \u00f6nceliklendirmelerine yard\u0131mc\u0131 olan g\u00f6rsel bir ara\u00e7t\u0131r. Riskleri bir matris \u00fczerinde \u00e7izerek, hangilerinin acil dikkat gerektirdi\u011fini h\u0131zl\u0131 bir \u015fekilde g\u00f6rebilirsiniz. Risk Matrisi, her risk y\u00f6neticisinin Power BI panosunun bir par\u00e7as\u0131 olmas\u0131 gereken g\u00f6rsellerden sadece biridir.<\/p>\n<\/div>\n<\/div>\n\n\n\n<div class=\"wp-block-columns is-layout-flex wp-container-core-columns-is-layout-5 wp-block-columns-is-layout-flex\">\n<div class=\"wp-block-column is-vertically-aligned-center is-layout-flow wp-block-column-is-layout-flow\" style=\"flex-basis:150px\"><div class=\"wp-block-image wp-duotone-858585-ffffff-4\">\n<figure class=\"aligncenter size-full is-resized\"><img loading=\"lazy\" decoding=\"async\" width=\"500\" height=\"500\" src=\"https:\/\/www.leaplytics.de\/wp-content\/uploads\/2024\/05\/kisspng-computer-icons-normal-distribution-probability-dis-5adcdc96034e34.1804701715244238300136-removebg-preview.png\" alt=\"\" class=\"wp-image-13487\" style=\"width:110px\" srcset=\"https:\/\/www.leaplytics.de\/wp-content\/uploads\/2024\/05\/kisspng-computer-icons-normal-distribution-probability-dis-5adcdc96034e34.1804701715244238300136-removebg-preview.png 500w, https:\/\/www.leaplytics.de\/wp-content\/uploads\/2024\/05\/kisspng-computer-icons-normal-distribution-probability-dis-5adcdc96034e34.1804701715244238300136-removebg-preview-300x300.png 300w, https:\/\/www.leaplytics.de\/wp-content\/uploads\/2024\/05\/kisspng-computer-icons-normal-distribution-probability-dis-5adcdc96034e34.1804701715244238300136-removebg-preview-150x150.png 150w, https:\/\/www.leaplytics.de\/wp-content\/uploads\/2024\/05\/kisspng-computer-icons-normal-distribution-probability-dis-5adcdc96034e34.1804701715244238300136-removebg-preview-370x370.png 370w, https:\/\/www.leaplytics.de\/wp-content\/uploads\/2024\/05\/kisspng-computer-icons-normal-distribution-probability-dis-5adcdc96034e34.1804701715244238300136-removebg-preview-60x60.png 60w\" sizes=\"auto, (max-width: 500px) 100vw, 500px\" \/><\/figure><\/div><\/div>\n\n\n\n<div class=\"wp-block-column is-layout-flow wp-block-column-is-layout-flow\" style=\"flex-basis:66.66%\">\n<p><strong>Monte Carlo Sim\u00fclasyonu<\/strong><\/p>\n\n\n\n<p>Monte Carlo Sim\u00fclasyonu, risklerin etkisini tahmin etmek i\u00e7in istatistiksel y\u00f6ntemler kullanan daha geli\u015fmi\u015f bir ara\u00e7t\u0131r. En yayg\u0131n sonu\u00e7lar\u0131 g\u00f6rmek i\u00e7in bir\u00e7ok kez zar atmak gibidir. Bu ara\u00e7, olas\u0131 sorunlar\u0131 \u00f6ng\u00f6rmenize ve buna g\u00f6re plan yapman\u0131za yard\u0131mc\u0131 olur. Monte Carlo Sim\u00fclasyonu \u00f6zellikle birden fazla de\u011fi\u015fkeni olan karma\u015f\u0131k projeler i\u00e7in kullan\u0131\u015fl\u0131d\u0131r. Microsoft Excel, Monte Carlo Sim\u00fclasyonunu uygulamak i\u00e7in kullanabilece\u011finiz bir ara\u00e7t\u0131r.<\/p>\n<\/div>\n<\/div>\n\n\n\n<div class=\"wp-block-columns is-layout-flex wp-container-core-columns-is-layout-6 wp-block-columns-is-layout-flex\">\n<div class=\"wp-block-column is-vertically-aligned-center is-layout-flow wp-block-column-is-layout-flow\" style=\"flex-basis:150px\"><div class=\"wp-block-image wp-duotone-858585-ffffff-5\">\n<figure class=\"aligncenter size-full is-resized\"><img loading=\"lazy\" decoding=\"async\" width=\"256\" height=\"256\" src=\"https:\/\/www.leaplytics.de\/wp-content\/uploads\/2024\/05\/pedigree-1-337562-removebg-preview.png\" alt=\"\" class=\"wp-image-13495\" style=\"width:110px\" srcset=\"https:\/\/www.leaplytics.de\/wp-content\/uploads\/2024\/05\/pedigree-1-337562-removebg-preview.png 256w, https:\/\/www.leaplytics.de\/wp-content\/uploads\/2024\/05\/pedigree-1-337562-removebg-preview-150x150.png 150w, https:\/\/www.leaplytics.de\/wp-content\/uploads\/2024\/05\/pedigree-1-337562-removebg-preview-60x60.png 60w\" sizes=\"auto, (max-width: 256px) 100vw, 256px\" \/><\/figure><\/div><\/div>\n\n\n\n<div class=\"wp-block-column is-layout-flow wp-block-column-is-layout-flow\" style=\"flex-basis:66.66%\">\n<p><strong>PERT (Program De\u011ferlendirme G\u00f6zden Ge\u00e7irme Tekni\u011fi)<\/strong><\/p>\n\n\n\n<p>PERT, proje y\u00f6neticilerinin zaman ve risklerin proje programlar\u0131n\u0131 nas\u0131l etkileyebilece\u011fini anlamalar\u0131na yard\u0131mc\u0131 olan bir tekniktir. PERT, bir projedeki t\u00fcm ad\u0131mlar\u0131 ve g\u00f6revleri haritaland\u0131rarak ve olas\u0131 gecikmeleri analiz ederek, proje zaman \u00e7izelgesinin daha net bir resmini sa\u011flar. \u00d6rne\u011fin, proje risklerini ve bunlar\u0131n her bir g\u00f6rev s\u00fcresi \u00fczerindeki etkisini analiz etmek, proje gecikmelerini en aza indirmenize yard\u0131mc\u0131 olabilir.<\/p>\n<\/div>\n<\/div>\n\n\n\n<div class=\"wp-block-columns is-layout-flex wp-container-core-columns-is-layout-7 wp-block-columns-is-layout-flex\">\n<div class=\"wp-block-column is-vertically-aligned-center is-layout-flow wp-block-column-is-layout-flow\" style=\"flex-basis:150px\"><div class=\"wp-block-image wp-duotone-858585-ffffff-6\">\n<figure class=\"aligncenter size-full is-resized\"><img loading=\"lazy\" decoding=\"async\" width=\"512\" height=\"512\" src=\"https:\/\/www.leaplytics.de\/wp-content\/uploads\/2024\/05\/4940750.png\" alt=\"\" class=\"wp-image-13489\" style=\"width:110px\" srcset=\"https:\/\/www.leaplytics.de\/wp-content\/uploads\/2024\/05\/4940750.png 512w, https:\/\/www.leaplytics.de\/wp-content\/uploads\/2024\/05\/4940750-300x300.png 300w, https:\/\/www.leaplytics.de\/wp-content\/uploads\/2024\/05\/4940750-150x150.png 150w, https:\/\/www.leaplytics.de\/wp-content\/uploads\/2024\/05\/4940750-370x370.png 370w, https:\/\/www.leaplytics.de\/wp-content\/uploads\/2024\/05\/4940750-60x60.png 60w\" sizes=\"auto, (max-width: 512px) 100vw, 512px\" \/><\/figure><\/div><\/div>\n\n\n\n<div class=\"wp-block-column is-layout-flow wp-block-column-is-layout-flow\" style=\"flex-basis:66.66%\">\n<p><strong>SWOT Analizi<\/strong><\/p>\n\n\n\n<p>SWOT Analizi, g\u00fc\u00e7l\u00fc y\u00f6nleri, zay\u0131f y\u00f6nleri, f\u0131rsatlar\u0131 ve tehditleri inceleyen stratejik bir planlama arac\u0131d\u0131r. Bu b\u00fct\u00fcnsel bak\u0131\u015f, proje y\u00f6neticilerinin projeyi etkileyebilecek hem i\u00e7 hem de d\u0131\u015f fakt\u00f6rleri anlamalar\u0131na yard\u0131mc\u0131 olur. Daha iyi kararlar almak i\u00e7in i\u015f ortam\u0131n\u0131z\u0131 taramak gibidir.<\/p>\n<\/div>\n<\/div>\n\n\n\n<div class=\"wp-block-columns is-layout-flex wp-container-core-columns-is-layout-8 wp-block-columns-is-layout-flex\">\n<div class=\"wp-block-column is-vertically-aligned-center is-layout-flow wp-block-column-is-layout-flow\" style=\"flex-basis:150px\"><div class=\"wp-block-image wp-duotone-858585-ffffff-7\">\n<figure class=\"aligncenter size-full is-resized\"><img loading=\"lazy\" decoding=\"async\" width=\"512\" height=\"512\" src=\"https:\/\/www.leaplytics.de\/wp-content\/uploads\/2024\/05\/bow_tie_icon_126607.png\" alt=\"\" class=\"wp-image-13490\" style=\"width:110px\" srcset=\"https:\/\/www.leaplytics.de\/wp-content\/uploads\/2024\/05\/bow_tie_icon_126607.png 512w, https:\/\/www.leaplytics.de\/wp-content\/uploads\/2024\/05\/bow_tie_icon_126607-300x300.png 300w, https:\/\/www.leaplytics.de\/wp-content\/uploads\/2024\/05\/bow_tie_icon_126607-150x150.png 150w, https:\/\/www.leaplytics.de\/wp-content\/uploads\/2024\/05\/bow_tie_icon_126607-370x370.png 370w, https:\/\/www.leaplytics.de\/wp-content\/uploads\/2024\/05\/bow_tie_icon_126607-60x60.png 60w\" sizes=\"auto, (max-width: 512px) 100vw, 512px\" \/><\/figure><\/div><\/div>\n\n\n\n<div class=\"wp-block-column is-layout-flow wp-block-column-is-layout-flow\" style=\"flex-basis:66.66%\">\n<p><strong>Papyon Diyagram\u0131<\/strong><\/p>\n\n\n\n<p>Papyon Diyagram\u0131, risklerin nas\u0131l ger\u00e7ekle\u015fti\u011fini ve etkilerini g\u00f6steren g\u00f6rsel bir ara\u00e7t\u0131r. Risklerin nedenlerini ve bunlar\u0131 nas\u0131l \u00f6nleyece\u011finizi anlaman\u0131za yard\u0131mc\u0131 olur. Power BI panonuza bir Bowtie Grafi\u011fi eklemek, risk portf\u00f6y\u00fcn\u00fcz\u00fcn alt\u0131nda yatan g\u00fc\u00e7leri anlaman\u0131za yard\u0131mc\u0131 olur.<\/p>\n<\/div>\n<\/div>\n\n\n\n<div class=\"wp-block-columns is-layout-flex wp-container-core-columns-is-layout-9 wp-block-columns-is-layout-flex\">\n<div class=\"wp-block-column is-vertically-aligned-center is-layout-flow wp-block-column-is-layout-flow\" style=\"flex-basis:150px\"><div class=\"wp-block-image wp-duotone-858585-ffffff-8\">\n<figure class=\"aligncenter size-full is-resized\"><img loading=\"lazy\" decoding=\"async\" width=\"200\" height=\"200\" src=\"https:\/\/www.leaplytics.de\/wp-content\/uploads\/2024\/05\/3732359-200.png\" alt=\"\" class=\"wp-image-13491\" style=\"width:110px\" srcset=\"https:\/\/www.leaplytics.de\/wp-content\/uploads\/2024\/05\/3732359-200.png 200w, https:\/\/www.leaplytics.de\/wp-content\/uploads\/2024\/05\/3732359-200-150x150.png 150w, https:\/\/www.leaplytics.de\/wp-content\/uploads\/2024\/05\/3732359-200-60x60.png 60w\" sizes=\"auto, (max-width: 200px) 100vw, 200px\" \/><\/figure><\/div><\/div>\n\n\n\n<div class=\"wp-block-column is-layout-flow wp-block-column-is-layout-flow\" style=\"flex-basis:66.66%\">\n<p><strong>Risk Da\u011f\u0131l\u0131m Yap\u0131s\u0131 (RBS)<\/strong><\/p>\n\n\n\n<p>RBS, riskleri farkl\u0131 gruplar halinde kategorize eden hiyerar\u015fik bir \u00e7er\u00e7evedir. Bu organizasyonel ara\u00e7, proje y\u00f6neticilerinin riskleri sistematik olarak tan\u0131mlamas\u0131na ve y\u00f6netmesine yard\u0131mc\u0131 olur. \u00d6rne\u011fin, riskleri kaynaklar\u0131na veya etki alanlar\u0131na g\u00f6re kategorize edebilirsiniz.<\/p>\n<\/div>\n<\/div>\n\n\n\n<div class=\"wp-block-columns is-layout-flex wp-container-core-columns-is-layout-10 wp-block-columns-is-layout-flex\">\n<div class=\"wp-block-column is-vertically-aligned-center is-layout-flow wp-block-column-is-layout-flow\" style=\"flex-basis:150px\"><div class=\"wp-block-image wp-duotone-858585-ffffff-9\">\n<figure class=\"aligncenter size-full is-resized\"><img loading=\"lazy\" decoding=\"async\" width=\"513\" height=\"486\" src=\"https:\/\/www.leaplytics.de\/wp-content\/uploads\/2024\/05\/6272532-middle-removebg-preview.png\" alt=\"\" class=\"wp-image-13493\" style=\"width:110px\" srcset=\"https:\/\/www.leaplytics.de\/wp-content\/uploads\/2024\/05\/6272532-middle-removebg-preview.png 513w, https:\/\/www.leaplytics.de\/wp-content\/uploads\/2024\/05\/6272532-middle-removebg-preview-300x284.png 300w, https:\/\/www.leaplytics.de\/wp-content\/uploads\/2024\/05\/6272532-middle-removebg-preview-63x60.png 63w\" sizes=\"auto, (max-width: 513px) 100vw, 513px\" \/><\/figure><\/div><\/div>\n\n\n\n<div class=\"wp-block-column is-layout-flow wp-block-column-is-layout-flow\" style=\"flex-basis:66.66%\">\n<p><strong>Senaryo Analizi<\/strong><\/p>\n\n\n\n<p>Senaryo Analizi, proje y\u00f6neticilerinin \u00e7e\u015fitli potansiyel durumlar i\u00e7in planlama yapmas\u0131na yard\u0131mc\u0131 olur. Farkl\u0131 senaryolar \u00fczerinde d\u00fc\u015f\u00fcnerek, bunlar\u0131 ele almak i\u00e7in stratejiler geli\u015ftirebilirsiniz. Senaryolarla planlama yapmak, yaln\u0131zca ortalama sonu\u00e7lar\u0131n de\u011fil, ayn\u0131 zamanda u\u00e7 sonu\u00e7lar\u0131n da fark\u0131nda olman\u0131z\u0131 sa\u011flar.<\/p>\n<\/div>\n<\/div>\n\n\n\n<h3 class=\"wp-block-heading has-medium-font-size\">Anahtar \u00e7\u0131kar\u0131m<\/h3>\n\n\n\n<p>Bu en g\u00fc\u00e7l\u00fc 10 ara\u00e7, proje y\u00f6neticilerinin riskleri daha iyi g\u00f6rmesine ve ele almas\u0131na yard\u0131mc\u0131 olur. Projelerin sorunsuz bir \u015fekilde y\u00fcr\u00fct\u00fclmesini ve iyi bir \u015fekilde tamamlanmas\u0131n\u0131 sa\u011flarlar. Bu ara\u00e7lar\u0131 kullanarak sorunlar\u0131 erkenden tespit edebilir ve b\u00fcy\u00fcmeden d\u00fczeltebilirsiniz. Bu \u015fekilde, projeleriniz yolunda kal\u0131r.<\/p>","protected":false},"excerpt":{"rendered":"<p>Unexpected problems, or risks, can often derail even the best-laid project plans. This is why effective risk management is crucial for every project manager. With the right tools and techniques, you can identify, assess, and mitigate risks early. Here are the top 10 risk management tools and techniques every project manager should know about: Microsoft &hellip; <\/p>","protected":false},"author":55,"featured_media":0,"parent":0,"menu_order":0,"comment_status":"closed","ping_status":"closed","template":"","meta":{"footnotes":""},"class_list":["post-13482","page","type-page","status-publish","hentry","latest_post"],"_links":{"self":[{"href":"https:\/\/www.leaplytics.de\/tr\/wp-json\/wp\/v2\/pages\/13482","targetHints":{"allow":["GET"]}}],"collection":[{"href":"https:\/\/www.leaplytics.de\/tr\/wp-json\/wp\/v2\/pages"}],"about":[{"href":"https:\/\/www.leaplytics.de\/tr\/wp-json\/wp\/v2\/types\/page"}],"author":[{"embeddable":true,"href":"https:\/\/www.leaplytics.de\/tr\/wp-json\/wp\/v2\/users\/55"}],"replies":[{"embeddable":true,"href":"https:\/\/www.leaplytics.de\/tr\/wp-json\/wp\/v2\/comments?post=13482"}],"version-history":[{"count":4,"href":"https:\/\/www.leaplytics.de\/tr\/wp-json\/wp\/v2\/pages\/13482\/revisions"}],"predecessor-version":[{"id":13499,"href":"https:\/\/www.leaplytics.de\/tr\/wp-json\/wp\/v2\/pages\/13482\/revisions\/13499"}],"wp:attachment":[{"href":"https:\/\/www.leaplytics.de\/tr\/wp-json\/wp\/v2\/media?parent=13482"}],"curies":[{"name":"wp","href":"https:\/\/api.w.org\/{rel}","templated":true}]}}