{"id":13717,"date":"2025-05-12T15:34:59","date_gmt":"2025-05-12T13:34:59","guid":{"rendered":"https:\/\/www.leaplytics.de\/?page_id=13717"},"modified":"2025-05-12T15:35:01","modified_gmt":"2025-05-12T13:35:01","slug":"referanslar","status":"publish","type":"page","link":"https:\/\/www.leaplytics.de\/tr\/referanslar\/","title":{"rendered":"G\u00f6r\u00fc\u015fler"},"content":{"rendered":"<p><em>&#8220;<strong>Power BI'da LeapLytics Risk Matrisi \/ Is\u0131 Haritas\u0131 g\u00f6rselini bir y\u0131l\u0131 a\u015fk\u0131n s\u00fcredir kullan\u0131yoruz.<\/strong><br>Ekibimiz i\u00e7in vazge\u00e7ilmez bir ara\u00e7 haline geldi. Sezgisel tasar\u0131m\u0131 ve \u00f6zelle\u015ftirilebilir \u00f6zellikleri, riskleri etkili bir \u015fekilde g\u00f6rselle\u015ftirmemize ve \u00f6nceliklendirmemize olanak tan\u0131yarak en kritik alanlara odaklanmam\u0131z\u0131 sa\u011fl\u0131yor. Matrisi \u00f6zel ihtiya\u00e7lar\u0131m\u0131za g\u00f6re uyarlama yetene\u011fi, risk de\u011ferlendirme s\u00fcre\u00e7lerimizi \u00f6nemli \u00f6l\u00e7\u00fcde geli\u015ftirdi. Bu eklentiyi Power BI i\u00e7inde risk y\u00f6netimi yeteneklerini geli\u015ftirmek isteyen t\u00fcm ekiplere \u015fiddetle tavsiye ediyorum.\"<\/em> (Anonim)<\/p>\n\n\n\n<p><em>&#8220;<strong>Oyun De\u011fi\u015ftirici<\/strong> - Bu uygulama y\u00fczlerce geli\u015ftirme saatinden, sorun giderme saatlerinden ve s\u0131f\u0131rdan bir uygulama olu\u015fturman\u0131n beraberinde getirdi\u011fi di\u011fer t\u00fcm ba\u015f a\u011fr\u0131lar\u0131ndan tasarruf sa\u011flad\u0131. Bu uygulamay\u0131 olu\u015fturdu\u011fumuz bir uygulamaya eklemek \u00e7ok kolayd\u0131 ve ayr\u0131ca g\u00f6rsel olarak \u00e7ekici ve kullan\u0131m\u0131 kolay. Geli\u015ftirme saatlerinden ve zamandan tasarruf ederek zaten sava\u015fta test edilmi\u015f bir \u015fey almak isteyen herkese \u015fiddetle tavsiye ederim!\"<\/em> (Anonim)<\/p>\n\n\n\n<p><em>\"Power BI platformundaki Risk Matrisi g\u00f6rseli, Risk Matrisi i\u00e7in bir ara\u00e7 olarak kullan\u0131ld\u0131. <strong>strateji\u0307k ara\u00e7<\/strong> Kritik bak\u0131m faaliyetlerini y\u00f6netmek i\u00e7in, her bir varl\u0131kla ili\u015fkili risklerin h\u0131zl\u0131 ve etkili bir \u015fekilde g\u00f6rselle\u015ftirilmesini sa\u011flar. Matris, varl\u0131\u011f\u0131n kritikli\u011fini etki d\u00fczeyine ve ar\u0131za olas\u0131l\u0131\u011f\u0131na g\u00f6re g\u00f6rsel olarak haritaland\u0131rarak d\u00fczeltici ve \u00f6nleyici faaliyetlerin \u00f6nceliklendirilmesini do\u011frudan destekler. <br>Bu \u00f6zellik, \u00f6zellikle kapatmalar veya acil durum m\u00fcdahaleleri gibi karma\u015f\u0131k senaryolarda kaynaklar\u0131n, ekiplerin ve teslim tarihlerinin daha iddial\u0131 bir \u015fekilde y\u00f6netilmesine katk\u0131da bulunarak operasyonel a\u00e7\u0131dan en y\u00fcksek \u00f6neme sahip bak\u0131m \u00f6\u011felerinin belirlenmesine yard\u0131mc\u0131 olur. Buna ek olarak, interaktif ve \u00f6zelle\u015ftirilebilir aray\u00fcz\u00fc ger\u00e7ek zamanl\u0131 g\u00fcncellemelere ve sim\u00fclasyonlara izin vererek karar verme s\u00fcrecini daha h\u0131zl\u0131 ve daha veri odakl\u0131 hale getirir.<br>Bu g\u00f6rselin kullan\u0131m\u0131 ayn\u0131 zamanda risk tabanl\u0131 bak\u0131m y\u00f6neti\u015fimini g\u00fc\u00e7lendirerek teknik \u00e7abalar\u0131 kurulu\u015fun varl\u0131k g\u00fcvenilirli\u011fi ve kullan\u0131labilirli\u011fine y\u00f6nelik stratejik hedefleriyle uyumlu hale getirir.\"<\/em> (CENIBRA)<\/p>\n\n\n\n<p><em>&#8220;<strong>Fantastik G\u00f6rsel<\/strong> - Bu g\u00f6rseli birden fazla rapor i\u00e7in deniyorum ve kullan\u0131m\u0131 \u00e7ok kolay ama bir o kadar da g\u00fc\u00e7l\u00fc. Bu matristeki risklerin g\u00f6rsel temsili, dikkatimi y\u00fcksek etkili olarak i\u015faretlenen b\u00f6l\u00fcmlere y\u00f6nlendirebildi\u011fim i\u00e7in bana say\u0131s\u0131z saat kazand\u0131rd\u0131. Leaplytics ayr\u0131ca e-posta ba\u015f\u0131na \u00e7ok duyarl\u0131. Leaplytics'in bu eklentisini \u015fiddetle tavsiye ediyorum.\"<\/em> (Anonim)<\/p>\n\n\n\n<p><em>&#8220;<strong>Eskiden \u0131s\u0131 haritalar\u0131n\u0131 severdim, \u015fimdi bay\u0131l\u0131yorum<\/strong> - Bir \u0131s\u0131 haritas\u0131 olu\u015fturmaya \u00e7al\u0131\u015f\u0131rken s\u0131k s\u0131k sorun ya\u015f\u0131yordum. Bunun g\u00fc\u00e7l\u00fc bir hikaye anlatma g\u00fcc\u00fc var ve kullan\u0131m\u0131 ger\u00e7ekten \u00e7ok kolay.\"<\/em> (Raphael de Taranto)<\/p>\n\n\n\n<p><em>&#8220;<strong>M\u00fckemmel uygulama<\/strong> - Risklerle \u00e7al\u0131\u015f\u0131yorsan\u0131z bu, sahip olunmas\u0131 gereken bir uygulama. Kurulumu kolay ve ihtiya\u00e7lar\u0131n\u0131za uyacak \u015fekilde son derece yap\u0131land\u0131r\u0131labilir.\"<\/em> (Roy Varghese)<\/p>\n\n\n\n<p><em>&#8220;<strong>Risk raporlamas\u0131 i\u00e7in harika g\u00f6sterge paneli<\/strong> - G\u00f6sterge tablosu riskler i\u00e7in m\u00fckemmel bir g\u00f6rsel sunuyor ve bunu bir\u00e7ok kurumsal risk raporlama g\u00f6sterge tablosuna dahil ettik. LeapLytics, nokta noktalar\u0131n\u0131 renk kodlama yetene\u011fi de dahil olmak \u00fczere g\u00f6sterge tablosunun \u00f6zelliklerini geli\u015ftirmeye devam ediyor. Power BI g\u00f6sterge tablolar\u0131n\u0131 iyile\u015ftirmek i\u00e7in bu risk \u0131s\u0131 haritas\u0131 uygulamas\u0131 eklentisini \u015fiddetle tavsiye ederim. Sorulara yan\u0131t verme ve destek de bir art\u0131.\"<\/em> (Becky Sterrett)<\/p>\n\n\n\n<p><em>&#8220;<strong>Harika risk \u0131s\u0131 haritas\u0131<\/strong> - Risk \u0131s\u0131 haritas\u0131 arac\u0131, kurumsal riskleri ve risk seviyelerini payda\u015flara iletmek i\u00e7in \u00e7ok faydal\u0131 oldu. Kullan\u0131m\u0131 kolay ve iyi bir g\u00f6rsel.\"<\/em> (Anonim)<\/p>\n\n\n\n<p class=\"has-text-align-left\"><em>&#8220;<strong>Bu ara\u00e7 kullan\u0131c\u0131 dostudur<\/strong> ve risk puanlar\u0131n\u0131 a\u00e7\u0131k, kolay anla\u015f\u0131l\u0131r bir formatta etkili bir \u015fekilde sunar.\"<\/em> (Scott Nicol)<\/p>\n\n\n\n<p><em>&#8220;<strong>Harika bir ara\u00e7<\/strong> - Bu ara\u00e7, risk puanlama s\u00fcrecimizi kolayla\u015ft\u0131rmaya y\u00f6nelik s\u00fcrekli \u00e7abalar\u0131m\u0131zda etkili oldu. Risk profilini h\u0131zl\u0131 bir \u015fekilde de\u011ferlendirmek i\u00e7in harika bir g\u00f6rsel sa\u011fl\u0131yor.\"<\/em> (Anonim)<\/p>\n\n\n\n<p><em>&#8220;<strong>Risk Matrisi<\/strong> - Bu arac\u0131 bulmaktan ve Risk Y\u00f6netimi \/ raporlama perspektifinden nas\u0131l \u00e7al\u0131\u015ft\u0131\u011f\u0131n\u0131 g\u00f6rmekten ger\u00e7ekten \u00e7ok mutlu oldum - kilit \/ y\u00fcksek risklere odaklanarak risk kay\u0131tlar\u0131n\u0131 g\u00f6rselle\u015ftirmenin ve g\u00f6zden ge\u00e7irmenin harika bir yolu. Ekip de destek sa\u011flayarak ve nas\u0131l kulland\u0131\u011f\u0131m ve nas\u0131l geli\u015ftirebilece\u011fim konusunda benimle etkile\u015fim kurarak harika bir i\u015f \u00e7\u0131kard\u0131.\"<\/em> (Anonim)<\/p>\n\n\n\n<p><em>&#8220;<strong>Tam olarak beklendi\u011fi ve reklam\u0131 yap\u0131ld\u0131\u011f\u0131 gibi \u00e7al\u0131\u015f\u0131yor.<\/strong> - Yakla\u015f\u0131k 9 ay \u00f6nce bu uygulama i\u00e7in bir lisans sat\u0131n ald\u0131m, d\u00fcnya \u00e7ap\u0131nda y\u00fczlerce ki\u015fi taraf\u0131ndan kullan\u0131lan \u00e7e\u015fitli raporlara y\u00fckledim ve kullan\u0131c\u0131lardan yaln\u0131zca olumlu geri bildirimler ald\u0131m.\"<\/em> (Small, Roy)<\/p>\n\n\n\n<p><em>&#8220;<strong>Risk matrisi ge\u00e7mi\u015finizi g\u00f6r\u00fcnt\u00fclemek i\u00e7in harika bir ara\u00e7<\/strong> - Risk matrisi kayd\u0131n\u0131 y\u00f6netmek ve profesyonel bir \u015fekilde g\u00f6r\u00fcnt\u00fclemek i\u00e7in en iyi \u00f6zel ara\u00e7lardan biri Bu arac\u0131 tasarlad\u0131m ve y\u00f6netime sundum 1- Harika tasar\u0131m 2- Esneklik 3- Kullan\u0131m\u0131 kolay 4- Bundan yararlanman\u0131z\u0131 tavsiye ederim Asl\u0131nda arad\u0131\u011f\u0131m buydu Te\u015fekk\u00fcrler, Stefan Preusler Te\u015fekk\u00fcrler, LeapLytics GmbH ekibi\"<\/em> (\u0645\u062d\u064a\u064a \u0627\u0644\u062f\u064a\u0646)<\/p>\n\n\n\n<p><em>&#8220;<strong>Kesinlikle buna de\u011fer<\/strong> - Bir risk matrisi ile elde etmek istedi\u011fimiz her \u015feyi bu g\u00f6rselle\u015ftirme ile uygulayabildik. Kesinlikle buna de\u011fdi.\"<\/em> (Anonim)<\/p>\n\n\n\n<p><em>&#8220;<strong>Denet\u00e7iler i\u00e7in harika bir \u00e7\u00f6z\u00fcm!<\/strong> - G\u00f6rsel nesne, denet\u00e7iler i\u00e7in bir risk matrisinin talep ve gereksinimlerini m\u00fckemmel bir \u015fekilde kar\u015f\u0131l\u0131yor\" (David L\u00f3pez Morales)<\/em><\/p>\n\n\n\n<p><em>&#8220;<strong>\u0130yi g\u00f6rsel<\/strong> risk konu\u015fmalar\u0131n\u0131 desteklemek i\u00e7in.\"<\/em> (Elleke Bosworth)<\/p>\n\n\n\n<p><em>&#8220;<strong>Harika bir g\u00f6rsel<\/strong> - Risklerimi g\u00f6rselle\u015ftirmek i\u00e7in \u00e7al\u0131\u015fan bir \u00e7\u00f6z\u00fcm ar\u0131yordum. Bu g\u00f6rsel benim i\u00e7in harika \u00e7al\u0131\u015f\u0131yor ve birka\u00e7 dakika i\u00e7inde kullan\u0131ma haz\u0131r hale geliyor. Etkile\u015fim iyi \u00e7al\u0131\u015f\u0131yor ve \"ger\u00e7ekmi\u015f\" gibi hissettiriyor.\"<\/em> (Anonim)<\/p>\n\n\n\n<p><em>&#8220;<strong>Harika Risk G\u00f6rsel Arac\u0131<\/strong> - Risk \u0131s\u0131 haritas\u0131n\u0131 g\u00f6rselle\u015ftirmek i\u00e7in harika bir ara\u00e7, \u00e7ok etkili ve eri\u015fimi kolay\"<\/em> (Anonim)<\/p>\n\n\n\n<p><em>&#8220;<strong>Risk Y\u00f6netimi i\u00e7in sahip olunmas\u0131 gereken ara\u00e7<\/strong> - Bu ara\u00e7 kullan\u0131c\u0131 dostudur ve risk skorlar\u0131n\u0131 a\u00e7\u0131k, kolay anla\u015f\u0131l\u0131r bir formatta etkili bir \u015fekilde sunmaktad\u0131r.\"<\/em> (Anonim)<\/p>\n\n\n\n<p><em>&#8220;<strong>\u00c7ok yararl\u0131 bir risk y\u00f6netim arac\u0131<\/strong> - Risk Is\u0131 Haritas\u0131n\u0131 risk y\u00f6netimi s\u00fcrecimizde \u00e7ok faydal\u0131 buluyorum. Hem y\u00f6netim kurulu hem de \u015firketin geri kalan\u0131 i\u00e7in riski kolay ve anla\u015f\u0131l\u0131r bir \u015fekilde g\u00f6rselle\u015ftirmeye yard\u0131mc\u0131 oluyor. Ayr\u0131ca kullan\u0131m\u0131 da kolay ve ayarlar\u0131n nas\u0131l \u00e7al\u0131\u015ft\u0131\u011f\u0131n\u0131 \u00e7abucak kavr\u0131yorsunuz.\"<\/em> (Anonim)<\/p>\n\n\n\n<p><em>&#8220;<strong>Harika k\u00fc\u00e7\u00fck eklenti!<\/strong> - LeapLytics \u0131s\u0131 haritas\u0131n\u0131 ge\u00e7ti\u011fimiz y\u0131ldan beri kullan\u0131yoruz. Kullan\u0131m\u0131 kolay, paras\u0131n\u0131n kar\u015f\u0131l\u0131\u011f\u0131n\u0131 veriyor ve g\u00f6rsel risk panomuzda harika g\u00f6r\u00fcn\u00fcyor.\"<\/em> (Anonim)<\/p>\n\n\n\n<p><em>&#8220;<strong>M\u00fckemmel<\/strong> - Es muy buena, vers\u00e1til y pr\u00e1ctica.\"<\/em> (Cynthia Mercedes Anaya Manrique)<\/p>\n\n\n\n<p><em>&#8220;<strong>Harika g\u00f6rsel ve yan\u0131t<\/strong> - Bize ihtiyac\u0131m\u0131z olan g\u00f6rseli sa\u011flad\u0131 ve sorular\u0131m\u0131za verilen yan\u0131tlar h\u0131zl\u0131 ve yard\u0131mc\u0131 oldu.\"<\/em> (Anonim)<\/p>\n\n\n\n<p><em>&#8220;<strong>Kat\u0131 <\/strong>- Sa\u011flam g\u00f6rsel\"<\/em> (Anonim)<\/p>","protected":false},"excerpt":{"rendered":"<p>\"LeapLytics Risk Matrisi \/ Is\u0131 Haritas\u0131 g\u00f6rselini bir y\u0131l\u0131 a\u015fk\u0131n s\u00fcredir Power BI'da kullan\u0131yoruz ve ekibimiz i\u00e7in vazge\u00e7ilmez bir ara\u00e7 haline geldi. Sezgisel tasar\u0131m\u0131 ve \u00f6zelle\u015ftirilebilir \u00f6zellikleri, riskleri etkili bir \u015fekilde g\u00f6rselle\u015ftirmemize ve \u00f6nceliklendirmemize olanak tan\u0131yarak en kritik alanlara odaklanmam\u0131z\u0131 sa\u011flar. Matrisi uyarlama yetene\u011fi ... <\/p>","protected":false},"author":2,"featured_media":0,"parent":0,"menu_order":0,"comment_status":"closed","ping_status":"closed","template":"","meta":{"footnotes":""},"class_list":["post-13717","page","type-page","status-publish","hentry","latest_post"],"_links":{"self":[{"href":"https:\/\/www.leaplytics.de\/tr\/wp-json\/wp\/v2\/pages\/13717","targetHints":{"allow":["GET"]}}],"collection":[{"href":"https:\/\/www.leaplytics.de\/tr\/wp-json\/wp\/v2\/pages"}],"about":[{"href":"https:\/\/www.leaplytics.de\/tr\/wp-json\/wp\/v2\/types\/page"}],"author":[{"embeddable":true,"href":"https:\/\/www.leaplytics.de\/tr\/wp-json\/wp\/v2\/users\/2"}],"replies":[{"embeddable":true,"href":"https:\/\/www.leaplytics.de\/tr\/wp-json\/wp\/v2\/comments?post=13717"}],"version-history":[{"count":5,"href":"https:\/\/www.leaplytics.de\/tr\/wp-json\/wp\/v2\/pages\/13717\/revisions"}],"predecessor-version":[{"id":13725,"href":"https:\/\/www.leaplytics.de\/tr\/wp-json\/wp\/v2\/pages\/13717\/revisions\/13725"}],"wp:attachment":[{"href":"https:\/\/www.leaplytics.de\/tr\/wp-json\/wp\/v2\/media?parent=13717"}],"curies":[{"name":"wp","href":"https:\/\/api.w.org\/{rel}","templated":true}]}}