{"id":13808,"date":"2025-07-14T10:32:30","date_gmt":"2025-07-14T08:32:30","guid":{"rendered":"https:\/\/www.leaplytics.de\/?page_id=13808"},"modified":"2025-07-14T10:32:31","modified_gmt":"2025-07-14T08:32:31","slug":"gantt-leaplytics-power-bi","status":"publish","type":"page","link":"https:\/\/www.leaplytics.de\/tr\/gantt-leaplytics-power-bi\/","title":{"rendered":"Gantt LeapLytics - Power BI"},"content":{"rendered":"<p>\u00c7ok basit. Proje zaman \u00e7izelgelerinizi ve programlar\u0131n\u0131z\u0131 do\u011frudan Power BI i\u00e7inde hayata ge\u00e7irmeniz i\u00e7in sizi g\u00fc\u00e7lendiriyoruz. Leaplytics Gantt Chart g\u00f6rselimiz karma\u015f\u0131k proje verilerini profesyonel, etkile\u015fimli ve kapsaml\u0131 zaman \u00e7izelgesi g\u00f6rselle\u015ftirmelerine d\u00f6n\u00fc\u015ft\u00fcr\u00fcr. Microsoft Project, Primavera P6, Jira, Asana ve Azure DevOps'taki proje programlar\u0131n\u0131 tam olarak ama\u00e7land\u0131\u011f\u0131 gibi g\u00f6r\u00fcnt\u00fcleyin.<\/p>\n<blockquote>\n<p>\"Nihayet Power BI'da ger\u00e7ekten \u00e7al\u0131\u015fan bir Gantt grafi\u011fi! Proje zaman \u00e7izelgelerimizi ba\u011f\u0131ml\u0131l\u0131klar ve ilerleme takibiyle birlikte statik ekran g\u00f6r\u00fcnt\u00fcleri yerine do\u011frudan y\u00f6netici panolar\u0131m\u0131zda g\u00f6r\u00fcnt\u00fcleyebilmek proje sunumlar\u0131m\u0131z\u0131 d\u00f6n\u00fc\u015ft\u00fcrd\u00fc.\"<br \/>- <strong>Johnson M., \u0130\u015f Zekas\u0131 M\u00fcd\u00fcr\u00fc<\/strong> <em>(\u0130n\u015faat Sekt\u00f6r\u00fc)<\/em><\/p>\n<\/blockquote>\n<h2 id=\"what-s-in-it-for-you-\">Sizin i\u00e7in ne var?<\/h2>\n<p>Power BI panolar\u0131n\u0131z i\u00e7in profesyonel proje g\u00f6rselle\u015ftirmesinin kilidini a\u00e7\u0131n:<\/p>\n<p><strong>Projeleri G\u00fczelce G\u00f6rselle\u015ftirin:<\/strong> Microsoft Project, Primavera P6, Jira, Asana ve Azure DevOps'tan al\u0131nan ham proje verilerini profesyonelce olu\u015fturulmu\u015f Gantt grafiklerine d\u00f6n\u00fc\u015ft\u00fcr\u00fcn.<\/p>\n<p><strong>Manuel \u00c7al\u0131\u015fmay\u0131 Ortadan Kald\u0131r\u0131n:<\/strong> Art\u0131k ekran g\u00f6r\u00fcnt\u00fclerini d\u0131\u015fa aktarmaya veya manuel olarak zaman \u00e7izelgesi grafikleri olu\u015fturmaya gerek yok. Mevcut proje verileriniz etkile\u015fimli Gantt grafikleri olarak g\u00f6r\u00fcnt\u00fclenir.<\/p>\n<p><strong>Payda\u015flar\u0131 Etkileyin:<\/strong> Y\u00f6netici toplant\u0131lar\u0131nda ve payda\u015f sunumlar\u0131nda g\u00fcvenilirli\u011fi koruyan profesyonel proje panolar\u0131 sunun.<\/p>\n<p><strong>Zaman kazan\u0131n:<\/strong> Manuel zaman \u00e7izelgesi olu\u015fturmak i\u00e7in saatler harcamay\u0131 b\u0131rak\u0131n. Proje verilerinizi ba\u011flay\u0131n ve g\u00f6rev listelerinin kapsaml\u0131 Gantt g\u00f6rselle\u015ftirmelerine d\u00f6n\u00fc\u015fmesini izleyin.<\/p>\n<blockquote>\n<p>\"Eskiden proje y\u00f6netim ara\u00e7lar\u0131m\u0131zdan zaman \u00e7izelgesi raporlar\u0131 olu\u015fturmak i\u00e7in haftada 12 saat harc\u0131yorduk. Art\u0131k her \u015fey otomatik olarak g\u00fczel interaktif Gantt grafikleri olarak g\u00f6r\u00fcnt\u00fcleniyor. Proje durum raporlar\u0131m\u0131z yeniden profesyonel g\u00f6r\u00fcn\u00fcyor.\"<br \/>- <strong>Rodriguez A., Analitik Direkt\u00f6r\u00fc<\/strong> <em>(Sa\u011fl\u0131k Teknolojisi)<\/em><\/p>\n<\/blockquote>\n<h2 id=\"how-you-can-benefit\">Nas\u0131l Yararlanabilirsiniz<\/h2>\n<p>Leaplytics Gantt Chart g\u00f6rsel raporumuzu benimseyen kullan\u0131c\u0131lar:<\/p>\n<p><strong>Zaman \u00c7izelgesi Kabuslar\u0131 Ortadan Kald\u0131r\u0131ld\u0131:<\/strong> Art\u0131k sunumlarda manuel grafik olu\u015fturma veya statik zaman \u00e7izelgesi ekran g\u00f6r\u00fcnt\u00fcleri yok.<\/p>\n<p><strong>Artan G\u00f6sterge Tablosu Benimsenmesi:<\/strong> Payda\u015flar, ke\u015ffedebilecekleri ve anlayabilecekleri etkile\u015fimli Gantt \u00e7izelgeleriyle daha fazla etkile\u015fim kurar.<\/p>\n<p><strong>Geli\u015ftirilmi\u015f Mesleki G\u00fcvenilirlik:<\/strong> Y\u00f6netici sunumlar\u0131 g\u00f6steri\u015fli g\u00f6r\u00fcn\u00fcr ve bir veri profesyoneli olarak itibar\u0131n\u0131z\u0131 korur.<\/p>\n<p><strong>Birle\u015fik Proje G\u00f6r\u00fcn\u00fcmleri:<\/strong> Birden fazla kurumsal platformdaki proje verilerini tek bir uyumlu, etkile\u015fimli Power BI Gantt grafi\u011finde g\u00f6r\u00fcnt\u00fcleyin.<\/p>\n<h2 id=\"key-features\">Temel \u00d6zellikler<\/h2>\n<p><strong>\u00c7oklu Platform Deste\u011fi:<\/strong> Microsoft Project, Primavera P6, Jira, Asana, Azure DevOps ve t\u00fcm tablo halindeki proje verilerini destekler.<\/p>\n<p><strong>Geli\u015fmi\u015f Zaman \u00c7izelgesi Motoru:<\/strong><\/p>\n<ul>\n<li>Ak\u0131ll\u0131 g\u00f6rev konumland\u0131rma ve tarih \u00f6l\u00e7eklendirme<\/li>\n<li>Karma\u015f\u0131k projeler i\u00e7in ak\u0131ll\u0131 hiyerar\u015fik g\u00f6rev y\u00f6netimi<\/li>\n<\/ul>\n<p><strong>Profesyonel Proje G\u00f6rselle\u015ftirme:<\/strong> <\/p>\n<ul>\n<li>Power BI temalar\u0131na uygun g\u00f6rev \u00e7ubuklar\u0131, ba\u011f\u0131ml\u0131l\u0131klar, kilometre ta\u015flar\u0131 ve ilerleme takibi olu\u015fturur<\/li>\n<li>Yak\u0131nla\u015ft\u0131rma ve kayd\u0131rma \u00f6zelliklerine sahip interaktif zaman \u00e7izelgesi navigasyonu<\/li>\n<\/ul>\n<p><strong>Kurumsal Proje \u00d6zellikleri:<\/strong><\/p>\n<ul>\n<li>\u0130li\u015fki oklar\u0131 ile g\u00f6rev ba\u011f\u0131ml\u0131l\u0131klar\u0131<\/li>\n<li>\u0130lerleme takibi ve tamamlanma durumu<\/li>\n<li>Kaynak atama g\u00f6rselle\u015ftirme<\/li>\n<li>Kritik yol analizi<\/li>\n<\/ul>\n<p><strong>Performans Optimize Edildi:<\/strong> 1000'den fazla g\u00f6rev ve karma\u015f\u0131k ba\u011f\u0131ml\u0131l\u0131k a\u011flar\u0131 i\u00e7eren b\u00fcy\u00fck proje veri k\u00fcmeleri i\u00e7in verimli i\u015fleme.<\/p>\n<p><strong>Sorunsuz Power BI Entegrasyonu:<\/strong> Filtrelere, dilimleyicilere ve \u00e7apraz filtrelemeye sayg\u0131 g\u00f6stererek di\u011fer Power BI g\u00f6rselleri gibi \u00e7al\u0131\u015f\u0131r.<\/p>\n<p><strong>Sezgisel Yap\u0131land\u0131rma:<\/strong> G\u00f6rev alanlar\u0131, tarihler ve g\u00f6rselle\u015ftirme se\u00e7enekleri i\u00e7in a\u00e7\u0131l\u0131r se\u00e7imler i\u00e7eren basit bi\u00e7im paneli.<\/p>\n<p><strong>Kurumsal Haz\u0131r:<\/strong> Geli\u015fmi\u015f proje y\u00f6netimi \u00f6zellikleriyle kurumsal da\u011f\u0131t\u0131m i\u00e7in tasarlanm\u0131\u015f sa\u011flam lisanslama sistemi.<\/p>\n<h2 id=\"your-team-will-thank-you\">Ekibiniz Size Te\u015fekk\u00fcr Edecek<\/h2>\n<p><em>Y\u00f6netici sunumlar\u0131nda statik proje ekran g\u00f6r\u00fcnt\u00fclerinden b\u0131kt\u0131n\u0131z m\u0131?<\/em> Payda\u015flar\u0131n\u0131z\u0131n zaman \u00e7izelgelerini g\u00f6rmesi gerekti\u011finde s\u0131k\u0131c\u0131 tablo raporlar\u0131n\u0131 kullanarak proje durumunu a\u00e7\u0131klamakta hi\u00e7 zorland\u0131n\u0131z m\u0131? Leaplytics Gantt Chart g\u00f6rselimiz bekledi\u011finiz \u00e7\u00f6z\u00fcm\u00fc sunuyor. Proje y\u00f6netimi uzmanlar\u0131 olarak, proje durumunu etkili bir \u015fekilde iletmeye \u00e7al\u0131\u015f\u0131rken her zaman var olmas\u0131n\u0131 diledi\u011fimiz g\u00f6rseldir.<\/p>\n<blockquote>\n<p>\"Azure DevOps sprintlerimizi ve proje ba\u011f\u0131ml\u0131l\u0131klar\u0131m\u0131z\u0131 uygun Gantt g\u00f6rselle\u015ftirmesiyle g\u00f6r\u00fcnt\u00fcleyebilmek, proje durumunu y\u00f6neticilere sunma \u015feklimizde devrim yaratt\u0131. Zaman \u00e7izelgesi etkile\u015fimli ve kurulum inan\u0131lmaz derecede kolayd\u0131.\"<br \/>- <strong>Chen L., Ba\u015f Veri Analisti<\/strong> <em>(Yaz\u0131l\u0131m Geli\u015ftirme)<\/em><\/p>\n<\/blockquote>\n<h2 id=\"letter-from-the-ceo\">CEO'dan Mektup<\/h2>\n<p>Herkese selam.<\/p>\n<p>Ben Stefan, LeapLytics'in CEO'suyum.<\/p>\n<p>Power BI'da proje g\u00f6rselle\u015ftirme y\u0131llard\u0131r s\u00fcregelen bir sorun olmu\u015ftur. Kurulu\u015flar, karma\u015f\u0131k proje programlar\u0131n\u0131 ve ba\u011f\u0131ml\u0131l\u0131klar\u0131n\u0131 y\u00f6netmek i\u00e7in Microsoft Project, Primavera P6, Jira ve Azure DevOps gibi platformlara b\u00fcy\u00fck yat\u0131r\u0131mlar yap\u0131yor. Ancak bu proje verileri Power BI'a girdi\u011finde okunamayan tablolara d\u00f6n\u00fc\u015f\u00fcyor veya manuel grafik olu\u015fturmay\u0131 gerektiriyor.<\/p>\n<p>Sofistike proje y\u00f6netimi ara\u00e7lar\u0131 ile temel Power BI proje raporlamas\u0131 aras\u0131ndaki bu kopukluk, y\u00f6netici sunumlar\u0131nda say\u0131s\u0131z proje y\u00f6neticisini hayal k\u0131r\u0131kl\u0131\u011f\u0131na u\u011fratm\u0131\u015ft\u0131r. G\u00fcvenilirli\u011fi zay\u0131flat\u0131r ve de\u011ferli proje i\u00e7g\u00f6r\u00fclerini g\u00f6sterge tablolar\u0131nda neredeyse g\u00f6r\u00fcnmez hale getirir.<\/p>\n<p>Geleneksel BI g\u00f6rselleri, g\u00f6revlerin ba\u011f\u0131ml\u0131l\u0131klara, ilerleme takibine, kaynak atamalar\u0131na ve zaman \u00e7izelgesi k\u0131s\u0131tlamalar\u0131na sahip oldu\u011fu modern proje y\u00f6netiminin karma\u015f\u0131k ger\u00e7ekli\u011fi i\u00e7in tasarlanmam\u0131\u015ft\u0131r. \u0130\u015fte hayal k\u0131r\u0131kl\u0131\u011f\u0131 burada ba\u015fl\u0131yor.<\/p>\n<p>Power BI i\u00e7in Leaplytics Gantt Chart g\u00f6rselimiz bu temel sorunu \u00e7\u00f6z\u00fcyor. Proje verilerinizin Power BI panolar\u0131n\u0131z da dahil olmak \u00fczere her yerde net ve profesyonel bir \u015fekilde iletilmesi gerekti\u011fine inan\u0131yoruz.<\/p>\n<p>Bu, sofistike proje planlamas\u0131na yapt\u0131\u011f\u0131n\u0131z yat\u0131r\u0131m\u0131 korumak ve payda\u015flar\u0131n\u0131z\u0131n bekledi\u011fi g\u00f6rsel netlikle sunmakla ilgilidir. Bu g\u00f6rseli, kurulumu basit tutarken ger\u00e7ek proje verilerinin karma\u015f\u0131kl\u0131\u011f\u0131n\u0131 idare edecek \u015fekilde tasarlad\u0131k.<\/p>\n<p>Bu, Power BI kullan\u0131c\u0131lar\u0131n\u0131 \u00e7ok uzun s\u00fcredir rahats\u0131z eden proje g\u00f6rselle\u015ftirme kabusunu ortadan kald\u0131rmaya y\u00f6nelik katk\u0131m\u0131zd\u0131r.<\/p>\n<p>Sayg\u0131lar\u0131mla,<br \/><strong>Stefan Preusler<\/strong><br \/>Kurucu Ortak ve CEO, LeapLytics GmbH<\/p>\n<hr>\n<h2 id=\"ready-to-transform-your-project-visualization-\">Proje g\u00f6rselle\u015ftirmenizi d\u00f6n\u00fc\u015ft\u00fcrmeye haz\u0131r m\u0131s\u0131n\u0131z?<\/h2>\n<p><a href=\"https:\/\/www.leaplytics.de\/tr\/\"><strong>Deneme Lisans\u0131 \u0130steyin<\/strong><\/a><\/p>\n<h2 id=\"getting-started\">Ba\u015flarken<\/h2>\n<p>Ehliyetinizi ald\u0131n\u0131z m\u0131 veya daha fazlas\u0131n\u0131 m\u0131 \u00f6\u011frenmek istiyorsunuz?<br \/>Kapsaml\u0131 k\u0131lavuzumuza eri\u015fmek i\u00e7in a\u015fa\u011f\u0131ya t\u0131klay\u0131n:<\/p>\n<p><a href=\"https:\/\/www.leaplytics.de\/tr\/getting-started-gantt-chart-power-bi\/?utm_source=extension&amp;utm_medium=power-bi&amp;utm_campaign=gantt-chart\"><strong>Ba\u015flarken - Power BI i\u00e7in Leaplytics Gantt Chart G\u00f6rseli<\/strong><\/a><\/p>\n<hr>\n<p><em>Proje verilerinizi payda\u015flar\u0131n ger\u00e7ekten anlayabilece\u011fi profesyonel zaman \u00e7izelgesi g\u00f6rselle\u015ftirmelerine d\u00f6n\u00fc\u015ft\u00fcr\u00fcn.<\/em> <\/p>","protected":false},"excerpt":{"rendered":"<p>It&#39;s straightforward. We empower you to bring your project timelines and schedules to life directly within Power BI. Our Leaplytics Gantt Chart visual transforms complex project data into professional, interactive, and comprehensive timeline visualizations. Display project schedules from Microsoft Project, Primavera P6, Jira, Asana, and Azure DevOps exactly as intended. &quot;Finally, a Gantt chart that &hellip; <\/p>","protected":false},"author":2,"featured_media":0,"parent":0,"menu_order":0,"comment_status":"closed","ping_status":"closed","template":"","meta":{"footnotes":""},"class_list":["post-13808","page","type-page","status-publish","hentry","latest_post"],"_links":{"self":[{"href":"https:\/\/www.leaplytics.de\/tr\/wp-json\/wp\/v2\/pages\/13808","targetHints":{"allow":["GET"]}}],"collection":[{"href":"https:\/\/www.leaplytics.de\/tr\/wp-json\/wp\/v2\/pages"}],"about":[{"href":"https:\/\/www.leaplytics.de\/tr\/wp-json\/wp\/v2\/types\/page"}],"author":[{"embeddable":true,"href":"https:\/\/www.leaplytics.de\/tr\/wp-json\/wp\/v2\/users\/2"}],"replies":[{"embeddable":true,"href":"https:\/\/www.leaplytics.de\/tr\/wp-json\/wp\/v2\/comments?post=13808"}],"version-history":[{"count":1,"href":"https:\/\/www.leaplytics.de\/tr\/wp-json\/wp\/v2\/pages\/13808\/revisions"}],"predecessor-version":[{"id":13809,"href":"https:\/\/www.leaplytics.de\/tr\/wp-json\/wp\/v2\/pages\/13808\/revisions\/13809"}],"wp:attachment":[{"href":"https:\/\/www.leaplytics.de\/tr\/wp-json\/wp\/v2\/media?parent=13808"}],"curies":[{"name":"wp","href":"https:\/\/api.w.org\/{rel}","templated":true}]}}